{"id":23999,"date":"2024-03-01T16:47:35","date_gmt":"2024-03-01T15:47:35","guid":{"rendered":"https:\/\/u15jnbdpoq.preview.infomaniak.website\/produit\/100-sacos-kraft-com-janela-120-x-260-mm\/"},"modified":"2026-04-15T02:18:07","modified_gmt":"2026-04-15T00:18:07","slug":"100-sacos-kraft-com-janela-120-x-260-mm","status":"publish","type":"product","link":"https:\/\/www.csj-emballages.com\/pt-pt\/produit\/100-sacos-kraft-com-janela-120-x-260-mm\/","title":{"rendered":"Saco de papel kraft com janela 120 x 260 mm por 100"},"content":{"rendered":"<div style=\"box-sizing: inherit; font-family: Roboto, sans-serif;\">\n<div style=\"box-sizing: inherit; font-family: Roboto, sans-serif;\">\n<div style=\"box-sizing: inherit; font-family: Roboto, sans-serif;\">\n<div style=\"box-sizing: inherit; font-family: Roboto, sans-serif;\">\n<div style=\"box-sizing: inherit; font-family: Roboto, sans-serif;\">\n<div style=\"box-sizing: inherit; font-family: Roboto, sans-serif;\">\n<div style=\"box-sizing: inherit; font-family: Roboto, sans-serif;\">\n<div style=\"box-sizing: inherit; font-family: Roboto, sans-serif;\">\n<div style=\"box-sizing: inherit; font-family: Roboto, sans-serif;\">\n<div style=\"box-sizing: inherit; font-family: Roboto, sans-serif;\">\n<div style=\"box-sizing: inherit; font-family: Roboto, sans-serif;\">\n<div style=\"box-sizing: inherit; font-family: Roboto, sans-serif;\">\n<div style=\"box-sizing: inherit; font-family: Roboto, sans-serif;\">\n<div class=\"flex flex-grow flex-col max-w-full\">\n<div class=\"min-h-[20px] text-message flex flex-col items-start whitespace-pre-wrap break-words [.text-message+&amp;]:mt-5 juice:w-full juice:items-end overflow-x-auto gap-2\" dir=\"auto\" data-message-author-role=\"assistant\" data-message-id=\"2034782e-88f9-44ef-b4dc-07dd7bf0115f\">\n<div class=\"flex w-full flex-col gap-1 juice:empty:hidden juice:first:pt-[3px]\">\n<div class=\"markdown prose w-full break-words dark:prose-invert light\">\n<div style=\"box-sizing: inherit; font-family: Roboto, sans-serif;\">\n<div style=\"box-sizing: inherit; font-family: Roboto, sans-serif;\">\n<div style=\"box-sizing: inherit; font-family: Roboto, sans-serif;\">\n<div style=\"box-sizing: inherit; font-family: Roboto, sans-serif;\">\n<div style=\"box-sizing: inherit; font-family: Roboto, sans-serif;\">\n<div style=\"box-sizing: inherit; font-family: Roboto, sans-serif;\">\n<h2>Saco de papel<\/h2>\n<div style=\"box-sizing: inherit; font-family: Roboto, sans-serif;\">\n<div style=\"box-sizing: inherit; font-family: Roboto, sans-serif;\">\n<div style=\"box-sizing: inherit; font-family: Roboto, sans-serif;\">\n<div style=\"text-align: center;\">\n<div style=\"box-sizing: inherit; font-family: Roboto, sans-serif;\">\n<div style=\"box-sizing: inherit; font-family: Roboto, sans-serif;\">\n<div style=\"box-sizing: inherit; font-family: Roboto, sans-serif;\">\n<div style=\"box-sizing: inherit; font-family: Roboto, sans-serif;\">\n<div style=\"box-sizing: inherit; font-family: Roboto, sans-serif;\">\n<div style=\"box-sizing: inherit; font-family: Roboto, sans-serif; text-align: left;\">\n<hr>\n<h3 style=\"text-align: left;\">Descri\u00e7\u00e3o do nosso saco de papel kraft com janela 120 x 260 mm por 100<\/h3>\n<h3 style=\"text-align: left;\"><!--more--><\/h3>\n<\/div>\n<\/div>\n<\/div>\n<\/div>\n<\/div>\n<\/div>\n<\/div>\n<\/div>\n<\/div>\n<\/div>\n<\/div>\n<\/div>\n<\/div>\n<\/div>\n<\/div>\n<\/div>\n<\/div>\n<\/div>\n<\/div>\n<\/div>\n<\/div>\n<\/div>\n<\/div>\n<\/div>\n<\/div>\n<\/div>\n<\/div>\n<\/div>\n<\/div>\n<\/div>\n<\/div>\n<\/div>\n<\/div>\n<div style=\"box-sizing: inherit; font-family: Roboto, sans-serif;\">\n<div style=\"box-sizing: inherit; font-family: Roboto, sans-serif;\">\n<div style=\"box-sizing: inherit; font-family: Roboto, sans-serif;\">\n<div style=\"box-sizing: inherit; font-family: Roboto, sans-serif;\">\n<div style=\"box-sizing: inherit; font-family: Roboto, sans-serif;\">\n<div style=\"box-sizing: inherit; font-family: Roboto, sans-serif;\">\n<div style=\"box-sizing: inherit; font-family: Roboto, sans-serif;\">\n<div style=\"box-sizing: inherit; font-family: Roboto, sans-serif;\">\n<div style=\"box-sizing: inherit; font-family: Roboto, sans-serif;\">\n<div style=\"box-sizing: inherit; font-family: Roboto, sans-serif;\">\n<div style=\"box-sizing: inherit; font-family: Roboto, sans-serif;\">\n<div style=\"box-sizing: inherit; font-family: Roboto, sans-serif;\">\n<div style=\"box-sizing: inherit; font-family: Roboto, sans-serif;\">\n<div class=\"flex flex-grow flex-col max-w-full\">\n<div class=\"min-h-[20px] text-message flex flex-col items-start whitespace-pre-wrap break-words [.text-message+&amp;]:mt-5 juice:w-full juice:items-end overflow-x-auto gap-2\" dir=\"auto\" data-message-author-role=\"assistant\" data-message-id=\"2034782e-88f9-44ef-b4dc-07dd7bf0115f\">\n<div class=\"flex w-full flex-col gap-1 juice:empty:hidden juice:first:pt-[3px]\">\n<div class=\"markdown prose w-full break-words dark:prose-invert light\">\n<div style=\"box-sizing: inherit; font-family: Roboto, sans-serif;\">\n<div style=\"box-sizing: inherit; font-family: Roboto, sans-serif;\">\n<div style=\"box-sizing: inherit; font-family: Roboto, sans-serif;\">\n<div style=\"box-sizing: inherit; font-family: Roboto, sans-serif;\">\n<div style=\"box-sizing: inherit; font-family: Roboto, sans-serif;\">\n<div style=\"box-sizing: inherit; font-family: Roboto, sans-serif;\">\n<p data-start=\"0\" data-end=\"504\">Descubra o nosso <strong data-start=\"46\" data-end=\"103\">saco de papel kraft com janela 120 x 260 mm por 100<\/strong>, uma embalagem pr\u00e1tica, elegante e <strong data-start=\"149\" data-end=\"169\">100% recicl\u00e1vel<\/strong>. Este <strong data-start=\"183\" data-end=\"218\">saco kraft completo com base r\u00edgida<\/strong> foi concebido para responder \u00e0s necessidades dos profissionais exigentes, respeitando o ambiente. Gra\u00e7as ao seu <strong data-start=\"332\" data-end=\"350\">kraft franc\u00eas<\/strong> proveniente de <strong data-start=\"360\" data-end=\"389\">florestas geridas de forma sustent\u00e1vel<\/strong>, pode oferecer aos seus clientes embalagens eco-respons\u00e1veis que valorizam os seus produtos biol\u00f3gicos ou artesanais.  <\/p>\n<p data-start=\"506\" data-end=\"976\">O seu <strong data-start=\"509\" data-end=\"530\">material natural<\/strong> <strong>de 60 g em<\/strong> <strong data-start=\"542\" data-end=\"564\">kraft castanho com nervuras<\/strong> confere ao saco uma <strong data-start=\"584\" data-end=\"596\">resist\u00eancia<\/strong> not\u00e1vel. A <strong data-start=\"613\" data-end=\"645\">base de cart\u00e3o kraft integrada<\/strong> garante <strong data-start=\"659\" data-end=\"681\">uma estabilidade \u00f3ptima<\/strong>, mantendo os seus produtos alimentares na vertical, quer sejam bolachas, frutos secos, gr\u00e3os de caf\u00e9 ou produtos de confeitaria. Al\u00e9m disso, a <strong data-start=\"833\" data-end=\"857\">janela transparente<\/strong> permite uma <strong data-start=\"868\" data-end=\"891\">vis\u00e3o perfeita<\/strong> dos seus produtos, incentivando os seus clientes a prov\u00e1-los \u00e0 primeira vista.  <\/p>\n<p data-start=\"978\" data-end=\"1333\">Para ir mais longe, este <strong>saco<\/strong> <strong>de papel<\/strong> tem um <strong data-start=\"1024\" data-end=\"1047\">revestimento anti-graxa<\/strong>, tornando-o ideal para produtos ligeiramente oleosos ou gordurosos, sem o risco de manchar. E como <strong data-start=\"1139\" data-end=\"1157\">n\u00e3o cont\u00e9m pl\u00e1stico<\/strong>, faz parte de uma abordagem de <strong data-start=\"1201\" data-end=\"1216\">desperd\u00edcio zero<\/strong>. Assim, pode refor\u00e7ar a imagem <strong data-start=\"1248\" data-end=\"1262\">ecol\u00f3gica<\/strong> da sua marca, oferecendo ao mesmo tempo uma experi\u00eancia agrad\u00e1vel ao utilizador. <\/p>\n<p data-start=\"1335\" data-end=\"1774\">Ao optar por este <strong data-start=\"1353\" data-end=\"1384\">saco kraft eco-respons\u00e1vel<\/strong>, pode combinar <strong data-start=\"1400\" data-end=\"1414\">est\u00e9tica<\/strong>, <strong data-start=\"1416\" data-end=\"1429\">praticidade<\/strong> e <strong data-start=\"1433\" data-end=\"1463\">respeito pelo ambiente<\/strong>. O seu design natural, real\u00e7ado pelo contraste entre o kraft castanho e a janela transparente, confere um toque aut\u00eantico e de qualidade \u00e0s suas vendas de takeaway. Uma escolha perfeita para as <strong data-start=\"1643\" data-end=\"1662\">charcutarias<\/strong>, <strong data-start=\"1664\" data-end=\"1680\">padarias<\/strong>, <strong data-start=\"1682\" data-end=\"1695\">catering<\/strong> ou qualquer empresa que pretenda aliar <strong data-start=\"1731\" data-end=\"1742\">qualidade<\/strong> e <strong data-start=\"1746\" data-end=\"1771\">desenvolvimento sustent\u00e1vel<\/strong>.  <\/p>\n<p><!--more--><\/p>\n<h4 style=\"text-align: left;\">Vantagens :<\/h4>\n<ul style=\"text-align: left;\">\n<li><strong data-start=\"1999\" data-end=\"2019\">100% recicl\u00e1vel<\/strong> e <strong data-start=\"2023\" data-end=\"2041\">sem pl\u00e1stico<\/strong>, amigo do ambiente.<\/li>\n<li><strong data-start=\"2078\" data-end=\"2096\">Kraft franc\u00eas<\/strong> proveniente de florestas <strong data-start=\"2112\" data-end=\"2134\">geridas de forma sustent\u00e1vel.<\/strong><\/li>\n<li><strong data-start=\"2139\" data-end=\"2163\">Janela transparente<\/strong> para expor os produtos.<\/li>\n<li><strong data-start=\"2204\" data-end=\"2219\">Base r\u00edgida<\/strong> para uma excelente estabilidade.<\/li>\n<li><strong data-start=\"2258\" data-end=\"2281\">Verniz anti-graxa<\/strong> ideal para alimentos gordurosos.<\/li>\n<\/ul>\n<\/div>\n<\/div>\n<\/div>\n<\/div>\n<\/div>\n<\/div>\n<\/div>\n<\/div>\n<\/div>\n<\/div>\n<\/div>\n<\/div>\n<p>&nbsp;<\/p>\n<\/div>\n<\/div>\n<\/div>\n<\/div>\n<\/div>\n<\/div>\n<\/div>\n<\/div>\n<\/div>\n<\/div>\n<\/div>\n<p><!--more--><\/p>\n<h4>Outras informa\u00e7\u00f5es :<\/h4>\n<ul style=\"box-sizing: inherit; font-family: Roboto, sans-serif;\">\n<li><strong>Embalagem<\/strong>: Pacote de 100<\/li>\n<li><span style=\"font-weight: bold;\">Dimens\u00f5es<\/span>: 120 x 260 mm<\/li>\n<li><strong>Material<\/strong>: Papel Kraft<\/li>\n<li><strong>Cor<\/strong>: Kraft<\/li>\n<\/ul>\n<p>&nbsp;<\/p>\n<p><!--more--><\/p>\n<p>Este saco tamb\u00e9m est\u00e1 dispon\u00edvel num tamanho mais pequeno: <span style=\"color: #d12727;\"><a style=\"color: #d12727;\" href=\"https:\/\/www.csj-emballages.com\/produit\/100-sachets-kraft-avec-fenetre-100-x-220-mm\/\">100 x 220 mm<\/a><\/span><\/p>\n<p>&nbsp;<\/p>\n<p><!--more--><\/p>\n<p><a href=\"https:\/\/www.csj-emballages.com\/pt-pt\/categorie-produit\/embalagem-de-alimentos\/padaria-e-pastelaria\/sacos-saquetas-e-papel\/sacos-de-confeitaria\/sacos-de-papel\/sacos-de-papel-kraft\/\">Ver o resto da nossa gama de sacos de papel kraft<\/a><\/p>\n","protected":false},"excerpt":{"rendered":"<p>Saco de papel Descri\u00e7\u00e3o do nosso saco de papel kraft com janela 120 x 260 mm por 100<\/p>\n","protected":false},"featured_media":230432,"template":"","meta":{"_acf_changed":false},"product_brand":[],"product_cat":[1141,1177,1655,3605,1482,1267],"product_tag":[],"class_list":{"0":"post-23999","1":"product","2":"type-product","3":"status-publish","4":"has-post-thumbnail","6":"product_cat-embalagem-de-alimentos","7":"product_cat-padaria-e-pastelaria","8":"product_cat-sacos-de-confeitaria","9":"product_cat-sacos-de-papel-kraft","10":"product_cat-loja-e-armazem","11":"product_cat-descontos-promocoes","13":"first","14":"instock","15":"sale","16":"taxable","17":"shipping-taxable","18":"purchasable","19":"product-type-simple"},"acf":[],"yoast_head":"<!-- This site is optimized with the Yoast SEO Premium plugin v26.6 (Yoast SEO v26.6) - https:\/\/yoast.com\/wordpress\/plugins\/seo\/ -->\n<title>Saco de papel kraft com janela 120 x 260 mm por 100<\/title>\n<meta name=\"description\" content=\"Saco de papel kraft com janela 120 \u00d7 260 mm, recicl\u00e1vel e sem pl\u00e1stico. Base r\u00edgida, verniz imperme\u00e1vel a gorduras e kraft franc\u00eas ecol\u00f3gico.\" \/>\n<meta name=\"robots\" content=\"index, follow, max-snippet:-1, max-image-preview:large, max-video-preview:-1\" \/>\n<link rel=\"canonical\" href=\"https:\/\/www.csj-emballages.com\/pt-pt\/produit\/100-sacos-kraft-com-janela-120-x-260-mm\/\" \/>\n<meta property=\"og:locale\" content=\"pt_PT\" \/>\n<meta property=\"og:type\" content=\"article\" \/>\n<meta property=\"og:title\" content=\"Saco de papel kraft com janela 120 x 260 mm por 100\" \/>\n<meta property=\"og:description\" content=\"Saco de papel kraft com janela 120 \u00d7 260 mm, recicl\u00e1vel e sem pl\u00e1stico. Base r\u00edgida, verniz imperme\u00e1vel a gorduras e kraft franc\u00eas ecol\u00f3gico.\" \/>\n<meta property=\"og:url\" content=\"https:\/\/www.csj-emballages.com\/pt-pt\/produit\/100-sacos-kraft-com-janela-120-x-260-mm\/\" \/>\n<meta property=\"og:site_name\" content=\"CSJ Emballages\" \/>\n<meta property=\"article:publisher\" content=\"https:\/\/www.facebook.com\/csjemballages\" \/>\n<meta property=\"article:modified_time\" content=\"2026-04-15T00:18:07+00:00\" \/>\n<meta property=\"og:image\" content=\"https:\/\/www.csj-emballages.com\/wp-content\/uploads\/2024\/03\/TKF34.webp\" \/>\n\t<meta property=\"og:image:width\" content=\"800\" \/>\n\t<meta property=\"og:image:height\" content=\"800\" \/>\n\t<meta property=\"og:image:type\" content=\"image\/webp\" \/>\n<meta name=\"twitter:card\" content=\"summary_large_image\" \/>\n<meta name=\"twitter:label1\" content=\"Tempo estimado de leitura\" \/>\n\t<meta name=\"twitter:data1\" content=\"2 minutos\" \/>\n<script type=\"application\/ld+json\" class=\"yoast-schema-graph\">{\"@context\":\"https:\/\/schema.org\",\"@graph\":[{\"@type\":\"WebPage\",\"@id\":\"https:\/\/www.csj-emballages.com\/pt-pt\/produit\/100-sacos-kraft-com-janela-120-x-260-mm\/\",\"url\":\"https:\/\/www.csj-emballages.com\/pt-pt\/produit\/100-sacos-kraft-com-janela-120-x-260-mm\/\",\"name\":\"Saco de papel kraft com janela 120 x 260 mm por 100\",\"isPartOf\":{\"@id\":\"https:\/\/www.csj-emballages.com\/pt-pt\/#website\"},\"primaryImageOfPage\":{\"@id\":\"https:\/\/www.csj-emballages.com\/pt-pt\/produit\/100-sacos-kraft-com-janela-120-x-260-mm\/#primaryimage\"},\"image\":{\"@id\":\"https:\/\/www.csj-emballages.com\/pt-pt\/produit\/100-sacos-kraft-com-janela-120-x-260-mm\/#primaryimage\"},\"thumbnailUrl\":\"https:\/\/www.csj-emballages.com\/wp-content\/uploads\/2024\/03\/TKF34.webp\",\"datePublished\":\"2024-03-01T15:47:35+00:00\",\"dateModified\":\"2026-04-15T00:18:07+00:00\",\"description\":\"Saco de papel kraft com janela 120 \u00d7 260 mm, recicl\u00e1vel e sem pl\u00e1stico. Base r\u00edgida, verniz imperme\u00e1vel a gorduras e kraft franc\u00eas ecol\u00f3gico.\",\"breadcrumb\":{\"@id\":\"https:\/\/www.csj-emballages.com\/pt-pt\/produit\/100-sacos-kraft-com-janela-120-x-260-mm\/#breadcrumb\"},\"inLanguage\":\"pt-PT\",\"potentialAction\":[{\"@type\":\"ReadAction\",\"target\":[\"https:\/\/www.csj-emballages.com\/pt-pt\/produit\/100-sacos-kraft-com-janela-120-x-260-mm\/\"]}]},{\"@type\":\"ImageObject\",\"inLanguage\":\"pt-PT\",\"@id\":\"https:\/\/www.csj-emballages.com\/pt-pt\/produit\/100-sacos-kraft-com-janela-120-x-260-mm\/#primaryimage\",\"url\":\"https:\/\/www.csj-emballages.com\/wp-content\/uploads\/2024\/03\/TKF34.webp\",\"contentUrl\":\"https:\/\/www.csj-emballages.com\/wp-content\/uploads\/2024\/03\/TKF34.webp\",\"width\":800,\"height\":800,\"caption\":\"sachets kraft\"},{\"@type\":\"BreadcrumbList\",\"@id\":\"https:\/\/www.csj-emballages.com\/pt-pt\/produit\/100-sacos-kraft-com-janela-120-x-260-mm\/#breadcrumb\",\"itemListElement\":[{\"@type\":\"ListItem\",\"position\":1,\"name\":\"Acolhimento\",\"item\":\"https:\/\/www.csj-emballages.com\/pt-pt\/universo-das-embalagens-alimentares\/\"},{\"@type\":\"ListItem\",\"position\":2,\"name\":\"Shop\",\"item\":\"https:\/\/www.csj-emballages.com\/shop\/\"},{\"@type\":\"ListItem\",\"position\":3,\"name\":\"Saco de papel kraft com janela 120 x 260 mm por 100\"}]},{\"@type\":\"WebSite\",\"@id\":\"https:\/\/www.csj-emballages.com\/pt-pt\/#website\",\"url\":\"https:\/\/www.csj-emballages.com\/pt-pt\/\",\"name\":\"CSJ Emballages\",\"description\":\"\",\"publisher\":{\"@id\":\"https:\/\/www.csj-emballages.com\/pt-pt\/#organization\"},\"potentialAction\":[{\"@type\":\"SearchAction\",\"target\":{\"@type\":\"EntryPoint\",\"urlTemplate\":\"https:\/\/www.csj-emballages.com\/pt-pt\/?s={search_term_string}\"},\"query-input\":{\"@type\":\"PropertyValueSpecification\",\"valueRequired\":true,\"valueName\":\"search_term_string\"}}],\"inLanguage\":\"pt-PT\"},{\"@type\":\"Organization\",\"@id\":\"https:\/\/www.csj-emballages.com\/pt-pt\/#Organization\/\",\"name\":\"CSJ Emballages\",\"url\":\"https:\/\/www.csj-emballages.com\/pt-pt\/\",\"logo\":{\"@type\":\"ImageObject\",\"inLanguage\":\"pt-PT\",\"@id\":\"https:\/\/www.csj-emballages.com\/pt-pt\/#\/schema\/logo\/image\/\",\"url\":\"https:\/\/www.csj-emballages.com\/wp-content\/uploads\/2023\/10\/logo_csj.webp\",\"contentUrl\":\"https:\/\/www.csj-emballages.com\/wp-content\/uploads\/2023\/10\/logo_csj.webp\",\"width\":250,\"height\":95,\"caption\":\"CSJ Emballages\"},\"image\":{\"@id\":\"https:\/\/www.csj-emballages.com\/pt-pt\/#\/schema\/logo\/image\/\"},\"sameAs\":[\"https:\/\/www.facebook.com\/csjemballages\"],\"address\":{\"@type\":\"PostalAddress\",\"streetAddress\":\"ZI La Lechere\",\"addressLocality\":\"Patornay\",\"postalCode\":\"39130\",\"addressCountry\":\"FR\"},\"contactPoint\":[{\"@type\":\"ContactPoint\",\"contactType\":\"Service client\",\"telephone\":\"0384254272\",\"email\":\"contact@csj-emballages.com\"}]}]}<\/script>\n<!-- \/ Yoast SEO Premium plugin. -->","yoast_head_json":{"title":"Saco de papel kraft com janela 120 x 260 mm por 100","description":"Saco de papel kraft com janela 120 \u00d7 260 mm, recicl\u00e1vel e sem pl\u00e1stico. Base r\u00edgida, verniz imperme\u00e1vel a gorduras e kraft franc\u00eas ecol\u00f3gico.","robots":{"index":"index","follow":"follow","max-snippet":"max-snippet:-1","max-image-preview":"max-image-preview:large","max-video-preview":"max-video-preview:-1"},"canonical":"https:\/\/www.csj-emballages.com\/pt-pt\/produit\/100-sacos-kraft-com-janela-120-x-260-mm\/","og_locale":"pt_PT","og_type":"article","og_title":"Saco de papel kraft com janela 120 x 260 mm por 100","og_description":"Saco de papel kraft com janela 120 \u00d7 260 mm, recicl\u00e1vel e sem pl\u00e1stico. Base r\u00edgida, verniz imperme\u00e1vel a gorduras e kraft franc\u00eas ecol\u00f3gico.","og_url":"https:\/\/www.csj-emballages.com\/pt-pt\/produit\/100-sacos-kraft-com-janela-120-x-260-mm\/","og_site_name":"CSJ Emballages","article_publisher":"https:\/\/www.facebook.com\/csjemballages","article_modified_time":"2026-04-15T00:18:07+00:00","og_image":[{"width":800,"height":800,"url":"https:\/\/www.csj-emballages.com\/wp-content\/uploads\/2024\/03\/TKF34.webp","type":"image\/webp"}],"twitter_card":"summary_large_image","twitter_misc":{"Tempo estimado de leitura":"2 minutos"},"schema":{"@context":"https:\/\/schema.org","@graph":[{"@type":"WebPage","@id":"https:\/\/www.csj-emballages.com\/pt-pt\/produit\/100-sacos-kraft-com-janela-120-x-260-mm\/","url":"https:\/\/www.csj-emballages.com\/pt-pt\/produit\/100-sacos-kraft-com-janela-120-x-260-mm\/","name":"Saco de papel kraft com janela 120 x 260 mm por 100","isPartOf":{"@id":"https:\/\/www.csj-emballages.com\/pt-pt\/#website"},"primaryImageOfPage":{"@id":"https:\/\/www.csj-emballages.com\/pt-pt\/produit\/100-sacos-kraft-com-janela-120-x-260-mm\/#primaryimage"},"image":{"@id":"https:\/\/www.csj-emballages.com\/pt-pt\/produit\/100-sacos-kraft-com-janela-120-x-260-mm\/#primaryimage"},"thumbnailUrl":"https:\/\/www.csj-emballages.com\/wp-content\/uploads\/2024\/03\/TKF34.webp","datePublished":"2024-03-01T15:47:35+00:00","dateModified":"2026-04-15T00:18:07+00:00","description":"Saco de papel kraft com janela 120 \u00d7 260 mm, recicl\u00e1vel e sem pl\u00e1stico. Base r\u00edgida, verniz imperme\u00e1vel a gorduras e kraft franc\u00eas ecol\u00f3gico.","breadcrumb":{"@id":"https:\/\/www.csj-emballages.com\/pt-pt\/produit\/100-sacos-kraft-com-janela-120-x-260-mm\/#breadcrumb"},"inLanguage":"pt-PT","potentialAction":[{"@type":"ReadAction","target":["https:\/\/www.csj-emballages.com\/pt-pt\/produit\/100-sacos-kraft-com-janela-120-x-260-mm\/"]}]},{"@type":"ImageObject","inLanguage":"pt-PT","@id":"https:\/\/www.csj-emballages.com\/pt-pt\/produit\/100-sacos-kraft-com-janela-120-x-260-mm\/#primaryimage","url":"https:\/\/www.csj-emballages.com\/wp-content\/uploads\/2024\/03\/TKF34.webp","contentUrl":"https:\/\/www.csj-emballages.com\/wp-content\/uploads\/2024\/03\/TKF34.webp","width":800,"height":800,"caption":"sachets kraft"},{"@type":"BreadcrumbList","@id":"https:\/\/www.csj-emballages.com\/pt-pt\/produit\/100-sacos-kraft-com-janela-120-x-260-mm\/#breadcrumb","itemListElement":[{"@type":"ListItem","position":1,"name":"Acolhimento","item":"https:\/\/www.csj-emballages.com\/pt-pt\/universo-das-embalagens-alimentares\/"},{"@type":"ListItem","position":2,"name":"Shop","item":"https:\/\/www.csj-emballages.com\/shop\/"},{"@type":"ListItem","position":3,"name":"Saco de papel kraft com janela 120 x 260 mm por 100"}]},{"@type":"WebSite","@id":"https:\/\/www.csj-emballages.com\/pt-pt\/#website","url":"https:\/\/www.csj-emballages.com\/pt-pt\/","name":"CSJ Emballages","description":"","publisher":{"@id":"https:\/\/www.csj-emballages.com\/pt-pt\/#organization"},"potentialAction":[{"@type":"SearchAction","target":{"@type":"EntryPoint","urlTemplate":"https:\/\/www.csj-emballages.com\/pt-pt\/?s={search_term_string}"},"query-input":{"@type":"PropertyValueSpecification","valueRequired":true,"valueName":"search_term_string"}}],"inLanguage":"pt-PT"},{"@type":"Organization","@id":"https:\/\/www.csj-emballages.com\/pt-pt\/#Organization\/","name":"CSJ Emballages","url":"https:\/\/www.csj-emballages.com\/pt-pt\/","logo":{"@type":"ImageObject","inLanguage":"pt-PT","@id":"https:\/\/www.csj-emballages.com\/pt-pt\/#\/schema\/logo\/image\/","url":"https:\/\/www.csj-emballages.com\/wp-content\/uploads\/2023\/10\/logo_csj.webp","contentUrl":"https:\/\/www.csj-emballages.com\/wp-content\/uploads\/2023\/10\/logo_csj.webp","width":250,"height":95,"caption":"CSJ Emballages"},"image":{"@id":"https:\/\/www.csj-emballages.com\/pt-pt\/#\/schema\/logo\/image\/"},"sameAs":["https:\/\/www.facebook.com\/csjemballages"],"address":{"@type":"PostalAddress","streetAddress":"ZI La Lechere","addressLocality":"Patornay","postalCode":"39130","addressCountry":"FR"},"contactPoint":[{"@type":"ContactPoint","contactType":"Service client","telephone":"0384254272","email":"contact@csj-emballages.com"}]}]}},"df_price":18.07,"df_sale_price":18.07,"df_regular_price":25.81,"df_image_link":"https:\/\/www.csj-emballages.com\/wp-content\/uploads\/2024\/03\/TKF34-300x300.webp","tiered_pricing_type":"fixed","tiered_pricing_fixed_rules":[],"tiered_pricing_percentage_rules":[],"tiered_pricing_minimum":1,"tiered_pricing_roles_data":[],"_links":{"self":[{"href":"https:\/\/www.csj-emballages.com\/pt-pt\/wp-json\/wp\/v2\/product\/23999","targetHints":{"allow":["GET"]}}],"collection":[{"href":"https:\/\/www.csj-emballages.com\/pt-pt\/wp-json\/wp\/v2\/product"}],"about":[{"href":"https:\/\/www.csj-emballages.com\/pt-pt\/wp-json\/wp\/v2\/types\/product"}],"wp:featuredmedia":[{"embeddable":true,"href":"https:\/\/www.csj-emballages.com\/pt-pt\/wp-json\/wp\/v2\/media\/230432"}],"wp:attachment":[{"href":"https:\/\/www.csj-emballages.com\/pt-pt\/wp-json\/wp\/v2\/media?parent=23999"}],"wp:term":[{"taxonomy":"product_brand","embeddable":true,"href":"https:\/\/www.csj-emballages.com\/pt-pt\/wp-json\/wp\/v2\/product_brand?post=23999"},{"taxonomy":"product_cat","embeddable":true,"href":"https:\/\/www.csj-emballages.com\/pt-pt\/wp-json\/wp\/v2\/product_cat?post=23999"},{"taxonomy":"product_tag","embeddable":true,"href":"https:\/\/www.csj-emballages.com\/pt-pt\/wp-json\/wp\/v2\/product_tag?post=23999"}],"curies":[{"name":"wp","href":"https:\/\/api.w.org\/{rel}","templated":true}]}}