{"id":23979,"date":"2024-03-01T16:47:34","date_gmt":"2024-03-01T15:47:34","guid":{"rendered":"https:\/\/u15jnbdpoq.preview.infomaniak.website\/produit\/100-moldes-tourtiere-descartaveis-de-aluminio-de-195-mm\/"},"modified":"2026-04-20T15:01:20","modified_gmt":"2026-04-20T13:01:20","slug":"100-moldes-tourtiere-descartaveis-de-aluminio-de-195-mm","status":"publish","type":"product","link":"https:\/\/www.csj-emballages.com\/pt-pt\/produit\/100-moldes-tourtiere-descartaveis-de-aluminio-de-195-mm\/","title":{"rendered":"Forma de alum\u00ednio para bolos de 195 mm por 100"},"content":{"rendered":"<h2>Molde Tourti\u00e8re<\/h2>\n<hr>\n<h3>Descri\u00e7\u00e3o do nosso molde tourti\u00e8re de alum\u00ednio 195 mm x 100<\/h3>\n<p><!--more--><\/p>\n<p data-start=\"62\" data-end=\"516\">Este <strong>molde tourti\u00e8re<\/strong> <strong>em alum\u00ednio de 195 mm<\/strong> \u00e9 indispens\u00e1vel para padarias, catering, restaurantes e at\u00e9 mesmo para os entusiastas da pastelaria individual. Concebida para cozer e apresentar as suas tartes, tartes e quiches, combina praticidade e desempenho. Al\u00e9m disso, o seu material em alum\u00ednio garante uma cozedura uniforme, distribuindo o calor de forma homog\u00e9nea para prepara\u00e7\u00f5es estaladi\u00e7as e douradas.  <\/p>\n<p data-start=\"518\" data-end=\"846\">Este <strong>molde de tourti\u00e8re<\/strong> de utiliza\u00e7\u00e3o \u00fanica facilita o servi\u00e7o, tornando-o ideal para takeaways e estabelecimentos de fast food. Leve e resistente, pode ser cozida no forno ou guardada num local fresco, garantindo que os seus alimentos se mant\u00eam frescos. <\/p>\n<p><!--more--><\/p>\n<p><strong>As suas vantagens:<\/strong><\/p>\n<ul>\n<li data-start=\"1039\" data-end=\"1116\"><strong data-start=\"1041\" data-end=\"1061\">Cozedura uniforme<\/strong>: o alum\u00ednio distribui o calor uniformemente.<\/li>\n<li data-start=\"1117\" data-end=\"1189\"><strong data-start=\"1119\" data-end=\"1142\">Pr\u00e1tico e descart\u00e1vel<\/strong>: poupa tempo e \u00e9 f\u00e1cil de utilizar.<\/li>\n<li data-start=\"1190\" data-end=\"1263\"><strong data-start=\"1192\" data-end=\"1206\">Vers\u00e1til<\/strong>: Este molde para tourti\u00e8re \u00e9 ideal para tartes, quiches e outros produtos de pastelaria.<\/li>\n<li data-start=\"1264\" data-end=\"1360\" data-is-last-node=\"\"><strong data-start=\"1266\" data-end=\"1305\">Vers\u00e1til<\/strong>: Perfeito para takeaway e catering.<\/li>\n<\/ul>\n<p>&nbsp;<\/p>\n<p><!--more--><\/p>\n<h4>Outras informa\u00e7\u00f5es :<\/h4>\n<ul>\n<li><strong>Embalagem<\/strong>: Pacote de 100<\/li>\n<li><strong>Di\u00e2metro interior<\/strong>: \u00d8180 mm<\/li>\n<li><strong>Dimens\u00f5es exteriores<\/strong>: \u00d8195 mm<\/li>\n<li><strong>Altura<\/strong>: 25 mm<\/li>\n<li><strong>Volume<\/strong>: 582 ml<\/li>\n<li><strong>Material<\/strong>: Alum\u00ednio<\/li>\n<li><b>Temperatura de funcionamento <\/b>: -40\u00b0C \/ +350\u00b0C<\/li>\n<\/ul>\n<p>&nbsp;<\/p>\n<p><!--more--><\/p>\n<p>Este produto est\u00e1 dispon\u00edvel em diferentes tamanhos:  <span style=\"color: #d12727;\"><a style=\"color: #d12727;\" href=\"https:\/\/www.csj-emballages.com\/es\/produit\/100-moldes-tourtiere-desechables-de-aluminio-109-mm\/\">109 mm<\/a><\/span> \/ <span style=\"color: #d12727;\"><a style=\"color: #d12727;\" href=\"https:\/\/www.csj-emballages.com\/es\/produit\/100-moldes-tourtiere-desechables-de-aluminio-138-mm\/\">138 mm<\/a><\/span> \/ <span style=\"color: #d12727;\"><a style=\"color: #d12727;\" href=\"https:\/\/www.csj-emballages.com\/produit\/100-moules-a-tourtieres-jetables-aluminium-170-mm\/\">174 mm<\/a><\/span> \/ <span style=\"color: #d12727;\"><a style=\"color: #d12727;\" href=\"https:\/\/www.csj-emballages.com\/produit\/400-moule-aluminium-a-tourtiere-jetables-200-mm\/\">200 mm<\/a><\/span> \/ <span style=\"color: #d12727;\"><a style=\"color: #d12727;\" href=\"https:\/\/www.csj-emballages.com\/produit\/100-moules-a-tourtieres-jetables-aluminium-214-mm\/\">214 mm<\/a><\/span> \/ <span style=\"color: #d12727;\"><a style=\"color: #d12727;\" href=\"https:\/\/www.csj-emballages.com\/produit\/100-moules-a-tourtieres-jetables-aluminium-230-mm\/\">230 mm<\/a><\/span> \/       <span style=\"color: #d12727;\"><a style=\"color: #d12727;\" href=\"https:\/\/www.csj-emballages.com\/produit\/100-moules-a-tourtieres-jetables-aluminium-247-mm\/\">247 mm<\/a><\/span> \/  <span style=\"color: #d12727;\"><a style=\"color: #d12727;\" href=\"https:\/\/www.csj-emballages.com\/produit\/100-moules-a-tourtieres-jetables-aluminium-270-mm\/\">270 mm<\/a><\/span> \/  <span style=\"color: #d12727;\"><a style=\"color: #d12727;\" href=\"https:\/\/www.csj-emballages.com\/produit\/200-moules-a-tourtieres-jetables-aluminium-327-mm\/\">327 mm<\/a><\/span><\/p>\n<p>&nbsp;<\/p>\n<p><!--more--><\/p>\n<p><a href=\"https:\/\/www.csj-emballages.com\/pt-pt\/categorie-produit\/embalagem-de-alimentos\/talho-e-charcutaria\/tabuleiros-latas-e-frascos\/tabuleiros-de-aluminio-pratos-formas-tabuleiros-de-refeicao-copos-ramequins-empadas-de-carne\/moldes-tourtiere\/\">Ver o resto da nossa gama de moldes tourti\u00e8re<\/a><\/p>\n<p>&nbsp;<\/p>\n","protected":false},"excerpt":{"rendered":"<p>Molde Tourti\u00e8re Descri\u00e7\u00e3o do nosso molde tourti\u00e8re de alum\u00ednio 195 mm x 100<\/p>\n","protected":false},"featured_media":228128,"template":"","meta":{"_acf_changed":false},"product_brand":[],"product_cat":[1141,1176,2001,3598],"product_tag":[],"class_list":{"0":"post-23979","1":"product","2":"type-product","3":"status-publish","4":"has-post-thumbnail","6":"product_cat-embalagem-de-alimentos","7":"product_cat-talho-e-charcutaria","8":"product_cat-tabuleiros-de-aluminio-pratos-formas-tabuleiros-de-refeicao-copos-ramequins-empadas-de-carne","9":"product_cat-moldes-tourtiere","11":"first","12":"instock","13":"taxable","14":"shipping-taxable","15":"purchasable","16":"product-type-simple"},"acf":[],"yoast_head":"<!-- This site is optimized with the Yoast SEO Premium plugin v26.6 (Yoast SEO v26.6) - https:\/\/yoast.com\/wordpress\/plugins\/seo\/ -->\n<title>Molde Tourti\u00e8re em alum\u00ednio 195 mm por 100<\/title>\n<meta name=\"description\" content=\"Molde de alum\u00ednio para tourti\u00e8re 195 mm x 100 - ideal para uma cozedura uniforme e uma apresenta\u00e7\u00e3o cuidada das suas tartes, quiches e tartes.\" \/>\n<meta name=\"robots\" content=\"index, follow, max-snippet:-1, max-image-preview:large, max-video-preview:-1\" \/>\n<link rel=\"canonical\" href=\"https:\/\/www.csj-emballages.com\/pt-pt\/produit\/100-moldes-tourtiere-descartaveis-de-aluminio-de-195-mm\/\" \/>\n<meta property=\"og:locale\" content=\"pt_PT\" \/>\n<meta property=\"og:type\" content=\"article\" \/>\n<meta property=\"og:title\" content=\"Forma de alum\u00ednio para bolos de 195 mm por 100\" \/>\n<meta property=\"og:description\" content=\"Molde de alum\u00ednio para tourti\u00e8re 195 mm x 100 - ideal para uma cozedura uniforme e uma apresenta\u00e7\u00e3o cuidada das suas tartes, quiches e tartes.\" \/>\n<meta property=\"og:url\" content=\"https:\/\/www.csj-emballages.com\/pt-pt\/produit\/100-moldes-tourtiere-descartaveis-de-aluminio-de-195-mm\/\" \/>\n<meta property=\"og:site_name\" content=\"CSJ Emballages\" \/>\n<meta property=\"article:publisher\" content=\"https:\/\/www.facebook.com\/csjemballages\" \/>\n<meta property=\"article:modified_time\" content=\"2026-04-20T13:01:20+00:00\" \/>\n<meta property=\"og:image\" content=\"https:\/\/www.csj-emballages.com\/wp-content\/uploads\/2024\/03\/TO-195.webp\" \/>\n\t<meta property=\"og:image:width\" content=\"800\" \/>\n\t<meta property=\"og:image:height\" content=\"800\" \/>\n\t<meta property=\"og:image:type\" content=\"image\/webp\" \/>\n<meta name=\"twitter:card\" content=\"summary_large_image\" \/>\n<meta name=\"twitter:label1\" content=\"Tempo estimado de leitura\" \/>\n\t<meta name=\"twitter:data1\" content=\"1 minuto\" \/>\n<script type=\"application\/ld+json\" class=\"yoast-schema-graph\">{\"@context\":\"https:\/\/schema.org\",\"@graph\":[{\"@type\":\"WebPage\",\"@id\":\"https:\/\/www.csj-emballages.com\/pt-pt\/produit\/100-moldes-tourtiere-descartaveis-de-aluminio-de-195-mm\/\",\"url\":\"https:\/\/www.csj-emballages.com\/pt-pt\/produit\/100-moldes-tourtiere-descartaveis-de-aluminio-de-195-mm\/\",\"name\":\"Molde Tourti\u00e8re em alum\u00ednio 195 mm por 100\",\"isPartOf\":{\"@id\":\"https:\/\/www.csj-emballages.com\/pt-pt\/#website\"},\"primaryImageOfPage\":{\"@id\":\"https:\/\/www.csj-emballages.com\/pt-pt\/produit\/100-moldes-tourtiere-descartaveis-de-aluminio-de-195-mm\/#primaryimage\"},\"image\":{\"@id\":\"https:\/\/www.csj-emballages.com\/pt-pt\/produit\/100-moldes-tourtiere-descartaveis-de-aluminio-de-195-mm\/#primaryimage\"},\"thumbnailUrl\":\"https:\/\/www.csj-emballages.com\/wp-content\/uploads\/2024\/03\/TO-195.webp\",\"datePublished\":\"2024-03-01T15:47:34+00:00\",\"dateModified\":\"2026-04-20T13:01:20+00:00\",\"description\":\"Molde de alum\u00ednio para tourti\u00e8re 195 mm x 100 - ideal para uma cozedura uniforme e uma apresenta\u00e7\u00e3o cuidada das suas tartes, quiches e tartes.\",\"breadcrumb\":{\"@id\":\"https:\/\/www.csj-emballages.com\/pt-pt\/produit\/100-moldes-tourtiere-descartaveis-de-aluminio-de-195-mm\/#breadcrumb\"},\"inLanguage\":\"pt-PT\",\"potentialAction\":[{\"@type\":\"ReadAction\",\"target\":[\"https:\/\/www.csj-emballages.com\/pt-pt\/produit\/100-moldes-tourtiere-descartaveis-de-aluminio-de-195-mm\/\"]}]},{\"@type\":\"ImageObject\",\"inLanguage\":\"pt-PT\",\"@id\":\"https:\/\/www.csj-emballages.com\/pt-pt\/produit\/100-moldes-tourtiere-descartaveis-de-aluminio-de-195-mm\/#primaryimage\",\"url\":\"https:\/\/www.csj-emballages.com\/wp-content\/uploads\/2024\/03\/TO-195.webp\",\"contentUrl\":\"https:\/\/www.csj-emballages.com\/wp-content\/uploads\/2024\/03\/TO-195.webp\",\"width\":800,\"height\":800,\"caption\":\"Moule \u00e0 tourti\u00e8re\"},{\"@type\":\"BreadcrumbList\",\"@id\":\"https:\/\/www.csj-emballages.com\/pt-pt\/produit\/100-moldes-tourtiere-descartaveis-de-aluminio-de-195-mm\/#breadcrumb\",\"itemListElement\":[{\"@type\":\"ListItem\",\"position\":1,\"name\":\"Acolhimento\",\"item\":\"https:\/\/www.csj-emballages.com\/pt-pt\/universo-das-embalagens-alimentares\/\"},{\"@type\":\"ListItem\",\"position\":2,\"name\":\"Shop\",\"item\":\"https:\/\/www.csj-emballages.com\/shop\/\"},{\"@type\":\"ListItem\",\"position\":3,\"name\":\"Forma de alum\u00ednio para bolos de 195 mm por 100\"}]},{\"@type\":\"WebSite\",\"@id\":\"https:\/\/www.csj-emballages.com\/pt-pt\/#website\",\"url\":\"https:\/\/www.csj-emballages.com\/pt-pt\/\",\"name\":\"CSJ Emballages\",\"description\":\"\",\"publisher\":{\"@id\":\"https:\/\/www.csj-emballages.com\/pt-pt\/#organization\"},\"potentialAction\":[{\"@type\":\"SearchAction\",\"target\":{\"@type\":\"EntryPoint\",\"urlTemplate\":\"https:\/\/www.csj-emballages.com\/pt-pt\/?s={search_term_string}\"},\"query-input\":{\"@type\":\"PropertyValueSpecification\",\"valueRequired\":true,\"valueName\":\"search_term_string\"}}],\"inLanguage\":\"pt-PT\"},{\"@type\":\"Organization\",\"@id\":\"https:\/\/www.csj-emballages.com\/pt-pt\/#Organization\/\",\"name\":\"CSJ Emballages\",\"url\":\"https:\/\/www.csj-emballages.com\/pt-pt\/\",\"logo\":{\"@type\":\"ImageObject\",\"inLanguage\":\"pt-PT\",\"@id\":\"https:\/\/www.csj-emballages.com\/pt-pt\/#\/schema\/logo\/image\/\",\"url\":\"https:\/\/www.csj-emballages.com\/wp-content\/uploads\/2023\/10\/logo_csj.webp\",\"contentUrl\":\"https:\/\/www.csj-emballages.com\/wp-content\/uploads\/2023\/10\/logo_csj.webp\",\"width\":250,\"height\":95,\"caption\":\"CSJ Emballages\"},\"image\":{\"@id\":\"https:\/\/www.csj-emballages.com\/pt-pt\/#\/schema\/logo\/image\/\"},\"sameAs\":[\"https:\/\/www.facebook.com\/csjemballages\"],\"address\":{\"@type\":\"PostalAddress\",\"streetAddress\":\"ZI La Lechere\",\"addressLocality\":\"Patornay\",\"postalCode\":\"39130\",\"addressCountry\":\"FR\"},\"contactPoint\":[{\"@type\":\"ContactPoint\",\"contactType\":\"Service client\",\"telephone\":\"0384254272\",\"email\":\"contact@csj-emballages.com\"}]}]}<\/script>\n<!-- \/ Yoast SEO Premium plugin. -->","yoast_head_json":{"title":"Molde Tourti\u00e8re em alum\u00ednio 195 mm por 100","description":"Molde de alum\u00ednio para tourti\u00e8re 195 mm x 100 - ideal para uma cozedura uniforme e uma apresenta\u00e7\u00e3o cuidada das suas tartes, quiches e tartes.","robots":{"index":"index","follow":"follow","max-snippet":"max-snippet:-1","max-image-preview":"max-image-preview:large","max-video-preview":"max-video-preview:-1"},"canonical":"https:\/\/www.csj-emballages.com\/pt-pt\/produit\/100-moldes-tourtiere-descartaveis-de-aluminio-de-195-mm\/","og_locale":"pt_PT","og_type":"article","og_title":"Forma de alum\u00ednio para bolos de 195 mm por 100","og_description":"Molde de alum\u00ednio para tourti\u00e8re 195 mm x 100 - ideal para uma cozedura uniforme e uma apresenta\u00e7\u00e3o cuidada das suas tartes, quiches e tartes.","og_url":"https:\/\/www.csj-emballages.com\/pt-pt\/produit\/100-moldes-tourtiere-descartaveis-de-aluminio-de-195-mm\/","og_site_name":"CSJ Emballages","article_publisher":"https:\/\/www.facebook.com\/csjemballages","article_modified_time":"2026-04-20T13:01:20+00:00","og_image":[{"width":800,"height":800,"url":"https:\/\/www.csj-emballages.com\/wp-content\/uploads\/2024\/03\/TO-195.webp","type":"image\/webp"}],"twitter_card":"summary_large_image","twitter_misc":{"Tempo estimado de leitura":"1 minuto"},"schema":{"@context":"https:\/\/schema.org","@graph":[{"@type":"WebPage","@id":"https:\/\/www.csj-emballages.com\/pt-pt\/produit\/100-moldes-tourtiere-descartaveis-de-aluminio-de-195-mm\/","url":"https:\/\/www.csj-emballages.com\/pt-pt\/produit\/100-moldes-tourtiere-descartaveis-de-aluminio-de-195-mm\/","name":"Molde Tourti\u00e8re em alum\u00ednio 195 mm por 100","isPartOf":{"@id":"https:\/\/www.csj-emballages.com\/pt-pt\/#website"},"primaryImageOfPage":{"@id":"https:\/\/www.csj-emballages.com\/pt-pt\/produit\/100-moldes-tourtiere-descartaveis-de-aluminio-de-195-mm\/#primaryimage"},"image":{"@id":"https:\/\/www.csj-emballages.com\/pt-pt\/produit\/100-moldes-tourtiere-descartaveis-de-aluminio-de-195-mm\/#primaryimage"},"thumbnailUrl":"https:\/\/www.csj-emballages.com\/wp-content\/uploads\/2024\/03\/TO-195.webp","datePublished":"2024-03-01T15:47:34+00:00","dateModified":"2026-04-20T13:01:20+00:00","description":"Molde de alum\u00ednio para tourti\u00e8re 195 mm x 100 - ideal para uma cozedura uniforme e uma apresenta\u00e7\u00e3o cuidada das suas tartes, quiches e tartes.","breadcrumb":{"@id":"https:\/\/www.csj-emballages.com\/pt-pt\/produit\/100-moldes-tourtiere-descartaveis-de-aluminio-de-195-mm\/#breadcrumb"},"inLanguage":"pt-PT","potentialAction":[{"@type":"ReadAction","target":["https:\/\/www.csj-emballages.com\/pt-pt\/produit\/100-moldes-tourtiere-descartaveis-de-aluminio-de-195-mm\/"]}]},{"@type":"ImageObject","inLanguage":"pt-PT","@id":"https:\/\/www.csj-emballages.com\/pt-pt\/produit\/100-moldes-tourtiere-descartaveis-de-aluminio-de-195-mm\/#primaryimage","url":"https:\/\/www.csj-emballages.com\/wp-content\/uploads\/2024\/03\/TO-195.webp","contentUrl":"https:\/\/www.csj-emballages.com\/wp-content\/uploads\/2024\/03\/TO-195.webp","width":800,"height":800,"caption":"Moule \u00e0 tourti\u00e8re"},{"@type":"BreadcrumbList","@id":"https:\/\/www.csj-emballages.com\/pt-pt\/produit\/100-moldes-tourtiere-descartaveis-de-aluminio-de-195-mm\/#breadcrumb","itemListElement":[{"@type":"ListItem","position":1,"name":"Acolhimento","item":"https:\/\/www.csj-emballages.com\/pt-pt\/universo-das-embalagens-alimentares\/"},{"@type":"ListItem","position":2,"name":"Shop","item":"https:\/\/www.csj-emballages.com\/shop\/"},{"@type":"ListItem","position":3,"name":"Forma de alum\u00ednio para bolos de 195 mm por 100"}]},{"@type":"WebSite","@id":"https:\/\/www.csj-emballages.com\/pt-pt\/#website","url":"https:\/\/www.csj-emballages.com\/pt-pt\/","name":"CSJ Emballages","description":"","publisher":{"@id":"https:\/\/www.csj-emballages.com\/pt-pt\/#organization"},"potentialAction":[{"@type":"SearchAction","target":{"@type":"EntryPoint","urlTemplate":"https:\/\/www.csj-emballages.com\/pt-pt\/?s={search_term_string}"},"query-input":{"@type":"PropertyValueSpecification","valueRequired":true,"valueName":"search_term_string"}}],"inLanguage":"pt-PT"},{"@type":"Organization","@id":"https:\/\/www.csj-emballages.com\/pt-pt\/#Organization\/","name":"CSJ Emballages","url":"https:\/\/www.csj-emballages.com\/pt-pt\/","logo":{"@type":"ImageObject","inLanguage":"pt-PT","@id":"https:\/\/www.csj-emballages.com\/pt-pt\/#\/schema\/logo\/image\/","url":"https:\/\/www.csj-emballages.com\/wp-content\/uploads\/2023\/10\/logo_csj.webp","contentUrl":"https:\/\/www.csj-emballages.com\/wp-content\/uploads\/2023\/10\/logo_csj.webp","width":250,"height":95,"caption":"CSJ Emballages"},"image":{"@id":"https:\/\/www.csj-emballages.com\/pt-pt\/#\/schema\/logo\/image\/"},"sameAs":["https:\/\/www.facebook.com\/csjemballages"],"address":{"@type":"PostalAddress","streetAddress":"ZI La Lechere","addressLocality":"Patornay","postalCode":"39130","addressCountry":"FR"},"contactPoint":[{"@type":"ContactPoint","contactType":"Service client","telephone":"0384254272","email":"contact@csj-emballages.com"}]}]}},"df_price":15.18,"df_sale_price":"","df_regular_price":15.18,"df_image_link":"https:\/\/www.csj-emballages.com\/wp-content\/uploads\/2024\/03\/TO-195-300x300.webp","tiered_pricing_type":"fixed","tiered_pricing_fixed_rules":[],"tiered_pricing_percentage_rules":[],"tiered_pricing_minimum":1,"tiered_pricing_roles_data":[],"_links":{"self":[{"href":"https:\/\/www.csj-emballages.com\/pt-pt\/wp-json\/wp\/v2\/product\/23979","targetHints":{"allow":["GET"]}}],"collection":[{"href":"https:\/\/www.csj-emballages.com\/pt-pt\/wp-json\/wp\/v2\/product"}],"about":[{"href":"https:\/\/www.csj-emballages.com\/pt-pt\/wp-json\/wp\/v2\/types\/product"}],"wp:featuredmedia":[{"embeddable":true,"href":"https:\/\/www.csj-emballages.com\/pt-pt\/wp-json\/wp\/v2\/media\/228128"}],"wp:attachment":[{"href":"https:\/\/www.csj-emballages.com\/pt-pt\/wp-json\/wp\/v2\/media?parent=23979"}],"wp:term":[{"taxonomy":"product_brand","embeddable":true,"href":"https:\/\/www.csj-emballages.com\/pt-pt\/wp-json\/wp\/v2\/product_brand?post=23979"},{"taxonomy":"product_cat","embeddable":true,"href":"https:\/\/www.csj-emballages.com\/pt-pt\/wp-json\/wp\/v2\/product_cat?post=23979"},{"taxonomy":"product_tag","embeddable":true,"href":"https:\/\/www.csj-emballages.com\/pt-pt\/wp-json\/wp\/v2\/product_tag?post=23979"}],"curies":[{"name":"wp","href":"https:\/\/api.w.org\/{rel}","templated":true}]}}