{"id":23921,"date":"2024-03-01T16:47:37","date_gmt":"2024-03-01T15:47:37","guid":{"rendered":"https:\/\/u15jnbdpoq.preview.infomaniak.website\/produit\/50-suportes-de-plastico-quadrados-pretos-de-8-cm\/"},"modified":"2026-05-07T02:20:57","modified_gmt":"2026-05-07T00:20:57","slug":"50-suportes-de-plastico-quadrados-pretos-de-8-cm","status":"publish","type":"product","link":"https:\/\/www.csj-emballages.com\/pt-pt\/produit\/50-suportes-de-plastico-quadrados-pretos-de-8-cm\/","title":{"rendered":"Suporte de pl\u00e1stico quadrado preto de 8 cm por 50"},"content":{"rendered":"<h2>Suporte preto<\/h2>\n<hr>\n<h3>Descri\u00e7\u00e3o do nosso suporte de pl\u00e1stico quadrado preto 8 cm por 50<\/h3>\n<p><!--more--><\/p>\n<p data-start=\"255\" data-end=\"587\">Descubra o <strong data-start=\"268\" data-end=\"345\">suporte quadrado de pl\u00e1stico preto para mise en bouche &#8211; 8 cm por 50 unidades<\/strong>, um elemento indispens\u00e1vel para valorizar as suas apresenta\u00e7\u00f5es culin\u00e1rias. Elegante, pr\u00e1tico e concebido tanto para os profissionais da restaura\u00e7\u00e3o como para os entusiastas privados, este suporte \u00e9 a forma perfeita de apresentar as suas cria\u00e7\u00f5es gastron\u00f3micas. Com o seu formato <strong>quadrado de 8 cm<\/strong>, oferece um equil\u00edbrio ideal entre sobriedade e requinte. Gra\u00e7as \u00e0 sua <strong data-start=\"682\" data-end=\"707\">cor preta intensa,<\/strong> cria um contraste visual que real\u00e7a as cores e as texturas das suas prepara\u00e7\u00f5es: aperitivos salgados ou doces. Al\u00e9m disso, todos os detalhes das suas receitas s\u00e3o real\u00e7ados para impressionar os seus convidados num cocktail, num buffet ou numa rece\u00e7\u00e3o.    <\/p>\n<p data-start=\"1015\" data-end=\"1378\">Fabricado em <strong>pl\u00e1stico r\u00edgido<\/strong> de alta qualidade, este <strong>suporte para mise en bouche<\/strong> \u00e9 simultaneamente <strong data-start=\"1073\" data-end=\"1099\">resistente e leve<\/strong>. Resiste a um manuseamento frequente, sendo f\u00e1cil de transportar e de colocar nos seus tabuleiros ou buffets. Reutiliz\u00e1vel em certos casos ou descart\u00e1vel para poupar tempo, satisfaz as necessidades de rapidez e efici\u00eancia dos fornecedores de refei\u00e7\u00f5es e restauradores.  <\/p>\n<p data-start=\"1380\" data-end=\"1649\">Tamb\u00e9m dispon\u00edvel em embalagens de <strong>50<\/strong> unidades, este <strong>suporte<\/strong> garante-lhe um stock suficiente para os seus eventos. O seu car\u00e1cter pr\u00e1tico atrai tanto os profissionais como os particulares que desejam dar um <strong data-start=\"1600\" data-end=\"1624\">toque chique e moderno<\/strong> \u00e0s suas apresenta\u00e7\u00f5es. <\/p>\n<p data-start=\"1651\" data-end=\"1862\">Em suma, com este <strong>suporte quadrado preto<\/strong>, os seus <strong>aperitivos<\/strong> s\u00e3o mais do que apenas deliciosos: tornam-se um verdadeiro banquete para os olhos, mostrando a sua experi\u00eancia e deixando uma impress\u00e3o duradoura nos seus convidados.<\/p>\n<p data-start=\"1610\" data-end=\"1830\"><!--more--><\/p>\n<h4>Vantagens :<\/h4>\n<ul>\n<li>Apresenta\u00e7\u00e3o elegante e profissional.<\/li>\n<li>Cor preta para real\u00e7ar os seus preparativos.<\/li>\n<li>Tamanho ideal para aperitivos e mini-sobremesas.<\/li>\n<li>Pl\u00e1stico r\u00edgido, pr\u00e1tico e resistente.<\/li>\n<li>Embalagem econ\u00f3mica de 50 suportes.<\/li>\n<li>Adequado para empresas de catering, restaurantes e particulares.<\/li>\n<\/ul>\n<p>&nbsp;<\/p>\n<p><!--more--><\/p>\n<h4>Outras informa\u00e7\u00f5es :<\/h4>\n<ul>\n<li><strong>Embalagem<\/strong>: Pacote de 50<\/li>\n<li><strong>Dimens\u00f5es<\/strong>: 80 x 80 x 26 (C x L x A em mm)<\/li>\n<li><strong>Cor<\/strong>: preto<\/li>\n<li><strong>Material<\/strong>: Poliestireno<\/li>\n<\/ul>\n<h2><\/h2>\n<p><!--more--><\/p>\n<p>Tamb\u00e9m dispon\u00edvel em formato redondo: <span style=\"color: #d12727;\"><a style=\"color: #d12727;\" href=\"https:\/\/www.csj-emballages.com\/pt-pt\/produit\/50-suportes-de-plastico-redondos-pretos-de-8-cm\/\">T80R<\/a><\/span><\/p>\n<p>&nbsp;<\/p>\n<p><!--more--><\/p>\n<p><a href=\"https:\/\/www.csj-emballages.com\/pt-pt\/categorie-produit\/embalagem-de-alimentos\/talho-e-charcutaria\/copos-jarras-copos\/apoia-o-arranque\/\">Ver o resto da nossa gama de suportes de fazer crescer \u00e1gua na boca<\/a><\/p>\n","protected":false},"excerpt":{"rendered":"<p>Suporte preto Descri\u00e7\u00e3o do nosso suporte de pl\u00e1stico quadrado preto 8 cm por 50<\/p>\n","protected":false},"featured_media":240867,"template":"","meta":{"_acf_changed":false},"product_brand":[],"product_cat":[1176,1306,3588],"product_tag":[],"class_list":{"0":"post-23921","1":"product","2":"type-product","3":"status-publish","4":"has-post-thumbnail","6":"product_cat-talho-e-charcutaria","7":"product_cat-copos-jarras-copos","8":"product_cat-apoia-o-arranque","10":"first","11":"instock","12":"taxable","13":"shipping-taxable","14":"purchasable","15":"product-type-simple"},"acf":[],"yoast_head":"<!-- This site is optimized with the Yoast SEO Premium plugin v26.6 (Yoast SEO v26.6) - https:\/\/yoast.com\/wordpress\/plugins\/seo\/ -->\n<title>Suporte Bocal de pl\u00e1stico quadrado preto 8 cm por 50<\/title>\n<meta name=\"description\" content=\"Suporte de pl\u00e1stico quadrado preto 8 cm - embalagem de 50 Ideal para catering e buffets, real\u00e7a os seus aperitivos com eleg\u00e2ncia e praticidade.\" \/>\n<meta name=\"robots\" content=\"index, follow, max-snippet:-1, max-image-preview:large, max-video-preview:-1\" \/>\n<link rel=\"canonical\" href=\"https:\/\/www.csj-emballages.com\/pt-pt\/produit\/50-suportes-de-plastico-quadrados-pretos-de-8-cm\/\" \/>\n<meta property=\"og:locale\" content=\"pt_PT\" \/>\n<meta property=\"og:type\" content=\"article\" \/>\n<meta property=\"og:title\" content=\"Suporte de pl\u00e1stico quadrado preto de 8 cm por 50\" \/>\n<meta property=\"og:description\" content=\"Suporte de pl\u00e1stico quadrado preto 8 cm - embalagem de 50 Ideal para catering e buffets, real\u00e7a os seus aperitivos com eleg\u00e2ncia e praticidade.\" \/>\n<meta property=\"og:url\" content=\"https:\/\/www.csj-emballages.com\/pt-pt\/produit\/50-suportes-de-plastico-quadrados-pretos-de-8-cm\/\" \/>\n<meta property=\"og:site_name\" content=\"CSJ Emballages\" \/>\n<meta property=\"article:publisher\" content=\"https:\/\/www.facebook.com\/csjemballages\" \/>\n<meta property=\"article:modified_time\" content=\"2026-05-07T00:20:57+00:00\" \/>\n<meta property=\"og:image\" content=\"https:\/\/www.csj-emballages.com\/wp-content\/uploads\/2024\/03\/T80C.webp\" \/>\n\t<meta property=\"og:image:width\" content=\"800\" \/>\n\t<meta property=\"og:image:height\" content=\"800\" \/>\n\t<meta property=\"og:image:type\" content=\"image\/webp\" \/>\n<meta name=\"twitter:card\" content=\"summary_large_image\" \/>\n<meta name=\"twitter:label1\" content=\"Tempo estimado de leitura\" \/>\n\t<meta name=\"twitter:data1\" content=\"2 minutos\" \/>\n<script type=\"application\/ld+json\" class=\"yoast-schema-graph\">{\"@context\":\"https:\/\/schema.org\",\"@graph\":[{\"@type\":\"WebPage\",\"@id\":\"https:\/\/www.csj-emballages.com\/pt-pt\/produit\/50-suportes-de-plastico-quadrados-pretos-de-8-cm\/\",\"url\":\"https:\/\/www.csj-emballages.com\/pt-pt\/produit\/50-suportes-de-plastico-quadrados-pretos-de-8-cm\/\",\"name\":\"Suporte Bocal de pl\u00e1stico quadrado preto 8 cm por 50\",\"isPartOf\":{\"@id\":\"https:\/\/www.csj-emballages.com\/pt-pt\/#website\"},\"primaryImageOfPage\":{\"@id\":\"https:\/\/www.csj-emballages.com\/pt-pt\/produit\/50-suportes-de-plastico-quadrados-pretos-de-8-cm\/#primaryimage\"},\"image\":{\"@id\":\"https:\/\/www.csj-emballages.com\/pt-pt\/produit\/50-suportes-de-plastico-quadrados-pretos-de-8-cm\/#primaryimage\"},\"thumbnailUrl\":\"https:\/\/www.csj-emballages.com\/wp-content\/uploads\/2024\/03\/T80C.webp\",\"datePublished\":\"2024-03-01T15:47:37+00:00\",\"dateModified\":\"2026-05-07T00:20:57+00:00\",\"description\":\"Suporte de pl\u00e1stico quadrado preto 8 cm - embalagem de 50 Ideal para catering e buffets, real\u00e7a os seus aperitivos com eleg\u00e2ncia e praticidade.\",\"breadcrumb\":{\"@id\":\"https:\/\/www.csj-emballages.com\/pt-pt\/produit\/50-suportes-de-plastico-quadrados-pretos-de-8-cm\/#breadcrumb\"},\"inLanguage\":\"pt-PT\",\"potentialAction\":[{\"@type\":\"ReadAction\",\"target\":[\"https:\/\/www.csj-emballages.com\/pt-pt\/produit\/50-suportes-de-plastico-quadrados-pretos-de-8-cm\/\"]}]},{\"@type\":\"ImageObject\",\"inLanguage\":\"pt-PT\",\"@id\":\"https:\/\/www.csj-emballages.com\/pt-pt\/produit\/50-suportes-de-plastico-quadrados-pretos-de-8-cm\/#primaryimage\",\"url\":\"https:\/\/www.csj-emballages.com\/wp-content\/uploads\/2024\/03\/T80C.webp\",\"contentUrl\":\"https:\/\/www.csj-emballages.com\/wp-content\/uploads\/2024\/03\/T80C.webp\",\"width\":800,\"height\":800,\"caption\":\"Support noir\"},{\"@type\":\"BreadcrumbList\",\"@id\":\"https:\/\/www.csj-emballages.com\/pt-pt\/produit\/50-suportes-de-plastico-quadrados-pretos-de-8-cm\/#breadcrumb\",\"itemListElement\":[{\"@type\":\"ListItem\",\"position\":1,\"name\":\"Acolhimento\",\"item\":\"https:\/\/www.csj-emballages.com\/pt-pt\/universo-das-embalagens-alimentares\/\"},{\"@type\":\"ListItem\",\"position\":2,\"name\":\"Shop\",\"item\":\"https:\/\/www.csj-emballages.com\/shop\/\"},{\"@type\":\"ListItem\",\"position\":3,\"name\":\"Suporte de pl\u00e1stico quadrado preto de 8 cm por 50\"}]},{\"@type\":\"WebSite\",\"@id\":\"https:\/\/www.csj-emballages.com\/pt-pt\/#website\",\"url\":\"https:\/\/www.csj-emballages.com\/pt-pt\/\",\"name\":\"CSJ Emballages\",\"description\":\"\",\"publisher\":{\"@id\":\"https:\/\/www.csj-emballages.com\/pt-pt\/#organization\"},\"potentialAction\":[{\"@type\":\"SearchAction\",\"target\":{\"@type\":\"EntryPoint\",\"urlTemplate\":\"https:\/\/www.csj-emballages.com\/pt-pt\/?s={search_term_string}\"},\"query-input\":{\"@type\":\"PropertyValueSpecification\",\"valueRequired\":true,\"valueName\":\"search_term_string\"}}],\"inLanguage\":\"pt-PT\"},{\"@type\":\"Organization\",\"@id\":\"https:\/\/www.csj-emballages.com\/pt-pt\/#Organization\/\",\"name\":\"CSJ Emballages\",\"url\":\"https:\/\/www.csj-emballages.com\/pt-pt\/\",\"logo\":{\"@type\":\"ImageObject\",\"inLanguage\":\"pt-PT\",\"@id\":\"https:\/\/www.csj-emballages.com\/pt-pt\/#\/schema\/logo\/image\/\",\"url\":\"https:\/\/www.csj-emballages.com\/wp-content\/uploads\/2023\/10\/logo_csj.webp\",\"contentUrl\":\"https:\/\/www.csj-emballages.com\/wp-content\/uploads\/2023\/10\/logo_csj.webp\",\"width\":250,\"height\":95,\"caption\":\"CSJ Emballages\"},\"image\":{\"@id\":\"https:\/\/www.csj-emballages.com\/pt-pt\/#\/schema\/logo\/image\/\"},\"sameAs\":[\"https:\/\/www.facebook.com\/csjemballages\"],\"address\":{\"@type\":\"PostalAddress\",\"streetAddress\":\"ZI La Lechere\",\"addressLocality\":\"Patornay\",\"postalCode\":\"39130\",\"addressCountry\":\"FR\"},\"contactPoint\":[{\"@type\":\"ContactPoint\",\"contactType\":\"Service client\",\"telephone\":\"0384254272\",\"email\":\"contact@csj-emballages.com\"}]}]}<\/script>\n<!-- \/ Yoast SEO Premium plugin. -->","yoast_head_json":{"title":"Suporte Bocal de pl\u00e1stico quadrado preto 8 cm por 50","description":"Suporte de pl\u00e1stico quadrado preto 8 cm - embalagem de 50 Ideal para catering e buffets, real\u00e7a os seus aperitivos com eleg\u00e2ncia e praticidade.","robots":{"index":"index","follow":"follow","max-snippet":"max-snippet:-1","max-image-preview":"max-image-preview:large","max-video-preview":"max-video-preview:-1"},"canonical":"https:\/\/www.csj-emballages.com\/pt-pt\/produit\/50-suportes-de-plastico-quadrados-pretos-de-8-cm\/","og_locale":"pt_PT","og_type":"article","og_title":"Suporte de pl\u00e1stico quadrado preto de 8 cm por 50","og_description":"Suporte de pl\u00e1stico quadrado preto 8 cm - embalagem de 50 Ideal para catering e buffets, real\u00e7a os seus aperitivos com eleg\u00e2ncia e praticidade.","og_url":"https:\/\/www.csj-emballages.com\/pt-pt\/produit\/50-suportes-de-plastico-quadrados-pretos-de-8-cm\/","og_site_name":"CSJ Emballages","article_publisher":"https:\/\/www.facebook.com\/csjemballages","article_modified_time":"2026-05-07T00:20:57+00:00","og_image":[{"width":800,"height":800,"url":"https:\/\/www.csj-emballages.com\/wp-content\/uploads\/2024\/03\/T80C.webp","type":"image\/webp"}],"twitter_card":"summary_large_image","twitter_misc":{"Tempo estimado de leitura":"2 minutos"},"schema":{"@context":"https:\/\/schema.org","@graph":[{"@type":"WebPage","@id":"https:\/\/www.csj-emballages.com\/pt-pt\/produit\/50-suportes-de-plastico-quadrados-pretos-de-8-cm\/","url":"https:\/\/www.csj-emballages.com\/pt-pt\/produit\/50-suportes-de-plastico-quadrados-pretos-de-8-cm\/","name":"Suporte Bocal de pl\u00e1stico quadrado preto 8 cm por 50","isPartOf":{"@id":"https:\/\/www.csj-emballages.com\/pt-pt\/#website"},"primaryImageOfPage":{"@id":"https:\/\/www.csj-emballages.com\/pt-pt\/produit\/50-suportes-de-plastico-quadrados-pretos-de-8-cm\/#primaryimage"},"image":{"@id":"https:\/\/www.csj-emballages.com\/pt-pt\/produit\/50-suportes-de-plastico-quadrados-pretos-de-8-cm\/#primaryimage"},"thumbnailUrl":"https:\/\/www.csj-emballages.com\/wp-content\/uploads\/2024\/03\/T80C.webp","datePublished":"2024-03-01T15:47:37+00:00","dateModified":"2026-05-07T00:20:57+00:00","description":"Suporte de pl\u00e1stico quadrado preto 8 cm - embalagem de 50 Ideal para catering e buffets, real\u00e7a os seus aperitivos com eleg\u00e2ncia e praticidade.","breadcrumb":{"@id":"https:\/\/www.csj-emballages.com\/pt-pt\/produit\/50-suportes-de-plastico-quadrados-pretos-de-8-cm\/#breadcrumb"},"inLanguage":"pt-PT","potentialAction":[{"@type":"ReadAction","target":["https:\/\/www.csj-emballages.com\/pt-pt\/produit\/50-suportes-de-plastico-quadrados-pretos-de-8-cm\/"]}]},{"@type":"ImageObject","inLanguage":"pt-PT","@id":"https:\/\/www.csj-emballages.com\/pt-pt\/produit\/50-suportes-de-plastico-quadrados-pretos-de-8-cm\/#primaryimage","url":"https:\/\/www.csj-emballages.com\/wp-content\/uploads\/2024\/03\/T80C.webp","contentUrl":"https:\/\/www.csj-emballages.com\/wp-content\/uploads\/2024\/03\/T80C.webp","width":800,"height":800,"caption":"Support noir"},{"@type":"BreadcrumbList","@id":"https:\/\/www.csj-emballages.com\/pt-pt\/produit\/50-suportes-de-plastico-quadrados-pretos-de-8-cm\/#breadcrumb","itemListElement":[{"@type":"ListItem","position":1,"name":"Acolhimento","item":"https:\/\/www.csj-emballages.com\/pt-pt\/universo-das-embalagens-alimentares\/"},{"@type":"ListItem","position":2,"name":"Shop","item":"https:\/\/www.csj-emballages.com\/shop\/"},{"@type":"ListItem","position":3,"name":"Suporte de pl\u00e1stico quadrado preto de 8 cm por 50"}]},{"@type":"WebSite","@id":"https:\/\/www.csj-emballages.com\/pt-pt\/#website","url":"https:\/\/www.csj-emballages.com\/pt-pt\/","name":"CSJ Emballages","description":"","publisher":{"@id":"https:\/\/www.csj-emballages.com\/pt-pt\/#organization"},"potentialAction":[{"@type":"SearchAction","target":{"@type":"EntryPoint","urlTemplate":"https:\/\/www.csj-emballages.com\/pt-pt\/?s={search_term_string}"},"query-input":{"@type":"PropertyValueSpecification","valueRequired":true,"valueName":"search_term_string"}}],"inLanguage":"pt-PT"},{"@type":"Organization","@id":"https:\/\/www.csj-emballages.com\/pt-pt\/#Organization\/","name":"CSJ Emballages","url":"https:\/\/www.csj-emballages.com\/pt-pt\/","logo":{"@type":"ImageObject","inLanguage":"pt-PT","@id":"https:\/\/www.csj-emballages.com\/pt-pt\/#\/schema\/logo\/image\/","url":"https:\/\/www.csj-emballages.com\/wp-content\/uploads\/2023\/10\/logo_csj.webp","contentUrl":"https:\/\/www.csj-emballages.com\/wp-content\/uploads\/2023\/10\/logo_csj.webp","width":250,"height":95,"caption":"CSJ Emballages"},"image":{"@id":"https:\/\/www.csj-emballages.com\/pt-pt\/#\/schema\/logo\/image\/"},"sameAs":["https:\/\/www.facebook.com\/csjemballages"],"address":{"@type":"PostalAddress","streetAddress":"ZI La Lechere","addressLocality":"Patornay","postalCode":"39130","addressCountry":"FR"},"contactPoint":[{"@type":"ContactPoint","contactType":"Service client","telephone":"0384254272","email":"contact@csj-emballages.com"}]}]}},"df_price":5.58,"df_sale_price":"","df_regular_price":5.58,"df_image_link":"https:\/\/www.csj-emballages.com\/wp-content\/uploads\/2024\/03\/T80C-300x300.webp","tiered_pricing_type":"fixed","tiered_pricing_fixed_rules":[],"tiered_pricing_percentage_rules":[],"tiered_pricing_minimum":1,"tiered_pricing_roles_data":[],"_links":{"self":[{"href":"https:\/\/www.csj-emballages.com\/pt-pt\/wp-json\/wp\/v2\/product\/23921","targetHints":{"allow":["GET"]}}],"collection":[{"href":"https:\/\/www.csj-emballages.com\/pt-pt\/wp-json\/wp\/v2\/product"}],"about":[{"href":"https:\/\/www.csj-emballages.com\/pt-pt\/wp-json\/wp\/v2\/types\/product"}],"wp:featuredmedia":[{"embeddable":true,"href":"https:\/\/www.csj-emballages.com\/pt-pt\/wp-json\/wp\/v2\/media\/240867"}],"wp:attachment":[{"href":"https:\/\/www.csj-emballages.com\/pt-pt\/wp-json\/wp\/v2\/media?parent=23921"}],"wp:term":[{"taxonomy":"product_brand","embeddable":true,"href":"https:\/\/www.csj-emballages.com\/pt-pt\/wp-json\/wp\/v2\/product_brand?post=23921"},{"taxonomy":"product_cat","embeddable":true,"href":"https:\/\/www.csj-emballages.com\/pt-pt\/wp-json\/wp\/v2\/product_cat?post=23921"},{"taxonomy":"product_tag","embeddable":true,"href":"https:\/\/www.csj-emballages.com\/pt-pt\/wp-json\/wp\/v2\/product_tag?post=23921"}],"curies":[{"name":"wp","href":"https:\/\/api.w.org\/{rel}","templated":true}]}}