{"id":23919,"date":"2024-03-01T16:47:36","date_gmt":"2024-03-01T15:47:36","guid":{"rendered":"https:\/\/u15jnbdpoq.preview.infomaniak.website\/produit\/termometro-para-cozinhar\/"},"modified":"2026-03-12T16:46:38","modified_gmt":"2026-03-12T15:46:38","slug":"termometro-para-cozinhar","status":"publish","type":"product","link":"https:\/\/www.csj-emballages.com\/pt-pt\/produit\/termometro-para-cozinhar\/","title":{"rendered":"Term\u00f3metro para cozinhar"},"content":{"rendered":"<h2>Term\u00f3metro para cozinhar<\/h2>\n<hr>\n<h3>Descri\u00e7\u00e3o do nosso term\u00f3metro de cozinha<\/h3>\n<p><!--more--><\/p>\n<p data-start=\"0\" data-end=\"552\">Um <strong data-start=\"67\" data-end=\"93\">term\u00f3metro de cozinha<\/strong> fi\u00e1vel \u00e9 um aliado indispens\u00e1vel para o sucesso de todas as suas receitas. Quer seja um cozinheiro experiente ou um pasteleiro entusiasta, este acess\u00f3rio permite-lhe <strong data-start=\"216\" data-end=\"240\">controlar a cozedura dos<\/strong> seus pratos com uma precis\u00e3o not\u00e1vel. Gra\u00e7as \u00e0 sua sonda <strong>em a\u00e7o inoxid\u00e1vel<\/strong>, mede rapidamente a temperatura central dos alimentos, quer se trate de um peda\u00e7o de carne, de um xarope ou de um chocolate delicado. O resultado \u00e9 uma cozedura perfeitamente controlada, preservando o sabor e a textura.   <\/p>\n<p data-start=\"554\" data-end=\"935\">N\u00e3o h\u00e1 nada mais frustrante do que carne demasiado seca ou caramelo queimado. Com este <strong data-start=\"644\" data-end=\"670\">term\u00f3metro de cozinha<\/strong>, \u00e9 f\u00e1cil estar atento a cada passo. Basta inserir a sonda e ler o visor claro e r\u00e1pido para ajustar o lume ou o forno. Al\u00e9m disso, o seu design ergon\u00f3mico torna-o confort\u00e1vel de segurar, mesmo durante uma utiliza\u00e7\u00e3o prolongada.   <\/p>\n<p data-start=\"937\" data-end=\"1266\">Al\u00e9m disso, este <strong>term\u00f3metro<\/strong> \u00e9 vers\u00e1til: pode ser utilizado no forno, na frigideira, no churrasco ou mesmo para verificar a temperatura de um molho. O seu tamanho compacto e a sua robustez facilitam a arruma\u00e7\u00e3o e a limpeza, tornando-o ideal tanto para cozinhas profissionais como para cozinhas dom\u00e9sticas. <\/p>\n<p data-start=\"1268\" data-end=\"1504\">Ao escolher esta ferramenta, ganha precis\u00e3o, efici\u00eancia e paz de esp\u00edrito. Quer esteja a preparar um assado de domingo ou uma compota caseira, pode agora oferecer aos seus convidados pratos cozinhados na perfei\u00e7\u00e3o. <\/p>\n<p data-start=\"1506\" data-end=\"1740\">Em suma, este <strong data-start=\"1519\" data-end=\"1545\">term\u00f3metro de cozinha<\/strong> combina <strong data-start=\"1552\" data-end=\"1565\">praticidade<\/strong>, <strong data-start=\"1567\" data-end=\"1580\">fiabilidade<\/strong> e <strong data-start=\"1584\" data-end=\"1599\">desempenho<\/strong>. Est\u00e1 a tornar-se rapidamente um item obrigat\u00f3rio para quem gosta de cozinhar sem stress e pretende obter o resultado perfeito em cada prepara\u00e7\u00e3o. <\/p>\n<p data-start=\"1506\" data-end=\"1740\"><!--more--><\/p>\n<h4 data-start=\"1506\" data-end=\"1740\">Vantagens :<\/h4>\n<ul>\n<li data-start=\"1506\" data-end=\"1740\"><strong data-start=\"1951\" data-end=\"1964\">Precis\u00e3o<\/strong>: medi\u00e7\u00e3o r\u00e1pida e fi\u00e1vel da temperatura.<\/li>\n<li data-start=\"1506\" data-end=\"1740\"><strong data-start=\"2014\" data-end=\"2029\">Versatilidade<\/strong>: ideal para carnes, molhos, pastelaria ou churrascos.<\/li>\n<li data-start=\"1506\" data-end=\"1740\"><strong data-start=\"2089\" data-end=\"2109\">Facilidade de utiliza\u00e7\u00e3o<\/strong>: ecr\u00e3 claro, tamanho compacto e manuten\u00e7\u00e3o simples.<\/li>\n<li data-start=\"1506\" data-end=\"1740\"><strong data-start=\"2169\" data-end=\"2183\">Durabilidade<\/strong>: sonda de a\u00e7o inoxid\u00e1vel duradoura.<\/li>\n<\/ul>\n<p>&nbsp;<\/p>\n<p><!--more--><\/p>\n<h4>Outras informa\u00e7\u00f5es :<\/h4>\n<ul>\n<li><strong>Embalagem<\/strong>: Por unidade<\/li>\n<li><strong>Material<\/strong>: Pl\u00e1stico \/ A\u00e7o<\/li>\n<li><strong>Cor<\/strong>: Branco<\/li>\n<li><strong>Temperatura de funcionamento<\/strong>: -40\u00baC \/ +230\u00baC<\/li>\n<\/ul>\n<p>&nbsp;<\/p>\n<p><!--more--><\/p>\n<p><a href=\"https:\/\/www.csj-emballages.com\/pt-pt\/categorie-produit\/embalagem-de-alimentos\/padaria-e-pastelaria\/acessorios-e-equipamentos\/equipamento\/\">Ver o resto da nossa gama de equipamentos<\/a><\/p>\n","protected":false},"excerpt":{"rendered":"<p>Term\u00f3metro para cozinhar Descri\u00e7\u00e3o do nosso term\u00f3metro de cozinha<\/p>\n","protected":false},"featured_media":245272,"template":"","meta":{"_acf_changed":false},"product_brand":[],"product_cat":[1177,3590],"product_tag":[],"class_list":{"0":"post-23919","1":"product","2":"type-product","3":"status-publish","4":"has-post-thumbnail","6":"product_cat-padaria-e-pastelaria","7":"product_cat-equipamento","9":"first","10":"outofstock","11":"taxable","12":"shipping-taxable","13":"purchasable","14":"product-type-simple"},"acf":[],"yoast_head":"<!-- This site is optimized with the Yoast SEO Premium plugin v26.6 (Yoast SEO v26.6) - https:\/\/yoast.com\/wordpress\/plugins\/seo\/ -->\n<title>Term\u00f3metro para cozinhar<\/title>\n<meta name=\"description\" content=\"Term\u00f3metro de cozinha preciso e robusto para controlar a temperatura dos seus pratos e facilitar todas as suas receitas.\" \/>\n<meta name=\"robots\" content=\"index, follow, max-snippet:-1, max-image-preview:large, max-video-preview:-1\" \/>\n<link rel=\"canonical\" href=\"https:\/\/www.csj-emballages.com\/pt-pt\/produit\/termometro-para-cozinhar\/\" \/>\n<meta property=\"og:locale\" content=\"pt_PT\" \/>\n<meta property=\"og:type\" content=\"article\" \/>\n<meta property=\"og:title\" content=\"Term\u00f3metro para cozinhar\" \/>\n<meta property=\"og:description\" content=\"Term\u00f3metro de cozinha preciso e robusto para controlar a temperatura dos seus pratos e facilitar todas as suas receitas.\" \/>\n<meta property=\"og:url\" content=\"https:\/\/www.csj-emballages.com\/pt-pt\/produit\/termometro-para-cozinhar\/\" \/>\n<meta property=\"og:site_name\" content=\"CSJ Emballages\" \/>\n<meta property=\"article:publisher\" content=\"https:\/\/www.facebook.com\/csjemballages\" \/>\n<meta property=\"article:modified_time\" content=\"2026-03-12T15:46:38+00:00\" \/>\n<meta property=\"og:image\" content=\"https:\/\/www.csj-emballages.com\/wp-content\/uploads\/2024\/03\/THERCUIS.webp\" \/>\n\t<meta property=\"og:image:width\" content=\"800\" \/>\n\t<meta property=\"og:image:height\" content=\"800\" \/>\n\t<meta property=\"og:image:type\" content=\"image\/png\" \/>\n<meta name=\"twitter:card\" content=\"summary_large_image\" \/>\n<meta name=\"twitter:label1\" content=\"Tempo estimado de leitura\" \/>\n\t<meta name=\"twitter:data1\" content=\"2 minutos\" \/>\n<script type=\"application\/ld+json\" class=\"yoast-schema-graph\">{\"@context\":\"https:\/\/schema.org\",\"@graph\":[{\"@type\":\"WebPage\",\"@id\":\"https:\/\/www.csj-emballages.com\/pt-pt\/produit\/termometro-para-cozinhar\/\",\"url\":\"https:\/\/www.csj-emballages.com\/pt-pt\/produit\/termometro-para-cozinhar\/\",\"name\":\"Term\u00f3metro para cozinhar\",\"isPartOf\":{\"@id\":\"https:\/\/www.csj-emballages.com\/pt-pt\/#website\"},\"primaryImageOfPage\":{\"@id\":\"https:\/\/www.csj-emballages.com\/pt-pt\/produit\/termometro-para-cozinhar\/#primaryimage\"},\"image\":{\"@id\":\"https:\/\/www.csj-emballages.com\/pt-pt\/produit\/termometro-para-cozinhar\/#primaryimage\"},\"thumbnailUrl\":\"https:\/\/www.csj-emballages.com\/wp-content\/uploads\/2024\/03\/THERCUIS.webp\",\"datePublished\":\"2024-03-01T15:47:36+00:00\",\"dateModified\":\"2026-03-12T15:46:38+00:00\",\"description\":\"Term\u00f3metro de cozinha preciso e robusto para controlar a temperatura dos seus pratos e facilitar todas as suas receitas.\",\"breadcrumb\":{\"@id\":\"https:\/\/www.csj-emballages.com\/pt-pt\/produit\/termometro-para-cozinhar\/#breadcrumb\"},\"inLanguage\":\"pt-PT\",\"potentialAction\":[{\"@type\":\"ReadAction\",\"target\":[\"https:\/\/www.csj-emballages.com\/pt-pt\/produit\/termometro-para-cozinhar\/\"]}]},{\"@type\":\"ImageObject\",\"inLanguage\":\"pt-PT\",\"@id\":\"https:\/\/www.csj-emballages.com\/pt-pt\/produit\/termometro-para-cozinhar\/#primaryimage\",\"url\":\"https:\/\/www.csj-emballages.com\/wp-content\/uploads\/2024\/03\/THERCUIS.webp\",\"contentUrl\":\"https:\/\/www.csj-emballages.com\/wp-content\/uploads\/2024\/03\/THERCUIS.webp\",\"width\":800,\"height\":800,\"caption\":\"Thermom\u00e8tre de Cuisson\"},{\"@type\":\"BreadcrumbList\",\"@id\":\"https:\/\/www.csj-emballages.com\/pt-pt\/produit\/termometro-para-cozinhar\/#breadcrumb\",\"itemListElement\":[{\"@type\":\"ListItem\",\"position\":1,\"name\":\"Acolhimento\",\"item\":\"https:\/\/www.csj-emballages.com\/pt-pt\/universo-das-embalagens-alimentares\/\"},{\"@type\":\"ListItem\",\"position\":2,\"name\":\"Shop\",\"item\":\"https:\/\/www.csj-emballages.com\/shop\/\"},{\"@type\":\"ListItem\",\"position\":3,\"name\":\"Term\u00f3metro para cozinhar\"}]},{\"@type\":\"WebSite\",\"@id\":\"https:\/\/www.csj-emballages.com\/pt-pt\/#website\",\"url\":\"https:\/\/www.csj-emballages.com\/pt-pt\/\",\"name\":\"CSJ Emballages\",\"description\":\"\",\"publisher\":{\"@id\":\"https:\/\/www.csj-emballages.com\/pt-pt\/#organization\"},\"potentialAction\":[{\"@type\":\"SearchAction\",\"target\":{\"@type\":\"EntryPoint\",\"urlTemplate\":\"https:\/\/www.csj-emballages.com\/pt-pt\/?s={search_term_string}\"},\"query-input\":{\"@type\":\"PropertyValueSpecification\",\"valueRequired\":true,\"valueName\":\"search_term_string\"}}],\"inLanguage\":\"pt-PT\"},{\"@type\":\"Organization\",\"@id\":\"https:\/\/www.csj-emballages.com\/pt-pt\/#Organization\/\",\"name\":\"CSJ Emballages\",\"url\":\"https:\/\/www.csj-emballages.com\/pt-pt\/\",\"logo\":{\"@type\":\"ImageObject\",\"inLanguage\":\"pt-PT\",\"@id\":\"https:\/\/www.csj-emballages.com\/pt-pt\/#\/schema\/logo\/image\/\",\"url\":\"https:\/\/www.csj-emballages.com\/wp-content\/uploads\/2023\/10\/logo_csj.webp\",\"contentUrl\":\"https:\/\/www.csj-emballages.com\/wp-content\/uploads\/2023\/10\/logo_csj.webp\",\"width\":250,\"height\":95,\"caption\":\"CSJ Emballages\"},\"image\":{\"@id\":\"https:\/\/www.csj-emballages.com\/pt-pt\/#\/schema\/logo\/image\/\"},\"sameAs\":[\"https:\/\/www.facebook.com\/csjemballages\"],\"address\":{\"@type\":\"PostalAddress\",\"streetAddress\":\"ZI La Lechere\",\"addressLocality\":\"Patornay\",\"postalCode\":\"39130\",\"addressCountry\":\"FR\"},\"contactPoint\":[{\"@type\":\"ContactPoint\",\"contactType\":\"Service client\",\"telephone\":\"0384254272\",\"email\":\"contact@csj-emballages.com\"}]}]}<\/script>\n<!-- \/ Yoast SEO Premium plugin. -->","yoast_head_json":{"title":"Term\u00f3metro para cozinhar","description":"Term\u00f3metro de cozinha preciso e robusto para controlar a temperatura dos seus pratos e facilitar todas as suas receitas.","robots":{"index":"index","follow":"follow","max-snippet":"max-snippet:-1","max-image-preview":"max-image-preview:large","max-video-preview":"max-video-preview:-1"},"canonical":"https:\/\/www.csj-emballages.com\/pt-pt\/produit\/termometro-para-cozinhar\/","og_locale":"pt_PT","og_type":"article","og_title":"Term\u00f3metro para cozinhar","og_description":"Term\u00f3metro de cozinha preciso e robusto para controlar a temperatura dos seus pratos e facilitar todas as suas receitas.","og_url":"https:\/\/www.csj-emballages.com\/pt-pt\/produit\/termometro-para-cozinhar\/","og_site_name":"CSJ Emballages","article_publisher":"https:\/\/www.facebook.com\/csjemballages","article_modified_time":"2026-03-12T15:46:38+00:00","og_image":[{"width":800,"height":800,"url":"https:\/\/www.csj-emballages.com\/wp-content\/uploads\/2024\/03\/THERCUIS.webp","type":"image\/png"}],"twitter_card":"summary_large_image","twitter_misc":{"Tempo estimado de leitura":"2 minutos"},"schema":{"@context":"https:\/\/schema.org","@graph":[{"@type":"WebPage","@id":"https:\/\/www.csj-emballages.com\/pt-pt\/produit\/termometro-para-cozinhar\/","url":"https:\/\/www.csj-emballages.com\/pt-pt\/produit\/termometro-para-cozinhar\/","name":"Term\u00f3metro para cozinhar","isPartOf":{"@id":"https:\/\/www.csj-emballages.com\/pt-pt\/#website"},"primaryImageOfPage":{"@id":"https:\/\/www.csj-emballages.com\/pt-pt\/produit\/termometro-para-cozinhar\/#primaryimage"},"image":{"@id":"https:\/\/www.csj-emballages.com\/pt-pt\/produit\/termometro-para-cozinhar\/#primaryimage"},"thumbnailUrl":"https:\/\/www.csj-emballages.com\/wp-content\/uploads\/2024\/03\/THERCUIS.webp","datePublished":"2024-03-01T15:47:36+00:00","dateModified":"2026-03-12T15:46:38+00:00","description":"Term\u00f3metro de cozinha preciso e robusto para controlar a temperatura dos seus pratos e facilitar todas as suas receitas.","breadcrumb":{"@id":"https:\/\/www.csj-emballages.com\/pt-pt\/produit\/termometro-para-cozinhar\/#breadcrumb"},"inLanguage":"pt-PT","potentialAction":[{"@type":"ReadAction","target":["https:\/\/www.csj-emballages.com\/pt-pt\/produit\/termometro-para-cozinhar\/"]}]},{"@type":"ImageObject","inLanguage":"pt-PT","@id":"https:\/\/www.csj-emballages.com\/pt-pt\/produit\/termometro-para-cozinhar\/#primaryimage","url":"https:\/\/www.csj-emballages.com\/wp-content\/uploads\/2024\/03\/THERCUIS.webp","contentUrl":"https:\/\/www.csj-emballages.com\/wp-content\/uploads\/2024\/03\/THERCUIS.webp","width":800,"height":800,"caption":"Thermom\u00e8tre de Cuisson"},{"@type":"BreadcrumbList","@id":"https:\/\/www.csj-emballages.com\/pt-pt\/produit\/termometro-para-cozinhar\/#breadcrumb","itemListElement":[{"@type":"ListItem","position":1,"name":"Acolhimento","item":"https:\/\/www.csj-emballages.com\/pt-pt\/universo-das-embalagens-alimentares\/"},{"@type":"ListItem","position":2,"name":"Shop","item":"https:\/\/www.csj-emballages.com\/shop\/"},{"@type":"ListItem","position":3,"name":"Term\u00f3metro para cozinhar"}]},{"@type":"WebSite","@id":"https:\/\/www.csj-emballages.com\/pt-pt\/#website","url":"https:\/\/www.csj-emballages.com\/pt-pt\/","name":"CSJ Emballages","description":"","publisher":{"@id":"https:\/\/www.csj-emballages.com\/pt-pt\/#organization"},"potentialAction":[{"@type":"SearchAction","target":{"@type":"EntryPoint","urlTemplate":"https:\/\/www.csj-emballages.com\/pt-pt\/?s={search_term_string}"},"query-input":{"@type":"PropertyValueSpecification","valueRequired":true,"valueName":"search_term_string"}}],"inLanguage":"pt-PT"},{"@type":"Organization","@id":"https:\/\/www.csj-emballages.com\/pt-pt\/#Organization\/","name":"CSJ Emballages","url":"https:\/\/www.csj-emballages.com\/pt-pt\/","logo":{"@type":"ImageObject","inLanguage":"pt-PT","@id":"https:\/\/www.csj-emballages.com\/pt-pt\/#\/schema\/logo\/image\/","url":"https:\/\/www.csj-emballages.com\/wp-content\/uploads\/2023\/10\/logo_csj.webp","contentUrl":"https:\/\/www.csj-emballages.com\/wp-content\/uploads\/2023\/10\/logo_csj.webp","width":250,"height":95,"caption":"CSJ Emballages"},"image":{"@id":"https:\/\/www.csj-emballages.com\/pt-pt\/#\/schema\/logo\/image\/"},"sameAs":["https:\/\/www.facebook.com\/csjemballages"],"address":{"@type":"PostalAddress","streetAddress":"ZI La Lechere","addressLocality":"Patornay","postalCode":"39130","addressCountry":"FR"},"contactPoint":[{"@type":"ContactPoint","contactType":"Service client","telephone":"0384254272","email":"contact@csj-emballages.com"}]}]}},"df_price":19.62,"df_sale_price":"","df_regular_price":19.62,"df_image_link":"https:\/\/www.csj-emballages.com\/wp-content\/uploads\/2024\/03\/THERCUIS-300x300.webp","tiered_pricing_type":"fixed","tiered_pricing_fixed_rules":[],"tiered_pricing_percentage_rules":[],"tiered_pricing_minimum":1,"tiered_pricing_roles_data":[],"_links":{"self":[{"href":"https:\/\/www.csj-emballages.com\/pt-pt\/wp-json\/wp\/v2\/product\/23919","targetHints":{"allow":["GET"]}}],"collection":[{"href":"https:\/\/www.csj-emballages.com\/pt-pt\/wp-json\/wp\/v2\/product"}],"about":[{"href":"https:\/\/www.csj-emballages.com\/pt-pt\/wp-json\/wp\/v2\/types\/product"}],"wp:featuredmedia":[{"embeddable":true,"href":"https:\/\/www.csj-emballages.com\/pt-pt\/wp-json\/wp\/v2\/media\/245272"}],"wp:attachment":[{"href":"https:\/\/www.csj-emballages.com\/pt-pt\/wp-json\/wp\/v2\/media?parent=23919"}],"wp:term":[{"taxonomy":"product_brand","embeddable":true,"href":"https:\/\/www.csj-emballages.com\/pt-pt\/wp-json\/wp\/v2\/product_brand?post=23919"},{"taxonomy":"product_cat","embeddable":true,"href":"https:\/\/www.csj-emballages.com\/pt-pt\/wp-json\/wp\/v2\/product_cat?post=23919"},{"taxonomy":"product_tag","embeddable":true,"href":"https:\/\/www.csj-emballages.com\/pt-pt\/wp-json\/wp\/v2\/product_tag?post=23919"}],"curies":[{"name":"wp","href":"https:\/\/api.w.org\/{rel}","templated":true}]}}