{"id":23910,"date":"2024-03-01T16:47:36","date_gmt":"2024-03-01T15:47:36","guid":{"rendered":"https:\/\/u15jnbdpoq.preview.infomaniak.website\/produit\/100-formas-descartaveis-de-aluminio-para-tarteletes-de-70-ml\/"},"modified":"2026-05-06T02:19:00","modified_gmt":"2026-05-06T00:19:00","slug":"100-formas-descartaveis-de-aluminio-para-tarteletes-de-70-ml","status":"publish","type":"product","link":"https:\/\/www.csj-emballages.com\/pt-pt\/produit\/100-formas-descartaveis-de-aluminio-para-tarteletes-de-70-ml\/","title":{"rendered":"Forma de alum\u00ednio para tartes 70 ml por 100"},"content":{"rendered":"<h2>Forma para tartes<\/h2>\n<hr>\n<h3>Descri\u00e7\u00e3o do nosso molde de alum\u00ednio para tartes 70 ml por 100<\/h3>\n<p><!--more--><\/p>\n<p data-start=\"0\" data-end=\"501\">A <strong data-start=\"30\" data-end=\"71\">forma de alum\u00ednio para tartes de 70 ml<\/strong> \u00e9 o acess\u00f3rio indispens\u00e1vel para preparar e cozer as suas mini-tartes, quiches e bolos doces ou salgados. Concebida para responder \u00e0s necessidades de fornecedores de refei\u00e7\u00f5es, pasteleiros, padeiros e mesmo particulares, esta <strong>forma de alum\u00ednio<\/strong> garante uma cozedura homog\u00e9nea gra\u00e7as \u00e0 sua \u00f3ptima condutividade t\u00e9rmica. O seu formato individual de <strong>70 ml<\/strong> \u00e9 ideal para confecionar por\u00e7\u00f5es de tamanho perfeito e esteticamente agrad\u00e1veis.  <\/p>\n<p data-start=\"503\" data-end=\"954\">O seu design <strong>em alum\u00ednio<\/strong> garante uma excelente resist\u00eancia a temperaturas elevadas e permite a sua utiliza\u00e7\u00e3o tanto no forno tradicional como no congelador. Vers\u00e1til e pr\u00e1tica, esta <strong>forma para tartes<\/strong> \u00e9 perfeita para a cozedura direta ou como suporte de exposi\u00e7\u00e3o para as suas cria\u00e7\u00f5es culin\u00e1rias. <strong data-start=\"810\" data-end=\"834\">Vendido em embalagens de 100 unidades<\/strong>, \u00e9 ideal para a produ\u00e7\u00e3o em grande escala e permite poupar tempo, eliminando a necessidade de lavar. <\/p>\n<p data-start=\"956\" data-end=\"1157\">Em suma, quer se trate de eventos, de take-away ou de uso dom\u00e9stico, estes <strong>moldes para tarteletes<\/strong> oferecem uma solu\u00e7\u00e3o higi\u00e9nica, pr\u00e1tica e profissional para todas as suas prepara\u00e7\u00f5es.<\/p>\n<p><!--more--><\/p>\n<p><strong>As suas vantagens:<\/strong><\/p>\n<ul>\n<li data-start=\"1362\" data-end=\"1433\"><strong data-start=\"1364\" data-end=\"1384\">Cozedura uniforme<\/strong> gra\u00e7as \u00e0 excelente condutividade t\u00e9rmica.<\/li>\n<li data-start=\"1434\" data-end=\"1494\"><strong data-start=\"1436\" data-end=\"1451\">Versatilidade<\/strong>: utiliza\u00e7\u00e3o no forno e no congelador.<\/li>\n<li data-start=\"1495\" data-end=\"1570\"><strong data-start=\"1497\" data-end=\"1510\">Pr\u00e1tico<\/strong>: formato individual perfeito para os cozinheiros e pasteleiros.<\/li>\n<li data-start=\"1571\" data-end=\"1648\"><strong data-start=\"1573\" data-end=\"1601\">Higi\u00e9nico e economizador de tempo<\/strong>: utiliza\u00e7\u00e3o \u00fanica, sem necessidade de limpeza.<\/li>\n<li data-start=\"1649\" data-end=\"1730\" data-is-last-node=\"\"><strong data-start=\"1651\" data-end=\"1681\">Embalagem econ\u00f3mica<\/strong>: vendida em pacotes de 100 unidades para produ\u00e7\u00e3o em massa.<\/li>\n<\/ul>\n<p>&nbsp;<\/p>\n<p><!--more--><\/p>\n<h4>Outras informa\u00e7\u00f5es :<\/h4>\n<ul>\n<li><strong>Embalagem<\/strong>: Pacote de 100<\/li>\n<li><strong>Di\u00e2metro interior<\/strong>: \u00d884 mm<\/li>\n<li><strong>Dimens\u00f5es exteriores<\/strong>: \u00d893 mm<\/li>\n<li><strong>Altura<\/strong>: 18 mm<\/li>\n<li><strong>Volume<\/strong>: 70 ml<\/li>\n<li><strong>Material<\/strong>: Alum\u00ednio<\/li>\n<li><b>Temperatura de funcionamento <\/b>: -40\u00b0C \/ +350\u00b0C<\/li>\n<\/ul>\n<p>&nbsp;<\/p>\n<p><!--more--><\/p>\n<p><a href=\"https:\/\/www.csj-emballages.com\/pt-pt\/categorie-produit\/embalagem-de-alimentos\/talho-e-charcutaria\/tabuleiros-latas-e-frascos\/tabuleiros-de-aluminio-pratos-formas-tabuleiros-de-refeicao-copos-ramequins-empadas-de-carne\/formas-para-tartes\/\">Ver o resto da nossa gama de moldes para tarteletes<\/a><\/p>\n","protected":false},"excerpt":{"rendered":"<p>Forma para tartes Descri\u00e7\u00e3o do nosso molde de alum\u00ednio para tartes 70 ml por 100<\/p>\n","protected":false},"featured_media":228096,"template":"","meta":{"_acf_changed":false},"product_brand":[],"product_cat":[1176,2001,3582],"product_tag":[],"class_list":{"0":"post-23910","1":"product","2":"type-product","3":"status-publish","4":"has-post-thumbnail","6":"product_cat-talho-e-charcutaria","7":"product_cat-tabuleiros-de-aluminio-pratos-formas-tabuleiros-de-refeicao-copos-ramequins-empadas-de-carne","8":"product_cat-formas-para-tartes","10":"first","11":"instock","12":"taxable","13":"shipping-taxable","14":"purchasable","15":"product-type-simple"},"acf":[],"yoast_head":"<!-- This site is optimized with the Yoast SEO Premium plugin v26.6 (Yoast SEO v26.6) - https:\/\/yoast.com\/wordpress\/plugins\/seo\/ -->\n<title>Forma de alum\u00ednio para tartes 70 ml por 100<\/title>\n<meta name=\"description\" content=\"Forma de alum\u00ednio para tartes de 70 ml - ideal para cozer e apresentar mini tartes doces ou salgadas. Embalagem de 100, resistente e pr\u00e1tica.\" \/>\n<meta name=\"robots\" content=\"index, follow, max-snippet:-1, max-image-preview:large, max-video-preview:-1\" \/>\n<link rel=\"canonical\" href=\"https:\/\/www.csj-emballages.com\/pt-pt\/produit\/100-formas-descartaveis-de-aluminio-para-tarteletes-de-70-ml\/\" \/>\n<meta property=\"og:locale\" content=\"pt_PT\" \/>\n<meta property=\"og:type\" content=\"article\" \/>\n<meta property=\"og:title\" content=\"Forma de alum\u00ednio para tartes 70 ml por 100\" \/>\n<meta property=\"og:description\" content=\"Forma de alum\u00ednio para tartes de 70 ml - ideal para cozer e apresentar mini tartes doces ou salgadas. Embalagem de 100, resistente e pr\u00e1tica.\" \/>\n<meta property=\"og:url\" content=\"https:\/\/www.csj-emballages.com\/pt-pt\/produit\/100-formas-descartaveis-de-aluminio-para-tarteletes-de-70-ml\/\" \/>\n<meta property=\"og:site_name\" content=\"CSJ Emballages\" \/>\n<meta property=\"article:publisher\" content=\"https:\/\/www.facebook.com\/csjemballages\" \/>\n<meta property=\"article:modified_time\" content=\"2026-05-06T00:19:00+00:00\" \/>\n<meta property=\"og:image\" content=\"https:\/\/www.csj-emballages.com\/wp-content\/uploads\/2024\/03\/TA-93-Photoroom-png.webp\" \/>\n\t<meta property=\"og:image:width\" content=\"800\" \/>\n\t<meta property=\"og:image:height\" content=\"800\" \/>\n\t<meta property=\"og:image:type\" content=\"image\/png\" \/>\n<meta name=\"twitter:card\" content=\"summary_large_image\" \/>\n<meta name=\"twitter:label1\" content=\"Tempo estimado de leitura\" \/>\n\t<meta name=\"twitter:data1\" content=\"1 minuto\" \/>\n<script type=\"application\/ld+json\" class=\"yoast-schema-graph\">{\"@context\":\"https:\/\/schema.org\",\"@graph\":[{\"@type\":\"WebPage\",\"@id\":\"https:\/\/www.csj-emballages.com\/pt-pt\/produit\/100-formas-descartaveis-de-aluminio-para-tarteletes-de-70-ml\/\",\"url\":\"https:\/\/www.csj-emballages.com\/pt-pt\/produit\/100-formas-descartaveis-de-aluminio-para-tarteletes-de-70-ml\/\",\"name\":\"Forma de alum\u00ednio para tartes 70 ml por 100\",\"isPartOf\":{\"@id\":\"https:\/\/www.csj-emballages.com\/pt-pt\/#website\"},\"primaryImageOfPage\":{\"@id\":\"https:\/\/www.csj-emballages.com\/pt-pt\/produit\/100-formas-descartaveis-de-aluminio-para-tarteletes-de-70-ml\/#primaryimage\"},\"image\":{\"@id\":\"https:\/\/www.csj-emballages.com\/pt-pt\/produit\/100-formas-descartaveis-de-aluminio-para-tarteletes-de-70-ml\/#primaryimage\"},\"thumbnailUrl\":\"https:\/\/www.csj-emballages.com\/wp-content\/uploads\/2024\/03\/TA-93-Photoroom-png.webp\",\"datePublished\":\"2024-03-01T15:47:36+00:00\",\"dateModified\":\"2026-05-06T00:19:00+00:00\",\"description\":\"Forma de alum\u00ednio para tartes de 70 ml - ideal para cozer e apresentar mini tartes doces ou salgadas. Embalagem de 100, resistente e pr\u00e1tica.\",\"breadcrumb\":{\"@id\":\"https:\/\/www.csj-emballages.com\/pt-pt\/produit\/100-formas-descartaveis-de-aluminio-para-tarteletes-de-70-ml\/#breadcrumb\"},\"inLanguage\":\"pt-PT\",\"potentialAction\":[{\"@type\":\"ReadAction\",\"target\":[\"https:\/\/www.csj-emballages.com\/pt-pt\/produit\/100-formas-descartaveis-de-aluminio-para-tarteletes-de-70-ml\/\"]}]},{\"@type\":\"ImageObject\",\"inLanguage\":\"pt-PT\",\"@id\":\"https:\/\/www.csj-emballages.com\/pt-pt\/produit\/100-formas-descartaveis-de-aluminio-para-tarteletes-de-70-ml\/#primaryimage\",\"url\":\"https:\/\/www.csj-emballages.com\/wp-content\/uploads\/2024\/03\/TA-93-Photoroom-png.webp\",\"contentUrl\":\"https:\/\/www.csj-emballages.com\/wp-content\/uploads\/2024\/03\/TA-93-Photoroom-png.webp\",\"width\":800,\"height\":800,\"caption\":\"Moule \u00e0 tartelette\"},{\"@type\":\"BreadcrumbList\",\"@id\":\"https:\/\/www.csj-emballages.com\/pt-pt\/produit\/100-formas-descartaveis-de-aluminio-para-tarteletes-de-70-ml\/#breadcrumb\",\"itemListElement\":[{\"@type\":\"ListItem\",\"position\":1,\"name\":\"Acolhimento\",\"item\":\"https:\/\/www.csj-emballages.com\/pt-pt\/universo-das-embalagens-alimentares\/\"},{\"@type\":\"ListItem\",\"position\":2,\"name\":\"Shop\",\"item\":\"https:\/\/www.csj-emballages.com\/shop\/\"},{\"@type\":\"ListItem\",\"position\":3,\"name\":\"Forma de alum\u00ednio para tartes 70 ml por 100\"}]},{\"@type\":\"WebSite\",\"@id\":\"https:\/\/www.csj-emballages.com\/pt-pt\/#website\",\"url\":\"https:\/\/www.csj-emballages.com\/pt-pt\/\",\"name\":\"CSJ Emballages\",\"description\":\"\",\"publisher\":{\"@id\":\"https:\/\/www.csj-emballages.com\/pt-pt\/#organization\"},\"potentialAction\":[{\"@type\":\"SearchAction\",\"target\":{\"@type\":\"EntryPoint\",\"urlTemplate\":\"https:\/\/www.csj-emballages.com\/pt-pt\/?s={search_term_string}\"},\"query-input\":{\"@type\":\"PropertyValueSpecification\",\"valueRequired\":true,\"valueName\":\"search_term_string\"}}],\"inLanguage\":\"pt-PT\"},{\"@type\":\"Organization\",\"@id\":\"https:\/\/www.csj-emballages.com\/pt-pt\/#Organization\/\",\"name\":\"CSJ Emballages\",\"url\":\"https:\/\/www.csj-emballages.com\/pt-pt\/\",\"logo\":{\"@type\":\"ImageObject\",\"inLanguage\":\"pt-PT\",\"@id\":\"https:\/\/www.csj-emballages.com\/pt-pt\/#\/schema\/logo\/image\/\",\"url\":\"https:\/\/www.csj-emballages.com\/wp-content\/uploads\/2023\/10\/logo_csj.webp\",\"contentUrl\":\"https:\/\/www.csj-emballages.com\/wp-content\/uploads\/2023\/10\/logo_csj.webp\",\"width\":250,\"height\":95,\"caption\":\"CSJ Emballages\"},\"image\":{\"@id\":\"https:\/\/www.csj-emballages.com\/pt-pt\/#\/schema\/logo\/image\/\"},\"sameAs\":[\"https:\/\/www.facebook.com\/csjemballages\"],\"address\":{\"@type\":\"PostalAddress\",\"streetAddress\":\"ZI La Lechere\",\"addressLocality\":\"Patornay\",\"postalCode\":\"39130\",\"addressCountry\":\"FR\"},\"contactPoint\":[{\"@type\":\"ContactPoint\",\"contactType\":\"Service client\",\"telephone\":\"0384254272\",\"email\":\"contact@csj-emballages.com\"}]}]}<\/script>\n<!-- \/ Yoast SEO Premium plugin. -->","yoast_head_json":{"title":"Forma de alum\u00ednio para tartes 70 ml por 100","description":"Forma de alum\u00ednio para tartes de 70 ml - ideal para cozer e apresentar mini tartes doces ou salgadas. Embalagem de 100, resistente e pr\u00e1tica.","robots":{"index":"index","follow":"follow","max-snippet":"max-snippet:-1","max-image-preview":"max-image-preview:large","max-video-preview":"max-video-preview:-1"},"canonical":"https:\/\/www.csj-emballages.com\/pt-pt\/produit\/100-formas-descartaveis-de-aluminio-para-tarteletes-de-70-ml\/","og_locale":"pt_PT","og_type":"article","og_title":"Forma de alum\u00ednio para tartes 70 ml por 100","og_description":"Forma de alum\u00ednio para tartes de 70 ml - ideal para cozer e apresentar mini tartes doces ou salgadas. Embalagem de 100, resistente e pr\u00e1tica.","og_url":"https:\/\/www.csj-emballages.com\/pt-pt\/produit\/100-formas-descartaveis-de-aluminio-para-tarteletes-de-70-ml\/","og_site_name":"CSJ Emballages","article_publisher":"https:\/\/www.facebook.com\/csjemballages","article_modified_time":"2026-05-06T00:19:00+00:00","og_image":[{"width":800,"height":800,"url":"https:\/\/www.csj-emballages.com\/wp-content\/uploads\/2024\/03\/TA-93-Photoroom-png.webp","type":"image\/png"}],"twitter_card":"summary_large_image","twitter_misc":{"Tempo estimado de leitura":"1 minuto"},"schema":{"@context":"https:\/\/schema.org","@graph":[{"@type":"WebPage","@id":"https:\/\/www.csj-emballages.com\/pt-pt\/produit\/100-formas-descartaveis-de-aluminio-para-tarteletes-de-70-ml\/","url":"https:\/\/www.csj-emballages.com\/pt-pt\/produit\/100-formas-descartaveis-de-aluminio-para-tarteletes-de-70-ml\/","name":"Forma de alum\u00ednio para tartes 70 ml por 100","isPartOf":{"@id":"https:\/\/www.csj-emballages.com\/pt-pt\/#website"},"primaryImageOfPage":{"@id":"https:\/\/www.csj-emballages.com\/pt-pt\/produit\/100-formas-descartaveis-de-aluminio-para-tarteletes-de-70-ml\/#primaryimage"},"image":{"@id":"https:\/\/www.csj-emballages.com\/pt-pt\/produit\/100-formas-descartaveis-de-aluminio-para-tarteletes-de-70-ml\/#primaryimage"},"thumbnailUrl":"https:\/\/www.csj-emballages.com\/wp-content\/uploads\/2024\/03\/TA-93-Photoroom-png.webp","datePublished":"2024-03-01T15:47:36+00:00","dateModified":"2026-05-06T00:19:00+00:00","description":"Forma de alum\u00ednio para tartes de 70 ml - ideal para cozer e apresentar mini tartes doces ou salgadas. Embalagem de 100, resistente e pr\u00e1tica.","breadcrumb":{"@id":"https:\/\/www.csj-emballages.com\/pt-pt\/produit\/100-formas-descartaveis-de-aluminio-para-tarteletes-de-70-ml\/#breadcrumb"},"inLanguage":"pt-PT","potentialAction":[{"@type":"ReadAction","target":["https:\/\/www.csj-emballages.com\/pt-pt\/produit\/100-formas-descartaveis-de-aluminio-para-tarteletes-de-70-ml\/"]}]},{"@type":"ImageObject","inLanguage":"pt-PT","@id":"https:\/\/www.csj-emballages.com\/pt-pt\/produit\/100-formas-descartaveis-de-aluminio-para-tarteletes-de-70-ml\/#primaryimage","url":"https:\/\/www.csj-emballages.com\/wp-content\/uploads\/2024\/03\/TA-93-Photoroom-png.webp","contentUrl":"https:\/\/www.csj-emballages.com\/wp-content\/uploads\/2024\/03\/TA-93-Photoroom-png.webp","width":800,"height":800,"caption":"Moule \u00e0 tartelette"},{"@type":"BreadcrumbList","@id":"https:\/\/www.csj-emballages.com\/pt-pt\/produit\/100-formas-descartaveis-de-aluminio-para-tarteletes-de-70-ml\/#breadcrumb","itemListElement":[{"@type":"ListItem","position":1,"name":"Acolhimento","item":"https:\/\/www.csj-emballages.com\/pt-pt\/universo-das-embalagens-alimentares\/"},{"@type":"ListItem","position":2,"name":"Shop","item":"https:\/\/www.csj-emballages.com\/shop\/"},{"@type":"ListItem","position":3,"name":"Forma de alum\u00ednio para tartes 70 ml por 100"}]},{"@type":"WebSite","@id":"https:\/\/www.csj-emballages.com\/pt-pt\/#website","url":"https:\/\/www.csj-emballages.com\/pt-pt\/","name":"CSJ Emballages","description":"","publisher":{"@id":"https:\/\/www.csj-emballages.com\/pt-pt\/#organization"},"potentialAction":[{"@type":"SearchAction","target":{"@type":"EntryPoint","urlTemplate":"https:\/\/www.csj-emballages.com\/pt-pt\/?s={search_term_string}"},"query-input":{"@type":"PropertyValueSpecification","valueRequired":true,"valueName":"search_term_string"}}],"inLanguage":"pt-PT"},{"@type":"Organization","@id":"https:\/\/www.csj-emballages.com\/pt-pt\/#Organization\/","name":"CSJ Emballages","url":"https:\/\/www.csj-emballages.com\/pt-pt\/","logo":{"@type":"ImageObject","inLanguage":"pt-PT","@id":"https:\/\/www.csj-emballages.com\/pt-pt\/#\/schema\/logo\/image\/","url":"https:\/\/www.csj-emballages.com\/wp-content\/uploads\/2023\/10\/logo_csj.webp","contentUrl":"https:\/\/www.csj-emballages.com\/wp-content\/uploads\/2023\/10\/logo_csj.webp","width":250,"height":95,"caption":"CSJ Emballages"},"image":{"@id":"https:\/\/www.csj-emballages.com\/pt-pt\/#\/schema\/logo\/image\/"},"sameAs":["https:\/\/www.facebook.com\/csjemballages"],"address":{"@type":"PostalAddress","streetAddress":"ZI La Lechere","addressLocality":"Patornay","postalCode":"39130","addressCountry":"FR"},"contactPoint":[{"@type":"ContactPoint","contactType":"Service client","telephone":"0384254272","email":"contact@csj-emballages.com"}]}]}},"df_price":5.15,"df_sale_price":"","df_regular_price":5.15,"df_image_link":"https:\/\/www.csj-emballages.com\/wp-content\/uploads\/2024\/03\/TA-93-Photoroom-300x300.webp","tiered_pricing_type":"fixed","tiered_pricing_fixed_rules":[],"tiered_pricing_percentage_rules":[],"tiered_pricing_minimum":1,"tiered_pricing_roles_data":[],"_links":{"self":[{"href":"https:\/\/www.csj-emballages.com\/pt-pt\/wp-json\/wp\/v2\/product\/23910","targetHints":{"allow":["GET"]}}],"collection":[{"href":"https:\/\/www.csj-emballages.com\/pt-pt\/wp-json\/wp\/v2\/product"}],"about":[{"href":"https:\/\/www.csj-emballages.com\/pt-pt\/wp-json\/wp\/v2\/types\/product"}],"wp:featuredmedia":[{"embeddable":true,"href":"https:\/\/www.csj-emballages.com\/pt-pt\/wp-json\/wp\/v2\/media\/228096"}],"wp:attachment":[{"href":"https:\/\/www.csj-emballages.com\/pt-pt\/wp-json\/wp\/v2\/media?parent=23910"}],"wp:term":[{"taxonomy":"product_brand","embeddable":true,"href":"https:\/\/www.csj-emballages.com\/pt-pt\/wp-json\/wp\/v2\/product_brand?post=23910"},{"taxonomy":"product_cat","embeddable":true,"href":"https:\/\/www.csj-emballages.com\/pt-pt\/wp-json\/wp\/v2\/product_cat?post=23910"},{"taxonomy":"product_tag","embeddable":true,"href":"https:\/\/www.csj-emballages.com\/pt-pt\/wp-json\/wp\/v2\/product_tag?post=23910"}],"curies":[{"name":"wp","href":"https:\/\/api.w.org\/{rel}","templated":true}]}}