{"id":23835,"date":"2024-03-01T16:47:38","date_gmt":"2024-03-01T15:47:38","guid":{"rendered":"https:\/\/u15jnbdpoq.preview.infomaniak.website\/produit\/12-rolos-de-papel-higienico-jumbo-mini-algodao-branco-de-2-camadas-180-m\/"},"modified":"2026-04-21T02:18:01","modified_gmt":"2026-04-21T00:18:01","slug":"12-rolos-de-papel-higienico-jumbo-mini-algodao-branco-de-2-camadas-180-m","status":"publish","type":"product","link":"https:\/\/www.csj-emballages.com\/pt-pt\/produit\/12-rolos-de-papel-higienico-jumbo-mini-algodao-branco-de-2-camadas-180-m\/","title":{"rendered":"Rolo de papel higi\u00e9nico mini JUMBO branco, 2 folhas, 180 m por 12"},"content":{"rendered":"<h2>Rolo de papel higi\u00e9nico<\/h2>\n<hr>\n<h3>Descri\u00e7\u00e3o do nosso rolo de papel higi\u00e9nico mini JUMBO branco, 2 folhas, 180 m por 12<\/h3>\n<p><!--more--><\/p>\n<div class=\"flex max-w-full flex-col flex-grow\">\n<div class=\"min-h-8 text-message flex w-full flex-col items-end gap-2 whitespace-normal break-words text-start [.text-message+&amp;]:mt-5\" dir=\"auto\" data-message-author-role=\"assistant\" data-message-id=\"266ca6f3-5e07-4948-bd20-80ac5e6da4a5\" data-message-model-slug=\"gpt-4o\">\n<div class=\"flex w-full flex-col gap-1 empty:hidden first:pt-[3px]\">\n<div class=\"markdown prose w-full break-words dark:prose-invert dark\">\n<p>Opte por um conforto ideal com este <strong>rolo de papel higi\u00e9nico mini JUMBO em branco<\/strong>. Fabricado com <strong>2 folhas<\/strong>, oferece uma <strong>suavidade agrad\u00e1vel<\/strong> e uma <strong>resist\u00eancia ideal<\/strong> para uso di\u00e1rio. Adequado tanto para <strong>profissionais<\/strong> (restaurantes, hot\u00e9is, escrit\u00f3rios) como para <strong>particulares<\/strong>, este lote de 12 <strong>rolos de 180 m<\/strong> garante uma <strong>boa autonomia<\/strong> e uma excelente rela\u00e7\u00e3o qualidade-pre\u00e7o.  <\/p>\n<h3><\/h3>\n<\/div>\n<\/div>\n<\/div>\n<\/div>\n<p><!--more--><\/p>\n<h4>Vantagens :<\/h4>\n<ul>\n<li>Pasta de papel de qualidade para uma utiliza\u00e7\u00e3o agrad\u00e1vel.<\/li>\n<li>2 folhas para uma maior resist\u00eancia.<\/li>\n<li>180 m por rolo para uma dura\u00e7\u00e3o prolongada.<\/li>\n<li>Adequado para instala\u00e7\u00f5es sanit\u00e1rias profissionais e dom\u00e9sticas.<\/li>\n<li>Lote de 12 rolos para um abastecimento facilitado<\/li>\n<\/ul>\n<p>&nbsp;<\/p>\n<p><!--more--><\/p>\n<h4>Outras informa\u00e7\u00f5es :<\/h4>\n<ul>\n<li><strong>Embalagem<\/strong>: Pacote de 12<\/li>\n<li><strong>Material<\/strong>: Pasta de papel pura<\/li>\n<li><strong>N\u00famero de folhas<\/strong>: 2<\/li>\n<li><b>Comprimento:<\/b> 180 m<\/li>\n<li><strong>Tipo<\/strong>: Waffle<\/li>\n<li><strong>Cor<\/strong>: Branco<\/li>\n<\/ul>\n<p>&nbsp;<\/p>\n<p><!--more--><\/p>\n<p>Encontre aqui o nosso distribuidor compat\u00edvel com este papel higi\u00e9nico: <span style=\"color: #d12727;\"><a style=\"color: #d12727;\" href=\"https:\/\/www.csj-emballages.com\/es\/produit\/dispensador-de-papel-higienico-mini-jumbo-para-ref-t180d60\/\">DISTRITO180<\/a><\/span><\/p>\n<p>&nbsp;<\/p>\n<p><!--more--><\/p>\n<p><a href=\"\/?product_cat=papier-hygieneniques\">Consulte o resto da nossa gama de papel higi\u00e9nico<\/a><\/p>\n","protected":false},"excerpt":{"rendered":"<p>Rolo de papel higi\u00e9nico Descri\u00e7\u00e3o do nosso rolo de papel higi\u00e9nico mini JUMBO branco, 2 folhas, 180 m por 12<\/p>\n","protected":false},"featured_media":221748,"template":"","meta":{"_acf_changed":false},"product_brand":[],"product_cat":[1222,1382,1383],"product_tag":[],"class_list":{"0":"post-23835","1":"product","2":"type-product","3":"status-publish","4":"has-post-thumbnail","6":"product_cat-higiene-e-manutencao","7":"product_cat-limpar","8":"product_cat-papel-higienico","10":"first","11":"instock","12":"taxable","13":"shipping-taxable","14":"purchasable","15":"product-type-simple"},"acf":[],"yoast_head":"<!-- This site is optimized with the Yoast SEO Premium plugin v26.6 (Yoast SEO v26.6) - https:\/\/yoast.com\/wordpress\/plugins\/seo\/ -->\n<title>Rolo de Papel Higi\u00e9nico Mini JUMBO Branco, 2 folhas, 180 m<\/title>\n<meta name=\"description\" content=\"Descubra o nosso Rolo de Papel Higi\u00e9nico Mini JUMBO Branco, 2 folhas, 180 m por 12. Opte por um pacote de 12 rolos de papel higi\u00e9nico de pasta de papel pura\" \/>\n<meta name=\"robots\" content=\"index, follow, max-snippet:-1, max-image-preview:large, max-video-preview:-1\" \/>\n<link rel=\"canonical\" href=\"https:\/\/www.csj-emballages.com\/pt-pt\/produit\/12-rolos-de-papel-higienico-jumbo-mini-algodao-branco-de-2-camadas-180-m\/\" \/>\n<meta property=\"og:locale\" content=\"pt_PT\" \/>\n<meta property=\"og:type\" content=\"article\" \/>\n<meta property=\"og:title\" content=\"Rolo de papel higi\u00e9nico mini JUMBO branco, 2 folhas, 180 m por 12\" \/>\n<meta property=\"og:description\" content=\"Descubra o nosso Rolo de Papel Higi\u00e9nico Mini JUMBO Branco, 2 folhas, 180 m por 12. Opte por um pacote de 12 rolos de papel higi\u00e9nico de pasta de papel pura\" \/>\n<meta property=\"og:url\" content=\"https:\/\/www.csj-emballages.com\/pt-pt\/produit\/12-rolos-de-papel-higienico-jumbo-mini-algodao-branco-de-2-camadas-180-m\/\" \/>\n<meta property=\"og:site_name\" content=\"CSJ Emballages\" \/>\n<meta property=\"article:publisher\" content=\"https:\/\/www.facebook.com\/csjemballages\" \/>\n<meta property=\"article:modified_time\" content=\"2026-04-21T00:18:01+00:00\" \/>\n<meta property=\"og:image\" content=\"https:\/\/www.csj-emballages.com\/wp-content\/uploads\/2024\/03\/T180D60.webp\" \/>\n\t<meta property=\"og:image:width\" content=\"800\" \/>\n\t<meta property=\"og:image:height\" content=\"800\" \/>\n\t<meta property=\"og:image:type\" content=\"image\/webp\" \/>\n<meta name=\"twitter:card\" content=\"summary_large_image\" \/>\n<meta name=\"twitter:label1\" content=\"Tempo estimado de leitura\" \/>\n\t<meta name=\"twitter:data1\" content=\"1 minuto\" \/>\n<script type=\"application\/ld+json\" class=\"yoast-schema-graph\">{\"@context\":\"https:\/\/schema.org\",\"@graph\":[{\"@type\":\"WebPage\",\"@id\":\"https:\/\/www.csj-emballages.com\/pt-pt\/produit\/12-rolos-de-papel-higienico-jumbo-mini-algodao-branco-de-2-camadas-180-m\/\",\"url\":\"https:\/\/www.csj-emballages.com\/pt-pt\/produit\/12-rolos-de-papel-higienico-jumbo-mini-algodao-branco-de-2-camadas-180-m\/\",\"name\":\"Rolo de Papel Higi\u00e9nico Mini JUMBO Branco, 2 folhas, 180 m\",\"isPartOf\":{\"@id\":\"https:\/\/www.csj-emballages.com\/pt-pt\/#website\"},\"primaryImageOfPage\":{\"@id\":\"https:\/\/www.csj-emballages.com\/pt-pt\/produit\/12-rolos-de-papel-higienico-jumbo-mini-algodao-branco-de-2-camadas-180-m\/#primaryimage\"},\"image\":{\"@id\":\"https:\/\/www.csj-emballages.com\/pt-pt\/produit\/12-rolos-de-papel-higienico-jumbo-mini-algodao-branco-de-2-camadas-180-m\/#primaryimage\"},\"thumbnailUrl\":\"https:\/\/www.csj-emballages.com\/wp-content\/uploads\/2024\/03\/T180D60.webp\",\"datePublished\":\"2024-03-01T15:47:38+00:00\",\"dateModified\":\"2026-04-21T00:18:01+00:00\",\"description\":\"Descubra o nosso Rolo de Papel Higi\u00e9nico Mini JUMBO Branco, 2 folhas, 180 m por 12. Opte por um pacote de 12 rolos de papel higi\u00e9nico de pasta de papel pura\",\"breadcrumb\":{\"@id\":\"https:\/\/www.csj-emballages.com\/pt-pt\/produit\/12-rolos-de-papel-higienico-jumbo-mini-algodao-branco-de-2-camadas-180-m\/#breadcrumb\"},\"inLanguage\":\"pt-PT\",\"potentialAction\":[{\"@type\":\"ReadAction\",\"target\":[\"https:\/\/www.csj-emballages.com\/pt-pt\/produit\/12-rolos-de-papel-higienico-jumbo-mini-algodao-branco-de-2-camadas-180-m\/\"]}]},{\"@type\":\"ImageObject\",\"inLanguage\":\"pt-PT\",\"@id\":\"https:\/\/www.csj-emballages.com\/pt-pt\/produit\/12-rolos-de-papel-higienico-jumbo-mini-algodao-branco-de-2-camadas-180-m\/#primaryimage\",\"url\":\"https:\/\/www.csj-emballages.com\/wp-content\/uploads\/2024\/03\/T180D60.webp\",\"contentUrl\":\"https:\/\/www.csj-emballages.com\/wp-content\/uploads\/2024\/03\/T180D60.webp\",\"width\":800,\"height\":800,\"caption\":\"Rouleau papier toilette\"},{\"@type\":\"BreadcrumbList\",\"@id\":\"https:\/\/www.csj-emballages.com\/pt-pt\/produit\/12-rolos-de-papel-higienico-jumbo-mini-algodao-branco-de-2-camadas-180-m\/#breadcrumb\",\"itemListElement\":[{\"@type\":\"ListItem\",\"position\":1,\"name\":\"Acolhimento\",\"item\":\"https:\/\/www.csj-emballages.com\/pt-pt\/universo-das-embalagens-alimentares\/\"},{\"@type\":\"ListItem\",\"position\":2,\"name\":\"Shop\",\"item\":\"https:\/\/www.csj-emballages.com\/shop\/\"},{\"@type\":\"ListItem\",\"position\":3,\"name\":\"Rolo de papel higi\u00e9nico mini JUMBO branco, 2 folhas, 180 m por 12\"}]},{\"@type\":\"WebSite\",\"@id\":\"https:\/\/www.csj-emballages.com\/pt-pt\/#website\",\"url\":\"https:\/\/www.csj-emballages.com\/pt-pt\/\",\"name\":\"CSJ Emballages\",\"description\":\"\",\"publisher\":{\"@id\":\"https:\/\/www.csj-emballages.com\/pt-pt\/#organization\"},\"potentialAction\":[{\"@type\":\"SearchAction\",\"target\":{\"@type\":\"EntryPoint\",\"urlTemplate\":\"https:\/\/www.csj-emballages.com\/pt-pt\/?s={search_term_string}\"},\"query-input\":{\"@type\":\"PropertyValueSpecification\",\"valueRequired\":true,\"valueName\":\"search_term_string\"}}],\"inLanguage\":\"pt-PT\"},{\"@type\":\"Organization\",\"@id\":\"https:\/\/www.csj-emballages.com\/pt-pt\/#Organization\/\",\"name\":\"CSJ Emballages\",\"url\":\"https:\/\/www.csj-emballages.com\/pt-pt\/\",\"logo\":{\"@type\":\"ImageObject\",\"inLanguage\":\"pt-PT\",\"@id\":\"https:\/\/www.csj-emballages.com\/pt-pt\/#\/schema\/logo\/image\/\",\"url\":\"https:\/\/www.csj-emballages.com\/wp-content\/uploads\/2023\/10\/logo_csj.webp\",\"contentUrl\":\"https:\/\/www.csj-emballages.com\/wp-content\/uploads\/2023\/10\/logo_csj.webp\",\"width\":250,\"height\":95,\"caption\":\"CSJ Emballages\"},\"image\":{\"@id\":\"https:\/\/www.csj-emballages.com\/pt-pt\/#\/schema\/logo\/image\/\"},\"sameAs\":[\"https:\/\/www.facebook.com\/csjemballages\"],\"address\":{\"@type\":\"PostalAddress\",\"streetAddress\":\"ZI La Lechere\",\"addressLocality\":\"Patornay\",\"postalCode\":\"39130\",\"addressCountry\":\"FR\"},\"contactPoint\":[{\"@type\":\"ContactPoint\",\"contactType\":\"Service client\",\"telephone\":\"0384254272\",\"email\":\"contact@csj-emballages.com\"}]}]}<\/script>\n<!-- \/ Yoast SEO Premium plugin. -->","yoast_head_json":{"title":"Rolo de Papel Higi\u00e9nico Mini JUMBO Branco, 2 folhas, 180 m","description":"Descubra o nosso Rolo de Papel Higi\u00e9nico Mini JUMBO Branco, 2 folhas, 180 m por 12. Opte por um pacote de 12 rolos de papel higi\u00e9nico de pasta de papel pura","robots":{"index":"index","follow":"follow","max-snippet":"max-snippet:-1","max-image-preview":"max-image-preview:large","max-video-preview":"max-video-preview:-1"},"canonical":"https:\/\/www.csj-emballages.com\/pt-pt\/produit\/12-rolos-de-papel-higienico-jumbo-mini-algodao-branco-de-2-camadas-180-m\/","og_locale":"pt_PT","og_type":"article","og_title":"Rolo de papel higi\u00e9nico mini JUMBO branco, 2 folhas, 180 m por 12","og_description":"Descubra o nosso Rolo de Papel Higi\u00e9nico Mini JUMBO Branco, 2 folhas, 180 m por 12. Opte por um pacote de 12 rolos de papel higi\u00e9nico de pasta de papel pura","og_url":"https:\/\/www.csj-emballages.com\/pt-pt\/produit\/12-rolos-de-papel-higienico-jumbo-mini-algodao-branco-de-2-camadas-180-m\/","og_site_name":"CSJ Emballages","article_publisher":"https:\/\/www.facebook.com\/csjemballages","article_modified_time":"2026-04-21T00:18:01+00:00","og_image":[{"width":800,"height":800,"url":"https:\/\/www.csj-emballages.com\/wp-content\/uploads\/2024\/03\/T180D60.webp","type":"image\/webp"}],"twitter_card":"summary_large_image","twitter_misc":{"Tempo estimado de leitura":"1 minuto"},"schema":{"@context":"https:\/\/schema.org","@graph":[{"@type":"WebPage","@id":"https:\/\/www.csj-emballages.com\/pt-pt\/produit\/12-rolos-de-papel-higienico-jumbo-mini-algodao-branco-de-2-camadas-180-m\/","url":"https:\/\/www.csj-emballages.com\/pt-pt\/produit\/12-rolos-de-papel-higienico-jumbo-mini-algodao-branco-de-2-camadas-180-m\/","name":"Rolo de Papel Higi\u00e9nico Mini JUMBO Branco, 2 folhas, 180 m","isPartOf":{"@id":"https:\/\/www.csj-emballages.com\/pt-pt\/#website"},"primaryImageOfPage":{"@id":"https:\/\/www.csj-emballages.com\/pt-pt\/produit\/12-rolos-de-papel-higienico-jumbo-mini-algodao-branco-de-2-camadas-180-m\/#primaryimage"},"image":{"@id":"https:\/\/www.csj-emballages.com\/pt-pt\/produit\/12-rolos-de-papel-higienico-jumbo-mini-algodao-branco-de-2-camadas-180-m\/#primaryimage"},"thumbnailUrl":"https:\/\/www.csj-emballages.com\/wp-content\/uploads\/2024\/03\/T180D60.webp","datePublished":"2024-03-01T15:47:38+00:00","dateModified":"2026-04-21T00:18:01+00:00","description":"Descubra o nosso Rolo de Papel Higi\u00e9nico Mini JUMBO Branco, 2 folhas, 180 m por 12. Opte por um pacote de 12 rolos de papel higi\u00e9nico de pasta de papel pura","breadcrumb":{"@id":"https:\/\/www.csj-emballages.com\/pt-pt\/produit\/12-rolos-de-papel-higienico-jumbo-mini-algodao-branco-de-2-camadas-180-m\/#breadcrumb"},"inLanguage":"pt-PT","potentialAction":[{"@type":"ReadAction","target":["https:\/\/www.csj-emballages.com\/pt-pt\/produit\/12-rolos-de-papel-higienico-jumbo-mini-algodao-branco-de-2-camadas-180-m\/"]}]},{"@type":"ImageObject","inLanguage":"pt-PT","@id":"https:\/\/www.csj-emballages.com\/pt-pt\/produit\/12-rolos-de-papel-higienico-jumbo-mini-algodao-branco-de-2-camadas-180-m\/#primaryimage","url":"https:\/\/www.csj-emballages.com\/wp-content\/uploads\/2024\/03\/T180D60.webp","contentUrl":"https:\/\/www.csj-emballages.com\/wp-content\/uploads\/2024\/03\/T180D60.webp","width":800,"height":800,"caption":"Rouleau papier toilette"},{"@type":"BreadcrumbList","@id":"https:\/\/www.csj-emballages.com\/pt-pt\/produit\/12-rolos-de-papel-higienico-jumbo-mini-algodao-branco-de-2-camadas-180-m\/#breadcrumb","itemListElement":[{"@type":"ListItem","position":1,"name":"Acolhimento","item":"https:\/\/www.csj-emballages.com\/pt-pt\/universo-das-embalagens-alimentares\/"},{"@type":"ListItem","position":2,"name":"Shop","item":"https:\/\/www.csj-emballages.com\/shop\/"},{"@type":"ListItem","position":3,"name":"Rolo de papel higi\u00e9nico mini JUMBO branco, 2 folhas, 180 m por 12"}]},{"@type":"WebSite","@id":"https:\/\/www.csj-emballages.com\/pt-pt\/#website","url":"https:\/\/www.csj-emballages.com\/pt-pt\/","name":"CSJ Emballages","description":"","publisher":{"@id":"https:\/\/www.csj-emballages.com\/pt-pt\/#organization"},"potentialAction":[{"@type":"SearchAction","target":{"@type":"EntryPoint","urlTemplate":"https:\/\/www.csj-emballages.com\/pt-pt\/?s={search_term_string}"},"query-input":{"@type":"PropertyValueSpecification","valueRequired":true,"valueName":"search_term_string"}}],"inLanguage":"pt-PT"},{"@type":"Organization","@id":"https:\/\/www.csj-emballages.com\/pt-pt\/#Organization\/","name":"CSJ Emballages","url":"https:\/\/www.csj-emballages.com\/pt-pt\/","logo":{"@type":"ImageObject","inLanguage":"pt-PT","@id":"https:\/\/www.csj-emballages.com\/pt-pt\/#\/schema\/logo\/image\/","url":"https:\/\/www.csj-emballages.com\/wp-content\/uploads\/2023\/10\/logo_csj.webp","contentUrl":"https:\/\/www.csj-emballages.com\/wp-content\/uploads\/2023\/10\/logo_csj.webp","width":250,"height":95,"caption":"CSJ Emballages"},"image":{"@id":"https:\/\/www.csj-emballages.com\/pt-pt\/#\/schema\/logo\/image\/"},"sameAs":["https:\/\/www.facebook.com\/csjemballages"],"address":{"@type":"PostalAddress","streetAddress":"ZI La Lechere","addressLocality":"Patornay","postalCode":"39130","addressCountry":"FR"},"contactPoint":[{"@type":"ContactPoint","contactType":"Service client","telephone":"0384254272","email":"contact@csj-emballages.com"}]}]}},"df_price":21.53,"df_sale_price":"","df_regular_price":21.53,"df_image_link":"https:\/\/www.csj-emballages.com\/wp-content\/uploads\/2024\/03\/T180D60-300x300.webp","tiered_pricing_type":"fixed","tiered_pricing_fixed_rules":[],"tiered_pricing_percentage_rules":[],"tiered_pricing_minimum":1,"tiered_pricing_roles_data":[],"_links":{"self":[{"href":"https:\/\/www.csj-emballages.com\/pt-pt\/wp-json\/wp\/v2\/product\/23835","targetHints":{"allow":["GET"]}}],"collection":[{"href":"https:\/\/www.csj-emballages.com\/pt-pt\/wp-json\/wp\/v2\/product"}],"about":[{"href":"https:\/\/www.csj-emballages.com\/pt-pt\/wp-json\/wp\/v2\/types\/product"}],"wp:featuredmedia":[{"embeddable":true,"href":"https:\/\/www.csj-emballages.com\/pt-pt\/wp-json\/wp\/v2\/media\/221748"}],"wp:attachment":[{"href":"https:\/\/www.csj-emballages.com\/pt-pt\/wp-json\/wp\/v2\/media?parent=23835"}],"wp:term":[{"taxonomy":"product_brand","embeddable":true,"href":"https:\/\/www.csj-emballages.com\/pt-pt\/wp-json\/wp\/v2\/product_brand?post=23835"},{"taxonomy":"product_cat","embeddable":true,"href":"https:\/\/www.csj-emballages.com\/pt-pt\/wp-json\/wp\/v2\/product_cat?post=23835"},{"taxonomy":"product_tag","embeddable":true,"href":"https:\/\/www.csj-emballages.com\/pt-pt\/wp-json\/wp\/v2\/product_tag?post=23835"}],"curies":[{"name":"wp","href":"https:\/\/api.w.org\/{rel}","templated":true}]}}