{"id":23826,"date":"2024-03-01T16:47:38","date_gmt":"2024-03-01T15:47:38","guid":{"rendered":"https:\/\/u15jnbdpoq.preview.infomaniak.website\/produit\/100-frascos-de-molho-transparentes-de-60-ml\/"},"modified":"2026-04-17T02:17:09","modified_gmt":"2026-04-17T00:17:09","slug":"100-frascos-de-molho-transparentes-de-60-ml","status":"publish","type":"product","link":"https:\/\/www.csj-emballages.com\/pt-pt\/produit\/100-frascos-de-molho-transparentes-de-60-ml\/","title":{"rendered":"Frasco de pl\u00e1stico para molhos 60 ml por 100"},"content":{"rendered":"<h2>Panela de molho<\/h2>\n<hr>\n<h3>Descri\u00e7\u00e3o do nosso frasco de pl\u00e1stico para molhos de salada 60 ml por 100<\/h3>\n<p><!--more--><\/p>\n<p data-start=\"268\" data-end=\"610\">Simples, pr\u00e1tica e sempre \u00fatil, a <strong data-start=\"307\" data-end=\"338\">molheira de pl\u00e1stico de 60 ml<\/strong> \u00e9 um elemento essencial para o take-away. Permite oferecer uma <strong>dose de molho bem medida<\/strong>, sem exagerar nem ser insuficiente. Seja para acompanhar batatas fritas, nuggets, saladas ou wraps, adapta-se facilmente a todas as utiliza\u00e7\u00f5es do dia a dia.  <\/p>\n<p data-start=\"612\" data-end=\"945\">Gra\u00e7as ao seu formato compacto, cabe facilmente num saco ou numa embalagem, sem ocupar espa\u00e7o. A sua <g id=\"gid_0\"><g id=\"gid_1\"><g id=\"gid_2\">tampa de encaixe<\/g><\/g><\/g> fecha corretamente, o que evita fugas durante o transporte. Resultado: os seus clientes recebem os molhos limpos, intactos e prontos para serem degustados, mesmo ap\u00f3s v\u00e1rios minutos de viagem.  <\/p>\n<p data-start=\"947\" data-end=\"1296\">O <strong>pl\u00e1stico transparente<\/strong> \u00e9 uma mais-valia. Permite identificar rapidamente o conte\u00fado, tanto na cozinha como para o cliente. Ganha tempo ao preparar as encomendas e limita os erros. Al\u00e9m disso, a <strong>molheira<\/strong> \u00e9 suficientemente r\u00edgida para ser manuseada facilmente, sem se deformar ao ench\u00ea-la ou fech\u00e1-la.   <\/p>\n<p data-start=\"1298\" data-end=\"1578\">Vendida <strong data-start=\"1304\" data-end=\"1322\">em lote de 100<\/strong>, este formato \u00e9 ideal para restaurantes, snack-bares, food trucks ou servi\u00e7os de entrega que procuram uma solu\u00e7\u00e3o fi\u00e1vel e econ\u00f3mica. \u00c9 adequada tanto para molhos frios como para prepara\u00e7\u00f5es mais espessas, como cremes ou condimentos caseiros. <\/p>\n<p data-start=\"1580\" data-end=\"1764\">Em resumo, esta <strong>molheira<\/strong> faz exatamente o que se espera dela: simplifica o servi\u00e7o, garante a seguran\u00e7a do transporte e melhora a experi\u00eancia do cliente, sem adicionar constrangimentos desnecess\u00e1rios.<\/p>\n<p>&nbsp;<\/p>\n<p><!--more--><\/p>\n<p><strong><span style=\"color: #ff0000;\">*A capa \u00e9 vendida separadamente. (Ver liga\u00e7\u00e3o abaixo) <\/span><\/strong><\/p>\n<p>&nbsp;<\/p>\n<p><!--more--><\/p>\n<h4>Vantagens :<\/h4>\n<ul>\n<li data-start=\"1792\" data-end=\"1846\">Capacidade ideal de <strong>60 ml<\/strong> para molhos e condimentos<\/li>\n<li data-start=\"1849\" data-end=\"1895\"><strong>Tampa de encaixe<\/strong> para um transporte limpo<\/li>\n<li data-start=\"1898\" data-end=\"1952\">Pl\u00e1stico transparente para uma identifica\u00e7\u00e3o r\u00e1pida<\/li>\n<li data-start=\"1955\" data-end=\"1985\">F\u00e1cil de encher e fechar<\/li>\n<li data-start=\"1988\" data-end=\"2037\">Lote de <strong>100<\/strong> pr\u00e1tico para uso profissional.<\/li>\n<\/ul>\n<p>&nbsp;<\/p>\n<p><!--more--><\/p>\n<h4>Outras informa\u00e7\u00f5es :<\/h4>\n<ul>\n<li><strong>Di\u00e2metro<\/strong>: \u00d862 mm<\/li>\n<li><strong>Altura<\/strong>: 30 mm<\/li>\n<li><strong>Volume<\/strong>: 60 ml<\/li>\n<li><strong>Embalagem<\/strong>: Pacote de 100<\/li>\n<li><strong>Material<\/strong>: PET<\/li>\n<\/ul>\n<p>&nbsp;<\/p>\n<p><!--more--><\/p>\n<p><span style=\"color: #d12727;\"><a style=\"color: #d12727;\" href=\"https:\/\/www.csj-emballages.com\/es\/produit\/100-tapas-para-ollas-t200\/\">Clique aqui para obter a capa, vendida separadamente  <\/a><\/span><\/p>\n<p>&nbsp;<\/p>\n<p><!--more--><\/p>\n<p><a href=\"https:\/\/www.csj-emballages.com\/pt-pt\/categorie-produit\/embalagem-de-alimentos\/restauracao\/tachos-tigelas-suportes-para-copos\/potes-de-molho\/\">Consulte o resto da nossa gama de molheiras<\/a><\/p>\n","protected":false},"excerpt":{"rendered":"<p>Panela de molho Descri\u00e7\u00e3o do nosso frasco de pl\u00e1stico para molhos de salada 60 ml por 100<\/p>\n","protected":false},"featured_media":204192,"template":"","meta":{"_acf_changed":false},"product_brand":[],"product_cat":[1138,3098],"product_tag":[],"class_list":{"0":"post-23826","1":"product","2":"type-product","3":"status-publish","4":"has-post-thumbnail","6":"product_cat-restauracao","7":"product_cat-potes-de-molho","9":"first","10":"instock","11":"taxable","12":"shipping-taxable","13":"purchasable","14":"product-type-simple"},"acf":[],"yoast_head":"<!-- This site is optimized with the Yoast SEO Premium plugin v26.6 (Yoast SEO v26.6) - https:\/\/yoast.com\/wordpress\/plugins\/seo\/ -->\n<title>Molheira de Pl\u00e1stico - 60 ml<\/title>\n<meta name=\"description\" content=\"Molheira de pl\u00e1stico 60 ml com tampa, vendida em embalagens de 100 unidades. Pr\u00e1tica, herm\u00e9tica e transparente, ideal para take-away e entregas.\" \/>\n<meta name=\"robots\" content=\"index, follow, max-snippet:-1, max-image-preview:large, max-video-preview:-1\" \/>\n<link rel=\"canonical\" href=\"https:\/\/www.csj-emballages.com\/pt-pt\/produit\/100-frascos-de-molho-transparentes-de-60-ml\/\" \/>\n<meta property=\"og:locale\" content=\"pt_PT\" \/>\n<meta property=\"og:type\" content=\"article\" \/>\n<meta property=\"og:title\" content=\"Frasco de pl\u00e1stico para molhos 60 ml por 100\" \/>\n<meta property=\"og:description\" content=\"Molheira de pl\u00e1stico 60 ml com tampa, vendida em embalagens de 100 unidades. Pr\u00e1tica, herm\u00e9tica e transparente, ideal para take-away e entregas.\" \/>\n<meta property=\"og:url\" content=\"https:\/\/www.csj-emballages.com\/pt-pt\/produit\/100-frascos-de-molho-transparentes-de-60-ml\/\" \/>\n<meta property=\"og:site_name\" content=\"CSJ Emballages\" \/>\n<meta property=\"article:publisher\" content=\"https:\/\/www.facebook.com\/csjemballages\" \/>\n<meta property=\"article:modified_time\" content=\"2026-04-17T00:17:09+00:00\" \/>\n<meta property=\"og:image\" content=\"https:\/\/www.csj-emballages.com\/wp-content\/uploads\/2024\/03\/T200.webp\" \/>\n\t<meta property=\"og:image:width\" content=\"801\" \/>\n\t<meta property=\"og:image:height\" content=\"801\" \/>\n\t<meta property=\"og:image:type\" content=\"image\/webp\" \/>\n<meta name=\"twitter:card\" content=\"summary_large_image\" \/>\n<meta name=\"twitter:label1\" content=\"Tempo estimado de leitura\" \/>\n\t<meta name=\"twitter:data1\" content=\"2 minutos\" \/>\n<script type=\"application\/ld+json\" class=\"yoast-schema-graph\">{\"@context\":\"https:\/\/schema.org\",\"@graph\":[{\"@type\":\"WebPage\",\"@id\":\"https:\/\/www.csj-emballages.com\/pt-pt\/produit\/100-frascos-de-molho-transparentes-de-60-ml\/\",\"url\":\"https:\/\/www.csj-emballages.com\/pt-pt\/produit\/100-frascos-de-molho-transparentes-de-60-ml\/\",\"name\":\"Molheira de Pl\u00e1stico - 60 ml\",\"isPartOf\":{\"@id\":\"https:\/\/www.csj-emballages.com\/pt-pt\/#website\"},\"primaryImageOfPage\":{\"@id\":\"https:\/\/www.csj-emballages.com\/pt-pt\/produit\/100-frascos-de-molho-transparentes-de-60-ml\/#primaryimage\"},\"image\":{\"@id\":\"https:\/\/www.csj-emballages.com\/pt-pt\/produit\/100-frascos-de-molho-transparentes-de-60-ml\/#primaryimage\"},\"thumbnailUrl\":\"https:\/\/www.csj-emballages.com\/wp-content\/uploads\/2024\/03\/T200.webp\",\"datePublished\":\"2024-03-01T15:47:38+00:00\",\"dateModified\":\"2026-04-17T00:17:09+00:00\",\"description\":\"Molheira de pl\u00e1stico 60 ml com tampa, vendida em embalagens de 100 unidades. Pr\u00e1tica, herm\u00e9tica e transparente, ideal para take-away e entregas.\",\"breadcrumb\":{\"@id\":\"https:\/\/www.csj-emballages.com\/pt-pt\/produit\/100-frascos-de-molho-transparentes-de-60-ml\/#breadcrumb\"},\"inLanguage\":\"pt-PT\",\"potentialAction\":[{\"@type\":\"ReadAction\",\"target\":[\"https:\/\/www.csj-emballages.com\/pt-pt\/produit\/100-frascos-de-molho-transparentes-de-60-ml\/\"]}]},{\"@type\":\"ImageObject\",\"inLanguage\":\"pt-PT\",\"@id\":\"https:\/\/www.csj-emballages.com\/pt-pt\/produit\/100-frascos-de-molho-transparentes-de-60-ml\/#primaryimage\",\"url\":\"https:\/\/www.csj-emballages.com\/wp-content\/uploads\/2024\/03\/T200.webp\",\"contentUrl\":\"https:\/\/www.csj-emballages.com\/wp-content\/uploads\/2024\/03\/T200.webp\",\"width\":801,\"height\":801,\"caption\":\"Pot a sauce\"},{\"@type\":\"BreadcrumbList\",\"@id\":\"https:\/\/www.csj-emballages.com\/pt-pt\/produit\/100-frascos-de-molho-transparentes-de-60-ml\/#breadcrumb\",\"itemListElement\":[{\"@type\":\"ListItem\",\"position\":1,\"name\":\"Acolhimento\",\"item\":\"https:\/\/www.csj-emballages.com\/pt-pt\/universo-das-embalagens-alimentares\/\"},{\"@type\":\"ListItem\",\"position\":2,\"name\":\"Shop\",\"item\":\"https:\/\/www.csj-emballages.com\/shop\/\"},{\"@type\":\"ListItem\",\"position\":3,\"name\":\"Frasco de pl\u00e1stico para molhos 60 ml por 100\"}]},{\"@type\":\"WebSite\",\"@id\":\"https:\/\/www.csj-emballages.com\/pt-pt\/#website\",\"url\":\"https:\/\/www.csj-emballages.com\/pt-pt\/\",\"name\":\"CSJ Emballages\",\"description\":\"\",\"publisher\":{\"@id\":\"https:\/\/www.csj-emballages.com\/pt-pt\/#organization\"},\"potentialAction\":[{\"@type\":\"SearchAction\",\"target\":{\"@type\":\"EntryPoint\",\"urlTemplate\":\"https:\/\/www.csj-emballages.com\/pt-pt\/?s={search_term_string}\"},\"query-input\":{\"@type\":\"PropertyValueSpecification\",\"valueRequired\":true,\"valueName\":\"search_term_string\"}}],\"inLanguage\":\"pt-PT\"},{\"@type\":\"Organization\",\"@id\":\"https:\/\/www.csj-emballages.com\/pt-pt\/#Organization\/\",\"name\":\"CSJ Emballages\",\"url\":\"https:\/\/www.csj-emballages.com\/pt-pt\/\",\"logo\":{\"@type\":\"ImageObject\",\"inLanguage\":\"pt-PT\",\"@id\":\"https:\/\/www.csj-emballages.com\/pt-pt\/#\/schema\/logo\/image\/\",\"url\":\"https:\/\/www.csj-emballages.com\/wp-content\/uploads\/2023\/10\/logo_csj.webp\",\"contentUrl\":\"https:\/\/www.csj-emballages.com\/wp-content\/uploads\/2023\/10\/logo_csj.webp\",\"width\":250,\"height\":95,\"caption\":\"CSJ Emballages\"},\"image\":{\"@id\":\"https:\/\/www.csj-emballages.com\/pt-pt\/#\/schema\/logo\/image\/\"},\"sameAs\":[\"https:\/\/www.facebook.com\/csjemballages\"],\"address\":{\"@type\":\"PostalAddress\",\"streetAddress\":\"ZI La Lechere\",\"addressLocality\":\"Patornay\",\"postalCode\":\"39130\",\"addressCountry\":\"FR\"},\"contactPoint\":[{\"@type\":\"ContactPoint\",\"contactType\":\"Service client\",\"telephone\":\"0384254272\",\"email\":\"contact@csj-emballages.com\"}]}]}<\/script>\n<!-- \/ Yoast SEO Premium plugin. -->","yoast_head_json":{"title":"Molheira de Pl\u00e1stico - 60 ml","description":"Molheira de pl\u00e1stico 60 ml com tampa, vendida em embalagens de 100 unidades. Pr\u00e1tica, herm\u00e9tica e transparente, ideal para take-away e entregas.","robots":{"index":"index","follow":"follow","max-snippet":"max-snippet:-1","max-image-preview":"max-image-preview:large","max-video-preview":"max-video-preview:-1"},"canonical":"https:\/\/www.csj-emballages.com\/pt-pt\/produit\/100-frascos-de-molho-transparentes-de-60-ml\/","og_locale":"pt_PT","og_type":"article","og_title":"Frasco de pl\u00e1stico para molhos 60 ml por 100","og_description":"Molheira de pl\u00e1stico 60 ml com tampa, vendida em embalagens de 100 unidades. Pr\u00e1tica, herm\u00e9tica e transparente, ideal para take-away e entregas.","og_url":"https:\/\/www.csj-emballages.com\/pt-pt\/produit\/100-frascos-de-molho-transparentes-de-60-ml\/","og_site_name":"CSJ Emballages","article_publisher":"https:\/\/www.facebook.com\/csjemballages","article_modified_time":"2026-04-17T00:17:09+00:00","og_image":[{"width":801,"height":801,"url":"https:\/\/www.csj-emballages.com\/wp-content\/uploads\/2024\/03\/T200.webp","type":"image\/webp"}],"twitter_card":"summary_large_image","twitter_misc":{"Tempo estimado de leitura":"2 minutos"},"schema":{"@context":"https:\/\/schema.org","@graph":[{"@type":"WebPage","@id":"https:\/\/www.csj-emballages.com\/pt-pt\/produit\/100-frascos-de-molho-transparentes-de-60-ml\/","url":"https:\/\/www.csj-emballages.com\/pt-pt\/produit\/100-frascos-de-molho-transparentes-de-60-ml\/","name":"Molheira de Pl\u00e1stico - 60 ml","isPartOf":{"@id":"https:\/\/www.csj-emballages.com\/pt-pt\/#website"},"primaryImageOfPage":{"@id":"https:\/\/www.csj-emballages.com\/pt-pt\/produit\/100-frascos-de-molho-transparentes-de-60-ml\/#primaryimage"},"image":{"@id":"https:\/\/www.csj-emballages.com\/pt-pt\/produit\/100-frascos-de-molho-transparentes-de-60-ml\/#primaryimage"},"thumbnailUrl":"https:\/\/www.csj-emballages.com\/wp-content\/uploads\/2024\/03\/T200.webp","datePublished":"2024-03-01T15:47:38+00:00","dateModified":"2026-04-17T00:17:09+00:00","description":"Molheira de pl\u00e1stico 60 ml com tampa, vendida em embalagens de 100 unidades. Pr\u00e1tica, herm\u00e9tica e transparente, ideal para take-away e entregas.","breadcrumb":{"@id":"https:\/\/www.csj-emballages.com\/pt-pt\/produit\/100-frascos-de-molho-transparentes-de-60-ml\/#breadcrumb"},"inLanguage":"pt-PT","potentialAction":[{"@type":"ReadAction","target":["https:\/\/www.csj-emballages.com\/pt-pt\/produit\/100-frascos-de-molho-transparentes-de-60-ml\/"]}]},{"@type":"ImageObject","inLanguage":"pt-PT","@id":"https:\/\/www.csj-emballages.com\/pt-pt\/produit\/100-frascos-de-molho-transparentes-de-60-ml\/#primaryimage","url":"https:\/\/www.csj-emballages.com\/wp-content\/uploads\/2024\/03\/T200.webp","contentUrl":"https:\/\/www.csj-emballages.com\/wp-content\/uploads\/2024\/03\/T200.webp","width":801,"height":801,"caption":"Pot a sauce"},{"@type":"BreadcrumbList","@id":"https:\/\/www.csj-emballages.com\/pt-pt\/produit\/100-frascos-de-molho-transparentes-de-60-ml\/#breadcrumb","itemListElement":[{"@type":"ListItem","position":1,"name":"Acolhimento","item":"https:\/\/www.csj-emballages.com\/pt-pt\/universo-das-embalagens-alimentares\/"},{"@type":"ListItem","position":2,"name":"Shop","item":"https:\/\/www.csj-emballages.com\/shop\/"},{"@type":"ListItem","position":3,"name":"Frasco de pl\u00e1stico para molhos 60 ml por 100"}]},{"@type":"WebSite","@id":"https:\/\/www.csj-emballages.com\/pt-pt\/#website","url":"https:\/\/www.csj-emballages.com\/pt-pt\/","name":"CSJ Emballages","description":"","publisher":{"@id":"https:\/\/www.csj-emballages.com\/pt-pt\/#organization"},"potentialAction":[{"@type":"SearchAction","target":{"@type":"EntryPoint","urlTemplate":"https:\/\/www.csj-emballages.com\/pt-pt\/?s={search_term_string}"},"query-input":{"@type":"PropertyValueSpecification","valueRequired":true,"valueName":"search_term_string"}}],"inLanguage":"pt-PT"},{"@type":"Organization","@id":"https:\/\/www.csj-emballages.com\/pt-pt\/#Organization\/","name":"CSJ Emballages","url":"https:\/\/www.csj-emballages.com\/pt-pt\/","logo":{"@type":"ImageObject","inLanguage":"pt-PT","@id":"https:\/\/www.csj-emballages.com\/pt-pt\/#\/schema\/logo\/image\/","url":"https:\/\/www.csj-emballages.com\/wp-content\/uploads\/2023\/10\/logo_csj.webp","contentUrl":"https:\/\/www.csj-emballages.com\/wp-content\/uploads\/2023\/10\/logo_csj.webp","width":250,"height":95,"caption":"CSJ Emballages"},"image":{"@id":"https:\/\/www.csj-emballages.com\/pt-pt\/#\/schema\/logo\/image\/"},"sameAs":["https:\/\/www.facebook.com\/csjemballages"],"address":{"@type":"PostalAddress","streetAddress":"ZI La Lechere","addressLocality":"Patornay","postalCode":"39130","addressCountry":"FR"},"contactPoint":[{"@type":"ContactPoint","contactType":"Service client","telephone":"0384254272","email":"contact@csj-emballages.com"}]}]}},"df_price":3.26,"df_sale_price":"","df_regular_price":3.26,"df_image_link":"https:\/\/www.csj-emballages.com\/wp-content\/uploads\/2024\/03\/T200-300x300.webp","tiered_pricing_type":"fixed","tiered_pricing_fixed_rules":[],"tiered_pricing_percentage_rules":[],"tiered_pricing_minimum":1,"tiered_pricing_roles_data":[],"_links":{"self":[{"href":"https:\/\/www.csj-emballages.com\/pt-pt\/wp-json\/wp\/v2\/product\/23826","targetHints":{"allow":["GET"]}}],"collection":[{"href":"https:\/\/www.csj-emballages.com\/pt-pt\/wp-json\/wp\/v2\/product"}],"about":[{"href":"https:\/\/www.csj-emballages.com\/pt-pt\/wp-json\/wp\/v2\/types\/product"}],"wp:featuredmedia":[{"embeddable":true,"href":"https:\/\/www.csj-emballages.com\/pt-pt\/wp-json\/wp\/v2\/media\/204192"}],"wp:attachment":[{"href":"https:\/\/www.csj-emballages.com\/pt-pt\/wp-json\/wp\/v2\/media?parent=23826"}],"wp:term":[{"taxonomy":"product_brand","embeddable":true,"href":"https:\/\/www.csj-emballages.com\/pt-pt\/wp-json\/wp\/v2\/product_brand?post=23826"},{"taxonomy":"product_cat","embeddable":true,"href":"https:\/\/www.csj-emballages.com\/pt-pt\/wp-json\/wp\/v2\/product_cat?post=23826"},{"taxonomy":"product_tag","embeddable":true,"href":"https:\/\/www.csj-emballages.com\/pt-pt\/wp-json\/wp\/v2\/product_tag?post=23826"}],"curies":[{"name":"wp","href":"https:\/\/api.w.org\/{rel}","templated":true}]}}