{"id":238080,"date":"2025-07-11T14:06:27","date_gmt":"2025-07-11T12:06:27","guid":{"rendered":"https:\/\/www.csj-emballages.com\/produit\/suporte-para-cachorro-quente-230-x-75-x-374-mm-por-50\/"},"modified":"2026-04-21T02:11:38","modified_gmt":"2026-04-21T00:11:38","slug":"suporte-para-cachorro-quente-230-x-75-x-374-mm-por-50","status":"publish","type":"product","link":"https:\/\/www.csj-emballages.com\/pt-pt\/produit\/suporte-para-cachorro-quente-230-x-75-x-374-mm-por-50\/","title":{"rendered":"Suporte para cachorro-quente 230 x 75 x 37,4 mm por 50"},"content":{"rendered":"<h2 class=\"p1\">Suporte para cachorro-quente<\/h2>\n<hr>\n<h3>Descri\u00e7\u00e3o do nosso suporte para cachorro-quente em cart\u00e3o 230 x 75 x 37,4 mm por 50<\/h3>\n<p><!--more--><\/p>\n<p data-start=\"174\" data-end=\"677\">Se serve <strong>hot dogs<\/strong> em fast food, eventos, food trucks ou at\u00e9 mesmo em festas privadas, este <strong data-start=\"334\" data-end=\"363\">suporte de cart\u00e3o para hot dog<\/strong> \u00e9 indispens\u00e1vel. De facto, pr\u00e1tico, r\u00edgido e perfeitamente dimensionado, permite apresentar e servir os seus hot dogs de forma limpa, garantindo ao mesmo tempo um conforto ideal para o cliente. Gra\u00e7as \u00e0s suas dimens\u00f5es generosas de <strong>230 x 75 x 37,4 mm<\/strong>, \u00e9 adequado para a grande maioria dos <strong>p\u00e3es de<\/strong> <strong>hot dog<\/strong>, mesmo os mais recheados. Gra\u00e7as ao seu fabrico em <strong data-start=\"691\" data-end=\"724\">cart\u00e3o alimentar<\/strong>, este <strong>suporte para hot dog<\/strong> \u00e9 robusto e resistente a molhos, calor moderado e manuseamento. \u00c9 ideal para um servi\u00e7o r\u00e1pido, limpo e eficiente, seja para levar ou para consumir no local.<\/p>\n<p data-start=\"937\" data-end=\"1164\">Da mesma forma, o design aberto permite uma <strong data-start=\"965\" data-end=\"989\">pega f\u00e1cil<\/strong>, sem risco de se queimar ou sujar. Al\u00e9m disso, oferece uma <strong data-start=\"1054\" data-end=\"1078\">apresenta\u00e7\u00e3o cuidada<\/strong>, ideal para valorizar as suas prepara\u00e7\u00f5es numa vitrine, num stand ou para levar.<\/p>\n<p data-start=\"1166\" data-end=\"1379\">Em suma, embalado em pacotes de <strong>50<\/strong> unidades, este produto \u00e9 pr\u00e1tico tanto para os profissionais da restaura\u00e7\u00e3o como para os particulares que desejam organizar um evento.<\/p>\n<p><!--more--><\/p>\n<h4><strong>Vantagens:<\/strong><\/h4>\n<ul>\n<li>Fabricado em cart\u00e3o forte e r\u00edgido de qualidade alimentar.<\/li>\n<li>Tamanhos que se adaptam \u00e0 maioria dos cachorros-quentes cl\u00e1ssicos ou XL.<\/li>\n<li>Ideal para food trucks, snack-bares, eventos e clientes particulares.<\/li>\n<li>Apresenta\u00e7\u00e3o limpa, pr\u00e1tica e higi\u00e9nica.<\/li>\n<li>Descart\u00e1vel, recicl\u00e1vel e econ\u00f3mico.<\/li>\n<\/ul>\n<p>&nbsp;<\/p>\n<p><!--more--><\/p>\n<h4>Outras informa\u00e7\u00f5es :<\/h4>\n<ul>\n<li><strong>Embalagem<\/strong>: Pacote de 50<\/li>\n<li><strong>Dimens\u00f5es<\/strong>: 230 x 75 x 37,4 mm<\/li>\n<li><b>Material <\/b>: Cart\u00e3o<\/li>\n<li><strong>Cor<\/strong>: Kraft<\/li>\n<\/ul>\n<p>&nbsp;<\/p>\n<p><!--more--><\/p>\n<p>Encontre aqui o nosso suporte para cachorro-quente em cart\u00e3o 146 x 70 x 30 mm por 100 : <span style=\"color: #d12727;\"><a style=\"color: #d12727;\" href=\"https:\/\/www.csj-emballages.com\/es\/produit\/soporte-de-carton-para-salchichas-150-x-60-x-30-por-100\/\">BPHOT<\/a><\/span><\/p>\n<p>&nbsp;<\/p>\n<p><!--more--><\/p>\n<p><a href=\"https:\/\/www.csj-emballages.com\/pt-pt\/categorie-produit\/embalagem-de-alimentos\/restauracao\/pratos-talheres-descartaveis-palhinhas\/garfos-facas-colheres\/talheres-biodegradaveis\/\">Ver o resto da nossa gama de talheres biodegrad\u00e1veis<\/a><\/p>\n","protected":false},"excerpt":{"rendered":"<p>Suporte para cachorro-quente Descri\u00e7\u00e3o do nosso suporte para cachorro-quente em cart\u00e3o 230 x 75 x 37,4 mm por 50<\/p>\n","protected":false},"featured_media":238076,"template":"","meta":{"_acf_changed":false},"product_brand":[],"product_cat":[1141,1138,3929,2534],"product_tag":[],"class_list":{"0":"post-238080","1":"product","2":"type-product","3":"status-publish","4":"has-post-thumbnail","6":"product_cat-embalagem-de-alimentos","7":"product_cat-restauracao","8":"product_cat-apoia-te","9":"product_cat-parenteses-rectos","11":"first","12":"instock","13":"taxable","14":"shipping-taxable","15":"purchasable","16":"product-type-simple"},"acf":[],"yoast_head":"<!-- This site is optimized with the Yoast SEO Premium plugin v26.6 (Yoast SEO v26.6) - https:\/\/yoast.com\/wordpress\/plugins\/seo\/ -->\n<title>Suporte para cachorro-quente Caixa de cart\u00e3o 230 x 75 x 37,4 mm por 50<\/title>\n<meta name=\"description\" content=\"Suporte de cart\u00e3o r\u00edgido para hot dog 230x75x37,4 mm \u2013 Pack de 50. Perfeito para snacks, food trucks, festas. Pr\u00e1tico, limpo e recicl\u00e1vel.\" \/>\n<meta name=\"robots\" content=\"index, follow, max-snippet:-1, max-image-preview:large, max-video-preview:-1\" \/>\n<link rel=\"canonical\" href=\"https:\/\/www.csj-emballages.com\/pt-pt\/produit\/suporte-para-cachorro-quente-230-x-75-x-374-mm-por-50\/\" \/>\n<meta property=\"og:locale\" content=\"pt_PT\" \/>\n<meta property=\"og:type\" content=\"article\" \/>\n<meta property=\"og:title\" content=\"Suporte para cachorro-quente 230 x 75 x 37,4 mm por 50\" \/>\n<meta property=\"og:description\" content=\"Suporte de cart\u00e3o r\u00edgido para hot dog 230x75x37,4 mm \u2013 Pack de 50. Perfeito para snacks, food trucks, festas. Pr\u00e1tico, limpo e recicl\u00e1vel.\" \/>\n<meta property=\"og:url\" content=\"https:\/\/www.csj-emballages.com\/pt-pt\/produit\/suporte-para-cachorro-quente-230-x-75-x-374-mm-por-50\/\" \/>\n<meta property=\"og:site_name\" content=\"CSJ Emballages\" \/>\n<meta property=\"article:publisher\" content=\"https:\/\/www.facebook.com\/csjemballages\" \/>\n<meta property=\"article:modified_time\" content=\"2026-04-21T00:11:38+00:00\" \/>\n<meta property=\"og:image\" content=\"https:\/\/www.csj-emballages.com\/wp-content\/uploads\/2025\/07\/BPHOT.jpeg\" \/>\n\t<meta property=\"og:image:width\" content=\"800\" \/>\n\t<meta property=\"og:image:height\" content=\"800\" \/>\n\t<meta property=\"og:image:type\" content=\"image\/jpeg\" \/>\n<meta name=\"twitter:card\" content=\"summary_large_image\" \/>\n<meta name=\"twitter:label1\" content=\"Tempo estimado de leitura\" \/>\n\t<meta name=\"twitter:data1\" content=\"1 minuto\" \/>\n<script type=\"application\/ld+json\" class=\"yoast-schema-graph\">{\"@context\":\"https:\/\/schema.org\",\"@graph\":[{\"@type\":\"WebPage\",\"@id\":\"https:\/\/www.csj-emballages.com\/pt-pt\/produit\/suporte-para-cachorro-quente-230-x-75-x-374-mm-por-50\/\",\"url\":\"https:\/\/www.csj-emballages.com\/pt-pt\/produit\/suporte-para-cachorro-quente-230-x-75-x-374-mm-por-50\/\",\"name\":\"Suporte para cachorro-quente Caixa de cart\u00e3o 230 x 75 x 37,4 mm por 50\",\"isPartOf\":{\"@id\":\"https:\/\/www.csj-emballages.com\/pt-pt\/#website\"},\"primaryImageOfPage\":{\"@id\":\"https:\/\/www.csj-emballages.com\/pt-pt\/produit\/suporte-para-cachorro-quente-230-x-75-x-374-mm-por-50\/#primaryimage\"},\"image\":{\"@id\":\"https:\/\/www.csj-emballages.com\/pt-pt\/produit\/suporte-para-cachorro-quente-230-x-75-x-374-mm-por-50\/#primaryimage\"},\"thumbnailUrl\":\"https:\/\/www.csj-emballages.com\/wp-content\/uploads\/2025\/07\/BPHOT.jpeg\",\"datePublished\":\"2025-07-11T12:06:27+00:00\",\"dateModified\":\"2026-04-21T00:11:38+00:00\",\"description\":\"Suporte de cart\u00e3o r\u00edgido para hot dog 230x75x37,4 mm \u2013 Pack de 50. Perfeito para snacks, food trucks, festas. Pr\u00e1tico, limpo e recicl\u00e1vel.\",\"breadcrumb\":{\"@id\":\"https:\/\/www.csj-emballages.com\/pt-pt\/produit\/suporte-para-cachorro-quente-230-x-75-x-374-mm-por-50\/#breadcrumb\"},\"inLanguage\":\"pt-PT\",\"potentialAction\":[{\"@type\":\"ReadAction\",\"target\":[\"https:\/\/www.csj-emballages.com\/pt-pt\/produit\/suporte-para-cachorro-quente-230-x-75-x-374-mm-por-50\/\"]}]},{\"@type\":\"ImageObject\",\"inLanguage\":\"pt-PT\",\"@id\":\"https:\/\/www.csj-emballages.com\/pt-pt\/produit\/suporte-para-cachorro-quente-230-x-75-x-374-mm-por-50\/#primaryimage\",\"url\":\"https:\/\/www.csj-emballages.com\/wp-content\/uploads\/2025\/07\/BPHOT.jpeg\",\"contentUrl\":\"https:\/\/www.csj-emballages.com\/wp-content\/uploads\/2025\/07\/BPHOT.jpeg\",\"width\":800,\"height\":800,\"caption\":\"Support hot dog\u00a0\"},{\"@type\":\"BreadcrumbList\",\"@id\":\"https:\/\/www.csj-emballages.com\/pt-pt\/produit\/suporte-para-cachorro-quente-230-x-75-x-374-mm-por-50\/#breadcrumb\",\"itemListElement\":[{\"@type\":\"ListItem\",\"position\":1,\"name\":\"Acolhimento\",\"item\":\"https:\/\/www.csj-emballages.com\/pt-pt\/universo-das-embalagens-alimentares\/\"},{\"@type\":\"ListItem\",\"position\":2,\"name\":\"Shop\",\"item\":\"https:\/\/www.csj-emballages.com\/shop\/\"},{\"@type\":\"ListItem\",\"position\":3,\"name\":\"Suporte para cachorro-quente 230 x 75 x 37,4 mm por 50\"}]},{\"@type\":\"WebSite\",\"@id\":\"https:\/\/www.csj-emballages.com\/pt-pt\/#website\",\"url\":\"https:\/\/www.csj-emballages.com\/pt-pt\/\",\"name\":\"CSJ Emballages\",\"description\":\"\",\"publisher\":{\"@id\":\"https:\/\/www.csj-emballages.com\/pt-pt\/#organization\"},\"potentialAction\":[{\"@type\":\"SearchAction\",\"target\":{\"@type\":\"EntryPoint\",\"urlTemplate\":\"https:\/\/www.csj-emballages.com\/pt-pt\/?s={search_term_string}\"},\"query-input\":{\"@type\":\"PropertyValueSpecification\",\"valueRequired\":true,\"valueName\":\"search_term_string\"}}],\"inLanguage\":\"pt-PT\"},{\"@type\":\"Organization\",\"@id\":\"https:\/\/www.csj-emballages.com\/pt-pt\/#Organization\/\",\"name\":\"CSJ Emballages\",\"url\":\"https:\/\/www.csj-emballages.com\/pt-pt\/\",\"logo\":{\"@type\":\"ImageObject\",\"inLanguage\":\"pt-PT\",\"@id\":\"https:\/\/www.csj-emballages.com\/pt-pt\/#\/schema\/logo\/image\/\",\"url\":\"https:\/\/www.csj-emballages.com\/wp-content\/uploads\/2023\/10\/logo_csj.webp\",\"contentUrl\":\"https:\/\/www.csj-emballages.com\/wp-content\/uploads\/2023\/10\/logo_csj.webp\",\"width\":250,\"height\":95,\"caption\":\"CSJ Emballages\"},\"image\":{\"@id\":\"https:\/\/www.csj-emballages.com\/pt-pt\/#\/schema\/logo\/image\/\"},\"sameAs\":[\"https:\/\/www.facebook.com\/csjemballages\"],\"address\":{\"@type\":\"PostalAddress\",\"streetAddress\":\"ZI La Lechere\",\"addressLocality\":\"Patornay\",\"postalCode\":\"39130\",\"addressCountry\":\"FR\"},\"contactPoint\":[{\"@type\":\"ContactPoint\",\"contactType\":\"Service client\",\"telephone\":\"0384254272\",\"email\":\"contact@csj-emballages.com\"}]}]}<\/script>\n<!-- \/ Yoast SEO Premium plugin. -->","yoast_head_json":{"title":"Suporte para cachorro-quente Caixa de cart\u00e3o 230 x 75 x 37,4 mm por 50","description":"Suporte de cart\u00e3o r\u00edgido para hot dog 230x75x37,4 mm \u2013 Pack de 50. Perfeito para snacks, food trucks, festas. Pr\u00e1tico, limpo e recicl\u00e1vel.","robots":{"index":"index","follow":"follow","max-snippet":"max-snippet:-1","max-image-preview":"max-image-preview:large","max-video-preview":"max-video-preview:-1"},"canonical":"https:\/\/www.csj-emballages.com\/pt-pt\/produit\/suporte-para-cachorro-quente-230-x-75-x-374-mm-por-50\/","og_locale":"pt_PT","og_type":"article","og_title":"Suporte para cachorro-quente 230 x 75 x 37,4 mm por 50","og_description":"Suporte de cart\u00e3o r\u00edgido para hot dog 230x75x37,4 mm \u2013 Pack de 50. Perfeito para snacks, food trucks, festas. Pr\u00e1tico, limpo e recicl\u00e1vel.","og_url":"https:\/\/www.csj-emballages.com\/pt-pt\/produit\/suporte-para-cachorro-quente-230-x-75-x-374-mm-por-50\/","og_site_name":"CSJ Emballages","article_publisher":"https:\/\/www.facebook.com\/csjemballages","article_modified_time":"2026-04-21T00:11:38+00:00","og_image":[{"width":800,"height":800,"url":"https:\/\/www.csj-emballages.com\/wp-content\/uploads\/2025\/07\/BPHOT.jpeg","type":"image\/jpeg"}],"twitter_card":"summary_large_image","twitter_misc":{"Tempo estimado de leitura":"1 minuto"},"schema":{"@context":"https:\/\/schema.org","@graph":[{"@type":"WebPage","@id":"https:\/\/www.csj-emballages.com\/pt-pt\/produit\/suporte-para-cachorro-quente-230-x-75-x-374-mm-por-50\/","url":"https:\/\/www.csj-emballages.com\/pt-pt\/produit\/suporte-para-cachorro-quente-230-x-75-x-374-mm-por-50\/","name":"Suporte para cachorro-quente Caixa de cart\u00e3o 230 x 75 x 37,4 mm por 50","isPartOf":{"@id":"https:\/\/www.csj-emballages.com\/pt-pt\/#website"},"primaryImageOfPage":{"@id":"https:\/\/www.csj-emballages.com\/pt-pt\/produit\/suporte-para-cachorro-quente-230-x-75-x-374-mm-por-50\/#primaryimage"},"image":{"@id":"https:\/\/www.csj-emballages.com\/pt-pt\/produit\/suporte-para-cachorro-quente-230-x-75-x-374-mm-por-50\/#primaryimage"},"thumbnailUrl":"https:\/\/www.csj-emballages.com\/wp-content\/uploads\/2025\/07\/BPHOT.jpeg","datePublished":"2025-07-11T12:06:27+00:00","dateModified":"2026-04-21T00:11:38+00:00","description":"Suporte de cart\u00e3o r\u00edgido para hot dog 230x75x37,4 mm \u2013 Pack de 50. Perfeito para snacks, food trucks, festas. Pr\u00e1tico, limpo e recicl\u00e1vel.","breadcrumb":{"@id":"https:\/\/www.csj-emballages.com\/pt-pt\/produit\/suporte-para-cachorro-quente-230-x-75-x-374-mm-por-50\/#breadcrumb"},"inLanguage":"pt-PT","potentialAction":[{"@type":"ReadAction","target":["https:\/\/www.csj-emballages.com\/pt-pt\/produit\/suporte-para-cachorro-quente-230-x-75-x-374-mm-por-50\/"]}]},{"@type":"ImageObject","inLanguage":"pt-PT","@id":"https:\/\/www.csj-emballages.com\/pt-pt\/produit\/suporte-para-cachorro-quente-230-x-75-x-374-mm-por-50\/#primaryimage","url":"https:\/\/www.csj-emballages.com\/wp-content\/uploads\/2025\/07\/BPHOT.jpeg","contentUrl":"https:\/\/www.csj-emballages.com\/wp-content\/uploads\/2025\/07\/BPHOT.jpeg","width":800,"height":800,"caption":"Support hot dog\u00a0"},{"@type":"BreadcrumbList","@id":"https:\/\/www.csj-emballages.com\/pt-pt\/produit\/suporte-para-cachorro-quente-230-x-75-x-374-mm-por-50\/#breadcrumb","itemListElement":[{"@type":"ListItem","position":1,"name":"Acolhimento","item":"https:\/\/www.csj-emballages.com\/pt-pt\/universo-das-embalagens-alimentares\/"},{"@type":"ListItem","position":2,"name":"Shop","item":"https:\/\/www.csj-emballages.com\/shop\/"},{"@type":"ListItem","position":3,"name":"Suporte para cachorro-quente 230 x 75 x 37,4 mm por 50"}]},{"@type":"WebSite","@id":"https:\/\/www.csj-emballages.com\/pt-pt\/#website","url":"https:\/\/www.csj-emballages.com\/pt-pt\/","name":"CSJ Emballages","description":"","publisher":{"@id":"https:\/\/www.csj-emballages.com\/pt-pt\/#organization"},"potentialAction":[{"@type":"SearchAction","target":{"@type":"EntryPoint","urlTemplate":"https:\/\/www.csj-emballages.com\/pt-pt\/?s={search_term_string}"},"query-input":{"@type":"PropertyValueSpecification","valueRequired":true,"valueName":"search_term_string"}}],"inLanguage":"pt-PT"},{"@type":"Organization","@id":"https:\/\/www.csj-emballages.com\/pt-pt\/#Organization\/","name":"CSJ Emballages","url":"https:\/\/www.csj-emballages.com\/pt-pt\/","logo":{"@type":"ImageObject","inLanguage":"pt-PT","@id":"https:\/\/www.csj-emballages.com\/pt-pt\/#\/schema\/logo\/image\/","url":"https:\/\/www.csj-emballages.com\/wp-content\/uploads\/2023\/10\/logo_csj.webp","contentUrl":"https:\/\/www.csj-emballages.com\/wp-content\/uploads\/2023\/10\/logo_csj.webp","width":250,"height":95,"caption":"CSJ Emballages"},"image":{"@id":"https:\/\/www.csj-emballages.com\/pt-pt\/#\/schema\/logo\/image\/"},"sameAs":["https:\/\/www.facebook.com\/csjemballages"],"address":{"@type":"PostalAddress","streetAddress":"ZI La Lechere","addressLocality":"Patornay","postalCode":"39130","addressCountry":"FR"},"contactPoint":[{"@type":"ContactPoint","contactType":"Service client","telephone":"0384254272","email":"contact@csj-emballages.com"}]}]}},"df_price":10.15,"df_sale_price":"","df_regular_price":10.15,"df_image_link":"https:\/\/www.csj-emballages.com\/wp-content\/uploads\/2025\/07\/BPHOT-300x300.jpeg","tiered_pricing_type":"fixed","tiered_pricing_fixed_rules":[],"tiered_pricing_percentage_rules":[],"tiered_pricing_minimum":1,"tiered_pricing_roles_data":[],"_links":{"self":[{"href":"https:\/\/www.csj-emballages.com\/pt-pt\/wp-json\/wp\/v2\/product\/238080","targetHints":{"allow":["GET"]}}],"collection":[{"href":"https:\/\/www.csj-emballages.com\/pt-pt\/wp-json\/wp\/v2\/product"}],"about":[{"href":"https:\/\/www.csj-emballages.com\/pt-pt\/wp-json\/wp\/v2\/types\/product"}],"wp:featuredmedia":[{"embeddable":true,"href":"https:\/\/www.csj-emballages.com\/pt-pt\/wp-json\/wp\/v2\/media\/238076"}],"wp:attachment":[{"href":"https:\/\/www.csj-emballages.com\/pt-pt\/wp-json\/wp\/v2\/media?parent=238080"}],"wp:term":[{"taxonomy":"product_brand","embeddable":true,"href":"https:\/\/www.csj-emballages.com\/pt-pt\/wp-json\/wp\/v2\/product_brand?post=238080"},{"taxonomy":"product_cat","embeddable":true,"href":"https:\/\/www.csj-emballages.com\/pt-pt\/wp-json\/wp\/v2\/product_cat?post=238080"},{"taxonomy":"product_tag","embeddable":true,"href":"https:\/\/www.csj-emballages.com\/pt-pt\/wp-json\/wp\/v2\/product_tag?post=238080"}],"curies":[{"name":"wp","href":"https:\/\/api.w.org\/{rel}","templated":true}]}}