{"id":23795,"date":"2024-03-01T16:49:06","date_gmt":"2024-03-01T15:49:06","guid":{"rendered":"https:\/\/u15jnbdpoq.preview.infomaniak.website\/produit\/20-sacos-de-lixo-pretos-de-30-litros-e-25-%c2%b5\/"},"modified":"2026-04-17T02:16:28","modified_gmt":"2026-04-17T00:16:28","slug":"20-sacos-de-lixo-pretos-de-30-litros-e-25-%c2%b5","status":"publish","type":"product","link":"https:\/\/www.csj-emballages.com\/pt-pt\/produit\/20-sacos-de-lixo-pretos-de-30-litros-e-25-%c2%b5\/","title":{"rendered":"Saco de lixo 30 litros preto 25 \u00b5 por 20"},"content":{"rendered":"<h2>Saco de lixo<\/h2>\n<hr>\n<h3>Descubra o nosso saco de lixo de 30 litros preto 25 \u00b5 por 20<\/h3>\n<p><!--more--><\/p>\n<p data-start=\"205\" data-end=\"562\">Estes <strong data-start=\"209\" data-end=\"242\">sacos de lixo pretos de 30 litros<\/strong> foram concebidos para gerir os res\u00edduos do dia a dia de forma simples e eficaz. Com a sua capacidade de <strong>30 litros<\/strong>, s\u00e3o perfeitos para <strong>pequenos caixotes do lixo de escrit\u00f3rio<\/strong>, <strong>de cozinha, sanit\u00e1rios ou espa\u00e7os comuns<\/strong>. \u00c9 o formato pr\u00e1tico, nem demasiado grande nem demasiado pequeno, que se adapta facilmente a muitas utiliza\u00e7\u00f5es.  <\/p>\n<p data-start=\"564\" data-end=\"940\">Gra\u00e7as \u00e0 sua <strong>espessura<\/strong> de <strong data-start=\"590\" data-end=\"604\">25 microns<\/strong>, estes <strong>sacos<\/strong> oferecem uma boa resist\u00eancia \u00e0 utiliza\u00e7\u00e3o. Mant\u00eam-se corretamente no lugar, suportam o peso dos res\u00edduos comuns e limitam os riscos de rasg\u00f5es ao fechar ou transportar. A sua <strong>cor preta<\/strong> permite ocultar o conte\u00fado para um aspeto mais limpo e discreto, principalmente em locais que recebem p\u00fablico.  <\/p>\n<p data-start=\"942\" data-end=\"1260\">F\u00e1ceis de colocar, deslizam-se rapidamente para dentro do caixote do lixo e permanecem bem ajustados durante a utiliza\u00e7\u00e3o. Uma vez cheios, fecham-se facilmente e manuseiam-se sem dificuldade. Quer seja em ambiente profissional ou para utiliza\u00e7\u00e3o di\u00e1ria, facilitam a gest\u00e3o de res\u00edduos sem perda de tempo.  <\/p>\n<p data-start=\"1262\" data-end=\"1521\">Vendidos <strong data-start=\"1269\" data-end=\"1286\">em lote de 20<\/strong>, estes <strong>sacos de lixo<\/strong> s\u00e3o ideais para uma reposi\u00e7\u00e3o regular ou para completar um stock existente. Encontram o seu lugar tanto em escrit\u00f3rios, com\u00e9rcios, autarquias como em cozinhas profissionais ou dom\u00e9sticas. <\/p>\n<p data-start=\"1523\" data-end=\"1711\">Em resumo, estes <strong>sacos de lixo de 30 litros<\/strong> combinam praticidade, discri\u00e7\u00e3o e fiabilidade. Um indispens\u00e1vel simples, mas eficaz, para manter os espa\u00e7os limpos e bem organizados no dia a dia. <\/p>\n<p data-start=\"1523\" data-end=\"1711\"><!--more--><\/p>\n<h4 data-start=\"1523\" data-end=\"1711\">Vantagens :<\/h4>\n<ul>\n<li data-start=\"1739\" data-end=\"1763\">Capacidade de <strong>30 litros<\/strong>.<\/li>\n<li data-start=\"1766\" data-end=\"1810\"><strong>Espessura 25<\/strong> microns para uma boa resist\u00eancia.<\/li>\n<li data-start=\"1813\" data-end=\"1849\">Cor preta, discreta e limpa.<\/li>\n<li data-start=\"1852\" data-end=\"1887\">F\u00e1ceis de instalar e remover.<\/li>\n<li data-start=\"1890\" data-end=\"1941\">Adequados para utiliza\u00e7\u00f5es profissionais e dom\u00e9sticas.<\/li>\n<li data-start=\"1944\" data-end=\"1968\">Lote pr\u00e1tico de <strong>20 sacos<\/strong>.<\/li>\n<\/ul>\n<p>&nbsp;<\/p>\n<p><!--more--><\/p>\n<h4>Outras informa\u00e7\u00f5es :<\/h4>\n<ul style=\"font-family: Roboto, sans-serif;\">\n<li><strong>Acondicionamento<\/strong>: Rolo de 20 sacos<\/li>\n<li><strong>Dimens\u00f5es<\/strong>: 500 mm x 650 mm<\/li>\n<li><span style=\"font-weight: bold;\">Volume: <\/span>30 litros<\/li>\n<li><strong>Espessura<\/strong>: 25 \u00b5<\/li>\n<li><strong>Cor<\/strong>: preto<\/li>\n<li><strong>Material<\/strong>: PEAD<\/li>\n<\/ul>\n<p>&nbsp;<\/p>\n<p><!--more--><\/p>\n<p>Este saco de lixo de 30 litros est\u00e1 dispon\u00edvel em diferentes tamanhos: <span style=\"color: #d12727;\"><a style=\"color: #d12727;\" href=\"https:\/\/www.csj-emballages.com\/es\/produit\/25-bolsas-de-basura-negras-de-50-litros-y-35-%c2%b5\/\">50 litros<\/a><\/span> \/ <span style=\"color: #d12727;\"><a style=\"color: #d12727;\" href=\"https:\/\/www.csj-emballages.com\/es\/produit\/25-negras-35-%c2%b5-bolsas-de-basura-de-100-litros\/\">100 litros (35 \u00b5)<\/a><\/span> \/ <span style=\"color: #d12727;\"><a style=\"color: #d12727;\" href=\"https:\/\/www.csj-emballages.com\/es\/produit\/10-bolsas-de-basura-negras-65-%c2%b5-de-100-litros\/\">100 litros (65 \u00b5)<\/a><\/span> \/ <span style=\"color: #d12727;\"><a style=\"color: #d12727;\" href=\"https:\/\/www.csj-emballages.com\/es\/produit\/25-bolsas-de-basura-negras-35-%c2%b5-de-110-litros\/\">110 litros (35 \u00b5)<\/a> <\/span>\/ <span style=\"color: #d12727;\"><a style=\"color: #d12727;\" href=\"https:\/\/www.csj-emballages.com\/es\/produit\/20-bolsas-de-basura-negras-55-%c2%b5-110-litros\/\">110 litros (55 \u00b5)<\/a> <\/span>\/ <span style=\"color: #d12727;\"><a style=\"color: #d12727;\" href=\"https:\/\/www.csj-emballages.com\/pt-pt\/categorie-produit\/higiene-e-manutencao\/sacos-de-lixo\/\">&#8230;<\/a><\/span><\/p>\n<p>&nbsp;<\/p>\n<p><!--more--><\/p>\n<p><a href=\"https:\/\/www.csj-emballages.com\/pt-pt\/categorie-produit\/higiene-e-manutencao\/sacos-de-lixo\/\">Consulte o resto da nossa gama de sacos de lixo <\/a><\/p>\n","protected":false},"excerpt":{"rendered":"<p>Saco de lixo Descubra o nosso saco de lixo de 30 litros preto 25 \u00b5 por 20<\/p>\n","protected":false},"featured_media":222414,"template":"","meta":{"_acf_changed":false},"product_brand":[],"product_cat":[1222,1874],"product_tag":[],"class_list":{"0":"post-23795","1":"product","2":"type-product","3":"status-publish","4":"has-post-thumbnail","6":"product_cat-higiene-e-manutencao","7":"product_cat-sacos-de-lixo","9":"first","10":"instock","11":"taxable","12":"shipping-taxable","13":"purchasable","14":"product-type-simple"},"acf":[],"yoast_head":"<!-- This site is optimized with the Yoast SEO Premium plugin v26.6 (Yoast SEO v26.6) - https:\/\/yoast.com\/wordpress\/plugins\/seo\/ -->\n<title>Saco de Lixo 30 Litros Preto 25 \u00b5 por 20<\/title>\n<meta name=\"description\" content=\"Saco de lixo 30 litros preto 25 microns vendido por 20. Resistentes, pr\u00e1ticos e discretos, ideais para escrit\u00f3rios, cozinhas e espa\u00e7os coletivos.\" \/>\n<meta name=\"robots\" content=\"index, follow, max-snippet:-1, max-image-preview:large, max-video-preview:-1\" \/>\n<link rel=\"canonical\" href=\"https:\/\/www.csj-emballages.com\/pt-pt\/produit\/20-sacos-de-lixo-pretos-de-30-litros-e-25-%c2%b5\/\" \/>\n<meta property=\"og:locale\" content=\"pt_PT\" \/>\n<meta property=\"og:type\" content=\"article\" \/>\n<meta property=\"og:title\" content=\"Saco de lixo 30 litros preto 25 \u00b5 por 20\" \/>\n<meta property=\"og:description\" content=\"Saco de lixo 30 litros preto 25 microns vendido por 20. Resistentes, pr\u00e1ticos e discretos, ideais para escrit\u00f3rios, cozinhas e espa\u00e7os coletivos.\" \/>\n<meta property=\"og:url\" content=\"https:\/\/www.csj-emballages.com\/pt-pt\/produit\/20-sacos-de-lixo-pretos-de-30-litros-e-25-%c2%b5\/\" \/>\n<meta property=\"og:site_name\" content=\"CSJ Emballages\" \/>\n<meta property=\"article:publisher\" content=\"https:\/\/www.facebook.com\/csjemballages\" \/>\n<meta property=\"article:modified_time\" content=\"2026-04-17T00:16:28+00:00\" \/>\n<meta property=\"og:image\" content=\"https:\/\/www.csj-emballages.com\/wp-content\/uploads\/2024\/03\/Sac-housse.webp\" \/>\n\t<meta property=\"og:image:width\" content=\"800\" \/>\n\t<meta property=\"og:image:height\" content=\"800\" \/>\n\t<meta property=\"og:image:type\" content=\"image\/webp\" \/>\n<meta name=\"twitter:card\" content=\"summary_large_image\" \/>\n<meta name=\"twitter:label1\" content=\"Tempo estimado de leitura\" \/>\n\t<meta name=\"twitter:data1\" content=\"2 minutos\" \/>\n<script type=\"application\/ld+json\" class=\"yoast-schema-graph\">{\"@context\":\"https:\/\/schema.org\",\"@graph\":[{\"@type\":\"WebPage\",\"@id\":\"https:\/\/www.csj-emballages.com\/pt-pt\/produit\/20-sacos-de-lixo-pretos-de-30-litros-e-25-%c2%b5\/\",\"url\":\"https:\/\/www.csj-emballages.com\/pt-pt\/produit\/20-sacos-de-lixo-pretos-de-30-litros-e-25-%c2%b5\/\",\"name\":\"Saco de Lixo 30 Litros Preto 25 \u00b5 por 20\",\"isPartOf\":{\"@id\":\"https:\/\/www.csj-emballages.com\/pt-pt\/#website\"},\"primaryImageOfPage\":{\"@id\":\"https:\/\/www.csj-emballages.com\/pt-pt\/produit\/20-sacos-de-lixo-pretos-de-30-litros-e-25-%c2%b5\/#primaryimage\"},\"image\":{\"@id\":\"https:\/\/www.csj-emballages.com\/pt-pt\/produit\/20-sacos-de-lixo-pretos-de-30-litros-e-25-%c2%b5\/#primaryimage\"},\"thumbnailUrl\":\"https:\/\/www.csj-emballages.com\/wp-content\/uploads\/2024\/03\/Sac-housse.webp\",\"datePublished\":\"2024-03-01T15:49:06+00:00\",\"dateModified\":\"2026-04-17T00:16:28+00:00\",\"description\":\"Saco de lixo 30 litros preto 25 microns vendido por 20. Resistentes, pr\u00e1ticos e discretos, ideais para escrit\u00f3rios, cozinhas e espa\u00e7os coletivos.\",\"breadcrumb\":{\"@id\":\"https:\/\/www.csj-emballages.com\/pt-pt\/produit\/20-sacos-de-lixo-pretos-de-30-litros-e-25-%c2%b5\/#breadcrumb\"},\"inLanguage\":\"pt-PT\",\"potentialAction\":[{\"@type\":\"ReadAction\",\"target\":[\"https:\/\/www.csj-emballages.com\/pt-pt\/produit\/20-sacos-de-lixo-pretos-de-30-litros-e-25-%c2%b5\/\"]}]},{\"@type\":\"ImageObject\",\"inLanguage\":\"pt-PT\",\"@id\":\"https:\/\/www.csj-emballages.com\/pt-pt\/produit\/20-sacos-de-lixo-pretos-de-30-litros-e-25-%c2%b5\/#primaryimage\",\"url\":\"https:\/\/www.csj-emballages.com\/wp-content\/uploads\/2024\/03\/Sac-housse.webp\",\"contentUrl\":\"https:\/\/www.csj-emballages.com\/wp-content\/uploads\/2024\/03\/Sac-housse.webp\",\"width\":800,\"height\":800,\"caption\":\"Sac poubelle\"},{\"@type\":\"BreadcrumbList\",\"@id\":\"https:\/\/www.csj-emballages.com\/pt-pt\/produit\/20-sacos-de-lixo-pretos-de-30-litros-e-25-%c2%b5\/#breadcrumb\",\"itemListElement\":[{\"@type\":\"ListItem\",\"position\":1,\"name\":\"Acolhimento\",\"item\":\"https:\/\/www.csj-emballages.com\/pt-pt\/universo-das-embalagens-alimentares\/\"},{\"@type\":\"ListItem\",\"position\":2,\"name\":\"Shop\",\"item\":\"https:\/\/www.csj-emballages.com\/shop\/\"},{\"@type\":\"ListItem\",\"position\":3,\"name\":\"Saco de lixo 30 litros preto 25 \u00b5 por 20\"}]},{\"@type\":\"WebSite\",\"@id\":\"https:\/\/www.csj-emballages.com\/pt-pt\/#website\",\"url\":\"https:\/\/www.csj-emballages.com\/pt-pt\/\",\"name\":\"CSJ Emballages\",\"description\":\"\",\"publisher\":{\"@id\":\"https:\/\/www.csj-emballages.com\/pt-pt\/#organization\"},\"potentialAction\":[{\"@type\":\"SearchAction\",\"target\":{\"@type\":\"EntryPoint\",\"urlTemplate\":\"https:\/\/www.csj-emballages.com\/pt-pt\/?s={search_term_string}\"},\"query-input\":{\"@type\":\"PropertyValueSpecification\",\"valueRequired\":true,\"valueName\":\"search_term_string\"}}],\"inLanguage\":\"pt-PT\"},{\"@type\":\"Organization\",\"@id\":\"https:\/\/www.csj-emballages.com\/pt-pt\/#Organization\/\",\"name\":\"CSJ Emballages\",\"url\":\"https:\/\/www.csj-emballages.com\/pt-pt\/\",\"logo\":{\"@type\":\"ImageObject\",\"inLanguage\":\"pt-PT\",\"@id\":\"https:\/\/www.csj-emballages.com\/pt-pt\/#\/schema\/logo\/image\/\",\"url\":\"https:\/\/www.csj-emballages.com\/wp-content\/uploads\/2023\/10\/logo_csj.webp\",\"contentUrl\":\"https:\/\/www.csj-emballages.com\/wp-content\/uploads\/2023\/10\/logo_csj.webp\",\"width\":250,\"height\":95,\"caption\":\"CSJ Emballages\"},\"image\":{\"@id\":\"https:\/\/www.csj-emballages.com\/pt-pt\/#\/schema\/logo\/image\/\"},\"sameAs\":[\"https:\/\/www.facebook.com\/csjemballages\"],\"address\":{\"@type\":\"PostalAddress\",\"streetAddress\":\"ZI La Lechere\",\"addressLocality\":\"Patornay\",\"postalCode\":\"39130\",\"addressCountry\":\"FR\"},\"contactPoint\":[{\"@type\":\"ContactPoint\",\"contactType\":\"Service client\",\"telephone\":\"0384254272\",\"email\":\"contact@csj-emballages.com\"}]}]}<\/script>\n<!-- \/ Yoast SEO Premium plugin. -->","yoast_head_json":{"title":"Saco de Lixo 30 Litros Preto 25 \u00b5 por 20","description":"Saco de lixo 30 litros preto 25 microns vendido por 20. Resistentes, pr\u00e1ticos e discretos, ideais para escrit\u00f3rios, cozinhas e espa\u00e7os coletivos.","robots":{"index":"index","follow":"follow","max-snippet":"max-snippet:-1","max-image-preview":"max-image-preview:large","max-video-preview":"max-video-preview:-1"},"canonical":"https:\/\/www.csj-emballages.com\/pt-pt\/produit\/20-sacos-de-lixo-pretos-de-30-litros-e-25-%c2%b5\/","og_locale":"pt_PT","og_type":"article","og_title":"Saco de lixo 30 litros preto 25 \u00b5 por 20","og_description":"Saco de lixo 30 litros preto 25 microns vendido por 20. Resistentes, pr\u00e1ticos e discretos, ideais para escrit\u00f3rios, cozinhas e espa\u00e7os coletivos.","og_url":"https:\/\/www.csj-emballages.com\/pt-pt\/produit\/20-sacos-de-lixo-pretos-de-30-litros-e-25-%c2%b5\/","og_site_name":"CSJ Emballages","article_publisher":"https:\/\/www.facebook.com\/csjemballages","article_modified_time":"2026-04-17T00:16:28+00:00","og_image":[{"width":800,"height":800,"url":"https:\/\/www.csj-emballages.com\/wp-content\/uploads\/2024\/03\/Sac-housse.webp","type":"image\/webp"}],"twitter_card":"summary_large_image","twitter_misc":{"Tempo estimado de leitura":"2 minutos"},"schema":{"@context":"https:\/\/schema.org","@graph":[{"@type":"WebPage","@id":"https:\/\/www.csj-emballages.com\/pt-pt\/produit\/20-sacos-de-lixo-pretos-de-30-litros-e-25-%c2%b5\/","url":"https:\/\/www.csj-emballages.com\/pt-pt\/produit\/20-sacos-de-lixo-pretos-de-30-litros-e-25-%c2%b5\/","name":"Saco de Lixo 30 Litros Preto 25 \u00b5 por 20","isPartOf":{"@id":"https:\/\/www.csj-emballages.com\/pt-pt\/#website"},"primaryImageOfPage":{"@id":"https:\/\/www.csj-emballages.com\/pt-pt\/produit\/20-sacos-de-lixo-pretos-de-30-litros-e-25-%c2%b5\/#primaryimage"},"image":{"@id":"https:\/\/www.csj-emballages.com\/pt-pt\/produit\/20-sacos-de-lixo-pretos-de-30-litros-e-25-%c2%b5\/#primaryimage"},"thumbnailUrl":"https:\/\/www.csj-emballages.com\/wp-content\/uploads\/2024\/03\/Sac-housse.webp","datePublished":"2024-03-01T15:49:06+00:00","dateModified":"2026-04-17T00:16:28+00:00","description":"Saco de lixo 30 litros preto 25 microns vendido por 20. Resistentes, pr\u00e1ticos e discretos, ideais para escrit\u00f3rios, cozinhas e espa\u00e7os coletivos.","breadcrumb":{"@id":"https:\/\/www.csj-emballages.com\/pt-pt\/produit\/20-sacos-de-lixo-pretos-de-30-litros-e-25-%c2%b5\/#breadcrumb"},"inLanguage":"pt-PT","potentialAction":[{"@type":"ReadAction","target":["https:\/\/www.csj-emballages.com\/pt-pt\/produit\/20-sacos-de-lixo-pretos-de-30-litros-e-25-%c2%b5\/"]}]},{"@type":"ImageObject","inLanguage":"pt-PT","@id":"https:\/\/www.csj-emballages.com\/pt-pt\/produit\/20-sacos-de-lixo-pretos-de-30-litros-e-25-%c2%b5\/#primaryimage","url":"https:\/\/www.csj-emballages.com\/wp-content\/uploads\/2024\/03\/Sac-housse.webp","contentUrl":"https:\/\/www.csj-emballages.com\/wp-content\/uploads\/2024\/03\/Sac-housse.webp","width":800,"height":800,"caption":"Sac poubelle"},{"@type":"BreadcrumbList","@id":"https:\/\/www.csj-emballages.com\/pt-pt\/produit\/20-sacos-de-lixo-pretos-de-30-litros-e-25-%c2%b5\/#breadcrumb","itemListElement":[{"@type":"ListItem","position":1,"name":"Acolhimento","item":"https:\/\/www.csj-emballages.com\/pt-pt\/universo-das-embalagens-alimentares\/"},{"@type":"ListItem","position":2,"name":"Shop","item":"https:\/\/www.csj-emballages.com\/shop\/"},{"@type":"ListItem","position":3,"name":"Saco de lixo 30 litros preto 25 \u00b5 por 20"}]},{"@type":"WebSite","@id":"https:\/\/www.csj-emballages.com\/pt-pt\/#website","url":"https:\/\/www.csj-emballages.com\/pt-pt\/","name":"CSJ Emballages","description":"","publisher":{"@id":"https:\/\/www.csj-emballages.com\/pt-pt\/#organization"},"potentialAction":[{"@type":"SearchAction","target":{"@type":"EntryPoint","urlTemplate":"https:\/\/www.csj-emballages.com\/pt-pt\/?s={search_term_string}"},"query-input":{"@type":"PropertyValueSpecification","valueRequired":true,"valueName":"search_term_string"}}],"inLanguage":"pt-PT"},{"@type":"Organization","@id":"https:\/\/www.csj-emballages.com\/pt-pt\/#Organization\/","name":"CSJ Emballages","url":"https:\/\/www.csj-emballages.com\/pt-pt\/","logo":{"@type":"ImageObject","inLanguage":"pt-PT","@id":"https:\/\/www.csj-emballages.com\/pt-pt\/#\/schema\/logo\/image\/","url":"https:\/\/www.csj-emballages.com\/wp-content\/uploads\/2023\/10\/logo_csj.webp","contentUrl":"https:\/\/www.csj-emballages.com\/wp-content\/uploads\/2023\/10\/logo_csj.webp","width":250,"height":95,"caption":"CSJ Emballages"},"image":{"@id":"https:\/\/www.csj-emballages.com\/pt-pt\/#\/schema\/logo\/image\/"},"sameAs":["https:\/\/www.facebook.com\/csjemballages"],"address":{"@type":"PostalAddress","streetAddress":"ZI La Lechere","addressLocality":"Patornay","postalCode":"39130","addressCountry":"FR"},"contactPoint":[{"@type":"ContactPoint","contactType":"Service client","telephone":"0384254272","email":"contact@csj-emballages.com"}]}]}},"df_price":0.89,"df_sale_price":"","df_regular_price":0.89,"df_image_link":"https:\/\/www.csj-emballages.com\/wp-content\/uploads\/2024\/03\/Sac-housse-300x300.webp","tiered_pricing_type":"fixed","tiered_pricing_fixed_rules":[],"tiered_pricing_percentage_rules":[],"tiered_pricing_minimum":1,"tiered_pricing_roles_data":[],"_links":{"self":[{"href":"https:\/\/www.csj-emballages.com\/pt-pt\/wp-json\/wp\/v2\/product\/23795","targetHints":{"allow":["GET"]}}],"collection":[{"href":"https:\/\/www.csj-emballages.com\/pt-pt\/wp-json\/wp\/v2\/product"}],"about":[{"href":"https:\/\/www.csj-emballages.com\/pt-pt\/wp-json\/wp\/v2\/types\/product"}],"wp:featuredmedia":[{"embeddable":true,"href":"https:\/\/www.csj-emballages.com\/pt-pt\/wp-json\/wp\/v2\/media\/222414"}],"wp:attachment":[{"href":"https:\/\/www.csj-emballages.com\/pt-pt\/wp-json\/wp\/v2\/media?parent=23795"}],"wp:term":[{"taxonomy":"product_brand","embeddable":true,"href":"https:\/\/www.csj-emballages.com\/pt-pt\/wp-json\/wp\/v2\/product_brand?post=23795"},{"taxonomy":"product_cat","embeddable":true,"href":"https:\/\/www.csj-emballages.com\/pt-pt\/wp-json\/wp\/v2\/product_cat?post=23795"},{"taxonomy":"product_tag","embeddable":true,"href":"https:\/\/www.csj-emballages.com\/pt-pt\/wp-json\/wp\/v2\/product_tag?post=23795"}],"curies":[{"name":"wp","href":"https:\/\/api.w.org\/{rel}","templated":true}]}}