{"id":23760,"date":"2024-03-01T16:49:05","date_gmt":"2024-03-01T15:49:05","guid":{"rendered":"https:\/\/u15jnbdpoq.preview.infomaniak.website\/produit\/250-sacos-de-pao-bege-de-base-biologica-23-x-4-4-x-40-cm\/"},"modified":"2026-04-01T02:18:36","modified_gmt":"2026-04-01T00:18:36","slug":"250-sacos-de-pao-bege-de-base-biologica-23-x-4-4-x-40-cm","status":"publish","type":"product","link":"https:\/\/www.csj-emballages.com\/pt-pt\/produit\/250-sacos-de-pao-bege-de-base-biologica-23-x-4-4-x-40-cm\/","title":{"rendered":"Saco para p\u00e3o fatiado de base biol\u00f3gica bege 23 x 4 + 4 x 40 cm por 250"},"content":{"rendered":"<h2 class=\"p1\">Saco de p\u00e3o<\/h2>\n<hr>\n<h3>Descri\u00e7\u00e3o do nosso saco para p\u00e3o fatiado amarelo de base biol\u00f3gica 23 x 4 + 4 x 40 cm por 200<\/h3>\n<p><!--more--><\/p>\n<p data-start=\"270\" data-end=\"632\">O <strong data-start=\"273\" data-end=\"330\">saco para p\u00e3o fatiado amarelo de origem biol\u00f3gica 23 x 4 + 4 x 40 cm<\/strong> \u00e9 uma solu\u00e7\u00e3o ideal para padeiros, artes\u00e3os ou retalhistas que pretendam combinar praticidade, est\u00e9tica e um compromisso com o ambiente. Especialmente concebido para embalar <strong>p\u00e3o fatiado<\/strong>, este <strong>saco<\/strong> alia a funcionalidade ao respeito pelo ambiente gra\u00e7as \u00e0 sua composi\u00e7\u00e3o de <strong>origem biol\u00f3gica<\/strong>. A sua <strong>cor amarela natural<\/strong> confere-lhe um <strong data-start=\"672\" data-end=\"693\">toque artesanal<\/strong> que valoriza os seus produtos \u00e0 primeira vista. Fabricado a partir de mat\u00e9rias-primas renov\u00e1veis, este <strong>saco<\/strong> foi concebido para reduzir a sua pegada de carbono, garantindo uma excelente resist\u00eancia ao manuseamento.   <\/p>\n<p data-start=\"925\" data-end=\"1240\">Gra\u00e7as \u00e0s suas <strong>dimens\u00f5es generosas de 23 cm de largura<\/strong>, <strong>4 cm de<\/strong> refor\u00e7o <strong>de cada lado<\/strong> e <strong>40 cm de comprimento<\/strong>, adapta-se facilmente a <strong>p\u00e3es fatiados<\/strong> de v\u00e1rios tamanhos. A sua textura macia e s\u00f3lida permite ensacar rapidamente o p\u00e3o, mantendo-o protegido contra rasg\u00f5es e humidade. <\/p>\n<p data-start=\"1242\" data-end=\"1454\">Vendido em embalagens de <strong>200<\/strong> unidades, este <strong>saco<\/strong> adapta-se perfeitamente \u00e0s necessidades dos profissionais da panifica\u00e7\u00e3o e do takeaway.<\/p>\n<p data-start=\"1456\" data-end=\"1648\">Em suma, \u00e9 uma alternativa respons\u00e1vel aos sacos tradicionais, ideal para quem pretende oferecer uma embalagem natural e eficaz.<\/p>\n<p><!--more--><\/p>\n<h4><strong>Vantagens:<\/strong><\/h4>\n<ul>\n<li><strong>Fabrico<\/strong> <strong data-start=\"1875\" data-end=\"1889\">de origem biol\u00f3gica<\/strong>: amigo do ambiente.<\/li>\n<li><strong>Amarelo<\/strong> natural para um aspeto aut\u00eantico.<\/li>\n<li>Tamanho ideal para p\u00e3o fatiado.<\/li>\n<li>Este saco de p\u00e3o \u00e9 robusto e resistente \u00e0 humidade e ao manuseamento.<\/li>\n<li><strong>Vendido em embalagens de<\/strong> <strong>200<\/strong> <strong>unidades<\/strong>: ideal para profissionais.<\/li>\n<\/ul>\n<p>&nbsp;<\/p>\n<p><!--more--><\/p>\n<h4>Outras informa\u00e7\u00f5es :<\/h4>\n<ul>\n<li><strong>Embalagem<\/strong>: Embalagem de 200<\/li>\n<li><strong>Dimens\u00f5es<\/strong>: 23 x 4 + 4 x 40 cm<\/li>\n<li><b>Material <\/b>: Pl\u00e1stico de origem biol\u00f3gica<\/li>\n<li><strong>Cor<\/strong>: Amarelo<\/li>\n<\/ul>\n<p>&nbsp;<\/p>\n<p><!--more--><\/p>\n<p>Encontre aqui os nossos sacos para p\u00e3o fatiado dispon\u00edveis em v\u00e1rios tamanhos: <span style=\"color: #d12727\"><a style=\"color: #d12727\" href=\"https:\/\/www.csj-emballages.com\/pt-pt\/produit\/200-sacos-de-pao-de-trincheira-verdes-de-base-biologica-16-x-5-5-x-35-cm\/\">16 x 10 x 35 cm<\/a><\/span> \/ <span style=\"color: #d12727\"><a style=\"color: #d12727\" href=\"https:\/\/www.csj-emballages.com\/produit\/250-sacs-a-pain-tranchee-marron-biosource-12-x-5-5-x-45-cm\/\">12 x 5 + 5 x 45 cm<\/a><\/span> \/ <span style=\"color: #d12727\"><a style=\"color: #d12727\" href=\"https:\/\/www.csj-emballages.com\/produit\/250-sacs-a-pain-tranchee-bleu-biosource-16-x-5-5-x-43-cm\/\">16 x 5 + 5 x 43 cm<\/a><\/span> \/ <span style=\"color: #d12727\"><a style=\"color: #d12727\" href=\"https:\/\/www.csj-emballages.com\/produit\/250-sacs-a-pain-tranchee-rouge-biosource-16-x-5-5-x-60-cm\/\">16 x 5 + 5 x 60 cm<\/a> <\/span>\/ <span style=\"color: #d12727\"><a style=\"color: #d12727\" href=\"https:\/\/www.csj-emballages.com\/pt-pt\/produit\/saco-para-pao-fatiado-roxo-de-base-biologica-23-x-55-55-x-60-cm-por-200\/\">23 x 5,5 + 5,5 x 60 cm<\/a><\/span><\/p>\n<p>&nbsp;<\/p>\n<p><!--more--><\/p>\n<p><a href=\"https:\/\/www.csj-emballages.com\/pt-pt\/categorie-produit\/embalagem-de-alimentos\/gama-biologica\/sacos-organicos-pt-pt\/\">Ver o resto da nossa gama de sacos biol\u00f3gicos<\/a><\/p>\n","protected":false},"excerpt":{"rendered":"<p>Saco de p\u00e3o Descri\u00e7\u00e3o do nosso saco para p\u00e3o fatiado amarelo de base biol\u00f3gica 23 x 4 + 4 x 40 cm por 200<\/p>\n","protected":false},"featured_media":238516,"template":"","meta":{"_acf_changed":false},"product_brand":[],"product_cat":[1141,1177,1675,1676,1152,6698],"product_tag":[],"class_list":{"0":"post-23760","1":"product","2":"type-product","3":"status-publish","4":"has-post-thumbnail","6":"product_cat-embalagem-de-alimentos","7":"product_cat-padaria-e-pastelaria","8":"product_cat-sacheries-pt-pt","9":"product_cat-sacos-de-pao-fatiado","10":"product_cat-gama-biologica","11":"product_cat-sacos-organicos-pt-pt","13":"first","14":"instock","15":"taxable","16":"shipping-taxable","17":"purchasable","18":"product-type-simple"},"acf":[],"yoast_head":"<!-- This site is optimized with the Yoast SEO Premium plugin v26.6 (Yoast SEO v26.6) - https:\/\/yoast.com\/wordpress\/plugins\/seo\/ -->\n<title>Saco para p\u00e3o fatiado Amarelo de base biol\u00f3gica 23 x 4 + 4 x 40 cm por 200<\/title>\n<meta name=\"description\" content=\"Saco para p\u00e3o fatiado amarelo de base biol\u00f3gica 23 x 4 + 4 x 40 cm - Conjunto de 200. Pr\u00e1tico, ecol\u00f3gico e s\u00f3lido: ideal para padeiros e artes\u00e3os respons\u00e1veis.\" \/>\n<meta name=\"robots\" content=\"index, follow, max-snippet:-1, max-image-preview:large, max-video-preview:-1\" \/>\n<link rel=\"canonical\" href=\"https:\/\/www.csj-emballages.com\/pt-pt\/produit\/250-sacos-de-pao-bege-de-base-biologica-23-x-4-4-x-40-cm\/\" \/>\n<meta property=\"og:locale\" content=\"pt_PT\" \/>\n<meta property=\"og:type\" content=\"article\" \/>\n<meta property=\"og:title\" content=\"Saco para p\u00e3o fatiado de base biol\u00f3gica bege 23 x 4 + 4 x 40 cm por 250\" \/>\n<meta property=\"og:description\" content=\"Saco para p\u00e3o fatiado amarelo de base biol\u00f3gica 23 x 4 + 4 x 40 cm - Conjunto de 200. Pr\u00e1tico, ecol\u00f3gico e s\u00f3lido: ideal para padeiros e artes\u00e3os respons\u00e1veis.\" \/>\n<meta property=\"og:url\" content=\"https:\/\/www.csj-emballages.com\/pt-pt\/produit\/250-sacos-de-pao-bege-de-base-biologica-23-x-4-4-x-40-cm\/\" \/>\n<meta property=\"og:site_name\" content=\"CSJ Emballages\" \/>\n<meta property=\"article:publisher\" content=\"https:\/\/www.facebook.com\/csjemballages\" \/>\n<meta property=\"article:modified_time\" content=\"2026-04-01T00:18:36+00:00\" \/>\n<meta property=\"og:image\" content=\"https:\/\/www.csj-emballages.com\/wp-content\/uploads\/2024\/03\/SPBEI-2.webp\" \/>\n\t<meta property=\"og:image:width\" content=\"800\" \/>\n\t<meta property=\"og:image:height\" content=\"800\" \/>\n\t<meta property=\"og:image:type\" content=\"image\/webp\" \/>\n<meta name=\"twitter:card\" content=\"summary_large_image\" \/>\n<meta name=\"twitter:label1\" content=\"Tempo estimado de leitura\" \/>\n\t<meta name=\"twitter:data1\" content=\"2 minutos\" \/>\n<script type=\"application\/ld+json\" class=\"yoast-schema-graph\">{\"@context\":\"https:\/\/schema.org\",\"@graph\":[{\"@type\":\"WebPage\",\"@id\":\"https:\/\/www.csj-emballages.com\/pt-pt\/produit\/250-sacos-de-pao-bege-de-base-biologica-23-x-4-4-x-40-cm\/\",\"url\":\"https:\/\/www.csj-emballages.com\/pt-pt\/produit\/250-sacos-de-pao-bege-de-base-biologica-23-x-4-4-x-40-cm\/\",\"name\":\"Saco para p\u00e3o fatiado Amarelo de base biol\u00f3gica 23 x 4 + 4 x 40 cm por 200\",\"isPartOf\":{\"@id\":\"https:\/\/www.csj-emballages.com\/pt-pt\/#website\"},\"primaryImageOfPage\":{\"@id\":\"https:\/\/www.csj-emballages.com\/pt-pt\/produit\/250-sacos-de-pao-bege-de-base-biologica-23-x-4-4-x-40-cm\/#primaryimage\"},\"image\":{\"@id\":\"https:\/\/www.csj-emballages.com\/pt-pt\/produit\/250-sacos-de-pao-bege-de-base-biologica-23-x-4-4-x-40-cm\/#primaryimage\"},\"thumbnailUrl\":\"https:\/\/www.csj-emballages.com\/wp-content\/uploads\/2024\/03\/SPBEI-2.webp\",\"datePublished\":\"2024-03-01T15:49:05+00:00\",\"dateModified\":\"2026-04-01T00:18:36+00:00\",\"description\":\"Saco para p\u00e3o fatiado amarelo de base biol\u00f3gica 23 x 4 + 4 x 40 cm - Conjunto de 200. Pr\u00e1tico, ecol\u00f3gico e s\u00f3lido: ideal para padeiros e artes\u00e3os respons\u00e1veis.\",\"breadcrumb\":{\"@id\":\"https:\/\/www.csj-emballages.com\/pt-pt\/produit\/250-sacos-de-pao-bege-de-base-biologica-23-x-4-4-x-40-cm\/#breadcrumb\"},\"inLanguage\":\"pt-PT\",\"potentialAction\":[{\"@type\":\"ReadAction\",\"target\":[\"https:\/\/www.csj-emballages.com\/pt-pt\/produit\/250-sacos-de-pao-bege-de-base-biologica-23-x-4-4-x-40-cm\/\"]}]},{\"@type\":\"ImageObject\",\"inLanguage\":\"pt-PT\",\"@id\":\"https:\/\/www.csj-emballages.com\/pt-pt\/produit\/250-sacos-de-pao-bege-de-base-biologica-23-x-4-4-x-40-cm\/#primaryimage\",\"url\":\"https:\/\/www.csj-emballages.com\/wp-content\/uploads\/2024\/03\/SPBEI-2.webp\",\"contentUrl\":\"https:\/\/www.csj-emballages.com\/wp-content\/uploads\/2024\/03\/SPBEI-2.webp\",\"width\":800,\"height\":800,\"caption\":\"Sac \u00e0 pain\"},{\"@type\":\"BreadcrumbList\",\"@id\":\"https:\/\/www.csj-emballages.com\/pt-pt\/produit\/250-sacos-de-pao-bege-de-base-biologica-23-x-4-4-x-40-cm\/#breadcrumb\",\"itemListElement\":[{\"@type\":\"ListItem\",\"position\":1,\"name\":\"Acolhimento\",\"item\":\"https:\/\/www.csj-emballages.com\/pt-pt\/universo-das-embalagens-alimentares\/\"},{\"@type\":\"ListItem\",\"position\":2,\"name\":\"Shop\",\"item\":\"https:\/\/www.csj-emballages.com\/shop\/\"},{\"@type\":\"ListItem\",\"position\":3,\"name\":\"Saco para p\u00e3o fatiado de base biol\u00f3gica bege 23 x 4 + 4 x 40 cm por 250\"}]},{\"@type\":\"WebSite\",\"@id\":\"https:\/\/www.csj-emballages.com\/pt-pt\/#website\",\"url\":\"https:\/\/www.csj-emballages.com\/pt-pt\/\",\"name\":\"CSJ Emballages\",\"description\":\"\",\"publisher\":{\"@id\":\"https:\/\/www.csj-emballages.com\/pt-pt\/#organization\"},\"potentialAction\":[{\"@type\":\"SearchAction\",\"target\":{\"@type\":\"EntryPoint\",\"urlTemplate\":\"https:\/\/www.csj-emballages.com\/pt-pt\/?s={search_term_string}\"},\"query-input\":{\"@type\":\"PropertyValueSpecification\",\"valueRequired\":true,\"valueName\":\"search_term_string\"}}],\"inLanguage\":\"pt-PT\"},{\"@type\":\"Organization\",\"@id\":\"https:\/\/www.csj-emballages.com\/pt-pt\/#Organization\/\",\"name\":\"CSJ Emballages\",\"url\":\"https:\/\/www.csj-emballages.com\/pt-pt\/\",\"logo\":{\"@type\":\"ImageObject\",\"inLanguage\":\"pt-PT\",\"@id\":\"https:\/\/www.csj-emballages.com\/pt-pt\/#\/schema\/logo\/image\/\",\"url\":\"https:\/\/www.csj-emballages.com\/wp-content\/uploads\/2023\/10\/logo_csj.webp\",\"contentUrl\":\"https:\/\/www.csj-emballages.com\/wp-content\/uploads\/2023\/10\/logo_csj.webp\",\"width\":250,\"height\":95,\"caption\":\"CSJ Emballages\"},\"image\":{\"@id\":\"https:\/\/www.csj-emballages.com\/pt-pt\/#\/schema\/logo\/image\/\"},\"sameAs\":[\"https:\/\/www.facebook.com\/csjemballages\"],\"address\":{\"@type\":\"PostalAddress\",\"streetAddress\":\"ZI La Lechere\",\"addressLocality\":\"Patornay\",\"postalCode\":\"39130\",\"addressCountry\":\"FR\"},\"contactPoint\":[{\"@type\":\"ContactPoint\",\"contactType\":\"Service client\",\"telephone\":\"0384254272\",\"email\":\"contact@csj-emballages.com\"}]}]}<\/script>\n<!-- \/ Yoast SEO Premium plugin. -->","yoast_head_json":{"title":"Saco para p\u00e3o fatiado Amarelo de base biol\u00f3gica 23 x 4 + 4 x 40 cm por 200","description":"Saco para p\u00e3o fatiado amarelo de base biol\u00f3gica 23 x 4 + 4 x 40 cm - Conjunto de 200. Pr\u00e1tico, ecol\u00f3gico e s\u00f3lido: ideal para padeiros e artes\u00e3os respons\u00e1veis.","robots":{"index":"index","follow":"follow","max-snippet":"max-snippet:-1","max-image-preview":"max-image-preview:large","max-video-preview":"max-video-preview:-1"},"canonical":"https:\/\/www.csj-emballages.com\/pt-pt\/produit\/250-sacos-de-pao-bege-de-base-biologica-23-x-4-4-x-40-cm\/","og_locale":"pt_PT","og_type":"article","og_title":"Saco para p\u00e3o fatiado de base biol\u00f3gica bege 23 x 4 + 4 x 40 cm por 250","og_description":"Saco para p\u00e3o fatiado amarelo de base biol\u00f3gica 23 x 4 + 4 x 40 cm - Conjunto de 200. Pr\u00e1tico, ecol\u00f3gico e s\u00f3lido: ideal para padeiros e artes\u00e3os respons\u00e1veis.","og_url":"https:\/\/www.csj-emballages.com\/pt-pt\/produit\/250-sacos-de-pao-bege-de-base-biologica-23-x-4-4-x-40-cm\/","og_site_name":"CSJ Emballages","article_publisher":"https:\/\/www.facebook.com\/csjemballages","article_modified_time":"2026-04-01T00:18:36+00:00","og_image":[{"width":800,"height":800,"url":"https:\/\/www.csj-emballages.com\/wp-content\/uploads\/2024\/03\/SPBEI-2.webp","type":"image\/webp"}],"twitter_card":"summary_large_image","twitter_misc":{"Tempo estimado de leitura":"2 minutos"},"schema":{"@context":"https:\/\/schema.org","@graph":[{"@type":"WebPage","@id":"https:\/\/www.csj-emballages.com\/pt-pt\/produit\/250-sacos-de-pao-bege-de-base-biologica-23-x-4-4-x-40-cm\/","url":"https:\/\/www.csj-emballages.com\/pt-pt\/produit\/250-sacos-de-pao-bege-de-base-biologica-23-x-4-4-x-40-cm\/","name":"Saco para p\u00e3o fatiado Amarelo de base biol\u00f3gica 23 x 4 + 4 x 40 cm por 200","isPartOf":{"@id":"https:\/\/www.csj-emballages.com\/pt-pt\/#website"},"primaryImageOfPage":{"@id":"https:\/\/www.csj-emballages.com\/pt-pt\/produit\/250-sacos-de-pao-bege-de-base-biologica-23-x-4-4-x-40-cm\/#primaryimage"},"image":{"@id":"https:\/\/www.csj-emballages.com\/pt-pt\/produit\/250-sacos-de-pao-bege-de-base-biologica-23-x-4-4-x-40-cm\/#primaryimage"},"thumbnailUrl":"https:\/\/www.csj-emballages.com\/wp-content\/uploads\/2024\/03\/SPBEI-2.webp","datePublished":"2024-03-01T15:49:05+00:00","dateModified":"2026-04-01T00:18:36+00:00","description":"Saco para p\u00e3o fatiado amarelo de base biol\u00f3gica 23 x 4 + 4 x 40 cm - Conjunto de 200. Pr\u00e1tico, ecol\u00f3gico e s\u00f3lido: ideal para padeiros e artes\u00e3os respons\u00e1veis.","breadcrumb":{"@id":"https:\/\/www.csj-emballages.com\/pt-pt\/produit\/250-sacos-de-pao-bege-de-base-biologica-23-x-4-4-x-40-cm\/#breadcrumb"},"inLanguage":"pt-PT","potentialAction":[{"@type":"ReadAction","target":["https:\/\/www.csj-emballages.com\/pt-pt\/produit\/250-sacos-de-pao-bege-de-base-biologica-23-x-4-4-x-40-cm\/"]}]},{"@type":"ImageObject","inLanguage":"pt-PT","@id":"https:\/\/www.csj-emballages.com\/pt-pt\/produit\/250-sacos-de-pao-bege-de-base-biologica-23-x-4-4-x-40-cm\/#primaryimage","url":"https:\/\/www.csj-emballages.com\/wp-content\/uploads\/2024\/03\/SPBEI-2.webp","contentUrl":"https:\/\/www.csj-emballages.com\/wp-content\/uploads\/2024\/03\/SPBEI-2.webp","width":800,"height":800,"caption":"Sac \u00e0 pain"},{"@type":"BreadcrumbList","@id":"https:\/\/www.csj-emballages.com\/pt-pt\/produit\/250-sacos-de-pao-bege-de-base-biologica-23-x-4-4-x-40-cm\/#breadcrumb","itemListElement":[{"@type":"ListItem","position":1,"name":"Acolhimento","item":"https:\/\/www.csj-emballages.com\/pt-pt\/universo-das-embalagens-alimentares\/"},{"@type":"ListItem","position":2,"name":"Shop","item":"https:\/\/www.csj-emballages.com\/shop\/"},{"@type":"ListItem","position":3,"name":"Saco para p\u00e3o fatiado de base biol\u00f3gica bege 23 x 4 + 4 x 40 cm por 250"}]},{"@type":"WebSite","@id":"https:\/\/www.csj-emballages.com\/pt-pt\/#website","url":"https:\/\/www.csj-emballages.com\/pt-pt\/","name":"CSJ Emballages","description":"","publisher":{"@id":"https:\/\/www.csj-emballages.com\/pt-pt\/#organization"},"potentialAction":[{"@type":"SearchAction","target":{"@type":"EntryPoint","urlTemplate":"https:\/\/www.csj-emballages.com\/pt-pt\/?s={search_term_string}"},"query-input":{"@type":"PropertyValueSpecification","valueRequired":true,"valueName":"search_term_string"}}],"inLanguage":"pt-PT"},{"@type":"Organization","@id":"https:\/\/www.csj-emballages.com\/pt-pt\/#Organization\/","name":"CSJ Emballages","url":"https:\/\/www.csj-emballages.com\/pt-pt\/","logo":{"@type":"ImageObject","inLanguage":"pt-PT","@id":"https:\/\/www.csj-emballages.com\/pt-pt\/#\/schema\/logo\/image\/","url":"https:\/\/www.csj-emballages.com\/wp-content\/uploads\/2023\/10\/logo_csj.webp","contentUrl":"https:\/\/www.csj-emballages.com\/wp-content\/uploads\/2023\/10\/logo_csj.webp","width":250,"height":95,"caption":"CSJ Emballages"},"image":{"@id":"https:\/\/www.csj-emballages.com\/pt-pt\/#\/schema\/logo\/image\/"},"sameAs":["https:\/\/www.facebook.com\/csjemballages"],"address":{"@type":"PostalAddress","streetAddress":"ZI La Lechere","addressLocality":"Patornay","postalCode":"39130","addressCountry":"FR"},"contactPoint":[{"@type":"ContactPoint","contactType":"Service client","telephone":"0384254272","email":"contact@csj-emballages.com"}]}]}},"df_price":17.21,"df_sale_price":"","df_regular_price":17.21,"df_image_link":"https:\/\/www.csj-emballages.com\/wp-content\/uploads\/2024\/03\/SPBEI-2-300x300.webp","tiered_pricing_type":"fixed","tiered_pricing_fixed_rules":[],"tiered_pricing_percentage_rules":[],"tiered_pricing_minimum":1,"tiered_pricing_roles_data":[],"_links":{"self":[{"href":"https:\/\/www.csj-emballages.com\/pt-pt\/wp-json\/wp\/v2\/product\/23760","targetHints":{"allow":["GET"]}}],"collection":[{"href":"https:\/\/www.csj-emballages.com\/pt-pt\/wp-json\/wp\/v2\/product"}],"about":[{"href":"https:\/\/www.csj-emballages.com\/pt-pt\/wp-json\/wp\/v2\/types\/product"}],"wp:featuredmedia":[{"embeddable":true,"href":"https:\/\/www.csj-emballages.com\/pt-pt\/wp-json\/wp\/v2\/media\/238516"}],"wp:attachment":[{"href":"https:\/\/www.csj-emballages.com\/pt-pt\/wp-json\/wp\/v2\/media?parent=23760"}],"wp:term":[{"taxonomy":"product_brand","embeddable":true,"href":"https:\/\/www.csj-emballages.com\/pt-pt\/wp-json\/wp\/v2\/product_brand?post=23760"},{"taxonomy":"product_cat","embeddable":true,"href":"https:\/\/www.csj-emballages.com\/pt-pt\/wp-json\/wp\/v2\/product_cat?post=23760"},{"taxonomy":"product_tag","embeddable":true,"href":"https:\/\/www.csj-emballages.com\/pt-pt\/wp-json\/wp\/v2\/product_tag?post=23760"}],"curies":[{"name":"wp","href":"https:\/\/api.w.org\/{rel}","templated":true}]}}