{"id":23737,"date":"2024-03-01T16:49:07","date_gmt":"2024-03-01T15:49:07","guid":{"rendered":"https:\/\/u15jnbdpoq.preview.infomaniak.website\/produit\/10-sacos-de-lixo-pretos-de-150-litros-e-50-%c2%b5\/"},"modified":"2026-04-28T02:19:14","modified_gmt":"2026-04-28T00:19:14","slug":"10-sacos-de-lixo-pretos-de-150-litros-e-50-%c2%b5","status":"publish","type":"product","link":"https:\/\/www.csj-emballages.com\/pt-pt\/produit\/10-sacos-de-lixo-pretos-de-150-litros-e-50-%c2%b5\/","title":{"rendered":"Saco de lixo 150 litros preto 50 \u00b5 por 10"},"content":{"rendered":"<h2>Saco de lixo<\/h2>\n<hr>\n<h3>Descubra o nosso saco de lixo preto de 130 litros, 75 \u00b5, por 10<\/h3>\n<p><!--more--><\/p>\n<p data-start=\"189\" data-end=\"541\">Quando os volumes se tornam importantes, \u00e9 preciso poder contar com sacos realmente fi\u00e1veis. Este <strong data-start=\"288\" data-end=\"320\">saco de lixo preto de 150 litros<\/strong>, com uma espessura de <strong data-start=\"344\" data-end=\"358\">50 microns<\/strong>, foi concebido para gerir res\u00edduos pesados e volumosos sem surpresas desagrad\u00e1veis. Oferece uma excelente resist\u00eancia e limita os riscos de rasg\u00f5es, mesmo quando est\u00e1 bem cheio.  <\/p>\n<p data-start=\"543\" data-end=\"842\">O seu <strong>grande formato<\/strong> permite recolher eficazmente os res\u00edduos provenientes de cozinhas profissionais, oficinas, autarquias ou zonas de armazenagem. Al\u00e9m disso, a sua <strong>cor preta<\/strong> garante uma opacidade perfeita, o que \u00e9 pr\u00e1tico para dissimular o conte\u00fado e manter um espa\u00e7o visualmente limpo. <\/p>\n<p data-start=\"844\" data-end=\"1135\">Gra\u00e7as \u00e0 sua <strong>espessura refor\u00e7ada<\/strong>, este <strong>saco<\/strong> suporta o peso e as manipula\u00e7\u00f5es repetidas. Coloca-se facilmente nos contentores adequados e permanece bem no lugar durante todo o per\u00edodo de utiliza\u00e7\u00e3o. Uma vez cheio, fecha-se sem dificuldade e transporta-se sem receio de fugas.  <\/p>\n<p data-start=\"1137\" data-end=\"1339\">Vendido <strong data-start=\"1143\" data-end=\"1160\">em lote de 10<\/strong>, este formato \u00e9 ideal tanto para necessidades pontuais como para uma utiliza\u00e7\u00e3o regular. Permite gerir grandes volumes sem multiplicar as refer\u00eancias e simplifica a gest\u00e3o do stock. <\/p>\n<p data-start=\"1341\" data-end=\"1584\">Em resumo, este <strong>saco de lixo de 150 litros<\/strong> combina capacidade, solidez e praticidade. \u00c9 uma solu\u00e7\u00e3o simples e eficaz para manter os espa\u00e7os limpos e organizar a gest\u00e3o de res\u00edduos nos ambientes profissionais mais exigentes. <\/p>\n<p data-start=\"1341\" data-end=\"1584\">\n<p data-start=\"1421\" data-end=\"1628\"><!--more--><\/p>\n<h4 data-start=\"1421\" data-end=\"1628\">Vantagens :<\/h4>\n<ul>\n<li data-start=\"1612\" data-end=\"1644\">Grande capacidade de <strong>150 litros<\/strong>.<\/li>\n<li data-start=\"1647\" data-end=\"1694\"><strong>Espessura de 50 microns<\/strong> para maior resist\u00eancia.<\/li>\n<li data-start=\"1697\" data-end=\"1720\">Cor preta opaca.<\/li>\n<li data-start=\"1723\" data-end=\"1765\">Adaptado a res\u00edduos pesados e volumosos.<\/li>\n<li data-start=\"1768\" data-end=\"1791\">Coloca\u00e7\u00e3o f\u00e1cil.<\/li>\n<li data-start=\"1794\" data-end=\"1818\">Lote pr\u00e1tico de <strong>10 sacos<\/strong>.<\/li>\n<\/ul>\n<p>&nbsp;<\/p>\n<p><!--more--><\/p>\n<h4>Outras informa\u00e7\u00f5es :<\/h4>\n<ul style=\"font-family: Roboto, sans-serif;\">\n<li><strong>Embalagem<\/strong>: Rolo de 10<\/li>\n<li><strong>Dimens\u00f5es<\/strong>: 820 mm x 1350 mm<\/li>\n<li><span style=\"font-weight: bold;\">Volume:<\/span> 150 litros<\/li>\n<li><strong>Espessura<\/strong>: 50 \u00b5<\/li>\n<li><strong>Cor<\/strong>: preto<\/li>\n<li><strong>Material<\/strong>: PEAD<\/li>\n<\/ul>\n<p>&nbsp;<\/p>\n<p><!--more--><\/p>\n<p>Este saco de lixo de 150 litros est\u00e1 dispon\u00edvel em diferentes tamanhos: <span style=\"color: #d12727;\"><a style=\"color: #d12727;\" href=\"https:\/\/www.csj-emballages.com\/produit\/25-sacs-poubelles-130-litres-noirs-40-%c2%b5\/\">130 litros (40 \u00b5)<\/a><\/span> \/ <span style=\"color: #d12727;\"><a style=\"color: #d12727;\" href=\"https:\/\/www.csj-emballages.com\/produit\/10-sacs-poubelles-130-litres-noirs-75-%c2%b5\/\">130 litros (75 \u00b5)<\/a><\/span> \/ <span style=\"color: #d12727;\"><a style=\"color: #d12727;\" href=\"https:\/\/www.csj-emballages.com\/es\/produit\/10-bolsas-de-basura-transparentes-de-160-litros-y-50-%c2%b5\/\">160 litros (50 \u00b5)<\/a><\/span> \/ <span style=\"color: #d12727;\"><a style=\"color: #d12727;\" href=\"https:\/\/www.csj-emballages.com\/es\/produit\/10-bolsas-de-basura-negras-de-55-%c2%b5-y-160-litros\/\">160 litros (55 \u00b5)<\/a><\/span> \/<span style=\"color: #d12727;\"><a style=\"color: #d12727;\" href=\"https:\/\/www.csj-emballages.com\/pt-pt\/categorie-produit\/higiene-e-manutencao\/sacos-de-lixo\/\">&#8230;<\/a><\/span><\/p>\n<p>&nbsp;<\/p>\n<p><!--more--><\/p>\n<p><a href=\"https:\/\/www.csj-emballages.com\/pt-pt\/categorie-produit\/higiene-e-manutencao\/sacos-de-lixo\/\">Ver o resto da nossa gama de sacos de lixo<\/a><\/p>\n","protected":false},"excerpt":{"rendered":"<p>Saco de lixo Descubra o nosso saco de lixo preto de 130 litros, 75 \u00b5, por 10<\/p>\n","protected":false},"featured_media":222414,"template":"","meta":{"_acf_changed":false},"product_brand":[],"product_cat":[1222,1874],"product_tag":[],"class_list":{"0":"post-23737","1":"product","2":"type-product","3":"status-publish","4":"has-post-thumbnail","6":"product_cat-higiene-e-manutencao","7":"product_cat-sacos-de-lixo","9":"first","10":"instock","11":"taxable","12":"shipping-taxable","13":"purchasable","14":"product-type-simple"},"acf":[],"yoast_head":"<!-- This site is optimized with the Yoast SEO Premium plugin v26.6 (Yoast SEO v26.6) - https:\/\/yoast.com\/wordpress\/plugins\/seo\/ -->\n<title>Saco de Lixo 150 Litros Preto 50 \u00b5 por 10<\/title>\n<meta name=\"description\" content=\"Saco de lixo preto 150 litros 50 microns vendido por 10. S\u00f3lido, grande capacidade e ideal para a gest\u00e3o de res\u00edduos em ambiente profissional.\" \/>\n<meta name=\"robots\" content=\"index, follow, max-snippet:-1, max-image-preview:large, max-video-preview:-1\" \/>\n<link rel=\"canonical\" href=\"https:\/\/www.csj-emballages.com\/pt-pt\/produit\/10-sacos-de-lixo-pretos-de-150-litros-e-50-%c2%b5\/\" \/>\n<meta property=\"og:locale\" content=\"pt_PT\" \/>\n<meta property=\"og:type\" content=\"article\" \/>\n<meta property=\"og:title\" content=\"Saco de lixo 150 litros preto 50 \u00b5 por 10\" \/>\n<meta property=\"og:description\" content=\"Saco de lixo preto 150 litros 50 microns vendido por 10. S\u00f3lido, grande capacidade e ideal para a gest\u00e3o de res\u00edduos em ambiente profissional.\" \/>\n<meta property=\"og:url\" content=\"https:\/\/www.csj-emballages.com\/pt-pt\/produit\/10-sacos-de-lixo-pretos-de-150-litros-e-50-%c2%b5\/\" \/>\n<meta property=\"og:site_name\" content=\"CSJ Emballages\" \/>\n<meta property=\"article:publisher\" content=\"https:\/\/www.facebook.com\/csjemballages\" \/>\n<meta property=\"article:modified_time\" content=\"2026-04-28T00:19:14+00:00\" \/>\n<meta property=\"og:image\" content=\"https:\/\/www.csj-emballages.com\/wp-content\/uploads\/2024\/03\/Sac-housse.webp\" \/>\n\t<meta property=\"og:image:width\" content=\"800\" \/>\n\t<meta property=\"og:image:height\" content=\"800\" \/>\n\t<meta property=\"og:image:type\" content=\"image\/webp\" \/>\n<meta name=\"twitter:card\" content=\"summary_large_image\" \/>\n<meta name=\"twitter:label1\" content=\"Tempo estimado de leitura\" \/>\n\t<meta name=\"twitter:data1\" content=\"2 minutos\" \/>\n<script type=\"application\/ld+json\" class=\"yoast-schema-graph\">{\"@context\":\"https:\/\/schema.org\",\"@graph\":[{\"@type\":\"WebPage\",\"@id\":\"https:\/\/www.csj-emballages.com\/pt-pt\/produit\/10-sacos-de-lixo-pretos-de-150-litros-e-50-%c2%b5\/\",\"url\":\"https:\/\/www.csj-emballages.com\/pt-pt\/produit\/10-sacos-de-lixo-pretos-de-150-litros-e-50-%c2%b5\/\",\"name\":\"Saco de Lixo 150 Litros Preto 50 \u00b5 por 10\",\"isPartOf\":{\"@id\":\"https:\/\/www.csj-emballages.com\/pt-pt\/#website\"},\"primaryImageOfPage\":{\"@id\":\"https:\/\/www.csj-emballages.com\/pt-pt\/produit\/10-sacos-de-lixo-pretos-de-150-litros-e-50-%c2%b5\/#primaryimage\"},\"image\":{\"@id\":\"https:\/\/www.csj-emballages.com\/pt-pt\/produit\/10-sacos-de-lixo-pretos-de-150-litros-e-50-%c2%b5\/#primaryimage\"},\"thumbnailUrl\":\"https:\/\/www.csj-emballages.com\/wp-content\/uploads\/2024\/03\/Sac-housse.webp\",\"datePublished\":\"2024-03-01T15:49:07+00:00\",\"dateModified\":\"2026-04-28T00:19:14+00:00\",\"description\":\"Saco de lixo preto 150 litros 50 microns vendido por 10. S\u00f3lido, grande capacidade e ideal para a gest\u00e3o de res\u00edduos em ambiente profissional.\",\"breadcrumb\":{\"@id\":\"https:\/\/www.csj-emballages.com\/pt-pt\/produit\/10-sacos-de-lixo-pretos-de-150-litros-e-50-%c2%b5\/#breadcrumb\"},\"inLanguage\":\"pt-PT\",\"potentialAction\":[{\"@type\":\"ReadAction\",\"target\":[\"https:\/\/www.csj-emballages.com\/pt-pt\/produit\/10-sacos-de-lixo-pretos-de-150-litros-e-50-%c2%b5\/\"]}]},{\"@type\":\"ImageObject\",\"inLanguage\":\"pt-PT\",\"@id\":\"https:\/\/www.csj-emballages.com\/pt-pt\/produit\/10-sacos-de-lixo-pretos-de-150-litros-e-50-%c2%b5\/#primaryimage\",\"url\":\"https:\/\/www.csj-emballages.com\/wp-content\/uploads\/2024\/03\/Sac-housse.webp\",\"contentUrl\":\"https:\/\/www.csj-emballages.com\/wp-content\/uploads\/2024\/03\/Sac-housse.webp\",\"width\":800,\"height\":800,\"caption\":\"Sac poubelle\"},{\"@type\":\"BreadcrumbList\",\"@id\":\"https:\/\/www.csj-emballages.com\/pt-pt\/produit\/10-sacos-de-lixo-pretos-de-150-litros-e-50-%c2%b5\/#breadcrumb\",\"itemListElement\":[{\"@type\":\"ListItem\",\"position\":1,\"name\":\"Acolhimento\",\"item\":\"https:\/\/www.csj-emballages.com\/pt-pt\/universo-das-embalagens-alimentares\/\"},{\"@type\":\"ListItem\",\"position\":2,\"name\":\"Shop\",\"item\":\"https:\/\/www.csj-emballages.com\/shop\/\"},{\"@type\":\"ListItem\",\"position\":3,\"name\":\"Saco de lixo 150 litros preto 50 \u00b5 por 10\"}]},{\"@type\":\"WebSite\",\"@id\":\"https:\/\/www.csj-emballages.com\/pt-pt\/#website\",\"url\":\"https:\/\/www.csj-emballages.com\/pt-pt\/\",\"name\":\"CSJ Emballages\",\"description\":\"\",\"publisher\":{\"@id\":\"https:\/\/www.csj-emballages.com\/pt-pt\/#organization\"},\"potentialAction\":[{\"@type\":\"SearchAction\",\"target\":{\"@type\":\"EntryPoint\",\"urlTemplate\":\"https:\/\/www.csj-emballages.com\/pt-pt\/?s={search_term_string}\"},\"query-input\":{\"@type\":\"PropertyValueSpecification\",\"valueRequired\":true,\"valueName\":\"search_term_string\"}}],\"inLanguage\":\"pt-PT\"},{\"@type\":\"Organization\",\"@id\":\"https:\/\/www.csj-emballages.com\/pt-pt\/#Organization\/\",\"name\":\"CSJ Emballages\",\"url\":\"https:\/\/www.csj-emballages.com\/pt-pt\/\",\"logo\":{\"@type\":\"ImageObject\",\"inLanguage\":\"pt-PT\",\"@id\":\"https:\/\/www.csj-emballages.com\/pt-pt\/#\/schema\/logo\/image\/\",\"url\":\"https:\/\/www.csj-emballages.com\/wp-content\/uploads\/2023\/10\/logo_csj.webp\",\"contentUrl\":\"https:\/\/www.csj-emballages.com\/wp-content\/uploads\/2023\/10\/logo_csj.webp\",\"width\":250,\"height\":95,\"caption\":\"CSJ Emballages\"},\"image\":{\"@id\":\"https:\/\/www.csj-emballages.com\/pt-pt\/#\/schema\/logo\/image\/\"},\"sameAs\":[\"https:\/\/www.facebook.com\/csjemballages\"],\"address\":{\"@type\":\"PostalAddress\",\"streetAddress\":\"ZI La Lechere\",\"addressLocality\":\"Patornay\",\"postalCode\":\"39130\",\"addressCountry\":\"FR\"},\"contactPoint\":[{\"@type\":\"ContactPoint\",\"contactType\":\"Service client\",\"telephone\":\"0384254272\",\"email\":\"contact@csj-emballages.com\"}]}]}<\/script>\n<!-- \/ Yoast SEO Premium plugin. -->","yoast_head_json":{"title":"Saco de Lixo 150 Litros Preto 50 \u00b5 por 10","description":"Saco de lixo preto 150 litros 50 microns vendido por 10. S\u00f3lido, grande capacidade e ideal para a gest\u00e3o de res\u00edduos em ambiente profissional.","robots":{"index":"index","follow":"follow","max-snippet":"max-snippet:-1","max-image-preview":"max-image-preview:large","max-video-preview":"max-video-preview:-1"},"canonical":"https:\/\/www.csj-emballages.com\/pt-pt\/produit\/10-sacos-de-lixo-pretos-de-150-litros-e-50-%c2%b5\/","og_locale":"pt_PT","og_type":"article","og_title":"Saco de lixo 150 litros preto 50 \u00b5 por 10","og_description":"Saco de lixo preto 150 litros 50 microns vendido por 10. S\u00f3lido, grande capacidade e ideal para a gest\u00e3o de res\u00edduos em ambiente profissional.","og_url":"https:\/\/www.csj-emballages.com\/pt-pt\/produit\/10-sacos-de-lixo-pretos-de-150-litros-e-50-%c2%b5\/","og_site_name":"CSJ Emballages","article_publisher":"https:\/\/www.facebook.com\/csjemballages","article_modified_time":"2026-04-28T00:19:14+00:00","og_image":[{"width":800,"height":800,"url":"https:\/\/www.csj-emballages.com\/wp-content\/uploads\/2024\/03\/Sac-housse.webp","type":"image\/webp"}],"twitter_card":"summary_large_image","twitter_misc":{"Tempo estimado de leitura":"2 minutos"},"schema":{"@context":"https:\/\/schema.org","@graph":[{"@type":"WebPage","@id":"https:\/\/www.csj-emballages.com\/pt-pt\/produit\/10-sacos-de-lixo-pretos-de-150-litros-e-50-%c2%b5\/","url":"https:\/\/www.csj-emballages.com\/pt-pt\/produit\/10-sacos-de-lixo-pretos-de-150-litros-e-50-%c2%b5\/","name":"Saco de Lixo 150 Litros Preto 50 \u00b5 por 10","isPartOf":{"@id":"https:\/\/www.csj-emballages.com\/pt-pt\/#website"},"primaryImageOfPage":{"@id":"https:\/\/www.csj-emballages.com\/pt-pt\/produit\/10-sacos-de-lixo-pretos-de-150-litros-e-50-%c2%b5\/#primaryimage"},"image":{"@id":"https:\/\/www.csj-emballages.com\/pt-pt\/produit\/10-sacos-de-lixo-pretos-de-150-litros-e-50-%c2%b5\/#primaryimage"},"thumbnailUrl":"https:\/\/www.csj-emballages.com\/wp-content\/uploads\/2024\/03\/Sac-housse.webp","datePublished":"2024-03-01T15:49:07+00:00","dateModified":"2026-04-28T00:19:14+00:00","description":"Saco de lixo preto 150 litros 50 microns vendido por 10. S\u00f3lido, grande capacidade e ideal para a gest\u00e3o de res\u00edduos em ambiente profissional.","breadcrumb":{"@id":"https:\/\/www.csj-emballages.com\/pt-pt\/produit\/10-sacos-de-lixo-pretos-de-150-litros-e-50-%c2%b5\/#breadcrumb"},"inLanguage":"pt-PT","potentialAction":[{"@type":"ReadAction","target":["https:\/\/www.csj-emballages.com\/pt-pt\/produit\/10-sacos-de-lixo-pretos-de-150-litros-e-50-%c2%b5\/"]}]},{"@type":"ImageObject","inLanguage":"pt-PT","@id":"https:\/\/www.csj-emballages.com\/pt-pt\/produit\/10-sacos-de-lixo-pretos-de-150-litros-e-50-%c2%b5\/#primaryimage","url":"https:\/\/www.csj-emballages.com\/wp-content\/uploads\/2024\/03\/Sac-housse.webp","contentUrl":"https:\/\/www.csj-emballages.com\/wp-content\/uploads\/2024\/03\/Sac-housse.webp","width":800,"height":800,"caption":"Sac poubelle"},{"@type":"BreadcrumbList","@id":"https:\/\/www.csj-emballages.com\/pt-pt\/produit\/10-sacos-de-lixo-pretos-de-150-litros-e-50-%c2%b5\/#breadcrumb","itemListElement":[{"@type":"ListItem","position":1,"name":"Acolhimento","item":"https:\/\/www.csj-emballages.com\/pt-pt\/universo-das-embalagens-alimentares\/"},{"@type":"ListItem","position":2,"name":"Shop","item":"https:\/\/www.csj-emballages.com\/shop\/"},{"@type":"ListItem","position":3,"name":"Saco de lixo 150 litros preto 50 \u00b5 por 10"}]},{"@type":"WebSite","@id":"https:\/\/www.csj-emballages.com\/pt-pt\/#website","url":"https:\/\/www.csj-emballages.com\/pt-pt\/","name":"CSJ Emballages","description":"","publisher":{"@id":"https:\/\/www.csj-emballages.com\/pt-pt\/#organization"},"potentialAction":[{"@type":"SearchAction","target":{"@type":"EntryPoint","urlTemplate":"https:\/\/www.csj-emballages.com\/pt-pt\/?s={search_term_string}"},"query-input":{"@type":"PropertyValueSpecification","valueRequired":true,"valueName":"search_term_string"}}],"inLanguage":"pt-PT"},{"@type":"Organization","@id":"https:\/\/www.csj-emballages.com\/pt-pt\/#Organization\/","name":"CSJ Emballages","url":"https:\/\/www.csj-emballages.com\/pt-pt\/","logo":{"@type":"ImageObject","inLanguage":"pt-PT","@id":"https:\/\/www.csj-emballages.com\/pt-pt\/#\/schema\/logo\/image\/","url":"https:\/\/www.csj-emballages.com\/wp-content\/uploads\/2023\/10\/logo_csj.webp","contentUrl":"https:\/\/www.csj-emballages.com\/wp-content\/uploads\/2023\/10\/logo_csj.webp","width":250,"height":95,"caption":"CSJ Emballages"},"image":{"@id":"https:\/\/www.csj-emballages.com\/pt-pt\/#\/schema\/logo\/image\/"},"sameAs":["https:\/\/www.facebook.com\/csjemballages"],"address":{"@type":"PostalAddress","streetAddress":"ZI La Lechere","addressLocality":"Patornay","postalCode":"39130","addressCountry":"FR"},"contactPoint":[{"@type":"ContactPoint","contactType":"Service client","telephone":"0384254272","email":"contact@csj-emballages.com"}]}]}},"df_price":2.83,"df_sale_price":"","df_regular_price":2.83,"df_image_link":"https:\/\/www.csj-emballages.com\/wp-content\/uploads\/2024\/03\/Sac-housse-300x300.webp","tiered_pricing_type":"fixed","tiered_pricing_fixed_rules":[],"tiered_pricing_percentage_rules":[],"tiered_pricing_minimum":1,"tiered_pricing_roles_data":[],"_links":{"self":[{"href":"https:\/\/www.csj-emballages.com\/pt-pt\/wp-json\/wp\/v2\/product\/23737","targetHints":{"allow":["GET"]}}],"collection":[{"href":"https:\/\/www.csj-emballages.com\/pt-pt\/wp-json\/wp\/v2\/product"}],"about":[{"href":"https:\/\/www.csj-emballages.com\/pt-pt\/wp-json\/wp\/v2\/types\/product"}],"wp:featuredmedia":[{"embeddable":true,"href":"https:\/\/www.csj-emballages.com\/pt-pt\/wp-json\/wp\/v2\/media\/222414"}],"wp:attachment":[{"href":"https:\/\/www.csj-emballages.com\/pt-pt\/wp-json\/wp\/v2\/media?parent=23737"}],"wp:term":[{"taxonomy":"product_brand","embeddable":true,"href":"https:\/\/www.csj-emballages.com\/pt-pt\/wp-json\/wp\/v2\/product_brand?post=23737"},{"taxonomy":"product_cat","embeddable":true,"href":"https:\/\/www.csj-emballages.com\/pt-pt\/wp-json\/wp\/v2\/product_cat?post=23737"},{"taxonomy":"product_tag","embeddable":true,"href":"https:\/\/www.csj-emballages.com\/pt-pt\/wp-json\/wp\/v2\/product_tag?post=23737"}],"curies":[{"name":"wp","href":"https:\/\/api.w.org\/{rel}","templated":true}]}}