{"id":237309,"date":"2025-07-03T09:29:07","date_gmt":"2025-07-03T07:29:07","guid":{"rendered":"https:\/\/www.csj-emballages.com\/produit\/toalhetes-desinfectantes-para-alimentos-sem-enxaguamento-embalagem-de-100\/"},"modified":"2026-04-17T02:10:59","modified_gmt":"2026-04-17T00:10:59","slug":"toalhetes-desinfectantes-para-alimentos-sem-enxaguamento-embalagem-de-100","status":"publish","type":"product","link":"https:\/\/www.csj-emballages.com\/pt-pt\/produit\/toalhetes-desinfectantes-para-alimentos-sem-enxaguamento-embalagem-de-100\/","title":{"rendered":"Toalhetes desinfectantes para alimentos, sem enxaguamento, embalagem de 100"},"content":{"rendered":"<h2 class=\"p1 ai-optimize-26 ai-optimize-introduction\">Toalhetes desinfectantes para alimentos<\/h2>\n<hr>\n<h3 class=\"ai-optimize-34\">Descri\u00e7\u00e3o do nosso toalhete desinfetante alimentar sem enxaguamento, embalagem de 100<\/h3>\n<p><!--more--><\/p>\n<p class=\"ai-optimize-32 ai-optimize-introduction\" data-start=\"255\" data-end=\"632\">Facilite a sua rotina di\u00e1ria na cozinha com estes <strong data-start=\"301\" data-end=\"355\">toalhetes desinfectantes alimentares sem enxaguamento<\/strong>, embalados em caixas de <strong>100<\/strong>. Concebidos para utiliza\u00e7\u00e3o profissional, adaptam-se perfeitamente \u00e0s necessidades de empresas de catering, restaurantes e com\u00e9rcio alimentar, bem como de autoridades locais e at\u00e9 de particulares com requisitos de higiene exigentes. <\/p>\n<p class=\"ai-optimize-33\" data-start=\"634\" data-end=\"1055\">Estes<strong>toalhetes desinfectantes seguros para alimentos<\/strong> est\u00e3o impregnados com uma solu\u00e7\u00e3o <strong>desinfetante<\/strong> de <strong>qualidade alimentar<\/strong> para uma limpeza eficaz das superf\u00edcies em contacto com os alimentos, tais como bancadas, balan\u00e7as, utens\u00edlios, vitrinas, tabuleiros e o exterior das m\u00e1quinas. Podem ser utilizados sem enxaguamento, poupando-lhe tempo precioso e respeitando as mais rigorosas regras de higiene. Prontos a usar, s\u00e3o f\u00e1ceis de utilizar e evitam os erros de dosagem que podem ocorrer com os produtos l\u00edquidos. Compactos e pr\u00e1ticos, integram-se facilmente numa cozinha profissional, numa carrinha de entregas ou numa zona de prepara\u00e7\u00e3o.   <\/p>\n<p class=\"ai-optimize-36\" data-start=\"1447\" data-end=\"1693\">Ideais para uma utiliza\u00e7\u00e3o frequente, permitem-lhe manter um <strong data-start=\"1517\" data-end=\"1559\">ambiente de trabalho limpo e seguro<\/strong>, sem interromper o seu ritmo de produ\u00e7\u00e3o. S\u00e3o essenciais no quotidiano para quem manipula alimentos com rigor. <\/p>\n<p><!--more--><\/p>\n<h4 class=\"ai-optimize-37\"><strong>Vantagens:<\/strong><\/h4>\n<ul>\n<li class=\"ai-optimize-38\">Utilizar sem enxaguar, para poupar tempo.<\/li>\n<li class=\"ai-optimize-39\">Em conformidade com as normas alimentares.<\/li>\n<li class=\"ai-optimize-40\">Eficaz contra bact\u00e9rias.<\/li>\n<li class=\"ai-optimize-42\">Ideal para utilizadores profissionais e privados.<\/li>\n<li class=\"ai-optimize-46\">Toalhetes descart\u00e1veis, pr\u00e1ticos e higi\u00e9nicos.<\/li>\n<li class=\"ai-optimize-30\">Limpa rapidamente superf\u00edcies, utens\u00edlios, vitrinas, etc.<\/li>\n<\/ul>\n<p>&nbsp;<\/p>\n<p><!--more--><\/p>\n<h4 class=\"ai-optimize-44\">Outras informa\u00e7\u00f5es :<\/h4>\n<ul>\n<li class=\"ai-optimize-45\"><strong>Embalagem<\/strong>: Frasco de 100 toalhetes<\/li>\n<li class=\"ai-optimize-36\"><strong>Utiliza\u00e7\u00e3o<\/strong>: Toalhete desinfetante<\/li>\n<\/ul>\n<p>&nbsp;<\/p>\n<p><!--more--><\/p>\n<p class=\"ai-optimize-34\">Clique aqui para ver os nossos 200 toalhetes desinfectantes alimentares sem enxaguamento: <span style=\"color: #d12727;\"><a style=\"color: #d12727;\" href=\"https:\/\/www.csj-emballages.com\/es\/produit\/200-toallitas-desinfectantes-sin-aclarado-para-alimentos\/\"><span style=\"color: #d12727;\">1976LIN<\/span><\/a><\/span><\/p>\n<p>&nbsp;<\/p>\n<p><!--more--><\/p>\n<p class=\"ai-optimize-41\"><a href=\"https:\/\/www.csj-emballages.com\/pt-pt\/categorie-produit\/embalagem-de-alimentos\/restauracao\/pratos-talheres-descartaveis-palhinhas\/garfos-facas-colheres\/talheres-biodegradaveis\/\">Ver o resto da nossa gama de cuidados de cozinha<\/a><\/p>\n","protected":false},"excerpt":{"rendered":"<p>Toalhetes desinfectantes para alimentos Descri\u00e7\u00e3o do nosso toalhete desinfetante alimentar sem enxaguamento, embalagem de 100<\/p>\n","protected":false},"featured_media":237306,"template":"","meta":{"_acf_changed":false},"product_brand":[],"product_cat":[1222,1223,1348],"product_tag":[],"class_list":{"0":"post-237309","1":"product","2":"type-product","3":"status-publish","4":"has-post-thumbnail","6":"product_cat-higiene-e-manutencao","7":"product_cat-produtos-de-limpeza","8":"product_cat-cozinha","10":"first","11":"instock","12":"taxable","13":"shipping-taxable","14":"purchasable","15":"product-type-simple"},"acf":[],"yoast_head":"<!-- This site is optimized with the Yoast SEO Premium plugin v26.6 (Yoast SEO v26.6) - https:\/\/yoast.com\/wordpress\/plugins\/seo\/ -->\n<title>Toalhetes desinfectantes para alimentos, sem enxaguamento, 100 unidades<\/title>\n<meta name=\"description\" content=\"100 toalhetes desinfectantes sem enxaguamento para superf\u00edcies alimentares. Pr\u00e1ticos, eficazes e conformes \u00e0s normas. Ideal para profissionais e cozinhas.\" \/>\n<meta name=\"robots\" content=\"index, follow, max-snippet:-1, max-image-preview:large, max-video-preview:-1\" \/>\n<link rel=\"canonical\" href=\"https:\/\/www.csj-emballages.com\/pt-pt\/produit\/toalhetes-desinfectantes-para-alimentos-sem-enxaguamento-embalagem-de-100\/\" \/>\n<meta property=\"og:locale\" content=\"pt_PT\" \/>\n<meta property=\"og:type\" content=\"article\" \/>\n<meta property=\"og:title\" content=\"Toalhetes desinfectantes para alimentos, sem enxaguamento, embalagem de 100\" \/>\n<meta property=\"og:description\" content=\"100 toalhetes desinfectantes sem enxaguamento para superf\u00edcies alimentares. Pr\u00e1ticos, eficazes e conformes \u00e0s normas. Ideal para profissionais e cozinhas.\" \/>\n<meta property=\"og:url\" content=\"https:\/\/www.csj-emballages.com\/pt-pt\/produit\/toalhetes-desinfectantes-para-alimentos-sem-enxaguamento-embalagem-de-100\/\" \/>\n<meta property=\"og:site_name\" content=\"CSJ Emballages\" \/>\n<meta property=\"article:publisher\" content=\"https:\/\/www.facebook.com\/csjemballages\" \/>\n<meta property=\"article:modified_time\" content=\"2026-04-17T00:10:59+00:00\" \/>\n<meta property=\"og:image\" content=\"https:\/\/www.csj-emballages.com\/wp-content\/uploads\/2025\/07\/1975LIN.webp\" \/>\n\t<meta property=\"og:image:width\" content=\"800\" \/>\n\t<meta property=\"og:image:height\" content=\"800\" \/>\n\t<meta property=\"og:image:type\" content=\"image\/webp\" \/>\n<meta name=\"twitter:card\" content=\"summary_large_image\" \/>\n<meta name=\"twitter:label1\" content=\"Tempo estimado de leitura\" \/>\n\t<meta name=\"twitter:data1\" content=\"1 minuto\" \/>\n<script type=\"application\/ld+json\" class=\"yoast-schema-graph\">{\"@context\":\"https:\/\/schema.org\",\"@graph\":[{\"@type\":\"WebPage\",\"@id\":\"https:\/\/www.csj-emballages.com\/pt-pt\/produit\/toalhetes-desinfectantes-para-alimentos-sem-enxaguamento-embalagem-de-100\/\",\"url\":\"https:\/\/www.csj-emballages.com\/pt-pt\/produit\/toalhetes-desinfectantes-para-alimentos-sem-enxaguamento-embalagem-de-100\/\",\"name\":\"Toalhetes desinfectantes para alimentos, sem enxaguamento, 100 unidades\",\"isPartOf\":{\"@id\":\"https:\/\/www.csj-emballages.com\/pt-pt\/#website\"},\"primaryImageOfPage\":{\"@id\":\"https:\/\/www.csj-emballages.com\/pt-pt\/produit\/toalhetes-desinfectantes-para-alimentos-sem-enxaguamento-embalagem-de-100\/#primaryimage\"},\"image\":{\"@id\":\"https:\/\/www.csj-emballages.com\/pt-pt\/produit\/toalhetes-desinfectantes-para-alimentos-sem-enxaguamento-embalagem-de-100\/#primaryimage\"},\"thumbnailUrl\":\"https:\/\/www.csj-emballages.com\/wp-content\/uploads\/2025\/07\/1975LIN.webp\",\"datePublished\":\"2025-07-03T07:29:07+00:00\",\"dateModified\":\"2026-04-17T00:10:59+00:00\",\"description\":\"100 toalhetes desinfectantes sem enxaguamento para superf\u00edcies alimentares. Pr\u00e1ticos, eficazes e conformes \u00e0s normas. Ideal para profissionais e cozinhas.\",\"breadcrumb\":{\"@id\":\"https:\/\/www.csj-emballages.com\/pt-pt\/produit\/toalhetes-desinfectantes-para-alimentos-sem-enxaguamento-embalagem-de-100\/#breadcrumb\"},\"inLanguage\":\"pt-PT\",\"potentialAction\":[{\"@type\":\"ReadAction\",\"target\":[\"https:\/\/www.csj-emballages.com\/pt-pt\/produit\/toalhetes-desinfectantes-para-alimentos-sem-enxaguamento-embalagem-de-100\/\"]}]},{\"@type\":\"ImageObject\",\"inLanguage\":\"pt-PT\",\"@id\":\"https:\/\/www.csj-emballages.com\/pt-pt\/produit\/toalhetes-desinfectantes-para-alimentos-sem-enxaguamento-embalagem-de-100\/#primaryimage\",\"url\":\"https:\/\/www.csj-emballages.com\/wp-content\/uploads\/2025\/07\/1975LIN.webp\",\"contentUrl\":\"https:\/\/www.csj-emballages.com\/wp-content\/uploads\/2025\/07\/1975LIN.webp\",\"width\":800,\"height\":800,\"caption\":\"Lingette d\u00e9sinfectante alimentaire\"},{\"@type\":\"BreadcrumbList\",\"@id\":\"https:\/\/www.csj-emballages.com\/pt-pt\/produit\/toalhetes-desinfectantes-para-alimentos-sem-enxaguamento-embalagem-de-100\/#breadcrumb\",\"itemListElement\":[{\"@type\":\"ListItem\",\"position\":1,\"name\":\"Acolhimento\",\"item\":\"https:\/\/www.csj-emballages.com\/pt-pt\/universo-das-embalagens-alimentares\/\"},{\"@type\":\"ListItem\",\"position\":2,\"name\":\"Shop\",\"item\":\"https:\/\/www.csj-emballages.com\/shop\/\"},{\"@type\":\"ListItem\",\"position\":3,\"name\":\"Toalhetes desinfectantes para alimentos, sem enxaguamento, embalagem de 100\"}]},{\"@type\":\"WebSite\",\"@id\":\"https:\/\/www.csj-emballages.com\/pt-pt\/#website\",\"url\":\"https:\/\/www.csj-emballages.com\/pt-pt\/\",\"name\":\"CSJ Emballages\",\"description\":\"\",\"publisher\":{\"@id\":\"https:\/\/www.csj-emballages.com\/pt-pt\/#organization\"},\"potentialAction\":[{\"@type\":\"SearchAction\",\"target\":{\"@type\":\"EntryPoint\",\"urlTemplate\":\"https:\/\/www.csj-emballages.com\/pt-pt\/?s={search_term_string}\"},\"query-input\":{\"@type\":\"PropertyValueSpecification\",\"valueRequired\":true,\"valueName\":\"search_term_string\"}}],\"inLanguage\":\"pt-PT\"},{\"@type\":\"Organization\",\"@id\":\"https:\/\/www.csj-emballages.com\/pt-pt\/#Organization\/\",\"name\":\"CSJ Emballages\",\"url\":\"https:\/\/www.csj-emballages.com\/pt-pt\/\",\"logo\":{\"@type\":\"ImageObject\",\"inLanguage\":\"pt-PT\",\"@id\":\"https:\/\/www.csj-emballages.com\/pt-pt\/#\/schema\/logo\/image\/\",\"url\":\"https:\/\/www.csj-emballages.com\/wp-content\/uploads\/2023\/10\/logo_csj.webp\",\"contentUrl\":\"https:\/\/www.csj-emballages.com\/wp-content\/uploads\/2023\/10\/logo_csj.webp\",\"width\":250,\"height\":95,\"caption\":\"CSJ Emballages\"},\"image\":{\"@id\":\"https:\/\/www.csj-emballages.com\/pt-pt\/#\/schema\/logo\/image\/\"},\"sameAs\":[\"https:\/\/www.facebook.com\/csjemballages\"],\"address\":{\"@type\":\"PostalAddress\",\"streetAddress\":\"ZI La Lechere\",\"addressLocality\":\"Patornay\",\"postalCode\":\"39130\",\"addressCountry\":\"FR\"},\"contactPoint\":[{\"@type\":\"ContactPoint\",\"contactType\":\"Service client\",\"telephone\":\"0384254272\",\"email\":\"contact@csj-emballages.com\"}]}]}<\/script>\n<!-- \/ Yoast SEO Premium plugin. -->","yoast_head_json":{"title":"Toalhetes desinfectantes para alimentos, sem enxaguamento, 100 unidades","description":"100 toalhetes desinfectantes sem enxaguamento para superf\u00edcies alimentares. Pr\u00e1ticos, eficazes e conformes \u00e0s normas. Ideal para profissionais e cozinhas.","robots":{"index":"index","follow":"follow","max-snippet":"max-snippet:-1","max-image-preview":"max-image-preview:large","max-video-preview":"max-video-preview:-1"},"canonical":"https:\/\/www.csj-emballages.com\/pt-pt\/produit\/toalhetes-desinfectantes-para-alimentos-sem-enxaguamento-embalagem-de-100\/","og_locale":"pt_PT","og_type":"article","og_title":"Toalhetes desinfectantes para alimentos, sem enxaguamento, embalagem de 100","og_description":"100 toalhetes desinfectantes sem enxaguamento para superf\u00edcies alimentares. Pr\u00e1ticos, eficazes e conformes \u00e0s normas. Ideal para profissionais e cozinhas.","og_url":"https:\/\/www.csj-emballages.com\/pt-pt\/produit\/toalhetes-desinfectantes-para-alimentos-sem-enxaguamento-embalagem-de-100\/","og_site_name":"CSJ Emballages","article_publisher":"https:\/\/www.facebook.com\/csjemballages","article_modified_time":"2026-04-17T00:10:59+00:00","og_image":[{"width":800,"height":800,"url":"https:\/\/www.csj-emballages.com\/wp-content\/uploads\/2025\/07\/1975LIN.webp","type":"image\/webp"}],"twitter_card":"summary_large_image","twitter_misc":{"Tempo estimado de leitura":"1 minuto"},"schema":{"@context":"https:\/\/schema.org","@graph":[{"@type":"WebPage","@id":"https:\/\/www.csj-emballages.com\/pt-pt\/produit\/toalhetes-desinfectantes-para-alimentos-sem-enxaguamento-embalagem-de-100\/","url":"https:\/\/www.csj-emballages.com\/pt-pt\/produit\/toalhetes-desinfectantes-para-alimentos-sem-enxaguamento-embalagem-de-100\/","name":"Toalhetes desinfectantes para alimentos, sem enxaguamento, 100 unidades","isPartOf":{"@id":"https:\/\/www.csj-emballages.com\/pt-pt\/#website"},"primaryImageOfPage":{"@id":"https:\/\/www.csj-emballages.com\/pt-pt\/produit\/toalhetes-desinfectantes-para-alimentos-sem-enxaguamento-embalagem-de-100\/#primaryimage"},"image":{"@id":"https:\/\/www.csj-emballages.com\/pt-pt\/produit\/toalhetes-desinfectantes-para-alimentos-sem-enxaguamento-embalagem-de-100\/#primaryimage"},"thumbnailUrl":"https:\/\/www.csj-emballages.com\/wp-content\/uploads\/2025\/07\/1975LIN.webp","datePublished":"2025-07-03T07:29:07+00:00","dateModified":"2026-04-17T00:10:59+00:00","description":"100 toalhetes desinfectantes sem enxaguamento para superf\u00edcies alimentares. Pr\u00e1ticos, eficazes e conformes \u00e0s normas. Ideal para profissionais e cozinhas.","breadcrumb":{"@id":"https:\/\/www.csj-emballages.com\/pt-pt\/produit\/toalhetes-desinfectantes-para-alimentos-sem-enxaguamento-embalagem-de-100\/#breadcrumb"},"inLanguage":"pt-PT","potentialAction":[{"@type":"ReadAction","target":["https:\/\/www.csj-emballages.com\/pt-pt\/produit\/toalhetes-desinfectantes-para-alimentos-sem-enxaguamento-embalagem-de-100\/"]}]},{"@type":"ImageObject","inLanguage":"pt-PT","@id":"https:\/\/www.csj-emballages.com\/pt-pt\/produit\/toalhetes-desinfectantes-para-alimentos-sem-enxaguamento-embalagem-de-100\/#primaryimage","url":"https:\/\/www.csj-emballages.com\/wp-content\/uploads\/2025\/07\/1975LIN.webp","contentUrl":"https:\/\/www.csj-emballages.com\/wp-content\/uploads\/2025\/07\/1975LIN.webp","width":800,"height":800,"caption":"Lingette d\u00e9sinfectante alimentaire"},{"@type":"BreadcrumbList","@id":"https:\/\/www.csj-emballages.com\/pt-pt\/produit\/toalhetes-desinfectantes-para-alimentos-sem-enxaguamento-embalagem-de-100\/#breadcrumb","itemListElement":[{"@type":"ListItem","position":1,"name":"Acolhimento","item":"https:\/\/www.csj-emballages.com\/pt-pt\/universo-das-embalagens-alimentares\/"},{"@type":"ListItem","position":2,"name":"Shop","item":"https:\/\/www.csj-emballages.com\/shop\/"},{"@type":"ListItem","position":3,"name":"Toalhetes desinfectantes para alimentos, sem enxaguamento, embalagem de 100"}]},{"@type":"WebSite","@id":"https:\/\/www.csj-emballages.com\/pt-pt\/#website","url":"https:\/\/www.csj-emballages.com\/pt-pt\/","name":"CSJ Emballages","description":"","publisher":{"@id":"https:\/\/www.csj-emballages.com\/pt-pt\/#organization"},"potentialAction":[{"@type":"SearchAction","target":{"@type":"EntryPoint","urlTemplate":"https:\/\/www.csj-emballages.com\/pt-pt\/?s={search_term_string}"},"query-input":{"@type":"PropertyValueSpecification","valueRequired":true,"valueName":"search_term_string"}}],"inLanguage":"pt-PT"},{"@type":"Organization","@id":"https:\/\/www.csj-emballages.com\/pt-pt\/#Organization\/","name":"CSJ Emballages","url":"https:\/\/www.csj-emballages.com\/pt-pt\/","logo":{"@type":"ImageObject","inLanguage":"pt-PT","@id":"https:\/\/www.csj-emballages.com\/pt-pt\/#\/schema\/logo\/image\/","url":"https:\/\/www.csj-emballages.com\/wp-content\/uploads\/2023\/10\/logo_csj.webp","contentUrl":"https:\/\/www.csj-emballages.com\/wp-content\/uploads\/2023\/10\/logo_csj.webp","width":250,"height":95,"caption":"CSJ Emballages"},"image":{"@id":"https:\/\/www.csj-emballages.com\/pt-pt\/#\/schema\/logo\/image\/"},"sameAs":["https:\/\/www.facebook.com\/csjemballages"],"address":{"@type":"PostalAddress","streetAddress":"ZI La Lechere","addressLocality":"Patornay","postalCode":"39130","addressCountry":"FR"},"contactPoint":[{"@type":"ContactPoint","contactType":"Service client","telephone":"0384254272","email":"contact@csj-emballages.com"}]}]}},"df_price":4.97,"df_sale_price":"","df_regular_price":4.97,"df_image_link":"https:\/\/www.csj-emballages.com\/wp-content\/uploads\/2025\/07\/1975LIN-300x300.webp","tiered_pricing_type":"fixed","tiered_pricing_fixed_rules":[],"tiered_pricing_percentage_rules":[],"tiered_pricing_minimum":1,"tiered_pricing_roles_data":[],"_links":{"self":[{"href":"https:\/\/www.csj-emballages.com\/pt-pt\/wp-json\/wp\/v2\/product\/237309","targetHints":{"allow":["GET"]}}],"collection":[{"href":"https:\/\/www.csj-emballages.com\/pt-pt\/wp-json\/wp\/v2\/product"}],"about":[{"href":"https:\/\/www.csj-emballages.com\/pt-pt\/wp-json\/wp\/v2\/types\/product"}],"wp:featuredmedia":[{"embeddable":true,"href":"https:\/\/www.csj-emballages.com\/pt-pt\/wp-json\/wp\/v2\/media\/237306"}],"wp:attachment":[{"href":"https:\/\/www.csj-emballages.com\/pt-pt\/wp-json\/wp\/v2\/media?parent=237309"}],"wp:term":[{"taxonomy":"product_brand","embeddable":true,"href":"https:\/\/www.csj-emballages.com\/pt-pt\/wp-json\/wp\/v2\/product_brand?post=237309"},{"taxonomy":"product_cat","embeddable":true,"href":"https:\/\/www.csj-emballages.com\/pt-pt\/wp-json\/wp\/v2\/product_cat?post=237309"},{"taxonomy":"product_tag","embeddable":true,"href":"https:\/\/www.csj-emballages.com\/pt-pt\/wp-json\/wp\/v2\/product_tag?post=237309"}],"curies":[{"name":"wp","href":"https:\/\/api.w.org\/{rel}","templated":true}]}}