{"id":23726,"date":"2024-03-01T16:49:06","date_gmt":"2024-03-01T15:49:06","guid":{"rendered":"https:\/\/u15jnbdpoq.preview.infomaniak.website\/produit\/50-sacos-de-lixo-brancos-de-20-litros-de-9-%c2%b5\/"},"modified":"2026-04-14T02:21:31","modified_gmt":"2026-04-14T00:21:31","slug":"50-sacos-de-lixo-brancos-de-20-litros-de-9-%c2%b5","status":"publish","type":"product","link":"https:\/\/www.csj-emballages.com\/pt-pt\/produit\/50-sacos-de-lixo-brancos-de-20-litros-de-9-%c2%b5\/","title":{"rendered":"Saco de lixo branco 20 litros 9 \u00b5 por 50"},"content":{"rendered":"<h2><span style=\"font-family: Roboto, sans-serif;\">Saco de lixo branco<\/span><\/h2>\n<div style=\"font-family: Roboto, sans-serif;\">\n<div style=\"font-family: Roboto, sans-serif;\">\n<div style=\"font-family: Roboto, sans-serif;\">\n<div style=\"font-family: Roboto, sans-serif;\">\n<div style=\"font-family: Roboto, sans-serif;\">\n<div style=\"font-family: Roboto, sans-serif;\">\n<div style=\"font-family: Roboto, sans-serif;\">\n<div style=\"font-family: Roboto, sans-serif;\">\n<div style=\"font-family: Roboto, sans-serif;\">\n<div style=\"font-family: Roboto, sans-serif;\">\n<div style=\"font-family: Roboto, sans-serif;\">\n<div style=\"font-family: Roboto, sans-serif;\">\n<div style=\"font-family: Roboto, sans-serif;\">\n<div class=\"flex flex-grow flex-col max-w-full\">\n<div class=\"min-h-[20px] text-message flex flex-col items-start whitespace-pre-wrap break-words [.text-message+&amp;]:mt-5 juice:w-full juice:items-end overflow-x-auto gap-2\" dir=\"auto\" data-message-author-role=\"assistant\" data-message-id=\"2034782e-88f9-44ef-b4dc-07dd7bf0115f\">\n<div class=\"flex w-full flex-col gap-1 juice:empty:hidden juice:first:pt-[3px]\">\n<div class=\"markdown prose w-full break-words dark:prose-invert light\">\n<div style=\"font-family: Roboto, sans-serif;\">\n<div style=\"font-family: Roboto, sans-serif;\">\n<div style=\"font-family: Roboto, sans-serif;\">\n<div style=\"font-family: Roboto, sans-serif;\">\n<div style=\"font-family: Roboto, sans-serif;\">\n<div style=\"font-family: Roboto, sans-serif;\">\n<div style=\"font-family: Roboto, sans-serif;\">\n<div style=\"font-family: Roboto, sans-serif;\">\n<div style=\"font-family: Roboto, sans-serif;\">\n<div style=\"text-align: center;\">\n<div style=\"font-family: Roboto, sans-serif;\">\n<div style=\"font-family: Roboto, sans-serif;\">\n<div style=\"font-family: Roboto, sans-serif;\">\n<div style=\"font-family: Roboto, sans-serif;\">\n<div style=\"font-family: Roboto, sans-serif;\">\n<hr>\n<h3 style=\"font-family: Roboto, sans-serif; text-align: left;\">Descri\u00e7\u00e3o do nosso saco de lixo branco 20 litros 9 \u00b5 por 50<\/h3>\n<\/div>\n<\/div>\n<\/div>\n<\/div>\n<\/div>\n<\/div>\n<\/div>\n<\/div>\n<\/div>\n<\/div>\n<\/div>\n<\/div>\n<\/div>\n<\/div>\n<\/div>\n<\/div>\n<\/div>\n<\/div>\n<\/div>\n<\/div>\n<\/div>\n<\/div>\n<\/div>\n<\/div>\n<\/div>\n<\/div>\n<\/div>\n<\/div>\n<\/div>\n<\/div>\n<\/div>\n<\/div>\n<p><!--more--><\/p>\n<div class=\"flex max-w-full flex-col flex-grow\">\n<div class=\"min-h-8 text-message flex w-full flex-col items-end gap-2 whitespace-normal break-words [.text-message+&amp;]:mt-5\" dir=\"auto\" data-message-author-role=\"assistant\" data-message-id=\"438df6e8-49a2-474e-9d5c-14a6d91e27c5\" data-client-thread-id=\"WEB:f9818d6b-cc00-47a9-ba1c-1549baa0484c\" data-message-model-slug=\"gpt-4o\">\n<div class=\"flex w-full flex-col gap-1 empty:hidden first:pt-[3px]\">\n<div class=\"markdown prose w-full break-words dark:prose-invert light\">\n<p data-start=\"178\" data-end=\"564\">Procura um <strong>saco de lixo<\/strong> simples e eficaz para o dia a dia ou para uso profissional leve? Este <strong>saco de lixo<\/strong> <strong data-start=\"297\" data-end=\"328\">branco de alta densidade de 20L<\/strong>, com uma espessura de <strong data-start=\"339\" data-end=\"352\">9 microns<\/strong>, \u00e9 um verdadeiro companheiro discreto, mas eficiente. Acondicionado em rolo de <strong data-start=\"427\" data-end=\"438\">50 sacos<\/strong>, adapta-se perfeitamente a caixotes do lixo de escrit\u00f3rio, de casa de banho ou de espa\u00e7os pequenos, sem ocupar espa\u00e7o desnecess\u00e1rio.  <\/p>\n<p data-start=\"566\" data-end=\"1060\">Concebido em <strong>polietileno HD<\/strong> de boa qualidade, resiste aos pequenos res\u00edduos do dia a dia (toalhetes de papel, len\u00e7os de papel, embalagens leves\u2026), sem recear rasg\u00f5es ou fugas. A sua cor <strong>branca<\/strong>, mais elegante do que o preto, confere um toque de limpeza e de discri\u00e7\u00e3o, principalmente em espa\u00e7os cuidados (<strong>hotelaria, escrit\u00f3rios, consult\u00f3rios, quartos de h\u00f3spedes<\/strong>). A soldadura de fratura ou fundo em estrela garante um fecho bem definido e um saco bem formado, pronto a ser manuseado sem gestos complicados.  <\/p>\n<p data-start=\"1062\" data-end=\"1395\">O desenrolamento \u00e9 fluido e r\u00e1pido: puxe suavemente, destaque e est\u00e1 pronto a usar. O formato em <strong>rolo<\/strong> (<strong>50 sacos<\/strong>) \u00e9 pr\u00e1tico para uma distribui\u00e7\u00e3o eficaz, principalmente em empresas, autarquias ou hot\u00e9is. Al\u00e9m disso, o <strong>saco<\/strong> pode ser reciclado com os pl\u00e1sticos dom\u00e9sticos, contribuindo assim para reduzir o impacto ambiental.  <\/p>\n<p data-start=\"1397\" data-end=\"1725\">Um indispens\u00e1vel, perfeito para qualquer <strong>caixote do lixo de 20L<\/strong> sem complica\u00e7\u00f5es.<\/p>\n<p data-start=\"1397\" data-end=\"1725\">\n<\/div>\n<\/div>\n<\/div>\n<\/div>\n<p><!--more--><\/p>\n<h4>Vantagens :<\/h4>\n<ul>\n<li>Ideal para <strong>pequenos recipientes<\/strong>, ergon\u00f3mico com rolo de 50.<\/li>\n<li><strong>Polietileno de alta densidade 9 \u00b5<\/strong>, antirrasg\u00e3o\/l\u00edquido.<\/li>\n<li>Branco limpo, s\u00f3brio, real\u00e7a a limpeza do espa\u00e7o.<\/li>\n<li>Integra-se nos sistemas de reciclagem.<\/li>\n<li>Para escrit\u00f3rios, hotelaria, salas de espera, particulares exigentes.<\/li>\n<\/ul>\n<p>&nbsp;<\/p>\n<p><!--more--><\/p>\n<h4>Outras informa\u00e7\u00f5es sobre este produto:<\/h4>\n<ul style=\"font-family: Roboto, sans-serif;\">\n<li><strong>Acondicionamento<\/strong>: Rolo de 50 sacos<\/li>\n<li><span style=\"font-weight: bold;\">Volume:<\/span> 20 litros<\/li>\n<li><strong>Espessura<\/strong>: 9 \u00b5<\/li>\n<li><strong>Cor<\/strong>: Branco<\/li>\n<li><strong>Material<\/strong>: PEAD<\/li>\n<\/ul>\n<p>&nbsp;<\/p>\n<p><!--more--><\/p>\n<p>Este saco de lixo tamb\u00e9m est\u00e1 dispon\u00edvel em 10 litros: <span style=\"color: #d12727;\"><a style=\"color: #d12727;\" href=\"https:\/\/www.csj-emballages.com\/es\/produit\/50-bolsas-de-basura-blancas-de-10-litros-9-%c2%b5\/\">SP10<\/a><\/span><\/p>\n<p>&nbsp;<\/p>\n<p style=\"text-align: left;\"><!--more--><\/p>\n<p><a href=\"https:\/\/www.csj-emballages.com\/pt-pt\/categorie-produit\/higiene-e-manutencao\/sacos-de-lixo\/\">Consulte o resto da nossa gama de caixotes do lixo<\/a><\/p>\n","protected":false},"excerpt":{"rendered":"<p>Saco de lixo branco Descri\u00e7\u00e3o do nosso saco de lixo branco 20 litros 9 \u00b5 por 50<\/p>\n","protected":false},"featured_media":263215,"template":"","meta":{"_acf_changed":false},"product_brand":[],"product_cat":[1222,1874],"product_tag":[],"class_list":{"0":"post-23726","1":"product","2":"type-product","3":"status-publish","4":"has-post-thumbnail","6":"product_cat-higiene-e-manutencao","7":"product_cat-sacos-de-lixo","9":"first","10":"instock","11":"taxable","12":"shipping-taxable","13":"purchasable","14":"product-type-simple"},"acf":[],"yoast_head":"<!-- This site is optimized with the Yoast SEO Premium plugin v26.6 (Yoast SEO v26.6) - https:\/\/yoast.com\/wordpress\/plugins\/seo\/ -->\n<title>Saco de Lixo Branco 20 Litros 9 \u00b5 por 50<\/title>\n<meta name=\"description\" content=\"Saco de lixo HD branco 20L esp. 9 \u00b5, rolo de 50. Discreto, s\u00f3lido e recicl\u00e1vel \u2014 ideal para escrit\u00f3rios, casas de banho e uso profissional leve.\" \/>\n<meta name=\"robots\" content=\"index, follow, max-snippet:-1, max-image-preview:large, max-video-preview:-1\" \/>\n<link rel=\"canonical\" href=\"https:\/\/www.csj-emballages.com\/pt-pt\/produit\/50-sacos-de-lixo-brancos-de-20-litros-de-9-%c2%b5\/\" \/>\n<meta property=\"og:locale\" content=\"pt_PT\" \/>\n<meta property=\"og:type\" content=\"article\" \/>\n<meta property=\"og:title\" content=\"Saco de lixo branco 20 litros 9 \u00b5 por 50\" \/>\n<meta property=\"og:description\" content=\"Saco de lixo HD branco 20L esp. 9 \u00b5, rolo de 50. Discreto, s\u00f3lido e recicl\u00e1vel \u2014 ideal para escrit\u00f3rios, casas de banho e uso profissional leve.\" \/>\n<meta property=\"og:url\" content=\"https:\/\/www.csj-emballages.com\/pt-pt\/produit\/50-sacos-de-lixo-brancos-de-20-litros-de-9-%c2%b5\/\" \/>\n<meta property=\"og:site_name\" content=\"CSJ Emballages\" \/>\n<meta property=\"article:publisher\" content=\"https:\/\/www.facebook.com\/csjemballages\" \/>\n<meta property=\"article:modified_time\" content=\"2026-04-14T00:21:31+00:00\" \/>\n<meta property=\"og:image\" content=\"https:\/\/www.csj-emballages.com\/wp-content\/uploads\/2024\/03\/SP10.webp\" \/>\n\t<meta property=\"og:image:width\" content=\"800\" \/>\n\t<meta property=\"og:image:height\" content=\"800\" \/>\n\t<meta property=\"og:image:type\" content=\"image\/webp\" \/>\n<meta name=\"twitter:card\" content=\"summary_large_image\" \/>\n<meta name=\"twitter:label1\" content=\"Tempo estimado de leitura\" \/>\n\t<meta name=\"twitter:data1\" content=\"2 minutos\" \/>\n<script type=\"application\/ld+json\" class=\"yoast-schema-graph\">{\"@context\":\"https:\/\/schema.org\",\"@graph\":[{\"@type\":\"WebPage\",\"@id\":\"https:\/\/www.csj-emballages.com\/pt-pt\/produit\/50-sacos-de-lixo-brancos-de-20-litros-de-9-%c2%b5\/\",\"url\":\"https:\/\/www.csj-emballages.com\/pt-pt\/produit\/50-sacos-de-lixo-brancos-de-20-litros-de-9-%c2%b5\/\",\"name\":\"Saco de Lixo Branco 20 Litros 9 \u00b5 por 50\",\"isPartOf\":{\"@id\":\"https:\/\/www.csj-emballages.com\/pt-pt\/#website\"},\"primaryImageOfPage\":{\"@id\":\"https:\/\/www.csj-emballages.com\/pt-pt\/produit\/50-sacos-de-lixo-brancos-de-20-litros-de-9-%c2%b5\/#primaryimage\"},\"image\":{\"@id\":\"https:\/\/www.csj-emballages.com\/pt-pt\/produit\/50-sacos-de-lixo-brancos-de-20-litros-de-9-%c2%b5\/#primaryimage\"},\"thumbnailUrl\":\"https:\/\/www.csj-emballages.com\/wp-content\/uploads\/2024\/03\/SP10.webp\",\"datePublished\":\"2024-03-01T15:49:06+00:00\",\"dateModified\":\"2026-04-14T00:21:31+00:00\",\"description\":\"Saco de lixo HD branco 20L esp. 9 \u00b5, rolo de 50. Discreto, s\u00f3lido e recicl\u00e1vel \u2014 ideal para escrit\u00f3rios, casas de banho e uso profissional leve.\",\"breadcrumb\":{\"@id\":\"https:\/\/www.csj-emballages.com\/pt-pt\/produit\/50-sacos-de-lixo-brancos-de-20-litros-de-9-%c2%b5\/#breadcrumb\"},\"inLanguage\":\"pt-PT\",\"potentialAction\":[{\"@type\":\"ReadAction\",\"target\":[\"https:\/\/www.csj-emballages.com\/pt-pt\/produit\/50-sacos-de-lixo-brancos-de-20-litros-de-9-%c2%b5\/\"]}]},{\"@type\":\"ImageObject\",\"inLanguage\":\"pt-PT\",\"@id\":\"https:\/\/www.csj-emballages.com\/pt-pt\/produit\/50-sacos-de-lixo-brancos-de-20-litros-de-9-%c2%b5\/#primaryimage\",\"url\":\"https:\/\/www.csj-emballages.com\/wp-content\/uploads\/2024\/03\/SP10.webp\",\"contentUrl\":\"https:\/\/www.csj-emballages.com\/wp-content\/uploads\/2024\/03\/SP10.webp\",\"width\":800,\"height\":800,\"caption\":\"Sac poubelle blanc\"},{\"@type\":\"BreadcrumbList\",\"@id\":\"https:\/\/www.csj-emballages.com\/pt-pt\/produit\/50-sacos-de-lixo-brancos-de-20-litros-de-9-%c2%b5\/#breadcrumb\",\"itemListElement\":[{\"@type\":\"ListItem\",\"position\":1,\"name\":\"Acolhimento\",\"item\":\"https:\/\/www.csj-emballages.com\/pt-pt\/universo-das-embalagens-alimentares\/\"},{\"@type\":\"ListItem\",\"position\":2,\"name\":\"Shop\",\"item\":\"https:\/\/www.csj-emballages.com\/shop\/\"},{\"@type\":\"ListItem\",\"position\":3,\"name\":\"Saco de lixo branco 20 litros 9 \u00b5 por 50\"}]},{\"@type\":\"WebSite\",\"@id\":\"https:\/\/www.csj-emballages.com\/pt-pt\/#website\",\"url\":\"https:\/\/www.csj-emballages.com\/pt-pt\/\",\"name\":\"CSJ Emballages\",\"description\":\"\",\"publisher\":{\"@id\":\"https:\/\/www.csj-emballages.com\/pt-pt\/#organization\"},\"potentialAction\":[{\"@type\":\"SearchAction\",\"target\":{\"@type\":\"EntryPoint\",\"urlTemplate\":\"https:\/\/www.csj-emballages.com\/pt-pt\/?s={search_term_string}\"},\"query-input\":{\"@type\":\"PropertyValueSpecification\",\"valueRequired\":true,\"valueName\":\"search_term_string\"}}],\"inLanguage\":\"pt-PT\"},{\"@type\":\"Organization\",\"@id\":\"https:\/\/www.csj-emballages.com\/pt-pt\/#Organization\/\",\"name\":\"CSJ Emballages\",\"url\":\"https:\/\/www.csj-emballages.com\/pt-pt\/\",\"logo\":{\"@type\":\"ImageObject\",\"inLanguage\":\"pt-PT\",\"@id\":\"https:\/\/www.csj-emballages.com\/pt-pt\/#\/schema\/logo\/image\/\",\"url\":\"https:\/\/www.csj-emballages.com\/wp-content\/uploads\/2023\/10\/logo_csj.webp\",\"contentUrl\":\"https:\/\/www.csj-emballages.com\/wp-content\/uploads\/2023\/10\/logo_csj.webp\",\"width\":250,\"height\":95,\"caption\":\"CSJ Emballages\"},\"image\":{\"@id\":\"https:\/\/www.csj-emballages.com\/pt-pt\/#\/schema\/logo\/image\/\"},\"sameAs\":[\"https:\/\/www.facebook.com\/csjemballages\"],\"address\":{\"@type\":\"PostalAddress\",\"streetAddress\":\"ZI La Lechere\",\"addressLocality\":\"Patornay\",\"postalCode\":\"39130\",\"addressCountry\":\"FR\"},\"contactPoint\":[{\"@type\":\"ContactPoint\",\"contactType\":\"Service client\",\"telephone\":\"0384254272\",\"email\":\"contact@csj-emballages.com\"}]}]}<\/script>\n<!-- \/ Yoast SEO Premium plugin. -->","yoast_head_json":{"title":"Saco de Lixo Branco 20 Litros 9 \u00b5 por 50","description":"Saco de lixo HD branco 20L esp. 9 \u00b5, rolo de 50. Discreto, s\u00f3lido e recicl\u00e1vel \u2014 ideal para escrit\u00f3rios, casas de banho e uso profissional leve.","robots":{"index":"index","follow":"follow","max-snippet":"max-snippet:-1","max-image-preview":"max-image-preview:large","max-video-preview":"max-video-preview:-1"},"canonical":"https:\/\/www.csj-emballages.com\/pt-pt\/produit\/50-sacos-de-lixo-brancos-de-20-litros-de-9-%c2%b5\/","og_locale":"pt_PT","og_type":"article","og_title":"Saco de lixo branco 20 litros 9 \u00b5 por 50","og_description":"Saco de lixo HD branco 20L esp. 9 \u00b5, rolo de 50. Discreto, s\u00f3lido e recicl\u00e1vel \u2014 ideal para escrit\u00f3rios, casas de banho e uso profissional leve.","og_url":"https:\/\/www.csj-emballages.com\/pt-pt\/produit\/50-sacos-de-lixo-brancos-de-20-litros-de-9-%c2%b5\/","og_site_name":"CSJ Emballages","article_publisher":"https:\/\/www.facebook.com\/csjemballages","article_modified_time":"2026-04-14T00:21:31+00:00","og_image":[{"width":800,"height":800,"url":"https:\/\/www.csj-emballages.com\/wp-content\/uploads\/2024\/03\/SP10.webp","type":"image\/webp"}],"twitter_card":"summary_large_image","twitter_misc":{"Tempo estimado de leitura":"2 minutos"},"schema":{"@context":"https:\/\/schema.org","@graph":[{"@type":"WebPage","@id":"https:\/\/www.csj-emballages.com\/pt-pt\/produit\/50-sacos-de-lixo-brancos-de-20-litros-de-9-%c2%b5\/","url":"https:\/\/www.csj-emballages.com\/pt-pt\/produit\/50-sacos-de-lixo-brancos-de-20-litros-de-9-%c2%b5\/","name":"Saco de Lixo Branco 20 Litros 9 \u00b5 por 50","isPartOf":{"@id":"https:\/\/www.csj-emballages.com\/pt-pt\/#website"},"primaryImageOfPage":{"@id":"https:\/\/www.csj-emballages.com\/pt-pt\/produit\/50-sacos-de-lixo-brancos-de-20-litros-de-9-%c2%b5\/#primaryimage"},"image":{"@id":"https:\/\/www.csj-emballages.com\/pt-pt\/produit\/50-sacos-de-lixo-brancos-de-20-litros-de-9-%c2%b5\/#primaryimage"},"thumbnailUrl":"https:\/\/www.csj-emballages.com\/wp-content\/uploads\/2024\/03\/SP10.webp","datePublished":"2024-03-01T15:49:06+00:00","dateModified":"2026-04-14T00:21:31+00:00","description":"Saco de lixo HD branco 20L esp. 9 \u00b5, rolo de 50. Discreto, s\u00f3lido e recicl\u00e1vel \u2014 ideal para escrit\u00f3rios, casas de banho e uso profissional leve.","breadcrumb":{"@id":"https:\/\/www.csj-emballages.com\/pt-pt\/produit\/50-sacos-de-lixo-brancos-de-20-litros-de-9-%c2%b5\/#breadcrumb"},"inLanguage":"pt-PT","potentialAction":[{"@type":"ReadAction","target":["https:\/\/www.csj-emballages.com\/pt-pt\/produit\/50-sacos-de-lixo-brancos-de-20-litros-de-9-%c2%b5\/"]}]},{"@type":"ImageObject","inLanguage":"pt-PT","@id":"https:\/\/www.csj-emballages.com\/pt-pt\/produit\/50-sacos-de-lixo-brancos-de-20-litros-de-9-%c2%b5\/#primaryimage","url":"https:\/\/www.csj-emballages.com\/wp-content\/uploads\/2024\/03\/SP10.webp","contentUrl":"https:\/\/www.csj-emballages.com\/wp-content\/uploads\/2024\/03\/SP10.webp","width":800,"height":800,"caption":"Sac poubelle blanc"},{"@type":"BreadcrumbList","@id":"https:\/\/www.csj-emballages.com\/pt-pt\/produit\/50-sacos-de-lixo-brancos-de-20-litros-de-9-%c2%b5\/#breadcrumb","itemListElement":[{"@type":"ListItem","position":1,"name":"Acolhimento","item":"https:\/\/www.csj-emballages.com\/pt-pt\/universo-das-embalagens-alimentares\/"},{"@type":"ListItem","position":2,"name":"Shop","item":"https:\/\/www.csj-emballages.com\/shop\/"},{"@type":"ListItem","position":3,"name":"Saco de lixo branco 20 litros 9 \u00b5 por 50"}]},{"@type":"WebSite","@id":"https:\/\/www.csj-emballages.com\/pt-pt\/#website","url":"https:\/\/www.csj-emballages.com\/pt-pt\/","name":"CSJ Emballages","description":"","publisher":{"@id":"https:\/\/www.csj-emballages.com\/pt-pt\/#organization"},"potentialAction":[{"@type":"SearchAction","target":{"@type":"EntryPoint","urlTemplate":"https:\/\/www.csj-emballages.com\/pt-pt\/?s={search_term_string}"},"query-input":{"@type":"PropertyValueSpecification","valueRequired":true,"valueName":"search_term_string"}}],"inLanguage":"pt-PT"},{"@type":"Organization","@id":"https:\/\/www.csj-emballages.com\/pt-pt\/#Organization\/","name":"CSJ Emballages","url":"https:\/\/www.csj-emballages.com\/pt-pt\/","logo":{"@type":"ImageObject","inLanguage":"pt-PT","@id":"https:\/\/www.csj-emballages.com\/pt-pt\/#\/schema\/logo\/image\/","url":"https:\/\/www.csj-emballages.com\/wp-content\/uploads\/2023\/10\/logo_csj.webp","contentUrl":"https:\/\/www.csj-emballages.com\/wp-content\/uploads\/2023\/10\/logo_csj.webp","width":250,"height":95,"caption":"CSJ Emballages"},"image":{"@id":"https:\/\/www.csj-emballages.com\/pt-pt\/#\/schema\/logo\/image\/"},"sameAs":["https:\/\/www.facebook.com\/csjemballages"],"address":{"@type":"PostalAddress","streetAddress":"ZI La Lechere","addressLocality":"Patornay","postalCode":"39130","addressCountry":"FR"},"contactPoint":[{"@type":"ContactPoint","contactType":"Service client","telephone":"0384254272","email":"contact@csj-emballages.com"}]}]}},"df_price":0.95,"df_sale_price":"","df_regular_price":0.95,"df_image_link":"https:\/\/www.csj-emballages.com\/wp-content\/uploads\/2024\/03\/SP10-300x300.webp","tiered_pricing_type":"fixed","tiered_pricing_fixed_rules":[],"tiered_pricing_percentage_rules":[],"tiered_pricing_minimum":1,"tiered_pricing_roles_data":[],"_links":{"self":[{"href":"https:\/\/www.csj-emballages.com\/pt-pt\/wp-json\/wp\/v2\/product\/23726","targetHints":{"allow":["GET"]}}],"collection":[{"href":"https:\/\/www.csj-emballages.com\/pt-pt\/wp-json\/wp\/v2\/product"}],"about":[{"href":"https:\/\/www.csj-emballages.com\/pt-pt\/wp-json\/wp\/v2\/types\/product"}],"wp:featuredmedia":[{"embeddable":true,"href":"https:\/\/www.csj-emballages.com\/pt-pt\/wp-json\/wp\/v2\/media\/263215"}],"wp:attachment":[{"href":"https:\/\/www.csj-emballages.com\/pt-pt\/wp-json\/wp\/v2\/media?parent=23726"}],"wp:term":[{"taxonomy":"product_brand","embeddable":true,"href":"https:\/\/www.csj-emballages.com\/pt-pt\/wp-json\/wp\/v2\/product_brand?post=23726"},{"taxonomy":"product_cat","embeddable":true,"href":"https:\/\/www.csj-emballages.com\/pt-pt\/wp-json\/wp\/v2\/product_cat?post=23726"},{"taxonomy":"product_tag","embeddable":true,"href":"https:\/\/www.csj-emballages.com\/pt-pt\/wp-json\/wp\/v2\/product_tag?post=23726"}],"curies":[{"name":"wp","href":"https:\/\/api.w.org\/{rel}","templated":true}]}}