{"id":23723,"date":"2024-03-01T16:49:08","date_gmt":"2024-03-01T15:49:08","guid":{"rendered":"https:\/\/u15jnbdpoq.preview.infomaniak.website\/produit\/100-pratos-rigidos-de-aluminio-3100-ml\/"},"modified":"2026-04-11T02:15:56","modified_gmt":"2026-04-11T00:15:56","slug":"100-pratos-rigidos-de-aluminio-3100-ml","status":"publish","type":"product","link":"https:\/\/www.csj-emballages.com\/pt-pt\/produit\/100-pratos-rigidos-de-aluminio-3100-ml\/","title":{"rendered":"Prato r\u00edgido de alum\u00ednio 3150 ml por 100"},"content":{"rendered":"<h2>Prato de alum\u00ednio<\/h2>\n<hr>\n<h3>Descri\u00e7\u00e3o da nossa c\u00e1psula r\u00edgida de alum\u00ednio 3150 ml por 100<\/h3>\n<p><!--more--><\/p>\n<p data-start=\"28\" data-end=\"465\">O <strong data-start=\"31\" data-end=\"64\">prato r\u00edgido de alum\u00ednio de 3150 ml<\/strong> \u00e9 a solu\u00e7\u00e3o ideal para cozinhar, armazenar e transportar pratos com toda a seguran\u00e7a. Concebida para satisfazer as exig\u00eancias de empresas de catering, restaurantes e particulares, combina praticidade e resist\u00eancia para se adaptar a uma grande variedade de prepara\u00e7\u00f5es. Com a sua <strong data-start=\"343\" data-end=\"373\">grande capacidade de 3150 ml<\/strong>, \u00e9 perfeito para pratos familiares, grandes por\u00e7\u00f5es ou servi\u00e7os de catering.  <\/p>\n<p data-start=\"467\" data-end=\"859\">Fabricado em <strong>alum\u00ednio<\/strong>, este prato \u00e9 resistente ao calor e proporciona uma excelente distribui\u00e7\u00e3o do calor, garantindo uma cozedura uniforme dos alimentos. Suporta tanto as altas temperaturas do forno como o frio do frigor\u00edfico ou do congelador. A sua <strong data-start=\"754\" data-end=\"776\">rigidez refor\u00e7ada<\/strong> permite-lhe ser transportada com toda a seguran\u00e7a, evitando deforma\u00e7\u00f5es e fugas.  <\/p>\n<p data-start=\"861\" data-end=\"1075\">Ideal para pratos com molho, assados, gratinados e sobremesas, este <strong>prato de alum\u00ednio<\/strong> \u00e9<b> ideal<\/b> para manter os alimentos frescos e apresent\u00e1-los bem.<\/p>\n<p data-start=\"0\" data-end=\"806\">\n<p><!--more--><\/p>\n<h4>As suas vantagens:<\/h4>\n<ul>\n<li data-start=\"1095\" data-end=\"1203\"><strong data-start=\"1097\" data-end=\"1126\">Grande capacidade (3100 ml)<\/strong>: Ideal para refei\u00e7\u00f5es em fam\u00edlia e grandes quantidades.<\/li>\n<li data-start=\"1204\" data-end=\"1302\"><strong data-start=\"1206\" data-end=\"1229\">Resistente e r\u00edgido<\/strong>: Para um transporte seguro sem risco de fugas ou deforma\u00e7\u00f5es.<\/li>\n<li data-start=\"1303\" data-end=\"1389\"><strong data-start=\"1305\" data-end=\"1324\">Resistente ao calor<\/strong>: Compat\u00edvel com o forno, o frigor\u00edfico e o congelador.<\/li>\n<li data-start=\"1390\" data-end=\"1476\"><strong data-start=\"1392\" data-end=\"1430\">Distribui\u00e7\u00e3o uniforme do calor<\/strong>: garante uma cozedura \u00f3ptima dos alimentos.<\/li>\n<li data-start=\"1477\" data-end=\"1563\"><strong data-start=\"1479\" data-end=\"1493\">Vers\u00e1til<\/strong>: Adequado para pratos quentes e frios.<\/li>\n<\/ul>\n<p>&nbsp;<\/p>\n<p><!--more--><\/p>\n<h4>Outras informa\u00e7\u00f5es :<\/h4>\n<ul>\n<li><strong>Embalagem<\/strong>: Pacote de 100<\/li>\n<li><strong>Dimens\u00f5es<\/strong>: 368 x 247 x 48 ( C x L x A em mm )<\/li>\n<li><strong>Volume<\/strong>: 3150 ml<\/li>\n<li><strong>Material<\/strong>: Alum\u00ednio<\/li>\n<\/ul>\n<p>&nbsp;<\/p>\n<p><!--more--><\/p>\n<p>Este produto est\u00e1 dispon\u00edvel em diferentes tamanhos:<span style=\"color: #d12727\"> <a style=\"color: #d12727\" href=\"https:\/\/www.csj-emballages.com\/es\/produit\/100-platos-desechables-de-aluminio-380-ml\/\">380 ml<\/a> <span style=\"color: #000000\">\/<\/span> <a style=\"color: #d12727\" href=\"https:\/\/www.csj-emballages.com\/es\/produit\/100-platos-de-aluminio-desechables-950-ml\/\">950 ml<\/a> <span style=\"color: #000000\">\/<\/span> <a style=\"color: #d12727\" href=\"https:\/\/www.csj-emballages.com\/produit\/50-plats-jetables-en-aluminium-2250-ml\/\">2250 ml<\/a><\/span><\/p>\n<p>&nbsp;<\/p>\n<p><!--more--><\/p>\n<p><a href=\"https:\/\/www.csj-emballages.com\/pt-pt\/categorie-produit\/embalagem-de-alimentos\/talho-e-charcutaria\/tabuleiros-latas-e-frascos\/tabuleiros-de-aluminio-pratos-formas-tabuleiros-de-refeicao-copos-ramequins-empadas-de-carne\/pratos\/\">Ver o resto da nossa gama de pratos de alum\u00ednio<\/a><\/p>\n","protected":false},"excerpt":{"rendered":"<p>Prato de alum\u00ednio Descri\u00e7\u00e3o da nossa c\u00e1psula r\u00edgida de alum\u00ednio 3150 ml por 100<\/p>\n","protected":false},"featured_media":228244,"template":"","meta":{"_acf_changed":false},"product_brand":[],"product_cat":[1176,2001,3074],"product_tag":[],"class_list":{"0":"post-23723","1":"product","2":"type-product","3":"status-publish","4":"has-post-thumbnail","6":"product_cat-talho-e-charcutaria","7":"product_cat-tabuleiros-de-aluminio-pratos-formas-tabuleiros-de-refeicao-copos-ramequins-empadas-de-carne","8":"product_cat-pratos","10":"first","11":"instock","12":"taxable","13":"shipping-taxable","14":"purchasable","15":"product-type-simple"},"acf":[],"yoast_head":"<!-- This site is optimized with the Yoast SEO Premium plugin v26.6 (Yoast SEO v26.6) - https:\/\/yoast.com\/wordpress\/plugins\/seo\/ -->\n<title>Prato de alum\u00ednio 3150 ml por 100<\/title>\n<meta name=\"description\" content=\"Prato de alum\u00ednio de 3150 ml, embalagem de 100, ideal para cozinhar, armazenar e transportar alimentos. Resistente ao calor e compat\u00edvel com as tampas.\" \/>\n<meta name=\"robots\" content=\"index, follow, max-snippet:-1, max-image-preview:large, max-video-preview:-1\" \/>\n<link rel=\"canonical\" href=\"https:\/\/www.csj-emballages.com\/pt-pt\/produit\/100-pratos-rigidos-de-aluminio-3100-ml\/\" \/>\n<meta property=\"og:locale\" content=\"pt_PT\" \/>\n<meta property=\"og:type\" content=\"article\" \/>\n<meta property=\"og:title\" content=\"Prato r\u00edgido de alum\u00ednio 3150 ml por 100\" \/>\n<meta property=\"og:description\" content=\"Prato de alum\u00ednio de 3150 ml, embalagem de 100, ideal para cozinhar, armazenar e transportar alimentos. Resistente ao calor e compat\u00edvel com as tampas.\" \/>\n<meta property=\"og:url\" content=\"https:\/\/www.csj-emballages.com\/pt-pt\/produit\/100-pratos-rigidos-de-aluminio-3100-ml\/\" \/>\n<meta property=\"og:site_name\" content=\"CSJ Emballages\" \/>\n<meta property=\"article:publisher\" content=\"https:\/\/www.facebook.com\/csjemballages\" \/>\n<meta property=\"article:modified_time\" content=\"2026-04-11T00:15:56+00:00\" \/>\n<meta property=\"og:image\" content=\"https:\/\/www.csj-emballages.com\/wp-content\/uploads\/2024\/03\/SMARTIE-HAUTE.webp\" \/>\n\t<meta property=\"og:image:width\" content=\"800\" \/>\n\t<meta property=\"og:image:height\" content=\"800\" \/>\n\t<meta property=\"og:image:type\" content=\"image\/webp\" \/>\n<meta name=\"twitter:card\" content=\"summary_large_image\" \/>\n<meta name=\"twitter:label1\" content=\"Tempo estimado de leitura\" \/>\n\t<meta name=\"twitter:data1\" content=\"1 minuto\" \/>\n<script type=\"application\/ld+json\" class=\"yoast-schema-graph\">{\"@context\":\"https:\/\/schema.org\",\"@graph\":[{\"@type\":\"WebPage\",\"@id\":\"https:\/\/www.csj-emballages.com\/pt-pt\/produit\/100-pratos-rigidos-de-aluminio-3100-ml\/\",\"url\":\"https:\/\/www.csj-emballages.com\/pt-pt\/produit\/100-pratos-rigidos-de-aluminio-3100-ml\/\",\"name\":\"Prato de alum\u00ednio 3150 ml por 100\",\"isPartOf\":{\"@id\":\"https:\/\/www.csj-emballages.com\/pt-pt\/#website\"},\"primaryImageOfPage\":{\"@id\":\"https:\/\/www.csj-emballages.com\/pt-pt\/produit\/100-pratos-rigidos-de-aluminio-3100-ml\/#primaryimage\"},\"image\":{\"@id\":\"https:\/\/www.csj-emballages.com\/pt-pt\/produit\/100-pratos-rigidos-de-aluminio-3100-ml\/#primaryimage\"},\"thumbnailUrl\":\"https:\/\/www.csj-emballages.com\/wp-content\/uploads\/2024\/03\/SMARTIE-HAUTE.webp\",\"datePublished\":\"2024-03-01T15:49:08+00:00\",\"dateModified\":\"2026-04-11T00:15:56+00:00\",\"description\":\"Prato de alum\u00ednio de 3150 ml, embalagem de 100, ideal para cozinhar, armazenar e transportar alimentos. Resistente ao calor e compat\u00edvel com as tampas.\",\"breadcrumb\":{\"@id\":\"https:\/\/www.csj-emballages.com\/pt-pt\/produit\/100-pratos-rigidos-de-aluminio-3100-ml\/#breadcrumb\"},\"inLanguage\":\"pt-PT\",\"potentialAction\":[{\"@type\":\"ReadAction\",\"target\":[\"https:\/\/www.csj-emballages.com\/pt-pt\/produit\/100-pratos-rigidos-de-aluminio-3100-ml\/\"]}]},{\"@type\":\"ImageObject\",\"inLanguage\":\"pt-PT\",\"@id\":\"https:\/\/www.csj-emballages.com\/pt-pt\/produit\/100-pratos-rigidos-de-aluminio-3100-ml\/#primaryimage\",\"url\":\"https:\/\/www.csj-emballages.com\/wp-content\/uploads\/2024\/03\/SMARTIE-HAUTE.webp\",\"contentUrl\":\"https:\/\/www.csj-emballages.com\/wp-content\/uploads\/2024\/03\/SMARTIE-HAUTE.webp\",\"width\":800,\"height\":800,\"caption\":\"Plat Aluminium\"},{\"@type\":\"BreadcrumbList\",\"@id\":\"https:\/\/www.csj-emballages.com\/pt-pt\/produit\/100-pratos-rigidos-de-aluminio-3100-ml\/#breadcrumb\",\"itemListElement\":[{\"@type\":\"ListItem\",\"position\":1,\"name\":\"Acolhimento\",\"item\":\"https:\/\/www.csj-emballages.com\/pt-pt\/universo-das-embalagens-alimentares\/\"},{\"@type\":\"ListItem\",\"position\":2,\"name\":\"Shop\",\"item\":\"https:\/\/www.csj-emballages.com\/shop\/\"},{\"@type\":\"ListItem\",\"position\":3,\"name\":\"Prato r\u00edgido de alum\u00ednio 3150 ml por 100\"}]},{\"@type\":\"WebSite\",\"@id\":\"https:\/\/www.csj-emballages.com\/pt-pt\/#website\",\"url\":\"https:\/\/www.csj-emballages.com\/pt-pt\/\",\"name\":\"CSJ Emballages\",\"description\":\"\",\"publisher\":{\"@id\":\"https:\/\/www.csj-emballages.com\/pt-pt\/#organization\"},\"potentialAction\":[{\"@type\":\"SearchAction\",\"target\":{\"@type\":\"EntryPoint\",\"urlTemplate\":\"https:\/\/www.csj-emballages.com\/pt-pt\/?s={search_term_string}\"},\"query-input\":{\"@type\":\"PropertyValueSpecification\",\"valueRequired\":true,\"valueName\":\"search_term_string\"}}],\"inLanguage\":\"pt-PT\"},{\"@type\":\"Organization\",\"@id\":\"https:\/\/www.csj-emballages.com\/pt-pt\/#Organization\/\",\"name\":\"CSJ Emballages\",\"url\":\"https:\/\/www.csj-emballages.com\/pt-pt\/\",\"logo\":{\"@type\":\"ImageObject\",\"inLanguage\":\"pt-PT\",\"@id\":\"https:\/\/www.csj-emballages.com\/pt-pt\/#\/schema\/logo\/image\/\",\"url\":\"https:\/\/www.csj-emballages.com\/wp-content\/uploads\/2023\/10\/logo_csj.webp\",\"contentUrl\":\"https:\/\/www.csj-emballages.com\/wp-content\/uploads\/2023\/10\/logo_csj.webp\",\"width\":250,\"height\":95,\"caption\":\"CSJ Emballages\"},\"image\":{\"@id\":\"https:\/\/www.csj-emballages.com\/pt-pt\/#\/schema\/logo\/image\/\"},\"sameAs\":[\"https:\/\/www.facebook.com\/csjemballages\"],\"address\":{\"@type\":\"PostalAddress\",\"streetAddress\":\"ZI La Lechere\",\"addressLocality\":\"Patornay\",\"postalCode\":\"39130\",\"addressCountry\":\"FR\"},\"contactPoint\":[{\"@type\":\"ContactPoint\",\"contactType\":\"Service client\",\"telephone\":\"0384254272\",\"email\":\"contact@csj-emballages.com\"}]}]}<\/script>\n<!-- \/ Yoast SEO Premium plugin. -->","yoast_head_json":{"title":"Prato de alum\u00ednio 3150 ml por 100","description":"Prato de alum\u00ednio de 3150 ml, embalagem de 100, ideal para cozinhar, armazenar e transportar alimentos. Resistente ao calor e compat\u00edvel com as tampas.","robots":{"index":"index","follow":"follow","max-snippet":"max-snippet:-1","max-image-preview":"max-image-preview:large","max-video-preview":"max-video-preview:-1"},"canonical":"https:\/\/www.csj-emballages.com\/pt-pt\/produit\/100-pratos-rigidos-de-aluminio-3100-ml\/","og_locale":"pt_PT","og_type":"article","og_title":"Prato r\u00edgido de alum\u00ednio 3150 ml por 100","og_description":"Prato de alum\u00ednio de 3150 ml, embalagem de 100, ideal para cozinhar, armazenar e transportar alimentos. Resistente ao calor e compat\u00edvel com as tampas.","og_url":"https:\/\/www.csj-emballages.com\/pt-pt\/produit\/100-pratos-rigidos-de-aluminio-3100-ml\/","og_site_name":"CSJ Emballages","article_publisher":"https:\/\/www.facebook.com\/csjemballages","article_modified_time":"2026-04-11T00:15:56+00:00","og_image":[{"width":800,"height":800,"url":"https:\/\/www.csj-emballages.com\/wp-content\/uploads\/2024\/03\/SMARTIE-HAUTE.webp","type":"image\/webp"}],"twitter_card":"summary_large_image","twitter_misc":{"Tempo estimado de leitura":"1 minuto"},"schema":{"@context":"https:\/\/schema.org","@graph":[{"@type":"WebPage","@id":"https:\/\/www.csj-emballages.com\/pt-pt\/produit\/100-pratos-rigidos-de-aluminio-3100-ml\/","url":"https:\/\/www.csj-emballages.com\/pt-pt\/produit\/100-pratos-rigidos-de-aluminio-3100-ml\/","name":"Prato de alum\u00ednio 3150 ml por 100","isPartOf":{"@id":"https:\/\/www.csj-emballages.com\/pt-pt\/#website"},"primaryImageOfPage":{"@id":"https:\/\/www.csj-emballages.com\/pt-pt\/produit\/100-pratos-rigidos-de-aluminio-3100-ml\/#primaryimage"},"image":{"@id":"https:\/\/www.csj-emballages.com\/pt-pt\/produit\/100-pratos-rigidos-de-aluminio-3100-ml\/#primaryimage"},"thumbnailUrl":"https:\/\/www.csj-emballages.com\/wp-content\/uploads\/2024\/03\/SMARTIE-HAUTE.webp","datePublished":"2024-03-01T15:49:08+00:00","dateModified":"2026-04-11T00:15:56+00:00","description":"Prato de alum\u00ednio de 3150 ml, embalagem de 100, ideal para cozinhar, armazenar e transportar alimentos. Resistente ao calor e compat\u00edvel com as tampas.","breadcrumb":{"@id":"https:\/\/www.csj-emballages.com\/pt-pt\/produit\/100-pratos-rigidos-de-aluminio-3100-ml\/#breadcrumb"},"inLanguage":"pt-PT","potentialAction":[{"@type":"ReadAction","target":["https:\/\/www.csj-emballages.com\/pt-pt\/produit\/100-pratos-rigidos-de-aluminio-3100-ml\/"]}]},{"@type":"ImageObject","inLanguage":"pt-PT","@id":"https:\/\/www.csj-emballages.com\/pt-pt\/produit\/100-pratos-rigidos-de-aluminio-3100-ml\/#primaryimage","url":"https:\/\/www.csj-emballages.com\/wp-content\/uploads\/2024\/03\/SMARTIE-HAUTE.webp","contentUrl":"https:\/\/www.csj-emballages.com\/wp-content\/uploads\/2024\/03\/SMARTIE-HAUTE.webp","width":800,"height":800,"caption":"Plat Aluminium"},{"@type":"BreadcrumbList","@id":"https:\/\/www.csj-emballages.com\/pt-pt\/produit\/100-pratos-rigidos-de-aluminio-3100-ml\/#breadcrumb","itemListElement":[{"@type":"ListItem","position":1,"name":"Acolhimento","item":"https:\/\/www.csj-emballages.com\/pt-pt\/universo-das-embalagens-alimentares\/"},{"@type":"ListItem","position":2,"name":"Shop","item":"https:\/\/www.csj-emballages.com\/shop\/"},{"@type":"ListItem","position":3,"name":"Prato r\u00edgido de alum\u00ednio 3150 ml por 100"}]},{"@type":"WebSite","@id":"https:\/\/www.csj-emballages.com\/pt-pt\/#website","url":"https:\/\/www.csj-emballages.com\/pt-pt\/","name":"CSJ Emballages","description":"","publisher":{"@id":"https:\/\/www.csj-emballages.com\/pt-pt\/#organization"},"potentialAction":[{"@type":"SearchAction","target":{"@type":"EntryPoint","urlTemplate":"https:\/\/www.csj-emballages.com\/pt-pt\/?s={search_term_string}"},"query-input":{"@type":"PropertyValueSpecification","valueRequired":true,"valueName":"search_term_string"}}],"inLanguage":"pt-PT"},{"@type":"Organization","@id":"https:\/\/www.csj-emballages.com\/pt-pt\/#Organization\/","name":"CSJ Emballages","url":"https:\/\/www.csj-emballages.com\/pt-pt\/","logo":{"@type":"ImageObject","inLanguage":"pt-PT","@id":"https:\/\/www.csj-emballages.com\/pt-pt\/#\/schema\/logo\/image\/","url":"https:\/\/www.csj-emballages.com\/wp-content\/uploads\/2023\/10\/logo_csj.webp","contentUrl":"https:\/\/www.csj-emballages.com\/wp-content\/uploads\/2023\/10\/logo_csj.webp","width":250,"height":95,"caption":"CSJ Emballages"},"image":{"@id":"https:\/\/www.csj-emballages.com\/pt-pt\/#\/schema\/logo\/image\/"},"sameAs":["https:\/\/www.facebook.com\/csjemballages"],"address":{"@type":"PostalAddress","streetAddress":"ZI La Lechere","addressLocality":"Patornay","postalCode":"39130","addressCountry":"FR"},"contactPoint":[{"@type":"ContactPoint","contactType":"Service client","telephone":"0384254272","email":"contact@csj-emballages.com"}]}]}},"df_price":130.91,"df_sale_price":"","df_regular_price":130.91,"df_image_link":"https:\/\/www.csj-emballages.com\/wp-content\/uploads\/2024\/03\/SMARTIE-HAUTE-300x300.webp","tiered_pricing_type":"fixed","tiered_pricing_fixed_rules":[],"tiered_pricing_percentage_rules":[],"tiered_pricing_minimum":1,"tiered_pricing_roles_data":[],"_links":{"self":[{"href":"https:\/\/www.csj-emballages.com\/pt-pt\/wp-json\/wp\/v2\/product\/23723","targetHints":{"allow":["GET"]}}],"collection":[{"href":"https:\/\/www.csj-emballages.com\/pt-pt\/wp-json\/wp\/v2\/product"}],"about":[{"href":"https:\/\/www.csj-emballages.com\/pt-pt\/wp-json\/wp\/v2\/types\/product"}],"wp:featuredmedia":[{"embeddable":true,"href":"https:\/\/www.csj-emballages.com\/pt-pt\/wp-json\/wp\/v2\/media\/228244"}],"wp:attachment":[{"href":"https:\/\/www.csj-emballages.com\/pt-pt\/wp-json\/wp\/v2\/media?parent=23723"}],"wp:term":[{"taxonomy":"product_brand","embeddable":true,"href":"https:\/\/www.csj-emballages.com\/pt-pt\/wp-json\/wp\/v2\/product_brand?post=23723"},{"taxonomy":"product_cat","embeddable":true,"href":"https:\/\/www.csj-emballages.com\/pt-pt\/wp-json\/wp\/v2\/product_cat?post=23723"},{"taxonomy":"product_tag","embeddable":true,"href":"https:\/\/www.csj-emballages.com\/pt-pt\/wp-json\/wp\/v2\/product_tag?post=23723"}],"curies":[{"name":"wp","href":"https:\/\/api.w.org\/{rel}","templated":true}]}}