{"id":237219,"date":"2025-07-02T08:28:46","date_gmt":"2025-07-02T06:28:46","guid":{"rendered":"https:\/\/www.csj-emballages.com\/produit\/colher-de-gelado-cpla-reutilizavel-95-mm-100-unid\/"},"modified":"2026-04-25T02:12:09","modified_gmt":"2026-04-25T00:12:09","slug":"colher-de-gelado-cpla-reutilizavel-95-mm-100-unid","status":"publish","type":"product","link":"https:\/\/www.csj-emballages.com\/pt-pt\/produit\/colher-de-gelado-cpla-reutilizavel-95-mm-100-unid\/","title":{"rendered":"Colher de gelado colorida reutiliz\u00e1vel CPLA 95 mm por 100"},"content":{"rendered":"<h2 class=\"p1 ai-optimize-26 ai-optimize-introduction\">Colher de gelado<\/h2>\n<hr>\n<h3 class=\"ai-optimize-34\">Descri\u00e7\u00e3o da nossa colher de gelado reutiliz\u00e1vel colorida CPLA 95 mm por 100<\/h3>\n<p><!--more--><\/p>\n<p class=\"ai-optimize-26 ai-optimize-introduction\" data-start=\"348\" data-end=\"673\">Procura uma alternativa duradoura, pr\u00e1tica e atractiva \u00e0s tradicionais <strong>colheres<\/strong> descart\u00e1veis? Esta <strong data-start=\"457\" data-end=\"515\">colher de gelado reutiliz\u00e1vel colorida CPLA de 95 mm<\/strong> \u00e9 a solu\u00e7\u00e3o ideal para profissionais da restaura\u00e7\u00e3o, fabricantes de gelados e fornecedores de refei\u00e7\u00f5es, bem como para consumidores preocupados com o ambiente. <\/p>\n<p class=\"ai-optimize-27\" data-start=\"675\" data-end=\"1124\">Fabricada em <strong data-start=\"697\" data-end=\"705\">CPLA<\/strong>, um material de origem biol\u00f3gica derivado do amido vegetal, esta <strong>colher<\/strong> n\u00e3o s\u00f3 \u00e9 <strong data-start=\"790\" data-end=\"806\">reutiliz\u00e1vel<\/strong> como tamb\u00e9m <strong data-start=\"822\" data-end=\"854\">compost\u00e1vel<\/strong>. Combina robustez e facilidade de utiliza\u00e7\u00e3o, com uma forma ergon\u00f3mica concebida para facilitar a degusta\u00e7\u00e3o de gelados, sorvetes ou sobremesas cremosas. <\/p>\n<p class=\"ai-optimize-28\" data-start=\"1126\" data-end=\"1477\">No que diz respeito \u00e0 est\u00e9tica, estas <strong>colheres de gelado reutiliz\u00e1veis<\/strong> s\u00e3o <strong data-start=\"1162\" data-end=\"1174\">coloridas<\/strong>, dando um toque brilhante e alegre \u00e0s suas apresenta\u00e7\u00f5es. Ideais para eventos, food trucks ou bufetes, v\u00e3o ajud\u00e1-lo a destacar-se da multid\u00e3o, respeitando uma abordagem eco-respons\u00e1vel. O formato <strong data-start=\"1385\" data-end=\"1403\">de 100 unidades<\/strong> \u00e9 igualmente pr\u00e1tico para profissionais e eventos de m\u00e9dia dimens\u00e3o.  <\/p>\n<p class=\"ai-optimize-29\" data-start=\"1479\" data-end=\"1653\">Em suma, escolha um produto que combine <strong data-start=\"1518\" data-end=\"1564\">funcionalidade, respeito pelo ambiente<\/strong> e <strong data-start=\"1568\" data-end=\"1588\">design atrativo<\/strong>. Um verdadeiro valor acrescentado para o seu servi\u00e7o ou evento. <\/p>\n<p data-start=\"1479\" data-end=\"1653\">\n<p><!--more--><\/p>\n<h4 class=\"ai-optimize-37\"><strong>Vantagens:<\/strong><\/h4>\n<ul>\n<li class=\"ai-optimize-38\">Reutiliz\u00e1vel e compost\u00e1vel industrialmente.<\/li>\n<li class=\"ai-optimize-39\">Estas colheres de gelado s\u00e3o feitas de CPLA de base biol\u00f3gica.<\/li>\n<li class=\"ai-optimize-40\">Resistente e agrad\u00e1vel no paladar.<\/li>\n<li class=\"ai-optimize-42\"><strong>Tamanho pr\u00e1tico<\/strong>: 95 mm, ideal para sobremesas.<\/li>\n<li class=\"ai-optimize-46\">Design colorido para um visual atrativo.<\/li>\n<li class=\"ai-optimize-30\"><strong>Embalagem de 100 unidades<\/strong>: econ\u00f3mica e pronta a utilizar.<\/li>\n<\/ul>\n<p>&nbsp;<\/p>\n<p><!--more--><\/p>\n<h4 class=\"ai-optimize-44\">Outras informa\u00e7\u00f5es :<\/h4>\n<ul>\n<li class=\"ai-optimize-45\"><strong>Embalagem<\/strong>: Pacote de 100<\/li>\n<li class=\"ai-optimize-36\"><strong>Dimens\u00f5es<\/strong>: 100 mm<\/li>\n<li class=\"ai-optimize-47\"><b>Material <\/b>: CPLA (\u00e1cido polil\u00e1ctico cristalizado)<\/li>\n<li class=\"ai-optimize-38\"><strong>Cor<\/strong>: Vermelho \/ Verde \/ Amarelo \/ Azul \/ Rosa<\/li>\n<\/ul>\n<p>&nbsp;<\/p>\n<p><!--more--><\/p>\n<p class=\"ai-optimize-34\">Encontre aqui as nossas colheres de madeira para gelados de 95 mm por 100 : <span style=\"color: #d12727\"><a style=\"color: #d12727\" href=\"https:\/\/www.csj-emballages.com\/es\/produit\/100-cucharas-de-hielo-de-madera-95-mm\/\"><span style=\"color: #d12727\">CD9BOIS<\/span><\/a><\/span><\/p>\n<p>&nbsp;<\/p>\n<p><!--more--><\/p>\n<p class=\"ai-optimize-41\"><a href=\"https:\/\/www.csj-emballages.com\/pt-pt\/categorie-produit\/embalagem-de-alimentos\/restauracao\/pratos-talheres-descartaveis-palhinhas\/garfos-facas-colheres\/talheres-biodegradaveis\/\">Ver o resto da nossa gama de talheres biodegrad\u00e1veis<\/a><\/p>\n","protected":false},"excerpt":{"rendered":"<p>Colher de gelado Descri\u00e7\u00e3o da nossa colher de gelado reutiliz\u00e1vel colorida CPLA 95 mm por 100<\/p>\n","protected":false},"featured_media":237214,"template":"","meta":{"_acf_changed":false},"product_brand":[],"product_cat":[1141,1138,3913,2615,2635],"product_tag":[],"class_list":{"0":"post-237219","1":"product","2":"type-product","3":"status-publish","4":"has-post-thumbnail","6":"product_cat-embalagem-de-alimentos","7":"product_cat-restauracao","8":"product_cat-pratos-talheres-descartaveis-palhinhas","9":"product_cat-garfos-facas-colheres","10":"product_cat-talheres-biodegradaveis","12":"first","13":"instock","14":"taxable","15":"shipping-taxable","16":"purchasable","17":"product-type-simple"},"acf":[],"yoast_head":"<!-- This site is optimized with the Yoast SEO Premium plugin v26.6 (Yoast SEO v26.6) - https:\/\/yoast.com\/wordpress\/plugins\/seo\/ -->\n<title>Colher de gelado colorida reutiliz\u00e1vel CPLA 95 mm por 100<\/title>\n<meta name=\"description\" content=\"Colher de gelado CPLA reutiliz\u00e1vel, 95 mm - embalagem de 100. Coloridas, resistentes e compost\u00e1veis: a alternativa sustent\u00e1vel ideal para sobremesas e gelados.\" \/>\n<meta name=\"robots\" content=\"index, follow, max-snippet:-1, max-image-preview:large, max-video-preview:-1\" \/>\n<link rel=\"canonical\" href=\"https:\/\/www.csj-emballages.com\/pt-pt\/produit\/colher-de-gelado-cpla-reutilizavel-95-mm-100-unid\/\" \/>\n<meta property=\"og:locale\" content=\"pt_PT\" \/>\n<meta property=\"og:type\" content=\"article\" \/>\n<meta property=\"og:title\" content=\"Colher de gelado colorida reutiliz\u00e1vel CPLA 95 mm por 100\" \/>\n<meta property=\"og:description\" content=\"Colher de gelado CPLA reutiliz\u00e1vel, 95 mm - embalagem de 100. Coloridas, resistentes e compost\u00e1veis: a alternativa sustent\u00e1vel ideal para sobremesas e gelados.\" \/>\n<meta property=\"og:url\" content=\"https:\/\/www.csj-emballages.com\/pt-pt\/produit\/colher-de-gelado-cpla-reutilizavel-95-mm-100-unid\/\" \/>\n<meta property=\"og:site_name\" content=\"CSJ Emballages\" \/>\n<meta property=\"article:publisher\" content=\"https:\/\/www.facebook.com\/csjemballages\" \/>\n<meta property=\"article:modified_time\" content=\"2026-04-25T00:12:09+00:00\" \/>\n<meta property=\"og:image\" content=\"https:\/\/www.csj-emballages.com\/wp-content\/uploads\/2025\/07\/CD9CPLA.webp\" \/>\n\t<meta property=\"og:image:width\" content=\"800\" \/>\n\t<meta property=\"og:image:height\" content=\"800\" \/>\n\t<meta property=\"og:image:type\" content=\"image\/jpeg\" \/>\n<meta name=\"twitter:card\" content=\"summary_large_image\" \/>\n<meta name=\"twitter:label1\" content=\"Tempo estimado de leitura\" \/>\n\t<meta name=\"twitter:data1\" content=\"1 minuto\" \/>\n<script type=\"application\/ld+json\" class=\"yoast-schema-graph\">{\"@context\":\"https:\/\/schema.org\",\"@graph\":[{\"@type\":\"WebPage\",\"@id\":\"https:\/\/www.csj-emballages.com\/pt-pt\/produit\/colher-de-gelado-cpla-reutilizavel-95-mm-100-unid\/\",\"url\":\"https:\/\/www.csj-emballages.com\/pt-pt\/produit\/colher-de-gelado-cpla-reutilizavel-95-mm-100-unid\/\",\"name\":\"Colher de gelado colorida reutiliz\u00e1vel CPLA 95 mm por 100\",\"isPartOf\":{\"@id\":\"https:\/\/www.csj-emballages.com\/pt-pt\/#website\"},\"primaryImageOfPage\":{\"@id\":\"https:\/\/www.csj-emballages.com\/pt-pt\/produit\/colher-de-gelado-cpla-reutilizavel-95-mm-100-unid\/#primaryimage\"},\"image\":{\"@id\":\"https:\/\/www.csj-emballages.com\/pt-pt\/produit\/colher-de-gelado-cpla-reutilizavel-95-mm-100-unid\/#primaryimage\"},\"thumbnailUrl\":\"https:\/\/www.csj-emballages.com\/wp-content\/uploads\/2025\/07\/CD9CPLA.webp\",\"datePublished\":\"2025-07-02T06:28:46+00:00\",\"dateModified\":\"2026-04-25T00:12:09+00:00\",\"description\":\"Colher de gelado CPLA reutiliz\u00e1vel, 95 mm - embalagem de 100. Coloridas, resistentes e compost\u00e1veis: a alternativa sustent\u00e1vel ideal para sobremesas e gelados.\",\"breadcrumb\":{\"@id\":\"https:\/\/www.csj-emballages.com\/pt-pt\/produit\/colher-de-gelado-cpla-reutilizavel-95-mm-100-unid\/#breadcrumb\"},\"inLanguage\":\"pt-PT\",\"potentialAction\":[{\"@type\":\"ReadAction\",\"target\":[\"https:\/\/www.csj-emballages.com\/pt-pt\/produit\/colher-de-gelado-cpla-reutilizavel-95-mm-100-unid\/\"]}]},{\"@type\":\"ImageObject\",\"inLanguage\":\"pt-PT\",\"@id\":\"https:\/\/www.csj-emballages.com\/pt-pt\/produit\/colher-de-gelado-cpla-reutilizavel-95-mm-100-unid\/#primaryimage\",\"url\":\"https:\/\/www.csj-emballages.com\/wp-content\/uploads\/2025\/07\/CD9CPLA.webp\",\"contentUrl\":\"https:\/\/www.csj-emballages.com\/wp-content\/uploads\/2025\/07\/CD9CPLA.webp\",\"width\":800,\"height\":800,\"caption\":\"cuill\u00e8re \u00e0 glace\"},{\"@type\":\"BreadcrumbList\",\"@id\":\"https:\/\/www.csj-emballages.com\/pt-pt\/produit\/colher-de-gelado-cpla-reutilizavel-95-mm-100-unid\/#breadcrumb\",\"itemListElement\":[{\"@type\":\"ListItem\",\"position\":1,\"name\":\"Acolhimento\",\"item\":\"https:\/\/www.csj-emballages.com\/pt-pt\/universo-das-embalagens-alimentares\/\"},{\"@type\":\"ListItem\",\"position\":2,\"name\":\"Shop\",\"item\":\"https:\/\/www.csj-emballages.com\/shop\/\"},{\"@type\":\"ListItem\",\"position\":3,\"name\":\"Colher de gelado colorida reutiliz\u00e1vel CPLA 95 mm por 100\"}]},{\"@type\":\"WebSite\",\"@id\":\"https:\/\/www.csj-emballages.com\/pt-pt\/#website\",\"url\":\"https:\/\/www.csj-emballages.com\/pt-pt\/\",\"name\":\"CSJ Emballages\",\"description\":\"\",\"publisher\":{\"@id\":\"https:\/\/www.csj-emballages.com\/pt-pt\/#organization\"},\"potentialAction\":[{\"@type\":\"SearchAction\",\"target\":{\"@type\":\"EntryPoint\",\"urlTemplate\":\"https:\/\/www.csj-emballages.com\/pt-pt\/?s={search_term_string}\"},\"query-input\":{\"@type\":\"PropertyValueSpecification\",\"valueRequired\":true,\"valueName\":\"search_term_string\"}}],\"inLanguage\":\"pt-PT\"},{\"@type\":\"Organization\",\"@id\":\"https:\/\/www.csj-emballages.com\/pt-pt\/#Organization\/\",\"name\":\"CSJ Emballages\",\"url\":\"https:\/\/www.csj-emballages.com\/pt-pt\/\",\"logo\":{\"@type\":\"ImageObject\",\"inLanguage\":\"pt-PT\",\"@id\":\"https:\/\/www.csj-emballages.com\/pt-pt\/#\/schema\/logo\/image\/\",\"url\":\"https:\/\/www.csj-emballages.com\/wp-content\/uploads\/2023\/10\/logo_csj.webp\",\"contentUrl\":\"https:\/\/www.csj-emballages.com\/wp-content\/uploads\/2023\/10\/logo_csj.webp\",\"width\":250,\"height\":95,\"caption\":\"CSJ Emballages\"},\"image\":{\"@id\":\"https:\/\/www.csj-emballages.com\/pt-pt\/#\/schema\/logo\/image\/\"},\"sameAs\":[\"https:\/\/www.facebook.com\/csjemballages\"],\"address\":{\"@type\":\"PostalAddress\",\"streetAddress\":\"ZI La Lechere\",\"addressLocality\":\"Patornay\",\"postalCode\":\"39130\",\"addressCountry\":\"FR\"},\"contactPoint\":[{\"@type\":\"ContactPoint\",\"contactType\":\"Service client\",\"telephone\":\"0384254272\",\"email\":\"contact@csj-emballages.com\"}]}]}<\/script>\n<!-- \/ Yoast SEO Premium plugin. -->","yoast_head_json":{"title":"Colher de gelado colorida reutiliz\u00e1vel CPLA 95 mm por 100","description":"Colher de gelado CPLA reutiliz\u00e1vel, 95 mm - embalagem de 100. Coloridas, resistentes e compost\u00e1veis: a alternativa sustent\u00e1vel ideal para sobremesas e gelados.","robots":{"index":"index","follow":"follow","max-snippet":"max-snippet:-1","max-image-preview":"max-image-preview:large","max-video-preview":"max-video-preview:-1"},"canonical":"https:\/\/www.csj-emballages.com\/pt-pt\/produit\/colher-de-gelado-cpla-reutilizavel-95-mm-100-unid\/","og_locale":"pt_PT","og_type":"article","og_title":"Colher de gelado colorida reutiliz\u00e1vel CPLA 95 mm por 100","og_description":"Colher de gelado CPLA reutiliz\u00e1vel, 95 mm - embalagem de 100. Coloridas, resistentes e compost\u00e1veis: a alternativa sustent\u00e1vel ideal para sobremesas e gelados.","og_url":"https:\/\/www.csj-emballages.com\/pt-pt\/produit\/colher-de-gelado-cpla-reutilizavel-95-mm-100-unid\/","og_site_name":"CSJ Emballages","article_publisher":"https:\/\/www.facebook.com\/csjemballages","article_modified_time":"2026-04-25T00:12:09+00:00","og_image":[{"width":800,"height":800,"url":"https:\/\/www.csj-emballages.com\/wp-content\/uploads\/2025\/07\/CD9CPLA.webp","type":"image\/jpeg"}],"twitter_card":"summary_large_image","twitter_misc":{"Tempo estimado de leitura":"1 minuto"},"schema":{"@context":"https:\/\/schema.org","@graph":[{"@type":"WebPage","@id":"https:\/\/www.csj-emballages.com\/pt-pt\/produit\/colher-de-gelado-cpla-reutilizavel-95-mm-100-unid\/","url":"https:\/\/www.csj-emballages.com\/pt-pt\/produit\/colher-de-gelado-cpla-reutilizavel-95-mm-100-unid\/","name":"Colher de gelado colorida reutiliz\u00e1vel CPLA 95 mm por 100","isPartOf":{"@id":"https:\/\/www.csj-emballages.com\/pt-pt\/#website"},"primaryImageOfPage":{"@id":"https:\/\/www.csj-emballages.com\/pt-pt\/produit\/colher-de-gelado-cpla-reutilizavel-95-mm-100-unid\/#primaryimage"},"image":{"@id":"https:\/\/www.csj-emballages.com\/pt-pt\/produit\/colher-de-gelado-cpla-reutilizavel-95-mm-100-unid\/#primaryimage"},"thumbnailUrl":"https:\/\/www.csj-emballages.com\/wp-content\/uploads\/2025\/07\/CD9CPLA.webp","datePublished":"2025-07-02T06:28:46+00:00","dateModified":"2026-04-25T00:12:09+00:00","description":"Colher de gelado CPLA reutiliz\u00e1vel, 95 mm - embalagem de 100. Coloridas, resistentes e compost\u00e1veis: a alternativa sustent\u00e1vel ideal para sobremesas e gelados.","breadcrumb":{"@id":"https:\/\/www.csj-emballages.com\/pt-pt\/produit\/colher-de-gelado-cpla-reutilizavel-95-mm-100-unid\/#breadcrumb"},"inLanguage":"pt-PT","potentialAction":[{"@type":"ReadAction","target":["https:\/\/www.csj-emballages.com\/pt-pt\/produit\/colher-de-gelado-cpla-reutilizavel-95-mm-100-unid\/"]}]},{"@type":"ImageObject","inLanguage":"pt-PT","@id":"https:\/\/www.csj-emballages.com\/pt-pt\/produit\/colher-de-gelado-cpla-reutilizavel-95-mm-100-unid\/#primaryimage","url":"https:\/\/www.csj-emballages.com\/wp-content\/uploads\/2025\/07\/CD9CPLA.webp","contentUrl":"https:\/\/www.csj-emballages.com\/wp-content\/uploads\/2025\/07\/CD9CPLA.webp","width":800,"height":800,"caption":"cuill\u00e8re \u00e0 glace"},{"@type":"BreadcrumbList","@id":"https:\/\/www.csj-emballages.com\/pt-pt\/produit\/colher-de-gelado-cpla-reutilizavel-95-mm-100-unid\/#breadcrumb","itemListElement":[{"@type":"ListItem","position":1,"name":"Acolhimento","item":"https:\/\/www.csj-emballages.com\/pt-pt\/universo-das-embalagens-alimentares\/"},{"@type":"ListItem","position":2,"name":"Shop","item":"https:\/\/www.csj-emballages.com\/shop\/"},{"@type":"ListItem","position":3,"name":"Colher de gelado colorida reutiliz\u00e1vel CPLA 95 mm por 100"}]},{"@type":"WebSite","@id":"https:\/\/www.csj-emballages.com\/pt-pt\/#website","url":"https:\/\/www.csj-emballages.com\/pt-pt\/","name":"CSJ Emballages","description":"","publisher":{"@id":"https:\/\/www.csj-emballages.com\/pt-pt\/#organization"},"potentialAction":[{"@type":"SearchAction","target":{"@type":"EntryPoint","urlTemplate":"https:\/\/www.csj-emballages.com\/pt-pt\/?s={search_term_string}"},"query-input":{"@type":"PropertyValueSpecification","valueRequired":true,"valueName":"search_term_string"}}],"inLanguage":"pt-PT"},{"@type":"Organization","@id":"https:\/\/www.csj-emballages.com\/pt-pt\/#Organization\/","name":"CSJ Emballages","url":"https:\/\/www.csj-emballages.com\/pt-pt\/","logo":{"@type":"ImageObject","inLanguage":"pt-PT","@id":"https:\/\/www.csj-emballages.com\/pt-pt\/#\/schema\/logo\/image\/","url":"https:\/\/www.csj-emballages.com\/wp-content\/uploads\/2023\/10\/logo_csj.webp","contentUrl":"https:\/\/www.csj-emballages.com\/wp-content\/uploads\/2023\/10\/logo_csj.webp","width":250,"height":95,"caption":"CSJ Emballages"},"image":{"@id":"https:\/\/www.csj-emballages.com\/pt-pt\/#\/schema\/logo\/image\/"},"sameAs":["https:\/\/www.facebook.com\/csjemballages"],"address":{"@type":"PostalAddress","streetAddress":"ZI La Lechere","addressLocality":"Patornay","postalCode":"39130","addressCountry":"FR"},"contactPoint":[{"@type":"ContactPoint","contactType":"Service client","telephone":"0384254272","email":"contact@csj-emballages.com"}]}]}},"df_price":2.03,"df_sale_price":"","df_regular_price":2.03,"df_image_link":"https:\/\/www.csj-emballages.com\/wp-content\/uploads\/2025\/07\/CD9CPLA-300x300.webp","tiered_pricing_type":"fixed","tiered_pricing_fixed_rules":[],"tiered_pricing_percentage_rules":[],"tiered_pricing_minimum":1,"tiered_pricing_roles_data":[],"_links":{"self":[{"href":"https:\/\/www.csj-emballages.com\/pt-pt\/wp-json\/wp\/v2\/product\/237219","targetHints":{"allow":["GET"]}}],"collection":[{"href":"https:\/\/www.csj-emballages.com\/pt-pt\/wp-json\/wp\/v2\/product"}],"about":[{"href":"https:\/\/www.csj-emballages.com\/pt-pt\/wp-json\/wp\/v2\/types\/product"}],"wp:featuredmedia":[{"embeddable":true,"href":"https:\/\/www.csj-emballages.com\/pt-pt\/wp-json\/wp\/v2\/media\/237214"}],"wp:attachment":[{"href":"https:\/\/www.csj-emballages.com\/pt-pt\/wp-json\/wp\/v2\/media?parent=237219"}],"wp:term":[{"taxonomy":"product_brand","embeddable":true,"href":"https:\/\/www.csj-emballages.com\/pt-pt\/wp-json\/wp\/v2\/product_brand?post=237219"},{"taxonomy":"product_cat","embeddable":true,"href":"https:\/\/www.csj-emballages.com\/pt-pt\/wp-json\/wp\/v2\/product_cat?post=237219"},{"taxonomy":"product_tag","embeddable":true,"href":"https:\/\/www.csj-emballages.com\/pt-pt\/wp-json\/wp\/v2\/product_tag?post=237219"}],"curies":[{"name":"wp","href":"https:\/\/api.w.org\/{rel}","templated":true}]}}