{"id":23713,"date":"2024-03-01T16:49:08","date_gmt":"2024-03-01T15:49:08","guid":{"rendered":"https:\/\/u15jnbdpoq.preview.infomaniak.website\/produit\/25-preto-35-%c2%b5-sacos-de-lixo-de-100-litros\/"},"modified":"2026-04-24T02:16:28","modified_gmt":"2026-04-24T00:16:28","slug":"25-preto-35-%c2%b5-sacos-de-lixo-de-100-litros","status":"publish","type":"product","link":"https:\/\/www.csj-emballages.com\/pt-pt\/produit\/25-preto-35-%c2%b5-sacos-de-lixo-de-100-litros\/","title":{"rendered":"Saco de lixo 100 litros preto 35 \u00b5 por 25"},"content":{"rendered":"<h2>Saco de lixo<\/h2>\n<hr>\n<h3>Descubra o nosso saco de lixo de 100 litros preto 35 \u00b5, embalagem de 25<\/h3>\n<p><!--more--><\/p>\n<p data-start=\"207\" data-end=\"563\">Estes <strong data-start=\"211\" data-end=\"245\">sacos de lixo de 100 litros pretos<\/strong> foram concebidos para gerir res\u00edduos volumosos sem complica\u00e7\u00f5es. Gra\u00e7as \u00e0 sua <strong data-start=\"332\" data-end=\"359\">espessura de 35 microns<\/strong>, oferecem uma boa resist\u00eancia e suportam facilmente cargas mais pesadas, sem risco de rasgar ao recolher. \u00c9 a solu\u00e7\u00e3o ideal quando \u00e9 preciso ser r\u00e1pido e eficiente.  <\/p>\n<p data-start=\"565\" data-end=\"958\">A sua grande capacidade de <strong data-start=\"589\" data-end=\"603\">100 litros<\/strong> permite recolher uma quantidade importante de res\u00edduos, o que limita as mudan\u00e7as frequentes de sacos. Seja na <strong>restaura\u00e7\u00e3o, em institui\u00e7\u00f5es, em empresas, em oficinas ou em eventos<\/strong>, adaptam-se perfeitamente a utiliza\u00e7\u00f5es intensivas. A sua <strong data-start=\"858\" data-end=\"875\">cor preta<\/strong> garante uma discri\u00e7\u00e3o apreci\u00e1vel e esconde o conte\u00fado, para um aspeto mais limpo.  <\/p>\n<p data-start=\"960\" data-end=\"1324\">Estes <strong>sacos<\/strong> s\u00e3o simples de colocar e encaixam bem na maioria dos caixotes do lixo standard de grande formato. Fecham-se facilmente e s\u00e3o pr\u00e1ticos de manusear, mesmo quando est\u00e3o bem cheios. Al\u00e9m disso, a sua embalagem <strong data-start=\"1196\" data-end=\"1213\">em lote de 25<\/strong> permite gerir os stocks sem sobrecarregar o espa\u00e7o de arruma\u00e7\u00e3o, garantindo ao mesmo tempo uma disponibilidade constante.  <\/p>\n<p data-start=\"1326\" data-end=\"1565\">Em resumo, estes <strong>sacos de lixo de 100 litros<\/strong> combinam capacidade, solidez e praticidade. Satisfazem as necessidades do dia a dia, bem como as situa\u00e7\u00f5es mais exigentes, oferecendo ao mesmo tempo uma solu\u00e7\u00e3o fi\u00e1vel para manter os espa\u00e7os limpos e organizados. <\/p>\n<p data-start=\"1523\" data-end=\"1711\"><!--more--><\/p>\n<h4 data-start=\"1523\" data-end=\"1711\">Vantagens :<\/h4>\n<ul>\n<li data-start=\"1593\" data-end=\"1625\">Grande capacidade de <strong>100 litros<\/strong>.<\/li>\n<li data-start=\"1628\" data-end=\"1677\"><strong>Espessura de 35 microns<\/strong> para uma boa resist\u00eancia.<\/li>\n<li data-start=\"1680\" data-end=\"1723\">Adaptados a res\u00edduos pesados ou volumosos.<\/li>\n<li data-start=\"1726\" data-end=\"1766\"><strong>Cor preta<\/strong> para maior discri\u00e7\u00e3o.<\/li>\n<li data-start=\"1769\" data-end=\"1800\">Utiliza\u00e7\u00e3o simples e r\u00e1pida.<\/li>\n<li data-start=\"1803\" data-end=\"1827\">Lote pr\u00e1tico de <strong>25 sacos<\/strong>.<\/li>\n<\/ul>\n<p>&nbsp;<\/p>\n<p><!--more--><\/p>\n<h4>Outras informa\u00e7\u00f5es :<\/h4>\n<ul style=\"font-family: Roboto, sans-serif;\">\n<li><strong>Acondicionamento<\/strong>: Rolo de 25<\/li>\n<li><strong>Dimens\u00f5es<\/strong>: 820 mm x 850 mm<\/li>\n<li><span style=\"font-weight: bold;\">Volume:<\/span> 100 litros<\/li>\n<li><strong>Espessura<\/strong>: 35 \u00b5<\/li>\n<li><strong>Cor<\/strong>: preto<\/li>\n<li><strong>Material<\/strong>: PEAD<\/li>\n<\/ul>\n<p>&nbsp;<\/p>\n<p><!--more--><\/p>\n<p>Este saco de lixo de 100 litros est\u00e1 dispon\u00edvel em diferentes tamanhos: <span style=\"color: #d12727;\"><a style=\"color: #d12727;\" href=\"https:\/\/www.csj-emballages.com\/produit\/20-sacs-poubelles-30-litres-noirs-25-%c2%b5\/\">30 litros<\/a><\/span> \/ <span style=\"color: #d12727;\"><a style=\"color: #d12727;\" href=\"https:\/\/www.csj-emballages.com\/pt-pt\/produit\/25-sacos-de-lixo-pretos-de-50-litros-de-35-%c2%b5\/\">50 litros<\/a><\/span> \/ <span style=\"color: #d12727;\"><a style=\"color: #d12727;\" href=\"https:\/\/www.csj-emballages.com\/pt-pt\/produit\/10-sacos-de-lixo-pretos-de-65-%c2%b5-e-100-litros\/\">100 litros (65 \u00b5)<\/a><\/span> \/ <span style=\"color: #d12727;\"><a style=\"color: #d12727;\" href=\"https:\/\/www.csj-emballages.com\/pt-pt\/produit\/25-sacos-de-lixo-pretos-35-%c2%b5-de-110-litros\/\">110 litros (35 \u00b5)<\/a><\/span> \/ <span style=\"color: #d12727;\"><a style=\"color: #d12727;\" href=\"https:\/\/www.csj-emballages.com\/pt-pt\/produit\/20-sacos-de-lixo-pretos-de-55-%c2%b5-110-litros\/\">110 litros (55 \u00b5)<\/a><\/span> \/ <span style=\"color: #d12727;\"><a style=\"color: #d12727;\" href=\"https:\/\/www.csj-emballages.com\/pt-pt\/categorie-produit\/higiene-e-manutencao\/sacos-de-lixo\/\">&#8230;<\/a><\/span><\/p>\n<p>&nbsp;<\/p>\n<p><!--more--><\/p>\n<p><a href=\"https:\/\/www.csj-emballages.com\/pt-pt\/categorie-produit\/higiene-e-manutencao\/sacos-de-lixo\/\">Consulte o resto da nossa gama de sacos de lixo <\/a><\/p>\n","protected":false},"excerpt":{"rendered":"<p>Saco de lixo Descubra o nosso saco de lixo de 100 litros preto 35 \u00b5, embalagem de 25<\/p>\n","protected":false},"featured_media":222414,"template":"","meta":{"_acf_changed":false},"product_brand":[],"product_cat":[1222,1874],"product_tag":[],"class_list":{"0":"post-23713","1":"product","2":"type-product","3":"status-publish","4":"has-post-thumbnail","6":"product_cat-higiene-e-manutencao","7":"product_cat-sacos-de-lixo","9":"first","10":"instock","11":"taxable","12":"shipping-taxable","13":"purchasable","14":"product-type-simple"},"acf":[],"yoast_head":"<!-- This site is optimized with the Yoast SEO Premium plugin v26.6 (Yoast SEO v26.6) - https:\/\/yoast.com\/wordpress\/plugins\/seo\/ -->\n<title>Saco de Lixo 100 Litros Preto 35 \u00b5 por 25<\/title>\n<meta name=\"description\" content=\"Sacos de lixo 100 litros pretos 35 microns vendidos por 25. Resistentes e pr\u00e1ticos, ideais para uso profissional e res\u00edduos volumosos.\" \/>\n<meta name=\"robots\" content=\"index, follow, max-snippet:-1, max-image-preview:large, max-video-preview:-1\" \/>\n<link rel=\"canonical\" href=\"https:\/\/www.csj-emballages.com\/pt-pt\/produit\/25-preto-35-%c2%b5-sacos-de-lixo-de-100-litros\/\" \/>\n<meta property=\"og:locale\" content=\"pt_PT\" \/>\n<meta property=\"og:type\" content=\"article\" \/>\n<meta property=\"og:title\" content=\"Saco de lixo 100 litros preto 35 \u00b5 por 25\" \/>\n<meta property=\"og:description\" content=\"Sacos de lixo 100 litros pretos 35 microns vendidos por 25. Resistentes e pr\u00e1ticos, ideais para uso profissional e res\u00edduos volumosos.\" \/>\n<meta property=\"og:url\" content=\"https:\/\/www.csj-emballages.com\/pt-pt\/produit\/25-preto-35-%c2%b5-sacos-de-lixo-de-100-litros\/\" \/>\n<meta property=\"og:site_name\" content=\"CSJ Emballages\" \/>\n<meta property=\"article:publisher\" content=\"https:\/\/www.facebook.com\/csjemballages\" \/>\n<meta property=\"article:modified_time\" content=\"2026-04-24T00:16:28+00:00\" \/>\n<meta property=\"og:image\" content=\"https:\/\/www.csj-emballages.com\/wp-content\/uploads\/2024\/03\/Sac-housse.webp\" \/>\n\t<meta property=\"og:image:width\" content=\"800\" \/>\n\t<meta property=\"og:image:height\" content=\"800\" \/>\n\t<meta property=\"og:image:type\" content=\"image\/webp\" \/>\n<meta name=\"twitter:card\" content=\"summary_large_image\" \/>\n<meta name=\"twitter:label1\" content=\"Tempo estimado de leitura\" \/>\n\t<meta name=\"twitter:data1\" content=\"2 minutos\" \/>\n<script type=\"application\/ld+json\" class=\"yoast-schema-graph\">{\"@context\":\"https:\/\/schema.org\",\"@graph\":[{\"@type\":\"WebPage\",\"@id\":\"https:\/\/www.csj-emballages.com\/pt-pt\/produit\/25-preto-35-%c2%b5-sacos-de-lixo-de-100-litros\/\",\"url\":\"https:\/\/www.csj-emballages.com\/pt-pt\/produit\/25-preto-35-%c2%b5-sacos-de-lixo-de-100-litros\/\",\"name\":\"Saco de Lixo 100 Litros Preto 35 \u00b5 por 25\",\"isPartOf\":{\"@id\":\"https:\/\/www.csj-emballages.com\/pt-pt\/#website\"},\"primaryImageOfPage\":{\"@id\":\"https:\/\/www.csj-emballages.com\/pt-pt\/produit\/25-preto-35-%c2%b5-sacos-de-lixo-de-100-litros\/#primaryimage\"},\"image\":{\"@id\":\"https:\/\/www.csj-emballages.com\/pt-pt\/produit\/25-preto-35-%c2%b5-sacos-de-lixo-de-100-litros\/#primaryimage\"},\"thumbnailUrl\":\"https:\/\/www.csj-emballages.com\/wp-content\/uploads\/2024\/03\/Sac-housse.webp\",\"datePublished\":\"2024-03-01T15:49:08+00:00\",\"dateModified\":\"2026-04-24T00:16:28+00:00\",\"description\":\"Sacos de lixo 100 litros pretos 35 microns vendidos por 25. Resistentes e pr\u00e1ticos, ideais para uso profissional e res\u00edduos volumosos.\",\"breadcrumb\":{\"@id\":\"https:\/\/www.csj-emballages.com\/pt-pt\/produit\/25-preto-35-%c2%b5-sacos-de-lixo-de-100-litros\/#breadcrumb\"},\"inLanguage\":\"pt-PT\",\"potentialAction\":[{\"@type\":\"ReadAction\",\"target\":[\"https:\/\/www.csj-emballages.com\/pt-pt\/produit\/25-preto-35-%c2%b5-sacos-de-lixo-de-100-litros\/\"]}]},{\"@type\":\"ImageObject\",\"inLanguage\":\"pt-PT\",\"@id\":\"https:\/\/www.csj-emballages.com\/pt-pt\/produit\/25-preto-35-%c2%b5-sacos-de-lixo-de-100-litros\/#primaryimage\",\"url\":\"https:\/\/www.csj-emballages.com\/wp-content\/uploads\/2024\/03\/Sac-housse.webp\",\"contentUrl\":\"https:\/\/www.csj-emballages.com\/wp-content\/uploads\/2024\/03\/Sac-housse.webp\",\"width\":800,\"height\":800,\"caption\":\"Sac poubelle\"},{\"@type\":\"BreadcrumbList\",\"@id\":\"https:\/\/www.csj-emballages.com\/pt-pt\/produit\/25-preto-35-%c2%b5-sacos-de-lixo-de-100-litros\/#breadcrumb\",\"itemListElement\":[{\"@type\":\"ListItem\",\"position\":1,\"name\":\"Acolhimento\",\"item\":\"https:\/\/www.csj-emballages.com\/pt-pt\/universo-das-embalagens-alimentares\/\"},{\"@type\":\"ListItem\",\"position\":2,\"name\":\"Shop\",\"item\":\"https:\/\/www.csj-emballages.com\/shop\/\"},{\"@type\":\"ListItem\",\"position\":3,\"name\":\"Saco de lixo 100 litros preto 35 \u00b5 por 25\"}]},{\"@type\":\"WebSite\",\"@id\":\"https:\/\/www.csj-emballages.com\/pt-pt\/#website\",\"url\":\"https:\/\/www.csj-emballages.com\/pt-pt\/\",\"name\":\"CSJ Emballages\",\"description\":\"\",\"publisher\":{\"@id\":\"https:\/\/www.csj-emballages.com\/pt-pt\/#organization\"},\"potentialAction\":[{\"@type\":\"SearchAction\",\"target\":{\"@type\":\"EntryPoint\",\"urlTemplate\":\"https:\/\/www.csj-emballages.com\/pt-pt\/?s={search_term_string}\"},\"query-input\":{\"@type\":\"PropertyValueSpecification\",\"valueRequired\":true,\"valueName\":\"search_term_string\"}}],\"inLanguage\":\"pt-PT\"},{\"@type\":\"Organization\",\"@id\":\"https:\/\/www.csj-emballages.com\/pt-pt\/#Organization\/\",\"name\":\"CSJ Emballages\",\"url\":\"https:\/\/www.csj-emballages.com\/pt-pt\/\",\"logo\":{\"@type\":\"ImageObject\",\"inLanguage\":\"pt-PT\",\"@id\":\"https:\/\/www.csj-emballages.com\/pt-pt\/#\/schema\/logo\/image\/\",\"url\":\"https:\/\/www.csj-emballages.com\/wp-content\/uploads\/2023\/10\/logo_csj.webp\",\"contentUrl\":\"https:\/\/www.csj-emballages.com\/wp-content\/uploads\/2023\/10\/logo_csj.webp\",\"width\":250,\"height\":95,\"caption\":\"CSJ Emballages\"},\"image\":{\"@id\":\"https:\/\/www.csj-emballages.com\/pt-pt\/#\/schema\/logo\/image\/\"},\"sameAs\":[\"https:\/\/www.facebook.com\/csjemballages\"],\"address\":{\"@type\":\"PostalAddress\",\"streetAddress\":\"ZI La Lechere\",\"addressLocality\":\"Patornay\",\"postalCode\":\"39130\",\"addressCountry\":\"FR\"},\"contactPoint\":[{\"@type\":\"ContactPoint\",\"contactType\":\"Service client\",\"telephone\":\"0384254272\",\"email\":\"contact@csj-emballages.com\"}]}]}<\/script>\n<!-- \/ Yoast SEO Premium plugin. -->","yoast_head_json":{"title":"Saco de Lixo 100 Litros Preto 35 \u00b5 por 25","description":"Sacos de lixo 100 litros pretos 35 microns vendidos por 25. Resistentes e pr\u00e1ticos, ideais para uso profissional e res\u00edduos volumosos.","robots":{"index":"index","follow":"follow","max-snippet":"max-snippet:-1","max-image-preview":"max-image-preview:large","max-video-preview":"max-video-preview:-1"},"canonical":"https:\/\/www.csj-emballages.com\/pt-pt\/produit\/25-preto-35-%c2%b5-sacos-de-lixo-de-100-litros\/","og_locale":"pt_PT","og_type":"article","og_title":"Saco de lixo 100 litros preto 35 \u00b5 por 25","og_description":"Sacos de lixo 100 litros pretos 35 microns vendidos por 25. Resistentes e pr\u00e1ticos, ideais para uso profissional e res\u00edduos volumosos.","og_url":"https:\/\/www.csj-emballages.com\/pt-pt\/produit\/25-preto-35-%c2%b5-sacos-de-lixo-de-100-litros\/","og_site_name":"CSJ Emballages","article_publisher":"https:\/\/www.facebook.com\/csjemballages","article_modified_time":"2026-04-24T00:16:28+00:00","og_image":[{"width":800,"height":800,"url":"https:\/\/www.csj-emballages.com\/wp-content\/uploads\/2024\/03\/Sac-housse.webp","type":"image\/webp"}],"twitter_card":"summary_large_image","twitter_misc":{"Tempo estimado de leitura":"2 minutos"},"schema":{"@context":"https:\/\/schema.org","@graph":[{"@type":"WebPage","@id":"https:\/\/www.csj-emballages.com\/pt-pt\/produit\/25-preto-35-%c2%b5-sacos-de-lixo-de-100-litros\/","url":"https:\/\/www.csj-emballages.com\/pt-pt\/produit\/25-preto-35-%c2%b5-sacos-de-lixo-de-100-litros\/","name":"Saco de Lixo 100 Litros Preto 35 \u00b5 por 25","isPartOf":{"@id":"https:\/\/www.csj-emballages.com\/pt-pt\/#website"},"primaryImageOfPage":{"@id":"https:\/\/www.csj-emballages.com\/pt-pt\/produit\/25-preto-35-%c2%b5-sacos-de-lixo-de-100-litros\/#primaryimage"},"image":{"@id":"https:\/\/www.csj-emballages.com\/pt-pt\/produit\/25-preto-35-%c2%b5-sacos-de-lixo-de-100-litros\/#primaryimage"},"thumbnailUrl":"https:\/\/www.csj-emballages.com\/wp-content\/uploads\/2024\/03\/Sac-housse.webp","datePublished":"2024-03-01T15:49:08+00:00","dateModified":"2026-04-24T00:16:28+00:00","description":"Sacos de lixo 100 litros pretos 35 microns vendidos por 25. Resistentes e pr\u00e1ticos, ideais para uso profissional e res\u00edduos volumosos.","breadcrumb":{"@id":"https:\/\/www.csj-emballages.com\/pt-pt\/produit\/25-preto-35-%c2%b5-sacos-de-lixo-de-100-litros\/#breadcrumb"},"inLanguage":"pt-PT","potentialAction":[{"@type":"ReadAction","target":["https:\/\/www.csj-emballages.com\/pt-pt\/produit\/25-preto-35-%c2%b5-sacos-de-lixo-de-100-litros\/"]}]},{"@type":"ImageObject","inLanguage":"pt-PT","@id":"https:\/\/www.csj-emballages.com\/pt-pt\/produit\/25-preto-35-%c2%b5-sacos-de-lixo-de-100-litros\/#primaryimage","url":"https:\/\/www.csj-emballages.com\/wp-content\/uploads\/2024\/03\/Sac-housse.webp","contentUrl":"https:\/\/www.csj-emballages.com\/wp-content\/uploads\/2024\/03\/Sac-housse.webp","width":800,"height":800,"caption":"Sac poubelle"},{"@type":"BreadcrumbList","@id":"https:\/\/www.csj-emballages.com\/pt-pt\/produit\/25-preto-35-%c2%b5-sacos-de-lixo-de-100-litros\/#breadcrumb","itemListElement":[{"@type":"ListItem","position":1,"name":"Acolhimento","item":"https:\/\/www.csj-emballages.com\/pt-pt\/universo-das-embalagens-alimentares\/"},{"@type":"ListItem","position":2,"name":"Shop","item":"https:\/\/www.csj-emballages.com\/shop\/"},{"@type":"ListItem","position":3,"name":"Saco de lixo 100 litros preto 35 \u00b5 por 25"}]},{"@type":"WebSite","@id":"https:\/\/www.csj-emballages.com\/pt-pt\/#website","url":"https:\/\/www.csj-emballages.com\/pt-pt\/","name":"CSJ Emballages","description":"","publisher":{"@id":"https:\/\/www.csj-emballages.com\/pt-pt\/#organization"},"potentialAction":[{"@type":"SearchAction","target":{"@type":"EntryPoint","urlTemplate":"https:\/\/www.csj-emballages.com\/pt-pt\/?s={search_term_string}"},"query-input":{"@type":"PropertyValueSpecification","valueRequired":true,"valueName":"search_term_string"}}],"inLanguage":"pt-PT"},{"@type":"Organization","@id":"https:\/\/www.csj-emballages.com\/pt-pt\/#Organization\/","name":"CSJ Emballages","url":"https:\/\/www.csj-emballages.com\/pt-pt\/","logo":{"@type":"ImageObject","inLanguage":"pt-PT","@id":"https:\/\/www.csj-emballages.com\/pt-pt\/#\/schema\/logo\/image\/","url":"https:\/\/www.csj-emballages.com\/wp-content\/uploads\/2023\/10\/logo_csj.webp","contentUrl":"https:\/\/www.csj-emballages.com\/wp-content\/uploads\/2023\/10\/logo_csj.webp","width":250,"height":95,"caption":"CSJ Emballages"},"image":{"@id":"https:\/\/www.csj-emballages.com\/pt-pt\/#\/schema\/logo\/image\/"},"sameAs":["https:\/\/www.facebook.com\/csjemballages"],"address":{"@type":"PostalAddress","streetAddress":"ZI La Lechere","addressLocality":"Patornay","postalCode":"39130","addressCountry":"FR"},"contactPoint":[{"@type":"ContactPoint","contactType":"Service client","telephone":"0384254272","email":"contact@csj-emballages.com"}]}]}},"df_price":3.13,"df_sale_price":"","df_regular_price":3.13,"df_image_link":"https:\/\/www.csj-emballages.com\/wp-content\/uploads\/2024\/03\/Sac-housse-300x300.webp","tiered_pricing_type":"fixed","tiered_pricing_fixed_rules":[],"tiered_pricing_percentage_rules":[],"tiered_pricing_minimum":1,"tiered_pricing_roles_data":[],"_links":{"self":[{"href":"https:\/\/www.csj-emballages.com\/pt-pt\/wp-json\/wp\/v2\/product\/23713","targetHints":{"allow":["GET"]}}],"collection":[{"href":"https:\/\/www.csj-emballages.com\/pt-pt\/wp-json\/wp\/v2\/product"}],"about":[{"href":"https:\/\/www.csj-emballages.com\/pt-pt\/wp-json\/wp\/v2\/types\/product"}],"wp:featuredmedia":[{"embeddable":true,"href":"https:\/\/www.csj-emballages.com\/pt-pt\/wp-json\/wp\/v2\/media\/222414"}],"wp:attachment":[{"href":"https:\/\/www.csj-emballages.com\/pt-pt\/wp-json\/wp\/v2\/media?parent=23713"}],"wp:term":[{"taxonomy":"product_brand","embeddable":true,"href":"https:\/\/www.csj-emballages.com\/pt-pt\/wp-json\/wp\/v2\/product_brand?post=23713"},{"taxonomy":"product_cat","embeddable":true,"href":"https:\/\/www.csj-emballages.com\/pt-pt\/wp-json\/wp\/v2\/product_cat?post=23713"},{"taxonomy":"product_tag","embeddable":true,"href":"https:\/\/www.csj-emballages.com\/pt-pt\/wp-json\/wp\/v2\/product_tag?post=23713"}],"curies":[{"name":"wp","href":"https:\/\/api.w.org\/{rel}","templated":true}]}}