{"id":23694,"date":"2024-03-01T16:49:09","date_gmt":"2024-03-01T15:49:09","guid":{"rendered":"https:\/\/u15jnbdpoq.preview.infomaniak.website\/produit\/50-tacas-de-salada-descartaveis-com-tampas-de-plastico-destacaveis-750-ml\/"},"modified":"2026-03-31T02:17:50","modified_gmt":"2026-03-31T00:17:50","slug":"50-tacas-de-salada-descartaveis-com-tampas-de-plastico-destacaveis-750-ml","status":"publish","type":"product","link":"https:\/\/www.csj-emballages.com\/pt-pt\/produit\/50-tacas-de-salada-descartaveis-com-tampas-de-plastico-destacaveis-750-ml\/","title":{"rendered":"75 ta\u00e7as de salada com tampa de pl\u00e1stico destac\u00e1vel 750 ml"},"content":{"rendered":"<h2><span style=\"font-weight: bold;text-decoration: underline\">Saladeiras descart\u00e1veis com tampa de pl\u00e1stico destac\u00e1vel 750 ml<\/span><\/h2>\n<p>&nbsp;<\/p>\n<p style=\"font-family: Roboto, sans-serif;margin: 0pt\"><span> <\/span><\/p>\n<p style=\"font-family: Roboto, sans-serif;margin: 0pt\"><span> <span style=\"font-weight: bold;text-decoration: underline\">Descri\u00e7\u00e3o :<\/span><\/span><\/p>\n<p style=\"font-family: Roboto, sans-serif;margin: 0pt\"><span> <\/span><\/p>\n<p style=\"font-family: Roboto, sans-serif;margin: 0pt\"><span>Descobre as nossas saladeiras de pl\u00e1stico descart\u00e1veis de 750 ml.<\/span><\/p>\n<p style=\"font-family: Roboto, sans-serif;margin: 0pt\"><span> <\/span><\/p>\n<p style=\"font-family: Roboto, sans-serif;margin: 0pt\"><span>Saladeiras de pl\u00e1stico transl\u00facido descart\u00e1veis com tampa destac\u00e1vel, utilizadas principalmente em restaurantes de fast food, mas tamb\u00e9m por retalhistas.<\/span><\/p>\n<p style=\"font-family: Roboto, sans-serif;margin: 0pt\"><span>Estas ta\u00e7as descart\u00e1veis s\u00e3o ideais para expor as tuas saladas mistas, tabule, azeitonas e muito mais&#8230;<\/span><\/p>\n<p style=\"font-family: Roboto, sans-serif;margin: 0pt\"><span>Estas ta\u00e7as t\u00eam a particularidade de serem empilhadas umas sobre as outras com uma tampa destac\u00e1vel.<\/span><\/p>\n<p style=\"font-family: Roboto, sans-serif;margin: 0pt\"><span>Estas ta\u00e7as n\u00e3o podem ser utilizadas entre determinadas temperaturas.<\/span><\/p>\n<p style=\"font-family: Roboto, sans-serif;margin: 0pt\"><span> <span>Temperatura: -40\u00b0C \/ +60\u00b0C<\/span><\/span><\/p>\n<p style=\"font-family: Roboto, sans-serif;margin: 0pt\"><span style=\"font-weight: bold;text-decoration: underline\"> <\/span><\/p>\n<p style=\"font-family: Roboto, sans-serif;margin: 0pt\"><span style=\"font-weight: bold;text-decoration: underline\">Caracter\u00edsticas das saladeiras descart\u00e1veis com tampa articulada :<\/span><\/p>\n<p style=\"font-family: Roboto, sans-serif;margin: 0pt\"><span> <\/span><\/p>\n<ul style=\"font-family: Roboto, sans-serif\">\n<li><span>Vendido a particulares \/ profissionais<\/span><\/li>\n<li><span><span style=\"font-weight: bold;text-decoration: underline\">Dimens\u00f5es<\/span>: 172 x 94 (\u00d8 x H em mm)<\/span><\/li>\n<li><span><span style=\"font-weight: bold;text-decoration: underline\">Volume<\/span>: 750 ml<\/span><\/li>\n<li><span><span style=\"font-weight: bold;text-decoration: underline\">Embalagem<\/span>: pacotes de 50 tigelas descart\u00e1veis<\/span><\/li>\n<li><span>Embalado em pel\u00edcula protetora para melhor armazenamento e prote\u00e7\u00e3o.<\/span><\/li>\n<li><span><span style=\"font-weight: bold;text-decoration: underline\">Material<\/span>: Polietileno<\/span><\/li>\n<\/ul>\n<p style=\"font-family: Roboto, sans-serif;margin: 0pt\"><span> <\/span><\/p>\n<h2 style=\"font-family: Roboto, sans-serif\"><span style=\"font-weight: bold\">Escolhe j\u00e1 as saladeiras de pl\u00e1stico descart\u00e1veis!<\/span><\/h2>\n","protected":false},"excerpt":{"rendered":"<p>Saladeiras descart\u00e1veis com tampa de pl\u00e1stico destac\u00e1vel 750 ml &nbsp; Descri\u00e7\u00e3o : Descobre as nossas saladeiras de pl\u00e1stico descart\u00e1veis de 750 ml. Saladeiras de pl\u00e1stico transl\u00facido descart\u00e1veis com tampa destac\u00e1vel, utilizadas principalmente em restaurantes de fast food, mas tamb\u00e9m por retalhistas. Estas ta\u00e7as descart\u00e1veis s\u00e3o ideais para expor as tuas saladas mistas, tabule, azeitonas e [&hellip;]<\/p>\n","protected":false},"featured_media":14408,"template":"","meta":{"_acf_changed":false},"product_brand":[],"product_cat":[1176,1525,3521,1138,3528],"product_tag":[],"class_list":{"0":"post-23694","1":"product","2":"type-product","3":"status-publish","4":"has-post-thumbnail","6":"product_cat-talho-e-charcutaria","7":"product_cat-tabuleiros-latas-frascos-para-alimentos","8":"product_cat-saladeiras-com-tampa-articulada","9":"product_cat-restauracao","10":"product_cat-tigelas-de-salada-pt-pt","12":"first","13":"outofstock","14":"taxable","15":"shipping-taxable","16":"purchasable","17":"product-type-simple"},"acf":[],"yoast_head":"<!-- This site is optimized with the Yoast SEO Premium plugin v26.6 (Yoast SEO v26.6) - https:\/\/yoast.com\/wordpress\/plugins\/seo\/ -->\n<title>50 Saladeiras Descart\u00e1veis com Tampa Pl\u00e1stica 750ml \/ csj-emballages.com<\/title>\n<meta name=\"description\" content=\"Compra ta\u00e7as de pl\u00e1stico descart\u00e1veis para saladas com tampa destac\u00e1vel 75 cl! Oferecemos-te um pacote de 50 frascos de pl\u00e1stico descart\u00e1veis a pre\u00e7os de DESCONTO.\" \/>\n<meta name=\"robots\" content=\"index, follow, max-snippet:-1, max-image-preview:large, max-video-preview:-1\" \/>\n<link rel=\"canonical\" href=\"https:\/\/www.csj-emballages.com\/pt-pt\/produit\/50-tacas-de-salada-descartaveis-com-tampas-de-plastico-destacaveis-750-ml\/\" \/>\n<meta property=\"og:locale\" content=\"pt_PT\" \/>\n<meta property=\"og:type\" content=\"article\" \/>\n<meta property=\"og:title\" content=\"75 ta\u00e7as de salada com tampa de pl\u00e1stico destac\u00e1vel 750 ml\" \/>\n<meta property=\"og:description\" content=\"Compra ta\u00e7as de pl\u00e1stico descart\u00e1veis para saladas com tampa destac\u00e1vel 75 cl! Oferecemos-te um pacote de 50 frascos de pl\u00e1stico descart\u00e1veis a pre\u00e7os de DESCONTO.\" \/>\n<meta property=\"og:url\" content=\"https:\/\/www.csj-emballages.com\/pt-pt\/produit\/50-tacas-de-salada-descartaveis-com-tampas-de-plastico-destacaveis-750-ml\/\" \/>\n<meta property=\"og:site_name\" content=\"CSJ Emballages\" \/>\n<meta property=\"article:publisher\" content=\"https:\/\/www.facebook.com\/csjemballages\" \/>\n<meta property=\"article:modified_time\" content=\"2026-03-31T00:17:50+00:00\" \/>\n<meta property=\"og:image\" content=\"https:\/\/www.csj-emballages.com\/wp-content\/uploads\/2024\/03\/Capture-decran-2024-03-29-a-12.02.34-e1711710281248.png\" \/>\n\t<meta property=\"og:image:width\" content=\"300\" \/>\n\t<meta property=\"og:image:height\" content=\"300\" \/>\n\t<meta property=\"og:image:type\" content=\"image\/png\" \/>\n<meta name=\"twitter:card\" content=\"summary_large_image\" \/>\n<meta name=\"twitter:label1\" content=\"Tempo estimado de leitura\" \/>\n\t<meta name=\"twitter:data1\" content=\"1 minuto\" \/>\n<script type=\"application\/ld+json\" class=\"yoast-schema-graph\">{\"@context\":\"https:\/\/schema.org\",\"@graph\":[{\"@type\":\"WebPage\",\"@id\":\"https:\/\/www.csj-emballages.com\/pt-pt\/produit\/50-tacas-de-salada-descartaveis-com-tampas-de-plastico-destacaveis-750-ml\/\",\"url\":\"https:\/\/www.csj-emballages.com\/pt-pt\/produit\/50-tacas-de-salada-descartaveis-com-tampas-de-plastico-destacaveis-750-ml\/\",\"name\":\"50 Saladeiras Descart\u00e1veis com Tampa Pl\u00e1stica 750ml \/ csj-emballages.com\",\"isPartOf\":{\"@id\":\"https:\/\/www.csj-emballages.com\/pt-pt\/#website\"},\"primaryImageOfPage\":{\"@id\":\"https:\/\/www.csj-emballages.com\/pt-pt\/produit\/50-tacas-de-salada-descartaveis-com-tampas-de-plastico-destacaveis-750-ml\/#primaryimage\"},\"image\":{\"@id\":\"https:\/\/www.csj-emballages.com\/pt-pt\/produit\/50-tacas-de-salada-descartaveis-com-tampas-de-plastico-destacaveis-750-ml\/#primaryimage\"},\"thumbnailUrl\":\"https:\/\/www.csj-emballages.com\/wp-content\/uploads\/2024\/03\/Capture-decran-2024-03-29-a-12.02.34-e1711710281248.png\",\"datePublished\":\"2024-03-01T15:49:09+00:00\",\"dateModified\":\"2026-03-31T00:17:50+00:00\",\"description\":\"Compra ta\u00e7as de pl\u00e1stico descart\u00e1veis para saladas com tampa destac\u00e1vel 75 cl! Oferecemos-te um pacote de 50 frascos de pl\u00e1stico descart\u00e1veis a pre\u00e7os de DESCONTO.\",\"breadcrumb\":{\"@id\":\"https:\/\/www.csj-emballages.com\/pt-pt\/produit\/50-tacas-de-salada-descartaveis-com-tampas-de-plastico-destacaveis-750-ml\/#breadcrumb\"},\"inLanguage\":\"pt-PT\",\"potentialAction\":[{\"@type\":\"ReadAction\",\"target\":[\"https:\/\/www.csj-emballages.com\/pt-pt\/produit\/50-tacas-de-salada-descartaveis-com-tampas-de-plastico-destacaveis-750-ml\/\"]}]},{\"@type\":\"ImageObject\",\"inLanguage\":\"pt-PT\",\"@id\":\"https:\/\/www.csj-emballages.com\/pt-pt\/produit\/50-tacas-de-salada-descartaveis-com-tampas-de-plastico-destacaveis-750-ml\/#primaryimage\",\"url\":\"https:\/\/www.csj-emballages.com\/wp-content\/uploads\/2024\/03\/Capture-decran-2024-03-29-a-12.02.34-e1711710281248.png\",\"contentUrl\":\"https:\/\/www.csj-emballages.com\/wp-content\/uploads\/2024\/03\/Capture-decran-2024-03-29-a-12.02.34-e1711710281248.png\",\"width\":300,\"height\":300},{\"@type\":\"BreadcrumbList\",\"@id\":\"https:\/\/www.csj-emballages.com\/pt-pt\/produit\/50-tacas-de-salada-descartaveis-com-tampas-de-plastico-destacaveis-750-ml\/#breadcrumb\",\"itemListElement\":[{\"@type\":\"ListItem\",\"position\":1,\"name\":\"Acolhimento\",\"item\":\"https:\/\/www.csj-emballages.com\/pt-pt\/universo-das-embalagens-alimentares\/\"},{\"@type\":\"ListItem\",\"position\":2,\"name\":\"Shop\",\"item\":\"https:\/\/www.csj-emballages.com\/shop\/\"},{\"@type\":\"ListItem\",\"position\":3,\"name\":\"75 ta\u00e7as de salada com tampa de pl\u00e1stico destac\u00e1vel 750 ml\"}]},{\"@type\":\"WebSite\",\"@id\":\"https:\/\/www.csj-emballages.com\/pt-pt\/#website\",\"url\":\"https:\/\/www.csj-emballages.com\/pt-pt\/\",\"name\":\"CSJ Emballages\",\"description\":\"\",\"publisher\":{\"@id\":\"https:\/\/www.csj-emballages.com\/pt-pt\/#organization\"},\"potentialAction\":[{\"@type\":\"SearchAction\",\"target\":{\"@type\":\"EntryPoint\",\"urlTemplate\":\"https:\/\/www.csj-emballages.com\/pt-pt\/?s={search_term_string}\"},\"query-input\":{\"@type\":\"PropertyValueSpecification\",\"valueRequired\":true,\"valueName\":\"search_term_string\"}}],\"inLanguage\":\"pt-PT\"},{\"@type\":\"Organization\",\"@id\":\"https:\/\/www.csj-emballages.com\/pt-pt\/#Organization\/\",\"name\":\"CSJ Emballages\",\"url\":\"https:\/\/www.csj-emballages.com\/pt-pt\/\",\"logo\":{\"@type\":\"ImageObject\",\"inLanguage\":\"pt-PT\",\"@id\":\"https:\/\/www.csj-emballages.com\/pt-pt\/#\/schema\/logo\/image\/\",\"url\":\"https:\/\/www.csj-emballages.com\/wp-content\/uploads\/2023\/10\/logo_csj.webp\",\"contentUrl\":\"https:\/\/www.csj-emballages.com\/wp-content\/uploads\/2023\/10\/logo_csj.webp\",\"width\":250,\"height\":95,\"caption\":\"CSJ Emballages\"},\"image\":{\"@id\":\"https:\/\/www.csj-emballages.com\/pt-pt\/#\/schema\/logo\/image\/\"},\"sameAs\":[\"https:\/\/www.facebook.com\/csjemballages\"],\"address\":{\"@type\":\"PostalAddress\",\"streetAddress\":\"ZI La Lechere\",\"addressLocality\":\"Patornay\",\"postalCode\":\"39130\",\"addressCountry\":\"FR\"},\"contactPoint\":[{\"@type\":\"ContactPoint\",\"contactType\":\"Service client\",\"telephone\":\"0384254272\",\"email\":\"contact@csj-emballages.com\"}]}]}<\/script>\n<!-- \/ Yoast SEO Premium plugin. -->","yoast_head_json":{"title":"50 Saladeiras Descart\u00e1veis com Tampa Pl\u00e1stica 750ml \/ csj-emballages.com","description":"Compra ta\u00e7as de pl\u00e1stico descart\u00e1veis para saladas com tampa destac\u00e1vel 75 cl! Oferecemos-te um pacote de 50 frascos de pl\u00e1stico descart\u00e1veis a pre\u00e7os de DESCONTO.","robots":{"index":"index","follow":"follow","max-snippet":"max-snippet:-1","max-image-preview":"max-image-preview:large","max-video-preview":"max-video-preview:-1"},"canonical":"https:\/\/www.csj-emballages.com\/pt-pt\/produit\/50-tacas-de-salada-descartaveis-com-tampas-de-plastico-destacaveis-750-ml\/","og_locale":"pt_PT","og_type":"article","og_title":"75 ta\u00e7as de salada com tampa de pl\u00e1stico destac\u00e1vel 750 ml","og_description":"Compra ta\u00e7as de pl\u00e1stico descart\u00e1veis para saladas com tampa destac\u00e1vel 75 cl! Oferecemos-te um pacote de 50 frascos de pl\u00e1stico descart\u00e1veis a pre\u00e7os de DESCONTO.","og_url":"https:\/\/www.csj-emballages.com\/pt-pt\/produit\/50-tacas-de-salada-descartaveis-com-tampas-de-plastico-destacaveis-750-ml\/","og_site_name":"CSJ Emballages","article_publisher":"https:\/\/www.facebook.com\/csjemballages","article_modified_time":"2026-03-31T00:17:50+00:00","og_image":[{"width":300,"height":300,"url":"https:\/\/www.csj-emballages.com\/wp-content\/uploads\/2024\/03\/Capture-decran-2024-03-29-a-12.02.34-e1711710281248.png","type":"image\/png"}],"twitter_card":"summary_large_image","twitter_misc":{"Tempo estimado de leitura":"1 minuto"},"schema":{"@context":"https:\/\/schema.org","@graph":[{"@type":"WebPage","@id":"https:\/\/www.csj-emballages.com\/pt-pt\/produit\/50-tacas-de-salada-descartaveis-com-tampas-de-plastico-destacaveis-750-ml\/","url":"https:\/\/www.csj-emballages.com\/pt-pt\/produit\/50-tacas-de-salada-descartaveis-com-tampas-de-plastico-destacaveis-750-ml\/","name":"50 Saladeiras Descart\u00e1veis com Tampa Pl\u00e1stica 750ml \/ csj-emballages.com","isPartOf":{"@id":"https:\/\/www.csj-emballages.com\/pt-pt\/#website"},"primaryImageOfPage":{"@id":"https:\/\/www.csj-emballages.com\/pt-pt\/produit\/50-tacas-de-salada-descartaveis-com-tampas-de-plastico-destacaveis-750-ml\/#primaryimage"},"image":{"@id":"https:\/\/www.csj-emballages.com\/pt-pt\/produit\/50-tacas-de-salada-descartaveis-com-tampas-de-plastico-destacaveis-750-ml\/#primaryimage"},"thumbnailUrl":"https:\/\/www.csj-emballages.com\/wp-content\/uploads\/2024\/03\/Capture-decran-2024-03-29-a-12.02.34-e1711710281248.png","datePublished":"2024-03-01T15:49:09+00:00","dateModified":"2026-03-31T00:17:50+00:00","description":"Compra ta\u00e7as de pl\u00e1stico descart\u00e1veis para saladas com tampa destac\u00e1vel 75 cl! Oferecemos-te um pacote de 50 frascos de pl\u00e1stico descart\u00e1veis a pre\u00e7os de DESCONTO.","breadcrumb":{"@id":"https:\/\/www.csj-emballages.com\/pt-pt\/produit\/50-tacas-de-salada-descartaveis-com-tampas-de-plastico-destacaveis-750-ml\/#breadcrumb"},"inLanguage":"pt-PT","potentialAction":[{"@type":"ReadAction","target":["https:\/\/www.csj-emballages.com\/pt-pt\/produit\/50-tacas-de-salada-descartaveis-com-tampas-de-plastico-destacaveis-750-ml\/"]}]},{"@type":"ImageObject","inLanguage":"pt-PT","@id":"https:\/\/www.csj-emballages.com\/pt-pt\/produit\/50-tacas-de-salada-descartaveis-com-tampas-de-plastico-destacaveis-750-ml\/#primaryimage","url":"https:\/\/www.csj-emballages.com\/wp-content\/uploads\/2024\/03\/Capture-decran-2024-03-29-a-12.02.34-e1711710281248.png","contentUrl":"https:\/\/www.csj-emballages.com\/wp-content\/uploads\/2024\/03\/Capture-decran-2024-03-29-a-12.02.34-e1711710281248.png","width":300,"height":300},{"@type":"BreadcrumbList","@id":"https:\/\/www.csj-emballages.com\/pt-pt\/produit\/50-tacas-de-salada-descartaveis-com-tampas-de-plastico-destacaveis-750-ml\/#breadcrumb","itemListElement":[{"@type":"ListItem","position":1,"name":"Acolhimento","item":"https:\/\/www.csj-emballages.com\/pt-pt\/universo-das-embalagens-alimentares\/"},{"@type":"ListItem","position":2,"name":"Shop","item":"https:\/\/www.csj-emballages.com\/shop\/"},{"@type":"ListItem","position":3,"name":"75 ta\u00e7as de salada com tampa de pl\u00e1stico destac\u00e1vel 750 ml"}]},{"@type":"WebSite","@id":"https:\/\/www.csj-emballages.com\/pt-pt\/#website","url":"https:\/\/www.csj-emballages.com\/pt-pt\/","name":"CSJ Emballages","description":"","publisher":{"@id":"https:\/\/www.csj-emballages.com\/pt-pt\/#organization"},"potentialAction":[{"@type":"SearchAction","target":{"@type":"EntryPoint","urlTemplate":"https:\/\/www.csj-emballages.com\/pt-pt\/?s={search_term_string}"},"query-input":{"@type":"PropertyValueSpecification","valueRequired":true,"valueName":"search_term_string"}}],"inLanguage":"pt-PT"},{"@type":"Organization","@id":"https:\/\/www.csj-emballages.com\/pt-pt\/#Organization\/","name":"CSJ Emballages","url":"https:\/\/www.csj-emballages.com\/pt-pt\/","logo":{"@type":"ImageObject","inLanguage":"pt-PT","@id":"https:\/\/www.csj-emballages.com\/pt-pt\/#\/schema\/logo\/image\/","url":"https:\/\/www.csj-emballages.com\/wp-content\/uploads\/2023\/10\/logo_csj.webp","contentUrl":"https:\/\/www.csj-emballages.com\/wp-content\/uploads\/2023\/10\/logo_csj.webp","width":250,"height":95,"caption":"CSJ Emballages"},"image":{"@id":"https:\/\/www.csj-emballages.com\/pt-pt\/#\/schema\/logo\/image\/"},"sameAs":["https:\/\/www.facebook.com\/csjemballages"],"address":{"@type":"PostalAddress","streetAddress":"ZI La Lechere","addressLocality":"Patornay","postalCode":"39130","addressCountry":"FR"},"contactPoint":[{"@type":"ContactPoint","contactType":"Service client","telephone":"0384254272","email":"contact@csj-emballages.com"}]}]}},"df_price":15.66,"df_sale_price":"","df_regular_price":15.66,"df_image_link":"https:\/\/www.csj-emballages.com\/wp-content\/uploads\/2024\/03\/Capture-decran-2024-03-29-a-12.02.34-300x300.png","tiered_pricing_type":"fixed","tiered_pricing_fixed_rules":[],"tiered_pricing_percentage_rules":[],"tiered_pricing_minimum":1,"tiered_pricing_roles_data":[],"_links":{"self":[{"href":"https:\/\/www.csj-emballages.com\/pt-pt\/wp-json\/wp\/v2\/product\/23694","targetHints":{"allow":["GET"]}}],"collection":[{"href":"https:\/\/www.csj-emballages.com\/pt-pt\/wp-json\/wp\/v2\/product"}],"about":[{"href":"https:\/\/www.csj-emballages.com\/pt-pt\/wp-json\/wp\/v2\/types\/product"}],"wp:featuredmedia":[{"embeddable":true,"href":"https:\/\/www.csj-emballages.com\/pt-pt\/wp-json\/wp\/v2\/media\/14408"}],"wp:attachment":[{"href":"https:\/\/www.csj-emballages.com\/pt-pt\/wp-json\/wp\/v2\/media?parent=23694"}],"wp:term":[{"taxonomy":"product_brand","embeddable":true,"href":"https:\/\/www.csj-emballages.com\/pt-pt\/wp-json\/wp\/v2\/product_brand?post=23694"},{"taxonomy":"product_cat","embeddable":true,"href":"https:\/\/www.csj-emballages.com\/pt-pt\/wp-json\/wp\/v2\/product_cat?post=23694"},{"taxonomy":"product_tag","embeddable":true,"href":"https:\/\/www.csj-emballages.com\/pt-pt\/wp-json\/wp\/v2\/product_tag?post=23694"}],"curies":[{"name":"wp","href":"https:\/\/api.w.org\/{rel}","templated":true}]}}