{"id":23667,"date":"2024-03-01T16:49:08","date_gmt":"2024-03-01T15:49:08","guid":{"rendered":"https:\/\/u15jnbdpoq.preview.infomaniak.website\/produit\/50-frascos-de-cartao-kraft-para-massas-480-ml\/"},"modified":"2026-05-01T02:14:46","modified_gmt":"2026-05-01T00:14:46","slug":"50-frascos-de-cartao-kraft-para-massas-480-ml","status":"publish","type":"product","link":"https:\/\/www.csj-emballages.com\/pt-pt\/produit\/50-frascos-de-cartao-kraft-para-massas-480-ml\/","title":{"rendered":"Caixa de massa em cart\u00e3o 480 ml por 50"},"content":{"rendered":"<h2><span style=\"font-family: Roboto, sans-serif;\">Caixa de massas<\/span><\/h2>\n<div style=\"box-sizing: inherit; font-family: Roboto, sans-serif;\">\n<div style=\"box-sizing: inherit; font-family: Roboto, sans-serif;\">\n<div style=\"box-sizing: inherit; font-family: Roboto, sans-serif;\">\n<div style=\"box-sizing: inherit; font-family: Roboto, sans-serif;\">\n<div style=\"box-sizing: inherit; font-family: Roboto, sans-serif;\">\n<div style=\"box-sizing: inherit; font-family: Roboto, sans-serif;\">\n<div style=\"box-sizing: inherit; font-family: Roboto, sans-serif;\">\n<div style=\"box-sizing: inherit; font-family: Roboto, sans-serif;\">\n<div style=\"box-sizing: inherit; font-family: Roboto, sans-serif;\">\n<div style=\"box-sizing: inherit; font-family: Roboto, sans-serif;\">\n<div style=\"box-sizing: inherit; font-family: Roboto, sans-serif;\">\n<div style=\"box-sizing: inherit; font-family: Roboto, sans-serif;\">\n<div style=\"box-sizing: inherit; font-family: Roboto, sans-serif;\">\n<div class=\"flex flex-grow flex-col max-w-full\">\n<div class=\"min-h-[20px] text-message flex flex-col items-start whitespace-pre-wrap break-words [.text-message+&amp;]:mt-5 juice:w-full juice:items-end overflow-x-auto gap-2\" dir=\"auto\" data-message-author-role=\"assistant\" data-message-id=\"2034782e-88f9-44ef-b4dc-07dd7bf0115f\">\n<div class=\"flex w-full flex-col gap-1 juice:empty:hidden juice:first:pt-[3px]\">\n<div class=\"markdown prose w-full break-words dark:prose-invert light\">\n<div style=\"box-sizing: inherit; font-family: Roboto, sans-serif;\">\n<div style=\"box-sizing: inherit; font-family: Roboto, sans-serif;\">\n<div style=\"box-sizing: inherit; font-family: Roboto, sans-serif;\">\n<div style=\"box-sizing: inherit; font-family: Roboto, sans-serif;\">\n<div style=\"box-sizing: inherit; font-family: Roboto, sans-serif;\">\n<div style=\"box-sizing: inherit; font-family: Roboto, sans-serif;\">\n<div style=\"box-sizing: inherit; font-family: Roboto, sans-serif;\">\n<div style=\"box-sizing: inherit; font-family: Roboto, sans-serif;\">\n<div style=\"box-sizing: inherit; font-family: Roboto, sans-serif;\">\n<div style=\"text-align: center;\">\n<div style=\"box-sizing: inherit; font-family: Roboto, sans-serif;\">\n<div style=\"box-sizing: inherit; font-family: Roboto, sans-serif;\">\n<div style=\"box-sizing: inherit; font-family: Roboto, sans-serif;\">\n<div style=\"box-sizing: inherit; font-family: Roboto, sans-serif;\">\n<div style=\"box-sizing: inherit; font-family: Roboto, sans-serif;\">\n<div style=\"box-sizing: inherit; font-family: Roboto, sans-serif; text-align: left;\">\n<hr>\n<h3 style=\"text-align: left;\">Descri\u00e7\u00e3o da nossa caixa de massas em cart\u00e3o 480 ml por 50<!--more--><\/h3>\n<\/div>\n<\/div>\n<\/div>\n<\/div>\n<\/div>\n<\/div>\n<\/div>\n<\/div>\n<\/div>\n<\/div>\n<\/div>\n<\/div>\n<\/div>\n<\/div>\n<\/div>\n<\/div>\n<\/div>\n<\/div>\n<\/div>\n<\/div>\n<\/div>\n<\/div>\n<\/div>\n<\/div>\n<\/div>\n<\/div>\n<\/div>\n<\/div>\n<\/div>\n<\/div>\n<\/div>\n<\/div>\n<\/div>\n<p>A <strong>Pasta Box<\/strong> em <strong>cart\u00e3o<\/strong> de <strong>480 ml<\/strong>, vendida em conjuntos de <strong>50<\/strong>, \u00e9 a aliada ideal para os restauradores. Concebida para responder \u00e0s necessidades de transporte e apresenta\u00e7\u00e3o de pratos de massa, esta <strong>caixa para massa<\/strong> \u00e9 simultaneamente pr\u00e1tica e est\u00e9tica. Gra\u00e7as \u00e0 sua capacidade generosa de <strong>480<\/strong><strong> ml<\/strong>, comporta pequenas por\u00e7\u00f5es.<\/p>\n<p>Fabricada em cart\u00e3o resistente, esta <strong>caixa para massa<\/strong> garante uma excelente resist\u00eancia a molhos e \u00f3leos. Permite manter os pratos quentes por mais tempo, o que \u00e9 essencial para garantir uma degusta\u00e7\u00e3o ideal. Os pratos de massa, servidos nesta <strong>caixa para massa<\/strong>, conservam todo o seu sabor e textura. Gra\u00e7as a um fecho herm\u00e9tico, os alimentos mant\u00eam-se no lugar e n\u00e3o correm o risco de verter.<\/p>\n<p>&nbsp;<\/p>\n<p><!--more--><\/p>\n<h4>Porqu\u00ea utilizar a nossa <strong>caixa para massas<\/strong>?<\/h4>\n<p>A utiliza\u00e7\u00e3o desta <strong>Pasta Box<\/strong> simplifica o transporte dos pratos. Seja para servi\u00e7os de take-away ou para entregas, responde \u00e0s exig\u00eancias de praticidade e seguran\u00e7a alimentar. Al\u00e9m disso, \u00e9 fabricada em cart\u00e3o recicl\u00e1vel, oferecendo uma solu\u00e7\u00e3o ecol\u00f3gica. Assim, cada <strong>caixa para massa<\/strong> contribui para reduzir a pegada de carbono, oferecendo uma op\u00e7\u00e3o sustent\u00e1vel e respons\u00e1vel.<\/p>\n<p>Al\u00e9m disso, o seu design s\u00f3brio adapta-se facilmente a todos os estilos de restaura\u00e7\u00e3o. Quer seja um servi\u00e7o de catering, restaurador ou propriet\u00e1rio de um food truck, esta <strong>caixa para massa<\/strong> valoriza as suas cria\u00e7\u00f5es culin\u00e1rias. A sua superf\u00edcie em cart\u00e3o \u00e9 ideal para aplicar autocolantes ou log\u00f3tipos, permitindo personalizar cada <strong>caixa para massa<\/strong> e refor\u00e7ar a imagem da sua marca.<\/p>\n<p>&nbsp;<\/p>\n<p><!--more--><\/p>\n<div style=\"box-sizing: inherit; font-family: Roboto, sans-serif;\">\n<div style=\"box-sizing: inherit; font-family: Roboto, sans-serif;\">\n<div style=\"box-sizing: inherit; font-family: Roboto, sans-serif;\">\n<div style=\"box-sizing: inherit; font-family: Roboto, sans-serif;\">\n<div style=\"box-sizing: inherit; font-family: Roboto, sans-serif;\">\n<div style=\"box-sizing: inherit; font-family: Roboto, sans-serif;\">\n<div style=\"box-sizing: inherit; font-family: Roboto, sans-serif;\">\n<div style=\"box-sizing: inherit; font-family: Roboto, sans-serif;\">\n<div style=\"box-sizing: inherit; font-family: Roboto, sans-serif;\">\n<div style=\"box-sizing: inherit; font-family: Roboto, sans-serif;\">\n<div style=\"box-sizing: inherit; font-family: Roboto, sans-serif;\">\n<div style=\"box-sizing: inherit; font-family: Roboto, sans-serif;\">\n<div style=\"box-sizing: inherit; font-family: Roboto, sans-serif;\">\n<div class=\"flex flex-grow flex-col max-w-full\">\n<div class=\"min-h-[20px] text-message flex flex-col items-start whitespace-pre-wrap break-words [.text-message+&amp;]:mt-5 juice:w-full juice:items-end overflow-x-auto gap-2\" dir=\"auto\" data-message-author-role=\"assistant\" data-message-id=\"2034782e-88f9-44ef-b4dc-07dd7bf0115f\">\n<div class=\"flex w-full flex-col gap-1 juice:empty:hidden juice:first:pt-[3px]\">\n<div class=\"markdown prose w-full break-words dark:prose-invert light\">\n<div style=\"box-sizing: inherit; font-family: Roboto, sans-serif;\">\n<div style=\"box-sizing: inherit; font-family: Roboto, sans-serif;\">\n<div style=\"box-sizing: inherit; font-family: Roboto, sans-serif;\">\n<div style=\"box-sizing: inherit; font-family: Roboto, sans-serif;\">\n<div style=\"box-sizing: inherit; font-family: Roboto, sans-serif;\">\n<div style=\"box-sizing: inherit; font-family: Roboto, sans-serif;\">\n<p>A <strong>Pasta Box<\/strong> de <strong>480<\/strong><strong> ml<\/strong> \u00e9 n\u00e3o s\u00f3 pr\u00e1tica, mas tamb\u00e9m econ\u00f3mica. Vendida em conjuntos de <strong>50<\/strong>, oferece uma rela\u00e7\u00e3o qualidade-pre\u00e7o imbat\u00edvel. \u00c9 uma escolha sensata para os profissionais que pretendem controlar os seus custos sem sacrificar a qualidade. Os clientes tamb\u00e9m apreciam esta <strong>caixa para massa<\/strong>, que facilita o manuseamento e permite saborear a massa diretamente da embalagem.<\/p>\n<p>Finalmente, esta <strong>caixa para massa<\/strong> \u00e9 ideal para diversos tipos de pratos. Pode conter n\u00e3o s\u00f3 esparguete, mas tamb\u00e9m penne, raviolis e muito mais. Este formato vers\u00e1til responde \u00e0s variadas necessidades dos restauradores que pretendem oferecer uma vasta gama de pratos.<\/p>\n<p>Em suma, a <strong>Pasta Box<\/strong> em <strong>cart\u00e3o de 480 ml<\/strong> \u00e9 a escolha perfeita para qualquer profissional de restaura\u00e7\u00e3o. Dur\u00e1vel, pr\u00e1tica e esteticamente neutra, integra-se em qualquer ambiente, garantindo uma experi\u00eancia agrad\u00e1vel ao cliente. Adote agora esta <b>Pasta Box<\/b> e ofere\u00e7a aos seus clientes uma solu\u00e7\u00e3o de transporte pr\u00e1tica, ecol\u00f3gica e econ\u00f3mica.<\/p>\n<p>&nbsp;<\/p>\n<p><!--more--><\/p>\n<h4 style=\"text-align: left;\"><strong>As vantagens da nossa <\/strong>caixa para massas <strong>480<\/strong> ml por 50 <strong>:<\/strong><\/h4>\n<\/div>\n<\/div>\n<\/div>\n<\/div>\n<\/div>\n<\/div>\n<\/div>\n<\/div>\n<\/div>\n<\/div>\n<\/div>\n<\/div>\n<ul>\n<li><strong>Grande capacidade<\/strong>: Com a sua capacidade de <strong>480<\/strong> <strong>ml<\/strong>, esta <strong>forma para massas<\/strong> \u00e9 perfeita para pequenas por\u00e7\u00f5es e uma variedade de pratos.<\/li>\n<li><strong>Robusto e resistente<\/strong>: Feito de cart\u00e3o espesso, \u00e9 resistente a molhos, \u00f3leos e calor, garantindo um transporte seguro e sem fugas.<\/li>\n<li><strong>Manter quente<\/strong>: Gra\u00e7as \u00e0s suas propriedades isolantes, esta <strong>forma para massas<\/strong> mant\u00e9m os pratos quentes durante mais tempo, garantindo um prazer \u00f3timo mesmo durante a entrega.<\/li>\n<li><strong>Amigo do ambiente<\/strong>: Fabricada em cart\u00e3o recicl\u00e1vel, a Pasta <strong>Box<\/strong> \u00e9 uma solu\u00e7\u00e3o sustent\u00e1vel que ajuda os restaurantes a reduzir o seu impacto ambiental.<\/li>\n<li><strong>Fecho seguro<\/strong>: O seu design garante um fecho seguro, mantendo os alimentos no lugar e evitando que se entornem durante o transporte.<\/li>\n<\/ul>\n<p>&nbsp;<\/p>\n<p><!--more--><\/p>\n<\/div>\n<\/div>\n<\/div>\n<\/div>\n<\/div>\n<\/div>\n<\/div>\n<\/div>\n<\/div>\n<\/div>\n<\/div>\n<h4>Outras informa\u00e7\u00f5es sobre este produto:<\/h4>\n<ul style=\"box-sizing: inherit; font-family: Roboto, sans-serif;\">\n<li><strong>Embalagem<\/strong>: Pacote de 50<\/li>\n<li><b>Volume<\/b>: 480 ml<\/li>\n<li><strong>Dimens\u00f5es<\/strong>: 83 x 97 (di\u00e2metro x altura em mm)<\/li>\n<li><strong>Material<\/strong>: Cart\u00e3o<\/li>\n<\/ul>\n<p>&nbsp;<\/p>\n<p><!--more--><\/p>\n<p>Clique aqui para ver os diferentes tamanhos dispon\u00edveis para este produto: <span style=\"color: #d12727;\"><a style=\"color: #d12727;\" href=\"https:\/\/www.csj-emballages.com\/es\/produit\/50-tarros-de-pasta-de-carton-kraft-780-ml\/\">780 ml<\/a><\/span> \/ <span style=\"color: #d12727;\"><a style=\"color: #d12727;\" href=\"https:\/\/www.csj-emballages.com\/produit\/50-pots-a-pates-carton-kraft-780-ml\/\">960 ml<\/a><\/span><\/p>\n<p>&nbsp;<\/p>\n<p><!--more--><\/p>\n<p><a href=\"\/?product_cat=pot-a-pates\">Ver o resto da nossa gama de caixas para massas  <\/a><\/p>\n","protected":false},"excerpt":{"rendered":"<p>Caixa de massas Descri\u00e7\u00e3o da nossa caixa de massas em cart\u00e3o 480 ml por 50<\/p>\n","protected":false},"featured_media":164413,"template":"","meta":{"_acf_changed":false},"product_brand":[],"product_cat":[1141,1138,2409,3524],"product_tag":[],"class_list":{"0":"post-23667","1":"product","2":"type-product","3":"status-publish","4":"has-post-thumbnail","6":"product_cat-embalagem-de-alimentos","7":"product_cat-restauracao","8":"product_cat-cones-e-tachos-de-massa-envoltorio-milho","9":"product_cat-panelas-para-massas","11":"first","12":"instock","13":"featured","14":"taxable","15":"shipping-taxable","16":"purchasable","17":"product-type-simple"},"acf":[],"yoast_head":"<!-- This site is optimized with the Yoast SEO Premium plugin v26.6 (Yoast SEO v26.6) - https:\/\/yoast.com\/wordpress\/plugins\/seo\/ -->\n<title>Caixa de massa em cart\u00e3o - 480 ml<\/title>\n<meta name=\"description\" content=\"Descubra a Pasta Box numa caixa de cart\u00e3o de 480 ml em embalagens de 50 unidades, ideal para transportar os seus pratos de massa de forma segura e ecol\u00f3gica.\" \/>\n<meta name=\"robots\" content=\"index, follow, max-snippet:-1, max-image-preview:large, max-video-preview:-1\" \/>\n<link rel=\"canonical\" href=\"https:\/\/www.csj-emballages.com\/pt-pt\/produit\/50-frascos-de-cartao-kraft-para-massas-480-ml\/\" \/>\n<meta property=\"og:locale\" content=\"pt_PT\" \/>\n<meta property=\"og:type\" content=\"article\" \/>\n<meta property=\"og:title\" content=\"Caixa de massa em cart\u00e3o - 480 ml\" \/>\n<meta property=\"og:description\" content=\"Descubra a Pasta Box numa caixa de cart\u00e3o de 480 ml em embalagens de 50 unidades, ideal para transportar os seus pratos de massa de forma segura e ecol\u00f3gica.\" \/>\n<meta property=\"og:url\" content=\"https:\/\/www.csj-emballages.com\/pt-pt\/produit\/50-frascos-de-cartao-kraft-para-massas-480-ml\/\" \/>\n<meta property=\"og:site_name\" content=\"CSJ Emballages\" \/>\n<meta property=\"article:publisher\" content=\"https:\/\/www.facebook.com\/csjemballages\" \/>\n<meta property=\"article:modified_time\" content=\"2026-05-01T00:14:46+00:00\" \/>\n<meta property=\"og:image\" content=\"https:\/\/www.csj-emballages.com\/wp-content\/uploads\/2024\/03\/Capture-decran-2024-11-12-a-11.31.10-Photoroom-png-e1731407573551.webp\" \/>\n\t<meta property=\"og:image:width\" content=\"600\" \/>\n\t<meta property=\"og:image:height\" content=\"600\" \/>\n\t<meta property=\"og:image:type\" content=\"image\/png\" \/>\n<meta name=\"twitter:card\" content=\"summary_large_image\" \/>\n<meta name=\"twitter:title\" content=\"Caixa de massa em cart\u00e3o - 480 ml\" \/>\n<meta name=\"twitter:description\" content=\"Descubra a Pasta Box numa caixa de cart\u00e3o de 480 ml em embalagens de 50 unidades, ideal para transportar os seus pratos de massa de forma segura e ecol\u00f3gica.\" \/>\n<meta name=\"twitter:label1\" content=\"Tempo estimado de leitura\" \/>\n\t<meta name=\"twitter:data1\" content=\"3 minutos\" \/>\n<script type=\"application\/ld+json\" class=\"yoast-schema-graph\">{\"@context\":\"https:\/\/schema.org\",\"@graph\":[{\"@type\":\"WebPage\",\"@id\":\"https:\/\/www.csj-emballages.com\/pt-pt\/produit\/50-frascos-de-cartao-kraft-para-massas-480-ml\/\",\"url\":\"https:\/\/www.csj-emballages.com\/pt-pt\/produit\/50-frascos-de-cartao-kraft-para-massas-480-ml\/\",\"name\":\"Caixa de massa em cart\u00e3o - 480 ml\",\"isPartOf\":{\"@id\":\"https:\/\/www.csj-emballages.com\/pt-pt\/#website\"},\"primaryImageOfPage\":{\"@id\":\"https:\/\/www.csj-emballages.com\/pt-pt\/produit\/50-frascos-de-cartao-kraft-para-massas-480-ml\/#primaryimage\"},\"image\":{\"@id\":\"https:\/\/www.csj-emballages.com\/pt-pt\/produit\/50-frascos-de-cartao-kraft-para-massas-480-ml\/#primaryimage\"},\"thumbnailUrl\":\"https:\/\/www.csj-emballages.com\/wp-content\/uploads\/2024\/03\/Capture-decran-2024-11-12-a-11.31.10-Photoroom-png-e1731407573551.webp\",\"datePublished\":\"2024-03-01T15:49:08+00:00\",\"dateModified\":\"2026-05-01T00:14:46+00:00\",\"description\":\"Descubra a Pasta Box numa caixa de cart\u00e3o de 480 ml em embalagens de 50 unidades, ideal para transportar os seus pratos de massa de forma segura e ecol\u00f3gica.\",\"breadcrumb\":{\"@id\":\"https:\/\/www.csj-emballages.com\/pt-pt\/produit\/50-frascos-de-cartao-kraft-para-massas-480-ml\/#breadcrumb\"},\"inLanguage\":\"pt-PT\",\"potentialAction\":[{\"@type\":\"ReadAction\",\"target\":[\"https:\/\/www.csj-emballages.com\/pt-pt\/produit\/50-frascos-de-cartao-kraft-para-massas-480-ml\/\"]}]},{\"@type\":\"ImageObject\",\"inLanguage\":\"pt-PT\",\"@id\":\"https:\/\/www.csj-emballages.com\/pt-pt\/produit\/50-frascos-de-cartao-kraft-para-massas-480-ml\/#primaryimage\",\"url\":\"https:\/\/www.csj-emballages.com\/wp-content\/uploads\/2024\/03\/Capture-decran-2024-11-12-a-11.31.10-Photoroom-png-e1731407573551.webp\",\"contentUrl\":\"https:\/\/www.csj-emballages.com\/wp-content\/uploads\/2024\/03\/Capture-decran-2024-11-12-a-11.31.10-Photoroom-png-e1731407573551.webp\",\"width\":600,\"height\":600,\"caption\":\"Pot \u00e0 p\u00e2tes\"},{\"@type\":\"BreadcrumbList\",\"@id\":\"https:\/\/www.csj-emballages.com\/pt-pt\/produit\/50-frascos-de-cartao-kraft-para-massas-480-ml\/#breadcrumb\",\"itemListElement\":[{\"@type\":\"ListItem\",\"position\":1,\"name\":\"Acolhimento\",\"item\":\"https:\/\/www.csj-emballages.com\/pt-pt\/universo-das-embalagens-alimentares\/\"},{\"@type\":\"ListItem\",\"position\":2,\"name\":\"Shop\",\"item\":\"https:\/\/www.csj-emballages.com\/shop\/\"},{\"@type\":\"ListItem\",\"position\":3,\"name\":\"Caixa de massa em cart\u00e3o 480 ml por 50\"}]},{\"@type\":\"WebSite\",\"@id\":\"https:\/\/www.csj-emballages.com\/pt-pt\/#website\",\"url\":\"https:\/\/www.csj-emballages.com\/pt-pt\/\",\"name\":\"CSJ Emballages\",\"description\":\"\",\"publisher\":{\"@id\":\"https:\/\/www.csj-emballages.com\/pt-pt\/#organization\"},\"potentialAction\":[{\"@type\":\"SearchAction\",\"target\":{\"@type\":\"EntryPoint\",\"urlTemplate\":\"https:\/\/www.csj-emballages.com\/pt-pt\/?s={search_term_string}\"},\"query-input\":{\"@type\":\"PropertyValueSpecification\",\"valueRequired\":true,\"valueName\":\"search_term_string\"}}],\"inLanguage\":\"pt-PT\"},{\"@type\":\"Organization\",\"@id\":\"https:\/\/www.csj-emballages.com\/pt-pt\/#Organization\/\",\"name\":\"CSJ Emballages\",\"url\":\"https:\/\/www.csj-emballages.com\/pt-pt\/\",\"logo\":{\"@type\":\"ImageObject\",\"inLanguage\":\"pt-PT\",\"@id\":\"https:\/\/www.csj-emballages.com\/pt-pt\/#\/schema\/logo\/image\/\",\"url\":\"https:\/\/www.csj-emballages.com\/wp-content\/uploads\/2023\/10\/logo_csj.webp\",\"contentUrl\":\"https:\/\/www.csj-emballages.com\/wp-content\/uploads\/2023\/10\/logo_csj.webp\",\"width\":250,\"height\":95,\"caption\":\"CSJ Emballages\"},\"image\":{\"@id\":\"https:\/\/www.csj-emballages.com\/pt-pt\/#\/schema\/logo\/image\/\"},\"sameAs\":[\"https:\/\/www.facebook.com\/csjemballages\"],\"address\":{\"@type\":\"PostalAddress\",\"streetAddress\":\"ZI La Lechere\",\"addressLocality\":\"Patornay\",\"postalCode\":\"39130\",\"addressCountry\":\"FR\"},\"contactPoint\":[{\"@type\":\"ContactPoint\",\"contactType\":\"Service client\",\"telephone\":\"0384254272\",\"email\":\"contact@csj-emballages.com\"}]}]}<\/script>\n<!-- \/ Yoast SEO Premium plugin. -->","yoast_head_json":{"title":"Caixa de massa em cart\u00e3o - 480 ml","description":"Descubra a Pasta Box numa caixa de cart\u00e3o de 480 ml em embalagens de 50 unidades, ideal para transportar os seus pratos de massa de forma segura e ecol\u00f3gica.","robots":{"index":"index","follow":"follow","max-snippet":"max-snippet:-1","max-image-preview":"max-image-preview:large","max-video-preview":"max-video-preview:-1"},"canonical":"https:\/\/www.csj-emballages.com\/pt-pt\/produit\/50-frascos-de-cartao-kraft-para-massas-480-ml\/","og_locale":"pt_PT","og_type":"article","og_title":"Caixa de massa em cart\u00e3o - 480 ml","og_description":"Descubra a Pasta Box numa caixa de cart\u00e3o de 480 ml em embalagens de 50 unidades, ideal para transportar os seus pratos de massa de forma segura e ecol\u00f3gica.","og_url":"https:\/\/www.csj-emballages.com\/pt-pt\/produit\/50-frascos-de-cartao-kraft-para-massas-480-ml\/","og_site_name":"CSJ Emballages","article_publisher":"https:\/\/www.facebook.com\/csjemballages","article_modified_time":"2026-05-01T00:14:46+00:00","og_image":[{"width":600,"height":600,"url":"https:\/\/www.csj-emballages.com\/wp-content\/uploads\/2024\/03\/Capture-decran-2024-11-12-a-11.31.10-Photoroom-png-e1731407573551.webp","type":"image\/png"}],"twitter_card":"summary_large_image","twitter_title":"Caixa de massa em cart\u00e3o - 480 ml","twitter_description":"Descubra a Pasta Box numa caixa de cart\u00e3o de 480 ml em embalagens de 50 unidades, ideal para transportar os seus pratos de massa de forma segura e ecol\u00f3gica.","twitter_misc":{"Tempo estimado de leitura":"3 minutos"},"schema":{"@context":"https:\/\/schema.org","@graph":[{"@type":"WebPage","@id":"https:\/\/www.csj-emballages.com\/pt-pt\/produit\/50-frascos-de-cartao-kraft-para-massas-480-ml\/","url":"https:\/\/www.csj-emballages.com\/pt-pt\/produit\/50-frascos-de-cartao-kraft-para-massas-480-ml\/","name":"Caixa de massa em cart\u00e3o - 480 ml","isPartOf":{"@id":"https:\/\/www.csj-emballages.com\/pt-pt\/#website"},"primaryImageOfPage":{"@id":"https:\/\/www.csj-emballages.com\/pt-pt\/produit\/50-frascos-de-cartao-kraft-para-massas-480-ml\/#primaryimage"},"image":{"@id":"https:\/\/www.csj-emballages.com\/pt-pt\/produit\/50-frascos-de-cartao-kraft-para-massas-480-ml\/#primaryimage"},"thumbnailUrl":"https:\/\/www.csj-emballages.com\/wp-content\/uploads\/2024\/03\/Capture-decran-2024-11-12-a-11.31.10-Photoroom-png-e1731407573551.webp","datePublished":"2024-03-01T15:49:08+00:00","dateModified":"2026-05-01T00:14:46+00:00","description":"Descubra a Pasta Box numa caixa de cart\u00e3o de 480 ml em embalagens de 50 unidades, ideal para transportar os seus pratos de massa de forma segura e ecol\u00f3gica.","breadcrumb":{"@id":"https:\/\/www.csj-emballages.com\/pt-pt\/produit\/50-frascos-de-cartao-kraft-para-massas-480-ml\/#breadcrumb"},"inLanguage":"pt-PT","potentialAction":[{"@type":"ReadAction","target":["https:\/\/www.csj-emballages.com\/pt-pt\/produit\/50-frascos-de-cartao-kraft-para-massas-480-ml\/"]}]},{"@type":"ImageObject","inLanguage":"pt-PT","@id":"https:\/\/www.csj-emballages.com\/pt-pt\/produit\/50-frascos-de-cartao-kraft-para-massas-480-ml\/#primaryimage","url":"https:\/\/www.csj-emballages.com\/wp-content\/uploads\/2024\/03\/Capture-decran-2024-11-12-a-11.31.10-Photoroom-png-e1731407573551.webp","contentUrl":"https:\/\/www.csj-emballages.com\/wp-content\/uploads\/2024\/03\/Capture-decran-2024-11-12-a-11.31.10-Photoroom-png-e1731407573551.webp","width":600,"height":600,"caption":"Pot \u00e0 p\u00e2tes"},{"@type":"BreadcrumbList","@id":"https:\/\/www.csj-emballages.com\/pt-pt\/produit\/50-frascos-de-cartao-kraft-para-massas-480-ml\/#breadcrumb","itemListElement":[{"@type":"ListItem","position":1,"name":"Acolhimento","item":"https:\/\/www.csj-emballages.com\/pt-pt\/universo-das-embalagens-alimentares\/"},{"@type":"ListItem","position":2,"name":"Shop","item":"https:\/\/www.csj-emballages.com\/shop\/"},{"@type":"ListItem","position":3,"name":"Caixa de massa em cart\u00e3o 480 ml por 50"}]},{"@type":"WebSite","@id":"https:\/\/www.csj-emballages.com\/pt-pt\/#website","url":"https:\/\/www.csj-emballages.com\/pt-pt\/","name":"CSJ Emballages","description":"","publisher":{"@id":"https:\/\/www.csj-emballages.com\/pt-pt\/#organization"},"potentialAction":[{"@type":"SearchAction","target":{"@type":"EntryPoint","urlTemplate":"https:\/\/www.csj-emballages.com\/pt-pt\/?s={search_term_string}"},"query-input":{"@type":"PropertyValueSpecification","valueRequired":true,"valueName":"search_term_string"}}],"inLanguage":"pt-PT"},{"@type":"Organization","@id":"https:\/\/www.csj-emballages.com\/pt-pt\/#Organization\/","name":"CSJ Emballages","url":"https:\/\/www.csj-emballages.com\/pt-pt\/","logo":{"@type":"ImageObject","inLanguage":"pt-PT","@id":"https:\/\/www.csj-emballages.com\/pt-pt\/#\/schema\/logo\/image\/","url":"https:\/\/www.csj-emballages.com\/wp-content\/uploads\/2023\/10\/logo_csj.webp","contentUrl":"https:\/\/www.csj-emballages.com\/wp-content\/uploads\/2023\/10\/logo_csj.webp","width":250,"height":95,"caption":"CSJ Emballages"},"image":{"@id":"https:\/\/www.csj-emballages.com\/pt-pt\/#\/schema\/logo\/image\/"},"sameAs":["https:\/\/www.facebook.com\/csjemballages"],"address":{"@type":"PostalAddress","streetAddress":"ZI La Lechere","addressLocality":"Patornay","postalCode":"39130","addressCountry":"FR"},"contactPoint":[{"@type":"ContactPoint","contactType":"Service client","telephone":"0384254272","email":"contact@csj-emballages.com"}]}]}},"df_price":5.09,"df_sale_price":"","df_regular_price":5.09,"df_image_link":"https:\/\/www.csj-emballages.com\/wp-content\/uploads\/2024\/03\/Capture-decran-2024-11-12-a-11.31.10-Photoroom-300x300.webp","tiered_pricing_type":"fixed","tiered_pricing_fixed_rules":[],"tiered_pricing_percentage_rules":[],"tiered_pricing_minimum":1,"tiered_pricing_roles_data":[],"_links":{"self":[{"href":"https:\/\/www.csj-emballages.com\/pt-pt\/wp-json\/wp\/v2\/product\/23667","targetHints":{"allow":["GET"]}}],"collection":[{"href":"https:\/\/www.csj-emballages.com\/pt-pt\/wp-json\/wp\/v2\/product"}],"about":[{"href":"https:\/\/www.csj-emballages.com\/pt-pt\/wp-json\/wp\/v2\/types\/product"}],"wp:featuredmedia":[{"embeddable":true,"href":"https:\/\/www.csj-emballages.com\/pt-pt\/wp-json\/wp\/v2\/media\/164413"}],"wp:attachment":[{"href":"https:\/\/www.csj-emballages.com\/pt-pt\/wp-json\/wp\/v2\/media?parent=23667"}],"wp:term":[{"taxonomy":"product_brand","embeddable":true,"href":"https:\/\/www.csj-emballages.com\/pt-pt\/wp-json\/wp\/v2\/product_brand?post=23667"},{"taxonomy":"product_cat","embeddable":true,"href":"https:\/\/www.csj-emballages.com\/pt-pt\/wp-json\/wp\/v2\/product_cat?post=23667"},{"taxonomy":"product_tag","embeddable":true,"href":"https:\/\/www.csj-emballages.com\/pt-pt\/wp-json\/wp\/v2\/product_tag?post=23667"}],"curies":[{"name":"wp","href":"https:\/\/api.w.org\/{rel}","templated":true}]}}