{"id":23666,"date":"2024-03-01T16:49:09","date_gmt":"2024-03-01T15:49:09","guid":{"rendered":"https:\/\/u15jnbdpoq.preview.infomaniak.website\/produit\/100-sacos-de-confeitaria-com-base-em-cartao-dourado-120-x-275-mm\/"},"modified":"2026-03-12T16:41:42","modified_gmt":"2026-03-12T15:41:42","slug":"100-sacos-de-confeitaria-com-base-em-cartao-dourado-120-x-275-mm","status":"publish","type":"product","link":"https:\/\/www.csj-emballages.com\/pt-pt\/produit\/100-sacos-de-confeitaria-com-base-em-cartao-dourado-120-x-275-mm\/","title":{"rendered":"Saqueta de ouro para confeitaria 120 x 275 mm por 100"},"content":{"rendered":"<h2 class=\"p1\">Saco de confeitarias<\/h2>\n<hr>\n<h3>Descri\u00e7\u00e3o do nosso saco de confe\u00e7\u00e3o de barras de ouro 120 x 275 mm por 100<\/h3>\n<p><!--more--><\/p>\n<p data-start=\"0\" data-end=\"581\">D\u00ea aos seus doces uma apresenta\u00e7\u00e3o deslumbrante com o <strong>saco de confeitar Lingot d&#8217;Or 120 x 275 mm<\/strong>, vendido em embalagens de <strong>100<\/strong>. Especialmente concebido para real\u00e7ar as suas cria\u00e7\u00f5es doces, este saco topo de gama combina <strong data-start=\"251\" data-end=\"263\">eleg\u00e2ncia<\/strong> e <strong data-start=\"267\" data-end=\"280\">praticidade<\/strong>. Gra\u00e7as \u00e0 t\u00e9cnica de <strong data-start=\"306\" data-end=\"325\">desmetaliza\u00e7\u00e3o<\/strong>, certas zonas da pel\u00edcula s\u00e3o deliberadamente deixadas transparentes, enquanto outras conservam um efeito met\u00e1lico cintilante. Assim, os seus chocolates, biscoitos ou am\u00eandoas a\u00e7ucaradas s\u00e3o subtilmente revelados numa atraente caixa dourada.   <\/p>\n<p data-start=\"583\" data-end=\"1088\">Do mesmo modo, a sua <strong data-start=\"596\" data-end=\"620\">base r\u00edgida e moldada<\/strong> garante uma estabilidade perfeita, evitando que tombe. Outra vantagem not\u00e1vel \u00e9 o facto de a antiga base de cart\u00e3o ter sido substitu\u00edda por <strong data-start=\"796\" data-end=\"813\">polipropileno<\/strong>, o que permite oferecer uma embalagem <strong data-start=\"851\" data-end=\"868\">monomaterial<\/strong> totalmente <strong data-start=\"881\" data-end=\"895\">recicl\u00e1vel<\/strong>. Deste modo, cumpre as normas ambientais actuais, nomeadamente as do <strong data-start=\"978\" data-end=\"1005\">C\u00f3digo do Ambiente<\/strong> franc\u00eas e da lei <strong data-start=\"1019\" data-end=\"1032\">AGEC 2025<\/strong>, refor\u00e7ando o seu compromisso com a responsabilidade ecol\u00f3gica.  <\/p>\n<p data-start=\"1090\" data-end=\"1446\">Este <strong>saco de pl\u00e1stico<\/strong> \u00e9 ideal para uma vasta gama de utiliza\u00e7\u00f5es: <strong data-start=\"1144\" data-end=\"1159\">biscoiteiros<\/strong>, <strong data-start=\"1161\" data-end=\"1177\">chocolateiros<\/strong>, <strong data-start=\"1195\" data-end=\"1209\">pasteleiros<\/strong>, a\u00e7ucareiros, <strong data-start=\"1211\" data-end=\"1225\">torroneiros<\/strong> e <strong data-start=\"1236\" data-end=\"1250\">pasteleiros<\/strong> s\u00e3o os aliados ideais. O seu brilho dourado \u00e9 um atrativo imediato, enquanto as zonas transparentes real\u00e7am a qualidade das suas cria\u00e7\u00f5es artesanais. <\/p>\n<p data-start=\"1448\" data-end=\"1773\">Em suma, o <strong data-start=\"1462\" data-end=\"1484\">saco Lingot d&#8217;Or<\/strong> alia <strong data-start=\"1494\" data-end=\"1509\">requinte<\/strong>, <strong data-start=\"1511\" data-end=\"1525\">resist\u00eancia<\/strong> e <strong data-start=\"1529\" data-end=\"1559\">respeito pelo ambiente<\/strong>. Transforma cada doce num verdadeiro tesouro, oferecendo uma experi\u00eancia visual e gustativa que deixar\u00e1 uma impress\u00e3o duradoura nos seus clientes. Opte por esta embalagem premium e d\u00ea aos seus produtos de confeitaria o brilho que merecem.  <\/p>\n<p data-start=\"1367\" data-end=\"1669\"><!--more--><\/p>\n<h4 data-start=\"1367\" data-end=\"1669\">Vantagens :<\/h4>\n<ul>\n<li data-start=\"1367\" data-end=\"1669\"><strong data-start=\"1990\" data-end=\"2015\">Apresenta\u00e7\u00e3o requintada<\/strong> gra\u00e7as ao brilho dourado e \u00e0s zonas transparentes.<\/li>\n<li data-start=\"1367\" data-end=\"1669\"><strong data-start=\"2075\" data-end=\"2090\">Base r\u00edgida<\/strong> para uma estabilidade \u00f3ptima em vitrinas.<\/li>\n<li data-start=\"1367\" data-end=\"1669\"><strong data-start=\"2135\" data-end=\"2149\">Recicl\u00e1vel<\/strong>: base em polipropileno monomaterial conforme AGEC 2025.<\/li>\n<li data-start=\"1367\" data-end=\"1669\">Ideal para <strong data-start=\"2223\" data-end=\"2278\">fabricantes de bolachas, chocolateiros, pasteleiros e patissiers.<\/strong><\/li>\n<li data-start=\"1367\" data-end=\"1669\">Melhore as suas cria\u00e7\u00f5es respeitando o ambiente.<\/li>\n<\/ul>\n<p>&nbsp;<\/p>\n<p><!--more--><\/p>\n<h4>Outras informa\u00e7\u00f5es :<\/h4>\n<ul>\n<li><strong>Embalagem<\/strong>: Pacote de 100<\/li>\n<li><strong>Dimens\u00f5es<\/strong>: 120 x 275 mm<\/li>\n<li><strong>Cor<\/strong>: Transparente \/ Ouro met\u00e1lico<\/li>\n<li><strong>Material<\/strong>: OPP<\/li>\n<li><strong>Espessura<\/strong>: 35 microns<\/li>\n<\/ul>\n<p>&nbsp;<\/p>\n<p><!--more--><\/p>\n<p><a href=\"https:\/\/www.csj-emballages.com\/pt-pt\/categorie-produit\/embalagem-de-alimentos\/padaria-e-pastelaria\/sacos-saquetas-e-papel\/sacos-de-confeitaria\/sacos-tematicos\/sacos-classicos\/\">Ver o resto da nossa gama de sacos de confeitaria cl\u00e1ssicos<\/a><\/p>\n","protected":false},"excerpt":{"rendered":"<p>Saco de confeitarias Descri\u00e7\u00e3o do nosso saco de confe\u00e7\u00e3o de barras de ouro 120 x 275 mm por 100<\/p>\n","protected":false},"featured_media":243531,"template":"","meta":{"_acf_changed":false},"product_brand":[],"product_cat":[1141,1177,1655,1659,1267],"product_tag":[],"class_list":{"0":"post-23666","1":"product","2":"type-product","3":"status-publish","4":"has-post-thumbnail","6":"product_cat-embalagem-de-alimentos","7":"product_cat-padaria-e-pastelaria","8":"product_cat-sacos-de-confeitaria","9":"product_cat-sacos-classicos","10":"product_cat-descontos-promocoes","12":"first","13":"instock","14":"sale","15":"taxable","16":"shipping-taxable","17":"purchasable","18":"product-type-simple"},"acf":[],"yoast_head":"<!-- This site is optimized with the Yoast SEO Premium plugin v26.6 (Yoast SEO v26.6) - https:\/\/yoast.com\/wordpress\/plugins\/seo\/ -->\n<title>Saco de confeitarias Golden Ingot 120 x 275 mm por 100<\/title>\n<meta name=\"description\" content=\"Saqueta de confeitaria Lingot d&#039;Or 120 x 275 mm, monomaterial recicl\u00e1vel, combinando transpar\u00eancia e brilho para real\u00e7ar os seus doces.\" \/>\n<meta name=\"robots\" content=\"index, follow, max-snippet:-1, max-image-preview:large, max-video-preview:-1\" \/>\n<link rel=\"canonical\" href=\"https:\/\/www.csj-emballages.com\/pt-pt\/produit\/100-sacos-de-confeitaria-com-base-em-cartao-dourado-120-x-275-mm\/\" \/>\n<meta property=\"og:locale\" content=\"pt_PT\" \/>\n<meta property=\"og:type\" content=\"article\" \/>\n<meta property=\"og:title\" content=\"Saqueta de ouro para confeitaria 120 x 275 mm por 100\" \/>\n<meta property=\"og:description\" content=\"Saqueta de confeitaria Lingot d&#039;Or 120 x 275 mm, monomaterial recicl\u00e1vel, combinando transpar\u00eancia e brilho para real\u00e7ar os seus doces.\" \/>\n<meta property=\"og:url\" content=\"https:\/\/www.csj-emballages.com\/pt-pt\/produit\/100-sacos-de-confeitaria-com-base-em-cartao-dourado-120-x-275-mm\/\" \/>\n<meta property=\"og:site_name\" content=\"CSJ Emballages\" \/>\n<meta property=\"article:publisher\" content=\"https:\/\/www.facebook.com\/csjemballages\" \/>\n<meta property=\"article:modified_time\" content=\"2026-03-12T15:41:42+00:00\" \/>\n<meta property=\"og:image\" content=\"https:\/\/www.csj-emballages.com\/wp-content\/uploads\/2024\/03\/SLINGOTORT2.webp\" \/>\n\t<meta property=\"og:image:width\" content=\"800\" \/>\n\t<meta property=\"og:image:height\" content=\"800\" \/>\n\t<meta property=\"og:image:type\" content=\"image\/webp\" \/>\n<meta name=\"twitter:card\" content=\"summary_large_image\" \/>\n<meta name=\"twitter:label1\" content=\"Tempo estimado de leitura\" \/>\n\t<meta name=\"twitter:data1\" content=\"2 minutos\" \/>\n<script type=\"application\/ld+json\" class=\"yoast-schema-graph\">{\"@context\":\"https:\/\/schema.org\",\"@graph\":[{\"@type\":\"WebPage\",\"@id\":\"https:\/\/www.csj-emballages.com\/pt-pt\/produit\/100-sacos-de-confeitaria-com-base-em-cartao-dourado-120-x-275-mm\/\",\"url\":\"https:\/\/www.csj-emballages.com\/pt-pt\/produit\/100-sacos-de-confeitaria-com-base-em-cartao-dourado-120-x-275-mm\/\",\"name\":\"Saco de confeitarias Golden Ingot 120 x 275 mm por 100\",\"isPartOf\":{\"@id\":\"https:\/\/www.csj-emballages.com\/pt-pt\/#website\"},\"primaryImageOfPage\":{\"@id\":\"https:\/\/www.csj-emballages.com\/pt-pt\/produit\/100-sacos-de-confeitaria-com-base-em-cartao-dourado-120-x-275-mm\/#primaryimage\"},\"image\":{\"@id\":\"https:\/\/www.csj-emballages.com\/pt-pt\/produit\/100-sacos-de-confeitaria-com-base-em-cartao-dourado-120-x-275-mm\/#primaryimage\"},\"thumbnailUrl\":\"https:\/\/www.csj-emballages.com\/wp-content\/uploads\/2024\/03\/SLINGOTORT2.webp\",\"datePublished\":\"2024-03-01T15:49:09+00:00\",\"dateModified\":\"2026-03-12T15:41:42+00:00\",\"description\":\"Saqueta de confeitaria Lingot d'Or 120 x 275 mm, monomaterial recicl\u00e1vel, combinando transpar\u00eancia e brilho para real\u00e7ar os seus doces.\",\"breadcrumb\":{\"@id\":\"https:\/\/www.csj-emballages.com\/pt-pt\/produit\/100-sacos-de-confeitaria-com-base-em-cartao-dourado-120-x-275-mm\/#breadcrumb\"},\"inLanguage\":\"pt-PT\",\"potentialAction\":[{\"@type\":\"ReadAction\",\"target\":[\"https:\/\/www.csj-emballages.com\/pt-pt\/produit\/100-sacos-de-confeitaria-com-base-em-cartao-dourado-120-x-275-mm\/\"]}]},{\"@type\":\"ImageObject\",\"inLanguage\":\"pt-PT\",\"@id\":\"https:\/\/www.csj-emballages.com\/pt-pt\/produit\/100-sacos-de-confeitaria-com-base-em-cartao-dourado-120-x-275-mm\/#primaryimage\",\"url\":\"https:\/\/www.csj-emballages.com\/wp-content\/uploads\/2024\/03\/SLINGOTORT2.webp\",\"contentUrl\":\"https:\/\/www.csj-emballages.com\/wp-content\/uploads\/2024\/03\/SLINGOTORT2.webp\",\"width\":800,\"height\":800,\"caption\":\"Sachet confiseries\"},{\"@type\":\"BreadcrumbList\",\"@id\":\"https:\/\/www.csj-emballages.com\/pt-pt\/produit\/100-sacos-de-confeitaria-com-base-em-cartao-dourado-120-x-275-mm\/#breadcrumb\",\"itemListElement\":[{\"@type\":\"ListItem\",\"position\":1,\"name\":\"Acolhimento\",\"item\":\"https:\/\/www.csj-emballages.com\/pt-pt\/universo-das-embalagens-alimentares\/\"},{\"@type\":\"ListItem\",\"position\":2,\"name\":\"Shop\",\"item\":\"https:\/\/www.csj-emballages.com\/shop\/\"},{\"@type\":\"ListItem\",\"position\":3,\"name\":\"Saqueta de ouro para confeitaria 120 x 275 mm por 100\"}]},{\"@type\":\"WebSite\",\"@id\":\"https:\/\/www.csj-emballages.com\/pt-pt\/#website\",\"url\":\"https:\/\/www.csj-emballages.com\/pt-pt\/\",\"name\":\"CSJ Emballages\",\"description\":\"\",\"publisher\":{\"@id\":\"https:\/\/www.csj-emballages.com\/pt-pt\/#organization\"},\"potentialAction\":[{\"@type\":\"SearchAction\",\"target\":{\"@type\":\"EntryPoint\",\"urlTemplate\":\"https:\/\/www.csj-emballages.com\/pt-pt\/?s={search_term_string}\"},\"query-input\":{\"@type\":\"PropertyValueSpecification\",\"valueRequired\":true,\"valueName\":\"search_term_string\"}}],\"inLanguage\":\"pt-PT\"},{\"@type\":\"Organization\",\"@id\":\"https:\/\/www.csj-emballages.com\/pt-pt\/#Organization\/\",\"name\":\"CSJ Emballages\",\"url\":\"https:\/\/www.csj-emballages.com\/pt-pt\/\",\"logo\":{\"@type\":\"ImageObject\",\"inLanguage\":\"pt-PT\",\"@id\":\"https:\/\/www.csj-emballages.com\/pt-pt\/#\/schema\/logo\/image\/\",\"url\":\"https:\/\/www.csj-emballages.com\/wp-content\/uploads\/2023\/10\/logo_csj.webp\",\"contentUrl\":\"https:\/\/www.csj-emballages.com\/wp-content\/uploads\/2023\/10\/logo_csj.webp\",\"width\":250,\"height\":95,\"caption\":\"CSJ Emballages\"},\"image\":{\"@id\":\"https:\/\/www.csj-emballages.com\/pt-pt\/#\/schema\/logo\/image\/\"},\"sameAs\":[\"https:\/\/www.facebook.com\/csjemballages\"],\"address\":{\"@type\":\"PostalAddress\",\"streetAddress\":\"ZI La Lechere\",\"addressLocality\":\"Patornay\",\"postalCode\":\"39130\",\"addressCountry\":\"FR\"},\"contactPoint\":[{\"@type\":\"ContactPoint\",\"contactType\":\"Service client\",\"telephone\":\"0384254272\",\"email\":\"contact@csj-emballages.com\"}]}]}<\/script>\n<!-- \/ Yoast SEO Premium plugin. -->","yoast_head_json":{"title":"Saco de confeitarias Golden Ingot 120 x 275 mm por 100","description":"Saqueta de confeitaria Lingot d'Or 120 x 275 mm, monomaterial recicl\u00e1vel, combinando transpar\u00eancia e brilho para real\u00e7ar os seus doces.","robots":{"index":"index","follow":"follow","max-snippet":"max-snippet:-1","max-image-preview":"max-image-preview:large","max-video-preview":"max-video-preview:-1"},"canonical":"https:\/\/www.csj-emballages.com\/pt-pt\/produit\/100-sacos-de-confeitaria-com-base-em-cartao-dourado-120-x-275-mm\/","og_locale":"pt_PT","og_type":"article","og_title":"Saqueta de ouro para confeitaria 120 x 275 mm por 100","og_description":"Saqueta de confeitaria Lingot d'Or 120 x 275 mm, monomaterial recicl\u00e1vel, combinando transpar\u00eancia e brilho para real\u00e7ar os seus doces.","og_url":"https:\/\/www.csj-emballages.com\/pt-pt\/produit\/100-sacos-de-confeitaria-com-base-em-cartao-dourado-120-x-275-mm\/","og_site_name":"CSJ Emballages","article_publisher":"https:\/\/www.facebook.com\/csjemballages","article_modified_time":"2026-03-12T15:41:42+00:00","og_image":[{"width":800,"height":800,"url":"https:\/\/www.csj-emballages.com\/wp-content\/uploads\/2024\/03\/SLINGOTORT2.webp","type":"image\/webp"}],"twitter_card":"summary_large_image","twitter_misc":{"Tempo estimado de leitura":"2 minutos"},"schema":{"@context":"https:\/\/schema.org","@graph":[{"@type":"WebPage","@id":"https:\/\/www.csj-emballages.com\/pt-pt\/produit\/100-sacos-de-confeitaria-com-base-em-cartao-dourado-120-x-275-mm\/","url":"https:\/\/www.csj-emballages.com\/pt-pt\/produit\/100-sacos-de-confeitaria-com-base-em-cartao-dourado-120-x-275-mm\/","name":"Saco de confeitarias Golden Ingot 120 x 275 mm por 100","isPartOf":{"@id":"https:\/\/www.csj-emballages.com\/pt-pt\/#website"},"primaryImageOfPage":{"@id":"https:\/\/www.csj-emballages.com\/pt-pt\/produit\/100-sacos-de-confeitaria-com-base-em-cartao-dourado-120-x-275-mm\/#primaryimage"},"image":{"@id":"https:\/\/www.csj-emballages.com\/pt-pt\/produit\/100-sacos-de-confeitaria-com-base-em-cartao-dourado-120-x-275-mm\/#primaryimage"},"thumbnailUrl":"https:\/\/www.csj-emballages.com\/wp-content\/uploads\/2024\/03\/SLINGOTORT2.webp","datePublished":"2024-03-01T15:49:09+00:00","dateModified":"2026-03-12T15:41:42+00:00","description":"Saqueta de confeitaria Lingot d'Or 120 x 275 mm, monomaterial recicl\u00e1vel, combinando transpar\u00eancia e brilho para real\u00e7ar os seus doces.","breadcrumb":{"@id":"https:\/\/www.csj-emballages.com\/pt-pt\/produit\/100-sacos-de-confeitaria-com-base-em-cartao-dourado-120-x-275-mm\/#breadcrumb"},"inLanguage":"pt-PT","potentialAction":[{"@type":"ReadAction","target":["https:\/\/www.csj-emballages.com\/pt-pt\/produit\/100-sacos-de-confeitaria-com-base-em-cartao-dourado-120-x-275-mm\/"]}]},{"@type":"ImageObject","inLanguage":"pt-PT","@id":"https:\/\/www.csj-emballages.com\/pt-pt\/produit\/100-sacos-de-confeitaria-com-base-em-cartao-dourado-120-x-275-mm\/#primaryimage","url":"https:\/\/www.csj-emballages.com\/wp-content\/uploads\/2024\/03\/SLINGOTORT2.webp","contentUrl":"https:\/\/www.csj-emballages.com\/wp-content\/uploads\/2024\/03\/SLINGOTORT2.webp","width":800,"height":800,"caption":"Sachet confiseries"},{"@type":"BreadcrumbList","@id":"https:\/\/www.csj-emballages.com\/pt-pt\/produit\/100-sacos-de-confeitaria-com-base-em-cartao-dourado-120-x-275-mm\/#breadcrumb","itemListElement":[{"@type":"ListItem","position":1,"name":"Acolhimento","item":"https:\/\/www.csj-emballages.com\/pt-pt\/universo-das-embalagens-alimentares\/"},{"@type":"ListItem","position":2,"name":"Shop","item":"https:\/\/www.csj-emballages.com\/shop\/"},{"@type":"ListItem","position":3,"name":"Saqueta de ouro para confeitaria 120 x 275 mm por 100"}]},{"@type":"WebSite","@id":"https:\/\/www.csj-emballages.com\/pt-pt\/#website","url":"https:\/\/www.csj-emballages.com\/pt-pt\/","name":"CSJ Emballages","description":"","publisher":{"@id":"https:\/\/www.csj-emballages.com\/pt-pt\/#organization"},"potentialAction":[{"@type":"SearchAction","target":{"@type":"EntryPoint","urlTemplate":"https:\/\/www.csj-emballages.com\/pt-pt\/?s={search_term_string}"},"query-input":{"@type":"PropertyValueSpecification","valueRequired":true,"valueName":"search_term_string"}}],"inLanguage":"pt-PT"},{"@type":"Organization","@id":"https:\/\/www.csj-emballages.com\/pt-pt\/#Organization\/","name":"CSJ Emballages","url":"https:\/\/www.csj-emballages.com\/pt-pt\/","logo":{"@type":"ImageObject","inLanguage":"pt-PT","@id":"https:\/\/www.csj-emballages.com\/pt-pt\/#\/schema\/logo\/image\/","url":"https:\/\/www.csj-emballages.com\/wp-content\/uploads\/2023\/10\/logo_csj.webp","contentUrl":"https:\/\/www.csj-emballages.com\/wp-content\/uploads\/2023\/10\/logo_csj.webp","width":250,"height":95,"caption":"CSJ Emballages"},"image":{"@id":"https:\/\/www.csj-emballages.com\/pt-pt\/#\/schema\/logo\/image\/"},"sameAs":["https:\/\/www.facebook.com\/csjemballages"],"address":{"@type":"PostalAddress","streetAddress":"ZI La Lechere","addressLocality":"Patornay","postalCode":"39130","addressCountry":"FR"},"contactPoint":[{"@type":"ContactPoint","contactType":"Service client","telephone":"0384254272","email":"contact@csj-emballages.com"}]}]}},"df_price":18.32,"df_sale_price":18.32,"df_regular_price":21.55,"df_image_link":"https:\/\/www.csj-emballages.com\/wp-content\/uploads\/2024\/03\/SLINGOTORT2-300x300.webp","tiered_pricing_type":"fixed","tiered_pricing_fixed_rules":[],"tiered_pricing_percentage_rules":[],"tiered_pricing_minimum":1,"tiered_pricing_roles_data":[],"_links":{"self":[{"href":"https:\/\/www.csj-emballages.com\/pt-pt\/wp-json\/wp\/v2\/product\/23666","targetHints":{"allow":["GET"]}}],"collection":[{"href":"https:\/\/www.csj-emballages.com\/pt-pt\/wp-json\/wp\/v2\/product"}],"about":[{"href":"https:\/\/www.csj-emballages.com\/pt-pt\/wp-json\/wp\/v2\/types\/product"}],"wp:featuredmedia":[{"embeddable":true,"href":"https:\/\/www.csj-emballages.com\/pt-pt\/wp-json\/wp\/v2\/media\/243531"}],"wp:attachment":[{"href":"https:\/\/www.csj-emballages.com\/pt-pt\/wp-json\/wp\/v2\/media?parent=23666"}],"wp:term":[{"taxonomy":"product_brand","embeddable":true,"href":"https:\/\/www.csj-emballages.com\/pt-pt\/wp-json\/wp\/v2\/product_brand?post=23666"},{"taxonomy":"product_cat","embeddable":true,"href":"https:\/\/www.csj-emballages.com\/pt-pt\/wp-json\/wp\/v2\/product_cat?post=23666"},{"taxonomy":"product_tag","embeddable":true,"href":"https:\/\/www.csj-emballages.com\/pt-pt\/wp-json\/wp\/v2\/product_tag?post=23666"}],"curies":[{"name":"wp","href":"https:\/\/api.w.org\/{rel}","templated":true}]}}