{"id":23643,"date":"2024-03-01T16:49:12","date_gmt":"2024-03-01T15:49:12","guid":{"rendered":"https:\/\/u15jnbdpoq.preview.infomaniak.website\/produit\/100-sacos-de-cartao-vidrado-dourado-100-x-220-mm\/"},"modified":"2026-04-03T02:20:39","modified_gmt":"2026-04-03T00:20:39","slug":"100-sacos-de-cartao-vidrado-dourado-100-x-220-mm","status":"publish","type":"product","link":"https:\/\/www.csj-emballages.com\/pt-pt\/produit\/100-sacos-de-cartao-vidrado-dourado-100-x-220-mm\/","title":{"rendered":"Sacos de confeitaria dourados 100 x 220 mm, embalagem de 100"},"content":{"rendered":"<h2 class=\"p1\">Saco de confeitarias<\/h2>\n<hr>\n<h3>Descri\u00e7\u00e3o do nosso saco de confeitarias vidrado a ouro 100 x 220 mm por 100<\/h3>\n<p><!--more--><\/p>\n<p data-start=\"0\" data-end=\"494\">D\u00ea a conhecer as suas cria\u00e7\u00f5es doces com o <strong data-start=\"77\" data-end=\"121\">saco de pasteleiro Gold Glac\u00e9 100 x 220 mm<\/strong>, uma embalagem que combina eleg\u00e2ncia e praticidade. Gra\u00e7as ao seu <strong data-start=\"183\" data-end=\"205\">acabamento met\u00e1lico<\/strong> e ao seu toque <strong data-start=\"221\" data-end=\"228\">mate<\/strong>, obtido atrav\u00e9s de uma t\u00e9cnica de desmetaliza\u00e7\u00e3o combinada com um verniz mate, este <strong>saco de confeitarias<\/strong> chama imediatamente a aten\u00e7\u00e3o. Combina subtilmente <strong data-start=\"373\" data-end=\"400\">opacidade e transpar\u00eancia<\/strong>, permitindo que os seus doces sejam a verdadeira estrela, mantendo-se perfeitamente protegidos.  <\/p>\n<p data-start=\"496\" data-end=\"958\">De igual modo, concebido com uma <strong data-start=\"510\" data-end=\"534\">base moldada e r\u00edgida<\/strong>, este <strong>saco de pl\u00e1stico<\/strong> garante <strong>uma excelente estabilidade<\/strong> durante o enchimento e a apresenta\u00e7\u00e3o. Anteriormente fabricado em cart\u00e3o, o fundo \u00e9 agora fabricado em <strong data-start=\"669\" data-end=\"697\">polipropileno recicl\u00e1vel<\/strong>, o que torna esta embalagem <strong data-start=\"719\" data-end=\"736\">monomaterial<\/strong> e, por conseguinte, mais respeitadora do ambiente. Esta inova\u00e7\u00e3o faz parte da abordagem de<strong data-start=\"830\" data-end=\"847\">conce\u00e7\u00e3o ecol\u00f3gica<\/strong> e cumpre os requisitos da <strong data-start=\"878\" data-end=\"895\">lei AGEC 2025<\/strong>, mantendo-se totalmente <strong data-start=\"924\" data-end=\"955\">adequada para o contacto com os alimentos<\/strong>.  <\/p>\n<p data-start=\"960\" data-end=\"1425\">Quer seja <strong data-start=\"975\" data-end=\"989\">fabricante de bolachas<\/strong>, <strong data-start=\"991\" data-end=\"1006\">chocolate<\/strong>, <strong data-start=\"1008\" data-end=\"1021\">confeiteiro<\/strong>, <strong data-start=\"1023\" data-end=\"1036\">drag\u00e9iste<\/strong>, <strong data-start=\"1038\" data-end=\"1051\">nougat<\/strong> ou <strong data-start=\"1055\" data-end=\"1068\">patissier<\/strong>, esta <strong>elegante saqueta<\/strong> \u00e9 a forma perfeita de valorizar os seus produtos. A sua transpar\u00eancia selectiva revela a qualidade dos seus produtos de confeitaria, enquanto a sua tonalidade <strong data-start=\"1218\" data-end=\"1230\">dourada<\/strong> evoca requinte e festividade. Ideal tanto para cria\u00e7\u00f5es em pequena escala como para produ\u00e7\u00f5es em grande escala, \u00e9 f\u00e1cil de expor nas prateleiras e faz com que as suas iguarias se destaquem \u00e0 primeira vista.  <\/p>\n<p data-start=\"1427\" data-end=\"1807\">Ao escolher este <strong>saco de confeitaria<\/strong>, est\u00e1 a combinar <strong data-start=\"1465\" data-end=\"1495\">uma apresenta\u00e7\u00e3o topo de gama<\/strong>, <strong data-start=\"1497\" data-end=\"1510\">praticidade<\/strong> e <strong data-start=\"1514\" data-end=\"1544\">um compromisso com o ambiente<\/strong>. O seu formato de 100 x 220 mm \u00e9 t\u00e3o adequado para pequenos sortidos como para artigos de confeitaria maiores. Em suma, trata-se de uma solu\u00e7\u00e3o de embalagem com um design intemporal, que respeita o <strong data-start=\"1727\" data-end=\"1752\">planeta<\/strong> e coloca a sua experi\u00eancia em primeiro plano.  <\/p>\n<p data-start=\"1427\" data-end=\"1807\">\n<p data-start=\"1367\" data-end=\"1669\"><!--more--><\/p>\n<h4 data-start=\"1367\" data-end=\"1669\">Vantagens :<\/h4>\n<ul>\n<li data-start=\"1367\" data-end=\"1669\"><strong data-start=\"2005\" data-end=\"2025\">Eleg\u00e2ncia Premium<\/strong>: efeito met\u00e1lico dourado e verniz mate.<\/li>\n<li data-start=\"1367\" data-end=\"1669\"><strong data-start=\"2072\" data-end=\"2095\">Maior estabilidade<\/strong>: base moldada e r\u00edgida para uma apresenta\u00e7\u00e3o atractiva.<\/li>\n<li data-start=\"1367\" data-end=\"1669\"><strong data-start=\"2152\" data-end=\"2166\">Amigo do ambiente<\/strong>: polipropileno monomaterial, 100% recicl\u00e1vel.<\/li>\n<li data-start=\"1367\" data-end=\"1669\"><strong data-start=\"2223\" data-end=\"2237\">Vers\u00e1til<\/strong>: perfeito para produtos de confeitaria, biscoitos, torr\u00f5es e chocolates.<\/li>\n<li data-start=\"1367\" data-end=\"1669\"><strong data-start=\"2302\" data-end=\"2324\">Conformidade com AGEC 2025<\/strong>: adequado para contacto com alimentos e ambientalmente respons\u00e1vel.<\/li>\n<\/ul>\n<p>&nbsp;<\/p>\n<p><!--more--><\/p>\n<h4>Outras informa\u00e7\u00f5es :<\/h4>\n<ul>\n<li><strong>Embalagem<\/strong>: Pacote de 100<\/li>\n<li><strong>Dimens\u00f5es<\/strong>: 100 x 220 mm<\/li>\n<li><strong>Cor<\/strong>: Transparente \/ Ouro met\u00e1lico<\/li>\n<li><strong>Material<\/strong>: OPP<\/li>\n<li><strong>Espessura<\/strong>: 35 microns<\/li>\n<\/ul>\n<p>&nbsp;<\/p>\n<p><!--more--><\/p>\n<p>Este saco de pl\u00e1stico est\u00e1 dispon\u00edvel num tamanho maior: <span style=\"color: #d12727;\"><a style=\"color: #d12727;\" href=\"https:\/\/www.csj-emballages.com\/pt-pt\/produit\/100-sacos-de-confeitaria-com-base-de-cartao-dourado-120-x-275-mm\/\">120 x 275 mm<\/a><\/span><\/p>\n<p>&nbsp;<\/p>\n<p><!--more--><\/p>\n<p><a href=\"https:\/\/www.csj-emballages.com\/pt-pt\/categorie-produit\/embalagem-de-alimentos\/padaria-e-pastelaria\/sacos-saquetas-e-papel\/sacos-de-confeitaria\/sacos-tematicos\/sacos-classicos\/\">Ver o resto da nossa gama de sacos de confeitaria cl\u00e1ssicos<\/a><\/p>\n","protected":false},"excerpt":{"rendered":"<p>Saco de confeitarias Descri\u00e7\u00e3o do nosso saco de confeitarias vidrado a ouro 100 x 220 mm por 100<\/p>\n","protected":false},"featured_media":243524,"template":"","meta":{"_acf_changed":false},"product_brand":[],"product_cat":[1141,1177,1655,1659],"product_tag":[],"class_list":{"0":"post-23643","1":"product","2":"type-product","3":"status-publish","4":"has-post-thumbnail","6":"product_cat-embalagem-de-alimentos","7":"product_cat-padaria-e-pastelaria","8":"product_cat-sacos-de-confeitaria","9":"product_cat-sacos-classicos","11":"first","12":"instock","13":"taxable","14":"shipping-taxable","15":"purchasable","16":"product-type-simple"},"acf":[],"yoast_head":"<!-- This site is optimized with the Yoast SEO Premium plugin v26.6 (Yoast SEO v26.6) - https:\/\/yoast.com\/wordpress\/plugins\/seo\/ -->\n<title>Saco de confeitarias com vidrado dourado 100 x 220 mm por 100<\/title>\n<meta name=\"description\" content=\"Saco de confeitarias GOLD 100 x 220 mm: elegante, recicl\u00e1vel e est\u00e1vel. Ideal para chocolatiers, pasteleiros e patissiers.\" \/>\n<meta name=\"robots\" content=\"index, follow, max-snippet:-1, max-image-preview:large, max-video-preview:-1\" \/>\n<link rel=\"canonical\" href=\"https:\/\/www.csj-emballages.com\/pt-pt\/produit\/100-sacos-de-cartao-vidrado-dourado-100-x-220-mm\/\" \/>\n<meta property=\"og:locale\" content=\"pt_PT\" \/>\n<meta property=\"og:type\" content=\"article\" \/>\n<meta property=\"og:title\" content=\"Sacos de confeitaria dourados 100 x 220 mm, embalagem de 100\" \/>\n<meta property=\"og:description\" content=\"Saco de confeitarias GOLD 100 x 220 mm: elegante, recicl\u00e1vel e est\u00e1vel. Ideal para chocolatiers, pasteleiros e patissiers.\" \/>\n<meta property=\"og:url\" content=\"https:\/\/www.csj-emballages.com\/pt-pt\/produit\/100-sacos-de-cartao-vidrado-dourado-100-x-220-mm\/\" \/>\n<meta property=\"og:site_name\" content=\"CSJ Emballages\" \/>\n<meta property=\"article:publisher\" content=\"https:\/\/www.facebook.com\/csjemballages\" \/>\n<meta property=\"article:modified_time\" content=\"2026-04-03T00:20:39+00:00\" \/>\n<meta property=\"og:image\" content=\"https:\/\/www.csj-emballages.com\/wp-content\/uploads\/2024\/03\/SGLACEORT1.webp\" \/>\n\t<meta property=\"og:image:width\" content=\"800\" \/>\n\t<meta property=\"og:image:height\" content=\"800\" \/>\n\t<meta property=\"og:image:type\" content=\"image\/webp\" \/>\n<meta name=\"twitter:card\" content=\"summary_large_image\" \/>\n<meta name=\"twitter:label1\" content=\"Tempo estimado de leitura\" \/>\n\t<meta name=\"twitter:data1\" content=\"2 minutos\" \/>\n<script type=\"application\/ld+json\" class=\"yoast-schema-graph\">{\"@context\":\"https:\/\/schema.org\",\"@graph\":[{\"@type\":\"WebPage\",\"@id\":\"https:\/\/www.csj-emballages.com\/pt-pt\/produit\/100-sacos-de-cartao-vidrado-dourado-100-x-220-mm\/\",\"url\":\"https:\/\/www.csj-emballages.com\/pt-pt\/produit\/100-sacos-de-cartao-vidrado-dourado-100-x-220-mm\/\",\"name\":\"Saco de confeitarias com vidrado dourado 100 x 220 mm por 100\",\"isPartOf\":{\"@id\":\"https:\/\/www.csj-emballages.com\/pt-pt\/#website\"},\"primaryImageOfPage\":{\"@id\":\"https:\/\/www.csj-emballages.com\/pt-pt\/produit\/100-sacos-de-cartao-vidrado-dourado-100-x-220-mm\/#primaryimage\"},\"image\":{\"@id\":\"https:\/\/www.csj-emballages.com\/pt-pt\/produit\/100-sacos-de-cartao-vidrado-dourado-100-x-220-mm\/#primaryimage\"},\"thumbnailUrl\":\"https:\/\/www.csj-emballages.com\/wp-content\/uploads\/2024\/03\/SGLACEORT1.webp\",\"datePublished\":\"2024-03-01T15:49:12+00:00\",\"dateModified\":\"2026-04-03T00:20:39+00:00\",\"description\":\"Saco de confeitarias GOLD 100 x 220 mm: elegante, recicl\u00e1vel e est\u00e1vel. Ideal para chocolatiers, pasteleiros e patissiers.\",\"breadcrumb\":{\"@id\":\"https:\/\/www.csj-emballages.com\/pt-pt\/produit\/100-sacos-de-cartao-vidrado-dourado-100-x-220-mm\/#breadcrumb\"},\"inLanguage\":\"pt-PT\",\"potentialAction\":[{\"@type\":\"ReadAction\",\"target\":[\"https:\/\/www.csj-emballages.com\/pt-pt\/produit\/100-sacos-de-cartao-vidrado-dourado-100-x-220-mm\/\"]}]},{\"@type\":\"ImageObject\",\"inLanguage\":\"pt-PT\",\"@id\":\"https:\/\/www.csj-emballages.com\/pt-pt\/produit\/100-sacos-de-cartao-vidrado-dourado-100-x-220-mm\/#primaryimage\",\"url\":\"https:\/\/www.csj-emballages.com\/wp-content\/uploads\/2024\/03\/SGLACEORT1.webp\",\"contentUrl\":\"https:\/\/www.csj-emballages.com\/wp-content\/uploads\/2024\/03\/SGLACEORT1.webp\",\"width\":800,\"height\":800,\"caption\":\"sachet confiseries\"},{\"@type\":\"BreadcrumbList\",\"@id\":\"https:\/\/www.csj-emballages.com\/pt-pt\/produit\/100-sacos-de-cartao-vidrado-dourado-100-x-220-mm\/#breadcrumb\",\"itemListElement\":[{\"@type\":\"ListItem\",\"position\":1,\"name\":\"Acolhimento\",\"item\":\"https:\/\/www.csj-emballages.com\/pt-pt\/universo-das-embalagens-alimentares\/\"},{\"@type\":\"ListItem\",\"position\":2,\"name\":\"Shop\",\"item\":\"https:\/\/www.csj-emballages.com\/shop\/\"},{\"@type\":\"ListItem\",\"position\":3,\"name\":\"Sacos de confeitaria dourados 100 x 220 mm, embalagem de 100\"}]},{\"@type\":\"WebSite\",\"@id\":\"https:\/\/www.csj-emballages.com\/pt-pt\/#website\",\"url\":\"https:\/\/www.csj-emballages.com\/pt-pt\/\",\"name\":\"CSJ Emballages\",\"description\":\"\",\"publisher\":{\"@id\":\"https:\/\/www.csj-emballages.com\/pt-pt\/#organization\"},\"potentialAction\":[{\"@type\":\"SearchAction\",\"target\":{\"@type\":\"EntryPoint\",\"urlTemplate\":\"https:\/\/www.csj-emballages.com\/pt-pt\/?s={search_term_string}\"},\"query-input\":{\"@type\":\"PropertyValueSpecification\",\"valueRequired\":true,\"valueName\":\"search_term_string\"}}],\"inLanguage\":\"pt-PT\"},{\"@type\":\"Organization\",\"@id\":\"https:\/\/www.csj-emballages.com\/pt-pt\/#Organization\/\",\"name\":\"CSJ Emballages\",\"url\":\"https:\/\/www.csj-emballages.com\/pt-pt\/\",\"logo\":{\"@type\":\"ImageObject\",\"inLanguage\":\"pt-PT\",\"@id\":\"https:\/\/www.csj-emballages.com\/pt-pt\/#\/schema\/logo\/image\/\",\"url\":\"https:\/\/www.csj-emballages.com\/wp-content\/uploads\/2023\/10\/logo_csj.webp\",\"contentUrl\":\"https:\/\/www.csj-emballages.com\/wp-content\/uploads\/2023\/10\/logo_csj.webp\",\"width\":250,\"height\":95,\"caption\":\"CSJ Emballages\"},\"image\":{\"@id\":\"https:\/\/www.csj-emballages.com\/pt-pt\/#\/schema\/logo\/image\/\"},\"sameAs\":[\"https:\/\/www.facebook.com\/csjemballages\"],\"address\":{\"@type\":\"PostalAddress\",\"streetAddress\":\"ZI La Lechere\",\"addressLocality\":\"Patornay\",\"postalCode\":\"39130\",\"addressCountry\":\"FR\"},\"contactPoint\":[{\"@type\":\"ContactPoint\",\"contactType\":\"Service client\",\"telephone\":\"0384254272\",\"email\":\"contact@csj-emballages.com\"}]}]}<\/script>\n<!-- \/ Yoast SEO Premium plugin. -->","yoast_head_json":{"title":"Saco de confeitarias com vidrado dourado 100 x 220 mm por 100","description":"Saco de confeitarias GOLD 100 x 220 mm: elegante, recicl\u00e1vel e est\u00e1vel. Ideal para chocolatiers, pasteleiros e patissiers.","robots":{"index":"index","follow":"follow","max-snippet":"max-snippet:-1","max-image-preview":"max-image-preview:large","max-video-preview":"max-video-preview:-1"},"canonical":"https:\/\/www.csj-emballages.com\/pt-pt\/produit\/100-sacos-de-cartao-vidrado-dourado-100-x-220-mm\/","og_locale":"pt_PT","og_type":"article","og_title":"Sacos de confeitaria dourados 100 x 220 mm, embalagem de 100","og_description":"Saco de confeitarias GOLD 100 x 220 mm: elegante, recicl\u00e1vel e est\u00e1vel. Ideal para chocolatiers, pasteleiros e patissiers.","og_url":"https:\/\/www.csj-emballages.com\/pt-pt\/produit\/100-sacos-de-cartao-vidrado-dourado-100-x-220-mm\/","og_site_name":"CSJ Emballages","article_publisher":"https:\/\/www.facebook.com\/csjemballages","article_modified_time":"2026-04-03T00:20:39+00:00","og_image":[{"width":800,"height":800,"url":"https:\/\/www.csj-emballages.com\/wp-content\/uploads\/2024\/03\/SGLACEORT1.webp","type":"image\/webp"}],"twitter_card":"summary_large_image","twitter_misc":{"Tempo estimado de leitura":"2 minutos"},"schema":{"@context":"https:\/\/schema.org","@graph":[{"@type":"WebPage","@id":"https:\/\/www.csj-emballages.com\/pt-pt\/produit\/100-sacos-de-cartao-vidrado-dourado-100-x-220-mm\/","url":"https:\/\/www.csj-emballages.com\/pt-pt\/produit\/100-sacos-de-cartao-vidrado-dourado-100-x-220-mm\/","name":"Saco de confeitarias com vidrado dourado 100 x 220 mm por 100","isPartOf":{"@id":"https:\/\/www.csj-emballages.com\/pt-pt\/#website"},"primaryImageOfPage":{"@id":"https:\/\/www.csj-emballages.com\/pt-pt\/produit\/100-sacos-de-cartao-vidrado-dourado-100-x-220-mm\/#primaryimage"},"image":{"@id":"https:\/\/www.csj-emballages.com\/pt-pt\/produit\/100-sacos-de-cartao-vidrado-dourado-100-x-220-mm\/#primaryimage"},"thumbnailUrl":"https:\/\/www.csj-emballages.com\/wp-content\/uploads\/2024\/03\/SGLACEORT1.webp","datePublished":"2024-03-01T15:49:12+00:00","dateModified":"2026-04-03T00:20:39+00:00","description":"Saco de confeitarias GOLD 100 x 220 mm: elegante, recicl\u00e1vel e est\u00e1vel. Ideal para chocolatiers, pasteleiros e patissiers.","breadcrumb":{"@id":"https:\/\/www.csj-emballages.com\/pt-pt\/produit\/100-sacos-de-cartao-vidrado-dourado-100-x-220-mm\/#breadcrumb"},"inLanguage":"pt-PT","potentialAction":[{"@type":"ReadAction","target":["https:\/\/www.csj-emballages.com\/pt-pt\/produit\/100-sacos-de-cartao-vidrado-dourado-100-x-220-mm\/"]}]},{"@type":"ImageObject","inLanguage":"pt-PT","@id":"https:\/\/www.csj-emballages.com\/pt-pt\/produit\/100-sacos-de-cartao-vidrado-dourado-100-x-220-mm\/#primaryimage","url":"https:\/\/www.csj-emballages.com\/wp-content\/uploads\/2024\/03\/SGLACEORT1.webp","contentUrl":"https:\/\/www.csj-emballages.com\/wp-content\/uploads\/2024\/03\/SGLACEORT1.webp","width":800,"height":800,"caption":"sachet confiseries"},{"@type":"BreadcrumbList","@id":"https:\/\/www.csj-emballages.com\/pt-pt\/produit\/100-sacos-de-cartao-vidrado-dourado-100-x-220-mm\/#breadcrumb","itemListElement":[{"@type":"ListItem","position":1,"name":"Acolhimento","item":"https:\/\/www.csj-emballages.com\/pt-pt\/universo-das-embalagens-alimentares\/"},{"@type":"ListItem","position":2,"name":"Shop","item":"https:\/\/www.csj-emballages.com\/shop\/"},{"@type":"ListItem","position":3,"name":"Sacos de confeitaria dourados 100 x 220 mm, embalagem de 100"}]},{"@type":"WebSite","@id":"https:\/\/www.csj-emballages.com\/pt-pt\/#website","url":"https:\/\/www.csj-emballages.com\/pt-pt\/","name":"CSJ Emballages","description":"","publisher":{"@id":"https:\/\/www.csj-emballages.com\/pt-pt\/#organization"},"potentialAction":[{"@type":"SearchAction","target":{"@type":"EntryPoint","urlTemplate":"https:\/\/www.csj-emballages.com\/pt-pt\/?s={search_term_string}"},"query-input":{"@type":"PropertyValueSpecification","valueRequired":true,"valueName":"search_term_string"}}],"inLanguage":"pt-PT"},{"@type":"Organization","@id":"https:\/\/www.csj-emballages.com\/pt-pt\/#Organization\/","name":"CSJ Emballages","url":"https:\/\/www.csj-emballages.com\/pt-pt\/","logo":{"@type":"ImageObject","inLanguage":"pt-PT","@id":"https:\/\/www.csj-emballages.com\/pt-pt\/#\/schema\/logo\/image\/","url":"https:\/\/www.csj-emballages.com\/wp-content\/uploads\/2023\/10\/logo_csj.webp","contentUrl":"https:\/\/www.csj-emballages.com\/wp-content\/uploads\/2023\/10\/logo_csj.webp","width":250,"height":95,"caption":"CSJ Emballages"},"image":{"@id":"https:\/\/www.csj-emballages.com\/pt-pt\/#\/schema\/logo\/image\/"},"sameAs":["https:\/\/www.facebook.com\/csjemballages"],"address":{"@type":"PostalAddress","streetAddress":"ZI La Lechere","addressLocality":"Patornay","postalCode":"39130","addressCountry":"FR"},"contactPoint":[{"@type":"ContactPoint","contactType":"Service client","telephone":"0384254272","email":"contact@csj-emballages.com"}]}]}},"df_price":19.81,"df_sale_price":"","df_regular_price":19.81,"df_image_link":"https:\/\/www.csj-emballages.com\/wp-content\/uploads\/2024\/03\/SGLACEORT1-300x300.webp","tiered_pricing_type":"fixed","tiered_pricing_fixed_rules":[],"tiered_pricing_percentage_rules":[],"tiered_pricing_minimum":1,"tiered_pricing_roles_data":[],"_links":{"self":[{"href":"https:\/\/www.csj-emballages.com\/pt-pt\/wp-json\/wp\/v2\/product\/23643","targetHints":{"allow":["GET"]}}],"collection":[{"href":"https:\/\/www.csj-emballages.com\/pt-pt\/wp-json\/wp\/v2\/product"}],"about":[{"href":"https:\/\/www.csj-emballages.com\/pt-pt\/wp-json\/wp\/v2\/types\/product"}],"wp:featuredmedia":[{"embeddable":true,"href":"https:\/\/www.csj-emballages.com\/pt-pt\/wp-json\/wp\/v2\/media\/243524"}],"wp:attachment":[{"href":"https:\/\/www.csj-emballages.com\/pt-pt\/wp-json\/wp\/v2\/media?parent=23643"}],"wp:term":[{"taxonomy":"product_brand","embeddable":true,"href":"https:\/\/www.csj-emballages.com\/pt-pt\/wp-json\/wp\/v2\/product_brand?post=23643"},{"taxonomy":"product_cat","embeddable":true,"href":"https:\/\/www.csj-emballages.com\/pt-pt\/wp-json\/wp\/v2\/product_cat?post=23643"},{"taxonomy":"product_tag","embeddable":true,"href":"https:\/\/www.csj-emballages.com\/pt-pt\/wp-json\/wp\/v2\/product_tag?post=23643"}],"curies":[{"name":"wp","href":"https:\/\/api.w.org\/{rel}","templated":true}]}}