{"id":236281,"date":"2025-06-20T13:48:35","date_gmt":"2025-06-20T11:48:35","guid":{"rendered":"https:\/\/www.csj-emballages.com\/produit\/copo-de-papel-frio-25cl-por-50\/"},"modified":"2026-04-29T02:14:59","modified_gmt":"2026-04-29T00:14:59","slug":"copo-de-papel-frio-25cl-por-50","status":"publish","type":"product","link":"https:\/\/www.csj-emballages.com\/pt-pt\/produit\/copo-de-papel-frio-25cl-por-50\/","title":{"rendered":"Copo de papel frio 40cl por 50"},"content":{"rendered":"<h2 class=\"p1 ai-optimize-26\">Copo de cart\u00e3o<\/h2>\n<div style=\"font-family: Roboto, sans-serif;\">\n<div style=\"font-family: Roboto, sans-serif;\">\n<div style=\"font-family: Roboto, sans-serif;\">\n<div style=\"font-family: Roboto, sans-serif;\">\n<div style=\"font-family: Roboto, sans-serif;\">\n<div style=\"font-family: Roboto, sans-serif;\">\n<div style=\"font-family: Roboto, sans-serif;\">\n<div style=\"font-family: Roboto, sans-serif;\">\n<div style=\"font-family: Roboto, sans-serif;\">\n<div style=\"font-family: Roboto, sans-serif;\">\n<div style=\"font-family: Roboto, sans-serif;\">\n<div style=\"font-family: Roboto, sans-serif;\">\n<div style=\"font-family: Roboto, sans-serif;\">\n<div class=\"flex flex-grow flex-col max-w-full\">\n<div class=\"min-h-[20px] text-message flex flex-col items-start whitespace-pre-wrap break-words [.text-message+&amp;]:mt-5 juice:w-full juice:items-end overflow-x-auto gap-2\" dir=\"auto\" data-message-author-role=\"assistant\" data-message-id=\"2034782e-88f9-44ef-b4dc-07dd7bf0115f\">\n<div class=\"flex w-full flex-col gap-1 juice:empty:hidden juice:first:pt-[3px]\">\n<div class=\"markdown prose w-full break-words dark:prose-invert light\">\n<div style=\"font-family: Roboto, sans-serif;\">\n<div style=\"font-family: Roboto, sans-serif;\">\n<div style=\"font-family: Roboto, sans-serif;\">\n<div style=\"font-family: Roboto, sans-serif;\">\n<div style=\"font-family: Roboto, sans-serif;\">\n<div style=\"font-family: Roboto, sans-serif;\">\n<div style=\"font-family: Roboto, sans-serif;\">\n<div style=\"font-family: Roboto, sans-serif;\">\n<div style=\"font-family: Roboto, sans-serif;\">\n<div style=\"text-align: center;\">\n<div style=\"font-family: Roboto, sans-serif;\">\n<div style=\"font-family: Roboto, sans-serif;\">\n<div style=\"font-family: Roboto, sans-serif;\">\n<div style=\"font-family: Roboto, sans-serif;\">\n<div style=\"font-family: Roboto, sans-serif;\">\n<hr>\n<h3 class=\"ai-optimize-27\" style=\"font-family: Roboto, sans-serif; text-align: left;\">Descri\u00e7\u00e3o do nosso copo de papel frio 40cl por 50<\/h3>\n<\/div>\n<\/div>\n<\/div>\n<\/div>\n<\/div>\n<\/div>\n<\/div>\n<\/div>\n<\/div>\n<\/div>\n<\/div>\n<\/div>\n<\/div>\n<\/div>\n<\/div>\n<\/div>\n<\/div>\n<\/div>\n<\/div>\n<\/div>\n<\/div>\n<\/div>\n<\/div>\n<\/div>\n<\/div>\n<\/div>\n<\/div>\n<\/div>\n<\/div>\n<\/div>\n<\/div>\n<\/div>\n<p><!--more--><\/p>\n<div class=\"flex max-w-full flex-col flex-grow\">\n<div class=\"min-h-8 text-message flex w-full flex-col items-end gap-2 whitespace-normal break-words [.text-message+&amp;]:mt-5\" dir=\"auto\" data-message-author-role=\"assistant\" data-message-id=\"438df6e8-49a2-474e-9d5c-14a6d91e27c5\" data-client-thread-id=\"WEB:f9818d6b-cc00-47a9-ba1c-1549baa0484c\" data-message-model-slug=\"gpt-4o\">\n<div class=\"flex w-full flex-col gap-1 empty:hidden first:pt-[3px]\">\n<div class=\"markdown prose w-full break-words dark:prose-invert light\">\n<p class=\"ai-optimize-28 ai-optimize-introduction\" data-start=\"283\" data-end=\"707\">Robusto, pr\u00e1tico e ecol\u00f3gico, este pack de <strong data-start=\"330\" data-end=\"360\">50 copos de papel de 40cl<\/strong> foi concebido para todos os seus eventos, takeaways e pausas para refrescos. Fabricados em <strong>cart\u00e3o r\u00edgido<\/strong> de alta qualidade, s\u00e3o ideais para bebidas <strong data-start=\"523\" data-end=\"534\">frias<\/strong>: sumos, refrigerantes, ch\u00e1s gelados, batidos, \u00e1guas aromatizadas, etc. O formato <strong>de 25cl<\/strong> (250 ml) \u00e9 ideal para doses individuais, quer seja num ambiente profissional ou privado. <\/p>\n<p class=\"ai-optimize-29\" data-start=\"709\" data-end=\"1046\">Estes <strong>copos<\/strong> s\u00e3o perfeitos para <strong data-start=\"751\" data-end=\"766\">food trucks<\/strong>, <strong data-start=\"768\" data-end=\"777\">caf\u00e9s<\/strong> e <strong data-start=\"779\" data-end=\"789\">snack-bares<\/strong>, bem como para <strong data-start=\"806\" data-end=\"822\">associa\u00e7\u00f5es<\/strong>, <strong data-start=\"824\" data-end=\"839\">empresas<\/strong>, <strong data-start=\"841\" data-end=\"854\">fornecedores de refei\u00e7\u00f5es<\/strong> e <strong data-start=\"858\" data-end=\"874\">particulares<\/strong> em piqueniques, festivais e festas de anivers\u00e1rio. A sua textura exterior torna-os f\u00e1ceis de agarrar, sem amolecer ou deformar em contacto com a bebida. <\/p>\n<p class=\"ai-optimize-30\" data-start=\"1048\" data-end=\"1274\">No que diz respeito \u00e0 praticidade, a embalagem <strong>de 50 unidades<\/strong> oferece um bom equil\u00edbrio entre a utiliza\u00e7\u00e3o ocasional e a utiliza\u00e7\u00e3o regular. Se procura uma solu\u00e7\u00e3o fi\u00e1vel, atractiva e f\u00e1cil de guardar, estes <strong>copos de papel para frio<\/strong> s\u00e3o a solu\u00e7\u00e3o ideal. <\/p>\n<p class=\"ai-optimize-31\" data-start=\"1276\" data-end=\"1497\">Estes <strong>copos de papel<\/strong> j\u00e1 est\u00e3o personalizados com <strong data-start=\"318\" data-end=\"342\">motivos bonitos e coloridos<\/strong> que lembram o mundo do ver\u00e3o, das festas e da comida r\u00e1pida. Perfeitos para criar um ambiente de conv\u00edvio sem esfor\u00e7o, estes <strong>copos<\/strong> s\u00e3o t\u00e3o pr\u00e1ticos como atractivos. Uma escolha simples mas eficaz para servir as suas bebidas frias nas melhores condi\u00e7\u00f5es poss\u00edveis.  <\/p>\n<p data-start=\"1276\" data-end=\"1497\">\n<\/div>\n<\/div>\n<\/div>\n<\/div>\n<p><!--more--><\/p>\n<h4 class=\"ai-optimize-39\">Vantagens:<\/h4>\n<ul>\n<li class=\"ai-optimize-40\"><strong>Motivos pr\u00e9-impressos<\/strong>: ambiente de ver\u00e3o, snack-bar, festa.<\/li>\n<li class=\"ai-optimize-41\">Ideal para todas as bebidas frias.<\/li>\n<li class=\"ai-optimize-42\">Cart\u00e3o forte e r\u00edgido.<\/li>\n<li class=\"ai-optimize-43\">Formato pr\u00e1tico e vers\u00e1til de 40cl.<\/li>\n<li class=\"ai-optimize-44\">Embalagem de 50 unidades, f\u00e1cil de guardar.<\/li>\n<\/ul>\n<p>&nbsp;<\/p>\n<p><!--more--><\/p>\n<h4 class=\"ai-optimize-30\">Outras informa\u00e7\u00f5es sobre este produto:<\/h4>\n<ul style=\"font-family: Roboto, sans-serif;\">\n<li class=\"ai-optimize-31\"><strong>Embalagem<\/strong>: Pacote de 50<\/li>\n<li class=\"ai-optimize-32\"><strong>Di\u00e2metro inferior<\/strong>: 60 mm<\/li>\n<li class=\"ai-optimize-33\"><strong>Di\u00e2metro superior<\/strong>: 88 mm<\/li>\n<li class=\"ai-optimize-34\"><strong>Altura<\/strong>: 135 mm<\/li>\n<li class=\"ai-optimize-33\"><span style=\"font-weight: bold;\">Volume <\/span>: 40 cl<\/li>\n<li class=\"ai-optimize-33\"><strong>Cor<\/strong>: Branco \/ Padr\u00f5es<\/li>\n<li class=\"ai-optimize-48\"><strong>Material<\/strong>: Cart\u00e3o<\/li>\n<\/ul>\n<p>&nbsp;<\/p>\n<p><!--more--><\/p>\n<p class=\"ai-optimize-45\">Estes copos tamb\u00e9m est\u00e3o dispon\u00edveis em 25 cl: <span style=\"color: #d12727;\"><a style=\"color: #d12727;\" href=\"https:\/\/www.csj-emballages.com\/es\/produit\/vaso-de-papel-frio-25cl-por-50-2\/\">GM2533CART<\/a><\/span><\/p>\n<p>&nbsp;<\/p>\n<p style=\"text-align: left;\"><!--more--><\/p>\n<p class=\"ai-optimize-34\"><a href=\"https:\/\/www.csj-emballages.com\/pt-pt\/categorie-produit\/embalagem-de-alimentos\/restauracao\/chavenas-copos-baldes-garrafas\/copos-de-cartao\/copos-brancos\/\">Ver o resto da nossa gama de copos de papel<\/a><\/p>\n","protected":false},"excerpt":{"rendered":"<p>Copo de cart\u00e3o Descri\u00e7\u00e3o do nosso copo de papel frio 40cl por 50<\/p>\n","protected":false},"featured_media":236316,"template":"","meta":{"_acf_changed":false},"product_brand":[],"product_cat":[1141,1138,1471,9242,11579],"product_tag":[],"class_list":{"0":"post-236281","1":"product","2":"type-product","3":"status-publish","4":"has-post-thumbnail","6":"product_cat-embalagem-de-alimentos","7":"product_cat-restauracao","8":"product_cat-chavenas-copos-baldes-garrafas","9":"product_cat-copos-de-cartao","10":"product_cat-copos-de-cartao-para-smoothie","12":"first","13":"instock","14":"taxable","15":"shipping-taxable","16":"purchasable","17":"product-type-simple"},"acf":[],"yoast_head":"<!-- This site is optimized with the Yoast SEO Premium plugin v26.6 (Yoast SEO v26.6) - https:\/\/yoast.com\/wordpress\/plugins\/seo\/ -->\n<title>Copo de cart\u00e3o frio 40cl por 50<\/title>\n<meta name=\"description\" content=\"Copos de papel de 40cl com design de ver\u00e3o\/snack - Conjunto de 50. Pr\u00e1ticos, festivos e perfeitos para bebidas frias para levar ou eventos.\" \/>\n<meta name=\"robots\" content=\"index, follow, max-snippet:-1, max-image-preview:large, max-video-preview:-1\" \/>\n<link rel=\"canonical\" href=\"https:\/\/www.csj-emballages.com\/pt-pt\/produit\/copo-de-papel-frio-25cl-por-50\/\" \/>\n<meta property=\"og:locale\" content=\"pt_PT\" \/>\n<meta property=\"og:type\" content=\"article\" \/>\n<meta property=\"og:title\" content=\"Copo de papel frio 40cl por 50\" \/>\n<meta property=\"og:description\" content=\"Copos de papel de 40cl com design de ver\u00e3o\/snack - Conjunto de 50. Pr\u00e1ticos, festivos e perfeitos para bebidas frias para levar ou eventos.\" \/>\n<meta property=\"og:url\" content=\"https:\/\/www.csj-emballages.com\/pt-pt\/produit\/copo-de-papel-frio-25cl-por-50\/\" \/>\n<meta property=\"og:site_name\" content=\"CSJ Emballages\" \/>\n<meta property=\"article:publisher\" content=\"https:\/\/www.facebook.com\/csjemballages\" \/>\n<meta property=\"article:modified_time\" content=\"2026-04-29T00:14:59+00:00\" \/>\n<meta property=\"og:image\" content=\"https:\/\/www.csj-emballages.com\/wp-content\/uploads\/2025\/06\/GM400CART-4.webp\" \/>\n\t<meta property=\"og:image:width\" content=\"800\" \/>\n\t<meta property=\"og:image:height\" content=\"800\" \/>\n\t<meta property=\"og:image:type\" content=\"image\/png\" \/>\n<meta name=\"twitter:card\" content=\"summary_large_image\" \/>\n<meta name=\"twitter:label1\" content=\"Tempo estimado de leitura\" \/>\n\t<meta name=\"twitter:data1\" content=\"2 minutos\" \/>\n<script type=\"application\/ld+json\" class=\"yoast-schema-graph\">{\"@context\":\"https:\/\/schema.org\",\"@graph\":[{\"@type\":\"WebPage\",\"@id\":\"https:\/\/www.csj-emballages.com\/pt-pt\/produit\/copo-de-papel-frio-25cl-por-50\/\",\"url\":\"https:\/\/www.csj-emballages.com\/pt-pt\/produit\/copo-de-papel-frio-25cl-por-50\/\",\"name\":\"Copo de cart\u00e3o frio 40cl por 50\",\"isPartOf\":{\"@id\":\"https:\/\/www.csj-emballages.com\/pt-pt\/#website\"},\"primaryImageOfPage\":{\"@id\":\"https:\/\/www.csj-emballages.com\/pt-pt\/produit\/copo-de-papel-frio-25cl-por-50\/#primaryimage\"},\"image\":{\"@id\":\"https:\/\/www.csj-emballages.com\/pt-pt\/produit\/copo-de-papel-frio-25cl-por-50\/#primaryimage\"},\"thumbnailUrl\":\"https:\/\/www.csj-emballages.com\/wp-content\/uploads\/2025\/06\/GM400CART-4.webp\",\"datePublished\":\"2025-06-20T11:48:35+00:00\",\"dateModified\":\"2026-04-29T00:14:59+00:00\",\"description\":\"Copos de papel de 40cl com design de ver\u00e3o\/snack - Conjunto de 50. Pr\u00e1ticos, festivos e perfeitos para bebidas frias para levar ou eventos.\",\"breadcrumb\":{\"@id\":\"https:\/\/www.csj-emballages.com\/pt-pt\/produit\/copo-de-papel-frio-25cl-por-50\/#breadcrumb\"},\"inLanguage\":\"pt-PT\",\"potentialAction\":[{\"@type\":\"ReadAction\",\"target\":[\"https:\/\/www.csj-emballages.com\/pt-pt\/produit\/copo-de-papel-frio-25cl-por-50\/\"]}]},{\"@type\":\"ImageObject\",\"inLanguage\":\"pt-PT\",\"@id\":\"https:\/\/www.csj-emballages.com\/pt-pt\/produit\/copo-de-papel-frio-25cl-por-50\/#primaryimage\",\"url\":\"https:\/\/www.csj-emballages.com\/wp-content\/uploads\/2025\/06\/GM400CART-4.webp\",\"contentUrl\":\"https:\/\/www.csj-emballages.com\/wp-content\/uploads\/2025\/06\/GM400CART-4.webp\",\"width\":800,\"height\":800,\"caption\":\"Gobelet carton\"},{\"@type\":\"BreadcrumbList\",\"@id\":\"https:\/\/www.csj-emballages.com\/pt-pt\/produit\/copo-de-papel-frio-25cl-por-50\/#breadcrumb\",\"itemListElement\":[{\"@type\":\"ListItem\",\"position\":1,\"name\":\"Acolhimento\",\"item\":\"https:\/\/www.csj-emballages.com\/pt-pt\/universo-das-embalagens-alimentares\/\"},{\"@type\":\"ListItem\",\"position\":2,\"name\":\"Shop\",\"item\":\"https:\/\/www.csj-emballages.com\/shop\/\"},{\"@type\":\"ListItem\",\"position\":3,\"name\":\"Copo de papel frio 40cl por 50\"}]},{\"@type\":\"WebSite\",\"@id\":\"https:\/\/www.csj-emballages.com\/pt-pt\/#website\",\"url\":\"https:\/\/www.csj-emballages.com\/pt-pt\/\",\"name\":\"CSJ Emballages\",\"description\":\"\",\"publisher\":{\"@id\":\"https:\/\/www.csj-emballages.com\/pt-pt\/#organization\"},\"potentialAction\":[{\"@type\":\"SearchAction\",\"target\":{\"@type\":\"EntryPoint\",\"urlTemplate\":\"https:\/\/www.csj-emballages.com\/pt-pt\/?s={search_term_string}\"},\"query-input\":{\"@type\":\"PropertyValueSpecification\",\"valueRequired\":true,\"valueName\":\"search_term_string\"}}],\"inLanguage\":\"pt-PT\"},{\"@type\":\"Organization\",\"@id\":\"https:\/\/www.csj-emballages.com\/pt-pt\/#Organization\/\",\"name\":\"CSJ Emballages\",\"url\":\"https:\/\/www.csj-emballages.com\/pt-pt\/\",\"logo\":{\"@type\":\"ImageObject\",\"inLanguage\":\"pt-PT\",\"@id\":\"https:\/\/www.csj-emballages.com\/pt-pt\/#\/schema\/logo\/image\/\",\"url\":\"https:\/\/www.csj-emballages.com\/wp-content\/uploads\/2023\/10\/logo_csj.webp\",\"contentUrl\":\"https:\/\/www.csj-emballages.com\/wp-content\/uploads\/2023\/10\/logo_csj.webp\",\"width\":250,\"height\":95,\"caption\":\"CSJ Emballages\"},\"image\":{\"@id\":\"https:\/\/www.csj-emballages.com\/pt-pt\/#\/schema\/logo\/image\/\"},\"sameAs\":[\"https:\/\/www.facebook.com\/csjemballages\"],\"address\":{\"@type\":\"PostalAddress\",\"streetAddress\":\"ZI La Lechere\",\"addressLocality\":\"Patornay\",\"postalCode\":\"39130\",\"addressCountry\":\"FR\"},\"contactPoint\":[{\"@type\":\"ContactPoint\",\"contactType\":\"Service client\",\"telephone\":\"0384254272\",\"email\":\"contact@csj-emballages.com\"}]}]}<\/script>\n<!-- \/ Yoast SEO Premium plugin. -->","yoast_head_json":{"title":"Copo de cart\u00e3o frio 40cl por 50","description":"Copos de papel de 40cl com design de ver\u00e3o\/snack - Conjunto de 50. Pr\u00e1ticos, festivos e perfeitos para bebidas frias para levar ou eventos.","robots":{"index":"index","follow":"follow","max-snippet":"max-snippet:-1","max-image-preview":"max-image-preview:large","max-video-preview":"max-video-preview:-1"},"canonical":"https:\/\/www.csj-emballages.com\/pt-pt\/produit\/copo-de-papel-frio-25cl-por-50\/","og_locale":"pt_PT","og_type":"article","og_title":"Copo de papel frio 40cl por 50","og_description":"Copos de papel de 40cl com design de ver\u00e3o\/snack - Conjunto de 50. Pr\u00e1ticos, festivos e perfeitos para bebidas frias para levar ou eventos.","og_url":"https:\/\/www.csj-emballages.com\/pt-pt\/produit\/copo-de-papel-frio-25cl-por-50\/","og_site_name":"CSJ Emballages","article_publisher":"https:\/\/www.facebook.com\/csjemballages","article_modified_time":"2026-04-29T00:14:59+00:00","og_image":[{"width":800,"height":800,"url":"https:\/\/www.csj-emballages.com\/wp-content\/uploads\/2025\/06\/GM400CART-4.webp","type":"image\/png"}],"twitter_card":"summary_large_image","twitter_misc":{"Tempo estimado de leitura":"2 minutos"},"schema":{"@context":"https:\/\/schema.org","@graph":[{"@type":"WebPage","@id":"https:\/\/www.csj-emballages.com\/pt-pt\/produit\/copo-de-papel-frio-25cl-por-50\/","url":"https:\/\/www.csj-emballages.com\/pt-pt\/produit\/copo-de-papel-frio-25cl-por-50\/","name":"Copo de cart\u00e3o frio 40cl por 50","isPartOf":{"@id":"https:\/\/www.csj-emballages.com\/pt-pt\/#website"},"primaryImageOfPage":{"@id":"https:\/\/www.csj-emballages.com\/pt-pt\/produit\/copo-de-papel-frio-25cl-por-50\/#primaryimage"},"image":{"@id":"https:\/\/www.csj-emballages.com\/pt-pt\/produit\/copo-de-papel-frio-25cl-por-50\/#primaryimage"},"thumbnailUrl":"https:\/\/www.csj-emballages.com\/wp-content\/uploads\/2025\/06\/GM400CART-4.webp","datePublished":"2025-06-20T11:48:35+00:00","dateModified":"2026-04-29T00:14:59+00:00","description":"Copos de papel de 40cl com design de ver\u00e3o\/snack - Conjunto de 50. Pr\u00e1ticos, festivos e perfeitos para bebidas frias para levar ou eventos.","breadcrumb":{"@id":"https:\/\/www.csj-emballages.com\/pt-pt\/produit\/copo-de-papel-frio-25cl-por-50\/#breadcrumb"},"inLanguage":"pt-PT","potentialAction":[{"@type":"ReadAction","target":["https:\/\/www.csj-emballages.com\/pt-pt\/produit\/copo-de-papel-frio-25cl-por-50\/"]}]},{"@type":"ImageObject","inLanguage":"pt-PT","@id":"https:\/\/www.csj-emballages.com\/pt-pt\/produit\/copo-de-papel-frio-25cl-por-50\/#primaryimage","url":"https:\/\/www.csj-emballages.com\/wp-content\/uploads\/2025\/06\/GM400CART-4.webp","contentUrl":"https:\/\/www.csj-emballages.com\/wp-content\/uploads\/2025\/06\/GM400CART-4.webp","width":800,"height":800,"caption":"Gobelet carton"},{"@type":"BreadcrumbList","@id":"https:\/\/www.csj-emballages.com\/pt-pt\/produit\/copo-de-papel-frio-25cl-por-50\/#breadcrumb","itemListElement":[{"@type":"ListItem","position":1,"name":"Acolhimento","item":"https:\/\/www.csj-emballages.com\/pt-pt\/universo-das-embalagens-alimentares\/"},{"@type":"ListItem","position":2,"name":"Shop","item":"https:\/\/www.csj-emballages.com\/shop\/"},{"@type":"ListItem","position":3,"name":"Copo de papel frio 40cl por 50"}]},{"@type":"WebSite","@id":"https:\/\/www.csj-emballages.com\/pt-pt\/#website","url":"https:\/\/www.csj-emballages.com\/pt-pt\/","name":"CSJ Emballages","description":"","publisher":{"@id":"https:\/\/www.csj-emballages.com\/pt-pt\/#organization"},"potentialAction":[{"@type":"SearchAction","target":{"@type":"EntryPoint","urlTemplate":"https:\/\/www.csj-emballages.com\/pt-pt\/?s={search_term_string}"},"query-input":{"@type":"PropertyValueSpecification","valueRequired":true,"valueName":"search_term_string"}}],"inLanguage":"pt-PT"},{"@type":"Organization","@id":"https:\/\/www.csj-emballages.com\/pt-pt\/#Organization\/","name":"CSJ Emballages","url":"https:\/\/www.csj-emballages.com\/pt-pt\/","logo":{"@type":"ImageObject","inLanguage":"pt-PT","@id":"https:\/\/www.csj-emballages.com\/pt-pt\/#\/schema\/logo\/image\/","url":"https:\/\/www.csj-emballages.com\/wp-content\/uploads\/2023\/10\/logo_csj.webp","contentUrl":"https:\/\/www.csj-emballages.com\/wp-content\/uploads\/2023\/10\/logo_csj.webp","width":250,"height":95,"caption":"CSJ Emballages"},"image":{"@id":"https:\/\/www.csj-emballages.com\/pt-pt\/#\/schema\/logo\/image\/"},"sameAs":["https:\/\/www.facebook.com\/csjemballages"],"address":{"@type":"PostalAddress","streetAddress":"ZI La Lechere","addressLocality":"Patornay","postalCode":"39130","addressCountry":"FR"},"contactPoint":[{"@type":"ContactPoint","contactType":"Service client","telephone":"0384254272","email":"contact@csj-emballages.com"}]}]}},"df_price":5.89,"df_sale_price":"","df_regular_price":5.89,"df_image_link":"https:\/\/www.csj-emballages.com\/wp-content\/uploads\/2025\/06\/GM400CART-4-300x300.webp","tiered_pricing_type":"fixed","tiered_pricing_fixed_rules":[],"tiered_pricing_percentage_rules":[],"tiered_pricing_minimum":1,"tiered_pricing_roles_data":[],"_links":{"self":[{"href":"https:\/\/www.csj-emballages.com\/pt-pt\/wp-json\/wp\/v2\/product\/236281","targetHints":{"allow":["GET"]}}],"collection":[{"href":"https:\/\/www.csj-emballages.com\/pt-pt\/wp-json\/wp\/v2\/product"}],"about":[{"href":"https:\/\/www.csj-emballages.com\/pt-pt\/wp-json\/wp\/v2\/types\/product"}],"wp:featuredmedia":[{"embeddable":true,"href":"https:\/\/www.csj-emballages.com\/pt-pt\/wp-json\/wp\/v2\/media\/236316"}],"wp:attachment":[{"href":"https:\/\/www.csj-emballages.com\/pt-pt\/wp-json\/wp\/v2\/media?parent=236281"}],"wp:term":[{"taxonomy":"product_brand","embeddable":true,"href":"https:\/\/www.csj-emballages.com\/pt-pt\/wp-json\/wp\/v2\/product_brand?post=236281"},{"taxonomy":"product_cat","embeddable":true,"href":"https:\/\/www.csj-emballages.com\/pt-pt\/wp-json\/wp\/v2\/product_cat?post=236281"},{"taxonomy":"product_tag","embeddable":true,"href":"https:\/\/www.csj-emballages.com\/pt-pt\/wp-json\/wp\/v2\/product_tag?post=236281"}],"curies":[{"name":"wp","href":"https:\/\/api.w.org\/{rel}","templated":true}]}}