{"id":236254,"date":"2025-06-20T13:47:47","date_gmt":"2025-06-20T11:47:47","guid":{"rendered":"https:\/\/www.csj-emballages.com\/produit\/caixa-de-embrulho-kraft-com-janela-150-x-93-x-53-mm-50-unidades\/"},"modified":"2026-04-18T02:12:36","modified_gmt":"2026-04-18T00:12:36","slug":"caixa-de-embrulho-kraft-com-janela-150-x-93-x-53-mm-50-unidades","status":"publish","type":"product","link":"https:\/\/www.csj-emballages.com\/pt-pt\/produit\/caixa-de-embrulho-kraft-com-janela-150-x-93-x-53-mm-50-unidades\/","title":{"rendered":"Caixa de embrulho kraft com janela 150 x 93 x 53 mm, 50 unidades"},"content":{"rendered":"<div style=\"font-family: Roboto, sans-serif;\">\n<div style=\"font-family: Roboto, sans-serif;\">\n<div style=\"font-family: Roboto, sans-serif;\">\n<div style=\"font-family: Roboto, sans-serif;\">\n<div style=\"font-family: Roboto, sans-serif;\">\n<div style=\"font-family: Roboto, sans-serif;\">\n<div style=\"font-family: Roboto, sans-serif;\">\n<div style=\"font-family: Roboto, sans-serif;\">\n<div style=\"font-family: Roboto, sans-serif;\">\n<div style=\"font-family: Roboto, sans-serif;\">\n<div style=\"font-family: Roboto, sans-serif;\">\n<div style=\"font-family: Roboto, sans-serif;\">\n<div style=\"font-family: Roboto, sans-serif;\">\n<div class=\"flex flex-grow flex-col max-w-full\">\n<div class=\"min-h-[20px] text-message flex flex-col items-start whitespace-pre-wrap break-words [.text-message+&amp;]:mt-5 juice:w-full juice:items-end overflow-x-auto gap-2\" dir=\"auto\" data-message-author-role=\"assistant\" data-message-id=\"2034782e-88f9-44ef-b4dc-07dd7bf0115f\">\n<div class=\"flex w-full flex-col gap-1 juice:empty:hidden juice:first:pt-[3px]\">\n<div class=\"markdown prose w-full break-words dark:prose-invert light\">\n<div style=\"font-family: Roboto, sans-serif;\">\n<div style=\"font-family: Roboto, sans-serif;\">\n<div style=\"font-family: Roboto, sans-serif;\">\n<div style=\"font-family: Roboto, sans-serif;\">\n<div style=\"font-family: Roboto, sans-serif;\">\n<div style=\"font-family: Roboto, sans-serif;\">\n<h2>Caixa de embrulho<\/h2>\n<div style=\"font-family: Roboto, sans-serif;\">\n<div style=\"font-family: Roboto, sans-serif;\">\n<div style=\"font-family: Roboto, sans-serif;\">\n<div style=\"text-align: center;\">\n<div style=\"font-family: Roboto, sans-serif;\">\n<div style=\"font-family: Roboto, sans-serif;\">\n<div style=\"font-family: Roboto, sans-serif;\">\n<div style=\"font-family: Roboto, sans-serif;\">\n<div style=\"font-family: Roboto, sans-serif;\">\n<hr>\n<h3 style=\"font-family: Roboto, sans-serif; text-align: left;\">Descri\u00e7\u00e3o da nossa caixa de embrulho kraft com janela 150 x 93 x 53 mm, embalagem de 50<\/h3>\n<\/div>\n<\/div>\n<\/div>\n<\/div>\n<\/div>\n<\/div>\n<\/div>\n<\/div>\n<\/div>\n<\/div>\n<\/div>\n<\/div>\n<\/div>\n<\/div>\n<\/div>\n<\/div>\n<\/div>\n<\/div>\n<\/div>\n<\/div>\n<\/div>\n<\/div>\n<\/div>\n<\/div>\n<\/div>\n<\/div>\n<\/div>\n<\/div>\n<\/div>\n<\/div>\n<\/div>\n<\/div>\n<p><!--more--><\/p>\n<div class=\"flex max-w-full flex-col flex-grow\">\n<div class=\"min-h-8 text-message flex w-full flex-col items-end gap-2 whitespace-normal break-words [.text-message+&amp;]:mt-5\" dir=\"auto\" data-message-author-role=\"assistant\" data-message-id=\"438df6e8-49a2-474e-9d5c-14a6d91e27c5\" data-client-thread-id=\"WEB:f9818d6b-cc00-47a9-ba1c-1549baa0484c\" data-message-model-slug=\"gpt-4o\">\n<div class=\"flex w-full flex-col gap-1 empty:hidden first:pt-[3px]\">\n<div class=\"markdown prose w-full break-words dark:prose-invert light\">\n<p data-start=\"353\" data-end=\"844\">Se procura uma forma simples e elegante de apresentar os seus <strong>embrulhos<\/strong>, esta <strong>caixa kraft com janela<\/strong> tornar-se-\u00e1 rapidamente um must-have na sua \u00e1rea de vendas. \u00c0 primeira vista, j\u00e1 tem um aspeto fresco: a sua <g id=\"gid_2\">cor natural real\u00e7a<\/g> os produtos, enquanto a sua grande <g id=\"gid_3\">janela transparente<\/g> permite ver o <g id=\"gid_4\">embrulho<\/g> sem o abrir. O resultado: os seus clientes podem ver imediatamente o que est\u00e3o a comprar, o que cria um sentimento de confian\u00e7a e faz com que queiram provar ainda mais.  <\/p>\n<p data-start=\"846\" data-end=\"1337\">Com o seu formato de <strong data-start=\"865\" data-end=\"885\">150 x 93 x 53 mm<\/strong>, \u00e9 o local perfeito para um <strong>embrulho generoso<\/strong>, bem cheio e mantido na vertical. O <strong>cart\u00e3o kraft<\/strong> \u00e9 simultaneamente leve e robusto, protegendo o conte\u00fado e mantendo um aspeto aut\u00eantico e moderno. Al\u00e9m disso, o fecho inteligente evita que o <strong>embrulho <\/strong>escorregue ou derrame, mesmo durante o transporte. Isto torna a <strong>caixa<\/strong> ideal para takeaways, almo\u00e7os de canto, food-trucks e snacks que privilegiam a rapidez sem sacrificar a apresenta\u00e7\u00e3o.   <\/p>\n<p data-start=\"1339\" data-end=\"1784\">Al\u00e9m disso, esta <strong>caixa de embrulho<\/strong> enquadra-se perfeitamente numa abordagem mais respons\u00e1vel gra\u00e7as ao seu <strong>acabamento kraft<\/strong> cru. D\u00e1 imediatamente uma imagem mais natural e coerente aos retalhistas que pretendem promover os seus produtos frescos ou o seu compromisso com o ambiente. E como \u00e9 vendida <strong data-start=\"1642\" data-end=\"1659\">em embalagens de 50 unidades<\/strong>, obt\u00e9m uma quantidade pr\u00e1tica: o suficiente para v\u00e1rios pratos, mas n\u00e3o demasiado para manter uma rota\u00e7\u00e3o suave.  <\/p>\n<p data-start=\"1786\" data-end=\"2012\">Em suma, esta <strong>caixa de embrulho<\/strong> transforma uma simples embalagem numa verdadeira montra, melhorando a experi\u00eancia do cliente desde o primeiro olhar at\u00e9 \u00e0 degusta\u00e7\u00e3o.<\/p>\n<p data-start=\"1786\" data-end=\"2012\">\n<\/div>\n<\/div>\n<\/div>\n<\/div>\n<p><!--more--><\/p>\n<h4>Vantagens :<\/h4>\n<ul>\n<li data-start=\"2040\" data-end=\"2094\"><strong>Grande janela transparente<\/strong> para destacar o produto.<\/li>\n<li data-start=\"2097\" data-end=\"2136\">Formato concebido para <strong>embalagens generosas<\/strong>.<\/li>\n<li data-start=\"2139\" data-end=\"2171\">Aspeto kraft natural e moderno.<\/li>\n<li data-start=\"2174\" data-end=\"2211\">Fecho fi\u00e1vel para o transporte.<\/li>\n<li data-start=\"2214\" data-end=\"2263\">Embalagem de <strong>50<\/strong> unidades, ideal para uso profissional.<\/li>\n<\/ul>\n<p>&nbsp;<\/p>\n<p><!--more--><\/p>\n<h4>Outras informa\u00e7\u00f5es :<\/h4>\n<ul style=\"font-family: Roboto, sans-serif;\">\n<li><strong>Embalagem<\/strong>: Pacote de 50<\/li>\n<li><span style=\"font-weight: bold;\">Dimens\u00f5es<\/span>: 95 x 53 (C x L em mm)<\/li>\n<li><strong>Altura m\u00ednima<\/strong>: 110 mm<\/li>\n<li><strong>Altura<\/strong>: 152 mm<\/li>\n<li><strong>Cor<\/strong>: Natural<\/li>\n<li><strong>Material<\/strong>: Cart\u00e3o \/ PLA<\/li>\n<\/ul>\n<p>&nbsp;<\/p>\n<p style=\"text-align: left;\"><!--more--><\/p>\n<p><a href=\"https:\/\/www.csj-emballages.com\/pt-pt\/categorie-produit\/embalagem-de-alimentos\/restauracao\/caixas-tabuleiros-bolsas-cones\/batatas-fritas-panquecas-tacos-wraps\/\">Ver o resto da nossa gama de bolsas para batatas fritas \/ panquecas \/ tacos \/ wraps<\/a><\/p>\n","protected":false},"excerpt":{"rendered":"<p>Caixa de embrulho Descri\u00e7\u00e3o da nossa caixa de embrulho kraft com janela 150 x 93 x 53 mm, embalagem de 50<\/p>\n","protected":false},"featured_media":255925,"template":"","meta":{"_acf_changed":false},"product_brand":[],"product_cat":[1141,1138,3926,3088],"product_tag":[],"class_list":{"0":"post-236254","1":"product","2":"type-product","3":"status-publish","4":"has-post-thumbnail","6":"product_cat-embalagem-de-alimentos","7":"product_cat-restauracao","8":"product_cat-caixas-tabuleiros-bolsas-cones","9":"product_cat-batatas-fritas-panquecas-tacos-wraps","11":"first","12":"instock","13":"taxable","14":"shipping-taxable","15":"purchasable","16":"product-type-simple"},"acf":[],"yoast_head":"<!-- This site is optimized with the Yoast SEO Premium plugin v26.6 (Yoast SEO v26.6) - https:\/\/yoast.com\/wordpress\/plugins\/seo\/ -->\n<title>Caixa de embrulho Kraft com janela 150 x 93 x 53 mm, 50 unidades<\/title>\n<meta name=\"description\" content=\"Caixa de embrulho kraft com janela PLA 150 x 93 x 53 mm - ideal para embrulhos para takeaway. Resistente, recicl\u00e1vel e ideal para vender.\" \/>\n<meta name=\"robots\" content=\"index, follow, max-snippet:-1, max-image-preview:large, max-video-preview:-1\" \/>\n<link rel=\"canonical\" href=\"https:\/\/www.csj-emballages.com\/pt-pt\/produit\/caixa-de-embrulho-kraft-com-janela-150-x-93-x-53-mm-50-unidades\/\" \/>\n<meta property=\"og:locale\" content=\"pt_PT\" \/>\n<meta property=\"og:type\" content=\"article\" \/>\n<meta property=\"og:title\" content=\"Caixa de embrulho kraft com janela 150 x 93 x 53 mm, 50 unidades\" \/>\n<meta property=\"og:description\" content=\"Caixa de embrulho kraft com janela PLA 150 x 93 x 53 mm - ideal para embrulhos para takeaway. Resistente, recicl\u00e1vel e ideal para vender.\" \/>\n<meta property=\"og:url\" content=\"https:\/\/www.csj-emballages.com\/pt-pt\/produit\/caixa-de-embrulho-kraft-com-janela-150-x-93-x-53-mm-50-unidades\/\" \/>\n<meta property=\"og:site_name\" content=\"CSJ Emballages\" \/>\n<meta property=\"article:publisher\" content=\"https:\/\/www.facebook.com\/csjemballages\" \/>\n<meta property=\"article:modified_time\" content=\"2026-04-18T00:12:36+00:00\" \/>\n<meta property=\"og:image\" content=\"https:\/\/www.csj-emballages.com\/wp-content\/uploads\/2025\/06\/BPWRAP-1.webp\" \/>\n\t<meta property=\"og:image:width\" content=\"800\" \/>\n\t<meta property=\"og:image:height\" content=\"800\" \/>\n\t<meta property=\"og:image:type\" content=\"image\/webp\" \/>\n<meta name=\"twitter:card\" content=\"summary_large_image\" \/>\n<meta name=\"twitter:label1\" content=\"Tempo estimado de leitura\" \/>\n\t<meta name=\"twitter:data1\" content=\"2 minutos\" \/>\n<script type=\"application\/ld+json\" class=\"yoast-schema-graph\">{\"@context\":\"https:\/\/schema.org\",\"@graph\":[{\"@type\":\"WebPage\",\"@id\":\"https:\/\/www.csj-emballages.com\/pt-pt\/produit\/caixa-de-embrulho-kraft-com-janela-150-x-93-x-53-mm-50-unidades\/\",\"url\":\"https:\/\/www.csj-emballages.com\/pt-pt\/produit\/caixa-de-embrulho-kraft-com-janela-150-x-93-x-53-mm-50-unidades\/\",\"name\":\"Caixa de embrulho Kraft com janela 150 x 93 x 53 mm, 50 unidades\",\"isPartOf\":{\"@id\":\"https:\/\/www.csj-emballages.com\/pt-pt\/#website\"},\"primaryImageOfPage\":{\"@id\":\"https:\/\/www.csj-emballages.com\/pt-pt\/produit\/caixa-de-embrulho-kraft-com-janela-150-x-93-x-53-mm-50-unidades\/#primaryimage\"},\"image\":{\"@id\":\"https:\/\/www.csj-emballages.com\/pt-pt\/produit\/caixa-de-embrulho-kraft-com-janela-150-x-93-x-53-mm-50-unidades\/#primaryimage\"},\"thumbnailUrl\":\"https:\/\/www.csj-emballages.com\/wp-content\/uploads\/2025\/06\/BPWRAP-1.webp\",\"datePublished\":\"2025-06-20T11:47:47+00:00\",\"dateModified\":\"2026-04-18T00:12:36+00:00\",\"description\":\"Caixa de embrulho kraft com janela PLA 150 x 93 x 53 mm - ideal para embrulhos para takeaway. Resistente, recicl\u00e1vel e ideal para vender.\",\"breadcrumb\":{\"@id\":\"https:\/\/www.csj-emballages.com\/pt-pt\/produit\/caixa-de-embrulho-kraft-com-janela-150-x-93-x-53-mm-50-unidades\/#breadcrumb\"},\"inLanguage\":\"pt-PT\",\"potentialAction\":[{\"@type\":\"ReadAction\",\"target\":[\"https:\/\/www.csj-emballages.com\/pt-pt\/produit\/caixa-de-embrulho-kraft-com-janela-150-x-93-x-53-mm-50-unidades\/\"]}]},{\"@type\":\"ImageObject\",\"inLanguage\":\"pt-PT\",\"@id\":\"https:\/\/www.csj-emballages.com\/pt-pt\/produit\/caixa-de-embrulho-kraft-com-janela-150-x-93-x-53-mm-50-unidades\/#primaryimage\",\"url\":\"https:\/\/www.csj-emballages.com\/wp-content\/uploads\/2025\/06\/BPWRAP-1.webp\",\"contentUrl\":\"https:\/\/www.csj-emballages.com\/wp-content\/uploads\/2025\/06\/BPWRAP-1.webp\",\"width\":800,\"height\":800,\"caption\":\"Boite wrap\"},{\"@type\":\"BreadcrumbList\",\"@id\":\"https:\/\/www.csj-emballages.com\/pt-pt\/produit\/caixa-de-embrulho-kraft-com-janela-150-x-93-x-53-mm-50-unidades\/#breadcrumb\",\"itemListElement\":[{\"@type\":\"ListItem\",\"position\":1,\"name\":\"Acolhimento\",\"item\":\"https:\/\/www.csj-emballages.com\/pt-pt\/universo-das-embalagens-alimentares\/\"},{\"@type\":\"ListItem\",\"position\":2,\"name\":\"Shop\",\"item\":\"https:\/\/www.csj-emballages.com\/shop\/\"},{\"@type\":\"ListItem\",\"position\":3,\"name\":\"Caixa de embrulho kraft com janela 150 x 93 x 53 mm, 50 unidades\"}]},{\"@type\":\"WebSite\",\"@id\":\"https:\/\/www.csj-emballages.com\/pt-pt\/#website\",\"url\":\"https:\/\/www.csj-emballages.com\/pt-pt\/\",\"name\":\"CSJ Emballages\",\"description\":\"\",\"publisher\":{\"@id\":\"https:\/\/www.csj-emballages.com\/pt-pt\/#organization\"},\"potentialAction\":[{\"@type\":\"SearchAction\",\"target\":{\"@type\":\"EntryPoint\",\"urlTemplate\":\"https:\/\/www.csj-emballages.com\/pt-pt\/?s={search_term_string}\"},\"query-input\":{\"@type\":\"PropertyValueSpecification\",\"valueRequired\":true,\"valueName\":\"search_term_string\"}}],\"inLanguage\":\"pt-PT\"},{\"@type\":\"Organization\",\"@id\":\"https:\/\/www.csj-emballages.com\/pt-pt\/#Organization\/\",\"name\":\"CSJ Emballages\",\"url\":\"https:\/\/www.csj-emballages.com\/pt-pt\/\",\"logo\":{\"@type\":\"ImageObject\",\"inLanguage\":\"pt-PT\",\"@id\":\"https:\/\/www.csj-emballages.com\/pt-pt\/#\/schema\/logo\/image\/\",\"url\":\"https:\/\/www.csj-emballages.com\/wp-content\/uploads\/2023\/10\/logo_csj.webp\",\"contentUrl\":\"https:\/\/www.csj-emballages.com\/wp-content\/uploads\/2023\/10\/logo_csj.webp\",\"width\":250,\"height\":95,\"caption\":\"CSJ Emballages\"},\"image\":{\"@id\":\"https:\/\/www.csj-emballages.com\/pt-pt\/#\/schema\/logo\/image\/\"},\"sameAs\":[\"https:\/\/www.facebook.com\/csjemballages\"],\"address\":{\"@type\":\"PostalAddress\",\"streetAddress\":\"ZI La Lechere\",\"addressLocality\":\"Patornay\",\"postalCode\":\"39130\",\"addressCountry\":\"FR\"},\"contactPoint\":[{\"@type\":\"ContactPoint\",\"contactType\":\"Service client\",\"telephone\":\"0384254272\",\"email\":\"contact@csj-emballages.com\"}]}]}<\/script>\n<!-- \/ Yoast SEO Premium plugin. -->","yoast_head_json":{"title":"Caixa de embrulho Kraft com janela 150 x 93 x 53 mm, 50 unidades","description":"Caixa de embrulho kraft com janela PLA 150 x 93 x 53 mm - ideal para embrulhos para takeaway. Resistente, recicl\u00e1vel e ideal para vender.","robots":{"index":"index","follow":"follow","max-snippet":"max-snippet:-1","max-image-preview":"max-image-preview:large","max-video-preview":"max-video-preview:-1"},"canonical":"https:\/\/www.csj-emballages.com\/pt-pt\/produit\/caixa-de-embrulho-kraft-com-janela-150-x-93-x-53-mm-50-unidades\/","og_locale":"pt_PT","og_type":"article","og_title":"Caixa de embrulho kraft com janela 150 x 93 x 53 mm, 50 unidades","og_description":"Caixa de embrulho kraft com janela PLA 150 x 93 x 53 mm - ideal para embrulhos para takeaway. Resistente, recicl\u00e1vel e ideal para vender.","og_url":"https:\/\/www.csj-emballages.com\/pt-pt\/produit\/caixa-de-embrulho-kraft-com-janela-150-x-93-x-53-mm-50-unidades\/","og_site_name":"CSJ Emballages","article_publisher":"https:\/\/www.facebook.com\/csjemballages","article_modified_time":"2026-04-18T00:12:36+00:00","og_image":[{"width":800,"height":800,"url":"https:\/\/www.csj-emballages.com\/wp-content\/uploads\/2025\/06\/BPWRAP-1.webp","type":"image\/webp"}],"twitter_card":"summary_large_image","twitter_misc":{"Tempo estimado de leitura":"2 minutos"},"schema":{"@context":"https:\/\/schema.org","@graph":[{"@type":"WebPage","@id":"https:\/\/www.csj-emballages.com\/pt-pt\/produit\/caixa-de-embrulho-kraft-com-janela-150-x-93-x-53-mm-50-unidades\/","url":"https:\/\/www.csj-emballages.com\/pt-pt\/produit\/caixa-de-embrulho-kraft-com-janela-150-x-93-x-53-mm-50-unidades\/","name":"Caixa de embrulho Kraft com janela 150 x 93 x 53 mm, 50 unidades","isPartOf":{"@id":"https:\/\/www.csj-emballages.com\/pt-pt\/#website"},"primaryImageOfPage":{"@id":"https:\/\/www.csj-emballages.com\/pt-pt\/produit\/caixa-de-embrulho-kraft-com-janela-150-x-93-x-53-mm-50-unidades\/#primaryimage"},"image":{"@id":"https:\/\/www.csj-emballages.com\/pt-pt\/produit\/caixa-de-embrulho-kraft-com-janela-150-x-93-x-53-mm-50-unidades\/#primaryimage"},"thumbnailUrl":"https:\/\/www.csj-emballages.com\/wp-content\/uploads\/2025\/06\/BPWRAP-1.webp","datePublished":"2025-06-20T11:47:47+00:00","dateModified":"2026-04-18T00:12:36+00:00","description":"Caixa de embrulho kraft com janela PLA 150 x 93 x 53 mm - ideal para embrulhos para takeaway. Resistente, recicl\u00e1vel e ideal para vender.","breadcrumb":{"@id":"https:\/\/www.csj-emballages.com\/pt-pt\/produit\/caixa-de-embrulho-kraft-com-janela-150-x-93-x-53-mm-50-unidades\/#breadcrumb"},"inLanguage":"pt-PT","potentialAction":[{"@type":"ReadAction","target":["https:\/\/www.csj-emballages.com\/pt-pt\/produit\/caixa-de-embrulho-kraft-com-janela-150-x-93-x-53-mm-50-unidades\/"]}]},{"@type":"ImageObject","inLanguage":"pt-PT","@id":"https:\/\/www.csj-emballages.com\/pt-pt\/produit\/caixa-de-embrulho-kraft-com-janela-150-x-93-x-53-mm-50-unidades\/#primaryimage","url":"https:\/\/www.csj-emballages.com\/wp-content\/uploads\/2025\/06\/BPWRAP-1.webp","contentUrl":"https:\/\/www.csj-emballages.com\/wp-content\/uploads\/2025\/06\/BPWRAP-1.webp","width":800,"height":800,"caption":"Boite wrap"},{"@type":"BreadcrumbList","@id":"https:\/\/www.csj-emballages.com\/pt-pt\/produit\/caixa-de-embrulho-kraft-com-janela-150-x-93-x-53-mm-50-unidades\/#breadcrumb","itemListElement":[{"@type":"ListItem","position":1,"name":"Acolhimento","item":"https:\/\/www.csj-emballages.com\/pt-pt\/universo-das-embalagens-alimentares\/"},{"@type":"ListItem","position":2,"name":"Shop","item":"https:\/\/www.csj-emballages.com\/shop\/"},{"@type":"ListItem","position":3,"name":"Caixa de embrulho kraft com janela 150 x 93 x 53 mm, 50 unidades"}]},{"@type":"WebSite","@id":"https:\/\/www.csj-emballages.com\/pt-pt\/#website","url":"https:\/\/www.csj-emballages.com\/pt-pt\/","name":"CSJ Emballages","description":"","publisher":{"@id":"https:\/\/www.csj-emballages.com\/pt-pt\/#organization"},"potentialAction":[{"@type":"SearchAction","target":{"@type":"EntryPoint","urlTemplate":"https:\/\/www.csj-emballages.com\/pt-pt\/?s={search_term_string}"},"query-input":{"@type":"PropertyValueSpecification","valueRequired":true,"valueName":"search_term_string"}}],"inLanguage":"pt-PT"},{"@type":"Organization","@id":"https:\/\/www.csj-emballages.com\/pt-pt\/#Organization\/","name":"CSJ Emballages","url":"https:\/\/www.csj-emballages.com\/pt-pt\/","logo":{"@type":"ImageObject","inLanguage":"pt-PT","@id":"https:\/\/www.csj-emballages.com\/pt-pt\/#\/schema\/logo\/image\/","url":"https:\/\/www.csj-emballages.com\/wp-content\/uploads\/2023\/10\/logo_csj.webp","contentUrl":"https:\/\/www.csj-emballages.com\/wp-content\/uploads\/2023\/10\/logo_csj.webp","width":250,"height":95,"caption":"CSJ Emballages"},"image":{"@id":"https:\/\/www.csj-emballages.com\/pt-pt\/#\/schema\/logo\/image\/"},"sameAs":["https:\/\/www.facebook.com\/csjemballages"],"address":{"@type":"PostalAddress","streetAddress":"ZI La Lechere","addressLocality":"Patornay","postalCode":"39130","addressCountry":"FR"},"contactPoint":[{"@type":"ContactPoint","contactType":"Service client","telephone":"0384254272","email":"contact@csj-emballages.com"}]}]}},"df_price":12.23,"df_sale_price":"","df_regular_price":12.23,"df_image_link":"https:\/\/www.csj-emballages.com\/wp-content\/uploads\/2025\/06\/BPWRAP-1-300x300.webp","tiered_pricing_type":"fixed","tiered_pricing_fixed_rules":[],"tiered_pricing_percentage_rules":[],"tiered_pricing_minimum":1,"tiered_pricing_roles_data":[],"_links":{"self":[{"href":"https:\/\/www.csj-emballages.com\/pt-pt\/wp-json\/wp\/v2\/product\/236254","targetHints":{"allow":["GET"]}}],"collection":[{"href":"https:\/\/www.csj-emballages.com\/pt-pt\/wp-json\/wp\/v2\/product"}],"about":[{"href":"https:\/\/www.csj-emballages.com\/pt-pt\/wp-json\/wp\/v2\/types\/product"}],"wp:featuredmedia":[{"embeddable":true,"href":"https:\/\/www.csj-emballages.com\/pt-pt\/wp-json\/wp\/v2\/media\/255925"}],"wp:attachment":[{"href":"https:\/\/www.csj-emballages.com\/pt-pt\/wp-json\/wp\/v2\/media?parent=236254"}],"wp:term":[{"taxonomy":"product_brand","embeddable":true,"href":"https:\/\/www.csj-emballages.com\/pt-pt\/wp-json\/wp\/v2\/product_brand?post=236254"},{"taxonomy":"product_cat","embeddable":true,"href":"https:\/\/www.csj-emballages.com\/pt-pt\/wp-json\/wp\/v2\/product_cat?post=236254"},{"taxonomy":"product_tag","embeddable":true,"href":"https:\/\/www.csj-emballages.com\/pt-pt\/wp-json\/wp\/v2\/product_tag?post=236254"}],"curies":[{"name":"wp","href":"https:\/\/api.w.org\/{rel}","templated":true}]}}