{"id":236154,"date":"2025-06-19T15:08:25","date_gmt":"2025-06-19T13:08:25","guid":{"rendered":"https:\/\/www.csj-emballages.com\/produit\/renda-branca-redonda-o24-cm-por-250\/"},"modified":"2026-04-11T02:12:44","modified_gmt":"2026-04-11T00:12:44","slug":"renda-branca-redonda-o24-cm-por-250","status":"publish","type":"product","link":"https:\/\/www.csj-emballages.com\/pt-pt\/produit\/renda-branca-redonda-o24-cm-por-250\/","title":{"rendered":"Renda branca redonda \u00d824 cm por 250"},"content":{"rendered":"<h2 class=\"p1 ai-optimize-33\">Renda branca redonda<\/h2>\n<hr>\n<h3 class=\"ai-optimize-34\">Descri\u00e7\u00e3o da nossa renda branca redonda \u00d824 cm por 250<\/h3>\n<p><!--more--><\/p>\n<p class=\"ai-optimize-33 ai-optimize-introduction\" data-start=\"348\" data-end=\"636\">Porque todos os detalhes contam na apresenta\u00e7\u00e3o dos seus produtos ou prepara\u00e7\u00f5es, estes tabuleiros <strong data-start=\"437\" data-end=\"473\">redondos de 24 cm em renda branca<\/strong> s\u00e3o o acess\u00f3rio perfeito para real\u00e7ar as suas cria\u00e7\u00f5es doces ou salgadas. Fabricados em papel de qualidade, combinam <strong data-start=\"591\" data-end=\"603\">eleg\u00e2ncia<\/strong>, <strong data-start=\"605\" data-end=\"616\">higiene<\/strong> e <strong data-start=\"620\" data-end=\"635\">versatilidade<\/strong>. Perfeitos para os profissionais <strong data-start=\"657\" data-end=\"670\">de<\/strong> <strong data-start=\"699\" data-end=\"716\">restaura\u00e7\u00e3o<\/strong>, <strong data-start=\"672\" data-end=\"697\">padeiros<\/strong>, <strong data-start=\"699\" data-end=\"716\">restauradores<\/strong> e at\u00e9 para os <strong data-start=\"729\" data-end=\"755\">consumidores mais exigentes<\/strong>, estes <strong>tabuleiros r<\/strong> endados real\u00e7ar\u00e3o um <strong data-start=\"814\" data-end=\"824\">bolo<\/strong>, uma <strong data-start=\"829\" data-end=\"852\">t\u00e1bua de queijos<\/strong> ou uma <strong data-start=\"860\" data-end=\"880\">charcutaria<\/strong>, assegurando uma separa\u00e7\u00e3o limpa entre a prepara\u00e7\u00e3o e a base.  <\/p>\n<p class=\"ai-optimize-35\" data-start=\"967\" data-end=\"1244\">O seu di\u00e2metro <strong data-start=\"984\" data-end=\"993\">de 24 cm<\/strong> \u00e9 ideal para apresenta\u00e7\u00f5es individuais ou partilhadas, em pratos, em caixas de pastelaria ou em tabuleiros de rece\u00e7\u00e3o. Este formato \u00e9 igualmente adequado para vitrinas refrigeradas ou buffets para um toque de requinte instant\u00e2neo. <\/p>\n<p class=\"ai-optimize-36\" data-start=\"1246\" data-end=\"1537\">Tamb\u00e9m dispon\u00edveis em <strong data-start=\"1260\" data-end=\"1281\">embalagens de 250 unidades<\/strong>, estes <strong>atacadores<\/strong> garantem um bom stock para os seus eventos, servi\u00e7os de catering ou produ\u00e7\u00e3o em massa. O padr\u00e3o finamente trabalhado confere um <strong data-start=\"1431\" data-end=\"1464\">toque elegante e tradicional<\/strong>, adaptando-se tanto a ambientes cl\u00e1ssicos como contempor\u00e2neos. <\/p>\n<p class=\"ai-optimize-37\" data-start=\"1539\" data-end=\"1637\">Em suma, \u00e9 indispens\u00e1vel para quem pretende aliar <strong data-start=\"1593\" data-end=\"1636\">o car\u00e1cter pr\u00e1tico \u00e0 est\u00e9tica profissional<\/strong>.<\/p>\n<p data-start=\"1539\" data-end=\"1637\">\n<p data-start=\"100\" data-end=\"556\"><!--more--><\/p>\n<h4 class=\"ai-optimize-39\" data-start=\"100\" data-end=\"556\">As suas vantagens:<\/h4>\n<ul>\n<li class=\"ai-optimize-40\" data-start=\"678\" data-end=\"771\">D\u00e1 um acabamento elegante e profissional \u00e0s suas apresenta\u00e7\u00f5es.<\/li>\n<li class=\"ai-optimize-41\" data-start=\"772\" data-end=\"865\">Formato vers\u00e1til de \u00d824 cm, ideal para bolos e tabuleiros.<\/li>\n<li class=\"ai-optimize-42\" data-start=\"866\" data-end=\"963\"><strong>Higi\u00e9nico<\/strong>: evita o contacto direto com os substratos.<\/li>\n<li class=\"ai-optimize-43\" data-start=\"964\" data-end=\"1046\" data-is-only-node=\"\">Embalagem de 250 unidades: econ\u00f3mica para uma utiliza\u00e7\u00e3o regular.<\/li>\n<\/ul>\n<p>&nbsp;<\/p>\n<p><!--more--><\/p>\n<h4 class=\"ai-optimize-44\" data-start=\"558\" data-end=\"575\">Outras informa\u00e7\u00f5es :<\/h4>\n<ul>\n<li class=\"ai-optimize-45\"><strong>Embalagem<\/strong>: 250 unidades<\/li>\n<li class=\"ai-optimize-47\"><strong>Di\u00e2metro<\/strong>: 24 cm<\/li>\n<li class=\"ai-optimize-50\"><strong>Material<\/strong>: Papel vegetal<\/li>\n<li class=\"ai-optimize-40\"><strong>Gramagem<\/strong>: 55 g\/m\u00b2.<\/li>\n<li class=\"ai-optimize-51\"><strong>Cor<\/strong>: Branco<\/li>\n<\/ul>\n<p>&nbsp;<\/p>\n<p><!--more--><\/p>\n<p class=\"ai-optimize-41\">Encontre todos os tamanhos dispon\u00edveis para estes atacadores aqui: <span style=\"color: #d12727;\"><a style=\"color: #d12727;\" href=\"https:\/\/www.csj-emballages.com\/es\/produit\/250-encaje-blanco-redondo-o-22-cm\/\">\u00d822<\/a><\/span> \/ <span style=\"color: #d12727;\"><a style=\"color: #d12727;\" href=\"https:\/\/www.csj-emballages.com\/produit\/250-dentelles-rondes-blanches-o-26-cm\/\">\u00d826<\/a><\/span> \/ <span style=\"color: #d12727;\"><a style=\"color: #d12727;\" href=\"https:\/\/www.csj-emballages.com\/produit\/250-dentelle-ronde-blanche-o-27-cm-2\/\">\u00d827<\/a><\/span> \/ <span style=\"color: #d12727;\"><a style=\"color: #d12727;\" href=\"https:\/\/www.csj-emballages.com\/produit\/250-dentelles-rondes-blanches-o-27-cm\/\">\u00d828<\/a><\/span> \/ <span style=\"color: #d12727;\"><a style=\"color: #d12727;\" href=\"https:\/\/www.csj-emballages.com\/produit\/250-dentelles-rondes-blanches-o-30-cm\/\">\u00d830<\/a><\/span> \/ <span style=\"color: #d12727;\"><a style=\"color: #d12727;\" href=\"https:\/\/www.csj-emballages.com\/produit\/250-dentelles-rondes-blanches-o-40-cm\/\">\u00d840<\/a><\/span><\/p>\n<p>&nbsp;<\/p>\n<p><!--more--><\/p>\n<p class=\"ai-optimize-53\"><a href=\"https:\/\/www.csj-emballages.com\/pt-pt\/categorie-produit\/embalagem-de-alimentos\/restauracao\/caixas-tabuleiros-bolsas-cones\/tabuleiros-caixas-de-cartao\/tabuleiros-para-fichas-em-cartao\/\">Ver o resto da nossa gama de tabuleiros para batatas fritas em cart\u00e3o<\/a><\/p>\n","protected":false},"excerpt":{"rendered":"<p>Renda branca redonda Descri\u00e7\u00e3o da nossa renda branca redonda \u00d824 cm por 250<\/p>\n","protected":false},"featured_media":236150,"template":"","meta":{"_acf_changed":false},"product_brand":[],"product_cat":[1141,1177,1914,2554,2555],"product_tag":[],"class_list":{"0":"post-236154","1":"product","2":"type-product","3":"status-publish","4":"has-post-thumbnail","6":"product_cat-embalagem-de-alimentos","7":"product_cat-padaria-e-pastelaria","8":"product_cat-suportes-para-bases-de-bolos","9":"product_cat-renda","10":"product_cat-renda-redonda","12":"first","13":"instock","14":"taxable","15":"shipping-taxable","16":"purchasable","17":"product-type-simple"},"acf":[],"yoast_head":"<!-- This site is optimized with the Yoast SEO Premium plugin v26.6 (Yoast SEO v26.6) - https:\/\/yoast.com\/wordpress\/plugins\/seo\/ -->\n<title>Renda redonda branca \u00d824 cm \u00e0 250<\/title>\n<meta name=\"description\" content=\"La\u00e7o de papel branco redondo \u00d824 cm - Conjunto de 250. Perfeito para real\u00e7ar com eleg\u00e2ncia os seus bolos, tabuleiros e apresenta\u00e7\u00f5es de catering.\" \/>\n<meta name=\"robots\" content=\"index, follow, max-snippet:-1, max-image-preview:large, max-video-preview:-1\" \/>\n<link rel=\"canonical\" href=\"https:\/\/www.csj-emballages.com\/pt-pt\/produit\/renda-branca-redonda-o24-cm-por-250\/\" \/>\n<meta property=\"og:locale\" content=\"pt_PT\" \/>\n<meta property=\"og:type\" content=\"article\" \/>\n<meta property=\"og:title\" content=\"Renda branca redonda \u00d824 cm por 250\" \/>\n<meta property=\"og:description\" content=\"La\u00e7o de papel branco redondo \u00d824 cm - Conjunto de 250. Perfeito para real\u00e7ar com eleg\u00e2ncia os seus bolos, tabuleiros e apresenta\u00e7\u00f5es de catering.\" \/>\n<meta property=\"og:url\" content=\"https:\/\/www.csj-emballages.com\/pt-pt\/produit\/renda-branca-redonda-o24-cm-por-250\/\" \/>\n<meta property=\"og:site_name\" content=\"CSJ Emballages\" \/>\n<meta property=\"article:publisher\" content=\"https:\/\/www.facebook.com\/csjemballages\" \/>\n<meta property=\"article:modified_time\" content=\"2026-04-11T00:12:44+00:00\" \/>\n<meta property=\"og:image\" content=\"https:\/\/www.csj-emballages.com\/wp-content\/uploads\/2025\/06\/DENT24.webp\" \/>\n\t<meta property=\"og:image:width\" content=\"800\" \/>\n\t<meta property=\"og:image:height\" content=\"800\" \/>\n\t<meta property=\"og:image:type\" content=\"image\/webp\" \/>\n<meta name=\"twitter:card\" content=\"summary_large_image\" \/>\n<meta name=\"twitter:label1\" content=\"Tempo estimado de leitura\" \/>\n\t<meta name=\"twitter:data1\" content=\"1 minuto\" \/>\n<script type=\"application\/ld+json\" class=\"yoast-schema-graph\">{\"@context\":\"https:\/\/schema.org\",\"@graph\":[{\"@type\":\"WebPage\",\"@id\":\"https:\/\/www.csj-emballages.com\/pt-pt\/produit\/renda-branca-redonda-o24-cm-por-250\/\",\"url\":\"https:\/\/www.csj-emballages.com\/pt-pt\/produit\/renda-branca-redonda-o24-cm-por-250\/\",\"name\":\"Renda redonda branca \u00d824 cm \u00e0 250\",\"isPartOf\":{\"@id\":\"https:\/\/www.csj-emballages.com\/pt-pt\/#website\"},\"primaryImageOfPage\":{\"@id\":\"https:\/\/www.csj-emballages.com\/pt-pt\/produit\/renda-branca-redonda-o24-cm-por-250\/#primaryimage\"},\"image\":{\"@id\":\"https:\/\/www.csj-emballages.com\/pt-pt\/produit\/renda-branca-redonda-o24-cm-por-250\/#primaryimage\"},\"thumbnailUrl\":\"https:\/\/www.csj-emballages.com\/wp-content\/uploads\/2025\/06\/DENT24.webp\",\"datePublished\":\"2025-06-19T13:08:25+00:00\",\"dateModified\":\"2026-04-11T00:12:44+00:00\",\"description\":\"La\u00e7o de papel branco redondo \u00d824 cm - Conjunto de 250. Perfeito para real\u00e7ar com eleg\u00e2ncia os seus bolos, tabuleiros e apresenta\u00e7\u00f5es de catering.\",\"breadcrumb\":{\"@id\":\"https:\/\/www.csj-emballages.com\/pt-pt\/produit\/renda-branca-redonda-o24-cm-por-250\/#breadcrumb\"},\"inLanguage\":\"pt-PT\",\"potentialAction\":[{\"@type\":\"ReadAction\",\"target\":[\"https:\/\/www.csj-emballages.com\/pt-pt\/produit\/renda-branca-redonda-o24-cm-por-250\/\"]}]},{\"@type\":\"ImageObject\",\"inLanguage\":\"pt-PT\",\"@id\":\"https:\/\/www.csj-emballages.com\/pt-pt\/produit\/renda-branca-redonda-o24-cm-por-250\/#primaryimage\",\"url\":\"https:\/\/www.csj-emballages.com\/wp-content\/uploads\/2025\/06\/DENT24.webp\",\"contentUrl\":\"https:\/\/www.csj-emballages.com\/wp-content\/uploads\/2025\/06\/DENT24.webp\",\"width\":800,\"height\":800,\"caption\":\"Dentelle ronde blanche\"},{\"@type\":\"BreadcrumbList\",\"@id\":\"https:\/\/www.csj-emballages.com\/pt-pt\/produit\/renda-branca-redonda-o24-cm-por-250\/#breadcrumb\",\"itemListElement\":[{\"@type\":\"ListItem\",\"position\":1,\"name\":\"Acolhimento\",\"item\":\"https:\/\/www.csj-emballages.com\/pt-pt\/universo-das-embalagens-alimentares\/\"},{\"@type\":\"ListItem\",\"position\":2,\"name\":\"Shop\",\"item\":\"https:\/\/www.csj-emballages.com\/shop\/\"},{\"@type\":\"ListItem\",\"position\":3,\"name\":\"Renda branca redonda \u00d824 cm por 250\"}]},{\"@type\":\"WebSite\",\"@id\":\"https:\/\/www.csj-emballages.com\/pt-pt\/#website\",\"url\":\"https:\/\/www.csj-emballages.com\/pt-pt\/\",\"name\":\"CSJ Emballages\",\"description\":\"\",\"publisher\":{\"@id\":\"https:\/\/www.csj-emballages.com\/pt-pt\/#organization\"},\"potentialAction\":[{\"@type\":\"SearchAction\",\"target\":{\"@type\":\"EntryPoint\",\"urlTemplate\":\"https:\/\/www.csj-emballages.com\/pt-pt\/?s={search_term_string}\"},\"query-input\":{\"@type\":\"PropertyValueSpecification\",\"valueRequired\":true,\"valueName\":\"search_term_string\"}}],\"inLanguage\":\"pt-PT\"},{\"@type\":\"Organization\",\"@id\":\"https:\/\/www.csj-emballages.com\/pt-pt\/#Organization\/\",\"name\":\"CSJ Emballages\",\"url\":\"https:\/\/www.csj-emballages.com\/pt-pt\/\",\"logo\":{\"@type\":\"ImageObject\",\"inLanguage\":\"pt-PT\",\"@id\":\"https:\/\/www.csj-emballages.com\/pt-pt\/#\/schema\/logo\/image\/\",\"url\":\"https:\/\/www.csj-emballages.com\/wp-content\/uploads\/2023\/10\/logo_csj.webp\",\"contentUrl\":\"https:\/\/www.csj-emballages.com\/wp-content\/uploads\/2023\/10\/logo_csj.webp\",\"width\":250,\"height\":95,\"caption\":\"CSJ Emballages\"},\"image\":{\"@id\":\"https:\/\/www.csj-emballages.com\/pt-pt\/#\/schema\/logo\/image\/\"},\"sameAs\":[\"https:\/\/www.facebook.com\/csjemballages\"],\"address\":{\"@type\":\"PostalAddress\",\"streetAddress\":\"ZI La Lechere\",\"addressLocality\":\"Patornay\",\"postalCode\":\"39130\",\"addressCountry\":\"FR\"},\"contactPoint\":[{\"@type\":\"ContactPoint\",\"contactType\":\"Service client\",\"telephone\":\"0384254272\",\"email\":\"contact@csj-emballages.com\"}]}]}<\/script>\n<!-- \/ Yoast SEO Premium plugin. -->","yoast_head_json":{"title":"Renda redonda branca \u00d824 cm \u00e0 250","description":"La\u00e7o de papel branco redondo \u00d824 cm - Conjunto de 250. Perfeito para real\u00e7ar com eleg\u00e2ncia os seus bolos, tabuleiros e apresenta\u00e7\u00f5es de catering.","robots":{"index":"index","follow":"follow","max-snippet":"max-snippet:-1","max-image-preview":"max-image-preview:large","max-video-preview":"max-video-preview:-1"},"canonical":"https:\/\/www.csj-emballages.com\/pt-pt\/produit\/renda-branca-redonda-o24-cm-por-250\/","og_locale":"pt_PT","og_type":"article","og_title":"Renda branca redonda \u00d824 cm por 250","og_description":"La\u00e7o de papel branco redondo \u00d824 cm - Conjunto de 250. Perfeito para real\u00e7ar com eleg\u00e2ncia os seus bolos, tabuleiros e apresenta\u00e7\u00f5es de catering.","og_url":"https:\/\/www.csj-emballages.com\/pt-pt\/produit\/renda-branca-redonda-o24-cm-por-250\/","og_site_name":"CSJ Emballages","article_publisher":"https:\/\/www.facebook.com\/csjemballages","article_modified_time":"2026-04-11T00:12:44+00:00","og_image":[{"width":800,"height":800,"url":"https:\/\/www.csj-emballages.com\/wp-content\/uploads\/2025\/06\/DENT24.webp","type":"image\/webp"}],"twitter_card":"summary_large_image","twitter_misc":{"Tempo estimado de leitura":"1 minuto"},"schema":{"@context":"https:\/\/schema.org","@graph":[{"@type":"WebPage","@id":"https:\/\/www.csj-emballages.com\/pt-pt\/produit\/renda-branca-redonda-o24-cm-por-250\/","url":"https:\/\/www.csj-emballages.com\/pt-pt\/produit\/renda-branca-redonda-o24-cm-por-250\/","name":"Renda redonda branca \u00d824 cm \u00e0 250","isPartOf":{"@id":"https:\/\/www.csj-emballages.com\/pt-pt\/#website"},"primaryImageOfPage":{"@id":"https:\/\/www.csj-emballages.com\/pt-pt\/produit\/renda-branca-redonda-o24-cm-por-250\/#primaryimage"},"image":{"@id":"https:\/\/www.csj-emballages.com\/pt-pt\/produit\/renda-branca-redonda-o24-cm-por-250\/#primaryimage"},"thumbnailUrl":"https:\/\/www.csj-emballages.com\/wp-content\/uploads\/2025\/06\/DENT24.webp","datePublished":"2025-06-19T13:08:25+00:00","dateModified":"2026-04-11T00:12:44+00:00","description":"La\u00e7o de papel branco redondo \u00d824 cm - Conjunto de 250. Perfeito para real\u00e7ar com eleg\u00e2ncia os seus bolos, tabuleiros e apresenta\u00e7\u00f5es de catering.","breadcrumb":{"@id":"https:\/\/www.csj-emballages.com\/pt-pt\/produit\/renda-branca-redonda-o24-cm-por-250\/#breadcrumb"},"inLanguage":"pt-PT","potentialAction":[{"@type":"ReadAction","target":["https:\/\/www.csj-emballages.com\/pt-pt\/produit\/renda-branca-redonda-o24-cm-por-250\/"]}]},{"@type":"ImageObject","inLanguage":"pt-PT","@id":"https:\/\/www.csj-emballages.com\/pt-pt\/produit\/renda-branca-redonda-o24-cm-por-250\/#primaryimage","url":"https:\/\/www.csj-emballages.com\/wp-content\/uploads\/2025\/06\/DENT24.webp","contentUrl":"https:\/\/www.csj-emballages.com\/wp-content\/uploads\/2025\/06\/DENT24.webp","width":800,"height":800,"caption":"Dentelle ronde blanche"},{"@type":"BreadcrumbList","@id":"https:\/\/www.csj-emballages.com\/pt-pt\/produit\/renda-branca-redonda-o24-cm-por-250\/#breadcrumb","itemListElement":[{"@type":"ListItem","position":1,"name":"Acolhimento","item":"https:\/\/www.csj-emballages.com\/pt-pt\/universo-das-embalagens-alimentares\/"},{"@type":"ListItem","position":2,"name":"Shop","item":"https:\/\/www.csj-emballages.com\/shop\/"},{"@type":"ListItem","position":3,"name":"Renda branca redonda \u00d824 cm por 250"}]},{"@type":"WebSite","@id":"https:\/\/www.csj-emballages.com\/pt-pt\/#website","url":"https:\/\/www.csj-emballages.com\/pt-pt\/","name":"CSJ Emballages","description":"","publisher":{"@id":"https:\/\/www.csj-emballages.com\/pt-pt\/#organization"},"potentialAction":[{"@type":"SearchAction","target":{"@type":"EntryPoint","urlTemplate":"https:\/\/www.csj-emballages.com\/pt-pt\/?s={search_term_string}"},"query-input":{"@type":"PropertyValueSpecification","valueRequired":true,"valueName":"search_term_string"}}],"inLanguage":"pt-PT"},{"@type":"Organization","@id":"https:\/\/www.csj-emballages.com\/pt-pt\/#Organization\/","name":"CSJ Emballages","url":"https:\/\/www.csj-emballages.com\/pt-pt\/","logo":{"@type":"ImageObject","inLanguage":"pt-PT","@id":"https:\/\/www.csj-emballages.com\/pt-pt\/#\/schema\/logo\/image\/","url":"https:\/\/www.csj-emballages.com\/wp-content\/uploads\/2023\/10\/logo_csj.webp","contentUrl":"https:\/\/www.csj-emballages.com\/wp-content\/uploads\/2023\/10\/logo_csj.webp","width":250,"height":95,"caption":"CSJ Emballages"},"image":{"@id":"https:\/\/www.csj-emballages.com\/pt-pt\/#\/schema\/logo\/image\/"},"sameAs":["https:\/\/www.facebook.com\/csjemballages"],"address":{"@type":"PostalAddress","streetAddress":"ZI La Lechere","addressLocality":"Patornay","postalCode":"39130","addressCountry":"FR"},"contactPoint":[{"@type":"ContactPoint","contactType":"Service client","telephone":"0384254272","email":"contact@csj-emballages.com"}]}]}},"df_price":8.29,"df_sale_price":"","df_regular_price":8.29,"df_image_link":"https:\/\/www.csj-emballages.com\/wp-content\/uploads\/2025\/06\/DENT24-300x300.webp","tiered_pricing_type":"fixed","tiered_pricing_fixed_rules":[],"tiered_pricing_percentage_rules":[],"tiered_pricing_minimum":1,"tiered_pricing_roles_data":[],"_links":{"self":[{"href":"https:\/\/www.csj-emballages.com\/pt-pt\/wp-json\/wp\/v2\/product\/236154","targetHints":{"allow":["GET"]}}],"collection":[{"href":"https:\/\/www.csj-emballages.com\/pt-pt\/wp-json\/wp\/v2\/product"}],"about":[{"href":"https:\/\/www.csj-emballages.com\/pt-pt\/wp-json\/wp\/v2\/types\/product"}],"wp:featuredmedia":[{"embeddable":true,"href":"https:\/\/www.csj-emballages.com\/pt-pt\/wp-json\/wp\/v2\/media\/236150"}],"wp:attachment":[{"href":"https:\/\/www.csj-emballages.com\/pt-pt\/wp-json\/wp\/v2\/media?parent=236154"}],"wp:term":[{"taxonomy":"product_brand","embeddable":true,"href":"https:\/\/www.csj-emballages.com\/pt-pt\/wp-json\/wp\/v2\/product_brand?post=236154"},{"taxonomy":"product_cat","embeddable":true,"href":"https:\/\/www.csj-emballages.com\/pt-pt\/wp-json\/wp\/v2\/product_cat?post=236154"},{"taxonomy":"product_tag","embeddable":true,"href":"https:\/\/www.csj-emballages.com\/pt-pt\/wp-json\/wp\/v2\/product_tag?post=236154"}],"curies":[{"name":"wp","href":"https:\/\/api.w.org\/{rel}","templated":true}]}}