{"id":236118,"date":"2025-06-19T15:06:31","date_gmt":"2025-06-19T13:06:31","guid":{"rendered":"https:\/\/www.csj-emballages.com\/produit\/caixa-para-pastelaria-com-pega-morgan-colorida-11-x-105-x-5-cm-50-unidades\/"},"modified":"2026-04-10T02:12:50","modified_gmt":"2026-04-10T00:12:50","slug":"caixa-para-pastelaria-com-pega-morgan-colorida-11-x-105-x-5-cm-50-unidades","status":"publish","type":"product","link":"https:\/\/www.csj-emballages.com\/pt-pt\/produit\/caixa-para-pastelaria-com-pega-morgan-colorida-11-x-105-x-5-cm-50-unidades\/","title":{"rendered":"Caixa para pastelaria com pega Morgan colorida 11 x 10,5 x 5 cm, 50 unidades"},"content":{"rendered":"<h2 class=\"p1 ai-optimize-26 ai-optimize-introduction\">Caixa para pastelaria<\/h2>\n<hr>\n<h3 class=\"ai-optimize-34\">Descri\u00e7\u00e3o da nossa caixa para pastelaria com pega Morgan colorida 11 x 10,5 x 5 cm por 50<\/h3>\n<p><!--more--><\/p>\n<p class=\"ai-optimize-28 ai-optimize-introduction\" data-start=\"374\" data-end=\"674\">Especialmente concebida para pastelarias profissionais, catering, padarias e at\u00e9 mesmo para entusiastas individuais, esta <strong>caixa de pastelaria<\/strong> \u00e9 ideal para <strong data-start=\"537\" data-end=\"603\">embalar, transportar e apresentar as suas cria\u00e7\u00f5es individuais<\/strong>: entremets, fatias de bolo, tartes, mignardises e doces.<\/p>\n<p class=\"ai-optimize-29\" data-start=\"676\" data-end=\"996\">Com o seu <strong data-start=\"685\" data-end=\"725\">tamanho compacto de 11 x 10,5 x 5 cm<\/strong>, \u00e9 perfeito para bolos individuais. A sua <strong data-start=\"787\" data-end=\"807\">pega integrada<\/strong> torna-a muito pr\u00e1tica para levar consigo, eliminando a necessidade de sacos adicionais. O seu <strong>design colorido<\/strong> e festivo \u00e9 um verdadeiro chamariz.  <\/p>\n<p class=\"ai-optimize-30\" data-start=\"998\" data-end=\"1285\">Fabricada em <strong>cart\u00e3o<\/strong> r\u00edgido de qualidade alimentar, esta <strong>caixa<\/strong> garante uma fixa\u00e7\u00e3o segura e uma seguran\u00e7a \u00f3ptima durante o transporte. \u00c9 <strong data-start=\"1144\" data-end=\"1162\">fornecida em embalagem plana<\/strong>, o que permite poupar um espa\u00e7o de arruma\u00e7\u00e3o <strong data-start=\"1181\" data-end=\"1211\">consider\u00e1vel<\/strong>, e pode ser <strong data-start=\"1231\" data-end=\"1261\">montada numa quest\u00e3o de segundos<\/strong>, sem cola nem agrafos. <\/p>\n<p class=\"ai-optimize-31\" data-start=\"1287\" data-end=\"1429\">Perfeita para eventos, montras, takeaway ou presentes gourmet, esta caixa combina est\u00e9tica e funcionalidade.<\/p>\n<p class=\"ai-optimize-32\" data-start=\"1431\" data-end=\"1551\">Embalagens inteligentes, elegantes e profissionais concebidas para valorizar a sua pastelaria e simplificar o seu quotidiano<strong data-start=\"1431\" data-end=\"1551\">.<\/strong><\/p>\n<p><!--more--><\/p>\n<h4 class=\"ai-optimize-37\"><strong>Vantagens:<\/strong><\/h4>\n<ul>\n<li class=\"ai-optimize-38\">Estas caixas para pastelaria t\u00eam uma pega integrada para facilitar o transporte.<\/li>\n<li class=\"ai-optimize-39\"><strong>Cart\u00e3o r\u00edgido<\/strong>: boa fixa\u00e7\u00e3o e seguran\u00e7a do produto.<\/li>\n<li class=\"ai-optimize-40\"><strong>Design colorido<\/strong>: aproveita ao m\u00e1ximo as suas cria\u00e7\u00f5es de pastelaria.<\/li>\n<li class=\"ai-optimize-42\"><strong>Fornecido plano<\/strong> para poupar espa\u00e7o na arruma\u00e7\u00e3o.<\/li>\n<li class=\"ai-optimize-46\">Ideal para pastelaria individual.<\/li>\n<\/ul>\n<p>&nbsp;<\/p>\n<p><!--more--><\/p>\n<h4 class=\"ai-optimize-44\">Outras informa\u00e7\u00f5es :<\/h4>\n<ul>\n<li class=\"ai-optimize-45\"><strong>Embalagem<\/strong>: Pacote de 50<\/li>\n<li class=\"ai-optimize-36\"><strong>Dimens\u00f5es<\/strong>: 11 x 10,5 x 5 (C x L x A em cm)<\/li>\n<li class=\"ai-optimize-47\"><b>Material <\/b>: Cart\u00e3o<\/li>\n<li class=\"ai-optimize-37\"><strong>Modelo<\/strong>: Morgan<\/li>\n<li class=\"ai-optimize-38\"><strong>Cor<\/strong>: Branco \/ Preto \/ Rosa<\/li>\n<\/ul>\n<p>&nbsp;<\/p>\n<p><!--more--><\/p>\n<p class=\"ai-optimize-34\">Aqui encontra a nossa caixa para pastelaria de 10 x 18 x 7 cm com pega Morgan colorida: <span style=\"color: #d12727;\"><a style=\"color: #d12727;\" href=\"https:\/\/www.csj-emballages.com\/es\/produit\/estuche-de-reposteria-con-asa-morgan-de-color-10-x-18-x-7-cm-x-50\/\">CPP1018MOR<\/a><\/span><\/p>\n<p>&nbsp;<\/p>\n<p><!--more--><\/p>\n<p class=\"ai-optimize-41\"><a href=\"https:\/\/www.csj-emballages.com\/pt-pt\/categorie-produit\/embalagem-de-alimentos\/padaria-e-pastelaria\/caixas-pt-pt-3\/caixas-para-pastelaria-com-pegas\/caixas-de-pastelaria-coloridas\/\">V\u00ea o resto da nossa gama de caixas de pastelaria coloridas<\/a><\/p>\n","protected":false},"excerpt":{"rendered":"<p>Caixa para pastelaria Descri\u00e7\u00e3o da nossa caixa para pastelaria com pega Morgan colorida 11 x 10,5 x 5 cm por 50<\/p>\n","protected":false},"featured_media":236112,"template":"","meta":{"_acf_changed":false},"product_brand":[],"product_cat":[1141,1177,3917,1248,1249],"product_tag":[],"class_list":{"0":"post-236118","1":"product","2":"type-product","3":"status-publish","4":"has-post-thumbnail","6":"product_cat-embalagem-de-alimentos","7":"product_cat-padaria-e-pastelaria","8":"product_cat-caixas-pt-pt-3","9":"product_cat-caixas-para-pastelaria-com-pegas","10":"product_cat-caixas-de-pastelaria-coloridas","12":"first","13":"instock","14":"taxable","15":"shipping-taxable","16":"purchasable","17":"product-type-simple"},"acf":[],"yoast_head":"<!-- This site is optimized with the Yoast SEO Premium plugin v26.6 (Yoast SEO v26.6) - https:\/\/yoast.com\/wordpress\/plugins\/seo\/ -->\n<title>Caixa para pastelaria com pega Morgan 11 x 10,5 x 5 cm, 50 unidades<\/title>\n<meta name=\"description\" content=\"Caixa para pastelaria com pega Morgan colorida (11 x 10,5 x 5 cm). Ideal para sobremesas individuais. Dispon\u00edvel em embalagens de 50 unidades. Pr\u00e1tico, resistente e elegante.\" \/>\n<meta name=\"robots\" content=\"index, follow, max-snippet:-1, max-image-preview:large, max-video-preview:-1\" \/>\n<link rel=\"canonical\" href=\"https:\/\/www.csj-emballages.com\/pt-pt\/produit\/caixa-para-pastelaria-com-pega-morgan-colorida-11-x-105-x-5-cm-50-unidades\/\" \/>\n<meta property=\"og:locale\" content=\"pt_PT\" \/>\n<meta property=\"og:type\" content=\"article\" \/>\n<meta property=\"og:title\" content=\"Caixa para pastelaria com pega Morgan colorida 11 x 10,5 x 5 cm, 50 unidades\" \/>\n<meta property=\"og:description\" content=\"Caixa para pastelaria com pega Morgan colorida (11 x 10,5 x 5 cm). Ideal para sobremesas individuais. Dispon\u00edvel em embalagens de 50 unidades. Pr\u00e1tico, resistente e elegante.\" \/>\n<meta property=\"og:url\" content=\"https:\/\/www.csj-emballages.com\/pt-pt\/produit\/caixa-para-pastelaria-com-pega-morgan-colorida-11-x-105-x-5-cm-50-unidades\/\" \/>\n<meta property=\"og:site_name\" content=\"CSJ Emballages\" \/>\n<meta property=\"article:publisher\" content=\"https:\/\/www.facebook.com\/csjemballages\" \/>\n<meta property=\"article:modified_time\" content=\"2026-04-10T00:12:50+00:00\" \/>\n<meta property=\"og:image\" content=\"https:\/\/www.csj-emballages.com\/wp-content\/uploads\/2025\/06\/CPP1010MOR.webp\" \/>\n\t<meta property=\"og:image:width\" content=\"800\" \/>\n\t<meta property=\"og:image:height\" content=\"799\" \/>\n\t<meta property=\"og:image:type\" content=\"image\/webp\" \/>\n<meta name=\"twitter:card\" content=\"summary_large_image\" \/>\n<meta name=\"twitter:label1\" content=\"Tempo estimado de leitura\" \/>\n\t<meta name=\"twitter:data1\" content=\"1 minuto\" \/>\n<script type=\"application\/ld+json\" class=\"yoast-schema-graph\">{\"@context\":\"https:\/\/schema.org\",\"@graph\":[{\"@type\":\"WebPage\",\"@id\":\"https:\/\/www.csj-emballages.com\/pt-pt\/produit\/caixa-para-pastelaria-com-pega-morgan-colorida-11-x-105-x-5-cm-50-unidades\/\",\"url\":\"https:\/\/www.csj-emballages.com\/pt-pt\/produit\/caixa-para-pastelaria-com-pega-morgan-colorida-11-x-105-x-5-cm-50-unidades\/\",\"name\":\"Caixa para pastelaria com pega Morgan 11 x 10,5 x 5 cm, 50 unidades\",\"isPartOf\":{\"@id\":\"https:\/\/www.csj-emballages.com\/pt-pt\/#website\"},\"primaryImageOfPage\":{\"@id\":\"https:\/\/www.csj-emballages.com\/pt-pt\/produit\/caixa-para-pastelaria-com-pega-morgan-colorida-11-x-105-x-5-cm-50-unidades\/#primaryimage\"},\"image\":{\"@id\":\"https:\/\/www.csj-emballages.com\/pt-pt\/produit\/caixa-para-pastelaria-com-pega-morgan-colorida-11-x-105-x-5-cm-50-unidades\/#primaryimage\"},\"thumbnailUrl\":\"https:\/\/www.csj-emballages.com\/wp-content\/uploads\/2025\/06\/CPP1010MOR.webp\",\"datePublished\":\"2025-06-19T13:06:31+00:00\",\"dateModified\":\"2026-04-10T00:12:50+00:00\",\"description\":\"Caixa para pastelaria com pega Morgan colorida (11 x 10,5 x 5 cm). Ideal para sobremesas individuais. Dispon\u00edvel em embalagens de 50 unidades. Pr\u00e1tico, resistente e elegante.\",\"breadcrumb\":{\"@id\":\"https:\/\/www.csj-emballages.com\/pt-pt\/produit\/caixa-para-pastelaria-com-pega-morgan-colorida-11-x-105-x-5-cm-50-unidades\/#breadcrumb\"},\"inLanguage\":\"pt-PT\",\"potentialAction\":[{\"@type\":\"ReadAction\",\"target\":[\"https:\/\/www.csj-emballages.com\/pt-pt\/produit\/caixa-para-pastelaria-com-pega-morgan-colorida-11-x-105-x-5-cm-50-unidades\/\"]}]},{\"@type\":\"ImageObject\",\"inLanguage\":\"pt-PT\",\"@id\":\"https:\/\/www.csj-emballages.com\/pt-pt\/produit\/caixa-para-pastelaria-com-pega-morgan-colorida-11-x-105-x-5-cm-50-unidades\/#primaryimage\",\"url\":\"https:\/\/www.csj-emballages.com\/wp-content\/uploads\/2025\/06\/CPP1010MOR.webp\",\"contentUrl\":\"https:\/\/www.csj-emballages.com\/wp-content\/uploads\/2025\/06\/CPP1010MOR.webp\",\"width\":800,\"height\":799,\"caption\":\"Caissette p\u00e2tissi\u00e8re\"},{\"@type\":\"BreadcrumbList\",\"@id\":\"https:\/\/www.csj-emballages.com\/pt-pt\/produit\/caixa-para-pastelaria-com-pega-morgan-colorida-11-x-105-x-5-cm-50-unidades\/#breadcrumb\",\"itemListElement\":[{\"@type\":\"ListItem\",\"position\":1,\"name\":\"Acolhimento\",\"item\":\"https:\/\/www.csj-emballages.com\/pt-pt\/universo-das-embalagens-alimentares\/\"},{\"@type\":\"ListItem\",\"position\":2,\"name\":\"Shop\",\"item\":\"https:\/\/www.csj-emballages.com\/shop\/\"},{\"@type\":\"ListItem\",\"position\":3,\"name\":\"Caixa para pastelaria com pega Morgan colorida 11 x 10,5 x 5 cm, 50 unidades\"}]},{\"@type\":\"WebSite\",\"@id\":\"https:\/\/www.csj-emballages.com\/pt-pt\/#website\",\"url\":\"https:\/\/www.csj-emballages.com\/pt-pt\/\",\"name\":\"CSJ Emballages\",\"description\":\"\",\"publisher\":{\"@id\":\"https:\/\/www.csj-emballages.com\/pt-pt\/#organization\"},\"potentialAction\":[{\"@type\":\"SearchAction\",\"target\":{\"@type\":\"EntryPoint\",\"urlTemplate\":\"https:\/\/www.csj-emballages.com\/pt-pt\/?s={search_term_string}\"},\"query-input\":{\"@type\":\"PropertyValueSpecification\",\"valueRequired\":true,\"valueName\":\"search_term_string\"}}],\"inLanguage\":\"pt-PT\"},{\"@type\":\"Organization\",\"@id\":\"https:\/\/www.csj-emballages.com\/pt-pt\/#Organization\/\",\"name\":\"CSJ Emballages\",\"url\":\"https:\/\/www.csj-emballages.com\/pt-pt\/\",\"logo\":{\"@type\":\"ImageObject\",\"inLanguage\":\"pt-PT\",\"@id\":\"https:\/\/www.csj-emballages.com\/pt-pt\/#\/schema\/logo\/image\/\",\"url\":\"https:\/\/www.csj-emballages.com\/wp-content\/uploads\/2023\/10\/logo_csj.webp\",\"contentUrl\":\"https:\/\/www.csj-emballages.com\/wp-content\/uploads\/2023\/10\/logo_csj.webp\",\"width\":250,\"height\":95,\"caption\":\"CSJ Emballages\"},\"image\":{\"@id\":\"https:\/\/www.csj-emballages.com\/pt-pt\/#\/schema\/logo\/image\/\"},\"sameAs\":[\"https:\/\/www.facebook.com\/csjemballages\"],\"address\":{\"@type\":\"PostalAddress\",\"streetAddress\":\"ZI La Lechere\",\"addressLocality\":\"Patornay\",\"postalCode\":\"39130\",\"addressCountry\":\"FR\"},\"contactPoint\":[{\"@type\":\"ContactPoint\",\"contactType\":\"Service client\",\"telephone\":\"0384254272\",\"email\":\"contact@csj-emballages.com\"}]}]}<\/script>\n<!-- \/ Yoast SEO Premium plugin. -->","yoast_head_json":{"title":"Caixa para pastelaria com pega Morgan 11 x 10,5 x 5 cm, 50 unidades","description":"Caixa para pastelaria com pega Morgan colorida (11 x 10,5 x 5 cm). Ideal para sobremesas individuais. Dispon\u00edvel em embalagens de 50 unidades. Pr\u00e1tico, resistente e elegante.","robots":{"index":"index","follow":"follow","max-snippet":"max-snippet:-1","max-image-preview":"max-image-preview:large","max-video-preview":"max-video-preview:-1"},"canonical":"https:\/\/www.csj-emballages.com\/pt-pt\/produit\/caixa-para-pastelaria-com-pega-morgan-colorida-11-x-105-x-5-cm-50-unidades\/","og_locale":"pt_PT","og_type":"article","og_title":"Caixa para pastelaria com pega Morgan colorida 11 x 10,5 x 5 cm, 50 unidades","og_description":"Caixa para pastelaria com pega Morgan colorida (11 x 10,5 x 5 cm). Ideal para sobremesas individuais. Dispon\u00edvel em embalagens de 50 unidades. Pr\u00e1tico, resistente e elegante.","og_url":"https:\/\/www.csj-emballages.com\/pt-pt\/produit\/caixa-para-pastelaria-com-pega-morgan-colorida-11-x-105-x-5-cm-50-unidades\/","og_site_name":"CSJ Emballages","article_publisher":"https:\/\/www.facebook.com\/csjemballages","article_modified_time":"2026-04-10T00:12:50+00:00","og_image":[{"width":800,"height":799,"url":"https:\/\/www.csj-emballages.com\/wp-content\/uploads\/2025\/06\/CPP1010MOR.webp","type":"image\/webp"}],"twitter_card":"summary_large_image","twitter_misc":{"Tempo estimado de leitura":"1 minuto"},"schema":{"@context":"https:\/\/schema.org","@graph":[{"@type":"WebPage","@id":"https:\/\/www.csj-emballages.com\/pt-pt\/produit\/caixa-para-pastelaria-com-pega-morgan-colorida-11-x-105-x-5-cm-50-unidades\/","url":"https:\/\/www.csj-emballages.com\/pt-pt\/produit\/caixa-para-pastelaria-com-pega-morgan-colorida-11-x-105-x-5-cm-50-unidades\/","name":"Caixa para pastelaria com pega Morgan 11 x 10,5 x 5 cm, 50 unidades","isPartOf":{"@id":"https:\/\/www.csj-emballages.com\/pt-pt\/#website"},"primaryImageOfPage":{"@id":"https:\/\/www.csj-emballages.com\/pt-pt\/produit\/caixa-para-pastelaria-com-pega-morgan-colorida-11-x-105-x-5-cm-50-unidades\/#primaryimage"},"image":{"@id":"https:\/\/www.csj-emballages.com\/pt-pt\/produit\/caixa-para-pastelaria-com-pega-morgan-colorida-11-x-105-x-5-cm-50-unidades\/#primaryimage"},"thumbnailUrl":"https:\/\/www.csj-emballages.com\/wp-content\/uploads\/2025\/06\/CPP1010MOR.webp","datePublished":"2025-06-19T13:06:31+00:00","dateModified":"2026-04-10T00:12:50+00:00","description":"Caixa para pastelaria com pega Morgan colorida (11 x 10,5 x 5 cm). Ideal para sobremesas individuais. Dispon\u00edvel em embalagens de 50 unidades. Pr\u00e1tico, resistente e elegante.","breadcrumb":{"@id":"https:\/\/www.csj-emballages.com\/pt-pt\/produit\/caixa-para-pastelaria-com-pega-morgan-colorida-11-x-105-x-5-cm-50-unidades\/#breadcrumb"},"inLanguage":"pt-PT","potentialAction":[{"@type":"ReadAction","target":["https:\/\/www.csj-emballages.com\/pt-pt\/produit\/caixa-para-pastelaria-com-pega-morgan-colorida-11-x-105-x-5-cm-50-unidades\/"]}]},{"@type":"ImageObject","inLanguage":"pt-PT","@id":"https:\/\/www.csj-emballages.com\/pt-pt\/produit\/caixa-para-pastelaria-com-pega-morgan-colorida-11-x-105-x-5-cm-50-unidades\/#primaryimage","url":"https:\/\/www.csj-emballages.com\/wp-content\/uploads\/2025\/06\/CPP1010MOR.webp","contentUrl":"https:\/\/www.csj-emballages.com\/wp-content\/uploads\/2025\/06\/CPP1010MOR.webp","width":800,"height":799,"caption":"Caissette p\u00e2tissi\u00e8re"},{"@type":"BreadcrumbList","@id":"https:\/\/www.csj-emballages.com\/pt-pt\/produit\/caixa-para-pastelaria-com-pega-morgan-colorida-11-x-105-x-5-cm-50-unidades\/#breadcrumb","itemListElement":[{"@type":"ListItem","position":1,"name":"Acolhimento","item":"https:\/\/www.csj-emballages.com\/pt-pt\/universo-das-embalagens-alimentares\/"},{"@type":"ListItem","position":2,"name":"Shop","item":"https:\/\/www.csj-emballages.com\/shop\/"},{"@type":"ListItem","position":3,"name":"Caixa para pastelaria com pega Morgan colorida 11 x 10,5 x 5 cm, 50 unidades"}]},{"@type":"WebSite","@id":"https:\/\/www.csj-emballages.com\/pt-pt\/#website","url":"https:\/\/www.csj-emballages.com\/pt-pt\/","name":"CSJ Emballages","description":"","publisher":{"@id":"https:\/\/www.csj-emballages.com\/pt-pt\/#organization"},"potentialAction":[{"@type":"SearchAction","target":{"@type":"EntryPoint","urlTemplate":"https:\/\/www.csj-emballages.com\/pt-pt\/?s={search_term_string}"},"query-input":{"@type":"PropertyValueSpecification","valueRequired":true,"valueName":"search_term_string"}}],"inLanguage":"pt-PT"},{"@type":"Organization","@id":"https:\/\/www.csj-emballages.com\/pt-pt\/#Organization\/","name":"CSJ Emballages","url":"https:\/\/www.csj-emballages.com\/pt-pt\/","logo":{"@type":"ImageObject","inLanguage":"pt-PT","@id":"https:\/\/www.csj-emballages.com\/pt-pt\/#\/schema\/logo\/image\/","url":"https:\/\/www.csj-emballages.com\/wp-content\/uploads\/2023\/10\/logo_csj.webp","contentUrl":"https:\/\/www.csj-emballages.com\/wp-content\/uploads\/2023\/10\/logo_csj.webp","width":250,"height":95,"caption":"CSJ Emballages"},"image":{"@id":"https:\/\/www.csj-emballages.com\/pt-pt\/#\/schema\/logo\/image\/"},"sameAs":["https:\/\/www.facebook.com\/csjemballages"],"address":{"@type":"PostalAddress","streetAddress":"ZI La Lechere","addressLocality":"Patornay","postalCode":"39130","addressCountry":"FR"},"contactPoint":[{"@type":"ContactPoint","contactType":"Service client","telephone":"0384254272","email":"contact@csj-emballages.com"}]}]}},"df_price":14.18,"df_sale_price":"","df_regular_price":14.18,"df_image_link":"https:\/\/www.csj-emballages.com\/wp-content\/uploads\/2025\/06\/CPP1010MOR-300x300.webp","tiered_pricing_type":"fixed","tiered_pricing_fixed_rules":[],"tiered_pricing_percentage_rules":[],"tiered_pricing_minimum":1,"tiered_pricing_roles_data":[],"_links":{"self":[{"href":"https:\/\/www.csj-emballages.com\/pt-pt\/wp-json\/wp\/v2\/product\/236118","targetHints":{"allow":["GET"]}}],"collection":[{"href":"https:\/\/www.csj-emballages.com\/pt-pt\/wp-json\/wp\/v2\/product"}],"about":[{"href":"https:\/\/www.csj-emballages.com\/pt-pt\/wp-json\/wp\/v2\/types\/product"}],"wp:featuredmedia":[{"embeddable":true,"href":"https:\/\/www.csj-emballages.com\/pt-pt\/wp-json\/wp\/v2\/media\/236112"}],"wp:attachment":[{"href":"https:\/\/www.csj-emballages.com\/pt-pt\/wp-json\/wp\/v2\/media?parent=236118"}],"wp:term":[{"taxonomy":"product_brand","embeddable":true,"href":"https:\/\/www.csj-emballages.com\/pt-pt\/wp-json\/wp\/v2\/product_brand?post=236118"},{"taxonomy":"product_cat","embeddable":true,"href":"https:\/\/www.csj-emballages.com\/pt-pt\/wp-json\/wp\/v2\/product_cat?post=236118"},{"taxonomy":"product_tag","embeddable":true,"href":"https:\/\/www.csj-emballages.com\/pt-pt\/wp-json\/wp\/v2\/product_tag?post=236118"}],"curies":[{"name":"wp","href":"https:\/\/api.w.org\/{rel}","templated":true}]}}