{"id":235971,"date":"2025-06-18T09:52:52","date_gmt":"2025-06-18T07:52:52","guid":{"rendered":"https:\/\/www.csj-emballages.com\/produit\/caixa-de-250-etiquetas-para-amostras-de-controlo\/"},"modified":"2026-03-12T16:05:52","modified_gmt":"2026-03-12T15:05:52","slug":"caixa-de-250-etiquetas-para-amostras-de-controlo","status":"publish","type":"product","link":"https:\/\/www.csj-emballages.com\/pt-pt\/produit\/caixa-de-250-etiquetas-para-amostras-de-controlo\/","title":{"rendered":"Etiqueta de amostra de controlo por 250"},"content":{"rendered":"<h2 class=\"p1 ai-optimize-35 ai-optimize-introduction\">Etiqueta da amostra de controlo<\/h2>\n<hr>\n<h3 class=\"ai-optimize-34\">Descri\u00e7\u00e3o da nossa amostra de etiqueta por 250<\/h3>\n<p><!--more--><\/p>\n<p class=\"ai-optimize-32 ai-optimize-introduction\" data-start=\"245\" data-end=\"561\">Numa cozinha profissional, <strong>a rastreabilidade<\/strong> e a seguran\u00e7a alimentar n\u00e3o s\u00e3o negoci\u00e1veis. \u00c9 por isso que <strong data-start=\"365\" data-end=\"405\">as etiquetas de amostra<\/strong> se tornaram uma ferramenta indispens\u00e1vel para todos os profissionais do sector alimentar: restaura\u00e7\u00e3o, catering, autoridades locais e cozinhas centrais.<\/p>\n<p class=\"ai-optimize-33\" data-start=\"563\" data-end=\"859\">Esta embalagem de <strong>250 etiquetas<\/strong> foi concebida para facilitar o <strong data-start=\"618\" data-end=\"656\">controlo das refei\u00e7\u00f5es preparadas<\/strong> de acordo com os requisitos sanit\u00e1rios. Cada <strong>etiqueta<\/strong> \u00e9 facilmente fixada na tampa da amostra de controlo (tabuleiro, frasco ou saqueta) e<strong data-start=\"810\" data-end=\"855\">regista as informa\u00e7\u00f5es essenciais<\/strong>:<\/p>\n<ul data-start=\"860\" data-end=\"994\">\n<li class=\"ai-optimize-34\" data-start=\"860\" data-end=\"902\">\n<p class=\"ai-optimize-35\" data-start=\"862\" data-end=\"902\">a <strong data-start=\"865\" data-end=\"899\">data e a hora da amostragem<\/strong>,<\/p>\n<\/li>\n<li class=\"ai-optimize-36\" data-start=\"903\" data-end=\"926\">\n<p class=\"ai-optimize-37\" data-start=\"905\" data-end=\"926\">o <strong data-start=\"908\" data-end=\"923\">nome do prato<\/strong>,<\/p>\n<\/li>\n<li class=\"ai-optimize-38\" data-start=\"927\" data-end=\"957\">\n<p class=\"ai-optimize-39\" data-start=\"929\" data-end=\"957\">o <strong data-start=\"932\" data-end=\"954\">nome do operador<\/strong>,<\/p>\n<\/li>\n<li class=\"ai-optimize-40\" data-start=\"958\" data-end=\"994\">\n<p class=\"ai-optimize-41\" data-start=\"960\" data-end=\"994\">e <strong data-start=\"966\" data-end=\"993\">temperatura de armazenamento<\/strong>.<\/p>\n<\/li>\n<\/ul>\n<p class=\"ai-optimize-42\" data-start=\"996\" data-end=\"1272\">Gra\u00e7as a este sistema, de instala\u00e7\u00e3o r\u00e1pida e f\u00e1cil, pode garantir <strong>uma rastreabilidade total<\/strong> em caso de inspe\u00e7\u00e3o sanit\u00e1ria ou de suspeita de intoxica\u00e7\u00e3o alimentar. Este gesto quotidiano, muitas vezes subestimado, \u00e9, no entanto, <strong data-start=\"1224\" data-end=\"1269\">uma prova de profissionalismo e de rigor<\/strong>.<\/p>\n<p class=\"ai-optimize-43\" data-start=\"1274\" data-end=\"1430\">As <strong>etiquetas<\/strong> s\u00e3o fornecidas numa <strong>pr\u00e1tica caixa dispensadora<\/strong>, prontas a utilizar. O formato \u00e9 claro, f\u00e1cil de ler e perfeitamente adaptado \u00e0s necessidades da cozinha.<\/p>\n<p class=\"ai-optimize-44\" data-start=\"1432\" data-end=\"1592\">Profissionais exigentes? Esta \u00e9 a ferramenta de que necessita para gerir as suas amostras de controlo sem perda de tempo, cumprindo simultaneamente as normas HACCP.<\/p>\n<p data-start=\"1432\" data-end=\"1592\">\n<p><!--more--><\/p>\n<h4 class=\"ai-optimize-37\"><strong>Vantagens:<\/strong><\/h4>\n<ul>\n<li class=\"ai-optimize-38\">Permite a rastreabilidade total dos pratos preparados.<\/li>\n<li class=\"ai-optimize-39\">Formato claro: data, hora, prato, operador, temperatura.<\/li>\n<li class=\"ai-optimize-42\">Ideal para controlos de sa\u00fade.<\/li>\n<li class=\"ai-optimize-39\">Caixa dispensadora pr\u00e1tica.<\/li>\n<\/ul>\n<p>&nbsp;<\/p>\n<p><!--more--><\/p>\n<h4 class=\"ai-optimize-44\">Outras informa\u00e7\u00f5es :<\/h4>\n<ul>\n<li class=\"ai-optimize-45\"><strong>Embalagem<\/strong>: 250 unidades<\/li>\n<li class=\"ai-optimize-47\"><b>Dimens\u00f5es da etiqueta: <\/b>50 x 35 (C x L em mm)<\/li>\n<li class=\"ai-optimize-45\"><strong>Dimens\u00f5es da caixa<\/strong>: 80 x 80 x 40 (C x L x A em mm)<\/li>\n<li class=\"ai-optimize-35\"><b>Utiliza\u00e7\u00e3o <\/b>: etiqueta autocolante<\/li>\n<\/ul>\n<p>&nbsp;<\/p>\n<p><!--more--><\/p>\n<p class=\"ai-optimize-41\"><a href=\"https:\/\/www.csj-emballages.com\/pt-pt\/categorie-produit\/embalagem-de-alimentos\/loja-e-armazem\/acessorios-e-equipamentos-pt-pt\/etiquetas-pt-pt\/\">V\u00ea o resto da nossa gama de etiquetas<\/a><\/p>\n","protected":false},"excerpt":{"rendered":"<p>Etiqueta da amostra de controlo Descri\u00e7\u00e3o da nossa amostra de etiqueta por 250<\/p>\n","protected":false},"featured_media":235963,"template":"","meta":{"_acf_changed":false},"product_brand":[],"product_cat":[1141,1482,3921,3922,1827],"product_tag":[],"class_list":{"0":"post-235971","1":"product","2":"type-product","3":"status-publish","4":"has-post-thumbnail","6":"product_cat-embalagem-de-alimentos","7":"product_cat-loja-e-armazem","8":"product_cat-sacos-saquetas","9":"product_cat-acessorios-e-equipamentos-pt-pt","10":"product_cat-etiquetas-pt-pt","12":"first","13":"instock","14":"taxable","15":"shipping-taxable","16":"purchasable","17":"product-type-simple"},"acf":[],"yoast_head":"<!-- This site is optimized with the Yoast SEO Premium plugin v26.6 (Yoast SEO v26.6) - https:\/\/yoast.com\/wordpress\/plugins\/seo\/ -->\n<title>Etiqueta de controlo de amostras por 250<\/title>\n<meta name=\"description\" content=\"Etiqueta de amostra por 250 para colar em tabuleiros, panelas ou sacos: rastreabilidade, seguran\u00e7a alimentar, conformidade HACCP em cozinhas profissionais.\" \/>\n<meta name=\"robots\" content=\"index, follow, max-snippet:-1, max-image-preview:large, max-video-preview:-1\" \/>\n<link rel=\"canonical\" href=\"https:\/\/www.csj-emballages.com\/pt-pt\/produit\/caixa-de-250-etiquetas-para-amostras-de-controlo\/\" \/>\n<meta property=\"og:locale\" content=\"pt_PT\" \/>\n<meta property=\"og:type\" content=\"article\" \/>\n<meta property=\"og:title\" content=\"Etiqueta de amostra de controlo por 250\" \/>\n<meta property=\"og:description\" content=\"Etiqueta de amostra por 250 para colar em tabuleiros, panelas ou sacos: rastreabilidade, seguran\u00e7a alimentar, conformidade HACCP em cozinhas profissionais.\" \/>\n<meta property=\"og:url\" content=\"https:\/\/www.csj-emballages.com\/pt-pt\/produit\/caixa-de-250-etiquetas-para-amostras-de-controlo\/\" \/>\n<meta property=\"og:site_name\" content=\"CSJ Emballages\" \/>\n<meta property=\"article:publisher\" content=\"https:\/\/www.facebook.com\/csjemballages\" \/>\n<meta property=\"article:modified_time\" content=\"2026-03-12T15:05:52+00:00\" \/>\n<meta property=\"og:image\" content=\"https:\/\/www.csj-emballages.com\/wp-content\/uploads\/2025\/06\/129602.webp\" \/>\n\t<meta property=\"og:image:width\" content=\"800\" \/>\n\t<meta property=\"og:image:height\" content=\"800\" \/>\n\t<meta property=\"og:image:type\" content=\"image\/webp\" \/>\n<meta name=\"twitter:card\" content=\"summary_large_image\" \/>\n<meta name=\"twitter:label1\" content=\"Tempo estimado de leitura\" \/>\n\t<meta name=\"twitter:data1\" content=\"1 minuto\" \/>\n<script type=\"application\/ld+json\" class=\"yoast-schema-graph\">{\"@context\":\"https:\/\/schema.org\",\"@graph\":[{\"@type\":\"WebPage\",\"@id\":\"https:\/\/www.csj-emballages.com\/pt-pt\/produit\/caixa-de-250-etiquetas-para-amostras-de-controlo\/\",\"url\":\"https:\/\/www.csj-emballages.com\/pt-pt\/produit\/caixa-de-250-etiquetas-para-amostras-de-controlo\/\",\"name\":\"Etiqueta de controlo de amostras por 250\",\"isPartOf\":{\"@id\":\"https:\/\/www.csj-emballages.com\/pt-pt\/#website\"},\"primaryImageOfPage\":{\"@id\":\"https:\/\/www.csj-emballages.com\/pt-pt\/produit\/caixa-de-250-etiquetas-para-amostras-de-controlo\/#primaryimage\"},\"image\":{\"@id\":\"https:\/\/www.csj-emballages.com\/pt-pt\/produit\/caixa-de-250-etiquetas-para-amostras-de-controlo\/#primaryimage\"},\"thumbnailUrl\":\"https:\/\/www.csj-emballages.com\/wp-content\/uploads\/2025\/06\/129602.webp\",\"datePublished\":\"2025-06-18T07:52:52+00:00\",\"dateModified\":\"2026-03-12T15:05:52+00:00\",\"description\":\"Etiqueta de amostra por 250 para colar em tabuleiros, panelas ou sacos: rastreabilidade, seguran\u00e7a alimentar, conformidade HACCP em cozinhas profissionais.\",\"breadcrumb\":{\"@id\":\"https:\/\/www.csj-emballages.com\/pt-pt\/produit\/caixa-de-250-etiquetas-para-amostras-de-controlo\/#breadcrumb\"},\"inLanguage\":\"pt-PT\",\"potentialAction\":[{\"@type\":\"ReadAction\",\"target\":[\"https:\/\/www.csj-emballages.com\/pt-pt\/produit\/caixa-de-250-etiquetas-para-amostras-de-controlo\/\"]}]},{\"@type\":\"ImageObject\",\"inLanguage\":\"pt-PT\",\"@id\":\"https:\/\/www.csj-emballages.com\/pt-pt\/produit\/caixa-de-250-etiquetas-para-amostras-de-controlo\/#primaryimage\",\"url\":\"https:\/\/www.csj-emballages.com\/wp-content\/uploads\/2025\/06\/129602.webp\",\"contentUrl\":\"https:\/\/www.csj-emballages.com\/wp-content\/uploads\/2025\/06\/129602.webp\",\"width\":800,\"height\":800,\"caption\":\"\u00c9tiquette \u00e9chantillon t\u00e9moin\"},{\"@type\":\"BreadcrumbList\",\"@id\":\"https:\/\/www.csj-emballages.com\/pt-pt\/produit\/caixa-de-250-etiquetas-para-amostras-de-controlo\/#breadcrumb\",\"itemListElement\":[{\"@type\":\"ListItem\",\"position\":1,\"name\":\"Acolhimento\",\"item\":\"https:\/\/www.csj-emballages.com\/pt-pt\/universo-das-embalagens-alimentares\/\"},{\"@type\":\"ListItem\",\"position\":2,\"name\":\"Shop\",\"item\":\"https:\/\/www.csj-emballages.com\/shop\/\"},{\"@type\":\"ListItem\",\"position\":3,\"name\":\"Etiqueta de amostra de controlo por 250\"}]},{\"@type\":\"WebSite\",\"@id\":\"https:\/\/www.csj-emballages.com\/pt-pt\/#website\",\"url\":\"https:\/\/www.csj-emballages.com\/pt-pt\/\",\"name\":\"CSJ Emballages\",\"description\":\"\",\"publisher\":{\"@id\":\"https:\/\/www.csj-emballages.com\/pt-pt\/#organization\"},\"potentialAction\":[{\"@type\":\"SearchAction\",\"target\":{\"@type\":\"EntryPoint\",\"urlTemplate\":\"https:\/\/www.csj-emballages.com\/pt-pt\/?s={search_term_string}\"},\"query-input\":{\"@type\":\"PropertyValueSpecification\",\"valueRequired\":true,\"valueName\":\"search_term_string\"}}],\"inLanguage\":\"pt-PT\"},{\"@type\":\"Organization\",\"@id\":\"https:\/\/www.csj-emballages.com\/pt-pt\/#Organization\/\",\"name\":\"CSJ Emballages\",\"url\":\"https:\/\/www.csj-emballages.com\/pt-pt\/\",\"logo\":{\"@type\":\"ImageObject\",\"inLanguage\":\"pt-PT\",\"@id\":\"https:\/\/www.csj-emballages.com\/pt-pt\/#\/schema\/logo\/image\/\",\"url\":\"https:\/\/www.csj-emballages.com\/wp-content\/uploads\/2023\/10\/logo_csj.webp\",\"contentUrl\":\"https:\/\/www.csj-emballages.com\/wp-content\/uploads\/2023\/10\/logo_csj.webp\",\"width\":250,\"height\":95,\"caption\":\"CSJ Emballages\"},\"image\":{\"@id\":\"https:\/\/www.csj-emballages.com\/pt-pt\/#\/schema\/logo\/image\/\"},\"sameAs\":[\"https:\/\/www.facebook.com\/csjemballages\"],\"address\":{\"@type\":\"PostalAddress\",\"streetAddress\":\"ZI La Lechere\",\"addressLocality\":\"Patornay\",\"postalCode\":\"39130\",\"addressCountry\":\"FR\"},\"contactPoint\":[{\"@type\":\"ContactPoint\",\"contactType\":\"Service client\",\"telephone\":\"0384254272\",\"email\":\"contact@csj-emballages.com\"}]}]}<\/script>\n<!-- \/ Yoast SEO Premium plugin. -->","yoast_head_json":{"title":"Etiqueta de controlo de amostras por 250","description":"Etiqueta de amostra por 250 para colar em tabuleiros, panelas ou sacos: rastreabilidade, seguran\u00e7a alimentar, conformidade HACCP em cozinhas profissionais.","robots":{"index":"index","follow":"follow","max-snippet":"max-snippet:-1","max-image-preview":"max-image-preview:large","max-video-preview":"max-video-preview:-1"},"canonical":"https:\/\/www.csj-emballages.com\/pt-pt\/produit\/caixa-de-250-etiquetas-para-amostras-de-controlo\/","og_locale":"pt_PT","og_type":"article","og_title":"Etiqueta de amostra de controlo por 250","og_description":"Etiqueta de amostra por 250 para colar em tabuleiros, panelas ou sacos: rastreabilidade, seguran\u00e7a alimentar, conformidade HACCP em cozinhas profissionais.","og_url":"https:\/\/www.csj-emballages.com\/pt-pt\/produit\/caixa-de-250-etiquetas-para-amostras-de-controlo\/","og_site_name":"CSJ Emballages","article_publisher":"https:\/\/www.facebook.com\/csjemballages","article_modified_time":"2026-03-12T15:05:52+00:00","og_image":[{"width":800,"height":800,"url":"https:\/\/www.csj-emballages.com\/wp-content\/uploads\/2025\/06\/129602.webp","type":"image\/webp"}],"twitter_card":"summary_large_image","twitter_misc":{"Tempo estimado de leitura":"1 minuto"},"schema":{"@context":"https:\/\/schema.org","@graph":[{"@type":"WebPage","@id":"https:\/\/www.csj-emballages.com\/pt-pt\/produit\/caixa-de-250-etiquetas-para-amostras-de-controlo\/","url":"https:\/\/www.csj-emballages.com\/pt-pt\/produit\/caixa-de-250-etiquetas-para-amostras-de-controlo\/","name":"Etiqueta de controlo de amostras por 250","isPartOf":{"@id":"https:\/\/www.csj-emballages.com\/pt-pt\/#website"},"primaryImageOfPage":{"@id":"https:\/\/www.csj-emballages.com\/pt-pt\/produit\/caixa-de-250-etiquetas-para-amostras-de-controlo\/#primaryimage"},"image":{"@id":"https:\/\/www.csj-emballages.com\/pt-pt\/produit\/caixa-de-250-etiquetas-para-amostras-de-controlo\/#primaryimage"},"thumbnailUrl":"https:\/\/www.csj-emballages.com\/wp-content\/uploads\/2025\/06\/129602.webp","datePublished":"2025-06-18T07:52:52+00:00","dateModified":"2026-03-12T15:05:52+00:00","description":"Etiqueta de amostra por 250 para colar em tabuleiros, panelas ou sacos: rastreabilidade, seguran\u00e7a alimentar, conformidade HACCP em cozinhas profissionais.","breadcrumb":{"@id":"https:\/\/www.csj-emballages.com\/pt-pt\/produit\/caixa-de-250-etiquetas-para-amostras-de-controlo\/#breadcrumb"},"inLanguage":"pt-PT","potentialAction":[{"@type":"ReadAction","target":["https:\/\/www.csj-emballages.com\/pt-pt\/produit\/caixa-de-250-etiquetas-para-amostras-de-controlo\/"]}]},{"@type":"ImageObject","inLanguage":"pt-PT","@id":"https:\/\/www.csj-emballages.com\/pt-pt\/produit\/caixa-de-250-etiquetas-para-amostras-de-controlo\/#primaryimage","url":"https:\/\/www.csj-emballages.com\/wp-content\/uploads\/2025\/06\/129602.webp","contentUrl":"https:\/\/www.csj-emballages.com\/wp-content\/uploads\/2025\/06\/129602.webp","width":800,"height":800,"caption":"\u00c9tiquette \u00e9chantillon t\u00e9moin"},{"@type":"BreadcrumbList","@id":"https:\/\/www.csj-emballages.com\/pt-pt\/produit\/caixa-de-250-etiquetas-para-amostras-de-controlo\/#breadcrumb","itemListElement":[{"@type":"ListItem","position":1,"name":"Acolhimento","item":"https:\/\/www.csj-emballages.com\/pt-pt\/universo-das-embalagens-alimentares\/"},{"@type":"ListItem","position":2,"name":"Shop","item":"https:\/\/www.csj-emballages.com\/shop\/"},{"@type":"ListItem","position":3,"name":"Etiqueta de amostra de controlo por 250"}]},{"@type":"WebSite","@id":"https:\/\/www.csj-emballages.com\/pt-pt\/#website","url":"https:\/\/www.csj-emballages.com\/pt-pt\/","name":"CSJ Emballages","description":"","publisher":{"@id":"https:\/\/www.csj-emballages.com\/pt-pt\/#organization"},"potentialAction":[{"@type":"SearchAction","target":{"@type":"EntryPoint","urlTemplate":"https:\/\/www.csj-emballages.com\/pt-pt\/?s={search_term_string}"},"query-input":{"@type":"PropertyValueSpecification","valueRequired":true,"valueName":"search_term_string"}}],"inLanguage":"pt-PT"},{"@type":"Organization","@id":"https:\/\/www.csj-emballages.com\/pt-pt\/#Organization\/","name":"CSJ Emballages","url":"https:\/\/www.csj-emballages.com\/pt-pt\/","logo":{"@type":"ImageObject","inLanguage":"pt-PT","@id":"https:\/\/www.csj-emballages.com\/pt-pt\/#\/schema\/logo\/image\/","url":"https:\/\/www.csj-emballages.com\/wp-content\/uploads\/2023\/10\/logo_csj.webp","contentUrl":"https:\/\/www.csj-emballages.com\/wp-content\/uploads\/2023\/10\/logo_csj.webp","width":250,"height":95,"caption":"CSJ Emballages"},"image":{"@id":"https:\/\/www.csj-emballages.com\/pt-pt\/#\/schema\/logo\/image\/"},"sameAs":["https:\/\/www.facebook.com\/csjemballages"],"address":{"@type":"PostalAddress","streetAddress":"ZI La Lechere","addressLocality":"Patornay","postalCode":"39130","addressCountry":"FR"},"contactPoint":[{"@type":"ContactPoint","contactType":"Service client","telephone":"0384254272","email":"contact@csj-emballages.com"}]}]}},"df_price":26.66,"df_sale_price":"","df_regular_price":26.66,"df_image_link":"https:\/\/www.csj-emballages.com\/wp-content\/uploads\/2025\/06\/129602-300x300.webp","tiered_pricing_type":"fixed","tiered_pricing_fixed_rules":[],"tiered_pricing_percentage_rules":[],"tiered_pricing_minimum":1,"tiered_pricing_roles_data":[],"_links":{"self":[{"href":"https:\/\/www.csj-emballages.com\/pt-pt\/wp-json\/wp\/v2\/product\/235971","targetHints":{"allow":["GET"]}}],"collection":[{"href":"https:\/\/www.csj-emballages.com\/pt-pt\/wp-json\/wp\/v2\/product"}],"about":[{"href":"https:\/\/www.csj-emballages.com\/pt-pt\/wp-json\/wp\/v2\/types\/product"}],"wp:featuredmedia":[{"embeddable":true,"href":"https:\/\/www.csj-emballages.com\/pt-pt\/wp-json\/wp\/v2\/media\/235963"}],"wp:attachment":[{"href":"https:\/\/www.csj-emballages.com\/pt-pt\/wp-json\/wp\/v2\/media?parent=235971"}],"wp:term":[{"taxonomy":"product_brand","embeddable":true,"href":"https:\/\/www.csj-emballages.com\/pt-pt\/wp-json\/wp\/v2\/product_brand?post=235971"},{"taxonomy":"product_cat","embeddable":true,"href":"https:\/\/www.csj-emballages.com\/pt-pt\/wp-json\/wp\/v2\/product_cat?post=235971"},{"taxonomy":"product_tag","embeddable":true,"href":"https:\/\/www.csj-emballages.com\/pt-pt\/wp-json\/wp\/v2\/product_tag?post=235971"}],"curies":[{"name":"wp","href":"https:\/\/api.w.org\/{rel}","templated":true}]}}