{"id":23594,"date":"2024-03-01T16:49:12","date_gmt":"2024-03-01T15:49:12","guid":{"rendered":"https:\/\/u15jnbdpoq.preview.infomaniak.website\/produit\/50-sacos-moldados-com-base-dourada-160-80-x-420-mm\/"},"modified":"2026-03-25T02:16:34","modified_gmt":"2026-03-25T01:16:34","slug":"50-sacos-moldados-com-base-dourada-160-80-x-420-mm","status":"publish","type":"product","link":"https:\/\/www.csj-emballages.com\/pt-pt\/produit\/50-sacos-moldados-com-base-dourada-160-80-x-420-mm\/","title":{"rendered":"Saco de moldagem com base dourada 160 + 80 x 420 mm por 100"},"content":{"rendered":"<h2 class=\"p1\">Saco de moldagem<\/h2>\n<hr>\n<h3>Descri\u00e7\u00e3o do nosso saco de moldagem com sola dourada 160 + 80 x 420 mm por 100<\/h3>\n<p><!--more--><\/p>\n<p data-start=\"19\" data-end=\"530\">O <strong data-start=\"22\" data-end=\"74\">saco moldado 160 + 80 x 420 mm com sola dourada<\/strong> \u00e9 a embalagem ideal para os seus produtos de pastelaria, confeitaria ou qualquer outro artigo que exija uma apresenta\u00e7\u00e3o elegante e profissional. Esta bolsa foi concebida para garantir uma prote\u00e7\u00e3o \u00f3ptima, valorizando o produto gra\u00e7as \u00e0 sua <strong>refinada sola dourada<\/strong>. Pr\u00e1tico e resistente, \u00e9 perfeito para utiliza\u00e7\u00e3o no sector alimentar, oferecendo seguran\u00e7a no transporte e uma apresenta\u00e7\u00e3o superior.  <\/p>\n<p data-start=\"19\" data-end=\"530\">Sacos de fundo de cart\u00e3o de 35 microns utilizados principalmente por padarias, pastelarias, chocolatarias e mesmo por particulares para vender as suas pe\u00e7as de moldagem. Este saco de confeitar neutro ser\u00e1 excelente para mostrar as tuas pequenas cria\u00e7\u00f5es gra\u00e7as \u00e0 sua forma.<\/p>\n<p>Este saco \u00e9 de polipropileno.<\/p>\n<p>&nbsp;<\/p>\n<p><!--more--><\/p>\n<h4>As suas vantagens:<\/h4>\n<ul>\n<li data-start=\"749\" data-end=\"823\"><strong data-start=\"751\" data-end=\"773\">Visual premium<\/strong>: sola dourada para um visual refinado.<\/li>\n<li data-start=\"824\" data-end=\"920\"><strong data-start=\"826\" data-end=\"849\">Prote\u00e7\u00e3o \u00f3ptima<\/strong>: Resistente, protege os seus produtos, oferecendo uma vis\u00e3o clara.<\/li>\n<li data-start=\"921\" data-end=\"1017\"><strong data-start=\"923\" data-end=\"938\">Versatilidade<\/strong>: Ideal para embalar pastelaria, confeitaria e outros artigos delicados.<\/li>\n<li data-start=\"1018\" data-end=\"1113\"><strong data-start=\"1020\" data-end=\"1032\">Pr\u00e1tico<\/strong>: f\u00e1cil de utilizar e adaptado \u00e0s necessidades dos profissionais do sector alimentar.<\/li>\n<li data-start=\"1114\" data-end=\"1199\">Rela\u00e7\u00e3o <strong data-start=\"1116\" data-end=\"1128\">qualidade\/pre\u00e7o<\/strong>: Vendido em embalagens de 100 unidades, ideal para encomendas a granel.<\/li>\n<\/ul>\n<p>&nbsp;<\/p>\n<p><!--more--><\/p>\n<h4>Outras informa\u00e7\u00f5es :<\/h4>\n<ul>\n<li><strong>Embalagem<\/strong>: Caixa de 100 com 100 saquetas e 100 palmilhas.<\/li>\n<li><strong>Dimens\u00f5es<\/strong>: 160 + 80 x 420 (fundo do saco x h em mm)<\/li>\n<li><strong>Material<\/strong>: Polipropileno<\/li>\n<li><strong>Cor de fundo<\/strong>: dourado<\/li>\n<li><strong>Resist\u00eancia<\/strong>: 35 microns<\/li>\n<\/ul>\n<p>&nbsp;<\/p>\n<p><!--more--><\/p>\n<p>Este produto est\u00e1 dispon\u00edvel em v\u00e1rios tamanhos: <span style=\"color: #d12727\"><a style=\"color: #d12727\" href=\"https:\/\/www.csj-emballages.com\/pt-pt\/produit\/100-sacos-moldados-base-dourada-230-110-x-570-mm\/\">230 + 110 x 570 mm<\/a><\/span><\/p>\n<p>&nbsp;<\/p>\n<p><!--more--><\/p>\n<p><a href=\"https:\/\/www.csj-emballages.com\/pt-pt\/categorie-produit\/embalagem-de-alimentos\/padaria-e-pastelaria\/sacos-saquetas-e-papel\/sacos-de-confeitaria\/sacos-de-moldagem\/\">V\u00ea o resto da nossa gama de sacos moldados<\/a><\/p>\n","protected":false},"excerpt":{"rendered":"<p>Saco de moldagem Descri\u00e7\u00e3o do nosso saco de moldagem com sola dourada 160 + 80 x 420 mm por 100<\/p>\n","protected":false},"featured_media":225997,"template":"","meta":{"_acf_changed":false},"product_brand":[],"product_cat":[1141,1177,1655,3496],"product_tag":[],"class_list":{"0":"post-23594","1":"product","2":"type-product","3":"status-publish","4":"has-post-thumbnail","6":"product_cat-embalagem-de-alimentos","7":"product_cat-padaria-e-pastelaria","8":"product_cat-sacos-de-confeitaria","9":"product_cat-sacos-de-moldagem","11":"first","12":"instock","13":"taxable","14":"shipping-taxable","15":"purchasable","16":"product-type-simple"},"acf":[],"yoast_head":"<!-- This site is optimized with the Yoast SEO Premium plugin v26.6 (Yoast SEO v26.6) - https:\/\/yoast.com\/wordpress\/plugins\/seo\/ -->\n<title>Saco de moldagem com base dourada 160 + 80 x 420 mm por 100<\/title>\n<meta name=\"description\" content=\"Descubra o nosso saco para moldes com sola dourada 160 + 80 x 420 mm, ideal para embalar elegantemente as suas cria\u00e7\u00f5es. Ideal para pastelaria e confeitaria.\" \/>\n<meta name=\"robots\" content=\"index, follow, max-snippet:-1, max-image-preview:large, max-video-preview:-1\" \/>\n<link rel=\"canonical\" href=\"https:\/\/www.csj-emballages.com\/pt-pt\/produit\/50-sacos-moldados-com-base-dourada-160-80-x-420-mm\/\" \/>\n<meta property=\"og:locale\" content=\"pt_PT\" \/>\n<meta property=\"og:type\" content=\"article\" \/>\n<meta property=\"og:title\" content=\"Saco de moldagem com base dourada 160 + 80 x 420 mm por 100\" \/>\n<meta property=\"og:description\" content=\"Descubra o nosso saco para moldes com sola dourada 160 + 80 x 420 mm, ideal para embalar elegantemente as suas cria\u00e7\u00f5es. Ideal para pastelaria e confeitaria.\" \/>\n<meta property=\"og:url\" content=\"https:\/\/www.csj-emballages.com\/pt-pt\/produit\/50-sacos-moldados-com-base-dourada-160-80-x-420-mm\/\" \/>\n<meta property=\"og:site_name\" content=\"CSJ Emballages\" \/>\n<meta property=\"article:publisher\" content=\"https:\/\/www.facebook.com\/csjemballages\" \/>\n<meta property=\"article:modified_time\" content=\"2026-03-25T01:16:34+00:00\" \/>\n<meta property=\"og:image\" content=\"https:\/\/www.csj-emballages.com\/wp-content\/uploads\/2024\/03\/sachet-moulage.webp\" \/>\n\t<meta property=\"og:image:width\" content=\"800\" \/>\n\t<meta property=\"og:image:height\" content=\"800\" \/>\n\t<meta property=\"og:image:type\" content=\"image\/webp\" \/>\n<meta name=\"twitter:card\" content=\"summary_large_image\" \/>\n<meta name=\"twitter:label1\" content=\"Tempo estimado de leitura\" \/>\n\t<meta name=\"twitter:data1\" content=\"1 minuto\" \/>\n<script type=\"application\/ld+json\" class=\"yoast-schema-graph\">{\"@context\":\"https:\/\/schema.org\",\"@graph\":[{\"@type\":\"WebPage\",\"@id\":\"https:\/\/www.csj-emballages.com\/pt-pt\/produit\/50-sacos-moldados-com-base-dourada-160-80-x-420-mm\/\",\"url\":\"https:\/\/www.csj-emballages.com\/pt-pt\/produit\/50-sacos-moldados-com-base-dourada-160-80-x-420-mm\/\",\"name\":\"Saco de moldagem com base dourada 160 + 80 x 420 mm por 100\",\"isPartOf\":{\"@id\":\"https:\/\/www.csj-emballages.com\/pt-pt\/#website\"},\"primaryImageOfPage\":{\"@id\":\"https:\/\/www.csj-emballages.com\/pt-pt\/produit\/50-sacos-moldados-com-base-dourada-160-80-x-420-mm\/#primaryimage\"},\"image\":{\"@id\":\"https:\/\/www.csj-emballages.com\/pt-pt\/produit\/50-sacos-moldados-com-base-dourada-160-80-x-420-mm\/#primaryimage\"},\"thumbnailUrl\":\"https:\/\/www.csj-emballages.com\/wp-content\/uploads\/2024\/03\/sachet-moulage.webp\",\"datePublished\":\"2024-03-01T15:49:12+00:00\",\"dateModified\":\"2026-03-25T01:16:34+00:00\",\"description\":\"Descubra o nosso saco para moldes com sola dourada 160 + 80 x 420 mm, ideal para embalar elegantemente as suas cria\u00e7\u00f5es. Ideal para pastelaria e confeitaria.\",\"breadcrumb\":{\"@id\":\"https:\/\/www.csj-emballages.com\/pt-pt\/produit\/50-sacos-moldados-com-base-dourada-160-80-x-420-mm\/#breadcrumb\"},\"inLanguage\":\"pt-PT\",\"potentialAction\":[{\"@type\":\"ReadAction\",\"target\":[\"https:\/\/www.csj-emballages.com\/pt-pt\/produit\/50-sacos-moldados-com-base-dourada-160-80-x-420-mm\/\"]}]},{\"@type\":\"ImageObject\",\"inLanguage\":\"pt-PT\",\"@id\":\"https:\/\/www.csj-emballages.com\/pt-pt\/produit\/50-sacos-moldados-com-base-dourada-160-80-x-420-mm\/#primaryimage\",\"url\":\"https:\/\/www.csj-emballages.com\/wp-content\/uploads\/2024\/03\/sachet-moulage.webp\",\"contentUrl\":\"https:\/\/www.csj-emballages.com\/wp-content\/uploads\/2024\/03\/sachet-moulage.webp\",\"width\":800,\"height\":800,\"caption\":\"Sachet moulage\"},{\"@type\":\"BreadcrumbList\",\"@id\":\"https:\/\/www.csj-emballages.com\/pt-pt\/produit\/50-sacos-moldados-com-base-dourada-160-80-x-420-mm\/#breadcrumb\",\"itemListElement\":[{\"@type\":\"ListItem\",\"position\":1,\"name\":\"Acolhimento\",\"item\":\"https:\/\/www.csj-emballages.com\/pt-pt\/universo-das-embalagens-alimentares\/\"},{\"@type\":\"ListItem\",\"position\":2,\"name\":\"Shop\",\"item\":\"https:\/\/www.csj-emballages.com\/shop\/\"},{\"@type\":\"ListItem\",\"position\":3,\"name\":\"Saco de moldagem com base dourada 160 + 80 x 420 mm por 100\"}]},{\"@type\":\"WebSite\",\"@id\":\"https:\/\/www.csj-emballages.com\/pt-pt\/#website\",\"url\":\"https:\/\/www.csj-emballages.com\/pt-pt\/\",\"name\":\"CSJ Emballages\",\"description\":\"\",\"publisher\":{\"@id\":\"https:\/\/www.csj-emballages.com\/pt-pt\/#organization\"},\"potentialAction\":[{\"@type\":\"SearchAction\",\"target\":{\"@type\":\"EntryPoint\",\"urlTemplate\":\"https:\/\/www.csj-emballages.com\/pt-pt\/?s={search_term_string}\"},\"query-input\":{\"@type\":\"PropertyValueSpecification\",\"valueRequired\":true,\"valueName\":\"search_term_string\"}}],\"inLanguage\":\"pt-PT\"},{\"@type\":\"Organization\",\"@id\":\"https:\/\/www.csj-emballages.com\/pt-pt\/#Organization\/\",\"name\":\"CSJ Emballages\",\"url\":\"https:\/\/www.csj-emballages.com\/pt-pt\/\",\"logo\":{\"@type\":\"ImageObject\",\"inLanguage\":\"pt-PT\",\"@id\":\"https:\/\/www.csj-emballages.com\/pt-pt\/#\/schema\/logo\/image\/\",\"url\":\"https:\/\/www.csj-emballages.com\/wp-content\/uploads\/2023\/10\/logo_csj.webp\",\"contentUrl\":\"https:\/\/www.csj-emballages.com\/wp-content\/uploads\/2023\/10\/logo_csj.webp\",\"width\":250,\"height\":95,\"caption\":\"CSJ Emballages\"},\"image\":{\"@id\":\"https:\/\/www.csj-emballages.com\/pt-pt\/#\/schema\/logo\/image\/\"},\"sameAs\":[\"https:\/\/www.facebook.com\/csjemballages\"],\"address\":{\"@type\":\"PostalAddress\",\"streetAddress\":\"ZI La Lechere\",\"addressLocality\":\"Patornay\",\"postalCode\":\"39130\",\"addressCountry\":\"FR\"},\"contactPoint\":[{\"@type\":\"ContactPoint\",\"contactType\":\"Service client\",\"telephone\":\"0384254272\",\"email\":\"contact@csj-emballages.com\"}]}]}<\/script>\n<!-- \/ Yoast SEO Premium plugin. -->","yoast_head_json":{"title":"Saco de moldagem com base dourada 160 + 80 x 420 mm por 100","description":"Descubra o nosso saco para moldes com sola dourada 160 + 80 x 420 mm, ideal para embalar elegantemente as suas cria\u00e7\u00f5es. Ideal para pastelaria e confeitaria.","robots":{"index":"index","follow":"follow","max-snippet":"max-snippet:-1","max-image-preview":"max-image-preview:large","max-video-preview":"max-video-preview:-1"},"canonical":"https:\/\/www.csj-emballages.com\/pt-pt\/produit\/50-sacos-moldados-com-base-dourada-160-80-x-420-mm\/","og_locale":"pt_PT","og_type":"article","og_title":"Saco de moldagem com base dourada 160 + 80 x 420 mm por 100","og_description":"Descubra o nosso saco para moldes com sola dourada 160 + 80 x 420 mm, ideal para embalar elegantemente as suas cria\u00e7\u00f5es. Ideal para pastelaria e confeitaria.","og_url":"https:\/\/www.csj-emballages.com\/pt-pt\/produit\/50-sacos-moldados-com-base-dourada-160-80-x-420-mm\/","og_site_name":"CSJ Emballages","article_publisher":"https:\/\/www.facebook.com\/csjemballages","article_modified_time":"2026-03-25T01:16:34+00:00","og_image":[{"width":800,"height":800,"url":"https:\/\/www.csj-emballages.com\/wp-content\/uploads\/2024\/03\/sachet-moulage.webp","type":"image\/webp"}],"twitter_card":"summary_large_image","twitter_misc":{"Tempo estimado de leitura":"1 minuto"},"schema":{"@context":"https:\/\/schema.org","@graph":[{"@type":"WebPage","@id":"https:\/\/www.csj-emballages.com\/pt-pt\/produit\/50-sacos-moldados-com-base-dourada-160-80-x-420-mm\/","url":"https:\/\/www.csj-emballages.com\/pt-pt\/produit\/50-sacos-moldados-com-base-dourada-160-80-x-420-mm\/","name":"Saco de moldagem com base dourada 160 + 80 x 420 mm por 100","isPartOf":{"@id":"https:\/\/www.csj-emballages.com\/pt-pt\/#website"},"primaryImageOfPage":{"@id":"https:\/\/www.csj-emballages.com\/pt-pt\/produit\/50-sacos-moldados-com-base-dourada-160-80-x-420-mm\/#primaryimage"},"image":{"@id":"https:\/\/www.csj-emballages.com\/pt-pt\/produit\/50-sacos-moldados-com-base-dourada-160-80-x-420-mm\/#primaryimage"},"thumbnailUrl":"https:\/\/www.csj-emballages.com\/wp-content\/uploads\/2024\/03\/sachet-moulage.webp","datePublished":"2024-03-01T15:49:12+00:00","dateModified":"2026-03-25T01:16:34+00:00","description":"Descubra o nosso saco para moldes com sola dourada 160 + 80 x 420 mm, ideal para embalar elegantemente as suas cria\u00e7\u00f5es. Ideal para pastelaria e confeitaria.","breadcrumb":{"@id":"https:\/\/www.csj-emballages.com\/pt-pt\/produit\/50-sacos-moldados-com-base-dourada-160-80-x-420-mm\/#breadcrumb"},"inLanguage":"pt-PT","potentialAction":[{"@type":"ReadAction","target":["https:\/\/www.csj-emballages.com\/pt-pt\/produit\/50-sacos-moldados-com-base-dourada-160-80-x-420-mm\/"]}]},{"@type":"ImageObject","inLanguage":"pt-PT","@id":"https:\/\/www.csj-emballages.com\/pt-pt\/produit\/50-sacos-moldados-com-base-dourada-160-80-x-420-mm\/#primaryimage","url":"https:\/\/www.csj-emballages.com\/wp-content\/uploads\/2024\/03\/sachet-moulage.webp","contentUrl":"https:\/\/www.csj-emballages.com\/wp-content\/uploads\/2024\/03\/sachet-moulage.webp","width":800,"height":800,"caption":"Sachet moulage"},{"@type":"BreadcrumbList","@id":"https:\/\/www.csj-emballages.com\/pt-pt\/produit\/50-sacos-moldados-com-base-dourada-160-80-x-420-mm\/#breadcrumb","itemListElement":[{"@type":"ListItem","position":1,"name":"Acolhimento","item":"https:\/\/www.csj-emballages.com\/pt-pt\/universo-das-embalagens-alimentares\/"},{"@type":"ListItem","position":2,"name":"Shop","item":"https:\/\/www.csj-emballages.com\/shop\/"},{"@type":"ListItem","position":3,"name":"Saco de moldagem com base dourada 160 + 80 x 420 mm por 100"}]},{"@type":"WebSite","@id":"https:\/\/www.csj-emballages.com\/pt-pt\/#website","url":"https:\/\/www.csj-emballages.com\/pt-pt\/","name":"CSJ Emballages","description":"","publisher":{"@id":"https:\/\/www.csj-emballages.com\/pt-pt\/#organization"},"potentialAction":[{"@type":"SearchAction","target":{"@type":"EntryPoint","urlTemplate":"https:\/\/www.csj-emballages.com\/pt-pt\/?s={search_term_string}"},"query-input":{"@type":"PropertyValueSpecification","valueRequired":true,"valueName":"search_term_string"}}],"inLanguage":"pt-PT"},{"@type":"Organization","@id":"https:\/\/www.csj-emballages.com\/pt-pt\/#Organization\/","name":"CSJ Emballages","url":"https:\/\/www.csj-emballages.com\/pt-pt\/","logo":{"@type":"ImageObject","inLanguage":"pt-PT","@id":"https:\/\/www.csj-emballages.com\/pt-pt\/#\/schema\/logo\/image\/","url":"https:\/\/www.csj-emballages.com\/wp-content\/uploads\/2023\/10\/logo_csj.webp","contentUrl":"https:\/\/www.csj-emballages.com\/wp-content\/uploads\/2023\/10\/logo_csj.webp","width":250,"height":95,"caption":"CSJ Emballages"},"image":{"@id":"https:\/\/www.csj-emballages.com\/pt-pt\/#\/schema\/logo\/image\/"},"sameAs":["https:\/\/www.facebook.com\/csjemballages"],"address":{"@type":"PostalAddress","streetAddress":"ZI La Lechere","addressLocality":"Patornay","postalCode":"39130","addressCountry":"FR"},"contactPoint":[{"@type":"ContactPoint","contactType":"Service client","telephone":"0384254272","email":"contact@csj-emballages.com"}]}]}},"df_price":33.29,"df_sale_price":"","df_regular_price":33.29,"df_image_link":"https:\/\/www.csj-emballages.com\/wp-content\/uploads\/2024\/03\/sachet-moulage-300x300.webp","tiered_pricing_type":"fixed","tiered_pricing_fixed_rules":[],"tiered_pricing_percentage_rules":[],"tiered_pricing_minimum":1,"tiered_pricing_roles_data":[],"_links":{"self":[{"href":"https:\/\/www.csj-emballages.com\/pt-pt\/wp-json\/wp\/v2\/product\/23594","targetHints":{"allow":["GET"]}}],"collection":[{"href":"https:\/\/www.csj-emballages.com\/pt-pt\/wp-json\/wp\/v2\/product"}],"about":[{"href":"https:\/\/www.csj-emballages.com\/pt-pt\/wp-json\/wp\/v2\/types\/product"}],"wp:featuredmedia":[{"embeddable":true,"href":"https:\/\/www.csj-emballages.com\/pt-pt\/wp-json\/wp\/v2\/media\/225997"}],"wp:attachment":[{"href":"https:\/\/www.csj-emballages.com\/pt-pt\/wp-json\/wp\/v2\/media?parent=23594"}],"wp:term":[{"taxonomy":"product_brand","embeddable":true,"href":"https:\/\/www.csj-emballages.com\/pt-pt\/wp-json\/wp\/v2\/product_brand?post=23594"},{"taxonomy":"product_cat","embeddable":true,"href":"https:\/\/www.csj-emballages.com\/pt-pt\/wp-json\/wp\/v2\/product_cat?post=23594"},{"taxonomy":"product_tag","embeddable":true,"href":"https:\/\/www.csj-emballages.com\/pt-pt\/wp-json\/wp\/v2\/product_tag?post=23594"}],"curies":[{"name":"wp","href":"https:\/\/api.w.org\/{rel}","templated":true}]}}