{"id":23564,"date":"2024-03-01T16:49:13","date_gmt":"2024-03-01T15:49:13","guid":{"rendered":"https:\/\/u15jnbdpoq.preview.infomaniak.website\/produit\/50-sacos-de-papel-para-confeitaria-de-framboesa-70-40-x-200-mm\/"},"modified":"2026-03-12T16:41:05","modified_gmt":"2026-03-12T15:41:05","slug":"50-sacos-de-papel-para-confeitaria-de-framboesa-70-40-x-200-mm","status":"publish","type":"product","link":"https:\/\/www.csj-emballages.com\/pt-pt\/produit\/50-sacos-de-papel-para-confeitaria-de-framboesa-70-40-x-200-mm\/","title":{"rendered":"Saco de papel para confeitaria de framboesa 70 + 40 x 200 mm, 50 unidades"},"content":{"rendered":"<div style=\"box-sizing: inherit; font-family: Roboto, sans-serif;\">\n<div style=\"box-sizing: inherit; font-family: Roboto, sans-serif;\">\n<div style=\"box-sizing: inherit; font-family: Roboto, sans-serif;\">\n<div style=\"box-sizing: inherit; font-family: Roboto, sans-serif;\">\n<div style=\"box-sizing: inherit; font-family: Roboto, sans-serif;\">\n<div style=\"box-sizing: inherit; font-family: Roboto, sans-serif;\">\n<div style=\"box-sizing: inherit; font-family: Roboto, sans-serif;\">\n<div style=\"box-sizing: inherit; font-family: Roboto, sans-serif;\">\n<div style=\"box-sizing: inherit; font-family: Roboto, sans-serif;\">\n<div style=\"box-sizing: inherit; font-family: Roboto, sans-serif;\">\n<div style=\"box-sizing: inherit; font-family: Roboto, sans-serif;\">\n<div style=\"box-sizing: inherit; font-family: Roboto, sans-serif;\">\n<div style=\"box-sizing: inherit; font-family: Roboto, sans-serif;\">\n<div class=\"flex flex-grow flex-col max-w-full\">\n<div class=\"min-h-[20px] text-message flex flex-col items-start whitespace-pre-wrap break-words [.text-message+&amp;]:mt-5 juice:w-full juice:items-end overflow-x-auto gap-2\" dir=\"auto\" data-message-author-role=\"assistant\" data-message-id=\"2034782e-88f9-44ef-b4dc-07dd7bf0115f\">\n<div class=\"flex w-full flex-col gap-1 juice:empty:hidden juice:first:pt-[3px]\">\n<div class=\"markdown prose w-full break-words dark:prose-invert light\">\n<div style=\"box-sizing: inherit; font-family: Roboto, sans-serif;\">\n<div style=\"box-sizing: inherit; font-family: Roboto, sans-serif;\">\n<div style=\"box-sizing: inherit; font-family: Roboto, sans-serif;\">\n<div style=\"box-sizing: inherit; font-family: Roboto, sans-serif;\">\n<div style=\"box-sizing: inherit; font-family: Roboto, sans-serif;\">\n<div style=\"box-sizing: inherit; font-family: Roboto, sans-serif;\">\n<h2>Saco de confeitarias de papel<\/h2>\n<div style=\"box-sizing: inherit; font-family: Roboto, sans-serif;\">\n<div style=\"box-sizing: inherit; font-family: Roboto, sans-serif;\">\n<div style=\"box-sizing: inherit; font-family: Roboto, sans-serif;\">\n<div style=\"text-align: center;\">\n<div style=\"box-sizing: inherit; font-family: Roboto, sans-serif;\">\n<div style=\"box-sizing: inherit; font-family: Roboto, sans-serif;\">\n<div style=\"box-sizing: inherit; font-family: Roboto, sans-serif;\">\n<div style=\"box-sizing: inherit; font-family: Roboto, sans-serif;\">\n<div style=\"box-sizing: inherit; font-family: Roboto, sans-serif;\">\n<div style=\"box-sizing: inherit; font-family: Roboto, sans-serif; text-align: left;\">\n<hr>\n<h3 style=\"text-align: left;\">Descri\u00e7\u00e3o do nosso saco de papel para confeitaria de framboesa 70 + 40 x 200 mm, embalagem de 50<\/h3>\n<h3 style=\"text-align: left;\"><!--more--><\/h3>\n<\/div>\n<\/div>\n<\/div>\n<\/div>\n<\/div>\n<\/div>\n<\/div>\n<\/div>\n<\/div>\n<\/div>\n<\/div>\n<\/div>\n<\/div>\n<\/div>\n<\/div>\n<\/div>\n<\/div>\n<\/div>\n<\/div>\n<\/div>\n<\/div>\n<\/div>\n<\/div>\n<\/div>\n<\/div>\n<\/div>\n<\/div>\n<\/div>\n<\/div>\n<\/div>\n<\/div>\n<\/div>\n<\/div>\n<div style=\"box-sizing: inherit; font-family: Roboto, sans-serif;\">\n<div style=\"box-sizing: inherit; font-family: Roboto, sans-serif;\">\n<div style=\"box-sizing: inherit; font-family: Roboto, sans-serif;\">\n<div style=\"box-sizing: inherit; font-family: Roboto, sans-serif;\">\n<div style=\"box-sizing: inherit; font-family: Roboto, sans-serif;\">\n<div style=\"box-sizing: inherit; font-family: Roboto, sans-serif;\">\n<div style=\"box-sizing: inherit; font-family: Roboto, sans-serif;\">\n<div style=\"box-sizing: inherit; font-family: Roboto, sans-serif;\">\n<div style=\"box-sizing: inherit; font-family: Roboto, sans-serif;\">\n<div style=\"box-sizing: inherit; font-family: Roboto, sans-serif;\">\n<div style=\"box-sizing: inherit; font-family: Roboto, sans-serif;\">\n<div style=\"box-sizing: inherit; font-family: Roboto, sans-serif;\">\n<div style=\"box-sizing: inherit; font-family: Roboto, sans-serif;\">\n<div class=\"flex flex-grow flex-col max-w-full\">\n<div class=\"min-h-[20px] text-message flex flex-col items-start whitespace-pre-wrap break-words [.text-message+&amp;]:mt-5 juice:w-full juice:items-end overflow-x-auto gap-2\" dir=\"auto\" data-message-author-role=\"assistant\" data-message-id=\"2034782e-88f9-44ef-b4dc-07dd7bf0115f\">\n<div class=\"flex w-full flex-col gap-1 juice:empty:hidden juice:first:pt-[3px]\">\n<div class=\"markdown prose w-full break-words dark:prose-invert light\">\n<div style=\"box-sizing: inherit; font-family: Roboto, sans-serif;\">\n<div style=\"box-sizing: inherit; font-family: Roboto, sans-serif;\">\n<div style=\"box-sizing: inherit; font-family: Roboto, sans-serif;\">\n<div style=\"box-sizing: inherit; font-family: Roboto, sans-serif;\">\n<div style=\"box-sizing: inherit; font-family: Roboto, sans-serif;\">\n<div style=\"box-sizing: inherit; font-family: Roboto, sans-serif;\">\n<p data-start=\"36\" data-end=\"562\">Opte por uma eleg\u00e2ncia gourmet com a <strong data-start=\"76\" data-end=\"132\">saqueta de papel para confeitaria de framboesa 70 + 40 x 200 mm<\/strong> por <strong>50<\/strong>, um must-have para real\u00e7ar os seus doces caseiros. Pertencente \u00e0 <strong data-start=\"210\" data-end=\"227\">gama Cabosse<\/strong>, esta <strong>saqueta de chocolate<\/strong> topo de gama permite-lhe expor <strong data-start=\"277\" data-end=\"289\">o chocolate<\/strong> e todas as suas cria\u00e7\u00f5es doces gra\u00e7as \u00e0 sua <strong data-start=\"333\" data-end=\"353\">janela frontal<\/strong> que revela os seus tesouros gourmet. \u00c0 primeira vista, os seus clientes ser\u00e3o seduzidos pela <strong data-start=\"460\" data-end=\"489\">cor framboesa intensa<\/strong>, simultaneamente moderna e quente, que atrai naturalmente a aten\u00e7\u00e3o.  <\/p>\n<p data-start=\"564\" data-end=\"1051\">Pr\u00e1tico e engenhoso, este <strong data-start=\"590\" data-end=\"604\">saco SOS<\/strong> desdobra-se facilmente e <strong data-start=\"629\" data-end=\"655\">mant\u00e9m-se<\/strong> de <strong data-start=\"629\" data-end=\"655\">p\u00e9 sozinho<\/strong>, mesmo antes de ser enchido. Esta carater\u00edstica n\u00e3o s\u00f3 facilita a sua coloca\u00e7\u00e3o nas prateleiras, como tamb\u00e9m protege as suas prepara\u00e7\u00f5es mais delicadas. A sua <strong data-start=\"821\" data-end=\"837\">forma est\u00e1vel<\/strong> e o seu design robusto permitem-lhe embalar produtos fr\u00e1geis como chocolates finos, biscoitos ou peda\u00e7os de nougat com confian\u00e7a, sem se preocupar com a possibilidade de serem esmagados ou partidos.  <\/p>\n<p data-start=\"1053\" data-end=\"1470\">Concebido para <strong data-start=\"1068\" data-end=\"1104\">pasteleiros profissionais<\/strong>, este <strong>saco<\/strong> multiusos \u00e9 ideal para <strong data-start=\"1152\" data-end=\"1168\">chocolatiers<\/strong>, <strong data-start=\"1170\" data-end=\"1184\">pasteleiros<\/strong>, <strong data-start=\"1186\" data-end=\"1200\">patissiers<\/strong>, <strong data-start=\"1202\" data-end=\"1216\">pasteleiros de a\u00e7\u00facar<\/strong> e <strong data-start=\"1225\" data-end=\"1240\">fabricantes de bolachas<\/strong>. \u00c9 <strong data-start=\"1258\" data-end=\"1293\">adequado para contacto com alimentos<\/strong>, pelo que pode ter a certeza de que as suas guloseimas ser\u00e3o apresentadas com cuidado e mantidas em \u00f3ptimas condi\u00e7\u00f5es. Na loja ou em eventos, oferece uma experi\u00eancia visual e gustativa \u00fanica.  <\/p>\n<p data-start=\"1472\" data-end=\"1863\">Com este <strong>saco<\/strong> <strong>de papel<\/strong> <strong>para confeitaria<\/strong> <strong>de framboesa<\/strong>, pode combinar <strong data-start=\"1531\" data-end=\"1544\">praticidade<\/strong>, <strong data-start=\"1546\" data-end=\"1560\">est\u00e9tica<\/strong> e <strong data-start=\"1564\" data-end=\"1591\">qualidade profissional<\/strong>. Torna-se um ativo de marketing discreto mas poderoso, destacando o seu know-how artesanal e refor\u00e7ando a imagem refinada da sua marca. D\u00ea aos seus doces a embalagem que eles merecem e transforme cada experi\u00eancia de degusta\u00e7\u00e3o num verdadeiro banquete para os olhos.  <\/p>\n<p data-start=\"1472\" data-end=\"1863\">\n<p><!--more--><\/p>\n<h4 style=\"text-align: left;\">Vantagens :<\/h4>\n<ul style=\"text-align: left;\">\n<li><strong data-start=\"2096\" data-end=\"2120\">Janela transparente<\/strong> para uma apresenta\u00e7\u00e3o elegante das suas cria\u00e7\u00f5es.<\/li>\n<li><strong data-start=\"2174\" data-end=\"2195\">Saco SOS est\u00e1vel<\/strong>: mant\u00e9m-se na vertical antes do enchimento, ideal para um enchimento r\u00e1pido.<\/li>\n<li><strong data-start=\"2268\" data-end=\"2306\">Papel de contacto alimentar<\/strong>, perfeito para chocolates, bolachas e produtos de confeitaria.<\/li>\n<li><strong data-start=\"2361\" data-end=\"2393\">Cor de framboesa atractiva<\/strong>, para chamar a aten\u00e7\u00e3o e valorizar os seus produtos.<\/li>\n<li>Embalado <strong data-start=\"2458\" data-end=\"2468\">em pacotes de 50 unidades<\/strong>, ideal para profissionais.<\/li>\n<\/ul>\n<\/div>\n<\/div>\n<\/div>\n<\/div>\n<\/div>\n<\/div>\n<\/div>\n<\/div>\n<\/div>\n<\/div>\n<\/div>\n<\/div>\n<p>&nbsp;<\/p>\n<\/div>\n<\/div>\n<\/div>\n<\/div>\n<\/div>\n<\/div>\n<\/div>\n<\/div>\n<\/div>\n<\/div>\n<\/div>\n<p><!--more--><\/p>\n<h4>Outras informa\u00e7\u00f5es :<\/h4>\n<ul style=\"box-sizing: inherit; font-family: Roboto, sans-serif;\">\n<li><strong>Embalagem<\/strong>: Pacote de 50<\/li>\n<li><span style=\"font-weight: bold;\">Dimens\u00f5es<\/span>: 70 + 40 x 200 mm<\/li>\n<li><strong>Material<\/strong>: Papel SOS \/ PP<\/li>\n<li><strong>Cor<\/strong>: Framboesa<\/li>\n<\/ul>\n<p>&nbsp;<\/p>\n<p><!--more--><\/p>\n<p>Este saco est\u00e1 dispon\u00edvel em v\u00e1rias cores: <span style=\"color: #d12727;\"><a style=\"color: #d12727;\" href=\"https:\/\/www.csj-emballages.com\/pt-pt\/produit\/50-sacos-de-papel-de-confeitaria-de-cal-70-40-x-200-mm\/\">lima<\/a><\/span> \/ <span style=\"color: #d12727;\"><a style=\"color: #d12727;\" href=\"https:\/\/www.csj-emballages.com\/pt-pt\/produit\/50-sacos-de-papel-para-rebucados-de-tangerina-70-40-x-200-mm\/\">Mandarim<\/a><\/span> \/ <span style=\"color: #d12727;\"><a style=\"color: #d12727;\" href=\"https:\/\/www.csj-emballages.com\/pt-pt\/produit\/50-sacos-de-papel-para-confeitaria-de-baunilha-70-40-x-200-mm\/\">Baunilha<\/a><\/span><\/p>\n<p>&nbsp;<\/p>\n<p><!--more--><\/p>\n<p><a href=\"https:\/\/www.csj-emballages.com\/pt-pt\/categorie-produit\/embalagem-de-alimentos\/padaria-e-pastelaria\/sacos-saquetas-e-papel\/sacos-de-confeitaria\/sacos-de-papel\/sacos-de-papel-sos\/\">Ver o resto da nossa gama de sacos de papel SOS<\/a><\/p>\n","protected":false},"excerpt":{"rendered":"<p>Saco de confeitarias de papel Descri\u00e7\u00e3o do nosso saco de papel para confeitaria de framboesa 70 + 40 x 200 mm, embalagem de 50<\/p>\n","protected":false},"featured_media":243652,"template":"","meta":{"_acf_changed":false},"product_brand":[],"product_cat":[1141,1177,1655,1719,1482],"product_tag":[],"class_list":{"0":"post-23564","1":"product","2":"type-product","3":"status-publish","4":"has-post-thumbnail","6":"product_cat-embalagem-de-alimentos","7":"product_cat-padaria-e-pastelaria","8":"product_cat-sacos-de-confeitaria","9":"product_cat-sacos-de-papel-sos","10":"product_cat-loja-e-armazem","12":"first","13":"instock","14":"taxable","15":"shipping-taxable","16":"purchasable","17":"product-type-simple"},"acf":[],"yoast_head":"<!-- This site is optimized with the Yoast SEO Premium plugin v26.6 (Yoast SEO v26.6) - https:\/\/yoast.com\/wordpress\/plugins\/seo\/ -->\n<title>Saco de papel para confeitaria de framboesa 70 + 40 x 200 mm, 50 unidades<\/title>\n<meta name=\"description\" content=\"Mostre os seus chocolates com o saco de papel para confeitaria de framboesa 70 + 40 x 200 mm. Janela frontal, contacto alimentar, qualidade profissional.\" \/>\n<meta name=\"robots\" content=\"index, follow, max-snippet:-1, max-image-preview:large, max-video-preview:-1\" \/>\n<link rel=\"canonical\" href=\"https:\/\/www.csj-emballages.com\/pt-pt\/produit\/50-sacos-de-papel-para-confeitaria-de-framboesa-70-40-x-200-mm\/\" \/>\n<meta property=\"og:locale\" content=\"pt_PT\" \/>\n<meta property=\"og:type\" content=\"article\" \/>\n<meta property=\"og:title\" content=\"Saco de papel para confeitaria de framboesa 70 + 40 x 200 mm, 50 unidades\" \/>\n<meta property=\"og:description\" content=\"Mostre os seus chocolates com o saco de papel para confeitaria de framboesa 70 + 40 x 200 mm. Janela frontal, contacto alimentar, qualidade profissional.\" \/>\n<meta property=\"og:url\" content=\"https:\/\/www.csj-emballages.com\/pt-pt\/produit\/50-sacos-de-papel-para-confeitaria-de-framboesa-70-40-x-200-mm\/\" \/>\n<meta property=\"og:site_name\" content=\"CSJ Emballages\" \/>\n<meta property=\"article:publisher\" content=\"https:\/\/www.facebook.com\/csjemballages\" \/>\n<meta property=\"article:modified_time\" content=\"2026-03-12T15:41:05+00:00\" \/>\n<meta property=\"og:image\" content=\"https:\/\/www.csj-emballages.com\/wp-content\/uploads\/2024\/03\/SFRAMBOISET1.webp\" \/>\n\t<meta property=\"og:image:width\" content=\"800\" \/>\n\t<meta property=\"og:image:height\" content=\"800\" \/>\n\t<meta property=\"og:image:type\" content=\"image\/webp\" \/>\n<meta name=\"twitter:card\" content=\"summary_large_image\" \/>\n<meta name=\"twitter:label1\" content=\"Tempo estimado de leitura\" \/>\n\t<meta name=\"twitter:data1\" content=\"2 minutos\" \/>\n<script type=\"application\/ld+json\" class=\"yoast-schema-graph\">{\"@context\":\"https:\/\/schema.org\",\"@graph\":[{\"@type\":\"WebPage\",\"@id\":\"https:\/\/www.csj-emballages.com\/pt-pt\/produit\/50-sacos-de-papel-para-confeitaria-de-framboesa-70-40-x-200-mm\/\",\"url\":\"https:\/\/www.csj-emballages.com\/pt-pt\/produit\/50-sacos-de-papel-para-confeitaria-de-framboesa-70-40-x-200-mm\/\",\"name\":\"Saco de papel para confeitaria de framboesa 70 + 40 x 200 mm, 50 unidades\",\"isPartOf\":{\"@id\":\"https:\/\/www.csj-emballages.com\/pt-pt\/#website\"},\"primaryImageOfPage\":{\"@id\":\"https:\/\/www.csj-emballages.com\/pt-pt\/produit\/50-sacos-de-papel-para-confeitaria-de-framboesa-70-40-x-200-mm\/#primaryimage\"},\"image\":{\"@id\":\"https:\/\/www.csj-emballages.com\/pt-pt\/produit\/50-sacos-de-papel-para-confeitaria-de-framboesa-70-40-x-200-mm\/#primaryimage\"},\"thumbnailUrl\":\"https:\/\/www.csj-emballages.com\/wp-content\/uploads\/2024\/03\/SFRAMBOISET1.webp\",\"datePublished\":\"2024-03-01T15:49:13+00:00\",\"dateModified\":\"2026-03-12T15:41:05+00:00\",\"description\":\"Mostre os seus chocolates com o saco de papel para confeitaria de framboesa 70 + 40 x 200 mm. Janela frontal, contacto alimentar, qualidade profissional.\",\"breadcrumb\":{\"@id\":\"https:\/\/www.csj-emballages.com\/pt-pt\/produit\/50-sacos-de-papel-para-confeitaria-de-framboesa-70-40-x-200-mm\/#breadcrumb\"},\"inLanguage\":\"pt-PT\",\"potentialAction\":[{\"@type\":\"ReadAction\",\"target\":[\"https:\/\/www.csj-emballages.com\/pt-pt\/produit\/50-sacos-de-papel-para-confeitaria-de-framboesa-70-40-x-200-mm\/\"]}]},{\"@type\":\"ImageObject\",\"inLanguage\":\"pt-PT\",\"@id\":\"https:\/\/www.csj-emballages.com\/pt-pt\/produit\/50-sacos-de-papel-para-confeitaria-de-framboesa-70-40-x-200-mm\/#primaryimage\",\"url\":\"https:\/\/www.csj-emballages.com\/wp-content\/uploads\/2024\/03\/SFRAMBOISET1.webp\",\"contentUrl\":\"https:\/\/www.csj-emballages.com\/wp-content\/uploads\/2024\/03\/SFRAMBOISET1.webp\",\"width\":800,\"height\":800,\"caption\":\"Sachet confiseries papier\"},{\"@type\":\"BreadcrumbList\",\"@id\":\"https:\/\/www.csj-emballages.com\/pt-pt\/produit\/50-sacos-de-papel-para-confeitaria-de-framboesa-70-40-x-200-mm\/#breadcrumb\",\"itemListElement\":[{\"@type\":\"ListItem\",\"position\":1,\"name\":\"Acolhimento\",\"item\":\"https:\/\/www.csj-emballages.com\/pt-pt\/universo-das-embalagens-alimentares\/\"},{\"@type\":\"ListItem\",\"position\":2,\"name\":\"Shop\",\"item\":\"https:\/\/www.csj-emballages.com\/shop\/\"},{\"@type\":\"ListItem\",\"position\":3,\"name\":\"Saco de papel para confeitaria de framboesa 70 + 40 x 200 mm, 50 unidades\"}]},{\"@type\":\"WebSite\",\"@id\":\"https:\/\/www.csj-emballages.com\/pt-pt\/#website\",\"url\":\"https:\/\/www.csj-emballages.com\/pt-pt\/\",\"name\":\"CSJ Emballages\",\"description\":\"\",\"publisher\":{\"@id\":\"https:\/\/www.csj-emballages.com\/pt-pt\/#organization\"},\"potentialAction\":[{\"@type\":\"SearchAction\",\"target\":{\"@type\":\"EntryPoint\",\"urlTemplate\":\"https:\/\/www.csj-emballages.com\/pt-pt\/?s={search_term_string}\"},\"query-input\":{\"@type\":\"PropertyValueSpecification\",\"valueRequired\":true,\"valueName\":\"search_term_string\"}}],\"inLanguage\":\"pt-PT\"},{\"@type\":\"Organization\",\"@id\":\"https:\/\/www.csj-emballages.com\/pt-pt\/#Organization\/\",\"name\":\"CSJ Emballages\",\"url\":\"https:\/\/www.csj-emballages.com\/pt-pt\/\",\"logo\":{\"@type\":\"ImageObject\",\"inLanguage\":\"pt-PT\",\"@id\":\"https:\/\/www.csj-emballages.com\/pt-pt\/#\/schema\/logo\/image\/\",\"url\":\"https:\/\/www.csj-emballages.com\/wp-content\/uploads\/2023\/10\/logo_csj.webp\",\"contentUrl\":\"https:\/\/www.csj-emballages.com\/wp-content\/uploads\/2023\/10\/logo_csj.webp\",\"width\":250,\"height\":95,\"caption\":\"CSJ Emballages\"},\"image\":{\"@id\":\"https:\/\/www.csj-emballages.com\/pt-pt\/#\/schema\/logo\/image\/\"},\"sameAs\":[\"https:\/\/www.facebook.com\/csjemballages\"],\"address\":{\"@type\":\"PostalAddress\",\"streetAddress\":\"ZI La Lechere\",\"addressLocality\":\"Patornay\",\"postalCode\":\"39130\",\"addressCountry\":\"FR\"},\"contactPoint\":[{\"@type\":\"ContactPoint\",\"contactType\":\"Service client\",\"telephone\":\"0384254272\",\"email\":\"contact@csj-emballages.com\"}]}]}<\/script>\n<!-- \/ Yoast SEO Premium plugin. -->","yoast_head_json":{"title":"Saco de papel para confeitaria de framboesa 70 + 40 x 200 mm, 50 unidades","description":"Mostre os seus chocolates com o saco de papel para confeitaria de framboesa 70 + 40 x 200 mm. Janela frontal, contacto alimentar, qualidade profissional.","robots":{"index":"index","follow":"follow","max-snippet":"max-snippet:-1","max-image-preview":"max-image-preview:large","max-video-preview":"max-video-preview:-1"},"canonical":"https:\/\/www.csj-emballages.com\/pt-pt\/produit\/50-sacos-de-papel-para-confeitaria-de-framboesa-70-40-x-200-mm\/","og_locale":"pt_PT","og_type":"article","og_title":"Saco de papel para confeitaria de framboesa 70 + 40 x 200 mm, 50 unidades","og_description":"Mostre os seus chocolates com o saco de papel para confeitaria de framboesa 70 + 40 x 200 mm. Janela frontal, contacto alimentar, qualidade profissional.","og_url":"https:\/\/www.csj-emballages.com\/pt-pt\/produit\/50-sacos-de-papel-para-confeitaria-de-framboesa-70-40-x-200-mm\/","og_site_name":"CSJ Emballages","article_publisher":"https:\/\/www.facebook.com\/csjemballages","article_modified_time":"2026-03-12T15:41:05+00:00","og_image":[{"width":800,"height":800,"url":"https:\/\/www.csj-emballages.com\/wp-content\/uploads\/2024\/03\/SFRAMBOISET1.webp","type":"image\/webp"}],"twitter_card":"summary_large_image","twitter_misc":{"Tempo estimado de leitura":"2 minutos"},"schema":{"@context":"https:\/\/schema.org","@graph":[{"@type":"WebPage","@id":"https:\/\/www.csj-emballages.com\/pt-pt\/produit\/50-sacos-de-papel-para-confeitaria-de-framboesa-70-40-x-200-mm\/","url":"https:\/\/www.csj-emballages.com\/pt-pt\/produit\/50-sacos-de-papel-para-confeitaria-de-framboesa-70-40-x-200-mm\/","name":"Saco de papel para confeitaria de framboesa 70 + 40 x 200 mm, 50 unidades","isPartOf":{"@id":"https:\/\/www.csj-emballages.com\/pt-pt\/#website"},"primaryImageOfPage":{"@id":"https:\/\/www.csj-emballages.com\/pt-pt\/produit\/50-sacos-de-papel-para-confeitaria-de-framboesa-70-40-x-200-mm\/#primaryimage"},"image":{"@id":"https:\/\/www.csj-emballages.com\/pt-pt\/produit\/50-sacos-de-papel-para-confeitaria-de-framboesa-70-40-x-200-mm\/#primaryimage"},"thumbnailUrl":"https:\/\/www.csj-emballages.com\/wp-content\/uploads\/2024\/03\/SFRAMBOISET1.webp","datePublished":"2024-03-01T15:49:13+00:00","dateModified":"2026-03-12T15:41:05+00:00","description":"Mostre os seus chocolates com o saco de papel para confeitaria de framboesa 70 + 40 x 200 mm. Janela frontal, contacto alimentar, qualidade profissional.","breadcrumb":{"@id":"https:\/\/www.csj-emballages.com\/pt-pt\/produit\/50-sacos-de-papel-para-confeitaria-de-framboesa-70-40-x-200-mm\/#breadcrumb"},"inLanguage":"pt-PT","potentialAction":[{"@type":"ReadAction","target":["https:\/\/www.csj-emballages.com\/pt-pt\/produit\/50-sacos-de-papel-para-confeitaria-de-framboesa-70-40-x-200-mm\/"]}]},{"@type":"ImageObject","inLanguage":"pt-PT","@id":"https:\/\/www.csj-emballages.com\/pt-pt\/produit\/50-sacos-de-papel-para-confeitaria-de-framboesa-70-40-x-200-mm\/#primaryimage","url":"https:\/\/www.csj-emballages.com\/wp-content\/uploads\/2024\/03\/SFRAMBOISET1.webp","contentUrl":"https:\/\/www.csj-emballages.com\/wp-content\/uploads\/2024\/03\/SFRAMBOISET1.webp","width":800,"height":800,"caption":"Sachet confiseries papier"},{"@type":"BreadcrumbList","@id":"https:\/\/www.csj-emballages.com\/pt-pt\/produit\/50-sacos-de-papel-para-confeitaria-de-framboesa-70-40-x-200-mm\/#breadcrumb","itemListElement":[{"@type":"ListItem","position":1,"name":"Acolhimento","item":"https:\/\/www.csj-emballages.com\/pt-pt\/universo-das-embalagens-alimentares\/"},{"@type":"ListItem","position":2,"name":"Shop","item":"https:\/\/www.csj-emballages.com\/shop\/"},{"@type":"ListItem","position":3,"name":"Saco de papel para confeitaria de framboesa 70 + 40 x 200 mm, 50 unidades"}]},{"@type":"WebSite","@id":"https:\/\/www.csj-emballages.com\/pt-pt\/#website","url":"https:\/\/www.csj-emballages.com\/pt-pt\/","name":"CSJ Emballages","description":"","publisher":{"@id":"https:\/\/www.csj-emballages.com\/pt-pt\/#organization"},"potentialAction":[{"@type":"SearchAction","target":{"@type":"EntryPoint","urlTemplate":"https:\/\/www.csj-emballages.com\/pt-pt\/?s={search_term_string}"},"query-input":{"@type":"PropertyValueSpecification","valueRequired":true,"valueName":"search_term_string"}}],"inLanguage":"pt-PT"},{"@type":"Organization","@id":"https:\/\/www.csj-emballages.com\/pt-pt\/#Organization\/","name":"CSJ Emballages","url":"https:\/\/www.csj-emballages.com\/pt-pt\/","logo":{"@type":"ImageObject","inLanguage":"pt-PT","@id":"https:\/\/www.csj-emballages.com\/pt-pt\/#\/schema\/logo\/image\/","url":"https:\/\/www.csj-emballages.com\/wp-content\/uploads\/2023\/10\/logo_csj.webp","contentUrl":"https:\/\/www.csj-emballages.com\/wp-content\/uploads\/2023\/10\/logo_csj.webp","width":250,"height":95,"caption":"CSJ Emballages"},"image":{"@id":"https:\/\/www.csj-emballages.com\/pt-pt\/#\/schema\/logo\/image\/"},"sameAs":["https:\/\/www.facebook.com\/csjemballages"],"address":{"@type":"PostalAddress","streetAddress":"ZI La Lechere","addressLocality":"Patornay","postalCode":"39130","addressCountry":"FR"},"contactPoint":[{"@type":"ContactPoint","contactType":"Service client","telephone":"0384254272","email":"contact@csj-emballages.com"}]}]}},"df_price":23.3,"df_sale_price":"","df_regular_price":23.3,"df_image_link":"https:\/\/www.csj-emballages.com\/wp-content\/uploads\/2024\/03\/SFRAMBOISET1-300x300.webp","tiered_pricing_type":"fixed","tiered_pricing_fixed_rules":[],"tiered_pricing_percentage_rules":[],"tiered_pricing_minimum":1,"tiered_pricing_roles_data":[],"_links":{"self":[{"href":"https:\/\/www.csj-emballages.com\/pt-pt\/wp-json\/wp\/v2\/product\/23564","targetHints":{"allow":["GET"]}}],"collection":[{"href":"https:\/\/www.csj-emballages.com\/pt-pt\/wp-json\/wp\/v2\/product"}],"about":[{"href":"https:\/\/www.csj-emballages.com\/pt-pt\/wp-json\/wp\/v2\/types\/product"}],"wp:featuredmedia":[{"embeddable":true,"href":"https:\/\/www.csj-emballages.com\/pt-pt\/wp-json\/wp\/v2\/media\/243652"}],"wp:attachment":[{"href":"https:\/\/www.csj-emballages.com\/pt-pt\/wp-json\/wp\/v2\/media?parent=23564"}],"wp:term":[{"taxonomy":"product_brand","embeddable":true,"href":"https:\/\/www.csj-emballages.com\/pt-pt\/wp-json\/wp\/v2\/product_brand?post=23564"},{"taxonomy":"product_cat","embeddable":true,"href":"https:\/\/www.csj-emballages.com\/pt-pt\/wp-json\/wp\/v2\/product_cat?post=23564"},{"taxonomy":"product_tag","embeddable":true,"href":"https:\/\/www.csj-emballages.com\/pt-pt\/wp-json\/wp\/v2\/product_tag?post=23564"}],"curies":[{"name":"wp","href":"https:\/\/api.w.org\/{rel}","templated":true}]}}