{"id":235455,"date":"2025-06-11T17:00:24","date_gmt":"2025-06-11T15:00:24","guid":{"rendered":"https:\/\/www.csj-emballages.com\/produit\/copo-de-papel-branco-175-cl-por-1000\/"},"modified":"2026-03-18T02:10:29","modified_gmt":"2026-03-18T01:10:29","slug":"copo-de-papel-branco-175-cl-por-1000","status":"publish","type":"product","link":"https:\/\/www.csj-emballages.com\/pt-pt\/produit\/copo-de-papel-branco-175-cl-por-1000\/","title":{"rendered":"Copo de papel embalado individualmente branco 17,5 cl por 1000"},"content":{"rendered":"<h2 class=\"p1 ai-optimize-26\">Copo de papel embrulhado<\/h2>\n<hr>\n<h3 class=\"ai-optimize-34\">Descri\u00e7\u00e3o do nosso copo de papel embalado individualmente branco 17,5 cl por 1000<\/h3>\n<p><!--more--><\/p>\n<p class=\"ai-optimize-28 ai-optimize-introduction\" data-start=\"136\" data-end=\"400\">Ideais para os profissionais da restaura\u00e7\u00e3o e da hotelaria, da restaura\u00e7\u00e3o e das empresas preocupadas com a higiene, estes <strong>copos de papel<\/strong><strong data-start=\"264\" data-end=\"302\"> branco de 17,5 cl<\/strong> s\u00e3o <strong data-start=\"307\" data-end=\"335\">embalados individualmente<\/strong> para garantir uma limpeza impec\u00e1vel em cada utiliza\u00e7\u00e3o. Pr\u00e1ticos, discretos e <strong>100% recicl\u00e1veis<\/strong>, s\u00e3o perfeitos para utiliza\u00e7\u00e3o em estabelecimentos abertos ao p\u00fablico: hot\u00e9is, salas de espera, eventos, takeaways, etc. Cada copo est\u00e1 <g id=\"gid_4\">protegido na sua pr\u00f3pria embalagem individual<\/g>, limitando o manuseamento e reduzindo o risco de contamina\u00e7\u00e3o cruzada. Trata-se de um verdadeiro trunfo para preservar a confian\u00e7a dos seus clientes, nomeadamente em ambientes m\u00e9dicos, escrit\u00f3rios ou locais onde a higiene \u00e9 uma prioridade.   <\/p>\n<p class=\"ai-optimize-30\" data-start=\"893\" data-end=\"1260\">Fabricados em <strong>cart\u00e3o<\/strong> de qualidade, estes <strong>copos de papel embalados<\/strong> s\u00e3o adequados tanto para bebidas quentes (como caf\u00e9 ou ch\u00e1) como para bebidas frias. Gra\u00e7as ao seu tamanho de <g id=\"gid_2\">17,5 cl <\/g>, s\u00e3o ideais para um servi\u00e7o r\u00e1pido, uma pausa para caf\u00e9 ou uma sess\u00e3o de degusta\u00e7\u00e3o. O seu design s\u00f3brio e <strong data-start=\"1133\" data-end=\"1146\">branco simples<\/strong> adapta-se a qualquer ambiente, sem desordem visual, ao mesmo tempo que transmite uma imagem polida e profissional.  <\/p>\n<p class=\"ai-optimize-31\" data-start=\"1262\" data-end=\"1585\">Al\u00e9m disso, embalado em <strong data-start=\"1278\" data-end=\"1293\">1.000 unidades<\/strong>, este pacote permite-lhe atender a grandes multid\u00f5es, mantendo um elevado n\u00edvel de seguran\u00e7a e praticidade. Em suma, quer se trate de um profissional exigente ou de um particular preocupado com a higiene em eventos familiares, este copo individual \u00e9 uma solu\u00e7\u00e3o simples, limpa e fi\u00e1vel. <\/p>\n<p data-start=\"1262\" data-end=\"1585\">\n<p><!--more--><\/p>\n<h4 class=\"ai-optimize-37\"><strong>Vantagens:<\/strong><\/h4>\n<ul>\n<li class=\"ai-optimize-38\">M\u00e1xima higiene gra\u00e7as \u00e0 embalagem individual.<\/li>\n<li class=\"ai-optimize-39\">Estes copos de papel embalados s\u00e3o adequados para bebidas quentes e frias.<\/li>\n<li class=\"ai-optimize-40\">Ideal para hot\u00e9is, consult\u00f3rios m\u00e9dicos, escrit\u00f3rios e eventos.<\/li>\n<li class=\"ai-optimize-42\">Formato pr\u00e1tico de 17,5 cl.<\/li>\n<li class=\"ai-optimize-43\">Embalagem econ\u00f3mica por 1000.<\/li>\n<\/ul>\n<p>&nbsp;<\/p>\n<p><!--more--><\/p>\n<h4 class=\"ai-optimize-44\">Outras informa\u00e7\u00f5es :<\/h4>\n<ul>\n<li class=\"ai-optimize-45\"><strong>Embalagem<\/strong>: Caixa de 1000<\/li>\n<li class=\"ai-optimize-47\"><strong>Utiliza\u00e7\u00e3o<\/strong>: Individual<\/li>\n<li class=\"ai-optimize-48\"><b>Di\u00e2metro inferior <\/b>: 45 mm<\/li>\n<li class=\"ai-optimize-48\"><b>Di\u00e2metro superior <\/b>: 68 mm<\/li>\n<li class=\"ai-optimize-32\"><strong>Cor<\/strong>: Branco<\/li>\n<li class=\"ai-optimize-33\"><strong>Material<\/strong>: Cart\u00e3o<\/li>\n<\/ul>\n<p>&nbsp;<\/p>\n<p><!--more--><\/p>\n<p class=\"ai-optimize-34\">Encontre aqui o nosso copo de papel para \u00e1gua 17,5 cl por 50 : <span style=\"color: #d12727\"><a style=\"color: #d12727\" href=\"https:\/\/www.csj-emballages.com\/pt-pt\/produit\/50-copos-de-cartao-para-bebedouros-de-agua-175-cl\/\">376WA<\/a><\/span><\/p>\n<p>&nbsp;<\/p>\n<p><!--more--><\/p>\n<p class=\"ai-optimize-41\"><a href=\"https:\/\/www.csj-emballages.com\/pt-pt\/categorie-produit\/embalagem-de-alimentos\/restauracao\/chavenas-copos-baldes-garrafas\/copos-de-cartao\/copos-brancos\/\">Ver o resto da nossa gama de copos de papel<\/a><\/p>\n","protected":false},"excerpt":{"rendered":"<p>Copo de papel embrulhado Descri\u00e7\u00e3o do nosso copo de papel embalado individualmente branco 17,5 cl por 1000<\/p>\n","protected":false},"featured_media":235451,"template":"","meta":{"_acf_changed":false},"product_brand":[],"product_cat":[1141,1138,1471,9242],"product_tag":[],"class_list":{"0":"post-235455","1":"product","2":"type-product","3":"status-publish","4":"has-post-thumbnail","6":"product_cat-embalagem-de-alimentos","7":"product_cat-restauracao","8":"product_cat-chavenas-copos-baldes-garrafas","9":"product_cat-copos-de-cartao","11":"first","12":"instock","13":"taxable","14":"shipping-taxable","15":"purchasable","16":"product-type-simple"},"acf":[],"yoast_head":"<!-- This site is optimized with the Yoast SEO Premium plugin v26.6 (Yoast SEO v26.6) - https:\/\/yoast.com\/wordpress\/plugins\/seo\/ -->\n<title>Copo de papel embalado individualmente Branco 17,5 cl por 1000<\/title>\n<meta name=\"description\" content=\"Copo de papel branco embalado individualmente 17,5 cl por 1000. Perfeito para higiene extra em hot\u00e9is, escrit\u00f3rios e eventos.\" \/>\n<meta name=\"robots\" content=\"index, follow, max-snippet:-1, max-image-preview:large, max-video-preview:-1\" \/>\n<link rel=\"canonical\" href=\"https:\/\/www.csj-emballages.com\/pt-pt\/produit\/copo-de-papel-branco-175-cl-por-1000\/\" \/>\n<meta property=\"og:locale\" content=\"pt_PT\" \/>\n<meta property=\"og:type\" content=\"article\" \/>\n<meta property=\"og:title\" content=\"Copo de papel embalado individualmente branco 17,5 cl por 1000\" \/>\n<meta property=\"og:description\" content=\"Copo de papel branco embalado individualmente 17,5 cl por 1000. Perfeito para higiene extra em hot\u00e9is, escrit\u00f3rios e eventos.\" \/>\n<meta property=\"og:url\" content=\"https:\/\/www.csj-emballages.com\/pt-pt\/produit\/copo-de-papel-branco-175-cl-por-1000\/\" \/>\n<meta property=\"og:site_name\" content=\"CSJ Emballages\" \/>\n<meta property=\"article:publisher\" content=\"https:\/\/www.facebook.com\/csjemballages\" \/>\n<meta property=\"article:modified_time\" content=\"2026-03-18T01:10:29+00:00\" \/>\n<meta property=\"og:image\" content=\"https:\/\/www.csj-emballages.com\/wp-content\/uploads\/2025\/06\/376INDIV.webp\" \/>\n\t<meta property=\"og:image:width\" content=\"800\" \/>\n\t<meta property=\"og:image:height\" content=\"800\" \/>\n\t<meta property=\"og:image:type\" content=\"image\/webp\" \/>\n<meta name=\"twitter:card\" content=\"summary_large_image\" \/>\n<meta name=\"twitter:label1\" content=\"Tempo estimado de leitura\" \/>\n\t<meta name=\"twitter:data1\" content=\"2 minutos\" \/>\n<script type=\"application\/ld+json\" class=\"yoast-schema-graph\">{\"@context\":\"https:\/\/schema.org\",\"@graph\":[{\"@type\":\"WebPage\",\"@id\":\"https:\/\/www.csj-emballages.com\/pt-pt\/produit\/copo-de-papel-branco-175-cl-por-1000\/\",\"url\":\"https:\/\/www.csj-emballages.com\/pt-pt\/produit\/copo-de-papel-branco-175-cl-por-1000\/\",\"name\":\"Copo de papel embalado individualmente Branco 17,5 cl por 1000\",\"isPartOf\":{\"@id\":\"https:\/\/www.csj-emballages.com\/pt-pt\/#website\"},\"primaryImageOfPage\":{\"@id\":\"https:\/\/www.csj-emballages.com\/pt-pt\/produit\/copo-de-papel-branco-175-cl-por-1000\/#primaryimage\"},\"image\":{\"@id\":\"https:\/\/www.csj-emballages.com\/pt-pt\/produit\/copo-de-papel-branco-175-cl-por-1000\/#primaryimage\"},\"thumbnailUrl\":\"https:\/\/www.csj-emballages.com\/wp-content\/uploads\/2025\/06\/376INDIV.webp\",\"datePublished\":\"2025-06-11T15:00:24+00:00\",\"dateModified\":\"2026-03-18T01:10:29+00:00\",\"description\":\"Copo de papel branco embalado individualmente 17,5 cl por 1000. Perfeito para higiene extra em hot\u00e9is, escrit\u00f3rios e eventos.\",\"breadcrumb\":{\"@id\":\"https:\/\/www.csj-emballages.com\/pt-pt\/produit\/copo-de-papel-branco-175-cl-por-1000\/#breadcrumb\"},\"inLanguage\":\"pt-PT\",\"potentialAction\":[{\"@type\":\"ReadAction\",\"target\":[\"https:\/\/www.csj-emballages.com\/pt-pt\/produit\/copo-de-papel-branco-175-cl-por-1000\/\"]}]},{\"@type\":\"ImageObject\",\"inLanguage\":\"pt-PT\",\"@id\":\"https:\/\/www.csj-emballages.com\/pt-pt\/produit\/copo-de-papel-branco-175-cl-por-1000\/#primaryimage\",\"url\":\"https:\/\/www.csj-emballages.com\/wp-content\/uploads\/2025\/06\/376INDIV.webp\",\"contentUrl\":\"https:\/\/www.csj-emballages.com\/wp-content\/uploads\/2025\/06\/376INDIV.webp\",\"width\":800,\"height\":800,\"caption\":\"gobelet carton emball\u00e9\"},{\"@type\":\"BreadcrumbList\",\"@id\":\"https:\/\/www.csj-emballages.com\/pt-pt\/produit\/copo-de-papel-branco-175-cl-por-1000\/#breadcrumb\",\"itemListElement\":[{\"@type\":\"ListItem\",\"position\":1,\"name\":\"Acolhimento\",\"item\":\"https:\/\/www.csj-emballages.com\/pt-pt\/universo-das-embalagens-alimentares\/\"},{\"@type\":\"ListItem\",\"position\":2,\"name\":\"Shop\",\"item\":\"https:\/\/www.csj-emballages.com\/shop\/\"},{\"@type\":\"ListItem\",\"position\":3,\"name\":\"Copo de papel embalado individualmente branco 17,5 cl por 1000\"}]},{\"@type\":\"WebSite\",\"@id\":\"https:\/\/www.csj-emballages.com\/pt-pt\/#website\",\"url\":\"https:\/\/www.csj-emballages.com\/pt-pt\/\",\"name\":\"CSJ Emballages\",\"description\":\"\",\"publisher\":{\"@id\":\"https:\/\/www.csj-emballages.com\/pt-pt\/#organization\"},\"potentialAction\":[{\"@type\":\"SearchAction\",\"target\":{\"@type\":\"EntryPoint\",\"urlTemplate\":\"https:\/\/www.csj-emballages.com\/pt-pt\/?s={search_term_string}\"},\"query-input\":{\"@type\":\"PropertyValueSpecification\",\"valueRequired\":true,\"valueName\":\"search_term_string\"}}],\"inLanguage\":\"pt-PT\"},{\"@type\":\"Organization\",\"@id\":\"https:\/\/www.csj-emballages.com\/pt-pt\/#Organization\/\",\"name\":\"CSJ Emballages\",\"url\":\"https:\/\/www.csj-emballages.com\/pt-pt\/\",\"logo\":{\"@type\":\"ImageObject\",\"inLanguage\":\"pt-PT\",\"@id\":\"https:\/\/www.csj-emballages.com\/pt-pt\/#\/schema\/logo\/image\/\",\"url\":\"https:\/\/www.csj-emballages.com\/wp-content\/uploads\/2023\/10\/logo_csj.webp\",\"contentUrl\":\"https:\/\/www.csj-emballages.com\/wp-content\/uploads\/2023\/10\/logo_csj.webp\",\"width\":250,\"height\":95,\"caption\":\"CSJ Emballages\"},\"image\":{\"@id\":\"https:\/\/www.csj-emballages.com\/pt-pt\/#\/schema\/logo\/image\/\"},\"sameAs\":[\"https:\/\/www.facebook.com\/csjemballages\"],\"address\":{\"@type\":\"PostalAddress\",\"streetAddress\":\"ZI La Lechere\",\"addressLocality\":\"Patornay\",\"postalCode\":\"39130\",\"addressCountry\":\"FR\"},\"contactPoint\":[{\"@type\":\"ContactPoint\",\"contactType\":\"Service client\",\"telephone\":\"0384254272\",\"email\":\"contact@csj-emballages.com\"}]}]}<\/script>\n<!-- \/ Yoast SEO Premium plugin. -->","yoast_head_json":{"title":"Copo de papel embalado individualmente Branco 17,5 cl por 1000","description":"Copo de papel branco embalado individualmente 17,5 cl por 1000. Perfeito para higiene extra em hot\u00e9is, escrit\u00f3rios e eventos.","robots":{"index":"index","follow":"follow","max-snippet":"max-snippet:-1","max-image-preview":"max-image-preview:large","max-video-preview":"max-video-preview:-1"},"canonical":"https:\/\/www.csj-emballages.com\/pt-pt\/produit\/copo-de-papel-branco-175-cl-por-1000\/","og_locale":"pt_PT","og_type":"article","og_title":"Copo de papel embalado individualmente branco 17,5 cl por 1000","og_description":"Copo de papel branco embalado individualmente 17,5 cl por 1000. Perfeito para higiene extra em hot\u00e9is, escrit\u00f3rios e eventos.","og_url":"https:\/\/www.csj-emballages.com\/pt-pt\/produit\/copo-de-papel-branco-175-cl-por-1000\/","og_site_name":"CSJ Emballages","article_publisher":"https:\/\/www.facebook.com\/csjemballages","article_modified_time":"2026-03-18T01:10:29+00:00","og_image":[{"width":800,"height":800,"url":"https:\/\/www.csj-emballages.com\/wp-content\/uploads\/2025\/06\/376INDIV.webp","type":"image\/webp"}],"twitter_card":"summary_large_image","twitter_misc":{"Tempo estimado de leitura":"2 minutos"},"schema":{"@context":"https:\/\/schema.org","@graph":[{"@type":"WebPage","@id":"https:\/\/www.csj-emballages.com\/pt-pt\/produit\/copo-de-papel-branco-175-cl-por-1000\/","url":"https:\/\/www.csj-emballages.com\/pt-pt\/produit\/copo-de-papel-branco-175-cl-por-1000\/","name":"Copo de papel embalado individualmente Branco 17,5 cl por 1000","isPartOf":{"@id":"https:\/\/www.csj-emballages.com\/pt-pt\/#website"},"primaryImageOfPage":{"@id":"https:\/\/www.csj-emballages.com\/pt-pt\/produit\/copo-de-papel-branco-175-cl-por-1000\/#primaryimage"},"image":{"@id":"https:\/\/www.csj-emballages.com\/pt-pt\/produit\/copo-de-papel-branco-175-cl-por-1000\/#primaryimage"},"thumbnailUrl":"https:\/\/www.csj-emballages.com\/wp-content\/uploads\/2025\/06\/376INDIV.webp","datePublished":"2025-06-11T15:00:24+00:00","dateModified":"2026-03-18T01:10:29+00:00","description":"Copo de papel branco embalado individualmente 17,5 cl por 1000. Perfeito para higiene extra em hot\u00e9is, escrit\u00f3rios e eventos.","breadcrumb":{"@id":"https:\/\/www.csj-emballages.com\/pt-pt\/produit\/copo-de-papel-branco-175-cl-por-1000\/#breadcrumb"},"inLanguage":"pt-PT","potentialAction":[{"@type":"ReadAction","target":["https:\/\/www.csj-emballages.com\/pt-pt\/produit\/copo-de-papel-branco-175-cl-por-1000\/"]}]},{"@type":"ImageObject","inLanguage":"pt-PT","@id":"https:\/\/www.csj-emballages.com\/pt-pt\/produit\/copo-de-papel-branco-175-cl-por-1000\/#primaryimage","url":"https:\/\/www.csj-emballages.com\/wp-content\/uploads\/2025\/06\/376INDIV.webp","contentUrl":"https:\/\/www.csj-emballages.com\/wp-content\/uploads\/2025\/06\/376INDIV.webp","width":800,"height":800,"caption":"gobelet carton emball\u00e9"},{"@type":"BreadcrumbList","@id":"https:\/\/www.csj-emballages.com\/pt-pt\/produit\/copo-de-papel-branco-175-cl-por-1000\/#breadcrumb","itemListElement":[{"@type":"ListItem","position":1,"name":"Acolhimento","item":"https:\/\/www.csj-emballages.com\/pt-pt\/universo-das-embalagens-alimentares\/"},{"@type":"ListItem","position":2,"name":"Shop","item":"https:\/\/www.csj-emballages.com\/shop\/"},{"@type":"ListItem","position":3,"name":"Copo de papel embalado individualmente branco 17,5 cl por 1000"}]},{"@type":"WebSite","@id":"https:\/\/www.csj-emballages.com\/pt-pt\/#website","url":"https:\/\/www.csj-emballages.com\/pt-pt\/","name":"CSJ Emballages","description":"","publisher":{"@id":"https:\/\/www.csj-emballages.com\/pt-pt\/#organization"},"potentialAction":[{"@type":"SearchAction","target":{"@type":"EntryPoint","urlTemplate":"https:\/\/www.csj-emballages.com\/pt-pt\/?s={search_term_string}"},"query-input":{"@type":"PropertyValueSpecification","valueRequired":true,"valueName":"search_term_string"}}],"inLanguage":"pt-PT"},{"@type":"Organization","@id":"https:\/\/www.csj-emballages.com\/pt-pt\/#Organization\/","name":"CSJ Emballages","url":"https:\/\/www.csj-emballages.com\/pt-pt\/","logo":{"@type":"ImageObject","inLanguage":"pt-PT","@id":"https:\/\/www.csj-emballages.com\/pt-pt\/#\/schema\/logo\/image\/","url":"https:\/\/www.csj-emballages.com\/wp-content\/uploads\/2023\/10\/logo_csj.webp","contentUrl":"https:\/\/www.csj-emballages.com\/wp-content\/uploads\/2023\/10\/logo_csj.webp","width":250,"height":95,"caption":"CSJ Emballages"},"image":{"@id":"https:\/\/www.csj-emballages.com\/pt-pt\/#\/schema\/logo\/image\/"},"sameAs":["https:\/\/www.facebook.com\/csjemballages"],"address":{"@type":"PostalAddress","streetAddress":"ZI La Lechere","addressLocality":"Patornay","postalCode":"39130","addressCountry":"FR"},"contactPoint":[{"@type":"ContactPoint","contactType":"Service client","telephone":"0384254272","email":"contact@csj-emballages.com"}]}]}},"df_price":76.12,"df_sale_price":"","df_regular_price":76.12,"df_image_link":"https:\/\/www.csj-emballages.com\/wp-content\/uploads\/2025\/06\/376INDIV-300x300.webp","tiered_pricing_type":"fixed","tiered_pricing_fixed_rules":[],"tiered_pricing_percentage_rules":[],"tiered_pricing_minimum":1,"tiered_pricing_roles_data":[],"_links":{"self":[{"href":"https:\/\/www.csj-emballages.com\/pt-pt\/wp-json\/wp\/v2\/product\/235455","targetHints":{"allow":["GET"]}}],"collection":[{"href":"https:\/\/www.csj-emballages.com\/pt-pt\/wp-json\/wp\/v2\/product"}],"about":[{"href":"https:\/\/www.csj-emballages.com\/pt-pt\/wp-json\/wp\/v2\/types\/product"}],"wp:featuredmedia":[{"embeddable":true,"href":"https:\/\/www.csj-emballages.com\/pt-pt\/wp-json\/wp\/v2\/media\/235451"}],"wp:attachment":[{"href":"https:\/\/www.csj-emballages.com\/pt-pt\/wp-json\/wp\/v2\/media?parent=235455"}],"wp:term":[{"taxonomy":"product_brand","embeddable":true,"href":"https:\/\/www.csj-emballages.com\/pt-pt\/wp-json\/wp\/v2\/product_brand?post=235455"},{"taxonomy":"product_cat","embeddable":true,"href":"https:\/\/www.csj-emballages.com\/pt-pt\/wp-json\/wp\/v2\/product_cat?post=235455"},{"taxonomy":"product_tag","embeddable":true,"href":"https:\/\/www.csj-emballages.com\/pt-pt\/wp-json\/wp\/v2\/product_tag?post=235455"}],"curies":[{"name":"wp","href":"https:\/\/api.w.org\/{rel}","templated":true}]}}