{"id":23544,"date":"2024-03-01T16:49:15","date_gmt":"2024-03-01T15:49:15","guid":{"rendered":"https:\/\/u15jnbdpoq.preview.infomaniak.website\/produit\/100-sacos-de-confeitaria-flocons-com-base-de-cartao-100-x-220-mm\/"},"modified":"2026-04-03T02:20:28","modified_gmt":"2026-04-03T00:20:28","slug":"100-sacos-de-confeitaria-flocons-com-base-de-cartao-100-x-220-mm","status":"publish","type":"product","link":"https:\/\/www.csj-emballages.com\/pt-pt\/produit\/100-sacos-de-confeitaria-flocons-com-base-de-cartao-100-x-220-mm\/","title":{"rendered":"Saco de confeitarias de Natal Flocos de neve 100 x 220 mm por 100"},"content":{"rendered":"<div style=\"box-sizing: inherit; font-family: Roboto, sans-serif;\">\n<div style=\"box-sizing: inherit; font-family: Roboto, sans-serif;\">\n<div style=\"box-sizing: inherit; font-family: Roboto, sans-serif;\">\n<div style=\"box-sizing: inherit; font-family: Roboto, sans-serif;\">\n<div style=\"box-sizing: inherit; font-family: Roboto, sans-serif;\">\n<div style=\"box-sizing: inherit; font-family: Roboto, sans-serif;\">\n<div style=\"box-sizing: inherit; font-family: Roboto, sans-serif;\">\n<div style=\"box-sizing: inherit; font-family: Roboto, sans-serif;\">\n<div style=\"box-sizing: inherit; font-family: Roboto, sans-serif;\">\n<div style=\"box-sizing: inherit; font-family: Roboto, sans-serif;\">\n<div style=\"box-sizing: inherit; font-family: Roboto, sans-serif;\">\n<div style=\"box-sizing: inherit; font-family: Roboto, sans-serif;\">\n<div style=\"box-sizing: inherit; font-family: Roboto, sans-serif;\">\n<div class=\"flex flex-grow flex-col max-w-full\">\n<div class=\"min-h-[20px] text-message flex flex-col items-start whitespace-pre-wrap break-words [.text-message+&amp;]:mt-5 juice:w-full juice:items-end overflow-x-auto gap-2\" dir=\"auto\" data-message-author-role=\"assistant\" data-message-id=\"2034782e-88f9-44ef-b4dc-07dd7bf0115f\">\n<div class=\"flex w-full flex-col gap-1 juice:empty:hidden juice:first:pt-[3px]\">\n<div class=\"markdown prose w-full break-words dark:prose-invert light\">\n<div style=\"box-sizing: inherit; font-family: Roboto, sans-serif;\">\n<div style=\"box-sizing: inherit; font-family: Roboto, sans-serif;\">\n<div style=\"box-sizing: inherit; font-family: Roboto, sans-serif;\">\n<div style=\"box-sizing: inherit; font-family: Roboto, sans-serif;\">\n<div style=\"box-sizing: inherit; font-family: Roboto, sans-serif;\">\n<div style=\"box-sizing: inherit; font-family: Roboto, sans-serif;\">\n<div style=\"box-sizing: inherit; font-family: Roboto, sans-serif;\">\n<div style=\"box-sizing: inherit; font-family: Roboto, sans-serif;\">\n<div style=\"box-sizing: inherit; font-family: Roboto, sans-serif;\">\n<div style=\"box-sizing: inherit; font-family: Roboto, sans-serif;\">\n<div style=\"box-sizing: inherit; font-family: Roboto, sans-serif;\">\n<div style=\"box-sizing: inherit; font-family: Roboto, sans-serif;\">\n<div style=\"box-sizing: inherit; font-family: Roboto, sans-serif;\">\n<div style=\"box-sizing: inherit; font-family: Roboto, sans-serif;\">\n<div style=\"box-sizing: inherit; font-family: Roboto, sans-serif;\">\n<div style=\"box-sizing: inherit; font-family: Roboto, sans-serif;\">\n<div style=\"box-sizing: inherit; font-family: Roboto, sans-serif;\">\n<div style=\"box-sizing: inherit; font-family: Roboto, sans-serif;\">\n<div style=\"box-sizing: inherit; font-family: Roboto, sans-serif;\">\n<div class=\"flex flex-grow flex-col max-w-full\">\n<div class=\"min-h-[20px] text-message flex flex-col items-start whitespace-pre-wrap break-words [.text-message+&amp;]:mt-5 juice:w-full juice:items-end overflow-x-auto gap-2\" dir=\"auto\" data-message-author-role=\"assistant\" data-message-id=\"2034782e-88f9-44ef-b4dc-07dd7bf0115f\">\n<div class=\"flex w-full flex-col gap-1 juice:empty:hidden juice:first:pt-[3px]\">\n<div class=\"markdown prose w-full break-words dark:prose-invert light\">\n<div style=\"box-sizing: inherit; font-family: Roboto, sans-serif;\">\n<div style=\"box-sizing: inherit; font-family: Roboto, sans-serif;\">\n<div style=\"box-sizing: inherit; font-family: Roboto, sans-serif;\">\n<div style=\"box-sizing: inherit; font-family: Roboto, sans-serif;\">\n<div style=\"box-sizing: inherit; font-family: Roboto, sans-serif;\">\n<div style=\"box-sizing: inherit; font-family: Roboto, sans-serif;\">\n<h2>Doces de Natal<\/h2>\n<div style=\"box-sizing: inherit; font-family: Roboto, sans-serif;\">\n<div style=\"box-sizing: inherit; font-family: Roboto, sans-serif;\">\n<div style=\"box-sizing: inherit; font-family: Roboto, sans-serif;\">\n<div style=\"text-align: center;\">\n<div style=\"box-sizing: inherit; font-family: Roboto, sans-serif;\">\n<div style=\"box-sizing: inherit; font-family: Roboto, sans-serif;\">\n<div style=\"box-sizing: inherit; font-family: Roboto, sans-serif;\">\n<div style=\"box-sizing: inherit; font-family: Roboto, sans-serif;\">\n<div style=\"box-sizing: inherit; font-family: Roboto, sans-serif;\">\n<div style=\"box-sizing: inherit; font-family: Roboto, sans-serif; text-align: left;\">\n<hr>\n<h3 style=\"text-align: left;\">Descri\u00e7\u00e3o do nosso saco de confeitarias de Natal Flocos de neve 100 x 220 mm por 100<\/h3>\n<h3 style=\"text-align: left;\"><!--more--><\/h3>\n<\/div>\n<\/div>\n<\/div>\n<\/div>\n<\/div>\n<\/div>\n<\/div>\n<\/div>\n<\/div>\n<\/div>\n<\/div>\n<\/div>\n<\/div>\n<\/div>\n<\/div>\n<\/div>\n<\/div>\n<\/div>\n<\/div>\n<\/div>\n<\/div>\n<\/div>\n<\/div>\n<\/div>\n<\/div>\n<\/div>\n<\/div>\n<\/div>\n<\/div>\n<\/div>\n<\/div>\n<\/div>\n<\/div>\n<div style=\"box-sizing: inherit; font-family: Roboto, sans-serif;\">\n<div style=\"box-sizing: inherit; font-family: Roboto, sans-serif;\">\n<div style=\"box-sizing: inherit; font-family: Roboto, sans-serif;\">\n<div style=\"box-sizing: inherit; font-family: Roboto, sans-serif;\">\n<div style=\"box-sizing: inherit; font-family: Roboto, sans-serif;\">\n<div style=\"box-sizing: inherit; font-family: Roboto, sans-serif;\">\n<div style=\"box-sizing: inherit; font-family: Roboto, sans-serif;\">\n<div style=\"box-sizing: inherit; font-family: Roboto, sans-serif;\">\n<div style=\"box-sizing: inherit; font-family: Roboto, sans-serif;\">\n<div style=\"box-sizing: inherit; font-family: Roboto, sans-serif;\">\n<div style=\"box-sizing: inherit; font-family: Roboto, sans-serif;\">\n<div style=\"box-sizing: inherit; font-family: Roboto, sans-serif;\">\n<div style=\"box-sizing: inherit; font-family: Roboto, sans-serif;\">\n<div class=\"flex flex-grow flex-col max-w-full\">\n<div class=\"min-h-[20px] text-message flex flex-col items-start whitespace-pre-wrap break-words [.text-message+&amp;]:mt-5 juice:w-full juice:items-end overflow-x-auto gap-2\" dir=\"auto\" data-message-author-role=\"assistant\" data-message-id=\"2034782e-88f9-44ef-b4dc-07dd7bf0115f\">\n<div class=\"flex w-full flex-col gap-1 juice:empty:hidden juice:first:pt-[3px]\">\n<div class=\"markdown prose w-full break-words dark:prose-invert light\">\n<div style=\"box-sizing: inherit; font-family: Roboto, sans-serif;\">\n<div style=\"box-sizing: inherit; font-family: Roboto, sans-serif;\">\n<div style=\"box-sizing: inherit; font-family: Roboto, sans-serif;\">\n<div style=\"box-sizing: inherit; font-family: Roboto, sans-serif;\">\n<div style=\"box-sizing: inherit; font-family: Roboto, sans-serif;\">\n<div style=\"box-sizing: inherit; font-family: Roboto, sans-serif;\">\n<p data-start=\"0\" data-end=\"651\">Para as suas guloseimas de fim de ano, escolha um <strong data-start=\"88\" data-end=\"136\">saco de confe\u00e7\u00e3o de Natal Flocons 100 x 220 mm<\/strong> que combina eleg\u00e2ncia, praticidade e respeito pelo ambiente. Com os seus motivos variados e festivos, ir\u00e1 real\u00e7ar os seus <strong data-start=\"248\" data-end=\"261\">chocolates<\/strong>, <strong data-start=\"263\" data-end=\"275\">biscoitos<\/strong>, <strong data-start=\"277\" data-end=\"288\">torr\u00f5es<\/strong> ou <strong data-start=\"292\" data-end=\"303\">am\u00eandoas a\u00e7ucaradas<\/strong>, dando instantaneamente um <strong data-start=\"334\" data-end=\"352\">toque alegre<\/strong> e requintado \u00e0s suas cria\u00e7\u00f5es. Gra\u00e7as \u00e0 sua <strong data-start=\"394\" data-end=\"408\" data-is-only-node=\"\">base moldada<\/strong>, este <strong>saco<\/strong> oferece <strong data-start=\"430\" data-end=\"450\">uma grande estabilidade<\/strong> e <strong data-start=\"458\" data-end=\"483\">uma apresenta\u00e7\u00e3o \u00f3ptima dos<\/strong> seus produtos. Acabaram-se as embalagens que derramam ou caem: os seus doces ficam perfeitamente expostos, seja nas suas prateleiras ou debaixo da \u00e1rvore de Natal.<\/p>\n<p data-start=\"653\" data-end=\"975\">Outra vantagem: a <strong data-start=\"670\" data-end=\"702\">base r\u00edgida de polipropileno<\/strong>, agora feita de um \u00fanico material, substitui a antiga base de cart\u00e3o. Esta escolha respons\u00e1vel facilita <strong data-start=\"796\" data-end=\"809\">a reciclagem<\/strong> e est\u00e1 totalmente em conformidade com os requisitos da <strong data-start=\"859\" data-end=\"876\">lei AGEC 2025<\/strong>. Desta forma, reduz o seu impacto ecol\u00f3gico e cumpre o <strong data-start=\"945\" data-end=\"972\">c\u00f3digo ambiental<\/strong>.<\/p>\n<p data-start=\"977\" data-end=\"1369\">Este <strong>saco de pl\u00e1stico<\/strong> \u00e9 perfeitamente <strong data-start=\"1004\" data-end=\"1035\">adequado para o contacto com os alimentos<\/strong>, garantindo uma conserva\u00e7\u00e3o impec\u00e1vel das suas prepara\u00e7\u00f5es. Ideal para <strong data-start=\"1117\" data-end=\"1133\">chocolatiers<\/strong>, <strong data-start=\"1135\" data-end=\"1149\">chefes de pastelaria<\/strong>, <strong data-start=\"1151\" data-end=\"1165\">pasteleiros<\/strong>, pasteleiros <strong data-start=\"1167\" data-end=\"1181\">de a\u00e7\u00facar<\/strong> e <strong data-start=\"1193\" data-end=\"1208\">fabricantes de biscoitos<\/strong>, \u00e9 perfeito para todas as suas cria\u00e7\u00f5es doces. O seu design <strong data-start=\"1269\" data-end=\"1293\">de floco de neve cintilante<\/strong> evoca a magia do Natal e convida os seus clientes a desfrutarem de um momento festivo.<\/p>\n<p data-start=\"1371\" data-end=\"1811\">Ao escolher este <strong data-start=\"1389\" data-end=\"1424\">saco de confeitaria No\u00ebl Flocons<\/strong>, est\u00e1 a combinar <strong data-start=\"1440\" data-end=\"1454\">est\u00e9tica<\/strong>, <strong data-start=\"1456\" data-end=\"1469\">praticidade<\/strong> e <strong data-start=\"1473\" data-end=\"1498\">um compromisso com o ambiente<\/strong>. Quer se trate de doces variados, de biscoitos artesanais ou de chocolates finos, esta embalagem \u00e9 um verdadeiro trunfo para seduzir os seus clientes e mostrar o seu saber-fazer. D\u00ea aos seus doces o cen\u00e1rio que eles merecem e deixe que a <strong data-start=\"1762\" data-end=\"1780\">magia do Natal<\/strong> envolva cada um deles.<\/p>\n<p data-start=\"1371\" data-end=\"1811\">\n<p><!--more--><\/p>\n<h4 style=\"text-align: left;\">Vantagens :<\/h4>\n<ul style=\"text-align: left;\">\n<li><strong data-start=\"2039\" data-end=\"2053\">Base moldada<\/strong> para uma excelente <strong data-start=\"2074\" data-end=\"2087\">estabilidade<\/strong> e uma apar\u00eancia cuidada.<\/li>\n<li><strong data-start=\"2122\" data-end=\"2150\">Monomaterial, recicl\u00e1vel<\/strong> gra\u00e7as \u00e0 base de polipropileno.<\/li>\n<li>Em conformidade com o <strong data-start=\"2199\" data-end=\"2226\">C\u00f3digo do Ambiente<\/strong> e a <strong data-start=\"2235\" data-end=\"2252\">lei AGEC 2025<\/strong>.<\/li>\n<li><strong data-start=\"2258\" data-end=\"2275\">Design festivo<\/strong> com flocos de neve para real\u00e7ar as suas cria\u00e7\u00f5es de Natal.<\/li>\n<li><strong data-start=\"2329\" data-end=\"2352\">Contacto alimentar<\/strong> garantido para todos os seus produtos de confeitaria e pastelaria.<\/li>\n<\/ul>\n<\/div>\n<\/div>\n<\/div>\n<\/div>\n<\/div>\n<\/div>\n<\/div>\n<\/div>\n<\/div>\n<\/div>\n<\/div>\n<\/div>\n<p>&nbsp;<\/p>\n<\/div>\n<\/div>\n<\/div>\n<\/div>\n<\/div>\n<\/div>\n<\/div>\n<\/div>\n<\/div>\n<\/div>\n<\/div>\n<p><!--more--><\/p>\n<h4>Outras informa\u00e7\u00f5es :<\/h4>\n<ul style=\"box-sizing: inherit; font-family: Roboto, sans-serif;\">\n<li><strong>Embalagem<\/strong>: Pacote de 100<\/li>\n<li><span style=\"font-weight: bold;\">Tamanho<\/span>: 100 x 220 mm<\/li>\n<li><strong>Material<\/strong>: OPP<\/li>\n<li><strong>Cor<\/strong>: Transparente \/ Branco<\/li>\n<li><strong>Op\u00e7\u00e3o<\/strong>: Sacos com fundo de cart\u00e3o<\/li>\n<\/ul>\n<p>&nbsp;<\/p>\n<p><!--more--><\/p>\n<p>Este saco de Natal est\u00e1 dispon\u00edvel num tamanho maior: <span style=\"color: #d12727;\"><a style=\"color: #d12727;\" href=\"https:\/\/www.csj-emballages.com\/produit\/100-sachet-noel-confiserie-fond-carton-flocons-120-x-275-mm\/\">SFLOCT2<\/a><\/span><\/p>\n<p>&nbsp;<\/p>\n<p><!--more--><\/p>\n<p><a href=\"https:\/\/www.csj-emballages.com\/pt-pt\/categorie-produit\/embalagem-de-alimentos\/padaria-e-pastelaria\/sacos-saquetas-e-papel\/sacos-de-confeitaria\/sacos-tematicos\/sacos-de-natal\/\">Ver o resto da nossa gama de sacos de Natal<\/a><\/p>\n<\/div>\n<\/div>\n<\/div>\n<\/div>\n<\/div>\n<\/div>\n<\/div>\n<\/div>\n<\/div>\n<\/div>\n<\/div>\n<\/div>\n<\/div>\n<\/div>\n<\/div>\n<\/div>\n<\/div>\n<\/div>\n<\/div>\n<\/div>\n<\/div>\n<\/div>\n<\/div>\n","protected":false},"excerpt":{"rendered":"<p>Doces de Natal Descri\u00e7\u00e3o do nosso saco de confeitarias de Natal Flocos de neve 100 x 220 mm por 100<\/p>\n","protected":false},"featured_media":243575,"template":"","meta":{"_acf_changed":false},"product_brand":[],"product_cat":[1141,1177,1655,3406,1482],"product_tag":[],"class_list":{"0":"post-23544","1":"product","2":"type-product","3":"status-publish","4":"has-post-thumbnail","6":"product_cat-embalagem-de-alimentos","7":"product_cat-padaria-e-pastelaria","8":"product_cat-sacos-de-confeitaria","9":"product_cat-sacos-de-natal","10":"product_cat-loja-e-armazem","12":"first","13":"instock","14":"taxable","15":"shipping-taxable","16":"purchasable","17":"product-type-simple"},"acf":[],"yoast_head":"<!-- This site is optimized with the Yoast SEO Premium plugin v26.6 (Yoast SEO v26.6) - https:\/\/yoast.com\/wordpress\/plugins\/seo\/ -->\n<title>Confeitaria de Natal Flocos de neve 100 x 220 mm por 100<\/title>\n<meta name=\"description\" content=\"Saco de confeitaria de Natal Flocos 100 x 220 mm: elegante, recicl\u00e1vel e adequado para contacto com alimentos, ideal para chocolates, bolachas e produtos de confeitaria.\" \/>\n<meta name=\"robots\" content=\"index, follow, max-snippet:-1, max-image-preview:large, max-video-preview:-1\" \/>\n<link rel=\"canonical\" href=\"https:\/\/www.csj-emballages.com\/pt-pt\/produit\/100-sacos-de-confeitaria-flocons-com-base-de-cartao-100-x-220-mm\/\" \/>\n<meta property=\"og:locale\" content=\"pt_PT\" \/>\n<meta property=\"og:type\" content=\"article\" \/>\n<meta property=\"og:title\" content=\"Saco de Natal &quot;Flocons&quot; 100 x 220 mm\" \/>\n<meta property=\"og:description\" content=\"Sacos de confeitaria de Natal de 100 x 220 mm, ideais para guloseimas festivas, presentes para convidados, eventos ou vendas na loja.\" \/>\n<meta property=\"og:url\" content=\"https:\/\/www.csj-emballages.com\/pt-pt\/produit\/100-sacos-de-confeitaria-flocons-com-base-de-cartao-100-x-220-mm\/\" \/>\n<meta property=\"og:site_name\" content=\"CSJ Emballages\" \/>\n<meta property=\"article:publisher\" content=\"https:\/\/www.facebook.com\/csjemballages\" \/>\n<meta property=\"article:modified_time\" content=\"2026-04-03T00:20:28+00:00\" \/>\n<meta property=\"og:image\" content=\"https:\/\/www.csj-emballages.com\/wp-content\/uploads\/2024\/03\/SFLOCT1.webp\" \/>\n\t<meta property=\"og:image:width\" content=\"800\" \/>\n\t<meta property=\"og:image:height\" content=\"800\" \/>\n\t<meta property=\"og:image:type\" content=\"image\/webp\" \/>\n<meta name=\"twitter:card\" content=\"summary_large_image\" \/>\n<meta name=\"twitter:title\" content=\"Saco de Natal &quot;Flocons&quot; 100 x 220 mm\" \/>\n<meta name=\"twitter:description\" content=\"Sacos de confeitaria de Natal de 100 x 220 mm, ideais para guloseimas festivas, presentes para convidados, eventos ou vendas na loja.\" \/>\n<meta name=\"twitter:label1\" content=\"Tempo estimado de leitura\" \/>\n\t<meta name=\"twitter:data1\" content=\"2 minutos\" \/>\n<script type=\"application\/ld+json\" class=\"yoast-schema-graph\">{\"@context\":\"https:\/\/schema.org\",\"@graph\":[{\"@type\":\"WebPage\",\"@id\":\"https:\/\/www.csj-emballages.com\/pt-pt\/produit\/100-sacos-de-confeitaria-flocons-com-base-de-cartao-100-x-220-mm\/\",\"url\":\"https:\/\/www.csj-emballages.com\/pt-pt\/produit\/100-sacos-de-confeitaria-flocons-com-base-de-cartao-100-x-220-mm\/\",\"name\":\"Confeitaria de Natal Flocos de neve 100 x 220 mm por 100\",\"isPartOf\":{\"@id\":\"https:\/\/www.csj-emballages.com\/pt-pt\/#website\"},\"primaryImageOfPage\":{\"@id\":\"https:\/\/www.csj-emballages.com\/pt-pt\/produit\/100-sacos-de-confeitaria-flocons-com-base-de-cartao-100-x-220-mm\/#primaryimage\"},\"image\":{\"@id\":\"https:\/\/www.csj-emballages.com\/pt-pt\/produit\/100-sacos-de-confeitaria-flocons-com-base-de-cartao-100-x-220-mm\/#primaryimage\"},\"thumbnailUrl\":\"https:\/\/www.csj-emballages.com\/wp-content\/uploads\/2024\/03\/SFLOCT1.webp\",\"datePublished\":\"2024-03-01T15:49:15+00:00\",\"dateModified\":\"2026-04-03T00:20:28+00:00\",\"description\":\"Saco de confeitaria de Natal Flocos 100 x 220 mm: elegante, recicl\u00e1vel e adequado para contacto com alimentos, ideal para chocolates, bolachas e produtos de confeitaria.\",\"breadcrumb\":{\"@id\":\"https:\/\/www.csj-emballages.com\/pt-pt\/produit\/100-sacos-de-confeitaria-flocons-com-base-de-cartao-100-x-220-mm\/#breadcrumb\"},\"inLanguage\":\"pt-PT\",\"potentialAction\":[{\"@type\":\"ReadAction\",\"target\":[\"https:\/\/www.csj-emballages.com\/pt-pt\/produit\/100-sacos-de-confeitaria-flocons-com-base-de-cartao-100-x-220-mm\/\"]}]},{\"@type\":\"ImageObject\",\"inLanguage\":\"pt-PT\",\"@id\":\"https:\/\/www.csj-emballages.com\/pt-pt\/produit\/100-sacos-de-confeitaria-flocons-com-base-de-cartao-100-x-220-mm\/#primaryimage\",\"url\":\"https:\/\/www.csj-emballages.com\/wp-content\/uploads\/2024\/03\/SFLOCT1.webp\",\"contentUrl\":\"https:\/\/www.csj-emballages.com\/wp-content\/uploads\/2024\/03\/SFLOCT1.webp\",\"width\":800,\"height\":800,\"caption\":\"Sachet confiseries no\u00ebl\"},{\"@type\":\"BreadcrumbList\",\"@id\":\"https:\/\/www.csj-emballages.com\/pt-pt\/produit\/100-sacos-de-confeitaria-flocons-com-base-de-cartao-100-x-220-mm\/#breadcrumb\",\"itemListElement\":[{\"@type\":\"ListItem\",\"position\":1,\"name\":\"Acolhimento\",\"item\":\"https:\/\/www.csj-emballages.com\/pt-pt\/universo-das-embalagens-alimentares\/\"},{\"@type\":\"ListItem\",\"position\":2,\"name\":\"Shop\",\"item\":\"https:\/\/www.csj-emballages.com\/shop\/\"},{\"@type\":\"ListItem\",\"position\":3,\"name\":\"Saco de confeitarias de Natal Flocos de neve 100 x 220 mm por 100\"}]},{\"@type\":\"WebSite\",\"@id\":\"https:\/\/www.csj-emballages.com\/pt-pt\/#website\",\"url\":\"https:\/\/www.csj-emballages.com\/pt-pt\/\",\"name\":\"CSJ Emballages\",\"description\":\"\",\"publisher\":{\"@id\":\"https:\/\/www.csj-emballages.com\/pt-pt\/#organization\"},\"potentialAction\":[{\"@type\":\"SearchAction\",\"target\":{\"@type\":\"EntryPoint\",\"urlTemplate\":\"https:\/\/www.csj-emballages.com\/pt-pt\/?s={search_term_string}\"},\"query-input\":{\"@type\":\"PropertyValueSpecification\",\"valueRequired\":true,\"valueName\":\"search_term_string\"}}],\"inLanguage\":\"pt-PT\"},{\"@type\":\"Organization\",\"@id\":\"https:\/\/www.csj-emballages.com\/pt-pt\/#Organization\/\",\"name\":\"CSJ Emballages\",\"url\":\"https:\/\/www.csj-emballages.com\/pt-pt\/\",\"logo\":{\"@type\":\"ImageObject\",\"inLanguage\":\"pt-PT\",\"@id\":\"https:\/\/www.csj-emballages.com\/pt-pt\/#\/schema\/logo\/image\/\",\"url\":\"https:\/\/www.csj-emballages.com\/wp-content\/uploads\/2023\/10\/logo_csj.webp\",\"contentUrl\":\"https:\/\/www.csj-emballages.com\/wp-content\/uploads\/2023\/10\/logo_csj.webp\",\"width\":250,\"height\":95,\"caption\":\"CSJ Emballages\"},\"image\":{\"@id\":\"https:\/\/www.csj-emballages.com\/pt-pt\/#\/schema\/logo\/image\/\"},\"sameAs\":[\"https:\/\/www.facebook.com\/csjemballages\"],\"address\":{\"@type\":\"PostalAddress\",\"streetAddress\":\"ZI La Lechere\",\"addressLocality\":\"Patornay\",\"postalCode\":\"39130\",\"addressCountry\":\"FR\"},\"contactPoint\":[{\"@type\":\"ContactPoint\",\"contactType\":\"Service client\",\"telephone\":\"0384254272\",\"email\":\"contact@csj-emballages.com\"}]}]}<\/script>\n<!-- \/ Yoast SEO Premium plugin. -->","yoast_head_json":{"title":"Confeitaria de Natal Flocos de neve 100 x 220 mm por 100","description":"Saco de confeitaria de Natal Flocos 100 x 220 mm: elegante, recicl\u00e1vel e adequado para contacto com alimentos, ideal para chocolates, bolachas e produtos de confeitaria.","robots":{"index":"index","follow":"follow","max-snippet":"max-snippet:-1","max-image-preview":"max-image-preview:large","max-video-preview":"max-video-preview:-1"},"canonical":"https:\/\/www.csj-emballages.com\/pt-pt\/produit\/100-sacos-de-confeitaria-flocons-com-base-de-cartao-100-x-220-mm\/","og_locale":"pt_PT","og_type":"article","og_title":"Saco de Natal \"Flocons\" 100 x 220 mm","og_description":"Sacos de confeitaria de Natal de 100 x 220 mm, ideais para guloseimas festivas, presentes para convidados, eventos ou vendas na loja.","og_url":"https:\/\/www.csj-emballages.com\/pt-pt\/produit\/100-sacos-de-confeitaria-flocons-com-base-de-cartao-100-x-220-mm\/","og_site_name":"CSJ Emballages","article_publisher":"https:\/\/www.facebook.com\/csjemballages","article_modified_time":"2026-04-03T00:20:28+00:00","og_image":[{"width":800,"height":800,"url":"https:\/\/www.csj-emballages.com\/wp-content\/uploads\/2024\/03\/SFLOCT1.webp","type":"image\/webp"}],"twitter_card":"summary_large_image","twitter_title":"Saco de Natal \"Flocons\" 100 x 220 mm","twitter_description":"Sacos de confeitaria de Natal de 100 x 220 mm, ideais para guloseimas festivas, presentes para convidados, eventos ou vendas na loja.","twitter_misc":{"Tempo estimado de leitura":"2 minutos"},"schema":{"@context":"https:\/\/schema.org","@graph":[{"@type":"WebPage","@id":"https:\/\/www.csj-emballages.com\/pt-pt\/produit\/100-sacos-de-confeitaria-flocons-com-base-de-cartao-100-x-220-mm\/","url":"https:\/\/www.csj-emballages.com\/pt-pt\/produit\/100-sacos-de-confeitaria-flocons-com-base-de-cartao-100-x-220-mm\/","name":"Confeitaria de Natal Flocos de neve 100 x 220 mm por 100","isPartOf":{"@id":"https:\/\/www.csj-emballages.com\/pt-pt\/#website"},"primaryImageOfPage":{"@id":"https:\/\/www.csj-emballages.com\/pt-pt\/produit\/100-sacos-de-confeitaria-flocons-com-base-de-cartao-100-x-220-mm\/#primaryimage"},"image":{"@id":"https:\/\/www.csj-emballages.com\/pt-pt\/produit\/100-sacos-de-confeitaria-flocons-com-base-de-cartao-100-x-220-mm\/#primaryimage"},"thumbnailUrl":"https:\/\/www.csj-emballages.com\/wp-content\/uploads\/2024\/03\/SFLOCT1.webp","datePublished":"2024-03-01T15:49:15+00:00","dateModified":"2026-04-03T00:20:28+00:00","description":"Saco de confeitaria de Natal Flocos 100 x 220 mm: elegante, recicl\u00e1vel e adequado para contacto com alimentos, ideal para chocolates, bolachas e produtos de confeitaria.","breadcrumb":{"@id":"https:\/\/www.csj-emballages.com\/pt-pt\/produit\/100-sacos-de-confeitaria-flocons-com-base-de-cartao-100-x-220-mm\/#breadcrumb"},"inLanguage":"pt-PT","potentialAction":[{"@type":"ReadAction","target":["https:\/\/www.csj-emballages.com\/pt-pt\/produit\/100-sacos-de-confeitaria-flocons-com-base-de-cartao-100-x-220-mm\/"]}]},{"@type":"ImageObject","inLanguage":"pt-PT","@id":"https:\/\/www.csj-emballages.com\/pt-pt\/produit\/100-sacos-de-confeitaria-flocons-com-base-de-cartao-100-x-220-mm\/#primaryimage","url":"https:\/\/www.csj-emballages.com\/wp-content\/uploads\/2024\/03\/SFLOCT1.webp","contentUrl":"https:\/\/www.csj-emballages.com\/wp-content\/uploads\/2024\/03\/SFLOCT1.webp","width":800,"height":800,"caption":"Sachet confiseries no\u00ebl"},{"@type":"BreadcrumbList","@id":"https:\/\/www.csj-emballages.com\/pt-pt\/produit\/100-sacos-de-confeitaria-flocons-com-base-de-cartao-100-x-220-mm\/#breadcrumb","itemListElement":[{"@type":"ListItem","position":1,"name":"Acolhimento","item":"https:\/\/www.csj-emballages.com\/pt-pt\/universo-das-embalagens-alimentares\/"},{"@type":"ListItem","position":2,"name":"Shop","item":"https:\/\/www.csj-emballages.com\/shop\/"},{"@type":"ListItem","position":3,"name":"Saco de confeitarias de Natal Flocos de neve 100 x 220 mm por 100"}]},{"@type":"WebSite","@id":"https:\/\/www.csj-emballages.com\/pt-pt\/#website","url":"https:\/\/www.csj-emballages.com\/pt-pt\/","name":"CSJ Emballages","description":"","publisher":{"@id":"https:\/\/www.csj-emballages.com\/pt-pt\/#organization"},"potentialAction":[{"@type":"SearchAction","target":{"@type":"EntryPoint","urlTemplate":"https:\/\/www.csj-emballages.com\/pt-pt\/?s={search_term_string}"},"query-input":{"@type":"PropertyValueSpecification","valueRequired":true,"valueName":"search_term_string"}}],"inLanguage":"pt-PT"},{"@type":"Organization","@id":"https:\/\/www.csj-emballages.com\/pt-pt\/#Organization\/","name":"CSJ Emballages","url":"https:\/\/www.csj-emballages.com\/pt-pt\/","logo":{"@type":"ImageObject","inLanguage":"pt-PT","@id":"https:\/\/www.csj-emballages.com\/pt-pt\/#\/schema\/logo\/image\/","url":"https:\/\/www.csj-emballages.com\/wp-content\/uploads\/2023\/10\/logo_csj.webp","contentUrl":"https:\/\/www.csj-emballages.com\/wp-content\/uploads\/2023\/10\/logo_csj.webp","width":250,"height":95,"caption":"CSJ Emballages"},"image":{"@id":"https:\/\/www.csj-emballages.com\/pt-pt\/#\/schema\/logo\/image\/"},"sameAs":["https:\/\/www.facebook.com\/csjemballages"],"address":{"@type":"PostalAddress","streetAddress":"ZI La Lechere","addressLocality":"Patornay","postalCode":"39130","addressCountry":"FR"},"contactPoint":[{"@type":"ContactPoint","contactType":"Service client","telephone":"0384254272","email":"contact@csj-emballages.com"}]}]}},"df_price":15.44,"df_sale_price":"","df_regular_price":15.44,"df_image_link":"https:\/\/www.csj-emballages.com\/wp-content\/uploads\/2024\/03\/SFLOCT1-300x300.webp","tiered_pricing_type":"fixed","tiered_pricing_fixed_rules":[],"tiered_pricing_percentage_rules":[],"tiered_pricing_minimum":1,"tiered_pricing_roles_data":[],"_links":{"self":[{"href":"https:\/\/www.csj-emballages.com\/pt-pt\/wp-json\/wp\/v2\/product\/23544","targetHints":{"allow":["GET"]}}],"collection":[{"href":"https:\/\/www.csj-emballages.com\/pt-pt\/wp-json\/wp\/v2\/product"}],"about":[{"href":"https:\/\/www.csj-emballages.com\/pt-pt\/wp-json\/wp\/v2\/types\/product"}],"wp:featuredmedia":[{"embeddable":true,"href":"https:\/\/www.csj-emballages.com\/pt-pt\/wp-json\/wp\/v2\/media\/243575"}],"wp:attachment":[{"href":"https:\/\/www.csj-emballages.com\/pt-pt\/wp-json\/wp\/v2\/media?parent=23544"}],"wp:term":[{"taxonomy":"product_brand","embeddable":true,"href":"https:\/\/www.csj-emballages.com\/pt-pt\/wp-json\/wp\/v2\/product_brand?post=23544"},{"taxonomy":"product_cat","embeddable":true,"href":"https:\/\/www.csj-emballages.com\/pt-pt\/wp-json\/wp\/v2\/product_cat?post=23544"},{"taxonomy":"product_tag","embeddable":true,"href":"https:\/\/www.csj-emballages.com\/pt-pt\/wp-json\/wp\/v2\/product_tag?post=23544"}],"curies":[{"name":"wp","href":"https:\/\/api.w.org\/{rel}","templated":true}]}}