{"id":235355,"date":"2025-04-30T09:44:23","date_gmt":"2025-04-30T07:44:23","guid":{"rendered":"https:\/\/www.csj-emballages.com\/?post_type=product&#038;p=235355"},"modified":"2026-04-03T02:19:45","modified_gmt":"2026-04-03T00:19:45","slug":"saco-de-papel-branco-americano-com-abertura-em-duas-faces-34-x-12-cm-por-1000","status":"publish","type":"product","link":"https:\/\/www.csj-emballages.com\/pt-pt\/produit\/saco-de-papel-branco-americano-com-abertura-em-duas-faces-34-x-12-cm-por-1000\/","title":{"rendered":"Saco de papel branco americano com abertura em 2 lados, 34 x 12 cm, 2500 unidades"},"content":{"rendered":"<h2>Saco americano<\/h2>\n<hr>\n<h3>Descri\u00e7\u00e3o do nosso saco americano com 2 lados de abertura em papel branco 34 x 12 cm por 2500<\/h3>\n<p><!--more--><\/p>\n<p data-start=\"261\" data-end=\"618\">A <strong data-start=\"264\" data-end=\"329\">bolsa de abertura em papel branco americano de 2 faces, 34 x 12 cm,<\/strong> \u00e9 um acess\u00f3rio indispens\u00e1vel para os profissionais da restaura\u00e7\u00e3o r\u00e1pida. O seu formato pr\u00e1tico e o seu design engenhoso tornam-na <strong data-start=\"512\" data-end=\"558\">uma embalagem simples, econ\u00f3mica e vers\u00e1til<\/strong>, adequada para uma grande variedade de sandu\u00edches. Fabricado em <strong data-start=\"632\" data-end=\"659\">papel branco<\/strong>, este <strong>saco americano para sandu\u00edches<\/strong> tem <strong data-start=\"683\" data-end=\"727\">duas aberturas (lateral e superior)<\/strong>, o que facilita o enchimento e o consumo no interior ou exterior. \u00c9 tamb\u00e9m particularmente popular para embrulhar sandes ou paninis.   <\/p>\n<p data-start=\"986\" data-end=\"1220\">Gra\u00e7as \u00e0 sua apresenta\u00e7\u00e3o <strong>em papel branco<\/strong>, oferece uma imagem limpa e profissional, adequada a qualquer tipo de estabelecimento. Tamb\u00e9m pode ser personalizado com um carimbo, um autocolante ou um log\u00f3tipo para refor\u00e7ar a identidade da sua marca. <\/p>\n<p data-start=\"1222\" data-end=\"1462\">Embalado em <strong data-start=\"1238\" data-end=\"1260\">lotes de 2.500 unidades<\/strong>, este <strong>saco para sandu\u00edches americano<\/strong> \u00e9 ideal para opera\u00e7\u00f5es de grande volume. <strong data-start=\"1341\" data-end=\"1379\">Poupa tempo ao servir<\/strong>, assegurando ao mesmo tempo uma <strong data-start=\"1402\" data-end=\"1430\">experi\u00eancia agrad\u00e1vel para o cliente<\/strong> gra\u00e7as \u00e0 sua abertura f\u00e1cil. <\/p>\n<p data-start=\"1464\" data-end=\"1636\">Ecol\u00f3gico, econ\u00f3mico e pr\u00e1tico: este <strong>saco<\/strong> tem tudo! \u00c9 uma <strong data-start=\"1545\" data-end=\"1574\">escolha inteligente para profissionais<\/strong> que procuram uma solu\u00e7\u00e3o de embalagem r\u00e1pida e eficiente. <\/p>\n<p data-start=\"1274\" data-end=\"1542\"><!--more--><\/p>\n<h4 data-start=\"1274\" data-end=\"1542\">As suas vantagens:<\/h4>\n<ul>\n<li><strong>Abertura em 2 faces<\/strong>: f\u00e1cil de encher e consumir.<\/li>\n<li><strong>Papel branco neutro<\/strong>: aspeto limpo e profissional.<\/li>\n<li><strong>Formato vers\u00e1til<\/strong>: adequado para uma vasta gama de produtos (sandu\u00edches, paninis, etc.).<\/li>\n<li>Dispon\u00edvel em <strong>embalagens de 2.500 unidades<\/strong>: ideal para uma utiliza\u00e7\u00e3o intensiva.<\/li>\n<li>Este <strong>saco americano<\/strong> \u00e9 compat\u00edvel com a personaliza\u00e7\u00e3o (carimbo, autocolante).<\/li>\n<\/ul>\n<p>&nbsp;<\/p>\n<p><!--more--><\/p>\n<h4>Outras informa\u00e7\u00f5es :<\/h4>\n<ul>\n<li data-start=\"1274\" data-end=\"1542\"><strong>Embalagem<\/strong>: Caixa de 2500<\/li>\n<li data-start=\"1274\" data-end=\"1542\"><strong>Dimens\u00f5es<\/strong>: 34 x 12 cm<\/li>\n<li data-start=\"1274\" data-end=\"1542\"><strong>Material<\/strong>: Papel vegetal<\/li>\n<li data-start=\"1274\" data-end=\"1542\"><strong>Cor<\/strong>: Branco<\/li>\n<\/ul>\n<p>&nbsp;<\/p>\n<p><!--more--><\/p>\n<p><a href=\"https:\/\/www.csj-emballages.com\/pt-pt\/categorie-produit\/embalagem-de-alimentos\/restauracao\/sacos-e-papel\/sacos-para-sanduiches-pt-pt\/\">Ver o resto da nossa gama de sacos para sandu\u00edches<\/a><\/p>\n","protected":false},"excerpt":{"rendered":"<p>Saco americano Descri\u00e7\u00e3o do nosso saco americano com 2 lados de abertura em papel branco 34 x 12 cm por 2500<\/p>\n","protected":false},"featured_media":238581,"template":"","meta":{"_acf_changed":false},"product_brand":[],"product_cat":[1141,1138,3928,3477],"product_tag":[],"class_list":{"0":"post-235355","1":"product","2":"type-product","3":"status-publish","4":"has-post-thumbnail","6":"product_cat-embalagem-de-alimentos","7":"product_cat-restauracao","8":"product_cat-sacos-e-papel","9":"product_cat-sacos-para-sanduiches-pt-pt","11":"first","12":"instock","13":"taxable","14":"shipping-taxable","15":"purchasable","16":"product-type-simple"},"acf":[],"yoast_head":"<!-- This site is optimized with the Yoast SEO Premium plugin v26.6 (Yoast SEO v26.6) - https:\/\/yoast.com\/wordpress\/plugins\/seo\/ -->\n<title>Saco americano com abertura em 2 faces Papel branco 34 x 12 cm<\/title>\n<meta name=\"description\" content=\"Saco de papel branco americano, abertura em 2 lados, 34 x 12 cm, embalagem de 2500 unidades - ideal para snack-bares, catering e padarias. Pr\u00e1tico, econ\u00f3mico e personaliz\u00e1vel.\" \/>\n<meta name=\"robots\" content=\"index, follow, max-snippet:-1, max-image-preview:large, max-video-preview:-1\" \/>\n<link rel=\"canonical\" href=\"https:\/\/www.csj-emballages.com\/pt-pt\/produit\/saco-de-papel-branco-americano-com-abertura-em-duas-faces-34-x-12-cm-por-1000\/\" \/>\n<meta property=\"og:locale\" content=\"pt_PT\" \/>\n<meta property=\"og:type\" content=\"article\" \/>\n<meta property=\"og:title\" content=\"Saco de papel branco americano com abertura em 2 lados, 34 x 12 cm, 2500 unidades\" \/>\n<meta property=\"og:description\" content=\"Saco de papel branco americano, abertura em 2 lados, 34 x 12 cm, embalagem de 2500 unidades - ideal para snack-bares, catering e padarias. Pr\u00e1tico, econ\u00f3mico e personaliz\u00e1vel.\" \/>\n<meta property=\"og:url\" content=\"https:\/\/www.csj-emballages.com\/pt-pt\/produit\/saco-de-papel-branco-americano-com-abertura-em-duas-faces-34-x-12-cm-por-1000\/\" \/>\n<meta property=\"og:site_name\" content=\"CSJ Emballages\" \/>\n<meta property=\"article:publisher\" content=\"https:\/\/www.facebook.com\/csjemballages\" \/>\n<meta property=\"article:modified_time\" content=\"2026-04-03T00:19:45+00:00\" \/>\n<meta property=\"og:image\" content=\"https:\/\/www.csj-emballages.com\/wp-content\/uploads\/2025\/04\/SA3412.jpeg\" \/>\n\t<meta property=\"og:image:width\" content=\"800\" \/>\n\t<meta property=\"og:image:height\" content=\"800\" \/>\n\t<meta property=\"og:image:type\" content=\"image\/jpeg\" \/>\n<meta name=\"twitter:card\" content=\"summary_large_image\" \/>\n<meta name=\"twitter:label1\" content=\"Tempo estimado de leitura\" \/>\n\t<meta name=\"twitter:data1\" content=\"2 minutos\" \/>\n<script type=\"application\/ld+json\" class=\"yoast-schema-graph\">{\"@context\":\"https:\/\/schema.org\",\"@graph\":[{\"@type\":\"WebPage\",\"@id\":\"https:\/\/www.csj-emballages.com\/pt-pt\/produit\/saco-de-papel-branco-americano-com-abertura-em-duas-faces-34-x-12-cm-por-1000\/\",\"url\":\"https:\/\/www.csj-emballages.com\/pt-pt\/produit\/saco-de-papel-branco-americano-com-abertura-em-duas-faces-34-x-12-cm-por-1000\/\",\"name\":\"Saco americano com abertura em 2 faces Papel branco 34 x 12 cm\",\"isPartOf\":{\"@id\":\"https:\/\/www.csj-emballages.com\/pt-pt\/#website\"},\"primaryImageOfPage\":{\"@id\":\"https:\/\/www.csj-emballages.com\/pt-pt\/produit\/saco-de-papel-branco-americano-com-abertura-em-duas-faces-34-x-12-cm-por-1000\/#primaryimage\"},\"image\":{\"@id\":\"https:\/\/www.csj-emballages.com\/pt-pt\/produit\/saco-de-papel-branco-americano-com-abertura-em-duas-faces-34-x-12-cm-por-1000\/#primaryimage\"},\"thumbnailUrl\":\"https:\/\/www.csj-emballages.com\/wp-content\/uploads\/2025\/04\/SA3412.jpeg\",\"datePublished\":\"2025-04-30T07:44:23+00:00\",\"dateModified\":\"2026-04-03T00:19:45+00:00\",\"description\":\"Saco de papel branco americano, abertura em 2 lados, 34 x 12 cm, embalagem de 2500 unidades - ideal para snack-bares, catering e padarias. Pr\u00e1tico, econ\u00f3mico e personaliz\u00e1vel.\",\"breadcrumb\":{\"@id\":\"https:\/\/www.csj-emballages.com\/pt-pt\/produit\/saco-de-papel-branco-americano-com-abertura-em-duas-faces-34-x-12-cm-por-1000\/#breadcrumb\"},\"inLanguage\":\"pt-PT\",\"potentialAction\":[{\"@type\":\"ReadAction\",\"target\":[\"https:\/\/www.csj-emballages.com\/pt-pt\/produit\/saco-de-papel-branco-americano-com-abertura-em-duas-faces-34-x-12-cm-por-1000\/\"]}]},{\"@type\":\"ImageObject\",\"inLanguage\":\"pt-PT\",\"@id\":\"https:\/\/www.csj-emballages.com\/pt-pt\/produit\/saco-de-papel-branco-americano-com-abertura-em-duas-faces-34-x-12-cm-por-1000\/#primaryimage\",\"url\":\"https:\/\/www.csj-emballages.com\/wp-content\/uploads\/2025\/04\/SA3412.jpeg\",\"contentUrl\":\"https:\/\/www.csj-emballages.com\/wp-content\/uploads\/2025\/04\/SA3412.jpeg\",\"width\":800,\"height\":800,\"caption\":\"Sachet am\u00e9ricain\"},{\"@type\":\"BreadcrumbList\",\"@id\":\"https:\/\/www.csj-emballages.com\/pt-pt\/produit\/saco-de-papel-branco-americano-com-abertura-em-duas-faces-34-x-12-cm-por-1000\/#breadcrumb\",\"itemListElement\":[{\"@type\":\"ListItem\",\"position\":1,\"name\":\"Acolhimento\",\"item\":\"https:\/\/www.csj-emballages.com\/pt-pt\/universo-das-embalagens-alimentares\/\"},{\"@type\":\"ListItem\",\"position\":2,\"name\":\"Shop\",\"item\":\"https:\/\/www.csj-emballages.com\/shop\/\"},{\"@type\":\"ListItem\",\"position\":3,\"name\":\"Saco de papel branco americano com abertura em 2 lados, 34 x 12 cm, 2500 unidades\"}]},{\"@type\":\"WebSite\",\"@id\":\"https:\/\/www.csj-emballages.com\/pt-pt\/#website\",\"url\":\"https:\/\/www.csj-emballages.com\/pt-pt\/\",\"name\":\"CSJ Emballages\",\"description\":\"\",\"publisher\":{\"@id\":\"https:\/\/www.csj-emballages.com\/pt-pt\/#organization\"},\"potentialAction\":[{\"@type\":\"SearchAction\",\"target\":{\"@type\":\"EntryPoint\",\"urlTemplate\":\"https:\/\/www.csj-emballages.com\/pt-pt\/?s={search_term_string}\"},\"query-input\":{\"@type\":\"PropertyValueSpecification\",\"valueRequired\":true,\"valueName\":\"search_term_string\"}}],\"inLanguage\":\"pt-PT\"},{\"@type\":\"Organization\",\"@id\":\"https:\/\/www.csj-emballages.com\/pt-pt\/#Organization\/\",\"name\":\"CSJ Emballages\",\"url\":\"https:\/\/www.csj-emballages.com\/pt-pt\/\",\"logo\":{\"@type\":\"ImageObject\",\"inLanguage\":\"pt-PT\",\"@id\":\"https:\/\/www.csj-emballages.com\/pt-pt\/#\/schema\/logo\/image\/\",\"url\":\"https:\/\/www.csj-emballages.com\/wp-content\/uploads\/2023\/10\/logo_csj.webp\",\"contentUrl\":\"https:\/\/www.csj-emballages.com\/wp-content\/uploads\/2023\/10\/logo_csj.webp\",\"width\":250,\"height\":95,\"caption\":\"CSJ Emballages\"},\"image\":{\"@id\":\"https:\/\/www.csj-emballages.com\/pt-pt\/#\/schema\/logo\/image\/\"},\"sameAs\":[\"https:\/\/www.facebook.com\/csjemballages\"],\"address\":{\"@type\":\"PostalAddress\",\"streetAddress\":\"ZI La Lechere\",\"addressLocality\":\"Patornay\",\"postalCode\":\"39130\",\"addressCountry\":\"FR\"},\"contactPoint\":[{\"@type\":\"ContactPoint\",\"contactType\":\"Service client\",\"telephone\":\"0384254272\",\"email\":\"contact@csj-emballages.com\"}]}]}<\/script>\n<!-- \/ Yoast SEO Premium plugin. -->","yoast_head_json":{"title":"Saco americano com abertura em 2 faces Papel branco 34 x 12 cm","description":"Saco de papel branco americano, abertura em 2 lados, 34 x 12 cm, embalagem de 2500 unidades - ideal para snack-bares, catering e padarias. Pr\u00e1tico, econ\u00f3mico e personaliz\u00e1vel.","robots":{"index":"index","follow":"follow","max-snippet":"max-snippet:-1","max-image-preview":"max-image-preview:large","max-video-preview":"max-video-preview:-1"},"canonical":"https:\/\/www.csj-emballages.com\/pt-pt\/produit\/saco-de-papel-branco-americano-com-abertura-em-duas-faces-34-x-12-cm-por-1000\/","og_locale":"pt_PT","og_type":"article","og_title":"Saco de papel branco americano com abertura em 2 lados, 34 x 12 cm, 2500 unidades","og_description":"Saco de papel branco americano, abertura em 2 lados, 34 x 12 cm, embalagem de 2500 unidades - ideal para snack-bares, catering e padarias. Pr\u00e1tico, econ\u00f3mico e personaliz\u00e1vel.","og_url":"https:\/\/www.csj-emballages.com\/pt-pt\/produit\/saco-de-papel-branco-americano-com-abertura-em-duas-faces-34-x-12-cm-por-1000\/","og_site_name":"CSJ Emballages","article_publisher":"https:\/\/www.facebook.com\/csjemballages","article_modified_time":"2026-04-03T00:19:45+00:00","og_image":[{"width":800,"height":800,"url":"https:\/\/www.csj-emballages.com\/wp-content\/uploads\/2025\/04\/SA3412.jpeg","type":"image\/jpeg"}],"twitter_card":"summary_large_image","twitter_misc":{"Tempo estimado de leitura":"2 minutos"},"schema":{"@context":"https:\/\/schema.org","@graph":[{"@type":"WebPage","@id":"https:\/\/www.csj-emballages.com\/pt-pt\/produit\/saco-de-papel-branco-americano-com-abertura-em-duas-faces-34-x-12-cm-por-1000\/","url":"https:\/\/www.csj-emballages.com\/pt-pt\/produit\/saco-de-papel-branco-americano-com-abertura-em-duas-faces-34-x-12-cm-por-1000\/","name":"Saco americano com abertura em 2 faces Papel branco 34 x 12 cm","isPartOf":{"@id":"https:\/\/www.csj-emballages.com\/pt-pt\/#website"},"primaryImageOfPage":{"@id":"https:\/\/www.csj-emballages.com\/pt-pt\/produit\/saco-de-papel-branco-americano-com-abertura-em-duas-faces-34-x-12-cm-por-1000\/#primaryimage"},"image":{"@id":"https:\/\/www.csj-emballages.com\/pt-pt\/produit\/saco-de-papel-branco-americano-com-abertura-em-duas-faces-34-x-12-cm-por-1000\/#primaryimage"},"thumbnailUrl":"https:\/\/www.csj-emballages.com\/wp-content\/uploads\/2025\/04\/SA3412.jpeg","datePublished":"2025-04-30T07:44:23+00:00","dateModified":"2026-04-03T00:19:45+00:00","description":"Saco de papel branco americano, abertura em 2 lados, 34 x 12 cm, embalagem de 2500 unidades - ideal para snack-bares, catering e padarias. Pr\u00e1tico, econ\u00f3mico e personaliz\u00e1vel.","breadcrumb":{"@id":"https:\/\/www.csj-emballages.com\/pt-pt\/produit\/saco-de-papel-branco-americano-com-abertura-em-duas-faces-34-x-12-cm-por-1000\/#breadcrumb"},"inLanguage":"pt-PT","potentialAction":[{"@type":"ReadAction","target":["https:\/\/www.csj-emballages.com\/pt-pt\/produit\/saco-de-papel-branco-americano-com-abertura-em-duas-faces-34-x-12-cm-por-1000\/"]}]},{"@type":"ImageObject","inLanguage":"pt-PT","@id":"https:\/\/www.csj-emballages.com\/pt-pt\/produit\/saco-de-papel-branco-americano-com-abertura-em-duas-faces-34-x-12-cm-por-1000\/#primaryimage","url":"https:\/\/www.csj-emballages.com\/wp-content\/uploads\/2025\/04\/SA3412.jpeg","contentUrl":"https:\/\/www.csj-emballages.com\/wp-content\/uploads\/2025\/04\/SA3412.jpeg","width":800,"height":800,"caption":"Sachet am\u00e9ricain"},{"@type":"BreadcrumbList","@id":"https:\/\/www.csj-emballages.com\/pt-pt\/produit\/saco-de-papel-branco-americano-com-abertura-em-duas-faces-34-x-12-cm-por-1000\/#breadcrumb","itemListElement":[{"@type":"ListItem","position":1,"name":"Acolhimento","item":"https:\/\/www.csj-emballages.com\/pt-pt\/universo-das-embalagens-alimentares\/"},{"@type":"ListItem","position":2,"name":"Shop","item":"https:\/\/www.csj-emballages.com\/shop\/"},{"@type":"ListItem","position":3,"name":"Saco de papel branco americano com abertura em 2 lados, 34 x 12 cm, 2500 unidades"}]},{"@type":"WebSite","@id":"https:\/\/www.csj-emballages.com\/pt-pt\/#website","url":"https:\/\/www.csj-emballages.com\/pt-pt\/","name":"CSJ Emballages","description":"","publisher":{"@id":"https:\/\/www.csj-emballages.com\/pt-pt\/#organization"},"potentialAction":[{"@type":"SearchAction","target":{"@type":"EntryPoint","urlTemplate":"https:\/\/www.csj-emballages.com\/pt-pt\/?s={search_term_string}"},"query-input":{"@type":"PropertyValueSpecification","valueRequired":true,"valueName":"search_term_string"}}],"inLanguage":"pt-PT"},{"@type":"Organization","@id":"https:\/\/www.csj-emballages.com\/pt-pt\/#Organization\/","name":"CSJ Emballages","url":"https:\/\/www.csj-emballages.com\/pt-pt\/","logo":{"@type":"ImageObject","inLanguage":"pt-PT","@id":"https:\/\/www.csj-emballages.com\/pt-pt\/#\/schema\/logo\/image\/","url":"https:\/\/www.csj-emballages.com\/wp-content\/uploads\/2023\/10\/logo_csj.webp","contentUrl":"https:\/\/www.csj-emballages.com\/wp-content\/uploads\/2023\/10\/logo_csj.webp","width":250,"height":95,"caption":"CSJ Emballages"},"image":{"@id":"https:\/\/www.csj-emballages.com\/pt-pt\/#\/schema\/logo\/image\/"},"sameAs":["https:\/\/www.facebook.com\/csjemballages"],"address":{"@type":"PostalAddress","streetAddress":"ZI La Lechere","addressLocality":"Patornay","postalCode":"39130","addressCountry":"FR"},"contactPoint":[{"@type":"ContactPoint","contactType":"Service client","telephone":"0384254272","email":"contact@csj-emballages.com"}]}]}},"df_price":75.64,"df_sale_price":"","df_regular_price":75.64,"df_image_link":"https:\/\/www.csj-emballages.com\/wp-content\/uploads\/2025\/04\/SA3412-300x300.jpeg","tiered_pricing_type":"fixed","tiered_pricing_fixed_rules":[],"tiered_pricing_percentage_rules":[],"tiered_pricing_minimum":1,"tiered_pricing_roles_data":[],"_links":{"self":[{"href":"https:\/\/www.csj-emballages.com\/pt-pt\/wp-json\/wp\/v2\/product\/235355","targetHints":{"allow":["GET"]}}],"collection":[{"href":"https:\/\/www.csj-emballages.com\/pt-pt\/wp-json\/wp\/v2\/product"}],"about":[{"href":"https:\/\/www.csj-emballages.com\/pt-pt\/wp-json\/wp\/v2\/types\/product"}],"wp:featuredmedia":[{"embeddable":true,"href":"https:\/\/www.csj-emballages.com\/pt-pt\/wp-json\/wp\/v2\/media\/238581"}],"wp:attachment":[{"href":"https:\/\/www.csj-emballages.com\/pt-pt\/wp-json\/wp\/v2\/media?parent=235355"}],"wp:term":[{"taxonomy":"product_brand","embeddable":true,"href":"https:\/\/www.csj-emballages.com\/pt-pt\/wp-json\/wp\/v2\/product_brand?post=235355"},{"taxonomy":"product_cat","embeddable":true,"href":"https:\/\/www.csj-emballages.com\/pt-pt\/wp-json\/wp\/v2\/product_cat?post=235355"},{"taxonomy":"product_tag","embeddable":true,"href":"https:\/\/www.csj-emballages.com\/pt-pt\/wp-json\/wp\/v2\/product_tag?post=235355"}],"curies":[{"name":"wp","href":"https:\/\/api.w.org\/{rel}","templated":true}]}}