{"id":235339,"date":"2025-04-16T02:18:37","date_gmt":"2025-04-16T00:18:37","guid":{"rendered":"https:\/\/www.csj-emballages.com\/?post_type=product&#038;p=235339"},"modified":"2026-03-27T02:12:57","modified_gmt":"2026-03-27T01:12:57","slug":"1-passadeira-de-mesa-040-x-48-m-pre-cortada-em-30-cm-eco-nature","status":"publish","type":"product","link":"https:\/\/www.csj-emballages.com\/pt-pt\/produit\/1-passadeira-de-mesa-040-x-48-m-pre-cortada-em-30-cm-eco-nature\/","title":{"rendered":"Corredor de mesa 0,40 x 48 m pr\u00e9-cortado em 30 cm eco nature"},"content":{"rendered":"<h2>Tapete de mesa bege<\/h2>\n<hr>\n<h3>Descri\u00e7\u00e3o do nosso corretor de mesa 0,40 x 48 m pr\u00e9-cortado a 30 cm bege<\/h3>\n<p><!--more--><\/p>\n<p data-start=\"87\" data-end=\"416\">D\u00ea eleg\u00e2ncia \u00e0s suas mesas com o <strong data-start=\"139\" data-end=\"195\">tapete de mesa bege 0,40 x 48 m, pr\u00e9-cortado a 30 cm<\/strong>. Concebido para profissionais da restaura\u00e7\u00e3o, mas tamb\u00e9m para clientes particulares exigentes, oferece uma solu\u00e7\u00e3o est\u00e9tica e funcional para todas as suas recep\u00e7\u00f5es, buffets ou refei\u00e7\u00f5es di\u00e1rias. <\/p>\n<p data-start=\"418\" data-end=\"847\">Fabricado em<strong data-start=\"430\" data-end=\"459\">rolos de estrada Air Soft\u00ae<\/strong>, tamb\u00e9m conhecido como <em data-start=\"478\" data-end=\"490\">Tissue-Dry<\/em>, este <strong>tapete de mesa<\/strong> distingue-se pelo seu aspeto e qualidade semelhantes aos do tecido, sendo <strong data-start=\"585\" data-end=\"627\">mais natural, higi\u00e9nico e econ\u00f3mico<\/strong>. Fabricado em <strong data-start=\"640\" data-end=\"665\">celulose<\/strong>, combina flexibilidade, resist\u00eancia e facilidade de utiliza\u00e7\u00e3o. A sua textura suave confere um verdadeiro toque de qualidade \u00e0s suas mesas, sem os constrangimentos de manuten\u00e7\u00e3o associados aos t\u00eaxteis.  <\/p>\n<p data-start=\"849\" data-end=\"1175\">Com uma dimens\u00e3o generosa de <strong data-start=\"873\" data-end=\"893\">0,40 x 48 metros<\/strong>, \u00e9 <strong data-start=\"902\" data-end=\"932\">pr\u00e9-cortado de 30 em 30 cm<\/strong>, o que permite adapt\u00e1-lo facilmente \u00e0s suas necessidades sem desperd\u00edcio. A sua <strong data-start=\"1009\" data-end=\"1026\">cor bege<\/strong> s\u00f3bria e requintada combinar\u00e1 com todas as suas decora\u00e7\u00f5es de mesa, quer se trate de uma refei\u00e7\u00e3o profissional, de uma cerim\u00f3nia ou de um jantar de conv\u00edvio. <\/p>\n<p data-start=\"1177\" data-end=\"1545\">Com <strong>uma gramagem<\/strong> de <strong data-start=\"1194\" data-end=\"1206\">55g\/m\u00b2 por folha<\/strong>, este <strong>tapete de mesa bege<\/strong> caracteriza-se pela sua robustez e pela sua excecional capacidade de absor\u00e7\u00e3o, suportando at\u00e9 <strong data-start=\"1328\" data-end=\"1360\">10 vezes o seu peso em l\u00edquido<\/strong>. Um desempenho que garante conforto e limpeza durante todo o evento. Embalado em <strong data-start=\"1455\" data-end=\"1478\">caixas de 6 rolos<\/strong>, permite uma arruma\u00e7\u00e3o pr\u00e1tica e econ\u00f3mica para todas as utiliza\u00e7\u00f5es.  <\/p>\n<p data-start=\"1547\" data-end=\"1721\">Combinando eleg\u00e2ncia e praticidade, este <strong data-start=\"1581\" data-end=\"1606\">marcador de mesa bege<\/strong> \u00e9 a solu\u00e7\u00e3o ideal para real\u00e7ar as suas mesas com bom gosto, tornando-as f\u00e1ceis de servir e de manter.<\/p>\n<p><!--more--><\/p>\n<h4>Vantagens :<\/h4>\n<ul>\n<li>Qualidade do tecido, mas mais higi\u00e9nico e econ\u00f3mico.<\/li>\n<li><strong>Elevada absor\u00e7\u00e3o<\/strong>: ret\u00e9m at\u00e9 10 vezes o seu peso em l\u00edquido<\/li>\n<li>Pr\u00e9-cortado em 30 cm para uma utiliza\u00e7\u00e3o pr\u00e1tica e sem desperd\u00edcios<\/li>\n<li><strong>Vers\u00e1til<\/strong>: adequado para refei\u00e7\u00f5es de neg\u00f3cios, casamentos, buffets ou uso dom\u00e9stico<\/li>\n<li>Cor <strong data-start=\"139\" data-end=\"195\">bege<\/strong> elegante para combinar com todas as decora\u00e7\u00f5es de mesa<\/li>\n<\/ul>\n<p>&nbsp;<\/p>\n<p><!--more--><\/p>\n<h4>Outras informa\u00e7\u00f5es :<\/h4>\n<ul>\n<li><strong>Embalagem<\/strong>: Por unidade<\/li>\n<li><strong>Dimens\u00f5es<\/strong>: 0,40 x 48 m<\/li>\n<li>Pr\u00e9-corte de 30 em 30 cm<\/li>\n<li><strong>Gramagem<\/strong>: 55 g\/m\u00b2.<\/li>\n<li><strong>Cor<\/strong>: Bege<\/li>\n<li><strong>Material<\/strong>: Celulose<\/li>\n<\/ul>\n<p>&nbsp;<\/p>\n<p><!--more--><\/p>\n<p>Este marcador de mesa est\u00e1 dispon\u00edvel em v\u00e1rias cores: <span style=\"color: #d12727;\"><a style=\"color: #d12727;\" href=\"https:\/\/www.csj-emballages.com\/pt-pt\/produit\/1-passadeira-de-mesa-040-x-48-m-pre-cortada-em-madeira-de-30-cm\/\">madeira<\/a><\/span> \/ <span style=\"color: #d12727;\"><a style=\"color: #d12727;\" href=\"https:\/\/www.csj-emballages.com\/pt-pt\/produit\/1-passadeira-de-mesa-040-x-48-m-pre-cortada-a-30-cm-em-branco\/\">Branco<\/a><\/span><\/p>\n<p>&nbsp;<\/p>\n<p><!--more--><\/p>\n<p><a href=\"https:\/\/www.csj-emballages.com\/pt-pt\/categorie-produit\/embalagem-de-alimentos\/restauracao\/guardanapos-jogos-americanos-toalhas-de-mesa\/pano-de-mesa\/\">Ver o resto da nossa gama de caminhos de mesa<\/a><\/p>\n","protected":false},"excerpt":{"rendered":"<p>Tapete de mesa bege Descri\u00e7\u00e3o do nosso corretor de mesa 0,40 x 48 m pr\u00e9-cortado a 30 cm bege<\/p>\n","protected":false},"featured_media":241099,"template":"","meta":{"_acf_changed":false},"product_brand":[],"product_cat":[1141,1138,1139,1140],"product_tag":[],"class_list":{"0":"post-235339","1":"product","2":"type-product","3":"status-publish","4":"has-post-thumbnail","6":"product_cat-embalagem-de-alimentos","7":"product_cat-restauracao","8":"product_cat-guardanapos-jogos-americanos-toalhas-de-mesa","9":"product_cat-pano-de-mesa","11":"first","12":"instock","13":"taxable","14":"shipping-taxable","15":"purchasable","16":"product-type-simple"},"acf":[],"yoast_head":"<!-- This site is optimized with the Yoast SEO Premium plugin v26.6 (Yoast SEO v26.6) - https:\/\/yoast.com\/wordpress\/plugins\/seo\/ -->\n<title>Corredor de mesa 0,40 x 48 m Pr\u00e9-cortado a 30 cm Bege<\/title>\n<meta name=\"description\" content=\"Elegante e pr\u00e1tico, o tapete de mesa pr\u00e9-cortado bege 0,40 x 48 m oferece uma qualidade de tecido, uma grande capacidade de absor\u00e7\u00e3o e higiene para todas as suas recep\u00e7\u00f5es.\" \/>\n<meta name=\"robots\" content=\"index, follow, max-snippet:-1, max-image-preview:large, max-video-preview:-1\" \/>\n<link rel=\"canonical\" href=\"https:\/\/www.csj-emballages.com\/pt-pt\/produit\/1-passadeira-de-mesa-040-x-48-m-pre-cortada-em-30-cm-eco-nature\/\" \/>\n<meta property=\"og:locale\" content=\"pt_PT\" \/>\n<meta property=\"og:type\" content=\"article\" \/>\n<meta property=\"og:title\" content=\"Corredor de mesa 0,40 x 48 m pr\u00e9-cortado em 30 cm eco nature\" \/>\n<meta property=\"og:description\" content=\"Elegante e pr\u00e1tico, o tapete de mesa pr\u00e9-cortado bege 0,40 x 48 m oferece uma qualidade de tecido, uma grande capacidade de absor\u00e7\u00e3o e higiene para todas as suas recep\u00e7\u00f5es.\" \/>\n<meta property=\"og:url\" content=\"https:\/\/www.csj-emballages.com\/pt-pt\/produit\/1-passadeira-de-mesa-040-x-48-m-pre-cortada-em-30-cm-eco-nature\/\" \/>\n<meta property=\"og:site_name\" content=\"CSJ Emballages\" \/>\n<meta property=\"article:publisher\" content=\"https:\/\/www.facebook.com\/csjemballages\" \/>\n<meta property=\"article:modified_time\" content=\"2026-03-27T01:12:57+00:00\" \/>\n<meta property=\"og:image\" content=\"https:\/\/www.csj-emballages.com\/wp-content\/uploads\/2025\/04\/CHE4048ECO.jpeg\" \/>\n\t<meta property=\"og:image:width\" content=\"900\" \/>\n\t<meta property=\"og:image:height\" content=\"900\" \/>\n\t<meta property=\"og:image:type\" content=\"image\/jpeg\" \/>\n<meta name=\"twitter:card\" content=\"summary_large_image\" \/>\n<meta name=\"twitter:label1\" content=\"Tempo estimado de leitura\" \/>\n\t<meta name=\"twitter:data1\" content=\"2 minutos\" \/>\n<script type=\"application\/ld+json\" class=\"yoast-schema-graph\">{\"@context\":\"https:\/\/schema.org\",\"@graph\":[{\"@type\":\"WebPage\",\"@id\":\"https:\/\/www.csj-emballages.com\/pt-pt\/produit\/1-passadeira-de-mesa-040-x-48-m-pre-cortada-em-30-cm-eco-nature\/\",\"url\":\"https:\/\/www.csj-emballages.com\/pt-pt\/produit\/1-passadeira-de-mesa-040-x-48-m-pre-cortada-em-30-cm-eco-nature\/\",\"name\":\"Corredor de mesa 0,40 x 48 m Pr\u00e9-cortado a 30 cm Bege\",\"isPartOf\":{\"@id\":\"https:\/\/www.csj-emballages.com\/pt-pt\/#website\"},\"primaryImageOfPage\":{\"@id\":\"https:\/\/www.csj-emballages.com\/pt-pt\/produit\/1-passadeira-de-mesa-040-x-48-m-pre-cortada-em-30-cm-eco-nature\/#primaryimage\"},\"image\":{\"@id\":\"https:\/\/www.csj-emballages.com\/pt-pt\/produit\/1-passadeira-de-mesa-040-x-48-m-pre-cortada-em-30-cm-eco-nature\/#primaryimage\"},\"thumbnailUrl\":\"https:\/\/www.csj-emballages.com\/wp-content\/uploads\/2025\/04\/CHE4048ECO.jpeg\",\"datePublished\":\"2025-04-16T00:18:37+00:00\",\"dateModified\":\"2026-03-27T01:12:57+00:00\",\"description\":\"Elegante e pr\u00e1tico, o tapete de mesa pr\u00e9-cortado bege 0,40 x 48 m oferece uma qualidade de tecido, uma grande capacidade de absor\u00e7\u00e3o e higiene para todas as suas recep\u00e7\u00f5es.\",\"breadcrumb\":{\"@id\":\"https:\/\/www.csj-emballages.com\/pt-pt\/produit\/1-passadeira-de-mesa-040-x-48-m-pre-cortada-em-30-cm-eco-nature\/#breadcrumb\"},\"inLanguage\":\"pt-PT\",\"potentialAction\":[{\"@type\":\"ReadAction\",\"target\":[\"https:\/\/www.csj-emballages.com\/pt-pt\/produit\/1-passadeira-de-mesa-040-x-48-m-pre-cortada-em-30-cm-eco-nature\/\"]}]},{\"@type\":\"ImageObject\",\"inLanguage\":\"pt-PT\",\"@id\":\"https:\/\/www.csj-emballages.com\/pt-pt\/produit\/1-passadeira-de-mesa-040-x-48-m-pre-cortada-em-30-cm-eco-nature\/#primaryimage\",\"url\":\"https:\/\/www.csj-emballages.com\/wp-content\/uploads\/2025\/04\/CHE4048ECO.jpeg\",\"contentUrl\":\"https:\/\/www.csj-emballages.com\/wp-content\/uploads\/2025\/04\/CHE4048ECO.jpeg\",\"width\":900,\"height\":900,\"caption\":\"Chemin de table\"},{\"@type\":\"BreadcrumbList\",\"@id\":\"https:\/\/www.csj-emballages.com\/pt-pt\/produit\/1-passadeira-de-mesa-040-x-48-m-pre-cortada-em-30-cm-eco-nature\/#breadcrumb\",\"itemListElement\":[{\"@type\":\"ListItem\",\"position\":1,\"name\":\"Acolhimento\",\"item\":\"https:\/\/www.csj-emballages.com\/pt-pt\/universo-das-embalagens-alimentares\/\"},{\"@type\":\"ListItem\",\"position\":2,\"name\":\"Shop\",\"item\":\"https:\/\/www.csj-emballages.com\/shop\/\"},{\"@type\":\"ListItem\",\"position\":3,\"name\":\"Corredor de mesa 0,40 x 48 m pr\u00e9-cortado em 30 cm eco nature\"}]},{\"@type\":\"WebSite\",\"@id\":\"https:\/\/www.csj-emballages.com\/pt-pt\/#website\",\"url\":\"https:\/\/www.csj-emballages.com\/pt-pt\/\",\"name\":\"CSJ Emballages\",\"description\":\"\",\"publisher\":{\"@id\":\"https:\/\/www.csj-emballages.com\/pt-pt\/#organization\"},\"potentialAction\":[{\"@type\":\"SearchAction\",\"target\":{\"@type\":\"EntryPoint\",\"urlTemplate\":\"https:\/\/www.csj-emballages.com\/pt-pt\/?s={search_term_string}\"},\"query-input\":{\"@type\":\"PropertyValueSpecification\",\"valueRequired\":true,\"valueName\":\"search_term_string\"}}],\"inLanguage\":\"pt-PT\"},{\"@type\":\"Organization\",\"@id\":\"https:\/\/www.csj-emballages.com\/pt-pt\/#Organization\/\",\"name\":\"CSJ Emballages\",\"url\":\"https:\/\/www.csj-emballages.com\/pt-pt\/\",\"logo\":{\"@type\":\"ImageObject\",\"inLanguage\":\"pt-PT\",\"@id\":\"https:\/\/www.csj-emballages.com\/pt-pt\/#\/schema\/logo\/image\/\",\"url\":\"https:\/\/www.csj-emballages.com\/wp-content\/uploads\/2023\/10\/logo_csj.webp\",\"contentUrl\":\"https:\/\/www.csj-emballages.com\/wp-content\/uploads\/2023\/10\/logo_csj.webp\",\"width\":250,\"height\":95,\"caption\":\"CSJ Emballages\"},\"image\":{\"@id\":\"https:\/\/www.csj-emballages.com\/pt-pt\/#\/schema\/logo\/image\/\"},\"sameAs\":[\"https:\/\/www.facebook.com\/csjemballages\"],\"address\":{\"@type\":\"PostalAddress\",\"streetAddress\":\"ZI La Lechere\",\"addressLocality\":\"Patornay\",\"postalCode\":\"39130\",\"addressCountry\":\"FR\"},\"contactPoint\":[{\"@type\":\"ContactPoint\",\"contactType\":\"Service client\",\"telephone\":\"0384254272\",\"email\":\"contact@csj-emballages.com\"}]}]}<\/script>\n<!-- \/ Yoast SEO Premium plugin. -->","yoast_head_json":{"title":"Corredor de mesa 0,40 x 48 m Pr\u00e9-cortado a 30 cm Bege","description":"Elegante e pr\u00e1tico, o tapete de mesa pr\u00e9-cortado bege 0,40 x 48 m oferece uma qualidade de tecido, uma grande capacidade de absor\u00e7\u00e3o e higiene para todas as suas recep\u00e7\u00f5es.","robots":{"index":"index","follow":"follow","max-snippet":"max-snippet:-1","max-image-preview":"max-image-preview:large","max-video-preview":"max-video-preview:-1"},"canonical":"https:\/\/www.csj-emballages.com\/pt-pt\/produit\/1-passadeira-de-mesa-040-x-48-m-pre-cortada-em-30-cm-eco-nature\/","og_locale":"pt_PT","og_type":"article","og_title":"Corredor de mesa 0,40 x 48 m pr\u00e9-cortado em 30 cm eco nature","og_description":"Elegante e pr\u00e1tico, o tapete de mesa pr\u00e9-cortado bege 0,40 x 48 m oferece uma qualidade de tecido, uma grande capacidade de absor\u00e7\u00e3o e higiene para todas as suas recep\u00e7\u00f5es.","og_url":"https:\/\/www.csj-emballages.com\/pt-pt\/produit\/1-passadeira-de-mesa-040-x-48-m-pre-cortada-em-30-cm-eco-nature\/","og_site_name":"CSJ Emballages","article_publisher":"https:\/\/www.facebook.com\/csjemballages","article_modified_time":"2026-03-27T01:12:57+00:00","og_image":[{"width":900,"height":900,"url":"https:\/\/www.csj-emballages.com\/wp-content\/uploads\/2025\/04\/CHE4048ECO.jpeg","type":"image\/jpeg"}],"twitter_card":"summary_large_image","twitter_misc":{"Tempo estimado de leitura":"2 minutos"},"schema":{"@context":"https:\/\/schema.org","@graph":[{"@type":"WebPage","@id":"https:\/\/www.csj-emballages.com\/pt-pt\/produit\/1-passadeira-de-mesa-040-x-48-m-pre-cortada-em-30-cm-eco-nature\/","url":"https:\/\/www.csj-emballages.com\/pt-pt\/produit\/1-passadeira-de-mesa-040-x-48-m-pre-cortada-em-30-cm-eco-nature\/","name":"Corredor de mesa 0,40 x 48 m Pr\u00e9-cortado a 30 cm Bege","isPartOf":{"@id":"https:\/\/www.csj-emballages.com\/pt-pt\/#website"},"primaryImageOfPage":{"@id":"https:\/\/www.csj-emballages.com\/pt-pt\/produit\/1-passadeira-de-mesa-040-x-48-m-pre-cortada-em-30-cm-eco-nature\/#primaryimage"},"image":{"@id":"https:\/\/www.csj-emballages.com\/pt-pt\/produit\/1-passadeira-de-mesa-040-x-48-m-pre-cortada-em-30-cm-eco-nature\/#primaryimage"},"thumbnailUrl":"https:\/\/www.csj-emballages.com\/wp-content\/uploads\/2025\/04\/CHE4048ECO.jpeg","datePublished":"2025-04-16T00:18:37+00:00","dateModified":"2026-03-27T01:12:57+00:00","description":"Elegante e pr\u00e1tico, o tapete de mesa pr\u00e9-cortado bege 0,40 x 48 m oferece uma qualidade de tecido, uma grande capacidade de absor\u00e7\u00e3o e higiene para todas as suas recep\u00e7\u00f5es.","breadcrumb":{"@id":"https:\/\/www.csj-emballages.com\/pt-pt\/produit\/1-passadeira-de-mesa-040-x-48-m-pre-cortada-em-30-cm-eco-nature\/#breadcrumb"},"inLanguage":"pt-PT","potentialAction":[{"@type":"ReadAction","target":["https:\/\/www.csj-emballages.com\/pt-pt\/produit\/1-passadeira-de-mesa-040-x-48-m-pre-cortada-em-30-cm-eco-nature\/"]}]},{"@type":"ImageObject","inLanguage":"pt-PT","@id":"https:\/\/www.csj-emballages.com\/pt-pt\/produit\/1-passadeira-de-mesa-040-x-48-m-pre-cortada-em-30-cm-eco-nature\/#primaryimage","url":"https:\/\/www.csj-emballages.com\/wp-content\/uploads\/2025\/04\/CHE4048ECO.jpeg","contentUrl":"https:\/\/www.csj-emballages.com\/wp-content\/uploads\/2025\/04\/CHE4048ECO.jpeg","width":900,"height":900,"caption":"Chemin de table"},{"@type":"BreadcrumbList","@id":"https:\/\/www.csj-emballages.com\/pt-pt\/produit\/1-passadeira-de-mesa-040-x-48-m-pre-cortada-em-30-cm-eco-nature\/#breadcrumb","itemListElement":[{"@type":"ListItem","position":1,"name":"Acolhimento","item":"https:\/\/www.csj-emballages.com\/pt-pt\/universo-das-embalagens-alimentares\/"},{"@type":"ListItem","position":2,"name":"Shop","item":"https:\/\/www.csj-emballages.com\/shop\/"},{"@type":"ListItem","position":3,"name":"Corredor de mesa 0,40 x 48 m pr\u00e9-cortado em 30 cm eco nature"}]},{"@type":"WebSite","@id":"https:\/\/www.csj-emballages.com\/pt-pt\/#website","url":"https:\/\/www.csj-emballages.com\/pt-pt\/","name":"CSJ Emballages","description":"","publisher":{"@id":"https:\/\/www.csj-emballages.com\/pt-pt\/#organization"},"potentialAction":[{"@type":"SearchAction","target":{"@type":"EntryPoint","urlTemplate":"https:\/\/www.csj-emballages.com\/pt-pt\/?s={search_term_string}"},"query-input":{"@type":"PropertyValueSpecification","valueRequired":true,"valueName":"search_term_string"}}],"inLanguage":"pt-PT"},{"@type":"Organization","@id":"https:\/\/www.csj-emballages.com\/pt-pt\/#Organization\/","name":"CSJ Emballages","url":"https:\/\/www.csj-emballages.com\/pt-pt\/","logo":{"@type":"ImageObject","inLanguage":"pt-PT","@id":"https:\/\/www.csj-emballages.com\/pt-pt\/#\/schema\/logo\/image\/","url":"https:\/\/www.csj-emballages.com\/wp-content\/uploads\/2023\/10\/logo_csj.webp","contentUrl":"https:\/\/www.csj-emballages.com\/wp-content\/uploads\/2023\/10\/logo_csj.webp","width":250,"height":95,"caption":"CSJ Emballages"},"image":{"@id":"https:\/\/www.csj-emballages.com\/pt-pt\/#\/schema\/logo\/image\/"},"sameAs":["https:\/\/www.facebook.com\/csjemballages"],"address":{"@type":"PostalAddress","streetAddress":"ZI La Lechere","addressLocality":"Patornay","postalCode":"39130","addressCountry":"FR"},"contactPoint":[{"@type":"ContactPoint","contactType":"Service client","telephone":"0384254272","email":"contact@csj-emballages.com"}]}]}},"df_price":23.6,"df_sale_price":"","df_regular_price":23.6,"df_image_link":"https:\/\/www.csj-emballages.com\/wp-content\/uploads\/2025\/04\/CHE4048ECO-300x300.jpeg","tiered_pricing_type":"fixed","tiered_pricing_fixed_rules":[],"tiered_pricing_percentage_rules":[],"tiered_pricing_minimum":1,"tiered_pricing_roles_data":[],"_links":{"self":[{"href":"https:\/\/www.csj-emballages.com\/pt-pt\/wp-json\/wp\/v2\/product\/235339","targetHints":{"allow":["GET"]}}],"collection":[{"href":"https:\/\/www.csj-emballages.com\/pt-pt\/wp-json\/wp\/v2\/product"}],"about":[{"href":"https:\/\/www.csj-emballages.com\/pt-pt\/wp-json\/wp\/v2\/types\/product"}],"wp:featuredmedia":[{"embeddable":true,"href":"https:\/\/www.csj-emballages.com\/pt-pt\/wp-json\/wp\/v2\/media\/241099"}],"wp:attachment":[{"href":"https:\/\/www.csj-emballages.com\/pt-pt\/wp-json\/wp\/v2\/media?parent=235339"}],"wp:term":[{"taxonomy":"product_brand","embeddable":true,"href":"https:\/\/www.csj-emballages.com\/pt-pt\/wp-json\/wp\/v2\/product_brand?post=235339"},{"taxonomy":"product_cat","embeddable":true,"href":"https:\/\/www.csj-emballages.com\/pt-pt\/wp-json\/wp\/v2\/product_cat?post=235339"},{"taxonomy":"product_tag","embeddable":true,"href":"https:\/\/www.csj-emballages.com\/pt-pt\/wp-json\/wp\/v2\/product_tag?post=235339"}],"curies":[{"name":"wp","href":"https:\/\/api.w.org\/{rel}","templated":true}]}}