{"id":23518,"date":"2024-03-01T16:49:16","date_gmt":"2024-03-01T15:49:16","guid":{"rendered":"https:\/\/u15jnbdpoq.preview.infomaniak.website\/produit\/1000-individuais-de-papel-vermelho-30-x-40-cm\/"},"modified":"2026-03-12T16:40:44","modified_gmt":"2026-03-12T15:40:44","slug":"1000-individuais-de-papel-vermelho-30-x-40-cm","status":"publish","type":"product","link":"https:\/\/www.csj-emballages.com\/pt-pt\/produit\/1000-individuais-de-papel-vermelho-30-x-40-cm\/","title":{"rendered":"Individuais de papel vermelho 30 x 40 cm por 1000"},"content":{"rendered":"<h2 class=\"p1\">Colocar tapete<\/h2>\n<hr>\n<h3>Descri\u00e7\u00e3o do nosso marcador de lugar vermelho 30 x 40 cm por 1000<\/h3>\n<p><!--more--><\/p>\n<p class=\"\" data-start=\"80\" data-end=\"431\">D\u00ea um toque de eleg\u00e2ncia e profissionalismo \u00e0 sua mesa com este <strong data-start=\"157\" data-end=\"189\">individual vermelho de 30 x 40 cm<\/strong>. Concebido para satisfazer as necessidades de restaurantes, catering, caf\u00e9s e eventos, este <strong>individual de papel<\/strong> combina design requintado e car\u00e1cter pr\u00e1tico. O seu tamanho ideal proporciona uma prote\u00e7\u00e3o eficaz para as suas mesas, ao mesmo tempo que real\u00e7a a sua decora\u00e7\u00e3o. A sua cor <strong>vermelha<\/strong> real\u00e7a os seus utens\u00edlios de mesa e adapta-se a todos os estilos de apresenta\u00e7\u00e3o, desde o mais cl\u00e1ssico ao mais moderno. Fabricado em <strong data-start=\"596\" data-end=\"616\">papel resistente<\/strong>, oferece uma \u00f3ptima absor\u00e7\u00e3o e uma boa fixa\u00e7\u00e3o durante toda a refei\u00e7\u00e3o.    <\/p>\n<p class=\"\" data-start=\"696\" data-end=\"976\">Embalado em <strong data-start=\"712\" data-end=\"727\">1000 unidades<\/strong>, este <strong>individual<\/strong> \u00e9 perfeito para uso profissional ou para eventos que exijam grandes quantidades. O seu car\u00e1cter <strong data-start=\"859\" data-end=\"870\">descart\u00e1vel<\/strong> permite poupar um tempo consider\u00e1vel na limpeza, mantendo uma higiene impec\u00e1vel. <\/p>\n<h3 class=\"\" data-start=\"978\" data-end=\"999\"><\/h3>\n<p><!--more--><\/p>\n<h4>As suas vantagens:<\/h4>\n<ul>\n<li data-start=\"1063\" data-end=\"1163\"><strong data-start=\"1042\" data-end=\"1067\">Higi\u00e9nico e descart\u00e1vel<\/strong>: facilita a limpeza e limita a propaga\u00e7\u00e3o de bact\u00e9rias.<\/li>\n<li data-start=\"1164\" data-end=\"1241\"><strong data-start=\"1136\" data-end=\"1168\">Formato pr\u00e1tico<\/strong>: tamanho ideal para utiliza\u00e7\u00e3o na restaura\u00e7\u00e3o.<\/li>\n<li data-start=\"1328\" data-end=\"1424\"><strong data-start=\"1227\" data-end=\"1247\">Branco e elegante<\/strong>: Proporciona uma apresenta\u00e7\u00e3o cuidada e adapta-se a todos os estilos.<\/li>\n<li data-start=\"1425\" data-end=\"1500\">Embalagem <strong data-start=\"1318\" data-end=\"1336\">econ\u00f3mica<\/strong>: 1000 unidades, ideal para uso profissional.<\/li>\n<\/ul>\n<p>&nbsp;<\/p>\n<p><!--more--><\/p>\n<h4>Outras informa\u00e7\u00f5es :<\/h4>\n<ul>\n<li><strong>Embalagem<\/strong>: Pacote de 1000<\/li>\n<li><strong>Dimens\u00f5es<\/strong>: 30 x 40 cm<\/li>\n<li><b>Cor: <\/b>vermelho<\/li>\n<li><strong>Material<\/strong>: Papel<\/li>\n<\/ul>\n<p>&nbsp;<\/p>\n<p><!--more--><\/p>\n<p>Este produto est\u00e1 dispon\u00edvel em v\u00e1rios tamanhos:<span style=\"color: #d12727\"> <a style=\"color: #d12727\" href=\"https:\/\/www.csj-emballages.com\/pt-pt\/produit\/1000-individuais-de-papel-preto-30-x-40-cm\/\">preto<\/a> <span style=\"color: #000000\">\/<\/span> <a style=\"color: #d12727\" href=\"https:\/\/www.csj-emballages.com\/produit\/1000-sets-de-table-papier-vert-anis-30-x-40-cm\/\">Verde anis<\/a> <span style=\"color: #000000\">\/<\/span> <a style=\"color: #d12727\" href=\"https:\/\/www.csj-emballages.com\/produit\/1000-sets-de-table-papier-vert-fonce-30-x-40-cm\/\">Verde escuro<\/a> <span style=\"color: #000000\">\/<\/span> <a style=\"color: #d12727\" href=\"https:\/\/www.csj-emballages.com\/produit\/500-sets-de-table-papier-kraft-31-x-43-cm\/\">Castanho<\/a> <span style=\"color: #000000\">\/<\/span> <a style=\"color: #d12727\" href=\"https:\/\/www.csj-emballages.com\/pt-pt\/produit\/500-individuais-de-papel-verde-31-x-43-cm\/\">verde<\/a><\/span><\/p>\n<p>&nbsp;<\/p>\n<p><!--more--><\/p>\n<p><a href=\"https:\/\/www.csj-emballages.com\/pt-pt\/categorie-produit\/embalagem-de-alimentos\/restauracao\/guardanapos-jogos-americanos-toalhas-de-mesa\/individuais\/\">Ver o resto da nossa gama de individuais de mesa  <\/a><\/p>\n","protected":false},"excerpt":{"rendered":"<p>Colocar tapete Descri\u00e7\u00e3o do nosso marcador de lugar vermelho 30 x 40 cm por 1000<\/p>\n","protected":false},"featured_media":229589,"template":"","meta":{"_acf_changed":false},"product_brand":[],"product_cat":[1141,1138,1139,3483],"product_tag":[],"class_list":{"0":"post-23518","1":"product","2":"type-product","3":"status-publish","4":"has-post-thumbnail","6":"product_cat-embalagem-de-alimentos","7":"product_cat-restauracao","8":"product_cat-guardanapos-jogos-americanos-toalhas-de-mesa","9":"product_cat-individuais","11":"first","12":"instock","13":"taxable","14":"shipping-taxable","15":"purchasable","16":"product-type-simple"},"acf":[],"yoast_head":"<!-- This site is optimized with the Yoast SEO Premium plugin v26.6 (Yoast SEO v26.6) - https:\/\/yoast.com\/wordpress\/plugins\/seo\/ -->\n<title>Individual vermelho 30 x 40 cm por 1000<\/title>\n<meta name=\"description\" content=\"Individuais de papel vermelho 30 x 40 cm - embalagem de 1000. Ideal para restaurantes, catering e eventos. Recicl\u00e1vel e pr\u00e1tico.\" \/>\n<meta name=\"robots\" content=\"index, follow, max-snippet:-1, max-image-preview:large, max-video-preview:-1\" \/>\n<link rel=\"canonical\" href=\"https:\/\/www.csj-emballages.com\/pt-pt\/produit\/1000-individuais-de-papel-vermelho-30-x-40-cm\/\" \/>\n<meta property=\"og:locale\" content=\"pt_PT\" \/>\n<meta property=\"og:type\" content=\"article\" \/>\n<meta property=\"og:title\" content=\"Individuais de papel vermelho 30 x 40 cm por 1000\" \/>\n<meta property=\"og:description\" content=\"Individuais de papel vermelho 30 x 40 cm - embalagem de 1000. Ideal para restaurantes, catering e eventos. Recicl\u00e1vel e pr\u00e1tico.\" \/>\n<meta property=\"og:url\" content=\"https:\/\/www.csj-emballages.com\/pt-pt\/produit\/1000-individuais-de-papel-vermelho-30-x-40-cm\/\" \/>\n<meta property=\"og:site_name\" content=\"CSJ Emballages\" \/>\n<meta property=\"article:publisher\" content=\"https:\/\/www.facebook.com\/csjemballages\" \/>\n<meta property=\"article:modified_time\" content=\"2026-03-12T15:40:44+00:00\" \/>\n<meta property=\"og:image\" content=\"https:\/\/www.csj-emballages.com\/wp-content\/uploads\/2024\/03\/set-de-table-rouge.webp\" \/>\n\t<meta property=\"og:image:width\" content=\"800\" \/>\n\t<meta property=\"og:image:height\" content=\"800\" \/>\n\t<meta property=\"og:image:type\" content=\"image\/webp\" \/>\n<meta name=\"twitter:card\" content=\"summary_large_image\" \/>\n<meta name=\"twitter:label1\" content=\"Tempo estimado de leitura\" \/>\n\t<meta name=\"twitter:data1\" content=\"1 minuto\" \/>\n<script type=\"application\/ld+json\" class=\"yoast-schema-graph\">{\"@context\":\"https:\/\/schema.org\",\"@graph\":[{\"@type\":\"WebPage\",\"@id\":\"https:\/\/www.csj-emballages.com\/pt-pt\/produit\/1000-individuais-de-papel-vermelho-30-x-40-cm\/\",\"url\":\"https:\/\/www.csj-emballages.com\/pt-pt\/produit\/1000-individuais-de-papel-vermelho-30-x-40-cm\/\",\"name\":\"Individual vermelho 30 x 40 cm por 1000\",\"isPartOf\":{\"@id\":\"https:\/\/www.csj-emballages.com\/pt-pt\/#website\"},\"primaryImageOfPage\":{\"@id\":\"https:\/\/www.csj-emballages.com\/pt-pt\/produit\/1000-individuais-de-papel-vermelho-30-x-40-cm\/#primaryimage\"},\"image\":{\"@id\":\"https:\/\/www.csj-emballages.com\/pt-pt\/produit\/1000-individuais-de-papel-vermelho-30-x-40-cm\/#primaryimage\"},\"thumbnailUrl\":\"https:\/\/www.csj-emballages.com\/wp-content\/uploads\/2024\/03\/set-de-table-rouge.webp\",\"datePublished\":\"2024-03-01T15:49:16+00:00\",\"dateModified\":\"2026-03-12T15:40:44+00:00\",\"description\":\"Individuais de papel vermelho 30 x 40 cm - embalagem de 1000. Ideal para restaurantes, catering e eventos. Recicl\u00e1vel e pr\u00e1tico.\",\"breadcrumb\":{\"@id\":\"https:\/\/www.csj-emballages.com\/pt-pt\/produit\/1000-individuais-de-papel-vermelho-30-x-40-cm\/#breadcrumb\"},\"inLanguage\":\"pt-PT\",\"potentialAction\":[{\"@type\":\"ReadAction\",\"target\":[\"https:\/\/www.csj-emballages.com\/pt-pt\/produit\/1000-individuais-de-papel-vermelho-30-x-40-cm\/\"]}]},{\"@type\":\"ImageObject\",\"inLanguage\":\"pt-PT\",\"@id\":\"https:\/\/www.csj-emballages.com\/pt-pt\/produit\/1000-individuais-de-papel-vermelho-30-x-40-cm\/#primaryimage\",\"url\":\"https:\/\/www.csj-emballages.com\/wp-content\/uploads\/2024\/03\/set-de-table-rouge.webp\",\"contentUrl\":\"https:\/\/www.csj-emballages.com\/wp-content\/uploads\/2024\/03\/set-de-table-rouge.webp\",\"width\":800,\"height\":800,\"caption\":\"set de table\"},{\"@type\":\"BreadcrumbList\",\"@id\":\"https:\/\/www.csj-emballages.com\/pt-pt\/produit\/1000-individuais-de-papel-vermelho-30-x-40-cm\/#breadcrumb\",\"itemListElement\":[{\"@type\":\"ListItem\",\"position\":1,\"name\":\"Acolhimento\",\"item\":\"https:\/\/www.csj-emballages.com\/pt-pt\/universo-das-embalagens-alimentares\/\"},{\"@type\":\"ListItem\",\"position\":2,\"name\":\"Shop\",\"item\":\"https:\/\/www.csj-emballages.com\/shop\/\"},{\"@type\":\"ListItem\",\"position\":3,\"name\":\"Individuais de papel vermelho 30 x 40 cm por 1000\"}]},{\"@type\":\"WebSite\",\"@id\":\"https:\/\/www.csj-emballages.com\/pt-pt\/#website\",\"url\":\"https:\/\/www.csj-emballages.com\/pt-pt\/\",\"name\":\"CSJ Emballages\",\"description\":\"\",\"publisher\":{\"@id\":\"https:\/\/www.csj-emballages.com\/pt-pt\/#organization\"},\"potentialAction\":[{\"@type\":\"SearchAction\",\"target\":{\"@type\":\"EntryPoint\",\"urlTemplate\":\"https:\/\/www.csj-emballages.com\/pt-pt\/?s={search_term_string}\"},\"query-input\":{\"@type\":\"PropertyValueSpecification\",\"valueRequired\":true,\"valueName\":\"search_term_string\"}}],\"inLanguage\":\"pt-PT\"},{\"@type\":\"Organization\",\"@id\":\"https:\/\/www.csj-emballages.com\/pt-pt\/#Organization\/\",\"name\":\"CSJ Emballages\",\"url\":\"https:\/\/www.csj-emballages.com\/pt-pt\/\",\"logo\":{\"@type\":\"ImageObject\",\"inLanguage\":\"pt-PT\",\"@id\":\"https:\/\/www.csj-emballages.com\/pt-pt\/#\/schema\/logo\/image\/\",\"url\":\"https:\/\/www.csj-emballages.com\/wp-content\/uploads\/2023\/10\/logo_csj.webp\",\"contentUrl\":\"https:\/\/www.csj-emballages.com\/wp-content\/uploads\/2023\/10\/logo_csj.webp\",\"width\":250,\"height\":95,\"caption\":\"CSJ Emballages\"},\"image\":{\"@id\":\"https:\/\/www.csj-emballages.com\/pt-pt\/#\/schema\/logo\/image\/\"},\"sameAs\":[\"https:\/\/www.facebook.com\/csjemballages\"],\"address\":{\"@type\":\"PostalAddress\",\"streetAddress\":\"ZI La Lechere\",\"addressLocality\":\"Patornay\",\"postalCode\":\"39130\",\"addressCountry\":\"FR\"},\"contactPoint\":[{\"@type\":\"ContactPoint\",\"contactType\":\"Service client\",\"telephone\":\"0384254272\",\"email\":\"contact@csj-emballages.com\"}]}]}<\/script>\n<!-- \/ Yoast SEO Premium plugin. -->","yoast_head_json":{"title":"Individual vermelho 30 x 40 cm por 1000","description":"Individuais de papel vermelho 30 x 40 cm - embalagem de 1000. Ideal para restaurantes, catering e eventos. Recicl\u00e1vel e pr\u00e1tico.","robots":{"index":"index","follow":"follow","max-snippet":"max-snippet:-1","max-image-preview":"max-image-preview:large","max-video-preview":"max-video-preview:-1"},"canonical":"https:\/\/www.csj-emballages.com\/pt-pt\/produit\/1000-individuais-de-papel-vermelho-30-x-40-cm\/","og_locale":"pt_PT","og_type":"article","og_title":"Individuais de papel vermelho 30 x 40 cm por 1000","og_description":"Individuais de papel vermelho 30 x 40 cm - embalagem de 1000. Ideal para restaurantes, catering e eventos. Recicl\u00e1vel e pr\u00e1tico.","og_url":"https:\/\/www.csj-emballages.com\/pt-pt\/produit\/1000-individuais-de-papel-vermelho-30-x-40-cm\/","og_site_name":"CSJ Emballages","article_publisher":"https:\/\/www.facebook.com\/csjemballages","article_modified_time":"2026-03-12T15:40:44+00:00","og_image":[{"width":800,"height":800,"url":"https:\/\/www.csj-emballages.com\/wp-content\/uploads\/2024\/03\/set-de-table-rouge.webp","type":"image\/webp"}],"twitter_card":"summary_large_image","twitter_misc":{"Tempo estimado de leitura":"1 minuto"},"schema":{"@context":"https:\/\/schema.org","@graph":[{"@type":"WebPage","@id":"https:\/\/www.csj-emballages.com\/pt-pt\/produit\/1000-individuais-de-papel-vermelho-30-x-40-cm\/","url":"https:\/\/www.csj-emballages.com\/pt-pt\/produit\/1000-individuais-de-papel-vermelho-30-x-40-cm\/","name":"Individual vermelho 30 x 40 cm por 1000","isPartOf":{"@id":"https:\/\/www.csj-emballages.com\/pt-pt\/#website"},"primaryImageOfPage":{"@id":"https:\/\/www.csj-emballages.com\/pt-pt\/produit\/1000-individuais-de-papel-vermelho-30-x-40-cm\/#primaryimage"},"image":{"@id":"https:\/\/www.csj-emballages.com\/pt-pt\/produit\/1000-individuais-de-papel-vermelho-30-x-40-cm\/#primaryimage"},"thumbnailUrl":"https:\/\/www.csj-emballages.com\/wp-content\/uploads\/2024\/03\/set-de-table-rouge.webp","datePublished":"2024-03-01T15:49:16+00:00","dateModified":"2026-03-12T15:40:44+00:00","description":"Individuais de papel vermelho 30 x 40 cm - embalagem de 1000. Ideal para restaurantes, catering e eventos. Recicl\u00e1vel e pr\u00e1tico.","breadcrumb":{"@id":"https:\/\/www.csj-emballages.com\/pt-pt\/produit\/1000-individuais-de-papel-vermelho-30-x-40-cm\/#breadcrumb"},"inLanguage":"pt-PT","potentialAction":[{"@type":"ReadAction","target":["https:\/\/www.csj-emballages.com\/pt-pt\/produit\/1000-individuais-de-papel-vermelho-30-x-40-cm\/"]}]},{"@type":"ImageObject","inLanguage":"pt-PT","@id":"https:\/\/www.csj-emballages.com\/pt-pt\/produit\/1000-individuais-de-papel-vermelho-30-x-40-cm\/#primaryimage","url":"https:\/\/www.csj-emballages.com\/wp-content\/uploads\/2024\/03\/set-de-table-rouge.webp","contentUrl":"https:\/\/www.csj-emballages.com\/wp-content\/uploads\/2024\/03\/set-de-table-rouge.webp","width":800,"height":800,"caption":"set de table"},{"@type":"BreadcrumbList","@id":"https:\/\/www.csj-emballages.com\/pt-pt\/produit\/1000-individuais-de-papel-vermelho-30-x-40-cm\/#breadcrumb","itemListElement":[{"@type":"ListItem","position":1,"name":"Acolhimento","item":"https:\/\/www.csj-emballages.com\/pt-pt\/universo-das-embalagens-alimentares\/"},{"@type":"ListItem","position":2,"name":"Shop","item":"https:\/\/www.csj-emballages.com\/shop\/"},{"@type":"ListItem","position":3,"name":"Individuais de papel vermelho 30 x 40 cm por 1000"}]},{"@type":"WebSite","@id":"https:\/\/www.csj-emballages.com\/pt-pt\/#website","url":"https:\/\/www.csj-emballages.com\/pt-pt\/","name":"CSJ Emballages","description":"","publisher":{"@id":"https:\/\/www.csj-emballages.com\/pt-pt\/#organization"},"potentialAction":[{"@type":"SearchAction","target":{"@type":"EntryPoint","urlTemplate":"https:\/\/www.csj-emballages.com\/pt-pt\/?s={search_term_string}"},"query-input":{"@type":"PropertyValueSpecification","valueRequired":true,"valueName":"search_term_string"}}],"inLanguage":"pt-PT"},{"@type":"Organization","@id":"https:\/\/www.csj-emballages.com\/pt-pt\/#Organization\/","name":"CSJ Emballages","url":"https:\/\/www.csj-emballages.com\/pt-pt\/","logo":{"@type":"ImageObject","inLanguage":"pt-PT","@id":"https:\/\/www.csj-emballages.com\/pt-pt\/#\/schema\/logo\/image\/","url":"https:\/\/www.csj-emballages.com\/wp-content\/uploads\/2023\/10\/logo_csj.webp","contentUrl":"https:\/\/www.csj-emballages.com\/wp-content\/uploads\/2023\/10\/logo_csj.webp","width":250,"height":95,"caption":"CSJ Emballages"},"image":{"@id":"https:\/\/www.csj-emballages.com\/pt-pt\/#\/schema\/logo\/image\/"},"sameAs":["https:\/\/www.facebook.com\/csjemballages"],"address":{"@type":"PostalAddress","streetAddress":"ZI La Lechere","addressLocality":"Patornay","postalCode":"39130","addressCountry":"FR"},"contactPoint":[{"@type":"ContactPoint","contactType":"Service client","telephone":"0384254272","email":"contact@csj-emballages.com"}]}]}},"df_price":46.46,"df_sale_price":"","df_regular_price":46.46,"df_image_link":"https:\/\/www.csj-emballages.com\/wp-content\/uploads\/2024\/03\/set-de-table-rouge-300x300.webp","tiered_pricing_type":"fixed","tiered_pricing_fixed_rules":[],"tiered_pricing_percentage_rules":[],"tiered_pricing_minimum":1,"tiered_pricing_roles_data":[],"_links":{"self":[{"href":"https:\/\/www.csj-emballages.com\/pt-pt\/wp-json\/wp\/v2\/product\/23518","targetHints":{"allow":["GET"]}}],"collection":[{"href":"https:\/\/www.csj-emballages.com\/pt-pt\/wp-json\/wp\/v2\/product"}],"about":[{"href":"https:\/\/www.csj-emballages.com\/pt-pt\/wp-json\/wp\/v2\/types\/product"}],"wp:featuredmedia":[{"embeddable":true,"href":"https:\/\/www.csj-emballages.com\/pt-pt\/wp-json\/wp\/v2\/media\/229589"}],"wp:attachment":[{"href":"https:\/\/www.csj-emballages.com\/pt-pt\/wp-json\/wp\/v2\/media?parent=23518"}],"wp:term":[{"taxonomy":"product_brand","embeddable":true,"href":"https:\/\/www.csj-emballages.com\/pt-pt\/wp-json\/wp\/v2\/product_brand?post=23518"},{"taxonomy":"product_cat","embeddable":true,"href":"https:\/\/www.csj-emballages.com\/pt-pt\/wp-json\/wp\/v2\/product_cat?post=23518"},{"taxonomy":"product_tag","embeddable":true,"href":"https:\/\/www.csj-emballages.com\/pt-pt\/wp-json\/wp\/v2\/product_tag?post=23518"}],"curies":[{"name":"wp","href":"https:\/\/api.w.org\/{rel}","templated":true}]}}