{"id":23495,"date":"2024-03-01T16:49:18","date_gmt":"2024-03-01T15:49:18","guid":{"rendered":"https:\/\/u15jnbdpoq.preview.infomaniak.website\/produit\/100-sacos-descascados-com-fundo-moldado-160-x-350-mm\/"},"modified":"2026-03-12T16:40:13","modified_gmt":"2026-03-12T15:40:13","slug":"100-sacos-descascados-com-fundo-moldado-160-x-350-mm","status":"publish","type":"product","link":"https:\/\/www.csj-emballages.com\/pt-pt\/produit\/100-sacos-descascados-com-fundo-moldado-160-x-350-mm\/","title":{"rendered":"Saco com fundo cruzado 160 x 350 mm por 100"},"content":{"rendered":"<div style=\"box-sizing: inherit; font-family: Roboto, sans-serif;\">\n<div style=\"box-sizing: inherit; font-family: Roboto, sans-serif;\">\n<div style=\"box-sizing: inherit; font-family: Roboto, sans-serif;\">\n<div style=\"box-sizing: inherit; font-family: Roboto, sans-serif;\">\n<div style=\"box-sizing: inherit; font-family: Roboto, sans-serif;\">\n<div style=\"box-sizing: inherit; font-family: Roboto, sans-serif;\">\n<div style=\"box-sizing: inherit; font-family: Roboto, sans-serif;\">\n<div style=\"box-sizing: inherit; font-family: Roboto, sans-serif;\">\n<div style=\"box-sizing: inherit; font-family: Roboto, sans-serif;\">\n<div style=\"box-sizing: inherit; font-family: Roboto, sans-serif;\">\n<div style=\"box-sizing: inherit; font-family: Roboto, sans-serif;\">\n<div style=\"box-sizing: inherit; font-family: Roboto, sans-serif;\">\n<div style=\"box-sizing: inherit; font-family: Roboto, sans-serif;\">\n<div class=\"flex flex-grow flex-col max-w-full\">\n<div class=\"min-h-[20px] text-message flex flex-col items-start whitespace-pre-wrap break-words [.text-message+&amp;]:mt-5 juice:w-full juice:items-end overflow-x-auto gap-2\" dir=\"auto\" data-message-author-role=\"assistant\" data-message-id=\"2034782e-88f9-44ef-b4dc-07dd7bf0115f\">\n<div class=\"flex w-full flex-col gap-1 juice:empty:hidden juice:first:pt-[3px]\">\n<div class=\"markdown prose w-full break-words dark:prose-invert light\">\n<div style=\"box-sizing: inherit; font-family: Roboto, sans-serif;\">\n<div style=\"box-sizing: inherit; font-family: Roboto, sans-serif;\">\n<div style=\"box-sizing: inherit; font-family: Roboto, sans-serif;\">\n<div style=\"box-sizing: inherit; font-family: Roboto, sans-serif;\">\n<div style=\"box-sizing: inherit; font-family: Roboto, sans-serif;\">\n<div style=\"box-sizing: inherit; font-family: Roboto, sans-serif;\">\n<h2>Saco com fundo cruzado<\/h2>\n<div style=\"box-sizing: inherit; font-family: Roboto, sans-serif;\">\n<div style=\"box-sizing: inherit; font-family: Roboto, sans-serif;\">\n<div style=\"box-sizing: inherit; font-family: Roboto, sans-serif;\">\n<div style=\"text-align: center;\">\n<div style=\"box-sizing: inherit; font-family: Roboto, sans-serif;\">\n<div style=\"box-sizing: inherit; font-family: Roboto, sans-serif;\">\n<div style=\"box-sizing: inherit; font-family: Roboto, sans-serif;\">\n<div style=\"box-sizing: inherit; font-family: Roboto, sans-serif;\">\n<div style=\"box-sizing: inherit; font-family: Roboto, sans-serif;\">\n<div style=\"box-sizing: inherit; font-family: Roboto, sans-serif; text-align: left;\">\n<hr>\n<h3 style=\"text-align: left;\">Descri\u00e7\u00e3o do nosso saco de fundo cruzado 160 x 350 mm por 100<\/h3>\n<h3 style=\"text-align: left;\"><!--more--><\/h3>\n<\/div>\n<\/div>\n<\/div>\n<\/div>\n<\/div>\n<\/div>\n<\/div>\n<\/div>\n<\/div>\n<\/div>\n<\/div>\n<\/div>\n<\/div>\n<\/div>\n<\/div>\n<\/div>\n<\/div>\n<\/div>\n<\/div>\n<\/div>\n<\/div>\n<\/div>\n<\/div>\n<\/div>\n<\/div>\n<\/div>\n<\/div>\n<\/div>\n<\/div>\n<\/div>\n<\/div>\n<\/div>\n<\/div>\n<div style=\"box-sizing: inherit; font-family: Roboto, sans-serif;\">\n<div style=\"box-sizing: inherit; font-family: Roboto, sans-serif;\">\n<div style=\"box-sizing: inherit; font-family: Roboto, sans-serif;\">\n<div style=\"box-sizing: inherit; font-family: Roboto, sans-serif;\">\n<div style=\"box-sizing: inherit; font-family: Roboto, sans-serif;\">\n<div style=\"box-sizing: inherit; font-family: Roboto, sans-serif;\">\n<div style=\"box-sizing: inherit; font-family: Roboto, sans-serif;\">\n<div style=\"box-sizing: inherit; font-family: Roboto, sans-serif;\">\n<div style=\"box-sizing: inherit; font-family: Roboto, sans-serif;\">\n<div style=\"box-sizing: inherit; font-family: Roboto, sans-serif;\">\n<div style=\"box-sizing: inherit; font-family: Roboto, sans-serif;\">\n<div style=\"box-sizing: inherit; font-family: Roboto, sans-serif;\">\n<div style=\"box-sizing: inherit; font-family: Roboto, sans-serif;\">\n<div class=\"flex flex-grow flex-col max-w-full\">\n<div class=\"min-h-[20px] text-message flex flex-col items-start whitespace-pre-wrap break-words [.text-message+&amp;]:mt-5 juice:w-full juice:items-end overflow-x-auto gap-2\" dir=\"auto\" data-message-author-role=\"assistant\" data-message-id=\"2034782e-88f9-44ef-b4dc-07dd7bf0115f\">\n<div class=\"flex w-full flex-col gap-1 juice:empty:hidden juice:first:pt-[3px]\">\n<div class=\"markdown prose w-full break-words dark:prose-invert light\">\n<div style=\"box-sizing: inherit; font-family: Roboto, sans-serif;\">\n<div style=\"box-sizing: inherit; font-family: Roboto, sans-serif;\">\n<div style=\"box-sizing: inherit; font-family: Roboto, sans-serif;\">\n<div style=\"box-sizing: inherit; font-family: Roboto, sans-serif;\">\n<div style=\"box-sizing: inherit; font-family: Roboto, sans-serif;\">\n<div style=\"box-sizing: inherit; font-family: Roboto, sans-serif;\">\n<p data-start=\"0\" data-end=\"472\">Descubra a nossa <strong data-start=\"53\" data-end=\"98\">saqueta de fundo cruzado 160 x 350 mm por 100<\/strong>, a embalagem ideal para expor os seus doces e pequenos presentes. Gra\u00e7as \u00e0 sua <strong data-start=\"183\" data-end=\"211\">transpar\u00eancia cristalina<\/strong>, esta <strong>bolsa descascada<\/strong> chama imediatamente a aten\u00e7\u00e3o e protege as suas cria\u00e7\u00f5es. A sua conce\u00e7\u00e3o em <strong data-start=\"306\" data-end=\"318\">OPP 30 \u00b5<\/strong> garante uma excelente <strong data-start=\"343\" data-end=\"357\">resist\u00eancia<\/strong> e uma <strong data-start=\"365\" data-end=\"386\">barreira eficaz<\/strong> contra a humidade.  <\/p>\n<p data-start=\"474\" data-end=\"992\">Este <strong data-start=\"477\" data-end=\"498\">saco de fundo cruzado<\/strong> possui um <strong data-start=\"520\" data-end=\"535\">fundo est\u00e1vel<\/strong> que proporciona uma melhor fixa\u00e7\u00e3o, mesmo quando coloca produtos redondos como <strong data-start=\"623\" data-end=\"648\">figuras de chocolate<\/strong> ou pequenos <strong data-start=\"662\" data-end=\"683\">presentes gourmet<\/strong> no interior. Num piscar de olhos, ter\u00e1 uma apresenta\u00e7\u00e3o elegante e profissional que \u00e9 perfeita para uma <strong data-start=\"780\" data-end=\"803\">loja de artesanato<\/strong>, <strong data-start=\"809\" data-end=\"823\">pastelaria<\/strong> ou evento festivo. Al\u00e9m disso, o seu <strong data-start=\"860\" data-end=\"885\">ensacamento r\u00e1pido<\/strong> facilita a embalagem durante os per\u00edodos de maior movimento, uma carater\u00edstica valiosa para poupar tempo.  <\/p>\n<p data-start=\"994\" data-end=\"1382\">Al\u00e9m disso, o seu design <strong data-start=\"1019\" data-end=\"1034\">sem impress\u00e3o<\/strong> permite-lhe dar asas \u00e0 sua criatividade: acrescente uma fita colorida, uma etiqueta personalizada ou um autocolante com a sua imagem para um aspeto \u00fanico. Gra\u00e7as \u00e0 sua <strong data-start=\"1189\" data-end=\"1204\">versatilidade<\/strong>, este <strong>saco de pl\u00e1stico<\/strong> \u00e9 t\u00e3o adequado para <strong data-start=\"1236\" data-end=\"1261\">produtos alimentares<\/strong> como para pequenos objectos decorativos, o que o torna indispens\u00e1vel para profissionais e particulares. <\/p>\n<p data-start=\"1384\" data-end=\"1691\">Ao escolher estas <strong data-start=\"1403\" data-end=\"1428\">bolsas de fundo cruzado<\/strong>, est\u00e1 a optar por uma solu\u00e7\u00e3o de embalagem que valoriza os seus produtos. D\u00ea \u00e0s suas cria\u00e7\u00f5es o <strong data-start=\"1601\" data-end=\"1620\">suporte elegante<\/strong> que elas merecem e conquiste os seus clientes \u00e0 primeira vista. <\/p>\n<p><!--more--><\/p>\n<h4 style=\"text-align: left;\">Vantagens :<\/h4>\n<ul style=\"text-align: left;\">\n<li><strong data-start=\"1915\" data-end=\"1938\">Transpar\u00eancia clara<\/strong> para uma apresenta\u00e7\u00e3o imediata do produto.<\/li>\n<li><strong data-start=\"1990\" data-end=\"2012\">Fundo em cruz est\u00e1vel<\/strong> para guardar chocolates, rebu\u00e7ados ou estatuetas.<\/li>\n<li><strong data-start=\"2065\" data-end=\"2087\">OPP resistente de 30 \u00b5<\/strong> para prote\u00e7\u00e3o e frescura.<\/li>\n<li><strong data-start=\"2125\" data-end=\"2158\">Vers\u00e1til e personaliz\u00e1vel<\/strong> para todos os tipos de eventos ou lojas.<\/li>\n<\/ul>\n<\/div>\n<\/div>\n<\/div>\n<\/div>\n<\/div>\n<\/div>\n<\/div>\n<\/div>\n<\/div>\n<\/div>\n<\/div>\n<\/div>\n<p>&nbsp;<\/p>\n<\/div>\n<\/div>\n<\/div>\n<\/div>\n<\/div>\n<\/div>\n<\/div>\n<\/div>\n<\/div>\n<\/div>\n<\/div>\n<p><!--more--><\/p>\n<h4>Outras informa\u00e7\u00f5es :<\/h4>\n<ul style=\"box-sizing: inherit; font-family: Roboto, sans-serif;\">\n<li><strong>Embalagem<\/strong>: Pacote de 100<\/li>\n<li><span style=\"font-weight: bold;\">Dimens\u00f5es<\/span>: 160 x 350 mm<\/li>\n<li><strong>Material<\/strong>: OPP<\/li>\n<li><strong>Cor<\/strong>: Transparente<\/li>\n<li><strong>Resist\u00eancia<\/strong>: 30\u00b5<\/li>\n<\/ul>\n<p>&nbsp;<\/p>\n<p><!--more--><\/p>\n<div style=\"box-sizing: inherit; font-family: Roboto, sans-serif;\">\n<div style=\"box-sizing: inherit; font-family: Roboto, sans-serif;\">\n<div style=\"box-sizing: inherit; font-family: Roboto, sans-serif;\">\n<div style=\"box-sizing: inherit; font-family: Roboto, sans-serif;\">\n<div style=\"box-sizing: inherit; font-family: Roboto, sans-serif;\">\n<div style=\"box-sizing: inherit; font-family: Roboto, sans-serif;\">\n<p>Dispon\u00edvel em v\u00e1rios tamanhos: <span style=\"color: #d12727;\"><a style=\"color: #d12727;\" href=\"https:\/\/www.csj-emballages.com\/produit\/100-sachets-ecornes-fond-forme-75-x-135-mm\/\">75 x 135 mm<\/a><\/span>  <span style=\"color: #d12727;\"><a style=\"color: #d12727;\" href=\"https:\/\/www.csj-emballages.com\/produit\/100-sachets-ecornes-fond-forme-100-x-175-mm\/\">100 x 175 mm<\/a><\/span>  <span style=\"color: #d12727;\"><a style=\"color: #d12727;\" href=\"https:\/\/www.csj-emballages.com\/pt-pt\/produit\/100-sacos-descascados-com-fundo-moldado-180-x-300-mm\/\">180 x 300 mm<\/a><\/span>  <span style=\"color: #d12727;\"><a style=\"color: #d12727;\" href=\"https:\/\/www.csj-emballages.com\/produit\/100-sachets-ecornes-fond-forme-160-x-270-mm\/\">160 x 270 mm<\/a><\/span> \/  <span style=\"color: #d12727;\"><a style=\"color: #d12727;\" href=\"https:\/\/www.csj-emballages.com\/produit\/100-sachets-ecornes-fond-forme-145-x-235-mm\/\">145 x 235 mm<\/a><\/span> \/  <span style=\"color: #d12727;\"><a style=\"color: #d12727;\" href=\"https:\/\/www.csj-emballages.com\/produit\/100-sachets-ecornes-fond-forme-120-x-225-mm\/\">120 x 225 mm<\/a><\/span> \/  <span style=\"color: #d12727;\"><a style=\"color: #d12727;\" href=\"https:\/\/www.csj-emballages.com\/produit\/100-sachets-ecornes-fond-forme-115-x-190-mm\/\"><span style=\"color: #d12727;\">115 x 190 mm<\/span><\/a><\/span> \/  <span style=\"color: #d12727;\"><a style=\"color: #d12727;\" href=\"https:\/\/www.csj-emballages.com\/pt-pt\/produit\/100-sacos-descascados-com-fundo-moldado-180-x-380-mm\/\">180 x 380 mm<\/a><\/span> \/  <span style=\"color: #d12727;\"><a style=\"color: #d12727;\" href=\"https:\/\/www.csj-emballages.com\/pt-pt\/produit\/100-sacos-descascados-com-fundo-moldado-230-x-370-mm\/\">230 x 370 mm<\/a><\/span>  <span style=\"color: #d12727;\"><a style=\"color: #d12727;\" href=\"https:\/\/www.csj-emballages.com\/produit\/100-sachets-ecornes-fond-forme-85-x-145-mm\/\">85 x 145 mm<\/a><\/span>  <span style=\"color: #d12727;\"><a style=\"color: #d12727;\" href=\"https:\/\/www.csj-emballages.com\/produit\/100-sachets-ecornes-fond-forme-95-x-160-mm\/\">95 x 160 mm<\/a><\/span><\/p>\n<p>&nbsp;<\/p>\n<p><!--more--><\/p>\n<p><a href=\"https:\/\/www.csj-emballages.com\/pt-pt\/categorie-produit\/embalagem-de-alimentos\/padaria-e-pastelaria\/sacos-saquetas-e-papel\/sacos-de-confeitaria\/sacos-sem-fundo-pt-pt\/sacos-descascados\/\">Ver o resto da nossa gama de sacos de fundo cruzado<\/a><\/p>\n<\/div>\n<\/div>\n<\/div>\n<\/div>\n<\/div>\n<\/div>\n","protected":false},"excerpt":{"rendered":"<p>Saco com fundo cruzado Descri\u00e7\u00e3o do nosso saco de fundo cruzado 160 x 350 mm por 100<\/p>\n","protected":false},"featured_media":243692,"template":"","meta":{"_acf_changed":false},"product_brand":[],"product_cat":[1141,1177,3919,1655,3902,5978],"product_tag":[],"class_list":{"0":"post-23495","1":"product","2":"type-product","3":"status-publish","4":"has-post-thumbnail","6":"product_cat-embalagem-de-alimentos","7":"product_cat-padaria-e-pastelaria","8":"product_cat-sacos-saquetas-e-papel","9":"product_cat-sacos-de-confeitaria","10":"product_cat-sacos-sem-fundo-pt-pt","11":"product_cat-sacos-descascados","13":"first","14":"instock","15":"taxable","16":"shipping-taxable","17":"purchasable","18":"product-type-simple"},"acf":[],"yoast_head":"<!-- This site is optimized with the Yoast SEO Premium plugin v26.6 (Yoast SEO v26.6) - https:\/\/yoast.com\/wordpress\/plugins\/seo\/ -->\n<title>Saco com fundo cruzado 160 x 350 mm por 100<\/title>\n<meta name=\"description\" content=\"Saco com fundo cruzado 160 x 350 mm, OPP transparente 30 \u00b5, ideal para chocolates, rebu\u00e7ados e presentes. Apresenta\u00e7\u00e3o elegante e pr\u00e1tica.\" \/>\n<meta name=\"robots\" content=\"index, follow, max-snippet:-1, max-image-preview:large, max-video-preview:-1\" \/>\n<link rel=\"canonical\" href=\"https:\/\/www.csj-emballages.com\/pt-pt\/produit\/100-sacos-descascados-com-fundo-moldado-160-x-350-mm\/\" \/>\n<meta property=\"og:locale\" content=\"pt_PT\" \/>\n<meta property=\"og:type\" content=\"article\" \/>\n<meta property=\"og:title\" content=\"Saco com fundo cruzado 160 x 350 mm por 100\" \/>\n<meta property=\"og:description\" content=\"Saco com fundo cruzado 160 x 350 mm, OPP transparente 30 \u00b5, ideal para chocolates, rebu\u00e7ados e presentes. Apresenta\u00e7\u00e3o elegante e pr\u00e1tica.\" \/>\n<meta property=\"og:url\" content=\"https:\/\/www.csj-emballages.com\/pt-pt\/produit\/100-sacos-descascados-com-fundo-moldado-160-x-350-mm\/\" \/>\n<meta property=\"og:site_name\" content=\"CSJ Emballages\" \/>\n<meta property=\"article:publisher\" content=\"https:\/\/www.facebook.com\/csjemballages\" \/>\n<meta property=\"article:modified_time\" content=\"2026-03-12T15:40:13+00:00\" \/>\n<meta property=\"og:image\" content=\"https:\/\/www.csj-emballages.com\/wp-content\/uploads\/2024\/03\/Sachets-a-fond-croise.webp\" \/>\n\t<meta property=\"og:image:width\" content=\"800\" \/>\n\t<meta property=\"og:image:height\" content=\"800\" \/>\n\t<meta property=\"og:image:type\" content=\"image\/webp\" \/>\n<meta name=\"twitter:card\" content=\"summary_large_image\" \/>\n<meta name=\"twitter:label1\" content=\"Tempo estimado de leitura\" \/>\n\t<meta name=\"twitter:data1\" content=\"2 minutos\" \/>\n<script type=\"application\/ld+json\" class=\"yoast-schema-graph\">{\"@context\":\"https:\/\/schema.org\",\"@graph\":[{\"@type\":\"WebPage\",\"@id\":\"https:\/\/www.csj-emballages.com\/pt-pt\/produit\/100-sacos-descascados-com-fundo-moldado-160-x-350-mm\/\",\"url\":\"https:\/\/www.csj-emballages.com\/pt-pt\/produit\/100-sacos-descascados-com-fundo-moldado-160-x-350-mm\/\",\"name\":\"Saco com fundo cruzado 160 x 350 mm por 100\",\"isPartOf\":{\"@id\":\"https:\/\/www.csj-emballages.com\/pt-pt\/#website\"},\"primaryImageOfPage\":{\"@id\":\"https:\/\/www.csj-emballages.com\/pt-pt\/produit\/100-sacos-descascados-com-fundo-moldado-160-x-350-mm\/#primaryimage\"},\"image\":{\"@id\":\"https:\/\/www.csj-emballages.com\/pt-pt\/produit\/100-sacos-descascados-com-fundo-moldado-160-x-350-mm\/#primaryimage\"},\"thumbnailUrl\":\"https:\/\/www.csj-emballages.com\/wp-content\/uploads\/2024\/03\/Sachets-a-fond-croise.webp\",\"datePublished\":\"2024-03-01T15:49:18+00:00\",\"dateModified\":\"2026-03-12T15:40:13+00:00\",\"description\":\"Saco com fundo cruzado 160 x 350 mm, OPP transparente 30 \u00b5, ideal para chocolates, rebu\u00e7ados e presentes. Apresenta\u00e7\u00e3o elegante e pr\u00e1tica.\",\"breadcrumb\":{\"@id\":\"https:\/\/www.csj-emballages.com\/pt-pt\/produit\/100-sacos-descascados-com-fundo-moldado-160-x-350-mm\/#breadcrumb\"},\"inLanguage\":\"pt-PT\",\"potentialAction\":[{\"@type\":\"ReadAction\",\"target\":[\"https:\/\/www.csj-emballages.com\/pt-pt\/produit\/100-sacos-descascados-com-fundo-moldado-160-x-350-mm\/\"]}]},{\"@type\":\"ImageObject\",\"inLanguage\":\"pt-PT\",\"@id\":\"https:\/\/www.csj-emballages.com\/pt-pt\/produit\/100-sacos-descascados-com-fundo-moldado-160-x-350-mm\/#primaryimage\",\"url\":\"https:\/\/www.csj-emballages.com\/wp-content\/uploads\/2024\/03\/Sachets-a-fond-croise.webp\",\"contentUrl\":\"https:\/\/www.csj-emballages.com\/wp-content\/uploads\/2024\/03\/Sachets-a-fond-croise.webp\",\"width\":800,\"height\":800,\"caption\":\"Sachet \u00e0 fond crois\u00e9\"},{\"@type\":\"BreadcrumbList\",\"@id\":\"https:\/\/www.csj-emballages.com\/pt-pt\/produit\/100-sacos-descascados-com-fundo-moldado-160-x-350-mm\/#breadcrumb\",\"itemListElement\":[{\"@type\":\"ListItem\",\"position\":1,\"name\":\"Acolhimento\",\"item\":\"https:\/\/www.csj-emballages.com\/pt-pt\/universo-das-embalagens-alimentares\/\"},{\"@type\":\"ListItem\",\"position\":2,\"name\":\"Shop\",\"item\":\"https:\/\/www.csj-emballages.com\/shop\/\"},{\"@type\":\"ListItem\",\"position\":3,\"name\":\"Saco com fundo cruzado 160 x 350 mm por 100\"}]},{\"@type\":\"WebSite\",\"@id\":\"https:\/\/www.csj-emballages.com\/pt-pt\/#website\",\"url\":\"https:\/\/www.csj-emballages.com\/pt-pt\/\",\"name\":\"CSJ Emballages\",\"description\":\"\",\"publisher\":{\"@id\":\"https:\/\/www.csj-emballages.com\/pt-pt\/#organization\"},\"potentialAction\":[{\"@type\":\"SearchAction\",\"target\":{\"@type\":\"EntryPoint\",\"urlTemplate\":\"https:\/\/www.csj-emballages.com\/pt-pt\/?s={search_term_string}\"},\"query-input\":{\"@type\":\"PropertyValueSpecification\",\"valueRequired\":true,\"valueName\":\"search_term_string\"}}],\"inLanguage\":\"pt-PT\"},{\"@type\":\"Organization\",\"@id\":\"https:\/\/www.csj-emballages.com\/pt-pt\/#Organization\/\",\"name\":\"CSJ Emballages\",\"url\":\"https:\/\/www.csj-emballages.com\/pt-pt\/\",\"logo\":{\"@type\":\"ImageObject\",\"inLanguage\":\"pt-PT\",\"@id\":\"https:\/\/www.csj-emballages.com\/pt-pt\/#\/schema\/logo\/image\/\",\"url\":\"https:\/\/www.csj-emballages.com\/wp-content\/uploads\/2023\/10\/logo_csj.webp\",\"contentUrl\":\"https:\/\/www.csj-emballages.com\/wp-content\/uploads\/2023\/10\/logo_csj.webp\",\"width\":250,\"height\":95,\"caption\":\"CSJ Emballages\"},\"image\":{\"@id\":\"https:\/\/www.csj-emballages.com\/pt-pt\/#\/schema\/logo\/image\/\"},\"sameAs\":[\"https:\/\/www.facebook.com\/csjemballages\"],\"address\":{\"@type\":\"PostalAddress\",\"streetAddress\":\"ZI La Lechere\",\"addressLocality\":\"Patornay\",\"postalCode\":\"39130\",\"addressCountry\":\"FR\"},\"contactPoint\":[{\"@type\":\"ContactPoint\",\"contactType\":\"Service client\",\"telephone\":\"0384254272\",\"email\":\"contact@csj-emballages.com\"}]}]}<\/script>\n<!-- \/ Yoast SEO Premium plugin. -->","yoast_head_json":{"title":"Saco com fundo cruzado 160 x 350 mm por 100","description":"Saco com fundo cruzado 160 x 350 mm, OPP transparente 30 \u00b5, ideal para chocolates, rebu\u00e7ados e presentes. Apresenta\u00e7\u00e3o elegante e pr\u00e1tica.","robots":{"index":"index","follow":"follow","max-snippet":"max-snippet:-1","max-image-preview":"max-image-preview:large","max-video-preview":"max-video-preview:-1"},"canonical":"https:\/\/www.csj-emballages.com\/pt-pt\/produit\/100-sacos-descascados-com-fundo-moldado-160-x-350-mm\/","og_locale":"pt_PT","og_type":"article","og_title":"Saco com fundo cruzado 160 x 350 mm por 100","og_description":"Saco com fundo cruzado 160 x 350 mm, OPP transparente 30 \u00b5, ideal para chocolates, rebu\u00e7ados e presentes. Apresenta\u00e7\u00e3o elegante e pr\u00e1tica.","og_url":"https:\/\/www.csj-emballages.com\/pt-pt\/produit\/100-sacos-descascados-com-fundo-moldado-160-x-350-mm\/","og_site_name":"CSJ Emballages","article_publisher":"https:\/\/www.facebook.com\/csjemballages","article_modified_time":"2026-03-12T15:40:13+00:00","og_image":[{"width":800,"height":800,"url":"https:\/\/www.csj-emballages.com\/wp-content\/uploads\/2024\/03\/Sachets-a-fond-croise.webp","type":"image\/webp"}],"twitter_card":"summary_large_image","twitter_misc":{"Tempo estimado de leitura":"2 minutos"},"schema":{"@context":"https:\/\/schema.org","@graph":[{"@type":"WebPage","@id":"https:\/\/www.csj-emballages.com\/pt-pt\/produit\/100-sacos-descascados-com-fundo-moldado-160-x-350-mm\/","url":"https:\/\/www.csj-emballages.com\/pt-pt\/produit\/100-sacos-descascados-com-fundo-moldado-160-x-350-mm\/","name":"Saco com fundo cruzado 160 x 350 mm por 100","isPartOf":{"@id":"https:\/\/www.csj-emballages.com\/pt-pt\/#website"},"primaryImageOfPage":{"@id":"https:\/\/www.csj-emballages.com\/pt-pt\/produit\/100-sacos-descascados-com-fundo-moldado-160-x-350-mm\/#primaryimage"},"image":{"@id":"https:\/\/www.csj-emballages.com\/pt-pt\/produit\/100-sacos-descascados-com-fundo-moldado-160-x-350-mm\/#primaryimage"},"thumbnailUrl":"https:\/\/www.csj-emballages.com\/wp-content\/uploads\/2024\/03\/Sachets-a-fond-croise.webp","datePublished":"2024-03-01T15:49:18+00:00","dateModified":"2026-03-12T15:40:13+00:00","description":"Saco com fundo cruzado 160 x 350 mm, OPP transparente 30 \u00b5, ideal para chocolates, rebu\u00e7ados e presentes. Apresenta\u00e7\u00e3o elegante e pr\u00e1tica.","breadcrumb":{"@id":"https:\/\/www.csj-emballages.com\/pt-pt\/produit\/100-sacos-descascados-com-fundo-moldado-160-x-350-mm\/#breadcrumb"},"inLanguage":"pt-PT","potentialAction":[{"@type":"ReadAction","target":["https:\/\/www.csj-emballages.com\/pt-pt\/produit\/100-sacos-descascados-com-fundo-moldado-160-x-350-mm\/"]}]},{"@type":"ImageObject","inLanguage":"pt-PT","@id":"https:\/\/www.csj-emballages.com\/pt-pt\/produit\/100-sacos-descascados-com-fundo-moldado-160-x-350-mm\/#primaryimage","url":"https:\/\/www.csj-emballages.com\/wp-content\/uploads\/2024\/03\/Sachets-a-fond-croise.webp","contentUrl":"https:\/\/www.csj-emballages.com\/wp-content\/uploads\/2024\/03\/Sachets-a-fond-croise.webp","width":800,"height":800,"caption":"Sachet \u00e0 fond crois\u00e9"},{"@type":"BreadcrumbList","@id":"https:\/\/www.csj-emballages.com\/pt-pt\/produit\/100-sacos-descascados-com-fundo-moldado-160-x-350-mm\/#breadcrumb","itemListElement":[{"@type":"ListItem","position":1,"name":"Acolhimento","item":"https:\/\/www.csj-emballages.com\/pt-pt\/universo-das-embalagens-alimentares\/"},{"@type":"ListItem","position":2,"name":"Shop","item":"https:\/\/www.csj-emballages.com\/shop\/"},{"@type":"ListItem","position":3,"name":"Saco com fundo cruzado 160 x 350 mm por 100"}]},{"@type":"WebSite","@id":"https:\/\/www.csj-emballages.com\/pt-pt\/#website","url":"https:\/\/www.csj-emballages.com\/pt-pt\/","name":"CSJ Emballages","description":"","publisher":{"@id":"https:\/\/www.csj-emballages.com\/pt-pt\/#organization"},"potentialAction":[{"@type":"SearchAction","target":{"@type":"EntryPoint","urlTemplate":"https:\/\/www.csj-emballages.com\/pt-pt\/?s={search_term_string}"},"query-input":{"@type":"PropertyValueSpecification","valueRequired":true,"valueName":"search_term_string"}}],"inLanguage":"pt-PT"},{"@type":"Organization","@id":"https:\/\/www.csj-emballages.com\/pt-pt\/#Organization\/","name":"CSJ Emballages","url":"https:\/\/www.csj-emballages.com\/pt-pt\/","logo":{"@type":"ImageObject","inLanguage":"pt-PT","@id":"https:\/\/www.csj-emballages.com\/pt-pt\/#\/schema\/logo\/image\/","url":"https:\/\/www.csj-emballages.com\/wp-content\/uploads\/2023\/10\/logo_csj.webp","contentUrl":"https:\/\/www.csj-emballages.com\/wp-content\/uploads\/2023\/10\/logo_csj.webp","width":250,"height":95,"caption":"CSJ Emballages"},"image":{"@id":"https:\/\/www.csj-emballages.com\/pt-pt\/#\/schema\/logo\/image\/"},"sameAs":["https:\/\/www.facebook.com\/csjemballages"],"address":{"@type":"PostalAddress","streetAddress":"ZI La Lechere","addressLocality":"Patornay","postalCode":"39130","addressCountry":"FR"},"contactPoint":[{"@type":"ContactPoint","contactType":"Service client","telephone":"0384254272","email":"contact@csj-emballages.com"}]}]}},"df_price":11.18,"df_sale_price":"","df_regular_price":11.18,"df_image_link":"https:\/\/www.csj-emballages.com\/wp-content\/uploads\/2024\/03\/Sachets-a-fond-croise-300x300.webp","tiered_pricing_type":"fixed","tiered_pricing_fixed_rules":[],"tiered_pricing_percentage_rules":[],"tiered_pricing_minimum":1,"tiered_pricing_roles_data":[],"_links":{"self":[{"href":"https:\/\/www.csj-emballages.com\/pt-pt\/wp-json\/wp\/v2\/product\/23495","targetHints":{"allow":["GET"]}}],"collection":[{"href":"https:\/\/www.csj-emballages.com\/pt-pt\/wp-json\/wp\/v2\/product"}],"about":[{"href":"https:\/\/www.csj-emballages.com\/pt-pt\/wp-json\/wp\/v2\/types\/product"}],"wp:featuredmedia":[{"embeddable":true,"href":"https:\/\/www.csj-emballages.com\/pt-pt\/wp-json\/wp\/v2\/media\/243692"}],"wp:attachment":[{"href":"https:\/\/www.csj-emballages.com\/pt-pt\/wp-json\/wp\/v2\/media?parent=23495"}],"wp:term":[{"taxonomy":"product_brand","embeddable":true,"href":"https:\/\/www.csj-emballages.com\/pt-pt\/wp-json\/wp\/v2\/product_brand?post=23495"},{"taxonomy":"product_cat","embeddable":true,"href":"https:\/\/www.csj-emballages.com\/pt-pt\/wp-json\/wp\/v2\/product_cat?post=23495"},{"taxonomy":"product_tag","embeddable":true,"href":"https:\/\/www.csj-emballages.com\/pt-pt\/wp-json\/wp\/v2\/product_tag?post=23495"}],"curies":[{"name":"wp","href":"https:\/\/api.w.org\/{rel}","templated":true}]}}