{"id":23494,"date":"2024-03-01T16:49:17","date_gmt":"2024-03-01T15:49:17","guid":{"rendered":"https:\/\/u15jnbdpoq.preview.infomaniak.website\/produit\/1000-individuais-de-papel-para-chocolate-30-x-40-cm\/"},"modified":"2026-03-12T16:40:34","modified_gmt":"2026-03-12T15:40:34","slug":"1000-individuais-de-papel-para-chocolate-30-x-40-cm","status":"publish","type":"product","link":"https:\/\/www.csj-emballages.com\/pt-pt\/produit\/1000-individuais-de-papel-para-chocolate-30-x-40-cm\/","title":{"rendered":"Tapete de papel para chocolate 30 x 40 cm por 1000"},"content":{"rendered":"<h2 class=\"p1\">Colocar tapete<\/h2>\n<hr>\n<h3>Descri\u00e7\u00e3o do nosso tapete de chocolate 30 x 40 cm por 1000<\/h3>\n<p><!--more--><\/p>\n<p class=\"\" data-start=\"28\" data-end=\"352\">Escolha estes <strong data-start=\"43\" data-end=\"77\">individuais de papel chocolate de<\/strong> <strong data-start=\"81\" data-end=\"95\">30 x 40 cm<\/strong>, dispon\u00edveis em embalagens de <strong data-start=\"119\" data-end=\"134\">1000<\/strong>, perfeitos para restaurantes, catering, cafetarias e eventos. Elegantes e pr\u00e1ticos, d\u00e3o um toque de limpeza e arruma\u00e7\u00e3o \u00e0s suas mesas, ao mesmo tempo que protegem eficazmente contra as manchas. <\/p>\n<p class=\"\" data-start=\"354\" data-end=\"779\">Fabricados em papel de qualidade, estes <strong>individuais de mesa<\/strong> s\u00e3o recicl\u00e1veis e ecol\u00f3gicos. O seu formato standard adapta-se a todos os tipos de mesa, desde as refei\u00e7\u00f5es no interior at\u00e9 ao servi\u00e7o ao ar livre. Com a sua cor <strong>chocolate<\/strong>, integram-se harmoniosamente em qualquer decora\u00e7\u00e3o e s\u00e3o ideais para expor as suas loi\u00e7as e pratos.  <\/p>\n<p class=\"\" data-start=\"781\" data-end=\"1020\">Em suma, quer se trate de um profissional da restaura\u00e7\u00e3o ou de um organizador de um evento, estes <strong>individuais<\/strong> s\u00e3o uma solu\u00e7\u00e3o higi\u00e9nica, pr\u00e1tica e econ\u00f3mica para decorar as suas mesas e proteger a sua superf\u00edcie.<\/p>\n<p><!--more--><\/p>\n<h4>As suas vantagens:<\/h4>\n<ul>\n<li data-start=\"1063\" data-end=\"1163\"><strong data-start=\"1042\" data-end=\"1067\">Higi\u00e9nico e descart\u00e1vel<\/strong>: facilita a limpeza e limita a propaga\u00e7\u00e3o de bact\u00e9rias.<\/li>\n<li data-start=\"1164\" data-end=\"1241\"><strong data-start=\"1136\" data-end=\"1168\">Formato pr\u00e1tico<\/strong>: tamanho ideal para utiliza\u00e7\u00e3o na restaura\u00e7\u00e3o.<\/li>\n<li data-start=\"1328\" data-end=\"1424\"><strong data-start=\"1227\" data-end=\"1247\">Branco e elegante<\/strong>: Proporciona uma apresenta\u00e7\u00e3o cuidada e adapta-se a todos os estilos.<\/li>\n<li data-start=\"1425\" data-end=\"1500\">Embalagem <strong data-start=\"1318\" data-end=\"1336\">econ\u00f3mica<\/strong>: 1000 unidades, ideal para uso profissional.<\/li>\n<\/ul>\n<p>&nbsp;<\/p>\n<p><!--more--><\/p>\n<h4>Outras informa\u00e7\u00f5es :<\/h4>\n<ul>\n<li><strong>Embalagem<\/strong>: Pacote de 1000<\/li>\n<li><strong>Dimens\u00f5es<\/strong>: 30 x 40 cm<\/li>\n<li><b>Cor: <\/b>Chocolate<\/li>\n<li><strong>Material<\/strong>: Papel<\/li>\n<\/ul>\n<p>&nbsp;<\/p>\n<p><!--more--><\/p>\n<p>Este produto est\u00e1 dispon\u00edvel em v\u00e1rios tamanhos:<span style=\"color: #d12727;\"> <a style=\"color: #d12727;\" href=\"https:\/\/www.csj-emballages.com\/produit\/1000-sets-de-table-papier-bleu-fonce-30-x-40-cm\/\">Azul escuro<\/a> <span style=\"color: #000000;\">\/<\/span> <a style=\"color: #d12727;\" href=\"https:\/\/www.csj-emballages.com\/es\/produit\/1000-manteles-individuales-blancos-30-x-40-cm\/\">Branco<\/a> <span style=\"color: #000000;\">\/<\/span> <a style=\"color: #d12727;\" href=\"https:\/\/www.csj-emballages.com\/es\/produit\/1000-manteles-individuales-de-papel-burdeos-30-x-40-cm\/\">Bordeaux<\/a> <span style=\"color: #000000;\">\/<\/span> <a style=\"color: #d12727;\" href=\"https:\/\/www.csj-emballages.com\/produit\/1000-sets-de-table-papier-gris-30-x-40-cm\/\">Cinzento<\/a> <span style=\"color: #000000;\">\/<\/span> <a style=\"color: #d12727;\" href=\"https:\/\/www.csj-emballages.com\/produit\/1000-sets-de-table-papier-ivoire-30-x-40-cm\/\">Marfim<\/a> <span style=\"color: #000000;\">\/<\/span> <a style=\"color: #d12727;\" href=\"https:\/\/www.csj-emballages.com\/produit\/1000-sets-de-table-papier-jaune-30-x-40-cm\/\">Amarelo<\/a> <span style=\"color: #000000;\">\/<\/span> <a style=\"color: #d12727;\" href=\"https:\/\/www.csj-emballages.com\/es\/produit\/1000-manteles-individuales-de-papel-mandarina-30-x-40-cm\/\">Mandarim<\/a><\/span><\/p>\n<p>&nbsp;<\/p>\n<p><!--more--><\/p>\n<p><a href=\"https:\/\/www.csj-emballages.com\/pt-pt\/categorie-produit\/embalagem-de-alimentos\/restauracao\/guardanapos-jogos-americanos-toalhas-de-mesa\/individuais\/\">Ver o resto da nossa gama de individuais de mesa  <\/a><\/p>\n","protected":false},"excerpt":{"rendered":"<p>Colocar tapete Descri\u00e7\u00e3o do nosso tapete de chocolate 30 x 40 cm por 1000<\/p>\n","protected":false},"featured_media":229554,"template":"","meta":{"_acf_changed":false},"product_brand":[],"product_cat":[1141,1138,1139,3483],"product_tag":[],"class_list":{"0":"post-23494","1":"product","2":"type-product","3":"status-publish","4":"has-post-thumbnail","6":"product_cat-embalagem-de-alimentos","7":"product_cat-restauracao","8":"product_cat-guardanapos-jogos-americanos-toalhas-de-mesa","9":"product_cat-individuais","11":"first","12":"instock","13":"taxable","14":"shipping-taxable","15":"purchasable","16":"product-type-simple"},"acf":[],"yoast_head":"<!-- This site is optimized with the Yoast SEO Premium plugin v26.6 (Yoast SEO v26.6) - https:\/\/yoast.com\/wordpress\/plugins\/seo\/ -->\n<title>Individual de mesa de chocolate 30 x 40 cm por 1000<\/title>\n<meta name=\"description\" content=\"Tapete de papel para chocolate 30 x 40 cm - embalagem de 1000. Ideal para restaurantes, catering e eventos. Recicl\u00e1vel e pr\u00e1tico.\" \/>\n<meta name=\"robots\" content=\"index, follow, max-snippet:-1, max-image-preview:large, max-video-preview:-1\" \/>\n<link rel=\"canonical\" href=\"https:\/\/www.csj-emballages.com\/pt-pt\/produit\/1000-individuais-de-papel-para-chocolate-30-x-40-cm\/\" \/>\n<meta property=\"og:locale\" content=\"pt_PT\" \/>\n<meta property=\"og:type\" content=\"article\" \/>\n<meta property=\"og:title\" content=\"Tapete de papel para chocolate 30 x 40 cm por 1000\" \/>\n<meta property=\"og:description\" content=\"Tapete de papel para chocolate 30 x 40 cm - embalagem de 1000. Ideal para restaurantes, catering e eventos. Recicl\u00e1vel e pr\u00e1tico.\" \/>\n<meta property=\"og:url\" content=\"https:\/\/www.csj-emballages.com\/pt-pt\/produit\/1000-individuais-de-papel-para-chocolate-30-x-40-cm\/\" \/>\n<meta property=\"og:site_name\" content=\"CSJ Emballages\" \/>\n<meta property=\"article:publisher\" content=\"https:\/\/www.facebook.com\/csjemballages\" \/>\n<meta property=\"article:modified_time\" content=\"2026-03-12T15:40:34+00:00\" \/>\n<meta property=\"og:image\" content=\"https:\/\/www.csj-emballages.com\/wp-content\/uploads\/2024\/03\/set-de-table-chocolat-1.webp\" \/>\n\t<meta property=\"og:image:width\" content=\"800\" \/>\n\t<meta property=\"og:image:height\" content=\"800\" \/>\n\t<meta property=\"og:image:type\" content=\"image\/jpeg\" \/>\n<meta name=\"twitter:card\" content=\"summary_large_image\" \/>\n<meta name=\"twitter:label1\" content=\"Tempo estimado de leitura\" \/>\n\t<meta name=\"twitter:data1\" content=\"1 minuto\" \/>\n<script type=\"application\/ld+json\" class=\"yoast-schema-graph\">{\"@context\":\"https:\/\/schema.org\",\"@graph\":[{\"@type\":\"WebPage\",\"@id\":\"https:\/\/www.csj-emballages.com\/pt-pt\/produit\/1000-individuais-de-papel-para-chocolate-30-x-40-cm\/\",\"url\":\"https:\/\/www.csj-emballages.com\/pt-pt\/produit\/1000-individuais-de-papel-para-chocolate-30-x-40-cm\/\",\"name\":\"Individual de mesa de chocolate 30 x 40 cm por 1000\",\"isPartOf\":{\"@id\":\"https:\/\/www.csj-emballages.com\/pt-pt\/#website\"},\"primaryImageOfPage\":{\"@id\":\"https:\/\/www.csj-emballages.com\/pt-pt\/produit\/1000-individuais-de-papel-para-chocolate-30-x-40-cm\/#primaryimage\"},\"image\":{\"@id\":\"https:\/\/www.csj-emballages.com\/pt-pt\/produit\/1000-individuais-de-papel-para-chocolate-30-x-40-cm\/#primaryimage\"},\"thumbnailUrl\":\"https:\/\/www.csj-emballages.com\/wp-content\/uploads\/2024\/03\/set-de-table-chocolat-1.webp\",\"datePublished\":\"2024-03-01T15:49:17+00:00\",\"dateModified\":\"2026-03-12T15:40:34+00:00\",\"description\":\"Tapete de papel para chocolate 30 x 40 cm - embalagem de 1000. Ideal para restaurantes, catering e eventos. Recicl\u00e1vel e pr\u00e1tico.\",\"breadcrumb\":{\"@id\":\"https:\/\/www.csj-emballages.com\/pt-pt\/produit\/1000-individuais-de-papel-para-chocolate-30-x-40-cm\/#breadcrumb\"},\"inLanguage\":\"pt-PT\",\"potentialAction\":[{\"@type\":\"ReadAction\",\"target\":[\"https:\/\/www.csj-emballages.com\/pt-pt\/produit\/1000-individuais-de-papel-para-chocolate-30-x-40-cm\/\"]}]},{\"@type\":\"ImageObject\",\"inLanguage\":\"pt-PT\",\"@id\":\"https:\/\/www.csj-emballages.com\/pt-pt\/produit\/1000-individuais-de-papel-para-chocolate-30-x-40-cm\/#primaryimage\",\"url\":\"https:\/\/www.csj-emballages.com\/wp-content\/uploads\/2024\/03\/set-de-table-chocolat-1.webp\",\"contentUrl\":\"https:\/\/www.csj-emballages.com\/wp-content\/uploads\/2024\/03\/set-de-table-chocolat-1.webp\",\"width\":800,\"height\":800,\"caption\":\"Set de table\"},{\"@type\":\"BreadcrumbList\",\"@id\":\"https:\/\/www.csj-emballages.com\/pt-pt\/produit\/1000-individuais-de-papel-para-chocolate-30-x-40-cm\/#breadcrumb\",\"itemListElement\":[{\"@type\":\"ListItem\",\"position\":1,\"name\":\"Acolhimento\",\"item\":\"https:\/\/www.csj-emballages.com\/pt-pt\/universo-das-embalagens-alimentares\/\"},{\"@type\":\"ListItem\",\"position\":2,\"name\":\"Shop\",\"item\":\"https:\/\/www.csj-emballages.com\/shop\/\"},{\"@type\":\"ListItem\",\"position\":3,\"name\":\"Tapete de papel para chocolate 30 x 40 cm por 1000\"}]},{\"@type\":\"WebSite\",\"@id\":\"https:\/\/www.csj-emballages.com\/pt-pt\/#website\",\"url\":\"https:\/\/www.csj-emballages.com\/pt-pt\/\",\"name\":\"CSJ Emballages\",\"description\":\"\",\"publisher\":{\"@id\":\"https:\/\/www.csj-emballages.com\/pt-pt\/#organization\"},\"potentialAction\":[{\"@type\":\"SearchAction\",\"target\":{\"@type\":\"EntryPoint\",\"urlTemplate\":\"https:\/\/www.csj-emballages.com\/pt-pt\/?s={search_term_string}\"},\"query-input\":{\"@type\":\"PropertyValueSpecification\",\"valueRequired\":true,\"valueName\":\"search_term_string\"}}],\"inLanguage\":\"pt-PT\"},{\"@type\":\"Organization\",\"@id\":\"https:\/\/www.csj-emballages.com\/pt-pt\/#Organization\/\",\"name\":\"CSJ Emballages\",\"url\":\"https:\/\/www.csj-emballages.com\/pt-pt\/\",\"logo\":{\"@type\":\"ImageObject\",\"inLanguage\":\"pt-PT\",\"@id\":\"https:\/\/www.csj-emballages.com\/pt-pt\/#\/schema\/logo\/image\/\",\"url\":\"https:\/\/www.csj-emballages.com\/wp-content\/uploads\/2023\/10\/logo_csj.webp\",\"contentUrl\":\"https:\/\/www.csj-emballages.com\/wp-content\/uploads\/2023\/10\/logo_csj.webp\",\"width\":250,\"height\":95,\"caption\":\"CSJ Emballages\"},\"image\":{\"@id\":\"https:\/\/www.csj-emballages.com\/pt-pt\/#\/schema\/logo\/image\/\"},\"sameAs\":[\"https:\/\/www.facebook.com\/csjemballages\"],\"address\":{\"@type\":\"PostalAddress\",\"streetAddress\":\"ZI La Lechere\",\"addressLocality\":\"Patornay\",\"postalCode\":\"39130\",\"addressCountry\":\"FR\"},\"contactPoint\":[{\"@type\":\"ContactPoint\",\"contactType\":\"Service client\",\"telephone\":\"0384254272\",\"email\":\"contact@csj-emballages.com\"}]}]}<\/script>\n<!-- \/ Yoast SEO Premium plugin. -->","yoast_head_json":{"title":"Individual de mesa de chocolate 30 x 40 cm por 1000","description":"Tapete de papel para chocolate 30 x 40 cm - embalagem de 1000. Ideal para restaurantes, catering e eventos. Recicl\u00e1vel e pr\u00e1tico.","robots":{"index":"index","follow":"follow","max-snippet":"max-snippet:-1","max-image-preview":"max-image-preview:large","max-video-preview":"max-video-preview:-1"},"canonical":"https:\/\/www.csj-emballages.com\/pt-pt\/produit\/1000-individuais-de-papel-para-chocolate-30-x-40-cm\/","og_locale":"pt_PT","og_type":"article","og_title":"Tapete de papel para chocolate 30 x 40 cm por 1000","og_description":"Tapete de papel para chocolate 30 x 40 cm - embalagem de 1000. Ideal para restaurantes, catering e eventos. Recicl\u00e1vel e pr\u00e1tico.","og_url":"https:\/\/www.csj-emballages.com\/pt-pt\/produit\/1000-individuais-de-papel-para-chocolate-30-x-40-cm\/","og_site_name":"CSJ Emballages","article_publisher":"https:\/\/www.facebook.com\/csjemballages","article_modified_time":"2026-03-12T15:40:34+00:00","og_image":[{"width":800,"height":800,"url":"https:\/\/www.csj-emballages.com\/wp-content\/uploads\/2024\/03\/set-de-table-chocolat-1.webp","type":"image\/jpeg"}],"twitter_card":"summary_large_image","twitter_misc":{"Tempo estimado de leitura":"1 minuto"},"schema":{"@context":"https:\/\/schema.org","@graph":[{"@type":"WebPage","@id":"https:\/\/www.csj-emballages.com\/pt-pt\/produit\/1000-individuais-de-papel-para-chocolate-30-x-40-cm\/","url":"https:\/\/www.csj-emballages.com\/pt-pt\/produit\/1000-individuais-de-papel-para-chocolate-30-x-40-cm\/","name":"Individual de mesa de chocolate 30 x 40 cm por 1000","isPartOf":{"@id":"https:\/\/www.csj-emballages.com\/pt-pt\/#website"},"primaryImageOfPage":{"@id":"https:\/\/www.csj-emballages.com\/pt-pt\/produit\/1000-individuais-de-papel-para-chocolate-30-x-40-cm\/#primaryimage"},"image":{"@id":"https:\/\/www.csj-emballages.com\/pt-pt\/produit\/1000-individuais-de-papel-para-chocolate-30-x-40-cm\/#primaryimage"},"thumbnailUrl":"https:\/\/www.csj-emballages.com\/wp-content\/uploads\/2024\/03\/set-de-table-chocolat-1.webp","datePublished":"2024-03-01T15:49:17+00:00","dateModified":"2026-03-12T15:40:34+00:00","description":"Tapete de papel para chocolate 30 x 40 cm - embalagem de 1000. Ideal para restaurantes, catering e eventos. Recicl\u00e1vel e pr\u00e1tico.","breadcrumb":{"@id":"https:\/\/www.csj-emballages.com\/pt-pt\/produit\/1000-individuais-de-papel-para-chocolate-30-x-40-cm\/#breadcrumb"},"inLanguage":"pt-PT","potentialAction":[{"@type":"ReadAction","target":["https:\/\/www.csj-emballages.com\/pt-pt\/produit\/1000-individuais-de-papel-para-chocolate-30-x-40-cm\/"]}]},{"@type":"ImageObject","inLanguage":"pt-PT","@id":"https:\/\/www.csj-emballages.com\/pt-pt\/produit\/1000-individuais-de-papel-para-chocolate-30-x-40-cm\/#primaryimage","url":"https:\/\/www.csj-emballages.com\/wp-content\/uploads\/2024\/03\/set-de-table-chocolat-1.webp","contentUrl":"https:\/\/www.csj-emballages.com\/wp-content\/uploads\/2024\/03\/set-de-table-chocolat-1.webp","width":800,"height":800,"caption":"Set de table"},{"@type":"BreadcrumbList","@id":"https:\/\/www.csj-emballages.com\/pt-pt\/produit\/1000-individuais-de-papel-para-chocolate-30-x-40-cm\/#breadcrumb","itemListElement":[{"@type":"ListItem","position":1,"name":"Acolhimento","item":"https:\/\/www.csj-emballages.com\/pt-pt\/universo-das-embalagens-alimentares\/"},{"@type":"ListItem","position":2,"name":"Shop","item":"https:\/\/www.csj-emballages.com\/shop\/"},{"@type":"ListItem","position":3,"name":"Tapete de papel para chocolate 30 x 40 cm por 1000"}]},{"@type":"WebSite","@id":"https:\/\/www.csj-emballages.com\/pt-pt\/#website","url":"https:\/\/www.csj-emballages.com\/pt-pt\/","name":"CSJ Emballages","description":"","publisher":{"@id":"https:\/\/www.csj-emballages.com\/pt-pt\/#organization"},"potentialAction":[{"@type":"SearchAction","target":{"@type":"EntryPoint","urlTemplate":"https:\/\/www.csj-emballages.com\/pt-pt\/?s={search_term_string}"},"query-input":{"@type":"PropertyValueSpecification","valueRequired":true,"valueName":"search_term_string"}}],"inLanguage":"pt-PT"},{"@type":"Organization","@id":"https:\/\/www.csj-emballages.com\/pt-pt\/#Organization\/","name":"CSJ Emballages","url":"https:\/\/www.csj-emballages.com\/pt-pt\/","logo":{"@type":"ImageObject","inLanguage":"pt-PT","@id":"https:\/\/www.csj-emballages.com\/pt-pt\/#\/schema\/logo\/image\/","url":"https:\/\/www.csj-emballages.com\/wp-content\/uploads\/2023\/10\/logo_csj.webp","contentUrl":"https:\/\/www.csj-emballages.com\/wp-content\/uploads\/2023\/10\/logo_csj.webp","width":250,"height":95,"caption":"CSJ Emballages"},"image":{"@id":"https:\/\/www.csj-emballages.com\/pt-pt\/#\/schema\/logo\/image\/"},"sameAs":["https:\/\/www.facebook.com\/csjemballages"],"address":{"@type":"PostalAddress","streetAddress":"ZI La Lechere","addressLocality":"Patornay","postalCode":"39130","addressCountry":"FR"},"contactPoint":[{"@type":"ContactPoint","contactType":"Service client","telephone":"0384254272","email":"contact@csj-emballages.com"}]}]}},"df_price":46.46,"df_sale_price":"","df_regular_price":46.46,"df_image_link":"https:\/\/www.csj-emballages.com\/wp-content\/uploads\/2024\/03\/set-de-table-chocolat-1-300x300.webp","tiered_pricing_type":"fixed","tiered_pricing_fixed_rules":[],"tiered_pricing_percentage_rules":[],"tiered_pricing_minimum":1,"tiered_pricing_roles_data":[],"_links":{"self":[{"href":"https:\/\/www.csj-emballages.com\/pt-pt\/wp-json\/wp\/v2\/product\/23494","targetHints":{"allow":["GET"]}}],"collection":[{"href":"https:\/\/www.csj-emballages.com\/pt-pt\/wp-json\/wp\/v2\/product"}],"about":[{"href":"https:\/\/www.csj-emballages.com\/pt-pt\/wp-json\/wp\/v2\/types\/product"}],"wp:featuredmedia":[{"embeddable":true,"href":"https:\/\/www.csj-emballages.com\/pt-pt\/wp-json\/wp\/v2\/media\/229554"}],"wp:attachment":[{"href":"https:\/\/www.csj-emballages.com\/pt-pt\/wp-json\/wp\/v2\/media?parent=23494"}],"wp:term":[{"taxonomy":"product_brand","embeddable":true,"href":"https:\/\/www.csj-emballages.com\/pt-pt\/wp-json\/wp\/v2\/product_brand?post=23494"},{"taxonomy":"product_cat","embeddable":true,"href":"https:\/\/www.csj-emballages.com\/pt-pt\/wp-json\/wp\/v2\/product_cat?post=23494"},{"taxonomy":"product_tag","embeddable":true,"href":"https:\/\/www.csj-emballages.com\/pt-pt\/wp-json\/wp\/v2\/product_tag?post=23494"}],"curies":[{"name":"wp","href":"https:\/\/api.w.org\/{rel}","templated":true}]}}