{"id":23481,"date":"2024-03-01T16:49:18","date_gmt":"2024-03-01T15:49:18","guid":{"rendered":"https:\/\/u15jnbdpoq.preview.infomaniak.website\/produit\/tecido-ecru-em-relevo\/"},"modified":"2026-05-04T08:02:05","modified_gmt":"2026-05-04T06:02:05","slug":"tecido-ecru-em-relevo","status":"publish","type":"product","link":"https:\/\/www.csj-emballages.com\/pt-pt\/produit\/tecido-ecru-em-relevo\/","title":{"rendered":"Tecido ecru em relevo"},"content":{"rendered":"<h2>Esfregona<\/h2>\n<hr>\n<h3>Tecido ecru em relevo<\/h3>\n<p><!--more--><\/p>\n<p data-start=\"259\" data-end=\"595\">Esta <strong>esfregona crua com padr\u00e3o waffle<\/strong> foi concebida para quem procura uma solu\u00e7\u00e3o simples, eficaz e duradoura para a limpeza de pavimentos. Gra\u00e7as \u00e0 sua <strong>tecelagem waffle<\/strong>, agarra-se perfeitamente \u00e0 sujidade, facilitando a lavagem e o enxaguamento. Resultado: o pavimento fica limpo mais rapidamente, com menos esfor\u00e7o e menos passagens.  <\/p>\n<p data-start=\"597\" data-end=\"982\">Fabricada a partir de <strong>fibras recicladas<\/strong>, com uma <strong>maioria de algod\u00e3o (m\u00ednimo de 60%)<\/strong>, combina efic\u00e1cia e uma abordagem respons\u00e1vel. O algod\u00e3o proporciona uma boa capacidade de absor\u00e7\u00e3o, enquanto a estrutura waffle melhora a recupera\u00e7\u00e3o de res\u00edduos e \u00e1gua. Esta <strong>esfregona<\/strong> adapta-se, assim, a todos os tipos de <strong>pavimentos, quer sejam ladrilhados, lisos, plastificados ou mais t\u00e9cnicos<\/strong>.  <\/p>\n<p data-start=\"984\" data-end=\"1357\">Concebida para uso profissional, resiste muito bem a lavagens repetidas. Pode ser lavada na m\u00e1quina at\u00e9 <strong data-start=\"1094\" data-end=\"1103\">90 \u00b0C<\/strong>, o que garante uma higiene ideal, mesmo em ambientes exigentes como institui\u00e7\u00f5es p\u00fablicas, cozinhas profissionais, oficinas ou instala\u00e7\u00f5es industriais. Por conseguinte, pode utiliz\u00e1-la diariamente sem recear um desgaste prematuro.  <\/p>\n<p data-start=\"1359\" data-end=\"1649\">A sua <strong>cor crua<\/strong> tamb\u00e9m permite identificar facilmente o n\u00edvel de limpeza e antecipar a lavagem. Pr\u00e1tica, robusta e vers\u00e1til, esta <strong>esfregona<\/strong> torna-se rapidamente um elemento essencial da limpeza, tanto para as equipas de manuten\u00e7\u00e3o como para os profissionais da limpeza. <\/p>\n<p data-start=\"1651\" data-end=\"1782\">Em resumo, \u00e9 um produto fi\u00e1vel, duradouro e simples de utilizar, que responde perfeitamente \u00e0s exig\u00eancias da limpeza profissional.<\/p>\n<p data-start=\"1651\" data-end=\"1782\"><!--more--><\/p>\n<h4 data-start=\"1651\" data-end=\"1782\">Vantagens :<\/h4>\n<ul>\n<li data-start=\"1810\" data-end=\"1869\"><strong>Tecelagem waffle<\/strong> para uma melhor efic\u00e1cia de limpeza.<\/li>\n<li data-start=\"1872\" data-end=\"1925\">Fibras recicladas com <strong>algod\u00e3o maiorit\u00e1rio (m\u00edn. 60%)<\/strong>.<\/li>\n<li data-start=\"1928\" data-end=\"1959\">Adequada para todos os tipos de pavimentos.<\/li>\n<li data-start=\"1962\" data-end=\"1996\">Lav\u00e1vel na m\u00e1quina at\u00e9 <strong>90 \u00b0C<\/strong>.<\/li>\n<li data-start=\"1999\" data-end=\"2047\">Concebida para uso intensivo e profissional.<\/li>\n<\/ul>\n<p>&nbsp;<\/p>\n<p data-start=\"1651\" data-end=\"1782\"><!--more--><\/p>\n<h4 data-start=\"1651\" data-end=\"1782\">Outras informa\u00e7\u00f5es :<\/h4>\n<ul>\n<li><strong>Embalagem<\/strong>: Por unidade<\/li>\n<li><strong>Material<\/strong>: Fibras recicladas de algod\u00e3o<\/li>\n<\/ul>\n<p>&nbsp;<\/p>\n<p><!--more--><\/p>\n<p><a href=\"https:\/\/www.csj-emballages.com\/pt-pt\/universo-da-higiene\/\">Consulte o resto da nossa gama de higiene<\/a><\/p>\n","protected":false},"excerpt":{"rendered":"<p>Esfregona Tecido ecru em relevo<\/p>\n","protected":false},"featured_media":261926,"template":"","meta":{"_acf_changed":false},"product_brand":[],"product_cat":[1222,1422,3488],"product_tag":[],"class_list":{"0":"post-23481","1":"product","2":"type-product","3":"status-publish","4":"has-post-thumbnail","6":"product_cat-higiene-e-manutencao","7":"product_cat-esponjas-panos-de-prato-panos-de-cozinha","8":"product_cat-esfregonas","10":"first","11":"instock","12":"taxable","13":"shipping-taxable","14":"purchasable","15":"product-type-simple"},"acf":[],"yoast_head":"<!-- This site is optimized with the Yoast SEO Premium plugin v26.6 (Yoast SEO v26.6) - https:\/\/yoast.com\/wordpress\/plugins\/seo\/ -->\n<title>Esfregona Crua Gaufrada<\/title>\n<meta name=\"description\" content=\"Esfregona crua gaufada absorvente e resistente, ideal para a limpeza de pavimentos. Formato pr\u00e1tico para uso profissional ou dom\u00e9stico.\" \/>\n<meta name=\"robots\" content=\"index, follow, max-snippet:-1, max-image-preview:large, max-video-preview:-1\" \/>\n<link rel=\"canonical\" href=\"https:\/\/www.csj-emballages.com\/pt-pt\/produit\/tecido-ecru-em-relevo\/\" \/>\n<meta property=\"og:locale\" content=\"pt_PT\" \/>\n<meta property=\"og:type\" content=\"article\" \/>\n<meta property=\"og:title\" content=\"Tecido ecru em relevo\" \/>\n<meta property=\"og:description\" content=\"Esfregona crua gaufada absorvente e resistente, ideal para a limpeza de pavimentos. Formato pr\u00e1tico para uso profissional ou dom\u00e9stico.\" \/>\n<meta property=\"og:url\" content=\"https:\/\/www.csj-emballages.com\/pt-pt\/produit\/tecido-ecru-em-relevo\/\" \/>\n<meta property=\"og:site_name\" content=\"CSJ Emballages\" \/>\n<meta property=\"article:publisher\" content=\"https:\/\/www.facebook.com\/csjemballages\" \/>\n<meta property=\"article:modified_time\" content=\"2026-05-04T06:02:05+00:00\" \/>\n<meta property=\"og:image\" content=\"https:\/\/www.csj-emballages.com\/wp-content\/uploads\/2024\/03\/Serpilliere.webp\" \/>\n\t<meta property=\"og:image:width\" content=\"800\" \/>\n\t<meta property=\"og:image:height\" content=\"800\" \/>\n\t<meta property=\"og:image:type\" content=\"image\/webp\" \/>\n<meta name=\"twitter:card\" content=\"summary_large_image\" \/>\n<meta name=\"twitter:label1\" content=\"Tempo estimado de leitura\" \/>\n\t<meta name=\"twitter:data1\" content=\"2 minutos\" \/>\n<script type=\"application\/ld+json\" class=\"yoast-schema-graph\">{\"@context\":\"https:\/\/schema.org\",\"@graph\":[{\"@type\":\"WebPage\",\"@id\":\"https:\/\/www.csj-emballages.com\/pt-pt\/produit\/tecido-ecru-em-relevo\/\",\"url\":\"https:\/\/www.csj-emballages.com\/pt-pt\/produit\/tecido-ecru-em-relevo\/\",\"name\":\"Esfregona Crua Gaufrada\",\"isPartOf\":{\"@id\":\"https:\/\/www.csj-emballages.com\/pt-pt\/#website\"},\"primaryImageOfPage\":{\"@id\":\"https:\/\/www.csj-emballages.com\/pt-pt\/produit\/tecido-ecru-em-relevo\/#primaryimage\"},\"image\":{\"@id\":\"https:\/\/www.csj-emballages.com\/pt-pt\/produit\/tecido-ecru-em-relevo\/#primaryimage\"},\"thumbnailUrl\":\"https:\/\/www.csj-emballages.com\/wp-content\/uploads\/2024\/03\/Serpilliere.webp\",\"datePublished\":\"2024-03-01T15:49:18+00:00\",\"dateModified\":\"2026-05-04T06:02:05+00:00\",\"description\":\"Esfregona crua gaufada absorvente e resistente, ideal para a limpeza de pavimentos. Formato pr\u00e1tico para uso profissional ou dom\u00e9stico.\",\"breadcrumb\":{\"@id\":\"https:\/\/www.csj-emballages.com\/pt-pt\/produit\/tecido-ecru-em-relevo\/#breadcrumb\"},\"inLanguage\":\"pt-PT\",\"potentialAction\":[{\"@type\":\"ReadAction\",\"target\":[\"https:\/\/www.csj-emballages.com\/pt-pt\/produit\/tecido-ecru-em-relevo\/\"]}]},{\"@type\":\"ImageObject\",\"inLanguage\":\"pt-PT\",\"@id\":\"https:\/\/www.csj-emballages.com\/pt-pt\/produit\/tecido-ecru-em-relevo\/#primaryimage\",\"url\":\"https:\/\/www.csj-emballages.com\/wp-content\/uploads\/2024\/03\/Serpilliere.webp\",\"contentUrl\":\"https:\/\/www.csj-emballages.com\/wp-content\/uploads\/2024\/03\/Serpilliere.webp\",\"width\":800,\"height\":800,\"caption\":\"Serpilli\u00e8re\"},{\"@type\":\"BreadcrumbList\",\"@id\":\"https:\/\/www.csj-emballages.com\/pt-pt\/produit\/tecido-ecru-em-relevo\/#breadcrumb\",\"itemListElement\":[{\"@type\":\"ListItem\",\"position\":1,\"name\":\"Acolhimento\",\"item\":\"https:\/\/www.csj-emballages.com\/pt-pt\/universo-das-embalagens-alimentares\/\"},{\"@type\":\"ListItem\",\"position\":2,\"name\":\"Shop\",\"item\":\"https:\/\/www.csj-emballages.com\/shop\/\"},{\"@type\":\"ListItem\",\"position\":3,\"name\":\"Tecido ecru em relevo\"}]},{\"@type\":\"WebSite\",\"@id\":\"https:\/\/www.csj-emballages.com\/pt-pt\/#website\",\"url\":\"https:\/\/www.csj-emballages.com\/pt-pt\/\",\"name\":\"CSJ Emballages\",\"description\":\"\",\"publisher\":{\"@id\":\"https:\/\/www.csj-emballages.com\/pt-pt\/#organization\"},\"potentialAction\":[{\"@type\":\"SearchAction\",\"target\":{\"@type\":\"EntryPoint\",\"urlTemplate\":\"https:\/\/www.csj-emballages.com\/pt-pt\/?s={search_term_string}\"},\"query-input\":{\"@type\":\"PropertyValueSpecification\",\"valueRequired\":true,\"valueName\":\"search_term_string\"}}],\"inLanguage\":\"pt-PT\"},{\"@type\":\"Organization\",\"@id\":\"https:\/\/www.csj-emballages.com\/pt-pt\/#Organization\/\",\"name\":\"CSJ Emballages\",\"url\":\"https:\/\/www.csj-emballages.com\/pt-pt\/\",\"logo\":{\"@type\":\"ImageObject\",\"inLanguage\":\"pt-PT\",\"@id\":\"https:\/\/www.csj-emballages.com\/pt-pt\/#\/schema\/logo\/image\/\",\"url\":\"https:\/\/www.csj-emballages.com\/wp-content\/uploads\/2023\/10\/logo_csj.webp\",\"contentUrl\":\"https:\/\/www.csj-emballages.com\/wp-content\/uploads\/2023\/10\/logo_csj.webp\",\"width\":250,\"height\":95,\"caption\":\"CSJ Emballages\"},\"image\":{\"@id\":\"https:\/\/www.csj-emballages.com\/pt-pt\/#\/schema\/logo\/image\/\"},\"sameAs\":[\"https:\/\/www.facebook.com\/csjemballages\"],\"address\":{\"@type\":\"PostalAddress\",\"streetAddress\":\"ZI La Lechere\",\"addressLocality\":\"Patornay\",\"postalCode\":\"39130\",\"addressCountry\":\"FR\"},\"contactPoint\":[{\"@type\":\"ContactPoint\",\"contactType\":\"Service client\",\"telephone\":\"0384254272\",\"email\":\"contact@csj-emballages.com\"}]}]}<\/script>\n<!-- \/ Yoast SEO Premium plugin. -->","yoast_head_json":{"title":"Esfregona Crua Gaufrada","description":"Esfregona crua gaufada absorvente e resistente, ideal para a limpeza de pavimentos. Formato pr\u00e1tico para uso profissional ou dom\u00e9stico.","robots":{"index":"index","follow":"follow","max-snippet":"max-snippet:-1","max-image-preview":"max-image-preview:large","max-video-preview":"max-video-preview:-1"},"canonical":"https:\/\/www.csj-emballages.com\/pt-pt\/produit\/tecido-ecru-em-relevo\/","og_locale":"pt_PT","og_type":"article","og_title":"Tecido ecru em relevo","og_description":"Esfregona crua gaufada absorvente e resistente, ideal para a limpeza de pavimentos. Formato pr\u00e1tico para uso profissional ou dom\u00e9stico.","og_url":"https:\/\/www.csj-emballages.com\/pt-pt\/produit\/tecido-ecru-em-relevo\/","og_site_name":"CSJ Emballages","article_publisher":"https:\/\/www.facebook.com\/csjemballages","article_modified_time":"2026-05-04T06:02:05+00:00","og_image":[{"width":800,"height":800,"url":"https:\/\/www.csj-emballages.com\/wp-content\/uploads\/2024\/03\/Serpilliere.webp","type":"image\/webp"}],"twitter_card":"summary_large_image","twitter_misc":{"Tempo estimado de leitura":"2 minutos"},"schema":{"@context":"https:\/\/schema.org","@graph":[{"@type":"WebPage","@id":"https:\/\/www.csj-emballages.com\/pt-pt\/produit\/tecido-ecru-em-relevo\/","url":"https:\/\/www.csj-emballages.com\/pt-pt\/produit\/tecido-ecru-em-relevo\/","name":"Esfregona Crua Gaufrada","isPartOf":{"@id":"https:\/\/www.csj-emballages.com\/pt-pt\/#website"},"primaryImageOfPage":{"@id":"https:\/\/www.csj-emballages.com\/pt-pt\/produit\/tecido-ecru-em-relevo\/#primaryimage"},"image":{"@id":"https:\/\/www.csj-emballages.com\/pt-pt\/produit\/tecido-ecru-em-relevo\/#primaryimage"},"thumbnailUrl":"https:\/\/www.csj-emballages.com\/wp-content\/uploads\/2024\/03\/Serpilliere.webp","datePublished":"2024-03-01T15:49:18+00:00","dateModified":"2026-05-04T06:02:05+00:00","description":"Esfregona crua gaufada absorvente e resistente, ideal para a limpeza de pavimentos. Formato pr\u00e1tico para uso profissional ou dom\u00e9stico.","breadcrumb":{"@id":"https:\/\/www.csj-emballages.com\/pt-pt\/produit\/tecido-ecru-em-relevo\/#breadcrumb"},"inLanguage":"pt-PT","potentialAction":[{"@type":"ReadAction","target":["https:\/\/www.csj-emballages.com\/pt-pt\/produit\/tecido-ecru-em-relevo\/"]}]},{"@type":"ImageObject","inLanguage":"pt-PT","@id":"https:\/\/www.csj-emballages.com\/pt-pt\/produit\/tecido-ecru-em-relevo\/#primaryimage","url":"https:\/\/www.csj-emballages.com\/wp-content\/uploads\/2024\/03\/Serpilliere.webp","contentUrl":"https:\/\/www.csj-emballages.com\/wp-content\/uploads\/2024\/03\/Serpilliere.webp","width":800,"height":800,"caption":"Serpilli\u00e8re"},{"@type":"BreadcrumbList","@id":"https:\/\/www.csj-emballages.com\/pt-pt\/produit\/tecido-ecru-em-relevo\/#breadcrumb","itemListElement":[{"@type":"ListItem","position":1,"name":"Acolhimento","item":"https:\/\/www.csj-emballages.com\/pt-pt\/universo-das-embalagens-alimentares\/"},{"@type":"ListItem","position":2,"name":"Shop","item":"https:\/\/www.csj-emballages.com\/shop\/"},{"@type":"ListItem","position":3,"name":"Tecido ecru em relevo"}]},{"@type":"WebSite","@id":"https:\/\/www.csj-emballages.com\/pt-pt\/#website","url":"https:\/\/www.csj-emballages.com\/pt-pt\/","name":"CSJ Emballages","description":"","publisher":{"@id":"https:\/\/www.csj-emballages.com\/pt-pt\/#organization"},"potentialAction":[{"@type":"SearchAction","target":{"@type":"EntryPoint","urlTemplate":"https:\/\/www.csj-emballages.com\/pt-pt\/?s={search_term_string}"},"query-input":{"@type":"PropertyValueSpecification","valueRequired":true,"valueName":"search_term_string"}}],"inLanguage":"pt-PT"},{"@type":"Organization","@id":"https:\/\/www.csj-emballages.com\/pt-pt\/#Organization\/","name":"CSJ Emballages","url":"https:\/\/www.csj-emballages.com\/pt-pt\/","logo":{"@type":"ImageObject","inLanguage":"pt-PT","@id":"https:\/\/www.csj-emballages.com\/pt-pt\/#\/schema\/logo\/image\/","url":"https:\/\/www.csj-emballages.com\/wp-content\/uploads\/2023\/10\/logo_csj.webp","contentUrl":"https:\/\/www.csj-emballages.com\/wp-content\/uploads\/2023\/10\/logo_csj.webp","width":250,"height":95,"caption":"CSJ Emballages"},"image":{"@id":"https:\/\/www.csj-emballages.com\/pt-pt\/#\/schema\/logo\/image\/"},"sameAs":["https:\/\/www.facebook.com\/csjemballages"],"address":{"@type":"PostalAddress","streetAddress":"ZI La Lechere","addressLocality":"Patornay","postalCode":"39130","addressCountry":"FR"},"contactPoint":[{"@type":"ContactPoint","contactType":"Service client","telephone":"0384254272","email":"contact@csj-emballages.com"}]}]}},"df_price":1.5,"df_sale_price":"","df_regular_price":1.5,"df_image_link":"https:\/\/www.csj-emballages.com\/wp-content\/uploads\/2024\/03\/Serpilliere-300x300.webp","tiered_pricing_type":"fixed","tiered_pricing_fixed_rules":[],"tiered_pricing_percentage_rules":[],"tiered_pricing_minimum":1,"tiered_pricing_roles_data":[],"_links":{"self":[{"href":"https:\/\/www.csj-emballages.com\/pt-pt\/wp-json\/wp\/v2\/product\/23481","targetHints":{"allow":["GET"]}}],"collection":[{"href":"https:\/\/www.csj-emballages.com\/pt-pt\/wp-json\/wp\/v2\/product"}],"about":[{"href":"https:\/\/www.csj-emballages.com\/pt-pt\/wp-json\/wp\/v2\/types\/product"}],"wp:featuredmedia":[{"embeddable":true,"href":"https:\/\/www.csj-emballages.com\/pt-pt\/wp-json\/wp\/v2\/media\/261926"}],"wp:attachment":[{"href":"https:\/\/www.csj-emballages.com\/pt-pt\/wp-json\/wp\/v2\/media?parent=23481"}],"wp:term":[{"taxonomy":"product_brand","embeddable":true,"href":"https:\/\/www.csj-emballages.com\/pt-pt\/wp-json\/wp\/v2\/product_brand?post=23481"},{"taxonomy":"product_cat","embeddable":true,"href":"https:\/\/www.csj-emballages.com\/pt-pt\/wp-json\/wp\/v2\/product_cat?post=23481"},{"taxonomy":"product_tag","embeddable":true,"href":"https:\/\/www.csj-emballages.com\/pt-pt\/wp-json\/wp\/v2\/product_tag?post=23481"}],"curies":[{"name":"wp","href":"https:\/\/api.w.org\/{rel}","templated":true}]}}