{"id":23429,"date":"2024-03-01T16:49:20","date_gmt":"2024-03-01T15:49:20","guid":{"rendered":"https:\/\/u15jnbdpoq.preview.infomaniak.website\/produit\/50-sacos-diamantados-transparentes-60-4-x-30-mm-reforcos-x-580-mm\/"},"modified":"2026-03-18T02:16:22","modified_gmt":"2026-03-18T01:16:22","slug":"50-sacos-diamantados-transparentes-60-4-x-30-mm-reforcos-x-580-mm","status":"publish","type":"product","link":"https:\/\/www.csj-emballages.com\/pt-pt\/produit\/50-sacos-diamantados-transparentes-60-4-x-30-mm-reforcos-x-580-mm\/","title":{"rendered":"Saco diamantado transparente 60 + (4 refor\u00e7os de 30 mm) x 580 mm por 50"},"content":{"rendered":"<h2 class=\"p1\">Saco de diamantes<\/h2>\n<hr>\n<h3>Descri\u00e7\u00e3o do nosso saco transparente em forma de diamante 60 + (4 refor\u00e7os de 30 mm) x 580 mm por 50<\/h3>\n<p><!--more--><\/p>\n<p data-start=\"30\" data-end=\"491\">Ofere\u00e7a uma <strong data-start=\"41\" data-end=\"66\">apresenta\u00e7\u00e3o elegante<\/strong> e profissional \u00e0s suas cria\u00e7\u00f5es com o <strong data-start=\"111\" data-end=\"186\">saco diamante transparente 60 + (4 foles de 30 mm) x 580 mm<\/strong>. Concebido em <strong data-start=\"197\" data-end=\"203\">PP<\/strong> (polipropileno) de alta qualidade, este <strong data-start=\"241\" data-end=\"267\">saco com foles laterais<\/strong> combina <strong data-start=\"276\" data-end=\"288\">solidez<\/strong>, <strong data-start=\"290\" data-end=\"318\">transpar\u00eancia cristalina<\/strong> e praticidade. Gra\u00e7as ao seu <strong data-start=\"345\" data-end=\"372\">fole lateral duplo<\/strong> de <strong>30 mm<\/strong>, adapta-se perfeitamente \u00e0s formas generosas, conservando uma valoriza\u00e7\u00e3o \u00f3tima do conte\u00fado.<\/p>\n<p data-start=\"493\" data-end=\"897\">Torna-se, assim, a solu\u00e7\u00e3o ideal para embalar <strong data-start=\"660\" data-end=\"685\">figuras de chocolate<\/strong>, <strong data-start=\"691\" data-end=\"725\">embalagens de frutos gulosos<\/strong> ou, ainda, <strong data-start=\"741\" data-end=\"776\">composi\u00e7\u00f5es florais requintadas<\/strong>. A sua <strong data-start=\"781\" data-end=\"802\">altura de 580 mm<\/strong> permite manter os produtos bem protegidos, oferecendo simultaneamente uma apresenta\u00e7\u00e3o impec\u00e1vel.<\/p>\n<p data-start=\"899\" data-end=\"1294\">Al\u00e9m disso, a <strong data-start=\"911\" data-end=\"936\">transpar\u00eancia perfeita<\/strong> deste <strong>saco diamante<\/strong> real\u00e7a a cor, a textura e a originalidade das suas cria\u00e7\u00f5es, o que faz dele uma mais-valia para os profissionais da <strong data-start=\"1079\" data-end=\"1093\">confeitaria<\/strong>, da <strong data-start=\"1101\" data-end=\"1115\">pastelaria<\/strong> ou da <strong data-start=\"1125\" data-end=\"1147\">decora\u00e7\u00e3o floral<\/strong>. Pode personalizar facilmente a embalagem com uma fita, um r\u00f3tulo ou um autocolante para refor\u00e7ar a identidade visual da sua marca.<\/p>\n<p data-start=\"1296\" data-end=\"1724\">Ao escolher este <strong>saco<\/strong>, beneficia de uma <strong data-start=\"1343\" data-end=\"1379\">embalagem pr\u00e1tica e est\u00e9tica<\/strong>, pronta para seduzir os seus clientes logo ao primeiro olhar. A sua resist\u00eancia ao rasgo garante a seguran\u00e7a dos produtos, mesmo durante o transporte ou a manipula\u00e7\u00e3o na loja. Por fim, vendido em lote de <strong>50 unidades<\/strong>, constitui uma excelente rela\u00e7\u00e3o qualidade-pre\u00e7o para os profissionais que procuram uma <strong data-start=\"1679\" data-end=\"1706\">embalagem de alta qualidade<\/strong> e funcional.<\/p>\n<p data-start=\"1367\" data-end=\"1669\"><!--more--><\/p>\n<h4 data-start=\"1367\" data-end=\"1669\">Vantagens :<\/h4>\n<ul>\n<li data-start=\"1367\" data-end=\"1669\"><strong data-start=\"1948\" data-end=\"1975\">Refor\u00e7o lateral duplo<\/strong> para um volume generoso e uma modela\u00e7\u00e3o f\u00e1cil.<\/li>\n<li data-start=\"1367\" data-end=\"1669\"><strong data-start=\"2033\" data-end=\"2057\">Transparente<\/strong> para real\u00e7ar as suas cria\u00e7\u00f5es gourmet ou decorativas.<\/li>\n<li data-start=\"1367\" data-end=\"1669\"><strong data-start=\"2116\" data-end=\"2135\">Formato pr\u00e1tico<\/strong> para presentes maiores.<\/li>\n<li data-start=\"1367\" data-end=\"1669\"><strong data-start=\"2191\" data-end=\"2218\">Polipropileno resistente<\/strong>, ideal para transporte e apresenta\u00e7\u00e3o.<\/li>\n<\/ul>\n<p>&nbsp;<\/p>\n<p><!--more--><\/p>\n<h4>Outras informa\u00e7\u00f5es :<\/h4>\n<ul>\n<li><strong>Embalagem<\/strong>: Pacote de 50<\/li>\n<li><strong>Dimens\u00f5es<\/strong>: 60 + (4 x 30 mm refor\u00e7os) x 580 mm<\/li>\n<li><strong>Cor<\/strong>: Transparente<\/li>\n<li><strong>Material<\/strong>: PP (polipropileno)<\/li>\n<\/ul>\n<p>&nbsp;<\/p>\n<p><!--more--><\/p>\n<p>Este saco de diamantes est\u00e1 dispon\u00edvel em diferentes tamanhos: <span style=\"color: #d12727;\"><a style=\"color: #d12727;\" href=\"https:\/\/www.csj-emballages.com\/produit\/50-sachets-diamant-transparents-65-4-soufflets-de-30-mm-x-400-mm\/\">65 + (4 refor\u00e7os de 30 mm) x 400 mm \u00d811,5 cm<\/a><\/span> \/ <span style=\"color: #d12727;\"><a style=\"color: #d12727;\" href=\"https:\/\/www.csj-emballages.com\/produit\/50-sachets-diamant-transparents-60-4-soufflets-de-30-mm-x-580-mm\/\">85 + (4 refor\u00e7os de 40 mm) x 500 mm \u00d816 cm<\/a><\/span> \/ <span style=\"color: #d12727;\"><a style=\"color: #d12727;\" href=\"https:\/\/www.csj-emballages.com\/produit\/50-maxi-sachets-diamant-transparents-110-4-soufflets-de-50-mm-x-600-mm\/\">110 + (4 x 50 mm de refor\u00e7o) x 600 mm<\/a><\/span><\/p>\n<p>&nbsp;<\/p>\n<p><!--more--><\/p>\n<p><a href=\"https:\/\/www.csj-emballages.com\/pt-pt\/categorie-produit\/embalagem-de-alimentos\/padaria-e-pastelaria\/sacos-saquetas-e-papel\/sacos-de-confeitaria\/sacos-de-diamantes\/\">Ver o resto da nossa gama de sacos com diamantes<\/a><\/p>\n","protected":false},"excerpt":{"rendered":"<p>Saco de diamantes Descri\u00e7\u00e3o do nosso saco transparente em forma de diamante 60 + (4 refor\u00e7os de 30 mm) x 580 mm por 50<\/p>\n","protected":false},"featured_media":243432,"template":"","meta":{"_acf_changed":false},"product_brand":[],"product_cat":[1141,1177,1655,3470,1482,1267],"product_tag":[],"class_list":{"0":"post-23429","1":"product","2":"type-product","3":"status-publish","4":"has-post-thumbnail","6":"product_cat-embalagem-de-alimentos","7":"product_cat-padaria-e-pastelaria","8":"product_cat-sacos-de-confeitaria","9":"product_cat-sacos-de-diamantes","10":"product_cat-loja-e-armazem","11":"product_cat-descontos-promocoes","13":"first","14":"instock","15":"sale","16":"taxable","17":"shipping-taxable","18":"purchasable","19":"product-type-simple"},"acf":[],"yoast_head":"<!-- This site is optimized with the Yoast SEO Premium plugin v26.6 (Yoast SEO v26.6) - https:\/\/yoast.com\/wordpress\/plugins\/seo\/ -->\n<title>Saco diamantado transparente 60 + (4 x 30 mm refor\u00e7os) x 580 mm<\/title>\n<meta name=\"description\" content=\"Saco diamante transparente, com foles duplos, ideal para chocolates, frutas ou flores. Embalagem de 50 unidades para uma embalagem elegante e resistente.\" \/>\n<meta name=\"robots\" content=\"index, follow, max-snippet:-1, max-image-preview:large, max-video-preview:-1\" \/>\n<link rel=\"canonical\" href=\"https:\/\/www.csj-emballages.com\/pt-pt\/produit\/50-sacos-diamantados-transparentes-60-4-x-30-mm-reforcos-x-580-mm\/\" \/>\n<meta property=\"og:locale\" content=\"pt_PT\" \/>\n<meta property=\"og:type\" content=\"article\" \/>\n<meta property=\"og:title\" content=\"Saco diamantado transparente 60 + (4 refor\u00e7os de 30 mm) x 580 mm por 50\" \/>\n<meta property=\"og:description\" content=\"Saco diamante transparente, com foles duplos, ideal para chocolates, frutas ou flores. Embalagem de 50 unidades para uma embalagem elegante e resistente.\" \/>\n<meta property=\"og:url\" content=\"https:\/\/www.csj-emballages.com\/pt-pt\/produit\/50-sacos-diamantados-transparentes-60-4-x-30-mm-reforcos-x-580-mm\/\" \/>\n<meta property=\"og:site_name\" content=\"CSJ Emballages\" \/>\n<meta property=\"article:publisher\" content=\"https:\/\/www.facebook.com\/csjemballages\" \/>\n<meta property=\"article:modified_time\" content=\"2026-03-18T01:16:22+00:00\" \/>\n<meta property=\"og:image\" content=\"https:\/\/www.csj-emballages.com\/wp-content\/uploads\/2024\/03\/Sachets-diamants.webp\" \/>\n\t<meta property=\"og:image:width\" content=\"800\" \/>\n\t<meta property=\"og:image:height\" content=\"800\" \/>\n\t<meta property=\"og:image:type\" content=\"image\/webp\" \/>\n<meta name=\"twitter:card\" content=\"summary_large_image\" \/>\n<meta name=\"twitter:label1\" content=\"Tempo estimado de leitura\" \/>\n\t<meta name=\"twitter:data1\" content=\"2 minutos\" \/>\n<script type=\"application\/ld+json\" class=\"yoast-schema-graph\">{\"@context\":\"https:\/\/schema.org\",\"@graph\":[{\"@type\":\"WebPage\",\"@id\":\"https:\/\/www.csj-emballages.com\/pt-pt\/produit\/50-sacos-diamantados-transparentes-60-4-x-30-mm-reforcos-x-580-mm\/\",\"url\":\"https:\/\/www.csj-emballages.com\/pt-pt\/produit\/50-sacos-diamantados-transparentes-60-4-x-30-mm-reforcos-x-580-mm\/\",\"name\":\"Saco diamantado transparente 60 + (4 x 30 mm refor\u00e7os) x 580 mm\",\"isPartOf\":{\"@id\":\"https:\/\/www.csj-emballages.com\/pt-pt\/#website\"},\"primaryImageOfPage\":{\"@id\":\"https:\/\/www.csj-emballages.com\/pt-pt\/produit\/50-sacos-diamantados-transparentes-60-4-x-30-mm-reforcos-x-580-mm\/#primaryimage\"},\"image\":{\"@id\":\"https:\/\/www.csj-emballages.com\/pt-pt\/produit\/50-sacos-diamantados-transparentes-60-4-x-30-mm-reforcos-x-580-mm\/#primaryimage\"},\"thumbnailUrl\":\"https:\/\/www.csj-emballages.com\/wp-content\/uploads\/2024\/03\/Sachets-diamants.webp\",\"datePublished\":\"2024-03-01T15:49:20+00:00\",\"dateModified\":\"2026-03-18T01:16:22+00:00\",\"description\":\"Saco diamante transparente, com foles duplos, ideal para chocolates, frutas ou flores. Embalagem de 50 unidades para uma embalagem elegante e resistente.\",\"breadcrumb\":{\"@id\":\"https:\/\/www.csj-emballages.com\/pt-pt\/produit\/50-sacos-diamantados-transparentes-60-4-x-30-mm-reforcos-x-580-mm\/#breadcrumb\"},\"inLanguage\":\"pt-PT\",\"potentialAction\":[{\"@type\":\"ReadAction\",\"target\":[\"https:\/\/www.csj-emballages.com\/pt-pt\/produit\/50-sacos-diamantados-transparentes-60-4-x-30-mm-reforcos-x-580-mm\/\"]}]},{\"@type\":\"ImageObject\",\"inLanguage\":\"pt-PT\",\"@id\":\"https:\/\/www.csj-emballages.com\/pt-pt\/produit\/50-sacos-diamantados-transparentes-60-4-x-30-mm-reforcos-x-580-mm\/#primaryimage\",\"url\":\"https:\/\/www.csj-emballages.com\/wp-content\/uploads\/2024\/03\/Sachets-diamants.webp\",\"contentUrl\":\"https:\/\/www.csj-emballages.com\/wp-content\/uploads\/2024\/03\/Sachets-diamants.webp\",\"width\":800,\"height\":800,\"caption\":\"Sachet diamant\"},{\"@type\":\"BreadcrumbList\",\"@id\":\"https:\/\/www.csj-emballages.com\/pt-pt\/produit\/50-sacos-diamantados-transparentes-60-4-x-30-mm-reforcos-x-580-mm\/#breadcrumb\",\"itemListElement\":[{\"@type\":\"ListItem\",\"position\":1,\"name\":\"Acolhimento\",\"item\":\"https:\/\/www.csj-emballages.com\/pt-pt\/universo-das-embalagens-alimentares\/\"},{\"@type\":\"ListItem\",\"position\":2,\"name\":\"Shop\",\"item\":\"https:\/\/www.csj-emballages.com\/shop\/\"},{\"@type\":\"ListItem\",\"position\":3,\"name\":\"Saco diamantado transparente 60 + (4 refor\u00e7os de 30 mm) x 580 mm por 50\"}]},{\"@type\":\"WebSite\",\"@id\":\"https:\/\/www.csj-emballages.com\/pt-pt\/#website\",\"url\":\"https:\/\/www.csj-emballages.com\/pt-pt\/\",\"name\":\"CSJ Emballages\",\"description\":\"\",\"publisher\":{\"@id\":\"https:\/\/www.csj-emballages.com\/pt-pt\/#organization\"},\"potentialAction\":[{\"@type\":\"SearchAction\",\"target\":{\"@type\":\"EntryPoint\",\"urlTemplate\":\"https:\/\/www.csj-emballages.com\/pt-pt\/?s={search_term_string}\"},\"query-input\":{\"@type\":\"PropertyValueSpecification\",\"valueRequired\":true,\"valueName\":\"search_term_string\"}}],\"inLanguage\":\"pt-PT\"},{\"@type\":\"Organization\",\"@id\":\"https:\/\/www.csj-emballages.com\/pt-pt\/#Organization\/\",\"name\":\"CSJ Emballages\",\"url\":\"https:\/\/www.csj-emballages.com\/pt-pt\/\",\"logo\":{\"@type\":\"ImageObject\",\"inLanguage\":\"pt-PT\",\"@id\":\"https:\/\/www.csj-emballages.com\/pt-pt\/#\/schema\/logo\/image\/\",\"url\":\"https:\/\/www.csj-emballages.com\/wp-content\/uploads\/2023\/10\/logo_csj.webp\",\"contentUrl\":\"https:\/\/www.csj-emballages.com\/wp-content\/uploads\/2023\/10\/logo_csj.webp\",\"width\":250,\"height\":95,\"caption\":\"CSJ Emballages\"},\"image\":{\"@id\":\"https:\/\/www.csj-emballages.com\/pt-pt\/#\/schema\/logo\/image\/\"},\"sameAs\":[\"https:\/\/www.facebook.com\/csjemballages\"],\"address\":{\"@type\":\"PostalAddress\",\"streetAddress\":\"ZI La Lechere\",\"addressLocality\":\"Patornay\",\"postalCode\":\"39130\",\"addressCountry\":\"FR\"},\"contactPoint\":[{\"@type\":\"ContactPoint\",\"contactType\":\"Service client\",\"telephone\":\"0384254272\",\"email\":\"contact@csj-emballages.com\"}]}]}<\/script>\n<!-- \/ Yoast SEO Premium plugin. -->","yoast_head_json":{"title":"Saco diamantado transparente 60 + (4 x 30 mm refor\u00e7os) x 580 mm","description":"Saco diamante transparente, com foles duplos, ideal para chocolates, frutas ou flores. Embalagem de 50 unidades para uma embalagem elegante e resistente.","robots":{"index":"index","follow":"follow","max-snippet":"max-snippet:-1","max-image-preview":"max-image-preview:large","max-video-preview":"max-video-preview:-1"},"canonical":"https:\/\/www.csj-emballages.com\/pt-pt\/produit\/50-sacos-diamantados-transparentes-60-4-x-30-mm-reforcos-x-580-mm\/","og_locale":"pt_PT","og_type":"article","og_title":"Saco diamantado transparente 60 + (4 refor\u00e7os de 30 mm) x 580 mm por 50","og_description":"Saco diamante transparente, com foles duplos, ideal para chocolates, frutas ou flores. Embalagem de 50 unidades para uma embalagem elegante e resistente.","og_url":"https:\/\/www.csj-emballages.com\/pt-pt\/produit\/50-sacos-diamantados-transparentes-60-4-x-30-mm-reforcos-x-580-mm\/","og_site_name":"CSJ Emballages","article_publisher":"https:\/\/www.facebook.com\/csjemballages","article_modified_time":"2026-03-18T01:16:22+00:00","og_image":[{"width":800,"height":800,"url":"https:\/\/www.csj-emballages.com\/wp-content\/uploads\/2024\/03\/Sachets-diamants.webp","type":"image\/webp"}],"twitter_card":"summary_large_image","twitter_misc":{"Tempo estimado de leitura":"2 minutos"},"schema":{"@context":"https:\/\/schema.org","@graph":[{"@type":"WebPage","@id":"https:\/\/www.csj-emballages.com\/pt-pt\/produit\/50-sacos-diamantados-transparentes-60-4-x-30-mm-reforcos-x-580-mm\/","url":"https:\/\/www.csj-emballages.com\/pt-pt\/produit\/50-sacos-diamantados-transparentes-60-4-x-30-mm-reforcos-x-580-mm\/","name":"Saco diamantado transparente 60 + (4 x 30 mm refor\u00e7os) x 580 mm","isPartOf":{"@id":"https:\/\/www.csj-emballages.com\/pt-pt\/#website"},"primaryImageOfPage":{"@id":"https:\/\/www.csj-emballages.com\/pt-pt\/produit\/50-sacos-diamantados-transparentes-60-4-x-30-mm-reforcos-x-580-mm\/#primaryimage"},"image":{"@id":"https:\/\/www.csj-emballages.com\/pt-pt\/produit\/50-sacos-diamantados-transparentes-60-4-x-30-mm-reforcos-x-580-mm\/#primaryimage"},"thumbnailUrl":"https:\/\/www.csj-emballages.com\/wp-content\/uploads\/2024\/03\/Sachets-diamants.webp","datePublished":"2024-03-01T15:49:20+00:00","dateModified":"2026-03-18T01:16:22+00:00","description":"Saco diamante transparente, com foles duplos, ideal para chocolates, frutas ou flores. Embalagem de 50 unidades para uma embalagem elegante e resistente.","breadcrumb":{"@id":"https:\/\/www.csj-emballages.com\/pt-pt\/produit\/50-sacos-diamantados-transparentes-60-4-x-30-mm-reforcos-x-580-mm\/#breadcrumb"},"inLanguage":"pt-PT","potentialAction":[{"@type":"ReadAction","target":["https:\/\/www.csj-emballages.com\/pt-pt\/produit\/50-sacos-diamantados-transparentes-60-4-x-30-mm-reforcos-x-580-mm\/"]}]},{"@type":"ImageObject","inLanguage":"pt-PT","@id":"https:\/\/www.csj-emballages.com\/pt-pt\/produit\/50-sacos-diamantados-transparentes-60-4-x-30-mm-reforcos-x-580-mm\/#primaryimage","url":"https:\/\/www.csj-emballages.com\/wp-content\/uploads\/2024\/03\/Sachets-diamants.webp","contentUrl":"https:\/\/www.csj-emballages.com\/wp-content\/uploads\/2024\/03\/Sachets-diamants.webp","width":800,"height":800,"caption":"Sachet diamant"},{"@type":"BreadcrumbList","@id":"https:\/\/www.csj-emballages.com\/pt-pt\/produit\/50-sacos-diamantados-transparentes-60-4-x-30-mm-reforcos-x-580-mm\/#breadcrumb","itemListElement":[{"@type":"ListItem","position":1,"name":"Acolhimento","item":"https:\/\/www.csj-emballages.com\/pt-pt\/universo-das-embalagens-alimentares\/"},{"@type":"ListItem","position":2,"name":"Shop","item":"https:\/\/www.csj-emballages.com\/shop\/"},{"@type":"ListItem","position":3,"name":"Saco diamantado transparente 60 + (4 refor\u00e7os de 30 mm) x 580 mm por 50"}]},{"@type":"WebSite","@id":"https:\/\/www.csj-emballages.com\/pt-pt\/#website","url":"https:\/\/www.csj-emballages.com\/pt-pt\/","name":"CSJ Emballages","description":"","publisher":{"@id":"https:\/\/www.csj-emballages.com\/pt-pt\/#organization"},"potentialAction":[{"@type":"SearchAction","target":{"@type":"EntryPoint","urlTemplate":"https:\/\/www.csj-emballages.com\/pt-pt\/?s={search_term_string}"},"query-input":{"@type":"PropertyValueSpecification","valueRequired":true,"valueName":"search_term_string"}}],"inLanguage":"pt-PT"},{"@type":"Organization","@id":"https:\/\/www.csj-emballages.com\/pt-pt\/#Organization\/","name":"CSJ Emballages","url":"https:\/\/www.csj-emballages.com\/pt-pt\/","logo":{"@type":"ImageObject","inLanguage":"pt-PT","@id":"https:\/\/www.csj-emballages.com\/pt-pt\/#\/schema\/logo\/image\/","url":"https:\/\/www.csj-emballages.com\/wp-content\/uploads\/2023\/10\/logo_csj.webp","contentUrl":"https:\/\/www.csj-emballages.com\/wp-content\/uploads\/2023\/10\/logo_csj.webp","width":250,"height":95,"caption":"CSJ Emballages"},"image":{"@id":"https:\/\/www.csj-emballages.com\/pt-pt\/#\/schema\/logo\/image\/"},"sameAs":["https:\/\/www.facebook.com\/csjemballages"],"address":{"@type":"PostalAddress","streetAddress":"ZI La Lechere","addressLocality":"Patornay","postalCode":"39130","addressCountry":"FR"},"contactPoint":[{"@type":"ContactPoint","contactType":"Service client","telephone":"0384254272","email":"contact@csj-emballages.com"}]}]}},"df_price":7.75,"df_sale_price":7.75,"df_regular_price":9.68,"df_image_link":"https:\/\/www.csj-emballages.com\/wp-content\/uploads\/2024\/03\/Sachets-diamants-300x300.webp","tiered_pricing_type":"fixed","tiered_pricing_fixed_rules":[],"tiered_pricing_percentage_rules":[],"tiered_pricing_minimum":1,"tiered_pricing_roles_data":[],"_links":{"self":[{"href":"https:\/\/www.csj-emballages.com\/pt-pt\/wp-json\/wp\/v2\/product\/23429","targetHints":{"allow":["GET"]}}],"collection":[{"href":"https:\/\/www.csj-emballages.com\/pt-pt\/wp-json\/wp\/v2\/product"}],"about":[{"href":"https:\/\/www.csj-emballages.com\/pt-pt\/wp-json\/wp\/v2\/types\/product"}],"wp:featuredmedia":[{"embeddable":true,"href":"https:\/\/www.csj-emballages.com\/pt-pt\/wp-json\/wp\/v2\/media\/243432"}],"wp:attachment":[{"href":"https:\/\/www.csj-emballages.com\/pt-pt\/wp-json\/wp\/v2\/media?parent=23429"}],"wp:term":[{"taxonomy":"product_brand","embeddable":true,"href":"https:\/\/www.csj-emballages.com\/pt-pt\/wp-json\/wp\/v2\/product_brand?post=23429"},{"taxonomy":"product_cat","embeddable":true,"href":"https:\/\/www.csj-emballages.com\/pt-pt\/wp-json\/wp\/v2\/product_cat?post=23429"},{"taxonomy":"product_tag","embeddable":true,"href":"https:\/\/www.csj-emballages.com\/pt-pt\/wp-json\/wp\/v2\/product_tag?post=23429"}],"curies":[{"name":"wp","href":"https:\/\/api.w.org\/{rel}","templated":true}]}}