{"id":234243,"date":"2025-05-28T09:55:15","date_gmt":"2025-05-28T07:55:15","guid":{"rendered":"https:\/\/www.csj-emballages.com\/produit\/100-luvas-de-vinil-sem-po-de-utilizacao-unica-pequenas-65\/"},"modified":"2026-04-17T02:13:56","modified_gmt":"2026-04-17T00:13:56","slug":"100-luvas-de-vinil-sem-po-de-utilizacao-unica-pequenas-65","status":"publish","type":"product","link":"https:\/\/www.csj-emballages.com\/pt-pt\/produit\/100-luvas-de-vinil-sem-po-de-utilizacao-unica-pequenas-65\/","title":{"rendered":"Luva de vinil sem p\u00f3 de utiliza\u00e7\u00e3o \u00fanica \/ pequena 6,5 por 100"},"content":{"rendered":"<h2><strong>Luva de vinil sem p\u00f3<\/strong><\/h2>\n<hr>\n<h3>Descri\u00e7\u00e3o da nossa luva de vinilo sem p\u00f3 de utiliza\u00e7\u00e3o \u00fanica \/ pequena 6,5 por 100<\/h3>\n<p><!--more--><\/p>\n<p data-start=\"157\" data-end=\"535\">Concebidas para responder \u00e0s necessidades dos profissionais e dos consumidores, estas <strong data-start=\"239\" data-end=\"270\">luvas de vinil de<\/strong> utiliza\u00e7\u00e3o \u00fanica e <strong data-start=\"239\" data-end=\"270\">sem p\u00f3<\/strong> s\u00e3o a solu\u00e7\u00e3o ideal para combinar higiene, conforto e praticidade na utiliza\u00e7\u00e3o quotidiana. Num tamanho <strong data-start=\"377\" data-end=\"393\">pequeno (6,5)<\/strong>, proporcionam um ajuste preciso para as m\u00e3os mais finas, permitindo <strong data-start=\"471\" data-end=\"490\">uma boa destreza<\/strong> sem se sentirem desconfort\u00e1veis ou frouxas. <\/p>\n<p data-start=\"537\" data-end=\"951\">Estas <strong>luvas<\/strong> s\u00e3o feitas de <strong data-start=\"565\" data-end=\"582\">vinil flex\u00edvel<\/strong>, uma alternativa econ\u00f3mica ao l\u00e1tex e perfeita para quem sofre de alergias. <strong>Sem p\u00f3<\/strong>, estas <strong data-start=\"239\" data-end=\"270\">luvas de vinil sem p\u00f3<\/strong> evitam potenciais irrita\u00e7\u00f5es cut\u00e2neas e reduzem o risco de contamina\u00e7\u00e3o, tornando-as ideais para o <strong data-start=\"808\" data-end=\"838\">manuseamento de alimentos<\/strong>, <strong data-start=\"844\" data-end=\"862\">cuidados de rotina<\/strong>,<strong data-start=\"868\" data-end=\"881\">manuten\u00e7\u00e3o<\/strong> e utiliza\u00e7\u00e3o em <strong data-start=\"909\" data-end=\"950\">cosm\u00e9ticos e<\/strong> na <strong data-start=\"909\" data-end=\"950\">ind\u00fastria ligeira<\/strong>.<\/p>\n<p data-start=\"953\" data-end=\"1287\">A <strong>caixa dispensadora de 100 unidades<\/strong> d\u00e1-lhe acesso r\u00e1pido e f\u00e1cil a cada luva, mantendo o seu espa\u00e7o de trabalho limpo e organizado. A sua superf\u00edcie lisa torna-as f\u00e1ceis de cal\u00e7ar e descal\u00e7ar, mesmo com as m\u00e3os ligeiramente h\u00famidas. Al\u00e9m disso, a sua transpar\u00eancia discreta integra-se em qualquer ambiente profissional.  <\/p>\n<p data-start=\"1289\" data-end=\"1448\">Em suma, estas luvas de vinil em tamanho S s\u00e3o um must-have para quem procura uma <strong data-start=\"1382\" data-end=\"1447\">prote\u00e7\u00e3o leve e econ\u00f3mica sem comprometer a higiene<\/strong>.<\/p>\n<p data-start=\"1550\" data-end=\"1767\"><!--more--><\/p>\n<h4>As suas vantagens:<\/h4>\n<ul>\n<li><strong>Sem l\u00e1tex<\/strong>: adequado para quem sofre de alergias.<\/li>\n<li><strong>Sem p\u00f3<\/strong>: evita irrita\u00e7\u00f5es e res\u00edduos.<\/li>\n<li>Boa sensibilidade t\u00e1til e conforto de utiliza\u00e7\u00e3o.<\/li>\n<li><strong>Formato pr\u00e1tico<\/strong>: caixa de 100 luvas.<\/li>\n<li>Ideal para alimenta\u00e7\u00e3o, manuten\u00e7\u00e3o, cuidados ou bricolage.<\/li>\n<\/ul>\n<p>&nbsp;<\/p>\n<p><!--more--><\/p>\n<h4>Outras informa\u00e7\u00f5es :<\/h4>\n<ul>\n<li><strong>Embalagem<\/strong>: Pacote de 100<\/li>\n<li><strong>Tamanho<\/strong>: Pequeno \/ S<\/li>\n<li><strong>Material<\/strong>: Vinil<\/li>\n<li><strong>Tipo<\/strong>: Sem p\u00f3<\/li>\n<li><strong>Cor<\/strong>: Transparente<\/li>\n<\/ul>\n<p>&nbsp;<\/p>\n<p><!--more--><\/p>\n<p>Estas luvas de vinil est\u00e3o dispon\u00edveis em diferentes tamanhos (micro-p\u00f3): <span style=\"color: #d12727;\"><a style=\"color: #d12727;\" href=\"https:\/\/www.csj-emballages.com\/produit\/100-gants-vinyles-a-usage-unique-poudre-medium-7-5\/\">M<\/a><\/span> \/ <span style=\"color: #d12727;\"><a style=\"color: #d12727;\" href=\"https:\/\/www.csj-emballages.com\/produit\/100-gants-vinyles-a-usage-unique-poudre-large-9\/\">L<\/a><\/span> \/ <span style=\"color: #d12727;\"><a style=\"color: #d12727;\" href=\"https:\/\/www.csj-emballages.com\/es\/produit\/100-guantes-desechables-de-vinilo-empolvados-extra-grandes-10\/\">XL<\/a><\/span><\/p>\n<p>&nbsp;<\/p>\n<p><!--more--><\/p>\n<p><a href=\"https:\/\/www.csj-emballages.com\/pt-pt\/categorie-produit\/higiene-e-manutencao\/equipamento-individual\/luvas\/luvas-de-vinil\/\">Ver o resto da nossa gama de luvas de vinil<\/a><\/p>\n","protected":false},"excerpt":{"rendered":"<p>Luva de vinil sem p\u00f3 Descri\u00e7\u00e3o da nossa luva de vinilo sem p\u00f3 de utiliza\u00e7\u00e3o \u00fanica \/ pequena 6,5 por 100<\/p>\n","protected":false},"featured_media":234240,"template":"","meta":{"_acf_changed":false},"product_brand":[],"product_cat":[1222,2326,2698,2753,10271],"product_tag":[],"class_list":{"0":"post-234243","1":"product","2":"type-product","3":"status-publish","4":"has-post-thumbnail","6":"product_cat-higiene-e-manutencao","7":"product_cat-equipamento-individual","8":"product_cat-luvas","9":"product_cat-luvas-de-vinil","10":"product_cat-apuramento","12":"first","13":"instock","14":"sale","15":"taxable","16":"shipping-taxable","17":"purchasable","18":"product-type-simple"},"acf":[],"yoast_head":"<!-- This site is optimized with the Yoast SEO Premium plugin v26.6 (Yoast SEO v26.6) - https:\/\/yoast.com\/wordpress\/plugins\/seo\/ -->\n<title>Luva de vinil sem p\u00f3 de utiliza\u00e7\u00e3o \u00fanica \/ pequena 6,5 por 100<\/title>\n<meta name=\"description\" content=\"Luva de vinil sem p\u00f3 tamanho S (6,5), macia e confort\u00e1vel, perfeita para higiene alimentar, cuidados ou manuten\u00e7\u00e3o - caixa de 100.\" \/>\n<meta name=\"robots\" content=\"index, follow, max-snippet:-1, max-image-preview:large, max-video-preview:-1\" \/>\n<link rel=\"canonical\" href=\"https:\/\/www.csj-emballages.com\/pt-pt\/produit\/100-luvas-de-vinil-sem-po-de-utilizacao-unica-pequenas-65\/\" \/>\n<meta property=\"og:locale\" content=\"pt_PT\" \/>\n<meta property=\"og:type\" content=\"article\" \/>\n<meta property=\"og:title\" content=\"Luva de vinil sem p\u00f3 de utiliza\u00e7\u00e3o \u00fanica \/ pequena 6,5 por 100\" \/>\n<meta property=\"og:description\" content=\"Luva de vinil sem p\u00f3 tamanho S (6,5), macia e confort\u00e1vel, perfeita para higiene alimentar, cuidados ou manuten\u00e7\u00e3o - caixa de 100.\" \/>\n<meta property=\"og:url\" content=\"https:\/\/www.csj-emballages.com\/pt-pt\/produit\/100-luvas-de-vinil-sem-po-de-utilizacao-unica-pequenas-65\/\" \/>\n<meta property=\"og:site_name\" content=\"CSJ Emballages\" \/>\n<meta property=\"article:publisher\" content=\"https:\/\/www.facebook.com\/csjemballages\" \/>\n<meta property=\"article:modified_time\" content=\"2026-04-17T00:13:56+00:00\" \/>\n<meta property=\"og:image\" content=\"https:\/\/www.csj-emballages.com\/wp-content\/uploads\/2025\/05\/GVSNP.webp\" \/>\n\t<meta property=\"og:image:width\" content=\"800\" \/>\n\t<meta property=\"og:image:height\" content=\"800\" \/>\n\t<meta property=\"og:image:type\" content=\"image\/webp\" \/>\n<meta name=\"twitter:card\" content=\"summary_large_image\" \/>\n<meta name=\"twitter:label1\" content=\"Tempo estimado de leitura\" \/>\n\t<meta name=\"twitter:data1\" content=\"2 minutos\" \/>\n<script type=\"application\/ld+json\" class=\"yoast-schema-graph\">{\"@context\":\"https:\/\/schema.org\",\"@graph\":[{\"@type\":\"WebPage\",\"@id\":\"https:\/\/www.csj-emballages.com\/pt-pt\/produit\/100-luvas-de-vinil-sem-po-de-utilizacao-unica-pequenas-65\/\",\"url\":\"https:\/\/www.csj-emballages.com\/pt-pt\/produit\/100-luvas-de-vinil-sem-po-de-utilizacao-unica-pequenas-65\/\",\"name\":\"Luva de vinil sem p\u00f3 de utiliza\u00e7\u00e3o \u00fanica \/ pequena 6,5 por 100\",\"isPartOf\":{\"@id\":\"https:\/\/www.csj-emballages.com\/pt-pt\/#website\"},\"primaryImageOfPage\":{\"@id\":\"https:\/\/www.csj-emballages.com\/pt-pt\/produit\/100-luvas-de-vinil-sem-po-de-utilizacao-unica-pequenas-65\/#primaryimage\"},\"image\":{\"@id\":\"https:\/\/www.csj-emballages.com\/pt-pt\/produit\/100-luvas-de-vinil-sem-po-de-utilizacao-unica-pequenas-65\/#primaryimage\"},\"thumbnailUrl\":\"https:\/\/www.csj-emballages.com\/wp-content\/uploads\/2025\/05\/GVSNP.webp\",\"datePublished\":\"2025-05-28T07:55:15+00:00\",\"dateModified\":\"2026-04-17T00:13:56+00:00\",\"description\":\"Luva de vinil sem p\u00f3 tamanho S (6,5), macia e confort\u00e1vel, perfeita para higiene alimentar, cuidados ou manuten\u00e7\u00e3o - caixa de 100.\",\"breadcrumb\":{\"@id\":\"https:\/\/www.csj-emballages.com\/pt-pt\/produit\/100-luvas-de-vinil-sem-po-de-utilizacao-unica-pequenas-65\/#breadcrumb\"},\"inLanguage\":\"pt-PT\",\"potentialAction\":[{\"@type\":\"ReadAction\",\"target\":[\"https:\/\/www.csj-emballages.com\/pt-pt\/produit\/100-luvas-de-vinil-sem-po-de-utilizacao-unica-pequenas-65\/\"]}]},{\"@type\":\"ImageObject\",\"inLanguage\":\"pt-PT\",\"@id\":\"https:\/\/www.csj-emballages.com\/pt-pt\/produit\/100-luvas-de-vinil-sem-po-de-utilizacao-unica-pequenas-65\/#primaryimage\",\"url\":\"https:\/\/www.csj-emballages.com\/wp-content\/uploads\/2025\/05\/GVSNP.webp\",\"contentUrl\":\"https:\/\/www.csj-emballages.com\/wp-content\/uploads\/2025\/05\/GVSNP.webp\",\"width\":800,\"height\":800,\"caption\":\"Gant vinyle non poudr\u00e9\"},{\"@type\":\"BreadcrumbList\",\"@id\":\"https:\/\/www.csj-emballages.com\/pt-pt\/produit\/100-luvas-de-vinil-sem-po-de-utilizacao-unica-pequenas-65\/#breadcrumb\",\"itemListElement\":[{\"@type\":\"ListItem\",\"position\":1,\"name\":\"Acolhimento\",\"item\":\"https:\/\/www.csj-emballages.com\/pt-pt\/universo-das-embalagens-alimentares\/\"},{\"@type\":\"ListItem\",\"position\":2,\"name\":\"Shop\",\"item\":\"https:\/\/www.csj-emballages.com\/shop\/\"},{\"@type\":\"ListItem\",\"position\":3,\"name\":\"Luva de vinil sem p\u00f3 de utiliza\u00e7\u00e3o \u00fanica \/ pequena 6,5 por 100\"}]},{\"@type\":\"WebSite\",\"@id\":\"https:\/\/www.csj-emballages.com\/pt-pt\/#website\",\"url\":\"https:\/\/www.csj-emballages.com\/pt-pt\/\",\"name\":\"CSJ Emballages\",\"description\":\"\",\"publisher\":{\"@id\":\"https:\/\/www.csj-emballages.com\/pt-pt\/#organization\"},\"potentialAction\":[{\"@type\":\"SearchAction\",\"target\":{\"@type\":\"EntryPoint\",\"urlTemplate\":\"https:\/\/www.csj-emballages.com\/pt-pt\/?s={search_term_string}\"},\"query-input\":{\"@type\":\"PropertyValueSpecification\",\"valueRequired\":true,\"valueName\":\"search_term_string\"}}],\"inLanguage\":\"pt-PT\"},{\"@type\":\"Organization\",\"@id\":\"https:\/\/www.csj-emballages.com\/pt-pt\/#Organization\/\",\"name\":\"CSJ Emballages\",\"url\":\"https:\/\/www.csj-emballages.com\/pt-pt\/\",\"logo\":{\"@type\":\"ImageObject\",\"inLanguage\":\"pt-PT\",\"@id\":\"https:\/\/www.csj-emballages.com\/pt-pt\/#\/schema\/logo\/image\/\",\"url\":\"https:\/\/www.csj-emballages.com\/wp-content\/uploads\/2023\/10\/logo_csj.webp\",\"contentUrl\":\"https:\/\/www.csj-emballages.com\/wp-content\/uploads\/2023\/10\/logo_csj.webp\",\"width\":250,\"height\":95,\"caption\":\"CSJ Emballages\"},\"image\":{\"@id\":\"https:\/\/www.csj-emballages.com\/pt-pt\/#\/schema\/logo\/image\/\"},\"sameAs\":[\"https:\/\/www.facebook.com\/csjemballages\"],\"address\":{\"@type\":\"PostalAddress\",\"streetAddress\":\"ZI La Lechere\",\"addressLocality\":\"Patornay\",\"postalCode\":\"39130\",\"addressCountry\":\"FR\"},\"contactPoint\":[{\"@type\":\"ContactPoint\",\"contactType\":\"Service client\",\"telephone\":\"0384254272\",\"email\":\"contact@csj-emballages.com\"}]}]}<\/script>\n<!-- \/ Yoast SEO Premium plugin. -->","yoast_head_json":{"title":"Luva de vinil sem p\u00f3 de utiliza\u00e7\u00e3o \u00fanica \/ pequena 6,5 por 100","description":"Luva de vinil sem p\u00f3 tamanho S (6,5), macia e confort\u00e1vel, perfeita para higiene alimentar, cuidados ou manuten\u00e7\u00e3o - caixa de 100.","robots":{"index":"index","follow":"follow","max-snippet":"max-snippet:-1","max-image-preview":"max-image-preview:large","max-video-preview":"max-video-preview:-1"},"canonical":"https:\/\/www.csj-emballages.com\/pt-pt\/produit\/100-luvas-de-vinil-sem-po-de-utilizacao-unica-pequenas-65\/","og_locale":"pt_PT","og_type":"article","og_title":"Luva de vinil sem p\u00f3 de utiliza\u00e7\u00e3o \u00fanica \/ pequena 6,5 por 100","og_description":"Luva de vinil sem p\u00f3 tamanho S (6,5), macia e confort\u00e1vel, perfeita para higiene alimentar, cuidados ou manuten\u00e7\u00e3o - caixa de 100.","og_url":"https:\/\/www.csj-emballages.com\/pt-pt\/produit\/100-luvas-de-vinil-sem-po-de-utilizacao-unica-pequenas-65\/","og_site_name":"CSJ Emballages","article_publisher":"https:\/\/www.facebook.com\/csjemballages","article_modified_time":"2026-04-17T00:13:56+00:00","og_image":[{"width":800,"height":800,"url":"https:\/\/www.csj-emballages.com\/wp-content\/uploads\/2025\/05\/GVSNP.webp","type":"image\/webp"}],"twitter_card":"summary_large_image","twitter_misc":{"Tempo estimado de leitura":"2 minutos"},"schema":{"@context":"https:\/\/schema.org","@graph":[{"@type":"WebPage","@id":"https:\/\/www.csj-emballages.com\/pt-pt\/produit\/100-luvas-de-vinil-sem-po-de-utilizacao-unica-pequenas-65\/","url":"https:\/\/www.csj-emballages.com\/pt-pt\/produit\/100-luvas-de-vinil-sem-po-de-utilizacao-unica-pequenas-65\/","name":"Luva de vinil sem p\u00f3 de utiliza\u00e7\u00e3o \u00fanica \/ pequena 6,5 por 100","isPartOf":{"@id":"https:\/\/www.csj-emballages.com\/pt-pt\/#website"},"primaryImageOfPage":{"@id":"https:\/\/www.csj-emballages.com\/pt-pt\/produit\/100-luvas-de-vinil-sem-po-de-utilizacao-unica-pequenas-65\/#primaryimage"},"image":{"@id":"https:\/\/www.csj-emballages.com\/pt-pt\/produit\/100-luvas-de-vinil-sem-po-de-utilizacao-unica-pequenas-65\/#primaryimage"},"thumbnailUrl":"https:\/\/www.csj-emballages.com\/wp-content\/uploads\/2025\/05\/GVSNP.webp","datePublished":"2025-05-28T07:55:15+00:00","dateModified":"2026-04-17T00:13:56+00:00","description":"Luva de vinil sem p\u00f3 tamanho S (6,5), macia e confort\u00e1vel, perfeita para higiene alimentar, cuidados ou manuten\u00e7\u00e3o - caixa de 100.","breadcrumb":{"@id":"https:\/\/www.csj-emballages.com\/pt-pt\/produit\/100-luvas-de-vinil-sem-po-de-utilizacao-unica-pequenas-65\/#breadcrumb"},"inLanguage":"pt-PT","potentialAction":[{"@type":"ReadAction","target":["https:\/\/www.csj-emballages.com\/pt-pt\/produit\/100-luvas-de-vinil-sem-po-de-utilizacao-unica-pequenas-65\/"]}]},{"@type":"ImageObject","inLanguage":"pt-PT","@id":"https:\/\/www.csj-emballages.com\/pt-pt\/produit\/100-luvas-de-vinil-sem-po-de-utilizacao-unica-pequenas-65\/#primaryimage","url":"https:\/\/www.csj-emballages.com\/wp-content\/uploads\/2025\/05\/GVSNP.webp","contentUrl":"https:\/\/www.csj-emballages.com\/wp-content\/uploads\/2025\/05\/GVSNP.webp","width":800,"height":800,"caption":"Gant vinyle non poudr\u00e9"},{"@type":"BreadcrumbList","@id":"https:\/\/www.csj-emballages.com\/pt-pt\/produit\/100-luvas-de-vinil-sem-po-de-utilizacao-unica-pequenas-65\/#breadcrumb","itemListElement":[{"@type":"ListItem","position":1,"name":"Acolhimento","item":"https:\/\/www.csj-emballages.com\/pt-pt\/universo-das-embalagens-alimentares\/"},{"@type":"ListItem","position":2,"name":"Shop","item":"https:\/\/www.csj-emballages.com\/shop\/"},{"@type":"ListItem","position":3,"name":"Luva de vinil sem p\u00f3 de utiliza\u00e7\u00e3o \u00fanica \/ pequena 6,5 por 100"}]},{"@type":"WebSite","@id":"https:\/\/www.csj-emballages.com\/pt-pt\/#website","url":"https:\/\/www.csj-emballages.com\/pt-pt\/","name":"CSJ Emballages","description":"","publisher":{"@id":"https:\/\/www.csj-emballages.com\/pt-pt\/#organization"},"potentialAction":[{"@type":"SearchAction","target":{"@type":"EntryPoint","urlTemplate":"https:\/\/www.csj-emballages.com\/pt-pt\/?s={search_term_string}"},"query-input":{"@type":"PropertyValueSpecification","valueRequired":true,"valueName":"search_term_string"}}],"inLanguage":"pt-PT"},{"@type":"Organization","@id":"https:\/\/www.csj-emballages.com\/pt-pt\/#Organization\/","name":"CSJ Emballages","url":"https:\/\/www.csj-emballages.com\/pt-pt\/","logo":{"@type":"ImageObject","inLanguage":"pt-PT","@id":"https:\/\/www.csj-emballages.com\/pt-pt\/#\/schema\/logo\/image\/","url":"https:\/\/www.csj-emballages.com\/wp-content\/uploads\/2023\/10\/logo_csj.webp","contentUrl":"https:\/\/www.csj-emballages.com\/wp-content\/uploads\/2023\/10\/logo_csj.webp","width":250,"height":95,"caption":"CSJ Emballages"},"image":{"@id":"https:\/\/www.csj-emballages.com\/pt-pt\/#\/schema\/logo\/image\/"},"sameAs":["https:\/\/www.facebook.com\/csjemballages"],"address":{"@type":"PostalAddress","streetAddress":"ZI La Lechere","addressLocality":"Patornay","postalCode":"39130","addressCountry":"FR"},"contactPoint":[{"@type":"ContactPoint","contactType":"Service client","telephone":"0384254272","email":"contact@csj-emballages.com"}]}]}},"df_price":2.93,"df_sale_price":2.93,"df_regular_price":3.66,"df_image_link":"https:\/\/www.csj-emballages.com\/wp-content\/uploads\/2025\/05\/GVSNP-300x300.webp","tiered_pricing_type":"fixed","tiered_pricing_fixed_rules":[],"tiered_pricing_percentage_rules":[],"tiered_pricing_minimum":1,"tiered_pricing_roles_data":[],"_links":{"self":[{"href":"https:\/\/www.csj-emballages.com\/pt-pt\/wp-json\/wp\/v2\/product\/234243","targetHints":{"allow":["GET"]}}],"collection":[{"href":"https:\/\/www.csj-emballages.com\/pt-pt\/wp-json\/wp\/v2\/product"}],"about":[{"href":"https:\/\/www.csj-emballages.com\/pt-pt\/wp-json\/wp\/v2\/types\/product"}],"wp:featuredmedia":[{"embeddable":true,"href":"https:\/\/www.csj-emballages.com\/pt-pt\/wp-json\/wp\/v2\/media\/234240"}],"wp:attachment":[{"href":"https:\/\/www.csj-emballages.com\/pt-pt\/wp-json\/wp\/v2\/media?parent=234243"}],"wp:term":[{"taxonomy":"product_brand","embeddable":true,"href":"https:\/\/www.csj-emballages.com\/pt-pt\/wp-json\/wp\/v2\/product_brand?post=234243"},{"taxonomy":"product_cat","embeddable":true,"href":"https:\/\/www.csj-emballages.com\/pt-pt\/wp-json\/wp\/v2\/product_cat?post=234243"},{"taxonomy":"product_tag","embeddable":true,"href":"https:\/\/www.csj-emballages.com\/pt-pt\/wp-json\/wp\/v2\/product_tag?post=234243"}],"curies":[{"name":"wp","href":"https:\/\/api.w.org\/{rel}","templated":true}]}}