{"id":23404,"date":"2024-03-01T16:49:20","date_gmt":"2024-03-01T15:49:20","guid":{"rendered":"https:\/\/u15jnbdpoq.preview.infomaniak.website\/produit\/100-sacos-de-confeitarias-de-renda-dourada-120-x-260-mm\/"},"modified":"2026-04-22T02:14:50","modified_gmt":"2026-04-22T00:14:50","slug":"100-sacos-de-confeitarias-de-renda-dourada-120-x-260-mm","status":"publish","type":"product","link":"https:\/\/www.csj-emballages.com\/pt-pt\/produit\/100-sacos-de-confeitarias-de-renda-dourada-120-x-260-mm\/","title":{"rendered":"Saco de confeitarias de renda dourada 120 x 260 mm por 100"},"content":{"rendered":"<h2 class=\"p1\">Saco de confeitarias<\/h2>\n<hr>\n<h3>Descri\u00e7\u00e3o do nosso saco de confeitarias de renda dourada 120 x 260 mm por 100<\/h3>\n<p><!--more--><\/p>\n<p data-start=\"0\" data-end=\"481\">Destaque os seus doces com este <strong data-start=\"69\" data-end=\"124\">saco de confeitar em renda dourada 120 x 260 mm por 100<\/strong>, uma embalagem que combina <strong data-start=\"149\" data-end=\"161\">eleg\u00e2ncia<\/strong> e <strong data-start=\"165\" data-end=\"178\">praticidade<\/strong>. O seu <strong data-start=\"184\" data-end=\"216\">motivo<\/strong> <strong data-start=\"220\" data-end=\"235\">de renda dourada<\/strong> <strong data-start=\"184\" data-end=\"216\">, ic\u00f3nico e intemporal<\/strong>, valoriza instantaneamente biscoitos, chocolates, am\u00eandoas a\u00e7ucaradas, torr\u00f5es ou pastelaria fina. Gra\u00e7as \u00e0 sua transpar\u00eancia requintada pontuada por uma <strong>decora\u00e7\u00e3o dourada<\/strong>, valoriza as suas cria\u00e7\u00f5es gourmet, criando um efeito &#8220;presente&#8221; sedutor \u00e0 primeira vista.  <\/p>\n<p data-start=\"483\" data-end=\"1076\">Concebida a pensar nos profissionais, esta <strong data-start=\"517\" data-end=\"540\">stand-up pouch<\/strong> garante uma <strong data-start=\"552\" data-end=\"577\">apresenta\u00e7\u00e3o<\/strong> <strong>atractiva<\/strong>: os seus produtos ficam perfeitamente na vertical, quer sejam vendidos numa loja, expostos num stand ou oferecidos num evento. Gra\u00e7as \u00e0 sua <strong data-start=\"714\" data-end=\"729\">base r\u00edgida,<\/strong> garante uma <strong data-start=\"743\" data-end=\"756\">estabilidade<\/strong> ideal, mesmo para artigos delicados ou sortidos mais pesados. Al\u00e9m disso, a evolu\u00e7\u00e3o do material \u00e9 uma verdadeira mais-valia: anteriormente fabricado em cart\u00e3o, o fundo \u00e9 agora fabricado em <strong data-start=\"936\" data-end=\"967\">polipropileno monomaterial<\/strong>, uma escolha respons\u00e1vel que torna o saco <strong data-start=\"1009\" data-end=\"1023\">recicl\u00e1vel<\/strong> e em conformidade com os objectivos da <strong data-start=\"1056\" data-end=\"1073\">lei AGEC 2025<\/strong>.  <\/p>\n<p data-start=\"1078\" data-end=\"1502\">Apreciar\u00e1 a sua <strong data-start=\"1112\" data-end=\"1127\">versatilidade<\/strong> todos os dias. Quer se trate de confeitaria caseira, de biscoitos caseiros ou de presentes gourmet, este saco \u00e9 perfeito para <strong data-start=\"1275\" data-end=\"1290\">os fabricantes de biscoitos<\/strong>, <strong data-start=\"1292\" data-end=\"1308\">chocolate<\/strong>, <strong data-start=\"1310\" data-end=\"1324\">confeitaria<\/strong>, <strong data-start=\"1326\" data-end=\"1340\">doces a\u00e7ucarados<\/strong>, <strong data-start=\"1342\" data-end=\"1356\">torr\u00f5es<\/strong> e <strong data-start=\"1360\" data-end=\"1374\">pastelaria<\/strong>. A sua conce\u00e7\u00e3o \u00e9 igualmente <strong data-start=\"1394\" data-end=\"1425\">adequada para o contacto com alimentos<\/strong>, garantindo uma prote\u00e7\u00e3o impec\u00e1vel e o cumprimento das normas de higiene.  <\/p>\n<p data-start=\"1504\" data-end=\"1922\">Ao escolher este <strong>saco de pl\u00e1stico<\/strong>, est\u00e1 a combinar <strong data-start=\"1544\" data-end=\"1559\">requinte<\/strong>, <strong data-start=\"1561\" data-end=\"1585\">seguran\u00e7a alimentar<\/strong> e <strong data-start=\"1589\" data-end=\"1616\">uma abordagem ambientalmente respons\u00e1vel<\/strong>. Tornar-se-\u00e1 rapidamente uma parte essencial da sua gama de embalagens, oferecendo aos seus clientes uma experi\u00eancia visual e gustativa harmoniosa. Adopte hoje mesmo este <strong data-start=\"1787\" data-end=\"1821\">saco de confeitaria em renda dourada<\/strong>, s\u00edmbolo de qualidade e modernidade, e d\u00ea \u00e0s suas cria\u00e7\u00f5es a montra que elas merecem.  <\/p>\n<p data-start=\"1367\" data-end=\"1669\"><!--more--><\/p>\n<h4 data-start=\"1367\" data-end=\"1669\">Vantagens :<\/h4>\n<ul>\n<li data-start=\"1367\" data-end=\"1669\"><strong data-start=\"2138\" data-end=\"2159\">Padr\u00e3o de renda dourada<\/strong> chique e intemporal para um visual elegante.<\/li>\n<li data-start=\"1367\" data-end=\"1669\"><strong data-start=\"2216\" data-end=\"2237\">Base r\u00edgida<\/strong> e moldada para uma apresenta\u00e7\u00e3o est\u00e1vel e cuidada.<\/li>\n<li data-start=\"1367\" data-end=\"1669\"><strong data-start=\"2284\" data-end=\"2315\">Polipropileno monomaterial<\/strong>, totalmente <strong data-start=\"2329\" data-end=\"2343\">recicl\u00e1vel<\/strong> e em conformidade com a diretiva AGEC 2025.<\/li>\n<li data-start=\"1367\" data-end=\"1669\"><strong data-start=\"2370\" data-end=\"2402\">Adequado para contacto com alimentos<\/strong>, perfeito para fabricantes de chocolate, biscoitos e confeiteiros.<\/li>\n<\/ul>\n<p>&nbsp;<\/p>\n<p><!--more--><\/p>\n<h4>Outras informa\u00e7\u00f5es :<\/h4>\n<ul>\n<li><strong>Embalagem<\/strong>: Pacote de 100<\/li>\n<li><strong>Dimens\u00f5es<\/strong>: 120 x 260 mm<\/li>\n<li><strong>Cor<\/strong>: Transparente \/ Dourado<\/li>\n<li><strong>Material<\/strong>: OPP<\/li>\n<li><strong>Espessura<\/strong>: 35 microns<\/li>\n<\/ul>\n<p>&nbsp;<\/p>\n<p><!--more--><\/p>\n<p>Este saco de pl\u00e1stico est\u00e1 dispon\u00edvel num tamanho mais pequeno: <span style=\"color: #d12727;\"><a style=\"color: #d12727;\" href=\"https:\/\/www.csj-emballages.com\/produit\/100-sachets-confiseries-dentelle-or-100-x-220-mm\/\">100 x 220 mm<\/a><\/span><\/p>\n<p>&nbsp;<\/p>\n<p><!--more--><\/p>\n<p>Este saco tamb\u00e9m est\u00e1 dispon\u00edvel em branco: <span style=\"color: #d12727;\"><a style=\"color: #d12727;\" href=\"https:\/\/www.csj-emballages.com\/pt-pt\/produit\/100-sacos-de-confeitarias-de-renda-branca-120-x-260-mm\/\">SDENTELLEBLT2<\/a><\/span><\/p>\n<p>&nbsp;<\/p>\n<p><!--more--><\/p>\n<p><a href=\"https:\/\/www.csj-emballages.com\/pt-pt\/categorie-produit\/embalagem-de-alimentos\/padaria-e-pastelaria\/sacos-saquetas-e-papel\/sacos-de-confeitaria\/sacos-tematicos\/sacos-classicos\/\">Ver o resto da nossa gama de sacos de confeitaria cl\u00e1ssicos<\/a><\/p>\n","protected":false},"excerpt":{"rendered":"<p>Saco de confeitarias Descri\u00e7\u00e3o do nosso saco de confeitarias de renda dourada 120 x 260 mm por 100<\/p>\n","protected":false},"featured_media":243470,"template":"","meta":{"_acf_changed":false},"product_brand":[],"product_cat":[1141,1177,1655,1659,1482],"product_tag":[],"class_list":{"0":"post-23404","1":"product","2":"type-product","3":"status-publish","4":"has-post-thumbnail","6":"product_cat-embalagem-de-alimentos","7":"product_cat-padaria-e-pastelaria","8":"product_cat-sacos-de-confeitaria","9":"product_cat-sacos-classicos","10":"product_cat-loja-e-armazem","12":"first","13":"instock","14":"taxable","15":"shipping-taxable","16":"purchasable","17":"product-type-simple"},"acf":[],"yoast_head":"<!-- This site is optimized with the Yoast SEO Premium plugin v26.6 (Yoast SEO v26.6) - https:\/\/yoast.com\/wordpress\/plugins\/seo\/ -->\n<title>Saco de confeitarias de renda dourada 120 x 260 mm por 100<\/title>\n<meta name=\"description\" content=\"Saco de confeitarias em renda dourada, 120 x 260 mm, recicl\u00e1vel, com uma base r\u00edgida e elegante para real\u00e7ar biscoitos, chocolates e doces caseiros.\" \/>\n<meta name=\"robots\" content=\"index, follow, max-snippet:-1, max-image-preview:large, max-video-preview:-1\" \/>\n<link rel=\"canonical\" href=\"https:\/\/www.csj-emballages.com\/pt-pt\/produit\/100-sacos-de-confeitarias-de-renda-dourada-120-x-260-mm\/\" \/>\n<meta property=\"og:locale\" content=\"pt_PT\" \/>\n<meta property=\"og:type\" content=\"article\" \/>\n<meta property=\"og:title\" content=\"Saco de confeitarias de renda dourada 120 x 260 mm por 100\" \/>\n<meta property=\"og:description\" content=\"Saco de confeitarias em renda dourada, 120 x 260 mm, recicl\u00e1vel, com uma base r\u00edgida e elegante para real\u00e7ar biscoitos, chocolates e doces caseiros.\" \/>\n<meta property=\"og:url\" content=\"https:\/\/www.csj-emballages.com\/pt-pt\/produit\/100-sacos-de-confeitarias-de-renda-dourada-120-x-260-mm\/\" \/>\n<meta property=\"og:site_name\" content=\"CSJ Emballages\" \/>\n<meta property=\"article:publisher\" content=\"https:\/\/www.facebook.com\/csjemballages\" \/>\n<meta property=\"article:modified_time\" content=\"2026-04-22T00:14:50+00:00\" \/>\n<meta property=\"og:image\" content=\"https:\/\/www.csj-emballages.com\/wp-content\/uploads\/2025\/09\/Sachets-classiques.webp\" \/>\n\t<meta property=\"og:image:width\" content=\"800\" \/>\n\t<meta property=\"og:image:height\" content=\"800\" \/>\n\t<meta property=\"og:image:type\" content=\"image\/webp\" \/>\n<meta name=\"twitter:card\" content=\"summary_large_image\" \/>\n<meta name=\"twitter:label1\" content=\"Tempo estimado de leitura\" \/>\n\t<meta name=\"twitter:data1\" content=\"2 minutos\" \/>\n<script type=\"application\/ld+json\" class=\"yoast-schema-graph\">{\"@context\":\"https:\/\/schema.org\",\"@graph\":[{\"@type\":\"WebPage\",\"@id\":\"https:\/\/www.csj-emballages.com\/pt-pt\/produit\/100-sacos-de-confeitarias-de-renda-dourada-120-x-260-mm\/\",\"url\":\"https:\/\/www.csj-emballages.com\/pt-pt\/produit\/100-sacos-de-confeitarias-de-renda-dourada-120-x-260-mm\/\",\"name\":\"Saco de confeitarias de renda dourada 120 x 260 mm por 100\",\"isPartOf\":{\"@id\":\"https:\/\/www.csj-emballages.com\/pt-pt\/#website\"},\"primaryImageOfPage\":{\"@id\":\"https:\/\/www.csj-emballages.com\/pt-pt\/produit\/100-sacos-de-confeitarias-de-renda-dourada-120-x-260-mm\/#primaryimage\"},\"image\":{\"@id\":\"https:\/\/www.csj-emballages.com\/pt-pt\/produit\/100-sacos-de-confeitarias-de-renda-dourada-120-x-260-mm\/#primaryimage\"},\"thumbnailUrl\":\"https:\/\/www.csj-emballages.com\/wp-content\/uploads\/2025\/09\/Sachets-classiques.webp\",\"datePublished\":\"2024-03-01T15:49:20+00:00\",\"dateModified\":\"2026-04-22T00:14:50+00:00\",\"description\":\"Saco de confeitarias em renda dourada, 120 x 260 mm, recicl\u00e1vel, com uma base r\u00edgida e elegante para real\u00e7ar biscoitos, chocolates e doces caseiros.\",\"breadcrumb\":{\"@id\":\"https:\/\/www.csj-emballages.com\/pt-pt\/produit\/100-sacos-de-confeitarias-de-renda-dourada-120-x-260-mm\/#breadcrumb\"},\"inLanguage\":\"pt-PT\",\"potentialAction\":[{\"@type\":\"ReadAction\",\"target\":[\"https:\/\/www.csj-emballages.com\/pt-pt\/produit\/100-sacos-de-confeitarias-de-renda-dourada-120-x-260-mm\/\"]}]},{\"@type\":\"ImageObject\",\"inLanguage\":\"pt-PT\",\"@id\":\"https:\/\/www.csj-emballages.com\/pt-pt\/produit\/100-sacos-de-confeitarias-de-renda-dourada-120-x-260-mm\/#primaryimage\",\"url\":\"https:\/\/www.csj-emballages.com\/wp-content\/uploads\/2025\/09\/Sachets-classiques.webp\",\"contentUrl\":\"https:\/\/www.csj-emballages.com\/wp-content\/uploads\/2025\/09\/Sachets-classiques.webp\",\"width\":800,\"height\":800,\"caption\":\"Sachets classiques\"},{\"@type\":\"BreadcrumbList\",\"@id\":\"https:\/\/www.csj-emballages.com\/pt-pt\/produit\/100-sacos-de-confeitarias-de-renda-dourada-120-x-260-mm\/#breadcrumb\",\"itemListElement\":[{\"@type\":\"ListItem\",\"position\":1,\"name\":\"Acolhimento\",\"item\":\"https:\/\/www.csj-emballages.com\/pt-pt\/universo-das-embalagens-alimentares\/\"},{\"@type\":\"ListItem\",\"position\":2,\"name\":\"Shop\",\"item\":\"https:\/\/www.csj-emballages.com\/shop\/\"},{\"@type\":\"ListItem\",\"position\":3,\"name\":\"Saco de confeitarias de renda dourada 120 x 260 mm por 100\"}]},{\"@type\":\"WebSite\",\"@id\":\"https:\/\/www.csj-emballages.com\/pt-pt\/#website\",\"url\":\"https:\/\/www.csj-emballages.com\/pt-pt\/\",\"name\":\"CSJ Emballages\",\"description\":\"\",\"publisher\":{\"@id\":\"https:\/\/www.csj-emballages.com\/pt-pt\/#organization\"},\"potentialAction\":[{\"@type\":\"SearchAction\",\"target\":{\"@type\":\"EntryPoint\",\"urlTemplate\":\"https:\/\/www.csj-emballages.com\/pt-pt\/?s={search_term_string}\"},\"query-input\":{\"@type\":\"PropertyValueSpecification\",\"valueRequired\":true,\"valueName\":\"search_term_string\"}}],\"inLanguage\":\"pt-PT\"},{\"@type\":\"Organization\",\"@id\":\"https:\/\/www.csj-emballages.com\/pt-pt\/#Organization\/\",\"name\":\"CSJ Emballages\",\"url\":\"https:\/\/www.csj-emballages.com\/pt-pt\/\",\"logo\":{\"@type\":\"ImageObject\",\"inLanguage\":\"pt-PT\",\"@id\":\"https:\/\/www.csj-emballages.com\/pt-pt\/#\/schema\/logo\/image\/\",\"url\":\"https:\/\/www.csj-emballages.com\/wp-content\/uploads\/2023\/10\/logo_csj.webp\",\"contentUrl\":\"https:\/\/www.csj-emballages.com\/wp-content\/uploads\/2023\/10\/logo_csj.webp\",\"width\":250,\"height\":95,\"caption\":\"CSJ Emballages\"},\"image\":{\"@id\":\"https:\/\/www.csj-emballages.com\/pt-pt\/#\/schema\/logo\/image\/\"},\"sameAs\":[\"https:\/\/www.facebook.com\/csjemballages\"],\"address\":{\"@type\":\"PostalAddress\",\"streetAddress\":\"ZI La Lechere\",\"addressLocality\":\"Patornay\",\"postalCode\":\"39130\",\"addressCountry\":\"FR\"},\"contactPoint\":[{\"@type\":\"ContactPoint\",\"contactType\":\"Service client\",\"telephone\":\"0384254272\",\"email\":\"contact@csj-emballages.com\"}]}]}<\/script>\n<!-- \/ Yoast SEO Premium plugin. -->","yoast_head_json":{"title":"Saco de confeitarias de renda dourada 120 x 260 mm por 100","description":"Saco de confeitarias em renda dourada, 120 x 260 mm, recicl\u00e1vel, com uma base r\u00edgida e elegante para real\u00e7ar biscoitos, chocolates e doces caseiros.","robots":{"index":"index","follow":"follow","max-snippet":"max-snippet:-1","max-image-preview":"max-image-preview:large","max-video-preview":"max-video-preview:-1"},"canonical":"https:\/\/www.csj-emballages.com\/pt-pt\/produit\/100-sacos-de-confeitarias-de-renda-dourada-120-x-260-mm\/","og_locale":"pt_PT","og_type":"article","og_title":"Saco de confeitarias de renda dourada 120 x 260 mm por 100","og_description":"Saco de confeitarias em renda dourada, 120 x 260 mm, recicl\u00e1vel, com uma base r\u00edgida e elegante para real\u00e7ar biscoitos, chocolates e doces caseiros.","og_url":"https:\/\/www.csj-emballages.com\/pt-pt\/produit\/100-sacos-de-confeitarias-de-renda-dourada-120-x-260-mm\/","og_site_name":"CSJ Emballages","article_publisher":"https:\/\/www.facebook.com\/csjemballages","article_modified_time":"2026-04-22T00:14:50+00:00","og_image":[{"width":800,"height":800,"url":"https:\/\/www.csj-emballages.com\/wp-content\/uploads\/2025\/09\/Sachets-classiques.webp","type":"image\/webp"}],"twitter_card":"summary_large_image","twitter_misc":{"Tempo estimado de leitura":"2 minutos"},"schema":{"@context":"https:\/\/schema.org","@graph":[{"@type":"WebPage","@id":"https:\/\/www.csj-emballages.com\/pt-pt\/produit\/100-sacos-de-confeitarias-de-renda-dourada-120-x-260-mm\/","url":"https:\/\/www.csj-emballages.com\/pt-pt\/produit\/100-sacos-de-confeitarias-de-renda-dourada-120-x-260-mm\/","name":"Saco de confeitarias de renda dourada 120 x 260 mm por 100","isPartOf":{"@id":"https:\/\/www.csj-emballages.com\/pt-pt\/#website"},"primaryImageOfPage":{"@id":"https:\/\/www.csj-emballages.com\/pt-pt\/produit\/100-sacos-de-confeitarias-de-renda-dourada-120-x-260-mm\/#primaryimage"},"image":{"@id":"https:\/\/www.csj-emballages.com\/pt-pt\/produit\/100-sacos-de-confeitarias-de-renda-dourada-120-x-260-mm\/#primaryimage"},"thumbnailUrl":"https:\/\/www.csj-emballages.com\/wp-content\/uploads\/2025\/09\/Sachets-classiques.webp","datePublished":"2024-03-01T15:49:20+00:00","dateModified":"2026-04-22T00:14:50+00:00","description":"Saco de confeitarias em renda dourada, 120 x 260 mm, recicl\u00e1vel, com uma base r\u00edgida e elegante para real\u00e7ar biscoitos, chocolates e doces caseiros.","breadcrumb":{"@id":"https:\/\/www.csj-emballages.com\/pt-pt\/produit\/100-sacos-de-confeitarias-de-renda-dourada-120-x-260-mm\/#breadcrumb"},"inLanguage":"pt-PT","potentialAction":[{"@type":"ReadAction","target":["https:\/\/www.csj-emballages.com\/pt-pt\/produit\/100-sacos-de-confeitarias-de-renda-dourada-120-x-260-mm\/"]}]},{"@type":"ImageObject","inLanguage":"pt-PT","@id":"https:\/\/www.csj-emballages.com\/pt-pt\/produit\/100-sacos-de-confeitarias-de-renda-dourada-120-x-260-mm\/#primaryimage","url":"https:\/\/www.csj-emballages.com\/wp-content\/uploads\/2025\/09\/Sachets-classiques.webp","contentUrl":"https:\/\/www.csj-emballages.com\/wp-content\/uploads\/2025\/09\/Sachets-classiques.webp","width":800,"height":800,"caption":"Sachets classiques"},{"@type":"BreadcrumbList","@id":"https:\/\/www.csj-emballages.com\/pt-pt\/produit\/100-sacos-de-confeitarias-de-renda-dourada-120-x-260-mm\/#breadcrumb","itemListElement":[{"@type":"ListItem","position":1,"name":"Acolhimento","item":"https:\/\/www.csj-emballages.com\/pt-pt\/universo-das-embalagens-alimentares\/"},{"@type":"ListItem","position":2,"name":"Shop","item":"https:\/\/www.csj-emballages.com\/shop\/"},{"@type":"ListItem","position":3,"name":"Saco de confeitarias de renda dourada 120 x 260 mm por 100"}]},{"@type":"WebSite","@id":"https:\/\/www.csj-emballages.com\/pt-pt\/#website","url":"https:\/\/www.csj-emballages.com\/pt-pt\/","name":"CSJ Emballages","description":"","publisher":{"@id":"https:\/\/www.csj-emballages.com\/pt-pt\/#organization"},"potentialAction":[{"@type":"SearchAction","target":{"@type":"EntryPoint","urlTemplate":"https:\/\/www.csj-emballages.com\/pt-pt\/?s={search_term_string}"},"query-input":{"@type":"PropertyValueSpecification","valueRequired":true,"valueName":"search_term_string"}}],"inLanguage":"pt-PT"},{"@type":"Organization","@id":"https:\/\/www.csj-emballages.com\/pt-pt\/#Organization\/","name":"CSJ Emballages","url":"https:\/\/www.csj-emballages.com\/pt-pt\/","logo":{"@type":"ImageObject","inLanguage":"pt-PT","@id":"https:\/\/www.csj-emballages.com\/pt-pt\/#\/schema\/logo\/image\/","url":"https:\/\/www.csj-emballages.com\/wp-content\/uploads\/2023\/10\/logo_csj.webp","contentUrl":"https:\/\/www.csj-emballages.com\/wp-content\/uploads\/2023\/10\/logo_csj.webp","width":250,"height":95,"caption":"CSJ Emballages"},"image":{"@id":"https:\/\/www.csj-emballages.com\/pt-pt\/#\/schema\/logo\/image\/"},"sameAs":["https:\/\/www.facebook.com\/csjemballages"],"address":{"@type":"PostalAddress","streetAddress":"ZI La Lechere","addressLocality":"Patornay","postalCode":"39130","addressCountry":"FR"},"contactPoint":[{"@type":"ContactPoint","contactType":"Service client","telephone":"0384254272","email":"contact@csj-emballages.com"}]}]}},"df_price":17.1,"df_sale_price":"","df_regular_price":17.1,"df_image_link":"https:\/\/www.csj-emballages.com\/wp-content\/uploads\/2025\/09\/Sachets-classiques-300x300.webp","tiered_pricing_type":"fixed","tiered_pricing_fixed_rules":[],"tiered_pricing_percentage_rules":[],"tiered_pricing_minimum":1,"tiered_pricing_roles_data":[],"_links":{"self":[{"href":"https:\/\/www.csj-emballages.com\/pt-pt\/wp-json\/wp\/v2\/product\/23404","targetHints":{"allow":["GET"]}}],"collection":[{"href":"https:\/\/www.csj-emballages.com\/pt-pt\/wp-json\/wp\/v2\/product"}],"about":[{"href":"https:\/\/www.csj-emballages.com\/pt-pt\/wp-json\/wp\/v2\/types\/product"}],"wp:featuredmedia":[{"embeddable":true,"href":"https:\/\/www.csj-emballages.com\/pt-pt\/wp-json\/wp\/v2\/media\/243470"}],"wp:attachment":[{"href":"https:\/\/www.csj-emballages.com\/pt-pt\/wp-json\/wp\/v2\/media?parent=23404"}],"wp:term":[{"taxonomy":"product_brand","embeddable":true,"href":"https:\/\/www.csj-emballages.com\/pt-pt\/wp-json\/wp\/v2\/product_brand?post=23404"},{"taxonomy":"product_cat","embeddable":true,"href":"https:\/\/www.csj-emballages.com\/pt-pt\/wp-json\/wp\/v2\/product_cat?post=23404"},{"taxonomy":"product_tag","embeddable":true,"href":"https:\/\/www.csj-emballages.com\/pt-pt\/wp-json\/wp\/v2\/product_tag?post=23404"}],"curies":[{"name":"wp","href":"https:\/\/api.w.org\/{rel}","templated":true}]}}