{"id":23386,"date":"2024-03-01T16:49:21","date_gmt":"2024-03-01T15:49:21","guid":{"rendered":"https:\/\/u15jnbdpoq.preview.infomaniak.website\/produit\/100-sacos-de-confeitarias-de-renda-branca-100-x-220-mm\/"},"modified":"2026-03-12T16:39:41","modified_gmt":"2026-03-12T15:39:41","slug":"100-sacos-de-confeitarias-de-renda-branca-100-x-220-mm","status":"publish","type":"product","link":"https:\/\/www.csj-emballages.com\/pt-pt\/produit\/100-sacos-de-confeitarias-de-renda-branca-100-x-220-mm\/","title":{"rendered":"Saco de confeitarias de renda branca 100 x 220 mm por 100"},"content":{"rendered":"<h2 class=\"p1\">Saco de confeitarias<\/h2>\n<hr>\n<h3>Descri\u00e7\u00e3o do nosso saco de confeitarias de renda branca 100 x 220 mm por 100<\/h3>\n<p><!--more--><\/p>\n<p data-start=\"0\" data-end=\"507\">D\u00ea aos seus doces uma <strong data-start=\"48\" data-end=\"73\">apresenta\u00e7\u00e3o elegante<\/strong> com o nosso <strong data-start=\"100\" data-end=\"159\">saco de confeitaria de renda branca 100 x 220 mm por 100<\/strong>. O seu <strong data-start=\"165\" data-end=\"197\">motivo ic\u00f3nico e intemporal de<\/strong> <strong>renda branca<\/strong> real\u00e7a subtilmente todas as cria\u00e7\u00f5es gourmet, quer sejam <strong data-start=\"289\" data-end=\"301\">bolachas<\/strong>, <strong data-start=\"303\" data-end=\"316\">chocolates<\/strong>, am\u00eandoas a\u00e7ucaradas, torr\u00f5es ou pastelaria fina. Gra\u00e7as \u00e0 sua <strong data-start=\"369\" data-end=\"383\">base moldada<\/strong>, esta <strong>saqueta<\/strong> \u00e9 <strong data-start=\"406\" data-end=\"428\">perfeitamente est\u00e1vel<\/strong>, pelo que pode exp\u00f4-la nas suas prateleiras ou nas suas vitrinas.  <\/p>\n<p data-start=\"509\" data-end=\"923\">Anteriormente com uma base de cart\u00e3o, este <strong>saco<\/strong> tem agora uma <strong data-start=\"575\" data-end=\"607\">base r\u00edgida de polipropileno<\/strong>, uma inova\u00e7\u00e3o que o torna <strong data-start=\"636\" data-end=\"653\">monomaterial<\/strong> e, por conseguinte, <strong data-start=\"662\" data-end=\"688\">totalmente recicl\u00e1vel<\/strong>. Esta escolha respons\u00e1vel responde \u00e0s normas do <strong data-start=\"732\" data-end=\"759\">C\u00f3digo do Ambiente<\/strong> e antecipa as exig\u00eancias da lei <strong data-start=\"796\" data-end=\"809\">AGEC 2025<\/strong>, permitindo-lhe reduzir os seus res\u00edduos e desempenhar um papel ativo na preserva\u00e7\u00e3o do nosso planeta. <\/p>\n<p data-start=\"925\" data-end=\"1285\">F\u00e1cil de encher e agrad\u00e1vel ao tato, esta bolsa combina <strong data-start=\"984\" data-end=\"997\">praticidade<\/strong> e <strong data-start=\"1001\" data-end=\"1015\">est\u00e9tica<\/strong>. O seu design requintado chama a aten\u00e7\u00e3o, enquanto a sua transpar\u00eancia parcial permite uma vis\u00e3o clara dos seus produtos, estimulando o desejo de compra. Al\u00e9m disso, o seu <strong data-start=\"1182\" data-end=\"1205\">formato de 100 x 220 mm<\/strong> \u00e9 perfeito para uma grande variedade de produtos de confeitaria ou petits fours.  <\/p>\n<p data-start=\"1287\" data-end=\"1652\">Ao escolher este saco, n\u00e3o est\u00e1 apenas a promover as suas cria\u00e7\u00f5es, est\u00e1 tamb\u00e9m a afirmar o seu compromisso com uma <strong data-start=\"1413\" data-end=\"1434\">embalagem sustent\u00e1vel<\/strong> e <strong data-start=\"1438\" data-end=\"1452\">amiga do ambiente<\/strong>. \u00c9 ideal para os <strong data-start=\"1482\" data-end=\"1497\">fabricantes de bolachas<\/strong>, <strong data-start=\"1499\" data-end=\"1515\">chocolateiros<\/strong>, <strong data-start=\"1533\" data-end=\"1547\">pasteleiros<\/strong>, a\u00e7ucareiros e <strong data-start=\"1549\" data-end=\"1563\">torr\u00f5es<\/strong>, bem como para os <strong data-start=\"1571\" data-end=\"1585\">pasteleiros<\/strong> e <strong data-start=\"1589\" data-end=\"1604\">fabricantes de bolachas<\/strong> que se preocupam com a qualidade e o ambiente. <\/p>\n<p data-start=\"1654\" data-end=\"1798\">Utilize este saco de renda branca para real\u00e7ar os seus doces, oferecendo aos seus clientes uma experi\u00eancia t\u00e3o bonita quanto respons\u00e1vel.<\/p>\n<p data-start=\"1367\" data-end=\"1669\"><!--more--><\/p>\n<h4 data-start=\"1367\" data-end=\"1669\">Vantagens :<\/h4>\n<ul>\n<li data-start=\"1367\" data-end=\"1669\"><strong data-start=\"2016\" data-end=\"2034\">Design requintado<\/strong> com motivo de renda branca intemporal.<\/li>\n<li data-start=\"1367\" data-end=\"1669\"><strong data-start=\"2078\" data-end=\"2110\">Base r\u00edgida em polipropileno<\/strong> para estabilidade e reciclagem.<\/li>\n<li data-start=\"1367\" data-end=\"1669\"><strong data-start=\"2144\" data-end=\"2156\">Em conformidade<\/strong> com o C\u00f3digo do Ambiente e a lei AGEC 2025.<\/li>\n<li data-start=\"1367\" data-end=\"1669\">Ideal para <strong data-start=\"2221\" data-end=\"2275\" data-is-last-node=\"\">bolachas, chocolates, am\u00eandoas a\u00e7ucaradas, torr\u00f5es e produtos de pastelaria.<\/strong><\/li>\n<\/ul>\n<p>&nbsp;<\/p>\n<p><!--more--><\/p>\n<h4>Outras informa\u00e7\u00f5es :<\/h4>\n<ul>\n<li><strong>Embalagem<\/strong>: Pacote de 100<\/li>\n<li><strong>Dimens\u00f5es<\/strong>: 100 x 220 mm<\/li>\n<li><strong>Cor<\/strong>: Transparente \/ Branco<\/li>\n<li><strong>Material<\/strong>: OPP<\/li>\n<li><strong>Espessura<\/strong>: 35 microns<\/li>\n<\/ul>\n<p>&nbsp;<\/p>\n<p><!--more--><\/p>\n<p>Este saco de pl\u00e1stico est\u00e1 dispon\u00edvel num tamanho maior: <span style=\"color: #d12727;\"><a style=\"color: #d12727;\" href=\"https:\/\/www.csj-emballages.com\/produit\/100-sachets-confiseries-dentelle-blanche-120-x-260-mm\/\">120 x 260 mm<\/a><\/span><\/p>\n<p>&nbsp;<\/p>\n<p><!--more--><\/p>\n<p>Esta mala tamb\u00e9m est\u00e1 dispon\u00edvel em dourado: <span style=\"color: #d12727;\"><a style=\"color: #d12727;\" href=\"https:\/\/www.csj-emballages.com\/pt-pt\/produit\/100-sacos-de-confeitarias-de-renda-dourada-100-x-220-mm\/\">SDENTELLEORT1<\/a><\/span><\/p>\n<p>&nbsp;<\/p>\n<p><!--more--><\/p>\n<p><a href=\"https:\/\/www.csj-emballages.com\/pt-pt\/categorie-produit\/embalagem-de-alimentos\/padaria-e-pastelaria\/sacos-saquetas-e-papel\/sacos-de-confeitaria\/sacos-tematicos\/sacos-classicos\/\">Ver o resto da nossa gama de sacos de confeitaria cl\u00e1ssicos<\/a><\/p>\n","protected":false},"excerpt":{"rendered":"<p>Saco de confeitarias Descri\u00e7\u00e3o do nosso saco de confeitarias de renda branca 100 x 220 mm por 100<\/p>\n","protected":false},"featured_media":243479,"template":"","meta":{"_acf_changed":false},"product_brand":[],"product_cat":[1141,1177,1655,1659,1482],"product_tag":[],"class_list":{"0":"post-23386","1":"product","2":"type-product","3":"status-publish","4":"has-post-thumbnail","6":"product_cat-embalagem-de-alimentos","7":"product_cat-padaria-e-pastelaria","8":"product_cat-sacos-de-confeitaria","9":"product_cat-sacos-classicos","10":"product_cat-loja-e-armazem","12":"first","13":"instock","14":"taxable","15":"shipping-taxable","16":"purchasable","17":"product-type-simple"},"acf":[],"yoast_head":"<!-- This site is optimized with the Yoast SEO Premium plugin v26.6 (Yoast SEO v26.6) - https:\/\/yoast.com\/wordpress\/plugins\/seo\/ -->\n<title>Saco de confeitarias de renda branca 100 x 220 mm por 100<\/title>\n<meta name=\"description\" content=\"Saco de confeitaria em renda branca, elegante e est\u00e1vel, 100 x 220 mm, recicl\u00e1vel, para expor bolachas, chocolates e am\u00eandoas a\u00e7ucaradas.\" \/>\n<meta name=\"robots\" content=\"index, follow, max-snippet:-1, max-image-preview:large, max-video-preview:-1\" \/>\n<link rel=\"canonical\" href=\"https:\/\/www.csj-emballages.com\/pt-pt\/produit\/100-sacos-de-confeitarias-de-renda-branca-100-x-220-mm\/\" \/>\n<meta property=\"og:locale\" content=\"pt_PT\" \/>\n<meta property=\"og:type\" content=\"article\" \/>\n<meta property=\"og:title\" content=\"Saco de confeitarias de renda branca 100 x 220 mm por 100\" \/>\n<meta property=\"og:description\" content=\"Saco de confeitaria em renda branca, elegante e est\u00e1vel, 100 x 220 mm, recicl\u00e1vel, para expor bolachas, chocolates e am\u00eandoas a\u00e7ucaradas.\" \/>\n<meta property=\"og:url\" content=\"https:\/\/www.csj-emballages.com\/pt-pt\/produit\/100-sacos-de-confeitarias-de-renda-branca-100-x-220-mm\/\" \/>\n<meta property=\"og:site_name\" content=\"CSJ Emballages\" \/>\n<meta property=\"article:publisher\" content=\"https:\/\/www.facebook.com\/csjemballages\" \/>\n<meta property=\"article:modified_time\" content=\"2026-03-12T15:39:41+00:00\" \/>\n<meta property=\"og:image\" content=\"https:\/\/www.csj-emballages.com\/wp-content\/uploads\/2024\/03\/SDENTELLEBLT.webp\" \/>\n\t<meta property=\"og:image:width\" content=\"800\" \/>\n\t<meta property=\"og:image:height\" content=\"800\" \/>\n\t<meta property=\"og:image:type\" content=\"image\/webp\" \/>\n<meta name=\"twitter:card\" content=\"summary_large_image\" \/>\n<meta name=\"twitter:label1\" content=\"Tempo estimado de leitura\" \/>\n\t<meta name=\"twitter:data1\" content=\"2 minutos\" \/>\n<script type=\"application\/ld+json\" class=\"yoast-schema-graph\">{\"@context\":\"https:\/\/schema.org\",\"@graph\":[{\"@type\":\"WebPage\",\"@id\":\"https:\/\/www.csj-emballages.com\/pt-pt\/produit\/100-sacos-de-confeitarias-de-renda-branca-100-x-220-mm\/\",\"url\":\"https:\/\/www.csj-emballages.com\/pt-pt\/produit\/100-sacos-de-confeitarias-de-renda-branca-100-x-220-mm\/\",\"name\":\"Saco de confeitarias de renda branca 100 x 220 mm por 100\",\"isPartOf\":{\"@id\":\"https:\/\/www.csj-emballages.com\/pt-pt\/#website\"},\"primaryImageOfPage\":{\"@id\":\"https:\/\/www.csj-emballages.com\/pt-pt\/produit\/100-sacos-de-confeitarias-de-renda-branca-100-x-220-mm\/#primaryimage\"},\"image\":{\"@id\":\"https:\/\/www.csj-emballages.com\/pt-pt\/produit\/100-sacos-de-confeitarias-de-renda-branca-100-x-220-mm\/#primaryimage\"},\"thumbnailUrl\":\"https:\/\/www.csj-emballages.com\/wp-content\/uploads\/2024\/03\/SDENTELLEBLT.webp\",\"datePublished\":\"2024-03-01T15:49:21+00:00\",\"dateModified\":\"2026-03-12T15:39:41+00:00\",\"description\":\"Saco de confeitaria em renda branca, elegante e est\u00e1vel, 100 x 220 mm, recicl\u00e1vel, para expor bolachas, chocolates e am\u00eandoas a\u00e7ucaradas.\",\"breadcrumb\":{\"@id\":\"https:\/\/www.csj-emballages.com\/pt-pt\/produit\/100-sacos-de-confeitarias-de-renda-branca-100-x-220-mm\/#breadcrumb\"},\"inLanguage\":\"pt-PT\",\"potentialAction\":[{\"@type\":\"ReadAction\",\"target\":[\"https:\/\/www.csj-emballages.com\/pt-pt\/produit\/100-sacos-de-confeitarias-de-renda-branca-100-x-220-mm\/\"]}]},{\"@type\":\"ImageObject\",\"inLanguage\":\"pt-PT\",\"@id\":\"https:\/\/www.csj-emballages.com\/pt-pt\/produit\/100-sacos-de-confeitarias-de-renda-branca-100-x-220-mm\/#primaryimage\",\"url\":\"https:\/\/www.csj-emballages.com\/wp-content\/uploads\/2024\/03\/SDENTELLEBLT.webp\",\"contentUrl\":\"https:\/\/www.csj-emballages.com\/wp-content\/uploads\/2024\/03\/SDENTELLEBLT.webp\",\"width\":800,\"height\":800,\"caption\":\"Sachet confiserie\"},{\"@type\":\"BreadcrumbList\",\"@id\":\"https:\/\/www.csj-emballages.com\/pt-pt\/produit\/100-sacos-de-confeitarias-de-renda-branca-100-x-220-mm\/#breadcrumb\",\"itemListElement\":[{\"@type\":\"ListItem\",\"position\":1,\"name\":\"Acolhimento\",\"item\":\"https:\/\/www.csj-emballages.com\/pt-pt\/universo-das-embalagens-alimentares\/\"},{\"@type\":\"ListItem\",\"position\":2,\"name\":\"Shop\",\"item\":\"https:\/\/www.csj-emballages.com\/shop\/\"},{\"@type\":\"ListItem\",\"position\":3,\"name\":\"Saco de confeitarias de renda branca 100 x 220 mm por 100\"}]},{\"@type\":\"WebSite\",\"@id\":\"https:\/\/www.csj-emballages.com\/pt-pt\/#website\",\"url\":\"https:\/\/www.csj-emballages.com\/pt-pt\/\",\"name\":\"CSJ Emballages\",\"description\":\"\",\"publisher\":{\"@id\":\"https:\/\/www.csj-emballages.com\/pt-pt\/#organization\"},\"potentialAction\":[{\"@type\":\"SearchAction\",\"target\":{\"@type\":\"EntryPoint\",\"urlTemplate\":\"https:\/\/www.csj-emballages.com\/pt-pt\/?s={search_term_string}\"},\"query-input\":{\"@type\":\"PropertyValueSpecification\",\"valueRequired\":true,\"valueName\":\"search_term_string\"}}],\"inLanguage\":\"pt-PT\"},{\"@type\":\"Organization\",\"@id\":\"https:\/\/www.csj-emballages.com\/pt-pt\/#Organization\/\",\"name\":\"CSJ Emballages\",\"url\":\"https:\/\/www.csj-emballages.com\/pt-pt\/\",\"logo\":{\"@type\":\"ImageObject\",\"inLanguage\":\"pt-PT\",\"@id\":\"https:\/\/www.csj-emballages.com\/pt-pt\/#\/schema\/logo\/image\/\",\"url\":\"https:\/\/www.csj-emballages.com\/wp-content\/uploads\/2023\/10\/logo_csj.webp\",\"contentUrl\":\"https:\/\/www.csj-emballages.com\/wp-content\/uploads\/2023\/10\/logo_csj.webp\",\"width\":250,\"height\":95,\"caption\":\"CSJ Emballages\"},\"image\":{\"@id\":\"https:\/\/www.csj-emballages.com\/pt-pt\/#\/schema\/logo\/image\/\"},\"sameAs\":[\"https:\/\/www.facebook.com\/csjemballages\"],\"address\":{\"@type\":\"PostalAddress\",\"streetAddress\":\"ZI La Lechere\",\"addressLocality\":\"Patornay\",\"postalCode\":\"39130\",\"addressCountry\":\"FR\"},\"contactPoint\":[{\"@type\":\"ContactPoint\",\"contactType\":\"Service client\",\"telephone\":\"0384254272\",\"email\":\"contact@csj-emballages.com\"}]}]}<\/script>\n<!-- \/ Yoast SEO Premium plugin. -->","yoast_head_json":{"title":"Saco de confeitarias de renda branca 100 x 220 mm por 100","description":"Saco de confeitaria em renda branca, elegante e est\u00e1vel, 100 x 220 mm, recicl\u00e1vel, para expor bolachas, chocolates e am\u00eandoas a\u00e7ucaradas.","robots":{"index":"index","follow":"follow","max-snippet":"max-snippet:-1","max-image-preview":"max-image-preview:large","max-video-preview":"max-video-preview:-1"},"canonical":"https:\/\/www.csj-emballages.com\/pt-pt\/produit\/100-sacos-de-confeitarias-de-renda-branca-100-x-220-mm\/","og_locale":"pt_PT","og_type":"article","og_title":"Saco de confeitarias de renda branca 100 x 220 mm por 100","og_description":"Saco de confeitaria em renda branca, elegante e est\u00e1vel, 100 x 220 mm, recicl\u00e1vel, para expor bolachas, chocolates e am\u00eandoas a\u00e7ucaradas.","og_url":"https:\/\/www.csj-emballages.com\/pt-pt\/produit\/100-sacos-de-confeitarias-de-renda-branca-100-x-220-mm\/","og_site_name":"CSJ Emballages","article_publisher":"https:\/\/www.facebook.com\/csjemballages","article_modified_time":"2026-03-12T15:39:41+00:00","og_image":[{"width":800,"height":800,"url":"https:\/\/www.csj-emballages.com\/wp-content\/uploads\/2024\/03\/SDENTELLEBLT.webp","type":"image\/webp"}],"twitter_card":"summary_large_image","twitter_misc":{"Tempo estimado de leitura":"2 minutos"},"schema":{"@context":"https:\/\/schema.org","@graph":[{"@type":"WebPage","@id":"https:\/\/www.csj-emballages.com\/pt-pt\/produit\/100-sacos-de-confeitarias-de-renda-branca-100-x-220-mm\/","url":"https:\/\/www.csj-emballages.com\/pt-pt\/produit\/100-sacos-de-confeitarias-de-renda-branca-100-x-220-mm\/","name":"Saco de confeitarias de renda branca 100 x 220 mm por 100","isPartOf":{"@id":"https:\/\/www.csj-emballages.com\/pt-pt\/#website"},"primaryImageOfPage":{"@id":"https:\/\/www.csj-emballages.com\/pt-pt\/produit\/100-sacos-de-confeitarias-de-renda-branca-100-x-220-mm\/#primaryimage"},"image":{"@id":"https:\/\/www.csj-emballages.com\/pt-pt\/produit\/100-sacos-de-confeitarias-de-renda-branca-100-x-220-mm\/#primaryimage"},"thumbnailUrl":"https:\/\/www.csj-emballages.com\/wp-content\/uploads\/2024\/03\/SDENTELLEBLT.webp","datePublished":"2024-03-01T15:49:21+00:00","dateModified":"2026-03-12T15:39:41+00:00","description":"Saco de confeitaria em renda branca, elegante e est\u00e1vel, 100 x 220 mm, recicl\u00e1vel, para expor bolachas, chocolates e am\u00eandoas a\u00e7ucaradas.","breadcrumb":{"@id":"https:\/\/www.csj-emballages.com\/pt-pt\/produit\/100-sacos-de-confeitarias-de-renda-branca-100-x-220-mm\/#breadcrumb"},"inLanguage":"pt-PT","potentialAction":[{"@type":"ReadAction","target":["https:\/\/www.csj-emballages.com\/pt-pt\/produit\/100-sacos-de-confeitarias-de-renda-branca-100-x-220-mm\/"]}]},{"@type":"ImageObject","inLanguage":"pt-PT","@id":"https:\/\/www.csj-emballages.com\/pt-pt\/produit\/100-sacos-de-confeitarias-de-renda-branca-100-x-220-mm\/#primaryimage","url":"https:\/\/www.csj-emballages.com\/wp-content\/uploads\/2024\/03\/SDENTELLEBLT.webp","contentUrl":"https:\/\/www.csj-emballages.com\/wp-content\/uploads\/2024\/03\/SDENTELLEBLT.webp","width":800,"height":800,"caption":"Sachet confiserie"},{"@type":"BreadcrumbList","@id":"https:\/\/www.csj-emballages.com\/pt-pt\/produit\/100-sacos-de-confeitarias-de-renda-branca-100-x-220-mm\/#breadcrumb","itemListElement":[{"@type":"ListItem","position":1,"name":"Acolhimento","item":"https:\/\/www.csj-emballages.com\/pt-pt\/universo-das-embalagens-alimentares\/"},{"@type":"ListItem","position":2,"name":"Shop","item":"https:\/\/www.csj-emballages.com\/shop\/"},{"@type":"ListItem","position":3,"name":"Saco de confeitarias de renda branca 100 x 220 mm por 100"}]},{"@type":"WebSite","@id":"https:\/\/www.csj-emballages.com\/pt-pt\/#website","url":"https:\/\/www.csj-emballages.com\/pt-pt\/","name":"CSJ Emballages","description":"","publisher":{"@id":"https:\/\/www.csj-emballages.com\/pt-pt\/#organization"},"potentialAction":[{"@type":"SearchAction","target":{"@type":"EntryPoint","urlTemplate":"https:\/\/www.csj-emballages.com\/pt-pt\/?s={search_term_string}"},"query-input":{"@type":"PropertyValueSpecification","valueRequired":true,"valueName":"search_term_string"}}],"inLanguage":"pt-PT"},{"@type":"Organization","@id":"https:\/\/www.csj-emballages.com\/pt-pt\/#Organization\/","name":"CSJ Emballages","url":"https:\/\/www.csj-emballages.com\/pt-pt\/","logo":{"@type":"ImageObject","inLanguage":"pt-PT","@id":"https:\/\/www.csj-emballages.com\/pt-pt\/#\/schema\/logo\/image\/","url":"https:\/\/www.csj-emballages.com\/wp-content\/uploads\/2023\/10\/logo_csj.webp","contentUrl":"https:\/\/www.csj-emballages.com\/wp-content\/uploads\/2023\/10\/logo_csj.webp","width":250,"height":95,"caption":"CSJ Emballages"},"image":{"@id":"https:\/\/www.csj-emballages.com\/pt-pt\/#\/schema\/logo\/image\/"},"sameAs":["https:\/\/www.facebook.com\/csjemballages"],"address":{"@type":"PostalAddress","streetAddress":"ZI La Lechere","addressLocality":"Patornay","postalCode":"39130","addressCountry":"FR"},"contactPoint":[{"@type":"ContactPoint","contactType":"Service client","telephone":"0384254272","email":"contact@csj-emballages.com"}]}]}},"df_price":18.14,"df_sale_price":"","df_regular_price":18.14,"df_image_link":"https:\/\/www.csj-emballages.com\/wp-content\/uploads\/2024\/03\/SDENTELLEBLT-300x300.webp","tiered_pricing_type":"fixed","tiered_pricing_fixed_rules":[],"tiered_pricing_percentage_rules":[],"tiered_pricing_minimum":1,"tiered_pricing_roles_data":[],"_links":{"self":[{"href":"https:\/\/www.csj-emballages.com\/pt-pt\/wp-json\/wp\/v2\/product\/23386","targetHints":{"allow":["GET"]}}],"collection":[{"href":"https:\/\/www.csj-emballages.com\/pt-pt\/wp-json\/wp\/v2\/product"}],"about":[{"href":"https:\/\/www.csj-emballages.com\/pt-pt\/wp-json\/wp\/v2\/types\/product"}],"wp:featuredmedia":[{"embeddable":true,"href":"https:\/\/www.csj-emballages.com\/pt-pt\/wp-json\/wp\/v2\/media\/243479"}],"wp:attachment":[{"href":"https:\/\/www.csj-emballages.com\/pt-pt\/wp-json\/wp\/v2\/media?parent=23386"}],"wp:term":[{"taxonomy":"product_brand","embeddable":true,"href":"https:\/\/www.csj-emballages.com\/pt-pt\/wp-json\/wp\/v2\/product_brand?post=23386"},{"taxonomy":"product_cat","embeddable":true,"href":"https:\/\/www.csj-emballages.com\/pt-pt\/wp-json\/wp\/v2\/product_cat?post=23386"},{"taxonomy":"product_tag","embeddable":true,"href":"https:\/\/www.csj-emballages.com\/pt-pt\/wp-json\/wp\/v2\/product_tag?post=23386"}],"curies":[{"name":"wp","href":"https:\/\/api.w.org\/{rel}","templated":true}]}}