{"id":23384,"date":"2024-03-01T16:49:22","date_gmt":"2024-03-01T15:49:22","guid":{"rendered":"https:\/\/u15jnbdpoq.preview.infomaniak.website\/produit\/50-solas-douradas-pretas-com-bordas-rectas-35-x-10-cm\/"},"modified":"2026-04-09T02:18:36","modified_gmt":"2026-04-09T00:18:36","slug":"50-solas-douradas-pretas-com-bordas-rectas-35-x-10-cm","status":"publish","type":"product","link":"https:\/\/www.csj-emballages.com\/pt-pt\/produit\/50-solas-douradas-pretas-com-bordas-rectas-35-x-10-cm\/","title":{"rendered":"Sola de madeira com bordos rectos dourada \/ preta 35 x 10 cm por 50"},"content":{"rendered":"<h2>Sola de tronco<\/h2>\n<hr>\n<h3>Descri\u00e7\u00e3o da nossa sola de madeira dourada\/preta de bordos rectos 35 x 10 cm por 50<\/h3>\n<p><!--more--><\/p>\n<p data-start=\"101\" data-end=\"582\">Apresente as suas cria\u00e7\u00f5es de pastelaria com requinte gra\u00e7as \u00e0 <strong data-start=\"165\" data-end=\"223\">base para toros de 35 x 10 cm com rebordo direito dourado\/preto, embalagem de 50<\/strong>. Especialmente concebida para os profissionais da gastronomia e os entusiastas da pastelaria, esta <strong>base de cart\u00e3o<\/strong> real\u00e7a os seus troncos, entremets ou bolos enrolados com um contraste visual impressionante. A <strong data-start=\"437\" data-end=\"451\">frente dourada<\/strong> chama imediatamente a aten\u00e7\u00e3o e valoriza a apresenta\u00e7\u00e3o, enquanto o <strong data-start=\"526\" data-end=\"540\">verso preto<\/strong> oferece uma alternativa s\u00f3bria e moderna.  <\/p>\n<p data-start=\"584\" data-end=\"1019\">Robusta e resistente, a <strong data-start=\"610\" data-end=\"640\">base de cart\u00e3o de qualidade alimentar<\/strong> proporciona um excelente suporte, mesmo para as sobremesas mais generosas. Com os seus <strong data-start=\"722\" data-end=\"743\">bordos limpos e rectos<\/strong>, proporciona um acabamento limpo e uma apresenta\u00e7\u00e3o impec\u00e1vel nos seus buffets, vitrinas ou bandejas de festa. O seu formato de <strong>35 x 10 cm<\/strong> \u00e9 perfeito para <strong>troncos<\/strong> <strong>grandes<\/strong>, garantindo um suporte fi\u00e1vel durante o transporte e o servi\u00e7o.  <\/p>\n<p data-start=\"1021\" data-end=\"1304\">Embalada em <strong data-start=\"1038\" data-end=\"1051\">lotes de 50 unidades<\/strong>, esta <strong>base para toros<\/strong> responde \u00e0s necessidades dos profissionais. F\u00e1cil de manusear e de dispor, permite poupar tempo e melhorar a qualidade dos seus produtos. <\/p>\n<p data-start=\"1306\" data-end=\"1563\">Adopte a <strong data-start=\"1317\" data-end=\"1344\">base de madeira dourada\/preta<\/strong> para combinar solidez, est\u00e9tica e sucesso na apresenta\u00e7\u00e3o das suas sobremesas. Um acess\u00f3rio essencial para chefes de pastelaria, fornecedores de refei\u00e7\u00f5es e restauradores que pretendem mostrar os seus conhecimentos com cuidado e autenticidade. <\/p>\n<p>&nbsp;<\/p>\n<p><!--more--><\/p>\n<h4><strong>Vantagens :<\/strong><\/h4>\n<ul>\n<li><strong data-start=\"1588\" data-end=\"1611\">Reto-verso dourado\/preto<\/strong>: dois acabamentos para combinar com as suas apresenta\u00e7\u00f5es.<\/li>\n<li><strong data-start=\"1668\" data-end=\"1689\">Formato 20 x 10 cm<\/strong>: ideal para troncos e bolos enrolados.<\/li>\n<li><strong data-start=\"1732\" data-end=\"1753\">Bordos limpos e rectos<\/strong> para um aspeto preciso e limpo.<\/li>\n<li><strong data-start=\"1790\" data-end=\"1822\">Cart\u00e3o resistente de qualidade alimentar<\/strong>: mant\u00e9m as sobremesas no s\u00edtio.<\/li>\n<li><strong data-start=\"1857\" data-end=\"1883\">Embalado em pacotes de 50 unidades<\/strong>: perfeito para utiliza\u00e7\u00e3o profissional.<\/li>\n<\/ul>\n<p>&nbsp;<\/p>\n<p><!--more--><\/p>\n<h4>Outras informa\u00e7\u00f5es :<\/h4>\n<ul>\n<li><strong>Embalagem<\/strong>: Pacote de 50<\/li>\n<li><strong>Dimens\u00f5es<\/strong>: 30 x 10 cm<\/li>\n<li><strong>Material<\/strong>: Cart\u00e3o<\/li>\n<li><strong>Cor<\/strong>: dourado \/ preto<\/li>\n<\/ul>\n<p>&nbsp;<\/p>\n<p><!--more--><\/p>\n<p>Estas palmilhas est\u00e3o dispon\u00edveis em v\u00e1rios tamanhos: <span style=\"color: #d12727;\"><a style=\"color: #d12727;\" href=\"https:\/\/www.csj-emballages.com\/produit\/50-semelles-bords-droits-or-noir-20x10-cm-buche-noel-non-festonnees-carton\/\">20&#215;10 cm<\/a><\/span> \/ <span style=\"color: #d12727;\"><a style=\"color: #d12727;\" href=\"https:\/\/www.csj-emballages.com\/produit\/50-semelles-bords-droits-or-noir-25x10-cm-buche-noel-non-festonnees-carton\/\">25&#215;10 cm<\/a><\/span> \/ <span style=\"color: #d12727;\"><a style=\"color: #d12727;\" href=\"https:\/\/www.csj-emballages.com\/produit\/50-semelles-bords-droits-or-noir-30x10-cm-buche-noel-non-festonnees-carton\/\">30&#215;10 cm<\/a><\/span> \/ <span style=\"color: #d12727;\"><a style=\"color: #d12727;\" href=\"https:\/\/www.csj-emballages.com\/pt-pt\/produit\/25-caixas-de-cartao-branco-para-pastelaria-40-x-10-cm\/\">40&#215;10 cm<\/a><\/span> \/ <span style=\"color: #d12727;\"><a style=\"color: #d12727;\" href=\"https:\/\/www.csj-emballages.com\/produit\/50-semelles-bords-droits-or-noir-44-x-10-cm\/\">44&#215;10 cm<\/a><\/span> \/ <span style=\"color: #d12727;\"><a style=\"color: #d12727;\" href=\"https:\/\/www.csj-emballages.com\/produit\/50-semelles-bords-droits-or-noir-49-x-10-cm\/\">50&#215;10 cm<\/a><\/span> \/ <span style=\"color: #d12727;\"><a style=\"color: #d12727;\" href=\"https:\/\/www.csj-emballages.com\/produit\/50-semelles-bords-droits-or-noir-60-x-10-cm\/\">60&#215;10 cm<\/a><\/span><\/p>\n<p>&nbsp;<\/p>\n<p><!--more--><\/p>\n<p><a href=\"https:\/\/www.csj-emballages.com\/pt-pt\/categorie-produit\/embalagem-de-alimentos\/padaria-e-pastelaria\/suportes-para-bases-de-bolos\/solas-de-madeira\/\">Ver o resto da nossa gama de solas de madeira aqui<\/a><\/p>\n","protected":false},"excerpt":{"rendered":"<p>Sola de tronco Descri\u00e7\u00e3o da nossa sola de madeira dourada\/preta de bordos rectos 35 x 10 cm por 50<\/p>\n","protected":false},"featured_media":242499,"template":"","meta":{"_acf_changed":false},"product_brand":[],"product_cat":[1141,1177,2079,3453,1914,3267],"product_tag":[],"class_list":{"0":"post-23384","1":"product","2":"type-product","3":"status-publish","4":"has-post-thumbnail","6":"product_cat-embalagem-de-alimentos","7":"product_cat-padaria-e-pastelaria","8":"product_cat-caixas-de-registo","9":"product_cat-solas-de-madeira-pt-pt","10":"product_cat-suportes-para-bases-de-bolos","11":"product_cat-solas-de-madeira","13":"first","14":"instock","15":"taxable","16":"shipping-taxable","17":"purchasable","18":"product-type-simple"},"acf":[],"yoast_head":"<!-- This site is optimized with the Yoast SEO Premium plugin v26.6 (Yoast SEO v26.6) - https:\/\/yoast.com\/wordpress\/plugins\/seo\/ -->\n<title>Sola de tronco com rebordo reto Ouro \/ Preto 35 x 10 cm por 50<\/title>\n<meta name=\"description\" content=\"Descobre as nossas caixas de cart\u00e3o douradas\/pretas de 35x10 cm, perfeitas para mostrar os teus toros e facilitar o seu transporte!\" \/>\n<meta name=\"robots\" content=\"index, follow, max-snippet:-1, max-image-preview:large, max-video-preview:-1\" \/>\n<link rel=\"canonical\" href=\"https:\/\/www.csj-emballages.com\/pt-pt\/produit\/50-solas-douradas-pretas-com-bordas-rectas-35-x-10-cm\/\" \/>\n<meta property=\"og:locale\" content=\"pt_PT\" \/>\n<meta property=\"og:type\" content=\"article\" \/>\n<meta property=\"og:title\" content=\"Sola de madeira com bordos rectos dourada \/ preta 35 x 10 cm por 50\" \/>\n<meta property=\"og:description\" content=\"Descobre as nossas caixas de cart\u00e3o douradas\/pretas de 35x10 cm, perfeitas para mostrar os teus toros e facilitar o seu transporte!\" \/>\n<meta property=\"og:url\" content=\"https:\/\/www.csj-emballages.com\/pt-pt\/produit\/50-solas-douradas-pretas-com-bordas-rectas-35-x-10-cm\/\" \/>\n<meta property=\"og:site_name\" content=\"CSJ Emballages\" \/>\n<meta property=\"article:publisher\" content=\"https:\/\/www.facebook.com\/csjemballages\" \/>\n<meta property=\"article:modified_time\" content=\"2026-04-09T00:18:36+00:00\" \/>\n<meta property=\"og:image\" content=\"https:\/\/www.csj-emballages.com\/wp-content\/uploads\/2024\/03\/Semelle-buche-1.webp\" \/>\n\t<meta property=\"og:image:width\" content=\"800\" \/>\n\t<meta property=\"og:image:height\" content=\"800\" \/>\n\t<meta property=\"og:image:type\" content=\"image\/webp\" \/>\n<meta name=\"twitter:card\" content=\"summary_large_image\" \/>\n<meta name=\"twitter:label1\" content=\"Tempo estimado de leitura\" \/>\n\t<meta name=\"twitter:data1\" content=\"2 minutos\" \/>\n<script type=\"application\/ld+json\" class=\"yoast-schema-graph\">{\"@context\":\"https:\/\/schema.org\",\"@graph\":[{\"@type\":\"WebPage\",\"@id\":\"https:\/\/www.csj-emballages.com\/pt-pt\/produit\/50-solas-douradas-pretas-com-bordas-rectas-35-x-10-cm\/\",\"url\":\"https:\/\/www.csj-emballages.com\/pt-pt\/produit\/50-solas-douradas-pretas-com-bordas-rectas-35-x-10-cm\/\",\"name\":\"Sola de tronco com rebordo reto Ouro \/ Preto 35 x 10 cm por 50\",\"isPartOf\":{\"@id\":\"https:\/\/www.csj-emballages.com\/pt-pt\/#website\"},\"primaryImageOfPage\":{\"@id\":\"https:\/\/www.csj-emballages.com\/pt-pt\/produit\/50-solas-douradas-pretas-com-bordas-rectas-35-x-10-cm\/#primaryimage\"},\"image\":{\"@id\":\"https:\/\/www.csj-emballages.com\/pt-pt\/produit\/50-solas-douradas-pretas-com-bordas-rectas-35-x-10-cm\/#primaryimage\"},\"thumbnailUrl\":\"https:\/\/www.csj-emballages.com\/wp-content\/uploads\/2024\/03\/Semelle-buche-1.webp\",\"datePublished\":\"2024-03-01T15:49:22+00:00\",\"dateModified\":\"2026-04-09T00:18:36+00:00\",\"description\":\"Descobre as nossas caixas de cart\u00e3o douradas\/pretas de 35x10 cm, perfeitas para mostrar os teus toros e facilitar o seu transporte!\",\"breadcrumb\":{\"@id\":\"https:\/\/www.csj-emballages.com\/pt-pt\/produit\/50-solas-douradas-pretas-com-bordas-rectas-35-x-10-cm\/#breadcrumb\"},\"inLanguage\":\"pt-PT\",\"potentialAction\":[{\"@type\":\"ReadAction\",\"target\":[\"https:\/\/www.csj-emballages.com\/pt-pt\/produit\/50-solas-douradas-pretas-com-bordas-rectas-35-x-10-cm\/\"]}]},{\"@type\":\"ImageObject\",\"inLanguage\":\"pt-PT\",\"@id\":\"https:\/\/www.csj-emballages.com\/pt-pt\/produit\/50-solas-douradas-pretas-com-bordas-rectas-35-x-10-cm\/#primaryimage\",\"url\":\"https:\/\/www.csj-emballages.com\/wp-content\/uploads\/2024\/03\/Semelle-buche-1.webp\",\"contentUrl\":\"https:\/\/www.csj-emballages.com\/wp-content\/uploads\/2024\/03\/Semelle-buche-1.webp\",\"width\":800,\"height\":800,\"caption\":\"Semelle b\u00fbche\"},{\"@type\":\"BreadcrumbList\",\"@id\":\"https:\/\/www.csj-emballages.com\/pt-pt\/produit\/50-solas-douradas-pretas-com-bordas-rectas-35-x-10-cm\/#breadcrumb\",\"itemListElement\":[{\"@type\":\"ListItem\",\"position\":1,\"name\":\"Acolhimento\",\"item\":\"https:\/\/www.csj-emballages.com\/pt-pt\/universo-das-embalagens-alimentares\/\"},{\"@type\":\"ListItem\",\"position\":2,\"name\":\"Shop\",\"item\":\"https:\/\/www.csj-emballages.com\/shop\/\"},{\"@type\":\"ListItem\",\"position\":3,\"name\":\"Sola de madeira com bordos rectos dourada \/ preta 35 x 10 cm por 50\"}]},{\"@type\":\"WebSite\",\"@id\":\"https:\/\/www.csj-emballages.com\/pt-pt\/#website\",\"url\":\"https:\/\/www.csj-emballages.com\/pt-pt\/\",\"name\":\"CSJ Emballages\",\"description\":\"\",\"publisher\":{\"@id\":\"https:\/\/www.csj-emballages.com\/pt-pt\/#organization\"},\"potentialAction\":[{\"@type\":\"SearchAction\",\"target\":{\"@type\":\"EntryPoint\",\"urlTemplate\":\"https:\/\/www.csj-emballages.com\/pt-pt\/?s={search_term_string}\"},\"query-input\":{\"@type\":\"PropertyValueSpecification\",\"valueRequired\":true,\"valueName\":\"search_term_string\"}}],\"inLanguage\":\"pt-PT\"},{\"@type\":\"Organization\",\"@id\":\"https:\/\/www.csj-emballages.com\/pt-pt\/#Organization\/\",\"name\":\"CSJ Emballages\",\"url\":\"https:\/\/www.csj-emballages.com\/pt-pt\/\",\"logo\":{\"@type\":\"ImageObject\",\"inLanguage\":\"pt-PT\",\"@id\":\"https:\/\/www.csj-emballages.com\/pt-pt\/#\/schema\/logo\/image\/\",\"url\":\"https:\/\/www.csj-emballages.com\/wp-content\/uploads\/2023\/10\/logo_csj.webp\",\"contentUrl\":\"https:\/\/www.csj-emballages.com\/wp-content\/uploads\/2023\/10\/logo_csj.webp\",\"width\":250,\"height\":95,\"caption\":\"CSJ Emballages\"},\"image\":{\"@id\":\"https:\/\/www.csj-emballages.com\/pt-pt\/#\/schema\/logo\/image\/\"},\"sameAs\":[\"https:\/\/www.facebook.com\/csjemballages\"],\"address\":{\"@type\":\"PostalAddress\",\"streetAddress\":\"ZI La Lechere\",\"addressLocality\":\"Patornay\",\"postalCode\":\"39130\",\"addressCountry\":\"FR\"},\"contactPoint\":[{\"@type\":\"ContactPoint\",\"contactType\":\"Service client\",\"telephone\":\"0384254272\",\"email\":\"contact@csj-emballages.com\"}]}]}<\/script>\n<!-- \/ Yoast SEO Premium plugin. -->","yoast_head_json":{"title":"Sola de tronco com rebordo reto Ouro \/ Preto 35 x 10 cm por 50","description":"Descobre as nossas caixas de cart\u00e3o douradas\/pretas de 35x10 cm, perfeitas para mostrar os teus toros e facilitar o seu transporte!","robots":{"index":"index","follow":"follow","max-snippet":"max-snippet:-1","max-image-preview":"max-image-preview:large","max-video-preview":"max-video-preview:-1"},"canonical":"https:\/\/www.csj-emballages.com\/pt-pt\/produit\/50-solas-douradas-pretas-com-bordas-rectas-35-x-10-cm\/","og_locale":"pt_PT","og_type":"article","og_title":"Sola de madeira com bordos rectos dourada \/ preta 35 x 10 cm por 50","og_description":"Descobre as nossas caixas de cart\u00e3o douradas\/pretas de 35x10 cm, perfeitas para mostrar os teus toros e facilitar o seu transporte!","og_url":"https:\/\/www.csj-emballages.com\/pt-pt\/produit\/50-solas-douradas-pretas-com-bordas-rectas-35-x-10-cm\/","og_site_name":"CSJ Emballages","article_publisher":"https:\/\/www.facebook.com\/csjemballages","article_modified_time":"2026-04-09T00:18:36+00:00","og_image":[{"width":800,"height":800,"url":"https:\/\/www.csj-emballages.com\/wp-content\/uploads\/2024\/03\/Semelle-buche-1.webp","type":"image\/webp"}],"twitter_card":"summary_large_image","twitter_misc":{"Tempo estimado de leitura":"2 minutos"},"schema":{"@context":"https:\/\/schema.org","@graph":[{"@type":"WebPage","@id":"https:\/\/www.csj-emballages.com\/pt-pt\/produit\/50-solas-douradas-pretas-com-bordas-rectas-35-x-10-cm\/","url":"https:\/\/www.csj-emballages.com\/pt-pt\/produit\/50-solas-douradas-pretas-com-bordas-rectas-35-x-10-cm\/","name":"Sola de tronco com rebordo reto Ouro \/ Preto 35 x 10 cm por 50","isPartOf":{"@id":"https:\/\/www.csj-emballages.com\/pt-pt\/#website"},"primaryImageOfPage":{"@id":"https:\/\/www.csj-emballages.com\/pt-pt\/produit\/50-solas-douradas-pretas-com-bordas-rectas-35-x-10-cm\/#primaryimage"},"image":{"@id":"https:\/\/www.csj-emballages.com\/pt-pt\/produit\/50-solas-douradas-pretas-com-bordas-rectas-35-x-10-cm\/#primaryimage"},"thumbnailUrl":"https:\/\/www.csj-emballages.com\/wp-content\/uploads\/2024\/03\/Semelle-buche-1.webp","datePublished":"2024-03-01T15:49:22+00:00","dateModified":"2026-04-09T00:18:36+00:00","description":"Descobre as nossas caixas de cart\u00e3o douradas\/pretas de 35x10 cm, perfeitas para mostrar os teus toros e facilitar o seu transporte!","breadcrumb":{"@id":"https:\/\/www.csj-emballages.com\/pt-pt\/produit\/50-solas-douradas-pretas-com-bordas-rectas-35-x-10-cm\/#breadcrumb"},"inLanguage":"pt-PT","potentialAction":[{"@type":"ReadAction","target":["https:\/\/www.csj-emballages.com\/pt-pt\/produit\/50-solas-douradas-pretas-com-bordas-rectas-35-x-10-cm\/"]}]},{"@type":"ImageObject","inLanguage":"pt-PT","@id":"https:\/\/www.csj-emballages.com\/pt-pt\/produit\/50-solas-douradas-pretas-com-bordas-rectas-35-x-10-cm\/#primaryimage","url":"https:\/\/www.csj-emballages.com\/wp-content\/uploads\/2024\/03\/Semelle-buche-1.webp","contentUrl":"https:\/\/www.csj-emballages.com\/wp-content\/uploads\/2024\/03\/Semelle-buche-1.webp","width":800,"height":800,"caption":"Semelle b\u00fbche"},{"@type":"BreadcrumbList","@id":"https:\/\/www.csj-emballages.com\/pt-pt\/produit\/50-solas-douradas-pretas-com-bordas-rectas-35-x-10-cm\/#breadcrumb","itemListElement":[{"@type":"ListItem","position":1,"name":"Acolhimento","item":"https:\/\/www.csj-emballages.com\/pt-pt\/universo-das-embalagens-alimentares\/"},{"@type":"ListItem","position":2,"name":"Shop","item":"https:\/\/www.csj-emballages.com\/shop\/"},{"@type":"ListItem","position":3,"name":"Sola de madeira com bordos rectos dourada \/ preta 35 x 10 cm por 50"}]},{"@type":"WebSite","@id":"https:\/\/www.csj-emballages.com\/pt-pt\/#website","url":"https:\/\/www.csj-emballages.com\/pt-pt\/","name":"CSJ Emballages","description":"","publisher":{"@id":"https:\/\/www.csj-emballages.com\/pt-pt\/#organization"},"potentialAction":[{"@type":"SearchAction","target":{"@type":"EntryPoint","urlTemplate":"https:\/\/www.csj-emballages.com\/pt-pt\/?s={search_term_string}"},"query-input":{"@type":"PropertyValueSpecification","valueRequired":true,"valueName":"search_term_string"}}],"inLanguage":"pt-PT"},{"@type":"Organization","@id":"https:\/\/www.csj-emballages.com\/pt-pt\/#Organization\/","name":"CSJ Emballages","url":"https:\/\/www.csj-emballages.com\/pt-pt\/","logo":{"@type":"ImageObject","inLanguage":"pt-PT","@id":"https:\/\/www.csj-emballages.com\/pt-pt\/#\/schema\/logo\/image\/","url":"https:\/\/www.csj-emballages.com\/wp-content\/uploads\/2023\/10\/logo_csj.webp","contentUrl":"https:\/\/www.csj-emballages.com\/wp-content\/uploads\/2023\/10\/logo_csj.webp","width":250,"height":95,"caption":"CSJ Emballages"},"image":{"@id":"https:\/\/www.csj-emballages.com\/pt-pt\/#\/schema\/logo\/image\/"},"sameAs":["https:\/\/www.facebook.com\/csjemballages"],"address":{"@type":"PostalAddress","streetAddress":"ZI La Lechere","addressLocality":"Patornay","postalCode":"39130","addressCountry":"FR"},"contactPoint":[{"@type":"ContactPoint","contactType":"Service client","telephone":"0384254272","email":"contact@csj-emballages.com"}]}]}},"df_price":6.52,"df_sale_price":"","df_regular_price":6.52,"df_image_link":"https:\/\/www.csj-emballages.com\/wp-content\/uploads\/2024\/03\/Semelle-buche-1-300x300.webp","tiered_pricing_type":"fixed","tiered_pricing_fixed_rules":[],"tiered_pricing_percentage_rules":[],"tiered_pricing_minimum":1,"tiered_pricing_roles_data":[],"_links":{"self":[{"href":"https:\/\/www.csj-emballages.com\/pt-pt\/wp-json\/wp\/v2\/product\/23384","targetHints":{"allow":["GET"]}}],"collection":[{"href":"https:\/\/www.csj-emballages.com\/pt-pt\/wp-json\/wp\/v2\/product"}],"about":[{"href":"https:\/\/www.csj-emballages.com\/pt-pt\/wp-json\/wp\/v2\/types\/product"}],"wp:featuredmedia":[{"embeddable":true,"href":"https:\/\/www.csj-emballages.com\/pt-pt\/wp-json\/wp\/v2\/media\/242499"}],"wp:attachment":[{"href":"https:\/\/www.csj-emballages.com\/pt-pt\/wp-json\/wp\/v2\/media?parent=23384"}],"wp:term":[{"taxonomy":"product_brand","embeddable":true,"href":"https:\/\/www.csj-emballages.com\/pt-pt\/wp-json\/wp\/v2\/product_brand?post=23384"},{"taxonomy":"product_cat","embeddable":true,"href":"https:\/\/www.csj-emballages.com\/pt-pt\/wp-json\/wp\/v2\/product_cat?post=23384"},{"taxonomy":"product_tag","embeddable":true,"href":"https:\/\/www.csj-emballages.com\/pt-pt\/wp-json\/wp\/v2\/product_tag?post=23384"}],"curies":[{"name":"wp","href":"https:\/\/api.w.org\/{rel}","templated":true}]}}