{"id":233825,"date":"2025-04-25T12:52:12","date_gmt":"2025-04-25T10:52:12","guid":{"rendered":"https:\/\/www.csj-emballages.com\/produit\/forma-para-bolos-optima-900-ml-por-15\/"},"modified":"2026-03-12T16:29:51","modified_gmt":"2026-03-12T15:29:51","slug":"forma-para-bolos-optima-900-ml-por-15","status":"publish","type":"product","link":"https:\/\/www.csj-emballages.com\/pt-pt\/produit\/forma-para-bolos-optima-900-ml-por-15\/","title":{"rendered":"Forma para bolos OPTIMA 900 ml por 15"},"content":{"rendered":"<h2 class=\"keyword-text _ngcontent-hfn-103\" aria-label=\"moule tourti\u00e8re (mot cl\u00e9 que vous avez fourni).\"><span class=\"keyword _ngcontent-hfn-103\" aria-hidden=\"false\">Forma de bolo<\/span><\/h2>\n<hr>\n<h3>Descri\u00e7\u00e3o da nossa forma para bolos OPTIMA 900 ml por 15<\/h3>\n<p><!--more--><\/p>\n<p data-start=\"143\" data-end=\"500\">Concebida para satisfazer as necessidades dos profissionais e dos entusiastas da pastelaria, a <strong data-start=\"235\" data-end=\"265\">forma para bolos OPTIMA 900 ml<\/strong> \u00e9 indispens\u00e1vel para todas as suas prepara\u00e7\u00f5es doces e salgadas. Fabricada em <strong>cart\u00e3o<\/strong> resistente e r\u00edgido, suporta tanto a cozedura no forno como a congela\u00e7\u00e3o, sem alterar a forma ou o aspeto das suas cria\u00e7\u00f5es. <\/p>\n<p data-start=\"502\" data-end=\"852\">E com uma capacidade de <strong>900 ml<\/strong>, este <strong>molde descart\u00e1vel<\/strong> tem o tamanho perfeito para fazer <strong>bolos<\/strong>, p\u00e3es, brownies ou at\u00e9 terrinas. Coze uniformemente gra\u00e7as ao seu design inteligente, que promove a distribui\u00e7\u00e3o do calor. O resultado: uma bela crosta dourada, cozedura uniforme e remo\u00e7\u00e3o suave da forma.  <\/p>\n<p data-start=\"854\" data-end=\"1177\">Vendido em embalagens de <strong>15<\/strong> unidades, \u00e9 ideal para os profissionais <strong data-start=\"908\" data-end=\"921\">de restaura\u00e7\u00e3o<\/strong>, <strong data-start=\"923\" data-end=\"937\">padeiros<\/strong> e <strong data-start=\"939\" data-end=\"956\">restauradores<\/strong>, bem como para os <strong data-start=\"973\" data-end=\"989\">particulares<\/strong> que pretendam preparar por\u00e7\u00f5es com anteced\u00eancia ou para eventos (buffets, brunches, lanches, etc.). Poupa tempo: n\u00e3o \u00e9 necess\u00e1rio untar, nem limpar ap\u00f3s a utiliza\u00e7\u00e3o. <\/p>\n<p data-start=\"1179\" data-end=\"1396\">Esta <strong>forma para bolos<\/strong> \u00e9 um verdadeiro trunfo pr\u00e1tico, especialmente se trabalhar com grandes quantidades de bolos ou num evento. Al\u00e9m disso, o seu design s\u00f3brio e profissional adapta-se a qualquer apresenta\u00e7\u00e3o, da mais simples \u00e0 mais requintada. <\/p>\n<p data-start=\"1398\" data-end=\"1502\"><strong data-start=\"1398\" data-end=\"1502\">Em suma, escolha uma panela fi\u00e1vel, limpa e eficiente para uma cozedura bem sucedida e um servi\u00e7o meticuloso.<\/strong><\/p>\n<p><!--more--><\/p>\n<h4>As suas vantagens:<\/h4>\n<ul>\n<li data-start=\"959\" data-end=\"1054\">Ideal para por\u00e7\u00f5es individuais ou partilhadas.<\/li>\n<li data-start=\"959\" data-end=\"1054\">Resistente a gorduras.<\/li>\n<li data-start=\"959\" data-end=\"1054\">Cozinha uniformemente e \u00e9 f\u00e1cil de retirar da forma.<\/li>\n<li data-start=\"959\" data-end=\"1054\">Pronto a utilizar, n\u00e3o precisa de ser lubrificado.<\/li>\n<li data-start=\"959\" data-end=\"1054\">Esta forma de bolo \u00e9 vendida numa embalagem econ\u00f3mica de 30 unidades.<\/li>\n<\/ul>\n<p>&nbsp;<\/p>\n<p><!--more--><\/p>\n<h4>Outras informa\u00e7\u00f5es :<\/h4>\n<ul>\n<li><strong>Embalagem<\/strong>: Pacote de 15<\/li>\n<li><strong>Dimens\u00f5es exteriores<\/strong>: 205 x 110 (C x L em mm)<\/li>\n<li><strong>Dimens\u00f5es interiores<\/strong>: 180 x 80 (C x L em mm)<\/li>\n<li><strong>Altura<\/strong>: 50 mm<\/li>\n<li><strong>Volume<\/strong>: 900 ml<\/li>\n<li><strong>Material<\/strong>: Cart\u00e3o \/ papel<\/li>\n<li><strong>Cor<\/strong>: Castanho \/ Branco<\/li>\n<\/ul>\n<p>&nbsp;<\/p>\n<p><!--more--><\/p>\n<p>Encontre todos os tamanhos dispon\u00edveis para esta forma de bolo aqui: <span style=\"color: #d12727;\"><a style=\"color: #d12727;\" href=\"https:\/\/www.csj-emballages.com\/es\/produit\/optima-molde-600-ml-por-30\/\">600 ml<\/a><\/span> \/ <span style=\"color: #d12727;\"><a style=\"color: #d12727;\" href=\"https:\/\/www.csj-emballages.com\/es\/produit\/molde-para-tartas-optima-1100-ml-por-40\/\">1100 ml<\/a><\/span> \/ <span style=\"color: #d12727;\"><a style=\"color: #d12727;\" href=\"https:\/\/www.csj-emballages.com\/es\/produit\/molde-optima-1600-ml-por-40\/\">1600 ml<\/a><\/span><\/p>\n<p>&nbsp;<\/p>\n<p><!--more--><\/p>\n<p><a href=\"https:\/\/www.csj-emballages.com\/pt-pt\/categorie-produit\/embalagem-de-alimentos\/padaria-e-pastelaria\/cozinhar\/formas-de-cartao-optima-para-pastelaria\/\">Ver o resto da nossa gama de formas de cart\u00e3o OPTIMA para pastelaria<\/a><\/p>\n<p>&nbsp;<\/p>\n","protected":false},"excerpt":{"rendered":"<p>Forma de bolo Descri\u00e7\u00e3o da nossa forma para bolos OPTIMA 900 ml por 15<\/p>\n","protected":false},"featured_media":233822,"template":"","meta":{"_acf_changed":false},"product_brand":[],"product_cat":[1141,1177,3920,9371],"product_tag":[],"class_list":{"0":"post-233825","1":"product","2":"type-product","3":"status-publish","4":"has-post-thumbnail","6":"product_cat-embalagem-de-alimentos","7":"product_cat-padaria-e-pastelaria","8":"product_cat-cozinhar","9":"product_cat-formas-de-cartao-optima-para-pastelaria","11":"first","12":"instock","13":"taxable","14":"shipping-taxable","15":"purchasable","16":"product-type-simple"},"acf":[],"yoast_head":"<!-- This site is optimized with the Yoast SEO Premium plugin v26.6 (Yoast SEO v26.6) - https:\/\/yoast.com\/wordpress\/plugins\/seo\/ -->\n<title>Forma para bolos OPTIMA 900 ml por 15<\/title>\n<meta name=\"description\" content=\"Forma para bolos OPTIMA 900 ml x15: ideal para cozedura, congela\u00e7\u00e3o, restaura\u00e7\u00e3o e uso privado. Resistente, pronta a utilizar, para uma cozedura perfeita.\" \/>\n<meta name=\"robots\" content=\"index, follow, max-snippet:-1, max-image-preview:large, max-video-preview:-1\" \/>\n<link rel=\"canonical\" href=\"https:\/\/www.csj-emballages.com\/pt-pt\/produit\/forma-para-bolos-optima-900-ml-por-15\/\" \/>\n<meta property=\"og:locale\" content=\"pt_PT\" \/>\n<meta property=\"og:type\" content=\"article\" \/>\n<meta property=\"og:title\" content=\"Forma para bolos OPTIMA 900 ml por 15\" \/>\n<meta property=\"og:description\" content=\"Forma para bolos OPTIMA 900 ml x15: ideal para cozedura, congela\u00e7\u00e3o, restaura\u00e7\u00e3o e uso privado. Resistente, pronta a utilizar, para uma cozedura perfeita.\" \/>\n<meta property=\"og:url\" content=\"https:\/\/www.csj-emballages.com\/pt-pt\/produit\/forma-para-bolos-optima-900-ml-por-15\/\" \/>\n<meta property=\"og:site_name\" content=\"CSJ Emballages\" \/>\n<meta property=\"article:publisher\" content=\"https:\/\/www.facebook.com\/csjemballages\" \/>\n<meta property=\"article:modified_time\" content=\"2026-03-12T15:29:51+00:00\" \/>\n<meta property=\"og:image\" content=\"https:\/\/www.csj-emballages.com\/wp-content\/uploads\/2025\/04\/MO900OPTI.webp\" \/>\n\t<meta property=\"og:image:width\" content=\"800\" \/>\n\t<meta property=\"og:image:height\" content=\"800\" \/>\n\t<meta property=\"og:image:type\" content=\"image\/webp\" \/>\n<meta name=\"twitter:card\" content=\"summary_large_image\" \/>\n<meta name=\"twitter:label1\" content=\"Tempo estimado de leitura\" \/>\n\t<meta name=\"twitter:data1\" content=\"2 minutos\" \/>\n<script type=\"application\/ld+json\" class=\"yoast-schema-graph\">{\"@context\":\"https:\/\/schema.org\",\"@graph\":[{\"@type\":\"WebPage\",\"@id\":\"https:\/\/www.csj-emballages.com\/pt-pt\/produit\/forma-para-bolos-optima-900-ml-por-15\/\",\"url\":\"https:\/\/www.csj-emballages.com\/pt-pt\/produit\/forma-para-bolos-optima-900-ml-por-15\/\",\"name\":\"Forma para bolos OPTIMA 900 ml por 15\",\"isPartOf\":{\"@id\":\"https:\/\/www.csj-emballages.com\/pt-pt\/#website\"},\"primaryImageOfPage\":{\"@id\":\"https:\/\/www.csj-emballages.com\/pt-pt\/produit\/forma-para-bolos-optima-900-ml-por-15\/#primaryimage\"},\"image\":{\"@id\":\"https:\/\/www.csj-emballages.com\/pt-pt\/produit\/forma-para-bolos-optima-900-ml-por-15\/#primaryimage\"},\"thumbnailUrl\":\"https:\/\/www.csj-emballages.com\/wp-content\/uploads\/2025\/04\/MO900OPTI.webp\",\"datePublished\":\"2025-04-25T10:52:12+00:00\",\"dateModified\":\"2026-03-12T15:29:51+00:00\",\"description\":\"Forma para bolos OPTIMA 900 ml x15: ideal para cozedura, congela\u00e7\u00e3o, restaura\u00e7\u00e3o e uso privado. Resistente, pronta a utilizar, para uma cozedura perfeita.\",\"breadcrumb\":{\"@id\":\"https:\/\/www.csj-emballages.com\/pt-pt\/produit\/forma-para-bolos-optima-900-ml-por-15\/#breadcrumb\"},\"inLanguage\":\"pt-PT\",\"potentialAction\":[{\"@type\":\"ReadAction\",\"target\":[\"https:\/\/www.csj-emballages.com\/pt-pt\/produit\/forma-para-bolos-optima-900-ml-por-15\/\"]}]},{\"@type\":\"ImageObject\",\"inLanguage\":\"pt-PT\",\"@id\":\"https:\/\/www.csj-emballages.com\/pt-pt\/produit\/forma-para-bolos-optima-900-ml-por-15\/#primaryimage\",\"url\":\"https:\/\/www.csj-emballages.com\/wp-content\/uploads\/2025\/04\/MO900OPTI.webp\",\"contentUrl\":\"https:\/\/www.csj-emballages.com\/wp-content\/uploads\/2025\/04\/MO900OPTI.webp\",\"width\":800,\"height\":800,\"caption\":\"Moule \u00e0 cake\"},{\"@type\":\"BreadcrumbList\",\"@id\":\"https:\/\/www.csj-emballages.com\/pt-pt\/produit\/forma-para-bolos-optima-900-ml-por-15\/#breadcrumb\",\"itemListElement\":[{\"@type\":\"ListItem\",\"position\":1,\"name\":\"Acolhimento\",\"item\":\"https:\/\/www.csj-emballages.com\/pt-pt\/universo-das-embalagens-alimentares\/\"},{\"@type\":\"ListItem\",\"position\":2,\"name\":\"Shop\",\"item\":\"https:\/\/www.csj-emballages.com\/shop\/\"},{\"@type\":\"ListItem\",\"position\":3,\"name\":\"Forma para bolos OPTIMA 900 ml por 15\"}]},{\"@type\":\"WebSite\",\"@id\":\"https:\/\/www.csj-emballages.com\/pt-pt\/#website\",\"url\":\"https:\/\/www.csj-emballages.com\/pt-pt\/\",\"name\":\"CSJ Emballages\",\"description\":\"\",\"publisher\":{\"@id\":\"https:\/\/www.csj-emballages.com\/pt-pt\/#organization\"},\"potentialAction\":[{\"@type\":\"SearchAction\",\"target\":{\"@type\":\"EntryPoint\",\"urlTemplate\":\"https:\/\/www.csj-emballages.com\/pt-pt\/?s={search_term_string}\"},\"query-input\":{\"@type\":\"PropertyValueSpecification\",\"valueRequired\":true,\"valueName\":\"search_term_string\"}}],\"inLanguage\":\"pt-PT\"},{\"@type\":\"Organization\",\"@id\":\"https:\/\/www.csj-emballages.com\/pt-pt\/#Organization\/\",\"name\":\"CSJ Emballages\",\"url\":\"https:\/\/www.csj-emballages.com\/pt-pt\/\",\"logo\":{\"@type\":\"ImageObject\",\"inLanguage\":\"pt-PT\",\"@id\":\"https:\/\/www.csj-emballages.com\/pt-pt\/#\/schema\/logo\/image\/\",\"url\":\"https:\/\/www.csj-emballages.com\/wp-content\/uploads\/2023\/10\/logo_csj.webp\",\"contentUrl\":\"https:\/\/www.csj-emballages.com\/wp-content\/uploads\/2023\/10\/logo_csj.webp\",\"width\":250,\"height\":95,\"caption\":\"CSJ Emballages\"},\"image\":{\"@id\":\"https:\/\/www.csj-emballages.com\/pt-pt\/#\/schema\/logo\/image\/\"},\"sameAs\":[\"https:\/\/www.facebook.com\/csjemballages\"],\"address\":{\"@type\":\"PostalAddress\",\"streetAddress\":\"ZI La Lechere\",\"addressLocality\":\"Patornay\",\"postalCode\":\"39130\",\"addressCountry\":\"FR\"},\"contactPoint\":[{\"@type\":\"ContactPoint\",\"contactType\":\"Service client\",\"telephone\":\"0384254272\",\"email\":\"contact@csj-emballages.com\"}]}]}<\/script>\n<!-- \/ Yoast SEO Premium plugin. -->","yoast_head_json":{"title":"Forma para bolos OPTIMA 900 ml por 15","description":"Forma para bolos OPTIMA 900 ml x15: ideal para cozedura, congela\u00e7\u00e3o, restaura\u00e7\u00e3o e uso privado. Resistente, pronta a utilizar, para uma cozedura perfeita.","robots":{"index":"index","follow":"follow","max-snippet":"max-snippet:-1","max-image-preview":"max-image-preview:large","max-video-preview":"max-video-preview:-1"},"canonical":"https:\/\/www.csj-emballages.com\/pt-pt\/produit\/forma-para-bolos-optima-900-ml-por-15\/","og_locale":"pt_PT","og_type":"article","og_title":"Forma para bolos OPTIMA 900 ml por 15","og_description":"Forma para bolos OPTIMA 900 ml x15: ideal para cozedura, congela\u00e7\u00e3o, restaura\u00e7\u00e3o e uso privado. Resistente, pronta a utilizar, para uma cozedura perfeita.","og_url":"https:\/\/www.csj-emballages.com\/pt-pt\/produit\/forma-para-bolos-optima-900-ml-por-15\/","og_site_name":"CSJ Emballages","article_publisher":"https:\/\/www.facebook.com\/csjemballages","article_modified_time":"2026-03-12T15:29:51+00:00","og_image":[{"width":800,"height":800,"url":"https:\/\/www.csj-emballages.com\/wp-content\/uploads\/2025\/04\/MO900OPTI.webp","type":"image\/webp"}],"twitter_card":"summary_large_image","twitter_misc":{"Tempo estimado de leitura":"2 minutos"},"schema":{"@context":"https:\/\/schema.org","@graph":[{"@type":"WebPage","@id":"https:\/\/www.csj-emballages.com\/pt-pt\/produit\/forma-para-bolos-optima-900-ml-por-15\/","url":"https:\/\/www.csj-emballages.com\/pt-pt\/produit\/forma-para-bolos-optima-900-ml-por-15\/","name":"Forma para bolos OPTIMA 900 ml por 15","isPartOf":{"@id":"https:\/\/www.csj-emballages.com\/pt-pt\/#website"},"primaryImageOfPage":{"@id":"https:\/\/www.csj-emballages.com\/pt-pt\/produit\/forma-para-bolos-optima-900-ml-por-15\/#primaryimage"},"image":{"@id":"https:\/\/www.csj-emballages.com\/pt-pt\/produit\/forma-para-bolos-optima-900-ml-por-15\/#primaryimage"},"thumbnailUrl":"https:\/\/www.csj-emballages.com\/wp-content\/uploads\/2025\/04\/MO900OPTI.webp","datePublished":"2025-04-25T10:52:12+00:00","dateModified":"2026-03-12T15:29:51+00:00","description":"Forma para bolos OPTIMA 900 ml x15: ideal para cozedura, congela\u00e7\u00e3o, restaura\u00e7\u00e3o e uso privado. Resistente, pronta a utilizar, para uma cozedura perfeita.","breadcrumb":{"@id":"https:\/\/www.csj-emballages.com\/pt-pt\/produit\/forma-para-bolos-optima-900-ml-por-15\/#breadcrumb"},"inLanguage":"pt-PT","potentialAction":[{"@type":"ReadAction","target":["https:\/\/www.csj-emballages.com\/pt-pt\/produit\/forma-para-bolos-optima-900-ml-por-15\/"]}]},{"@type":"ImageObject","inLanguage":"pt-PT","@id":"https:\/\/www.csj-emballages.com\/pt-pt\/produit\/forma-para-bolos-optima-900-ml-por-15\/#primaryimage","url":"https:\/\/www.csj-emballages.com\/wp-content\/uploads\/2025\/04\/MO900OPTI.webp","contentUrl":"https:\/\/www.csj-emballages.com\/wp-content\/uploads\/2025\/04\/MO900OPTI.webp","width":800,"height":800,"caption":"Moule \u00e0 cake"},{"@type":"BreadcrumbList","@id":"https:\/\/www.csj-emballages.com\/pt-pt\/produit\/forma-para-bolos-optima-900-ml-por-15\/#breadcrumb","itemListElement":[{"@type":"ListItem","position":1,"name":"Acolhimento","item":"https:\/\/www.csj-emballages.com\/pt-pt\/universo-das-embalagens-alimentares\/"},{"@type":"ListItem","position":2,"name":"Shop","item":"https:\/\/www.csj-emballages.com\/shop\/"},{"@type":"ListItem","position":3,"name":"Forma para bolos OPTIMA 900 ml por 15"}]},{"@type":"WebSite","@id":"https:\/\/www.csj-emballages.com\/pt-pt\/#website","url":"https:\/\/www.csj-emballages.com\/pt-pt\/","name":"CSJ Emballages","description":"","publisher":{"@id":"https:\/\/www.csj-emballages.com\/pt-pt\/#organization"},"potentialAction":[{"@type":"SearchAction","target":{"@type":"EntryPoint","urlTemplate":"https:\/\/www.csj-emballages.com\/pt-pt\/?s={search_term_string}"},"query-input":{"@type":"PropertyValueSpecification","valueRequired":true,"valueName":"search_term_string"}}],"inLanguage":"pt-PT"},{"@type":"Organization","@id":"https:\/\/www.csj-emballages.com\/pt-pt\/#Organization\/","name":"CSJ Emballages","url":"https:\/\/www.csj-emballages.com\/pt-pt\/","logo":{"@type":"ImageObject","inLanguage":"pt-PT","@id":"https:\/\/www.csj-emballages.com\/pt-pt\/#\/schema\/logo\/image\/","url":"https:\/\/www.csj-emballages.com\/wp-content\/uploads\/2023\/10\/logo_csj.webp","contentUrl":"https:\/\/www.csj-emballages.com\/wp-content\/uploads\/2023\/10\/logo_csj.webp","width":250,"height":95,"caption":"CSJ Emballages"},"image":{"@id":"https:\/\/www.csj-emballages.com\/pt-pt\/#\/schema\/logo\/image\/"},"sameAs":["https:\/\/www.facebook.com\/csjemballages"],"address":{"@type":"PostalAddress","streetAddress":"ZI La Lechere","addressLocality":"Patornay","postalCode":"39130","addressCountry":"FR"},"contactPoint":[{"@type":"ContactPoint","contactType":"Service client","telephone":"0384254272","email":"contact@csj-emballages.com"}]}]}},"df_price":10.45,"df_sale_price":"","df_regular_price":10.45,"df_image_link":"https:\/\/www.csj-emballages.com\/wp-content\/uploads\/2025\/04\/MO900OPTI-300x300.webp","tiered_pricing_type":"fixed","tiered_pricing_fixed_rules":[],"tiered_pricing_percentage_rules":[],"tiered_pricing_minimum":1,"tiered_pricing_roles_data":[],"_links":{"self":[{"href":"https:\/\/www.csj-emballages.com\/pt-pt\/wp-json\/wp\/v2\/product\/233825","targetHints":{"allow":["GET"]}}],"collection":[{"href":"https:\/\/www.csj-emballages.com\/pt-pt\/wp-json\/wp\/v2\/product"}],"about":[{"href":"https:\/\/www.csj-emballages.com\/pt-pt\/wp-json\/wp\/v2\/types\/product"}],"wp:featuredmedia":[{"embeddable":true,"href":"https:\/\/www.csj-emballages.com\/pt-pt\/wp-json\/wp\/v2\/media\/233822"}],"wp:attachment":[{"href":"https:\/\/www.csj-emballages.com\/pt-pt\/wp-json\/wp\/v2\/media?parent=233825"}],"wp:term":[{"taxonomy":"product_brand","embeddable":true,"href":"https:\/\/www.csj-emballages.com\/pt-pt\/wp-json\/wp\/v2\/product_brand?post=233825"},{"taxonomy":"product_cat","embeddable":true,"href":"https:\/\/www.csj-emballages.com\/pt-pt\/wp-json\/wp\/v2\/product_cat?post=233825"},{"taxonomy":"product_tag","embeddable":true,"href":"https:\/\/www.csj-emballages.com\/pt-pt\/wp-json\/wp\/v2\/product_tag?post=233825"}],"curies":[{"name":"wp","href":"https:\/\/api.w.org\/{rel}","templated":true}]}}