{"id":23360,"date":"2024-03-01T16:49:21","date_gmt":"2024-03-01T15:49:21","guid":{"rendered":"https:\/\/u15jnbdpoq.preview.infomaniak.website\/produit\/50-sacos-diamantados-85-4-reforcos-de-40-mm-x-500-mm-o-16\/"},"modified":"2026-03-12T16:39:50","modified_gmt":"2026-03-12T15:39:50","slug":"50-sacos-diamantados-85-4-reforcos-de-40-mm-x-500-mm-o-16","status":"publish","type":"product","link":"https:\/\/www.csj-emballages.com\/pt-pt\/produit\/50-sacos-diamantados-85-4-reforcos-de-40-mm-x-500-mm-o-16\/","title":{"rendered":"Saco diamantado 85 + (4 cantoneiras de 40 mm) x 500 mm \u00d816 cm por 50"},"content":{"rendered":"<h2 class=\"p1\">Saco de diamantes<\/h2>\n<hr>\n<h3>Descri\u00e7\u00e3o do nosso saco transparente em forma de diamante 85 + (4 refor\u00e7os de 40 mm) x 500 mm \u00d816 cm por 50<\/h3>\n<p><!--more--><\/p>\n<p data-start=\"30\" data-end=\"491\">D\u00ea \u00e0s suas cria\u00e7\u00f5es uma <strong data-start=\"41\" data-end=\"66\">apresenta\u00e7\u00e3o elegante<\/strong> e profissional com o <strong data-start=\"111\" data-end=\"186\">saco diamantado transparente de 85 + (4 x 40 mm) x 500 mm \u00d816 cm<\/strong>. Fabricado em <strong data-start=\"197\" data-end=\"203\">PP<\/strong> (polipropileno) de alta qualidade, este <strong data-start=\"241\" data-end=\"267\">saco com refor\u00e7o lateral<\/strong> combina <strong data-start=\"276\" data-end=\"288\">resist\u00eancia<\/strong>, <strong data-start=\"290\" data-end=\"318\">transpar\u00eancia cristalina<\/strong> e praticidade. Gra\u00e7as ao seu <strong data-start=\"345\" data-end=\"372\">duplo refor\u00e7o lateral<\/strong> <strong>de 40 mm<\/strong>, adapta-se perfeitamente a formas generosas, permitindo ao mesmo tempo mostrar o seu conte\u00fado da melhor forma.  <\/p>\n<p data-start=\"493\" data-end=\"897\">Com um <strong data-start=\"501\" data-end=\"524\">di\u00e2metro de 16 cm<\/strong>, esta <strong>bolsa<\/strong> destaca-se pela sua capacidade de conter <strong data-start=\"582\" data-end=\"604\">presentes volumosos<\/strong>. \u00c9 a solu\u00e7\u00e3o ideal para embrulhar <strong data-start=\"660\" data-end=\"685\">figuras de chocolate<\/strong>, <strong data-start=\"691\" data-end=\"725\">embalagens de fruta gourmet<\/strong> ou <strong data-start=\"741\" data-end=\"776\">arranjos florais requintados<\/strong>. A sua <strong data-start=\"781\" data-end=\"802\">altura de 500 mm<\/strong> mant\u00e9m os produtos bem protegidos, ao mesmo tempo que proporciona uma apresenta\u00e7\u00e3o impec\u00e1vel.  <\/p>\n<p data-start=\"899\" data-end=\"1294\">Al\u00e9m disso, a <strong data-start=\"911\" data-end=\"936\">transpar\u00eancia perfeita<\/strong> desta <strong>saqueta de diamantes<\/strong> real\u00e7a a cor, a textura e a originalidade das suas cria\u00e7\u00f5es, tornando-a um trunfo importante para os profissionais da <strong data-start=\"1079\" data-end=\"1093\">confeitaria<\/strong>, <strong data-start=\"1101\" data-end=\"1115\">pastelaria<\/strong> ou <strong data-start=\"1125\" data-end=\"1147\">decora\u00e7\u00e3o floral<\/strong>. Pode facilmente personalizar a embalagem com uma fita, uma etiqueta ou um autocolante para refor\u00e7ar a identidade visual da sua marca. <\/p>\n<p data-start=\"1296\" data-end=\"1724\">Ao escolher este <strong>saco<\/strong>, obt\u00e9m <strong data-start=\"1343\" data-end=\"1379\">uma embalagem pr\u00e1tica e atractiva<\/strong>, pronta a conquistar os seus clientes \u00e0 primeira vista. A sua resist\u00eancia \u00e0 rutura garante a seguran\u00e7a do produto, mesmo durante o transporte ou o manuseamento na loja. Por fim, vendido em embalagens de <strong>50<\/strong> unidades, representa uma excelente rela\u00e7\u00e3o qualidade\/pre\u00e7o para os profissionais que procuram <strong data-start=\"1679\" data-end=\"1706\">uma embalagem<\/strong> funcional e <strong data-start=\"1679\" data-end=\"1706\">de topo de gama<\/strong>.  <\/p>\n<p data-start=\"1367\" data-end=\"1669\"><!--more--><\/p>\n<h4 data-start=\"1367\" data-end=\"1669\">Vantagens :<\/h4>\n<ul>\n<li data-start=\"1367\" data-end=\"1669\"><strong data-start=\"1948\" data-end=\"1975\">Refor\u00e7o lateral duplo<\/strong> para um volume generoso e uma modela\u00e7\u00e3o f\u00e1cil.<\/li>\n<li data-start=\"1367\" data-end=\"1669\"><strong data-start=\"2033\" data-end=\"2057\">Transparente<\/strong> para real\u00e7ar as suas cria\u00e7\u00f5es gourmet ou decorativas.<\/li>\n<li data-start=\"1367\" data-end=\"1669\"><strong data-start=\"2116\" data-end=\"2135\">Formato pr\u00e1tico<\/strong> (\u00d816 cm x 500 mm) adequado para presentes de grandes dimens\u00f5es.<\/li>\n<li data-start=\"1367\" data-end=\"1669\"><strong data-start=\"2191\" data-end=\"2218\">Polipropileno resistente<\/strong>, ideal para transporte e apresenta\u00e7\u00e3o.<\/li>\n<\/ul>\n<p>&nbsp;<\/p>\n<p><!--more--><\/p>\n<h4>Outras informa\u00e7\u00f5es :<\/h4>\n<ul>\n<li><strong>Embalagem<\/strong>: Pacote de 50<\/li>\n<li><strong>Dimens\u00f5es<\/strong>: 85 + (4 x 40 mm refor\u00e7os) x 500 mm<\/li>\n<li><strong>Di\u00e2metro<\/strong>: \u00d816 cm<\/li>\n<li><strong>Cor<\/strong>: Transparente<\/li>\n<li><strong>Material<\/strong>: PP (polipropileno)<\/li>\n<\/ul>\n<p>&nbsp;<\/p>\n<p><!--more--><\/p>\n<p>Este saco de diamantes est\u00e1 dispon\u00edvel em diferentes tamanhos: <span style=\"color: #d12727;\"><a style=\"color: #d12727;\" href=\"https:\/\/www.csj-emballages.com\/produit\/50-sachets-diamant-transparents-65-4-soufflets-de-30-mm-x-400-mm\/\">65 + (4 refor\u00e7os de 30 mm) x 400 mm \u00d811,5 cm<\/a><\/span> \/ <span style=\"color: #d12727;\"><a style=\"color: #d12727;\" href=\"https:\/\/www.csj-emballages.com\/pt-pt\/produit\/50-sacos-diamantados-transparentes-60-4-x-30-mm-reforcos-x-580-mm\/\">60 + (4 refor\u00e7os de 30 mm) x 580 mm<\/a><\/span> \/ <span style=\"color: #d12727;\"><a style=\"color: #d12727;\" href=\"https:\/\/www.csj-emballages.com\/pt-pt\/produit\/50-sacos-diamantados-transparentes-max-110-4-x-50-mm-de-reforco-x-600-mm\/\">110 + (4 x 50 mm de refor\u00e7o) x 600 mm<\/a><\/span><\/p>\n<p>&nbsp;<\/p>\n<p><!--more--><\/p>\n<p><a href=\"https:\/\/www.csj-emballages.com\/pt-pt\/categorie-produit\/embalagem-de-alimentos\/padaria-e-pastelaria\/sacos-saquetas-e-papel\/sacos-de-confeitaria\/sacos-de-diamantes\/\">Ver o resto da nossa gama de sacos com diamantes<\/a><\/p>\n","protected":false},"excerpt":{"rendered":"<p>Saco de diamantes Descri\u00e7\u00e3o do nosso saco transparente em forma de diamante 85 + (4 refor\u00e7os de 40 mm) x 500 mm \u00d816 cm por 50<\/p>\n","protected":false},"featured_media":243432,"template":"","meta":{"_acf_changed":false},"product_brand":[],"product_cat":[1141,1177,1655,3470,1482],"product_tag":[],"class_list":{"0":"post-23360","1":"product","2":"type-product","3":"status-publish","4":"has-post-thumbnail","6":"product_cat-embalagem-de-alimentos","7":"product_cat-padaria-e-pastelaria","8":"product_cat-sacos-de-confeitaria","9":"product_cat-sacos-de-diamantes","10":"product_cat-loja-e-armazem","12":"first","13":"instock","14":"taxable","15":"shipping-taxable","16":"purchasable","17":"product-type-simple"},"acf":[],"yoast_head":"<!-- This site is optimized with the Yoast SEO Premium plugin v26.6 (Yoast SEO v26.6) - https:\/\/yoast.com\/wordpress\/plugins\/seo\/ -->\n<title>Saco diamantado transparente 85 + (4 x 40 mm refor\u00e7os) x 500 mm<\/title>\n<meta name=\"description\" content=\"Saco diamantado transparente de 16 cm com refor\u00e7o duplo, ideal para chocolates, fruta ou flores. Embalagem de 50 unidades para uma embalagem elegante e resistente.\" \/>\n<meta name=\"robots\" content=\"index, follow, max-snippet:-1, max-image-preview:large, max-video-preview:-1\" \/>\n<link rel=\"canonical\" href=\"https:\/\/www.csj-emballages.com\/pt-pt\/produit\/50-sacos-diamantados-85-4-reforcos-de-40-mm-x-500-mm-o-16\/\" \/>\n<meta property=\"og:locale\" content=\"pt_PT\" \/>\n<meta property=\"og:type\" content=\"article\" \/>\n<meta property=\"og:title\" content=\"Saco diamantado 85 + (4 cantoneiras de 40 mm) x 500 mm \u00d816 cm por 50\" \/>\n<meta property=\"og:description\" content=\"Saco diamantado transparente de 16 cm com refor\u00e7o duplo, ideal para chocolates, fruta ou flores. Embalagem de 50 unidades para uma embalagem elegante e resistente.\" \/>\n<meta property=\"og:url\" content=\"https:\/\/www.csj-emballages.com\/pt-pt\/produit\/50-sacos-diamantados-85-4-reforcos-de-40-mm-x-500-mm-o-16\/\" \/>\n<meta property=\"og:site_name\" content=\"CSJ Emballages\" \/>\n<meta property=\"article:publisher\" content=\"https:\/\/www.facebook.com\/csjemballages\" \/>\n<meta property=\"article:modified_time\" content=\"2026-03-12T15:39:50+00:00\" \/>\n<meta property=\"og:image\" content=\"https:\/\/www.csj-emballages.com\/wp-content\/uploads\/2024\/03\/Sachets-diamants.webp\" \/>\n\t<meta property=\"og:image:width\" content=\"800\" \/>\n\t<meta property=\"og:image:height\" content=\"800\" \/>\n\t<meta property=\"og:image:type\" content=\"image\/webp\" \/>\n<meta name=\"twitter:card\" content=\"summary_large_image\" \/>\n<meta name=\"twitter:label1\" content=\"Tempo estimado de leitura\" \/>\n\t<meta name=\"twitter:data1\" content=\"2 minutos\" \/>\n<script type=\"application\/ld+json\" class=\"yoast-schema-graph\">{\"@context\":\"https:\/\/schema.org\",\"@graph\":[{\"@type\":\"WebPage\",\"@id\":\"https:\/\/www.csj-emballages.com\/pt-pt\/produit\/50-sacos-diamantados-85-4-reforcos-de-40-mm-x-500-mm-o-16\/\",\"url\":\"https:\/\/www.csj-emballages.com\/pt-pt\/produit\/50-sacos-diamantados-85-4-reforcos-de-40-mm-x-500-mm-o-16\/\",\"name\":\"Saco diamantado transparente 85 + (4 x 40 mm refor\u00e7os) x 500 mm\",\"isPartOf\":{\"@id\":\"https:\/\/www.csj-emballages.com\/pt-pt\/#website\"},\"primaryImageOfPage\":{\"@id\":\"https:\/\/www.csj-emballages.com\/pt-pt\/produit\/50-sacos-diamantados-85-4-reforcos-de-40-mm-x-500-mm-o-16\/#primaryimage\"},\"image\":{\"@id\":\"https:\/\/www.csj-emballages.com\/pt-pt\/produit\/50-sacos-diamantados-85-4-reforcos-de-40-mm-x-500-mm-o-16\/#primaryimage\"},\"thumbnailUrl\":\"https:\/\/www.csj-emballages.com\/wp-content\/uploads\/2024\/03\/Sachets-diamants.webp\",\"datePublished\":\"2024-03-01T15:49:21+00:00\",\"dateModified\":\"2026-03-12T15:39:50+00:00\",\"description\":\"Saco diamantado transparente de 16 cm com refor\u00e7o duplo, ideal para chocolates, fruta ou flores. Embalagem de 50 unidades para uma embalagem elegante e resistente.\",\"breadcrumb\":{\"@id\":\"https:\/\/www.csj-emballages.com\/pt-pt\/produit\/50-sacos-diamantados-85-4-reforcos-de-40-mm-x-500-mm-o-16\/#breadcrumb\"},\"inLanguage\":\"pt-PT\",\"potentialAction\":[{\"@type\":\"ReadAction\",\"target\":[\"https:\/\/www.csj-emballages.com\/pt-pt\/produit\/50-sacos-diamantados-85-4-reforcos-de-40-mm-x-500-mm-o-16\/\"]}]},{\"@type\":\"ImageObject\",\"inLanguage\":\"pt-PT\",\"@id\":\"https:\/\/www.csj-emballages.com\/pt-pt\/produit\/50-sacos-diamantados-85-4-reforcos-de-40-mm-x-500-mm-o-16\/#primaryimage\",\"url\":\"https:\/\/www.csj-emballages.com\/wp-content\/uploads\/2024\/03\/Sachets-diamants.webp\",\"contentUrl\":\"https:\/\/www.csj-emballages.com\/wp-content\/uploads\/2024\/03\/Sachets-diamants.webp\",\"width\":800,\"height\":800,\"caption\":\"Sachet diamant\"},{\"@type\":\"BreadcrumbList\",\"@id\":\"https:\/\/www.csj-emballages.com\/pt-pt\/produit\/50-sacos-diamantados-85-4-reforcos-de-40-mm-x-500-mm-o-16\/#breadcrumb\",\"itemListElement\":[{\"@type\":\"ListItem\",\"position\":1,\"name\":\"Acolhimento\",\"item\":\"https:\/\/www.csj-emballages.com\/pt-pt\/universo-das-embalagens-alimentares\/\"},{\"@type\":\"ListItem\",\"position\":2,\"name\":\"Shop\",\"item\":\"https:\/\/www.csj-emballages.com\/shop\/\"},{\"@type\":\"ListItem\",\"position\":3,\"name\":\"Saco diamantado 85 + (4 cantoneiras de 40 mm) x 500 mm \u00d816 cm por 50\"}]},{\"@type\":\"WebSite\",\"@id\":\"https:\/\/www.csj-emballages.com\/pt-pt\/#website\",\"url\":\"https:\/\/www.csj-emballages.com\/pt-pt\/\",\"name\":\"CSJ Emballages\",\"description\":\"\",\"publisher\":{\"@id\":\"https:\/\/www.csj-emballages.com\/pt-pt\/#organization\"},\"potentialAction\":[{\"@type\":\"SearchAction\",\"target\":{\"@type\":\"EntryPoint\",\"urlTemplate\":\"https:\/\/www.csj-emballages.com\/pt-pt\/?s={search_term_string}\"},\"query-input\":{\"@type\":\"PropertyValueSpecification\",\"valueRequired\":true,\"valueName\":\"search_term_string\"}}],\"inLanguage\":\"pt-PT\"},{\"@type\":\"Organization\",\"@id\":\"https:\/\/www.csj-emballages.com\/pt-pt\/#Organization\/\",\"name\":\"CSJ Emballages\",\"url\":\"https:\/\/www.csj-emballages.com\/pt-pt\/\",\"logo\":{\"@type\":\"ImageObject\",\"inLanguage\":\"pt-PT\",\"@id\":\"https:\/\/www.csj-emballages.com\/pt-pt\/#\/schema\/logo\/image\/\",\"url\":\"https:\/\/www.csj-emballages.com\/wp-content\/uploads\/2023\/10\/logo_csj.webp\",\"contentUrl\":\"https:\/\/www.csj-emballages.com\/wp-content\/uploads\/2023\/10\/logo_csj.webp\",\"width\":250,\"height\":95,\"caption\":\"CSJ Emballages\"},\"image\":{\"@id\":\"https:\/\/www.csj-emballages.com\/pt-pt\/#\/schema\/logo\/image\/\"},\"sameAs\":[\"https:\/\/www.facebook.com\/csjemballages\"],\"address\":{\"@type\":\"PostalAddress\",\"streetAddress\":\"ZI La Lechere\",\"addressLocality\":\"Patornay\",\"postalCode\":\"39130\",\"addressCountry\":\"FR\"},\"contactPoint\":[{\"@type\":\"ContactPoint\",\"contactType\":\"Service client\",\"telephone\":\"0384254272\",\"email\":\"contact@csj-emballages.com\"}]}]}<\/script>\n<!-- \/ Yoast SEO Premium plugin. -->","yoast_head_json":{"title":"Saco diamantado transparente 85 + (4 x 40 mm refor\u00e7os) x 500 mm","description":"Saco diamantado transparente de 16 cm com refor\u00e7o duplo, ideal para chocolates, fruta ou flores. Embalagem de 50 unidades para uma embalagem elegante e resistente.","robots":{"index":"index","follow":"follow","max-snippet":"max-snippet:-1","max-image-preview":"max-image-preview:large","max-video-preview":"max-video-preview:-1"},"canonical":"https:\/\/www.csj-emballages.com\/pt-pt\/produit\/50-sacos-diamantados-85-4-reforcos-de-40-mm-x-500-mm-o-16\/","og_locale":"pt_PT","og_type":"article","og_title":"Saco diamantado 85 + (4 cantoneiras de 40 mm) x 500 mm \u00d816 cm por 50","og_description":"Saco diamantado transparente de 16 cm com refor\u00e7o duplo, ideal para chocolates, fruta ou flores. Embalagem de 50 unidades para uma embalagem elegante e resistente.","og_url":"https:\/\/www.csj-emballages.com\/pt-pt\/produit\/50-sacos-diamantados-85-4-reforcos-de-40-mm-x-500-mm-o-16\/","og_site_name":"CSJ Emballages","article_publisher":"https:\/\/www.facebook.com\/csjemballages","article_modified_time":"2026-03-12T15:39:50+00:00","og_image":[{"width":800,"height":800,"url":"https:\/\/www.csj-emballages.com\/wp-content\/uploads\/2024\/03\/Sachets-diamants.webp","type":"image\/webp"}],"twitter_card":"summary_large_image","twitter_misc":{"Tempo estimado de leitura":"2 minutos"},"schema":{"@context":"https:\/\/schema.org","@graph":[{"@type":"WebPage","@id":"https:\/\/www.csj-emballages.com\/pt-pt\/produit\/50-sacos-diamantados-85-4-reforcos-de-40-mm-x-500-mm-o-16\/","url":"https:\/\/www.csj-emballages.com\/pt-pt\/produit\/50-sacos-diamantados-85-4-reforcos-de-40-mm-x-500-mm-o-16\/","name":"Saco diamantado transparente 85 + (4 x 40 mm refor\u00e7os) x 500 mm","isPartOf":{"@id":"https:\/\/www.csj-emballages.com\/pt-pt\/#website"},"primaryImageOfPage":{"@id":"https:\/\/www.csj-emballages.com\/pt-pt\/produit\/50-sacos-diamantados-85-4-reforcos-de-40-mm-x-500-mm-o-16\/#primaryimage"},"image":{"@id":"https:\/\/www.csj-emballages.com\/pt-pt\/produit\/50-sacos-diamantados-85-4-reforcos-de-40-mm-x-500-mm-o-16\/#primaryimage"},"thumbnailUrl":"https:\/\/www.csj-emballages.com\/wp-content\/uploads\/2024\/03\/Sachets-diamants.webp","datePublished":"2024-03-01T15:49:21+00:00","dateModified":"2026-03-12T15:39:50+00:00","description":"Saco diamantado transparente de 16 cm com refor\u00e7o duplo, ideal para chocolates, fruta ou flores. Embalagem de 50 unidades para uma embalagem elegante e resistente.","breadcrumb":{"@id":"https:\/\/www.csj-emballages.com\/pt-pt\/produit\/50-sacos-diamantados-85-4-reforcos-de-40-mm-x-500-mm-o-16\/#breadcrumb"},"inLanguage":"pt-PT","potentialAction":[{"@type":"ReadAction","target":["https:\/\/www.csj-emballages.com\/pt-pt\/produit\/50-sacos-diamantados-85-4-reforcos-de-40-mm-x-500-mm-o-16\/"]}]},{"@type":"ImageObject","inLanguage":"pt-PT","@id":"https:\/\/www.csj-emballages.com\/pt-pt\/produit\/50-sacos-diamantados-85-4-reforcos-de-40-mm-x-500-mm-o-16\/#primaryimage","url":"https:\/\/www.csj-emballages.com\/wp-content\/uploads\/2024\/03\/Sachets-diamants.webp","contentUrl":"https:\/\/www.csj-emballages.com\/wp-content\/uploads\/2024\/03\/Sachets-diamants.webp","width":800,"height":800,"caption":"Sachet diamant"},{"@type":"BreadcrumbList","@id":"https:\/\/www.csj-emballages.com\/pt-pt\/produit\/50-sacos-diamantados-85-4-reforcos-de-40-mm-x-500-mm-o-16\/#breadcrumb","itemListElement":[{"@type":"ListItem","position":1,"name":"Acolhimento","item":"https:\/\/www.csj-emballages.com\/pt-pt\/universo-das-embalagens-alimentares\/"},{"@type":"ListItem","position":2,"name":"Shop","item":"https:\/\/www.csj-emballages.com\/shop\/"},{"@type":"ListItem","position":3,"name":"Saco diamantado 85 + (4 cantoneiras de 40 mm) x 500 mm \u00d816 cm por 50"}]},{"@type":"WebSite","@id":"https:\/\/www.csj-emballages.com\/pt-pt\/#website","url":"https:\/\/www.csj-emballages.com\/pt-pt\/","name":"CSJ Emballages","description":"","publisher":{"@id":"https:\/\/www.csj-emballages.com\/pt-pt\/#organization"},"potentialAction":[{"@type":"SearchAction","target":{"@type":"EntryPoint","urlTemplate":"https:\/\/www.csj-emballages.com\/pt-pt\/?s={search_term_string}"},"query-input":{"@type":"PropertyValueSpecification","valueRequired":true,"valueName":"search_term_string"}}],"inLanguage":"pt-PT"},{"@type":"Organization","@id":"https:\/\/www.csj-emballages.com\/pt-pt\/#Organization\/","name":"CSJ Emballages","url":"https:\/\/www.csj-emballages.com\/pt-pt\/","logo":{"@type":"ImageObject","inLanguage":"pt-PT","@id":"https:\/\/www.csj-emballages.com\/pt-pt\/#\/schema\/logo\/image\/","url":"https:\/\/www.csj-emballages.com\/wp-content\/uploads\/2023\/10\/logo_csj.webp","contentUrl":"https:\/\/www.csj-emballages.com\/wp-content\/uploads\/2023\/10\/logo_csj.webp","width":250,"height":95,"caption":"CSJ Emballages"},"image":{"@id":"https:\/\/www.csj-emballages.com\/pt-pt\/#\/schema\/logo\/image\/"},"sameAs":["https:\/\/www.facebook.com\/csjemballages"],"address":{"@type":"PostalAddress","streetAddress":"ZI La Lechere","addressLocality":"Patornay","postalCode":"39130","addressCountry":"FR"},"contactPoint":[{"@type":"ContactPoint","contactType":"Service client","telephone":"0384254272","email":"contact@csj-emballages.com"}]}]}},"df_price":9.74,"df_sale_price":"","df_regular_price":9.74,"df_image_link":"https:\/\/www.csj-emballages.com\/wp-content\/uploads\/2024\/03\/Sachets-diamants-300x300.webp","tiered_pricing_type":"fixed","tiered_pricing_fixed_rules":[],"tiered_pricing_percentage_rules":[],"tiered_pricing_minimum":1,"tiered_pricing_roles_data":[],"_links":{"self":[{"href":"https:\/\/www.csj-emballages.com\/pt-pt\/wp-json\/wp\/v2\/product\/23360","targetHints":{"allow":["GET"]}}],"collection":[{"href":"https:\/\/www.csj-emballages.com\/pt-pt\/wp-json\/wp\/v2\/product"}],"about":[{"href":"https:\/\/www.csj-emballages.com\/pt-pt\/wp-json\/wp\/v2\/types\/product"}],"wp:featuredmedia":[{"embeddable":true,"href":"https:\/\/www.csj-emballages.com\/pt-pt\/wp-json\/wp\/v2\/media\/243432"}],"wp:attachment":[{"href":"https:\/\/www.csj-emballages.com\/pt-pt\/wp-json\/wp\/v2\/media?parent=23360"}],"wp:term":[{"taxonomy":"product_brand","embeddable":true,"href":"https:\/\/www.csj-emballages.com\/pt-pt\/wp-json\/wp\/v2\/product_brand?post=23360"},{"taxonomy":"product_cat","embeddable":true,"href":"https:\/\/www.csj-emballages.com\/pt-pt\/wp-json\/wp\/v2\/product_cat?post=23360"},{"taxonomy":"product_tag","embeddable":true,"href":"https:\/\/www.csj-emballages.com\/pt-pt\/wp-json\/wp\/v2\/product_tag?post=23360"}],"curies":[{"name":"wp","href":"https:\/\/api.w.org\/{rel}","templated":true}]}}