{"id":233507,"date":"2025-04-30T08:42:20","date_gmt":"2025-04-30T06:42:20","guid":{"rendered":"https:\/\/www.csj-emballages.com\/produit\/placa-de-caracol-em-aluminio-o138-mm-por-100\/"},"modified":"2026-04-11T02:11:07","modified_gmt":"2026-04-11T00:11:07","slug":"placa-de-caracol-em-aluminio-o138-mm-por-100","status":"publish","type":"product","link":"https:\/\/www.csj-emballages.com\/pt-pt\/produit\/placa-de-caracol-em-aluminio-o138-mm-por-100\/","title":{"rendered":"Prato para carac\u00f3is em alum\u00ednio \u00d8138 mm (100 unidades)"},"content":{"rendered":"<h2 class=\"p1\">Prato para carac\u00f3is<\/h2>\n<hr>\n<h3>Descri\u00e7\u00e3o do nosso prato para carac\u00f3is em alum\u00ednio \u00d8138 mm (100 unidades)<\/h3>\n<p><!--more--><\/p>\n<p data-start=\"31\" data-end=\"357\">O <strong data-start=\"33\" data-end=\"78\">prato para carac\u00f3is em alum\u00ednio \u00d8138 mm<\/strong> \u00e9 indispens\u00e1vel para profissionais da restaura\u00e7\u00e3o e amantes da cozinha tradicional. Concebido especialmente para a cozedura e o servi\u00e7o de <strong>carac\u00f3is<\/strong>, permite uma apresenta\u00e7\u00e3o elegante e uma fixa\u00e7\u00e3o ideal das conchas gra\u00e7as \u00e0s suas cavidades adequadas. <\/p>\n<p data-start=\"359\" data-end=\"629\">O fabrico em <strong data-start=\"377\" data-end=\"409\">alum\u00ednio<\/strong> leve e resistente garante uma excelente distribui\u00e7\u00e3o do calor para uma cozedura homog\u00e9nea, oferecendo tamb\u00e9m grande facilidade de utiliza\u00e7\u00e3o. Vendido em lote de <strong data-start=\"648\" data-end=\"665\">100 pratos<\/strong>, este produto \u00e9 ideal para catering, restauradores e particulares que pretendem um servi\u00e7o cuidado em refei\u00e7\u00f5es gastron\u00f3micas ou eventos especiais. Em suma, seja para uso em cozinha profissional ou em casa, este <strong>prato para carac\u00f3is<\/strong> \u00e9 a solu\u00e7\u00e3o perfeita para valorizar as suas prepara\u00e7\u00f5es e proporcionar aos seus convidados uma experi\u00eancia aut\u00eantica e requintada.  <\/p>\n<h3 data-start=\"1166\" data-end=\"1187\"><\/h3>\n<p><!--more--><\/p>\n<h4>As suas vantagens:<\/h4>\n<ul>\n<li data-start=\"959\" data-end=\"1054\"><strong data-start=\"1190\" data-end=\"1209\">Formato pr\u00e1tico<\/strong> : Di\u00e2metro de 138 mm, ideal para uma por\u00e7\u00e3o de carac\u00f3is bem apresentada.<\/li>\n<li data-start=\"959\" data-end=\"1054\"><strong data-start=\"1287\" data-end=\"1310\">Material de qualidade<\/strong> : Alum\u00ednio leve, resistente ao calor e recicl\u00e1vel.<\/li>\n<li data-start=\"959\" data-end=\"1054\"><strong data-start=\"1372\" data-end=\"1392\">Cozedura homog\u00e9nea<\/strong> : Excelente distribui\u00e7\u00e3o t\u00e9rmica para uma prepara\u00e7\u00e3o perfeita.<\/li>\n<li data-start=\"959\" data-end=\"1054\"><strong data-start=\"1463\" data-end=\"1508\" data-is-only-node=\"\">Utiliza\u00e7\u00e3o profissional e dom\u00e9stica<\/strong> : Adequado para restauradores, catering e particulares.<\/li>\n<li data-start=\"959\" data-end=\"1054\"><strong data-start=\"1671\" data-end=\"1695\">Vendido em 100 unidades<\/strong> : Perfeito para grandes encomendas e eventos.<\/li>\n<\/ul>\n<p>&nbsp;<\/p>\n<p><!--more--><\/p>\n<h4>Outras informa\u00e7\u00f5es :<\/h4>\n<ul>\n<li><strong>Embalagem<\/strong>: Pacote de 100<\/li>\n<li><strong>Di\u00e2metro exterior<\/strong> : 135 mm<\/li>\n<li><strong>Di\u00e2metro interior<\/strong> : 114 mm<\/li>\n<li><strong>N\u00famero de alv\u00e9olos<\/strong> : 6<\/li>\n<li><strong>Material<\/strong>: Alum\u00ednio<\/li>\n<li><strong>Dimens\u00e3o da cavidade<\/strong> : \u00d820 mm<\/li>\n<li><strong>Temperatura de funcionamento<\/strong>: -20\u00b0C \/ +350\u00b0C<\/li>\n<\/ul>\n<p>&nbsp;<\/p>\n<p><!--more--><\/p>\n<p><a href=\"https:\/\/www.csj-emballages.com\/pt-pt\/categorie-produit\/embalagem-de-alimentos\/talho-e-charcutaria\/tabuleiros-latas-e-frascos\/tabuleiros-de-aluminio-pratos-formas-tabuleiros-de-refeicao-copos-ramequins-empadas-de-carne\/placas-de-aluminio\/\">Consulte o resto da nossa gama de embalagens em alum\u00ednio<\/a><\/p>\n","protected":false},"excerpt":{"rendered":"<p>Prato para carac\u00f3is Descri\u00e7\u00e3o do nosso prato para carac\u00f3is em alum\u00ednio \u00d8138 mm (100 unidades)<\/p>\n","protected":false},"featured_media":233503,"template":"","meta":{"_acf_changed":false},"product_brand":[],"product_cat":[1141,1176,2289,2001,2002],"product_tag":[],"class_list":{"0":"post-233507","1":"product","2":"type-product","3":"status-publish","4":"has-post-thumbnail","6":"product_cat-embalagem-de-alimentos","7":"product_cat-talho-e-charcutaria","8":"product_cat-tabuleiros-latas-e-frascos","9":"product_cat-tabuleiros-de-aluminio-pratos-formas-tabuleiros-de-refeicao-copos-ramequins-empadas-de-carne","10":"product_cat-placas-de-aluminio","12":"first","13":"instock","14":"taxable","15":"shipping-taxable","16":"purchasable","17":"product-type-simple"},"acf":[],"yoast_head":"<!-- This site is optimized with the Yoast SEO Premium plugin v26.6 (Yoast SEO v26.6) - https:\/\/yoast.com\/wordpress\/plugins\/seo\/ -->\n<title>Prato para Carac\u00f3is em Alum\u00ednio \u00d8138 mm (100 unidades)<\/title>\n<meta name=\"description\" content=\"Descubra o prato para carac\u00f3is em alum\u00ednio \u00d8138 mm para uma cozedura e um servi\u00e7o perfeitos. Ideal para catering, restaura\u00e7\u00e3o e particulares.\" \/>\n<meta name=\"robots\" content=\"index, follow, max-snippet:-1, max-image-preview:large, max-video-preview:-1\" \/>\n<link rel=\"canonical\" href=\"https:\/\/www.csj-emballages.com\/pt-pt\/produit\/placa-de-caracol-em-aluminio-o138-mm-por-100\/\" \/>\n<meta property=\"og:locale\" content=\"pt_PT\" \/>\n<meta property=\"og:type\" content=\"article\" \/>\n<meta property=\"og:title\" content=\"Prato para carac\u00f3is em alum\u00ednio \u00d8138 mm (100 unidades)\" \/>\n<meta property=\"og:description\" content=\"Descubra o prato para carac\u00f3is em alum\u00ednio \u00d8138 mm para uma cozedura e um servi\u00e7o perfeitos. Ideal para catering, restaura\u00e7\u00e3o e particulares.\" \/>\n<meta property=\"og:url\" content=\"https:\/\/www.csj-emballages.com\/pt-pt\/produit\/placa-de-caracol-em-aluminio-o138-mm-por-100\/\" \/>\n<meta property=\"og:site_name\" content=\"CSJ Emballages\" \/>\n<meta property=\"article:publisher\" content=\"https:\/\/www.facebook.com\/csjemballages\" \/>\n<meta property=\"article:modified_time\" content=\"2026-04-11T00:11:07+00:00\" \/>\n<meta property=\"og:image\" content=\"https:\/\/www.csj-emballages.com\/wp-content\/uploads\/2025\/04\/AA138.webp\" \/>\n\t<meta property=\"og:image:width\" content=\"800\" \/>\n\t<meta property=\"og:image:height\" content=\"800\" \/>\n\t<meta property=\"og:image:type\" content=\"image\/webp\" \/>\n<meta name=\"twitter:card\" content=\"summary_large_image\" \/>\n<meta name=\"twitter:label1\" content=\"Tempo estimado de leitura\" \/>\n\t<meta name=\"twitter:data1\" content=\"1 minuto\" \/>\n<script type=\"application\/ld+json\" class=\"yoast-schema-graph\">{\"@context\":\"https:\/\/schema.org\",\"@graph\":[{\"@type\":\"WebPage\",\"@id\":\"https:\/\/www.csj-emballages.com\/pt-pt\/produit\/placa-de-caracol-em-aluminio-o138-mm-por-100\/\",\"url\":\"https:\/\/www.csj-emballages.com\/pt-pt\/produit\/placa-de-caracol-em-aluminio-o138-mm-por-100\/\",\"name\":\"Prato para Carac\u00f3is em Alum\u00ednio \u00d8138 mm (100 unidades)\",\"isPartOf\":{\"@id\":\"https:\/\/www.csj-emballages.com\/pt-pt\/#website\"},\"primaryImageOfPage\":{\"@id\":\"https:\/\/www.csj-emballages.com\/pt-pt\/produit\/placa-de-caracol-em-aluminio-o138-mm-por-100\/#primaryimage\"},\"image\":{\"@id\":\"https:\/\/www.csj-emballages.com\/pt-pt\/produit\/placa-de-caracol-em-aluminio-o138-mm-por-100\/#primaryimage\"},\"thumbnailUrl\":\"https:\/\/www.csj-emballages.com\/wp-content\/uploads\/2025\/04\/AA138.webp\",\"datePublished\":\"2025-04-30T06:42:20+00:00\",\"dateModified\":\"2026-04-11T00:11:07+00:00\",\"description\":\"Descubra o prato para carac\u00f3is em alum\u00ednio \u00d8138 mm para uma cozedura e um servi\u00e7o perfeitos. Ideal para catering, restaura\u00e7\u00e3o e particulares.\",\"breadcrumb\":{\"@id\":\"https:\/\/www.csj-emballages.com\/pt-pt\/produit\/placa-de-caracol-em-aluminio-o138-mm-por-100\/#breadcrumb\"},\"inLanguage\":\"pt-PT\",\"potentialAction\":[{\"@type\":\"ReadAction\",\"target\":[\"https:\/\/www.csj-emballages.com\/pt-pt\/produit\/placa-de-caracol-em-aluminio-o138-mm-por-100\/\"]}]},{\"@type\":\"ImageObject\",\"inLanguage\":\"pt-PT\",\"@id\":\"https:\/\/www.csj-emballages.com\/pt-pt\/produit\/placa-de-caracol-em-aluminio-o138-mm-por-100\/#primaryimage\",\"url\":\"https:\/\/www.csj-emballages.com\/wp-content\/uploads\/2025\/04\/AA138.webp\",\"contentUrl\":\"https:\/\/www.csj-emballages.com\/wp-content\/uploads\/2025\/04\/AA138.webp\",\"width\":800,\"height\":800,\"caption\":\"Assiette \u00e0 escargots\"},{\"@type\":\"BreadcrumbList\",\"@id\":\"https:\/\/www.csj-emballages.com\/pt-pt\/produit\/placa-de-caracol-em-aluminio-o138-mm-por-100\/#breadcrumb\",\"itemListElement\":[{\"@type\":\"ListItem\",\"position\":1,\"name\":\"Acolhimento\",\"item\":\"https:\/\/www.csj-emballages.com\/pt-pt\/universo-das-embalagens-alimentares\/\"},{\"@type\":\"ListItem\",\"position\":2,\"name\":\"Shop\",\"item\":\"https:\/\/www.csj-emballages.com\/shop\/\"},{\"@type\":\"ListItem\",\"position\":3,\"name\":\"Prato para carac\u00f3is em alum\u00ednio \u00d8138 mm (100 unidades)\"}]},{\"@type\":\"WebSite\",\"@id\":\"https:\/\/www.csj-emballages.com\/pt-pt\/#website\",\"url\":\"https:\/\/www.csj-emballages.com\/pt-pt\/\",\"name\":\"CSJ Emballages\",\"description\":\"\",\"publisher\":{\"@id\":\"https:\/\/www.csj-emballages.com\/pt-pt\/#organization\"},\"potentialAction\":[{\"@type\":\"SearchAction\",\"target\":{\"@type\":\"EntryPoint\",\"urlTemplate\":\"https:\/\/www.csj-emballages.com\/pt-pt\/?s={search_term_string}\"},\"query-input\":{\"@type\":\"PropertyValueSpecification\",\"valueRequired\":true,\"valueName\":\"search_term_string\"}}],\"inLanguage\":\"pt-PT\"},{\"@type\":\"Organization\",\"@id\":\"https:\/\/www.csj-emballages.com\/pt-pt\/#Organization\/\",\"name\":\"CSJ Emballages\",\"url\":\"https:\/\/www.csj-emballages.com\/pt-pt\/\",\"logo\":{\"@type\":\"ImageObject\",\"inLanguage\":\"pt-PT\",\"@id\":\"https:\/\/www.csj-emballages.com\/pt-pt\/#\/schema\/logo\/image\/\",\"url\":\"https:\/\/www.csj-emballages.com\/wp-content\/uploads\/2023\/10\/logo_csj.webp\",\"contentUrl\":\"https:\/\/www.csj-emballages.com\/wp-content\/uploads\/2023\/10\/logo_csj.webp\",\"width\":250,\"height\":95,\"caption\":\"CSJ Emballages\"},\"image\":{\"@id\":\"https:\/\/www.csj-emballages.com\/pt-pt\/#\/schema\/logo\/image\/\"},\"sameAs\":[\"https:\/\/www.facebook.com\/csjemballages\"],\"address\":{\"@type\":\"PostalAddress\",\"streetAddress\":\"ZI La Lechere\",\"addressLocality\":\"Patornay\",\"postalCode\":\"39130\",\"addressCountry\":\"FR\"},\"contactPoint\":[{\"@type\":\"ContactPoint\",\"contactType\":\"Service client\",\"telephone\":\"0384254272\",\"email\":\"contact@csj-emballages.com\"}]}]}<\/script>\n<!-- \/ Yoast SEO Premium plugin. -->","yoast_head_json":{"title":"Prato para Carac\u00f3is em Alum\u00ednio \u00d8138 mm (100 unidades)","description":"Descubra o prato para carac\u00f3is em alum\u00ednio \u00d8138 mm para uma cozedura e um servi\u00e7o perfeitos. Ideal para catering, restaura\u00e7\u00e3o e particulares.","robots":{"index":"index","follow":"follow","max-snippet":"max-snippet:-1","max-image-preview":"max-image-preview:large","max-video-preview":"max-video-preview:-1"},"canonical":"https:\/\/www.csj-emballages.com\/pt-pt\/produit\/placa-de-caracol-em-aluminio-o138-mm-por-100\/","og_locale":"pt_PT","og_type":"article","og_title":"Prato para carac\u00f3is em alum\u00ednio \u00d8138 mm (100 unidades)","og_description":"Descubra o prato para carac\u00f3is em alum\u00ednio \u00d8138 mm para uma cozedura e um servi\u00e7o perfeitos. Ideal para catering, restaura\u00e7\u00e3o e particulares.","og_url":"https:\/\/www.csj-emballages.com\/pt-pt\/produit\/placa-de-caracol-em-aluminio-o138-mm-por-100\/","og_site_name":"CSJ Emballages","article_publisher":"https:\/\/www.facebook.com\/csjemballages","article_modified_time":"2026-04-11T00:11:07+00:00","og_image":[{"width":800,"height":800,"url":"https:\/\/www.csj-emballages.com\/wp-content\/uploads\/2025\/04\/AA138.webp","type":"image\/webp"}],"twitter_card":"summary_large_image","twitter_misc":{"Tempo estimado de leitura":"1 minuto"},"schema":{"@context":"https:\/\/schema.org","@graph":[{"@type":"WebPage","@id":"https:\/\/www.csj-emballages.com\/pt-pt\/produit\/placa-de-caracol-em-aluminio-o138-mm-por-100\/","url":"https:\/\/www.csj-emballages.com\/pt-pt\/produit\/placa-de-caracol-em-aluminio-o138-mm-por-100\/","name":"Prato para Carac\u00f3is em Alum\u00ednio \u00d8138 mm (100 unidades)","isPartOf":{"@id":"https:\/\/www.csj-emballages.com\/pt-pt\/#website"},"primaryImageOfPage":{"@id":"https:\/\/www.csj-emballages.com\/pt-pt\/produit\/placa-de-caracol-em-aluminio-o138-mm-por-100\/#primaryimage"},"image":{"@id":"https:\/\/www.csj-emballages.com\/pt-pt\/produit\/placa-de-caracol-em-aluminio-o138-mm-por-100\/#primaryimage"},"thumbnailUrl":"https:\/\/www.csj-emballages.com\/wp-content\/uploads\/2025\/04\/AA138.webp","datePublished":"2025-04-30T06:42:20+00:00","dateModified":"2026-04-11T00:11:07+00:00","description":"Descubra o prato para carac\u00f3is em alum\u00ednio \u00d8138 mm para uma cozedura e um servi\u00e7o perfeitos. Ideal para catering, restaura\u00e7\u00e3o e particulares.","breadcrumb":{"@id":"https:\/\/www.csj-emballages.com\/pt-pt\/produit\/placa-de-caracol-em-aluminio-o138-mm-por-100\/#breadcrumb"},"inLanguage":"pt-PT","potentialAction":[{"@type":"ReadAction","target":["https:\/\/www.csj-emballages.com\/pt-pt\/produit\/placa-de-caracol-em-aluminio-o138-mm-por-100\/"]}]},{"@type":"ImageObject","inLanguage":"pt-PT","@id":"https:\/\/www.csj-emballages.com\/pt-pt\/produit\/placa-de-caracol-em-aluminio-o138-mm-por-100\/#primaryimage","url":"https:\/\/www.csj-emballages.com\/wp-content\/uploads\/2025\/04\/AA138.webp","contentUrl":"https:\/\/www.csj-emballages.com\/wp-content\/uploads\/2025\/04\/AA138.webp","width":800,"height":800,"caption":"Assiette \u00e0 escargots"},{"@type":"BreadcrumbList","@id":"https:\/\/www.csj-emballages.com\/pt-pt\/produit\/placa-de-caracol-em-aluminio-o138-mm-por-100\/#breadcrumb","itemListElement":[{"@type":"ListItem","position":1,"name":"Acolhimento","item":"https:\/\/www.csj-emballages.com\/pt-pt\/universo-das-embalagens-alimentares\/"},{"@type":"ListItem","position":2,"name":"Shop","item":"https:\/\/www.csj-emballages.com\/shop\/"},{"@type":"ListItem","position":3,"name":"Prato para carac\u00f3is em alum\u00ednio \u00d8138 mm (100 unidades)"}]},{"@type":"WebSite","@id":"https:\/\/www.csj-emballages.com\/pt-pt\/#website","url":"https:\/\/www.csj-emballages.com\/pt-pt\/","name":"CSJ Emballages","description":"","publisher":{"@id":"https:\/\/www.csj-emballages.com\/pt-pt\/#organization"},"potentialAction":[{"@type":"SearchAction","target":{"@type":"EntryPoint","urlTemplate":"https:\/\/www.csj-emballages.com\/pt-pt\/?s={search_term_string}"},"query-input":{"@type":"PropertyValueSpecification","valueRequired":true,"valueName":"search_term_string"}}],"inLanguage":"pt-PT"},{"@type":"Organization","@id":"https:\/\/www.csj-emballages.com\/pt-pt\/#Organization\/","name":"CSJ Emballages","url":"https:\/\/www.csj-emballages.com\/pt-pt\/","logo":{"@type":"ImageObject","inLanguage":"pt-PT","@id":"https:\/\/www.csj-emballages.com\/pt-pt\/#\/schema\/logo\/image\/","url":"https:\/\/www.csj-emballages.com\/wp-content\/uploads\/2023\/10\/logo_csj.webp","contentUrl":"https:\/\/www.csj-emballages.com\/wp-content\/uploads\/2023\/10\/logo_csj.webp","width":250,"height":95,"caption":"CSJ Emballages"},"image":{"@id":"https:\/\/www.csj-emballages.com\/pt-pt\/#\/schema\/logo\/image\/"},"sameAs":["https:\/\/www.facebook.com\/csjemballages"],"address":{"@type":"PostalAddress","streetAddress":"ZI La Lechere","addressLocality":"Patornay","postalCode":"39130","addressCountry":"FR"},"contactPoint":[{"@type":"ContactPoint","contactType":"Service client","telephone":"0384254272","email":"contact@csj-emballages.com"}]}]}},"df_price":10.99,"df_sale_price":"","df_regular_price":10.99,"df_image_link":"https:\/\/www.csj-emballages.com\/wp-content\/uploads\/2025\/04\/AA138-300x300.webp","tiered_pricing_type":"fixed","tiered_pricing_fixed_rules":[],"tiered_pricing_percentage_rules":[],"tiered_pricing_minimum":1,"tiered_pricing_roles_data":[],"_links":{"self":[{"href":"https:\/\/www.csj-emballages.com\/pt-pt\/wp-json\/wp\/v2\/product\/233507","targetHints":{"allow":["GET"]}}],"collection":[{"href":"https:\/\/www.csj-emballages.com\/pt-pt\/wp-json\/wp\/v2\/product"}],"about":[{"href":"https:\/\/www.csj-emballages.com\/pt-pt\/wp-json\/wp\/v2\/types\/product"}],"wp:featuredmedia":[{"embeddable":true,"href":"https:\/\/www.csj-emballages.com\/pt-pt\/wp-json\/wp\/v2\/media\/233503"}],"wp:attachment":[{"href":"https:\/\/www.csj-emballages.com\/pt-pt\/wp-json\/wp\/v2\/media?parent=233507"}],"wp:term":[{"taxonomy":"product_brand","embeddable":true,"href":"https:\/\/www.csj-emballages.com\/pt-pt\/wp-json\/wp\/v2\/product_brand?post=233507"},{"taxonomy":"product_cat","embeddable":true,"href":"https:\/\/www.csj-emballages.com\/pt-pt\/wp-json\/wp\/v2\/product_cat?post=233507"},{"taxonomy":"product_tag","embeddable":true,"href":"https:\/\/www.csj-emballages.com\/pt-pt\/wp-json\/wp\/v2\/product_tag?post=233507"}],"curies":[{"name":"wp","href":"https:\/\/api.w.org\/{rel}","templated":true}]}}