{"id":23333,"date":"2024-03-01T16:49:23","date_gmt":"2024-03-01T15:49:23","guid":{"rendered":"https:\/\/u15jnbdpoq.preview.infomaniak.website\/produit\/1000-sacos-de-106-croissants-17-7-x-35-cm\/"},"modified":"2026-04-30T02:15:51","modified_gmt":"2026-04-30T00:15:51","slug":"1000-sacos-de-106-croissants-17-7-x-35-cm","status":"publish","type":"product","link":"https:\/\/www.csj-emballages.com\/pt-pt\/produit\/1000-sacos-de-106-croissants-17-7-x-35-cm\/","title":{"rendered":"Saco crescente 20 + 5 x 34 cm tamanho 106 por 1000"},"content":{"rendered":"<h2>Saco para croissants<\/h2>\n<div style=\"box-sizing: inherit; font-family: Roboto, sans-serif;\">\n<div style=\"box-sizing: inherit; font-family: Roboto, sans-serif;\">\n<div style=\"box-sizing: inherit; font-family: Roboto, sans-serif;\">\n<div style=\"box-sizing: inherit; font-family: Roboto, sans-serif;\">\n<div style=\"box-sizing: inherit; font-family: Roboto, sans-serif;\">\n<div style=\"box-sizing: inherit; font-family: Roboto, sans-serif;\">\n<hr>\n<h3>Descri\u00e7\u00e3o do nosso saco para croissants 20 + 5 x 34 cm tamanho 106 por 1000<\/h3>\n<p><!--more--><\/p>\n<p data-start=\"93\" data-end=\"497\">Descubra o nosso <strong data-start=\"109\" data-end=\"147\">saco para croissants em papel kraft castanho<\/strong>, tamanho <strong>106<\/strong>, <strong>20 + 5 x 34<\/strong> <strong>cm<\/strong>, dispon\u00edvel em <strong data-start=\"200\" data-end=\"215\">embalagens de 1000<\/strong>. Especialmente concebido para <g id=\"gid_4\">padarias e pastelarias<\/g>, \u00e9 pr\u00e1tico, resistente e amigo do ambiente. Gra\u00e7as \u00e0 sua gramagem de <strong data-start=\"389\" data-end=\"400\">35 g\/m\u00b2<\/strong>, este saco combina leveza e resist\u00eancia, ao mesmo tempo que exibe os seus deliciosos bolos.  <\/p>\n<p data-start=\"499\" data-end=\"772\">Com o seu <strong data-start=\"508\" data-end=\"529\">motivo &#8220;tradi\u00e7\u00e3o&#8221;,<\/strong> d\u00e1 um toque artesanal que atrai imediatamente os seus clientes. Assim, os seus croissants, pains au chocolat, chocolatines e outros doces ser\u00e3o apresentados de forma bonita, refor\u00e7ando a imagem de qualidade do seu estabelecimento. <\/p>\n<p data-start=\"774\" data-end=\"1122\">Mas para al\u00e9m do seu apelo est\u00e9tico, este <strong data-start=\"807\" data-end=\"840\">saco para croissants em papel kraft<\/strong> tamb\u00e9m foi concebido para ser funcional. A sua composi\u00e7\u00e3o natural torna-o <g id=\"gid_1\">imperme\u00e1vel \u00e0 gordura<\/g>, pelo que n\u00e3o mancha, e \u00e9 limpo e pr\u00e1tico de transportar. Al\u00e9m disso, o seu formato \u00e9 perfeitamente adequado para guardar os seus bolos sem os esmagar.  <\/p>\n<p data-start=\"1124\" data-end=\"1477\">Outra grande vantagem \u00e9 o facto de ser <strong data-start=\"1173\" data-end=\"1204\">biodegrad\u00e1vel e recicl\u00e1vel<\/strong>. Ao adopt\u00e1-lo, est\u00e1 a escolher um produto eco-respons\u00e1vel, em linha com as expectativas actuais dos consumidores sens\u00edveis \u00e0 prote\u00e7\u00e3o do ambiente. Este simples gesto sublinha o seu compromisso e ajuda a reduzir o impacto ecol\u00f3gico da sua atividade.  <\/p>\n<p data-start=\"1479\" data-end=\"1779\">Em suma, quer seja um padeiro artesanal, um chefe de pastelaria, um fornecedor de catering ou mesmo um particular, este <strong>saco para croissants<\/strong> \u00e9 a embalagem ideal para os seus doces vienenses do dia a dia. Combine a tradi\u00e7\u00e3o dos seus produtos com uma embalagem moderna e respons\u00e1vel! <\/p>\n<p data-start=\"1479\" data-end=\"1779\">\n<\/div>\n<p data-start=\"1432\" data-end=\"1784\"><!--more--><\/p>\n<\/div>\n<h4 data-start=\"1432\" data-end=\"1784\">Vantagens :<\/h4>\n<ul>\n<li>Fabricado em <strong data-start=\"2022\" data-end=\"2051\">papel kraft castanho<\/strong> forte e leve <strong data-start=\"2022\" data-end=\"2051\">de 35 g\/m\u00b2<\/strong>.<\/li>\n<li><strong data-start=\"2073\" data-end=\"2094\">Resistente \u00e0 gordura<\/strong>, ideal para croissants e viennoiseries.<\/li>\n<li><strong data-start=\"2146\" data-end=\"2161\">Um<\/strong> motivo <strong data-start=\"2146\" data-end=\"2161\">de &#8220;tradi\u00e7\u00e3o&#8221;<\/strong> que promove o artesanato.<\/li>\n<li><strong data-start=\"2192\" data-end=\"2223\">Biodegrad\u00e1vel e recicl\u00e1vel<\/strong>, amigo do ambiente.<\/li>\n<li>Formato pr\u00e1tico para um transporte limpo e seguro.<\/li>\n<\/ul>\n<\/div>\n<\/div>\n<p>&nbsp;<\/p>\n<p><!--more--><\/p>\n<p><strong>Outras informa\u00e7\u00f5es<\/strong>:<\/p>\n<ul>\n<li><strong>Embalagem<\/strong>: Pacote de 1000<\/li>\n<li><strong>Tamanho<\/strong>: 106<\/li>\n<li><strong>Dimens\u00f5es<\/strong>: 20 + 5 x 34 cm (L + refor\u00e7o x A em mm)<\/li>\n<li><strong>Cor<\/strong>: castanho<\/li>\n<li><strong>Material<\/strong>: Papel Kraft<\/li>\n<\/ul>\n<\/div>\n<\/div>\n<p>&nbsp;<\/p>\n<p><!--more--><\/p>\n<p>Este saco para croissants est\u00e1 dispon\u00edvel em v\u00e1rios tamanhos: <span style=\"color: #d12727;\"><a style=\"color: #d12727;\" href=\"https:\/\/www.csj-emballages.com\/produit\/1000-sacs-104-croissants-14-6-x-25-cm\/\">14 + 6 x 25 cm<\/a> \/ <a style=\"color: #d12727;\" href=\"https:\/\/www.csj-emballages.com\/produit\/1000-sacs-105-croissants-17-7-x-30-cm\/\">20 + 5 x 28 cm<\/a> \/ <a style=\"color: #d12727;\" href=\"https:\/\/www.csj-emballages.com\/es\/produit\/1000-bolsas-de-brioche-marron-25-7-x-35-cm\/\">25 + 7 x 35 cm<\/a><\/span><\/p>\n<p>&nbsp;<\/p>\n<div style=\"box-sizing: inherit; font-family: Roboto, sans-serif;\">\n<div style=\"box-sizing: inherit; font-family: Roboto, sans-serif;\">\n<div style=\"box-sizing: inherit; font-family: Roboto, sans-serif;\">\n<div style=\"box-sizing: inherit; font-family: Roboto, sans-serif;\">\n<div style=\"box-sizing: inherit; font-family: Roboto, sans-serif;\">\n<div style=\"box-sizing: inherit; font-family: Roboto, sans-serif;\">\n<p><!--more--><\/p>\n<p><a href=\"https:\/\/www.csj-emballages.com\/pt-pt\/categorie-produit\/embalagem-de-alimentos\/padaria-e-pastelaria\/sacos-saquetas-e-papel\/sacheries-pt-pt\/sacos-de-croissants\/\">V\u00ea o resto da nossa gama de sacos para croissants \/ brioches<\/a><\/p>\n<\/div>\n<\/div>\n<\/div>\n<\/div>\n<\/div>\n<\/div>\n","protected":false},"excerpt":{"rendered":"<p>Saco para croissants Descri\u00e7\u00e3o do nosso saco para croissants 20 + 5 x 34 cm tamanho 106 por 1000<\/p>\n","protected":false},"featured_media":245576,"template":"","meta":{"_acf_changed":false},"product_brand":[],"product_cat":[1177,1675,3334],"product_tag":[],"class_list":{"0":"post-23333","1":"product","2":"type-product","3":"status-publish","4":"has-post-thumbnail","6":"product_cat-padaria-e-pastelaria","7":"product_cat-sacheries-pt-pt","8":"product_cat-sacos-de-croissants","10":"first","11":"instock","12":"taxable","13":"shipping-taxable","14":"purchasable","15":"product-type-simple"},"acf":[],"yoast_head":"<!-- This site is optimized with the Yoast SEO Premium plugin v26.6 (Yoast SEO v26.6) - https:\/\/yoast.com\/wordpress\/plugins\/seo\/ -->\n<title>Saco Croissant 106 20 + 5 x 34 cm por 1000<\/title>\n<meta name=\"description\" content=\"Descubra o nosso saco para croissants tamanho 106 em kraft castanho. Tamanho: 20 + 5 x 34 cm, Escolha uma caixa de 1000 sacos para croissants resistentes e de alta qualidade!\" \/>\n<meta name=\"robots\" content=\"index, follow, max-snippet:-1, max-image-preview:large, max-video-preview:-1\" \/>\n<link rel=\"canonical\" href=\"https:\/\/www.csj-emballages.com\/pt-pt\/produit\/1000-sacos-de-106-croissants-17-7-x-35-cm\/\" \/>\n<meta property=\"og:locale\" content=\"pt_PT\" \/>\n<meta property=\"og:type\" content=\"article\" \/>\n<meta property=\"og:title\" content=\"Saco crescente 20 + 5 x 34 cm tamanho 106 por 1000\" \/>\n<meta property=\"og:description\" content=\"Descubra o nosso saco para croissants tamanho 106 em kraft castanho. Tamanho: 20 + 5 x 34 cm, Escolha uma caixa de 1000 sacos para croissants resistentes e de alta qualidade!\" \/>\n<meta property=\"og:url\" content=\"https:\/\/www.csj-emballages.com\/pt-pt\/produit\/1000-sacos-de-106-croissants-17-7-x-35-cm\/\" \/>\n<meta property=\"og:site_name\" content=\"CSJ Emballages\" \/>\n<meta property=\"article:publisher\" content=\"https:\/\/www.facebook.com\/csjemballages\" \/>\n<meta property=\"article:modified_time\" content=\"2026-04-30T00:15:51+00:00\" \/>\n<meta property=\"og:image\" content=\"https:\/\/www.csj-emballages.com\/wp-content\/uploads\/2024\/03\/SCR6.webp\" \/>\n\t<meta property=\"og:image:width\" content=\"800\" \/>\n\t<meta property=\"og:image:height\" content=\"800\" \/>\n\t<meta property=\"og:image:type\" content=\"image\/webp\" \/>\n<meta name=\"twitter:card\" content=\"summary_large_image\" \/>\n<meta name=\"twitter:label1\" content=\"Tempo estimado de leitura\" \/>\n\t<meta name=\"twitter:data1\" content=\"2 minutos\" \/>\n<script type=\"application\/ld+json\" class=\"yoast-schema-graph\">{\"@context\":\"https:\/\/schema.org\",\"@graph\":[{\"@type\":\"WebPage\",\"@id\":\"https:\/\/www.csj-emballages.com\/pt-pt\/produit\/1000-sacos-de-106-croissants-17-7-x-35-cm\/\",\"url\":\"https:\/\/www.csj-emballages.com\/pt-pt\/produit\/1000-sacos-de-106-croissants-17-7-x-35-cm\/\",\"name\":\"Saco Croissant 106 20 + 5 x 34 cm por 1000\",\"isPartOf\":{\"@id\":\"https:\/\/www.csj-emballages.com\/pt-pt\/#website\"},\"primaryImageOfPage\":{\"@id\":\"https:\/\/www.csj-emballages.com\/pt-pt\/produit\/1000-sacos-de-106-croissants-17-7-x-35-cm\/#primaryimage\"},\"image\":{\"@id\":\"https:\/\/www.csj-emballages.com\/pt-pt\/produit\/1000-sacos-de-106-croissants-17-7-x-35-cm\/#primaryimage\"},\"thumbnailUrl\":\"https:\/\/www.csj-emballages.com\/wp-content\/uploads\/2024\/03\/SCR6.webp\",\"datePublished\":\"2024-03-01T15:49:23+00:00\",\"dateModified\":\"2026-04-30T00:15:51+00:00\",\"description\":\"Descubra o nosso saco para croissants tamanho 106 em kraft castanho. Tamanho: 20 + 5 x 34 cm, Escolha uma caixa de 1000 sacos para croissants resistentes e de alta qualidade!\",\"breadcrumb\":{\"@id\":\"https:\/\/www.csj-emballages.com\/pt-pt\/produit\/1000-sacos-de-106-croissants-17-7-x-35-cm\/#breadcrumb\"},\"inLanguage\":\"pt-PT\",\"potentialAction\":[{\"@type\":\"ReadAction\",\"target\":[\"https:\/\/www.csj-emballages.com\/pt-pt\/produit\/1000-sacos-de-106-croissants-17-7-x-35-cm\/\"]}]},{\"@type\":\"ImageObject\",\"inLanguage\":\"pt-PT\",\"@id\":\"https:\/\/www.csj-emballages.com\/pt-pt\/produit\/1000-sacos-de-106-croissants-17-7-x-35-cm\/#primaryimage\",\"url\":\"https:\/\/www.csj-emballages.com\/wp-content\/uploads\/2024\/03\/SCR6.webp\",\"contentUrl\":\"https:\/\/www.csj-emballages.com\/wp-content\/uploads\/2024\/03\/SCR6.webp\",\"width\":800,\"height\":800,\"caption\":\"Sac croissant\"},{\"@type\":\"BreadcrumbList\",\"@id\":\"https:\/\/www.csj-emballages.com\/pt-pt\/produit\/1000-sacos-de-106-croissants-17-7-x-35-cm\/#breadcrumb\",\"itemListElement\":[{\"@type\":\"ListItem\",\"position\":1,\"name\":\"Acolhimento\",\"item\":\"https:\/\/www.csj-emballages.com\/pt-pt\/universo-das-embalagens-alimentares\/\"},{\"@type\":\"ListItem\",\"position\":2,\"name\":\"Shop\",\"item\":\"https:\/\/www.csj-emballages.com\/shop\/\"},{\"@type\":\"ListItem\",\"position\":3,\"name\":\"Saco crescente 20 + 5 x 34 cm tamanho 106 por 1000\"}]},{\"@type\":\"WebSite\",\"@id\":\"https:\/\/www.csj-emballages.com\/pt-pt\/#website\",\"url\":\"https:\/\/www.csj-emballages.com\/pt-pt\/\",\"name\":\"CSJ Emballages\",\"description\":\"\",\"publisher\":{\"@id\":\"https:\/\/www.csj-emballages.com\/pt-pt\/#organization\"},\"potentialAction\":[{\"@type\":\"SearchAction\",\"target\":{\"@type\":\"EntryPoint\",\"urlTemplate\":\"https:\/\/www.csj-emballages.com\/pt-pt\/?s={search_term_string}\"},\"query-input\":{\"@type\":\"PropertyValueSpecification\",\"valueRequired\":true,\"valueName\":\"search_term_string\"}}],\"inLanguage\":\"pt-PT\"},{\"@type\":\"Organization\",\"@id\":\"https:\/\/www.csj-emballages.com\/pt-pt\/#Organization\/\",\"name\":\"CSJ Emballages\",\"url\":\"https:\/\/www.csj-emballages.com\/pt-pt\/\",\"logo\":{\"@type\":\"ImageObject\",\"inLanguage\":\"pt-PT\",\"@id\":\"https:\/\/www.csj-emballages.com\/pt-pt\/#\/schema\/logo\/image\/\",\"url\":\"https:\/\/www.csj-emballages.com\/wp-content\/uploads\/2023\/10\/logo_csj.webp\",\"contentUrl\":\"https:\/\/www.csj-emballages.com\/wp-content\/uploads\/2023\/10\/logo_csj.webp\",\"width\":250,\"height\":95,\"caption\":\"CSJ Emballages\"},\"image\":{\"@id\":\"https:\/\/www.csj-emballages.com\/pt-pt\/#\/schema\/logo\/image\/\"},\"sameAs\":[\"https:\/\/www.facebook.com\/csjemballages\"],\"address\":{\"@type\":\"PostalAddress\",\"streetAddress\":\"ZI La Lechere\",\"addressLocality\":\"Patornay\",\"postalCode\":\"39130\",\"addressCountry\":\"FR\"},\"contactPoint\":[{\"@type\":\"ContactPoint\",\"contactType\":\"Service client\",\"telephone\":\"0384254272\",\"email\":\"contact@csj-emballages.com\"}]}]}<\/script>\n<!-- \/ Yoast SEO Premium plugin. -->","yoast_head_json":{"title":"Saco Croissant 106 20 + 5 x 34 cm por 1000","description":"Descubra o nosso saco para croissants tamanho 106 em kraft castanho. Tamanho: 20 + 5 x 34 cm, Escolha uma caixa de 1000 sacos para croissants resistentes e de alta qualidade!","robots":{"index":"index","follow":"follow","max-snippet":"max-snippet:-1","max-image-preview":"max-image-preview:large","max-video-preview":"max-video-preview:-1"},"canonical":"https:\/\/www.csj-emballages.com\/pt-pt\/produit\/1000-sacos-de-106-croissants-17-7-x-35-cm\/","og_locale":"pt_PT","og_type":"article","og_title":"Saco crescente 20 + 5 x 34 cm tamanho 106 por 1000","og_description":"Descubra o nosso saco para croissants tamanho 106 em kraft castanho. Tamanho: 20 + 5 x 34 cm, Escolha uma caixa de 1000 sacos para croissants resistentes e de alta qualidade!","og_url":"https:\/\/www.csj-emballages.com\/pt-pt\/produit\/1000-sacos-de-106-croissants-17-7-x-35-cm\/","og_site_name":"CSJ Emballages","article_publisher":"https:\/\/www.facebook.com\/csjemballages","article_modified_time":"2026-04-30T00:15:51+00:00","og_image":[{"width":800,"height":800,"url":"https:\/\/www.csj-emballages.com\/wp-content\/uploads\/2024\/03\/SCR6.webp","type":"image\/webp"}],"twitter_card":"summary_large_image","twitter_misc":{"Tempo estimado de leitura":"2 minutos"},"schema":{"@context":"https:\/\/schema.org","@graph":[{"@type":"WebPage","@id":"https:\/\/www.csj-emballages.com\/pt-pt\/produit\/1000-sacos-de-106-croissants-17-7-x-35-cm\/","url":"https:\/\/www.csj-emballages.com\/pt-pt\/produit\/1000-sacos-de-106-croissants-17-7-x-35-cm\/","name":"Saco Croissant 106 20 + 5 x 34 cm por 1000","isPartOf":{"@id":"https:\/\/www.csj-emballages.com\/pt-pt\/#website"},"primaryImageOfPage":{"@id":"https:\/\/www.csj-emballages.com\/pt-pt\/produit\/1000-sacos-de-106-croissants-17-7-x-35-cm\/#primaryimage"},"image":{"@id":"https:\/\/www.csj-emballages.com\/pt-pt\/produit\/1000-sacos-de-106-croissants-17-7-x-35-cm\/#primaryimage"},"thumbnailUrl":"https:\/\/www.csj-emballages.com\/wp-content\/uploads\/2024\/03\/SCR6.webp","datePublished":"2024-03-01T15:49:23+00:00","dateModified":"2026-04-30T00:15:51+00:00","description":"Descubra o nosso saco para croissants tamanho 106 em kraft castanho. Tamanho: 20 + 5 x 34 cm, Escolha uma caixa de 1000 sacos para croissants resistentes e de alta qualidade!","breadcrumb":{"@id":"https:\/\/www.csj-emballages.com\/pt-pt\/produit\/1000-sacos-de-106-croissants-17-7-x-35-cm\/#breadcrumb"},"inLanguage":"pt-PT","potentialAction":[{"@type":"ReadAction","target":["https:\/\/www.csj-emballages.com\/pt-pt\/produit\/1000-sacos-de-106-croissants-17-7-x-35-cm\/"]}]},{"@type":"ImageObject","inLanguage":"pt-PT","@id":"https:\/\/www.csj-emballages.com\/pt-pt\/produit\/1000-sacos-de-106-croissants-17-7-x-35-cm\/#primaryimage","url":"https:\/\/www.csj-emballages.com\/wp-content\/uploads\/2024\/03\/SCR6.webp","contentUrl":"https:\/\/www.csj-emballages.com\/wp-content\/uploads\/2024\/03\/SCR6.webp","width":800,"height":800,"caption":"Sac croissant"},{"@type":"BreadcrumbList","@id":"https:\/\/www.csj-emballages.com\/pt-pt\/produit\/1000-sacos-de-106-croissants-17-7-x-35-cm\/#breadcrumb","itemListElement":[{"@type":"ListItem","position":1,"name":"Acolhimento","item":"https:\/\/www.csj-emballages.com\/pt-pt\/universo-das-embalagens-alimentares\/"},{"@type":"ListItem","position":2,"name":"Shop","item":"https:\/\/www.csj-emballages.com\/shop\/"},{"@type":"ListItem","position":3,"name":"Saco crescente 20 + 5 x 34 cm tamanho 106 por 1000"}]},{"@type":"WebSite","@id":"https:\/\/www.csj-emballages.com\/pt-pt\/#website","url":"https:\/\/www.csj-emballages.com\/pt-pt\/","name":"CSJ Emballages","description":"","publisher":{"@id":"https:\/\/www.csj-emballages.com\/pt-pt\/#organization"},"potentialAction":[{"@type":"SearchAction","target":{"@type":"EntryPoint","urlTemplate":"https:\/\/www.csj-emballages.com\/pt-pt\/?s={search_term_string}"},"query-input":{"@type":"PropertyValueSpecification","valueRequired":true,"valueName":"search_term_string"}}],"inLanguage":"pt-PT"},{"@type":"Organization","@id":"https:\/\/www.csj-emballages.com\/pt-pt\/#Organization\/","name":"CSJ Emballages","url":"https:\/\/www.csj-emballages.com\/pt-pt\/","logo":{"@type":"ImageObject","inLanguage":"pt-PT","@id":"https:\/\/www.csj-emballages.com\/pt-pt\/#\/schema\/logo\/image\/","url":"https:\/\/www.csj-emballages.com\/wp-content\/uploads\/2023\/10\/logo_csj.webp","contentUrl":"https:\/\/www.csj-emballages.com\/wp-content\/uploads\/2023\/10\/logo_csj.webp","width":250,"height":95,"caption":"CSJ Emballages"},"image":{"@id":"https:\/\/www.csj-emballages.com\/pt-pt\/#\/schema\/logo\/image\/"},"sameAs":["https:\/\/www.facebook.com\/csjemballages"],"address":{"@type":"PostalAddress","streetAddress":"ZI La Lechere","addressLocality":"Patornay","postalCode":"39130","addressCountry":"FR"},"contactPoint":[{"@type":"ContactPoint","contactType":"Service client","telephone":"0384254272","email":"contact@csj-emballages.com"}]}]}},"df_price":23.1,"df_sale_price":"","df_regular_price":23.1,"df_image_link":"https:\/\/www.csj-emballages.com\/wp-content\/uploads\/2024\/03\/SCR6-300x300.webp","tiered_pricing_type":"fixed","tiered_pricing_fixed_rules":[],"tiered_pricing_percentage_rules":[],"tiered_pricing_minimum":1,"tiered_pricing_roles_data":[],"_links":{"self":[{"href":"https:\/\/www.csj-emballages.com\/pt-pt\/wp-json\/wp\/v2\/product\/23333","targetHints":{"allow":["GET"]}}],"collection":[{"href":"https:\/\/www.csj-emballages.com\/pt-pt\/wp-json\/wp\/v2\/product"}],"about":[{"href":"https:\/\/www.csj-emballages.com\/pt-pt\/wp-json\/wp\/v2\/types\/product"}],"wp:featuredmedia":[{"embeddable":true,"href":"https:\/\/www.csj-emballages.com\/pt-pt\/wp-json\/wp\/v2\/media\/245576"}],"wp:attachment":[{"href":"https:\/\/www.csj-emballages.com\/pt-pt\/wp-json\/wp\/v2\/media?parent=23333"}],"wp:term":[{"taxonomy":"product_brand","embeddable":true,"href":"https:\/\/www.csj-emballages.com\/pt-pt\/wp-json\/wp\/v2\/product_brand?post=23333"},{"taxonomy":"product_cat","embeddable":true,"href":"https:\/\/www.csj-emballages.com\/pt-pt\/wp-json\/wp\/v2\/product_cat?post=23333"},{"taxonomy":"product_tag","embeddable":true,"href":"https:\/\/www.csj-emballages.com\/pt-pt\/wp-json\/wp\/v2\/product_tag?post=23333"}],"curies":[{"name":"wp","href":"https:\/\/api.w.org\/{rel}","templated":true}]}}