{"id":233327,"date":"2025-05-16T14:09:58","date_gmt":"2025-05-16T12:09:58","guid":{"rendered":"https:\/\/www.csj-emballages.com\/produit\/20g-de-pastilhas-de-cloro-de-choque-por-5-kg\/"},"modified":"2026-03-12T16:07:16","modified_gmt":"2026-03-12T15:07:16","slug":"20g-de-pastilhas-de-cloro-de-choque-por-5-kg","status":"publish","type":"product","link":"https:\/\/www.csj-emballages.com\/pt-pt\/produit\/20g-de-pastilhas-de-cloro-de-choque-por-5-kg\/","title":{"rendered":"20 g de pastilhas de choque de cloro por 5 kg"},"content":{"rendered":"<h2 class=\"p1\">Pastilhas de cloro<\/h2>\n<hr>\n<h3>Descri\u00e7\u00e3o da nossa pastilha de choque de cloro de 20 g por 5 kg<\/h3>\n<p><!--more--><\/p>\n<p data-start=\"152\" data-end=\"493\"><strong data-start=\"156\" data-end=\"188\">As pastilhas de cloro de choque de 20 g<\/strong> em <strong>baldes de 5 kg<\/strong> s\u00e3o uma solu\u00e7\u00e3o potente e de a\u00e7\u00e3o r\u00e1pida para tratar eficazmente a \u00e1gua da sua piscina. Quer seja um indiv\u00edduo preocupado com a qualidade da sua piscina ou um profissional de manuten\u00e7\u00e3o de piscinas, este produto \u00e9 essencial para garantir uma \u00e1gua cristalina e saud\u00e1vel num instante. <\/p>\n<p data-start=\"495\" data-end=\"804\">Concebidas para o <strong data-start=\"512\" data-end=\"532\">tratamento de choque<\/strong>, estas pastilhas actuam imediatamente em caso de \u00e1gua turva, de utiliza\u00e7\u00e3o intensa ou de crescimento de algas. Gra\u00e7as \u00e0 sua <strong data-start=\"659\" data-end=\"701\">f\u00f3rmula concentrada de cloro ativo<\/strong>, eliminam rapidamente as bact\u00e9rias, os fungos e outros microrganismos presentes na \u00e1gua. <\/p>\n<p data-start=\"806\" data-end=\"1218\">F\u00e1ceis de dosear com as suas <strong data-start=\"833\" data-end=\"857\">unidades de 20 gramas<\/strong>, dissolvem-se rapidamente, sem res\u00edduos, para uma a\u00e7\u00e3o r\u00e1pida e uniforme. \u00c9 f\u00e1cil de utilizar: basta colocar as pastilhas no skimmer ou diretamente na piscina (quando os banhistas n\u00e3o est\u00e3o presentes), como recomendado. O formato de 5 kg cobre v\u00e1rios tratamentos, o que o torna uma solu\u00e7\u00e3o econ\u00f3mica a longo prazo.  <\/p>\n<p data-start=\"1220\" data-end=\"1426\">Adequadas para todos os tipos de piscinas, estas <strong>pastilhas de cloro<\/strong> s\u00e3o ideais no in\u00edcio da \u00e9poca, ap\u00f3s chuvas fortes ou antes de uma subida de temperatura que favore\u00e7a a prolifera\u00e7\u00e3o de algas.<\/p>\n<p data-start=\"1428\" data-end=\"1681\">Com este <strong>cloro de choque<\/strong>, pode ter a certeza de que a sua <strong data-start=\"1481\" data-end=\"1521\">\u00e1gua ser\u00e1 l\u00edmpida, desinfectada e agrad\u00e1vel para<\/strong> nadar. Em suma, \u00e9 a forma perfeita de manter a manuten\u00e7\u00e3o da sua piscina sob controlo, para que esteja sempre pronta a receber jovens e adultos. <\/p>\n<p>&nbsp;<\/p>\n<p data-start=\"1302\" data-end=\"1517\"><!--more--><\/p>\n<p><strong>As suas vantagens:<\/strong><\/p>\n<ul>\n<li>Formato econ\u00f3mico em baldes de 5 kg.<\/li>\n<li>Comprimidos de 20g: dosagem r\u00e1pida e f\u00e1cil.<\/li>\n<li>Dissolve-se rapidamente sem deixar res\u00edduos.<\/li>\n<li>Compat\u00edvel com todos os tipos de piscinas.<\/li>\n<\/ul>\n<p>&nbsp;<\/p>\n<p><!--more--><\/p>\n<p><strong>Outras informa\u00e7\u00f5es :  <\/strong><\/p>\n<ul>\n<li><strong>Embalagem<\/strong>: Por unidade<\/li>\n<li><strong>Volume <\/strong>: 5 kg<\/li>\n<li><strong>Utiliza\u00e7\u00e3o<\/strong>: Comprimidos de cloro<\/li>\n<\/ul>\n<p>&nbsp;<\/p>\n<p><!--more--><\/p>\n<p>Descubra tamb\u00e9m o nosso floculante para filtros de areia 125 g por 8 : <span style=\"color: #d12727;\"><a style=\"color: #d12727;\" href=\"https:\/\/www.csj-emballages.com\/produit\/8-chaussette-floculant-filtre-a-sable-125-g\/\">16991<\/a><\/span><\/p>\n<p>&nbsp;<\/p>\n<p><!--more--><\/p>\n<p><a href=\"https:\/\/www.csj-emballages.com\/pt-pt\/categorie-produit\/higiene-e-manutencao\/produtos-de-limpeza\/sanitario\/\">Consulte a nossa restante gama de produtos de manuten\u00e7\u00e3o para piscinas \/ spas<\/a><\/p>\n","protected":false},"excerpt":{"rendered":"<p>Pastilhas de cloro Descri\u00e7\u00e3o da nossa pastilha de choque de cloro de 20 g por 5 kg<\/p>\n","protected":false},"featured_media":233324,"template":"","meta":{"_acf_changed":false},"product_brand":[],"product_cat":[1141,1222,1223,1332,10271],"product_tag":[],"class_list":{"0":"post-233327","1":"product","2":"type-product","3":"status-publish","4":"has-post-thumbnail","6":"product_cat-embalagem-de-alimentos","7":"product_cat-higiene-e-manutencao","8":"product_cat-produtos-de-limpeza","9":"product_cat-manutencao-da-piscina-spa","10":"product_cat-apuramento","12":"first","13":"instock","14":"sale","15":"taxable","16":"shipping-taxable","17":"purchasable","18":"product-type-simple"},"acf":[],"yoast_head":"<!-- This site is optimized with the Yoast SEO Premium plugin v26.6 (Yoast SEO v26.6) - https:\/\/yoast.com\/wordpress\/plugins\/seo\/ -->\n<title>Comprimido de choque de cloro 20g por 5 kg<\/title>\n<meta name=\"description\" content=\"Pastilha de cloro de choque 20g - balde de 5 kg. Ideal para o tratamento r\u00e1pido da \u00e1gua da piscina: elimina algas e bact\u00e9rias, a\u00e7\u00e3o potente e imediata.\" \/>\n<meta name=\"robots\" content=\"index, follow, max-snippet:-1, max-image-preview:large, max-video-preview:-1\" \/>\n<link rel=\"canonical\" href=\"https:\/\/www.csj-emballages.com\/pt-pt\/produit\/20g-de-pastilhas-de-cloro-de-choque-por-5-kg\/\" \/>\n<meta property=\"og:locale\" content=\"pt_PT\" \/>\n<meta property=\"og:type\" content=\"article\" \/>\n<meta property=\"og:title\" content=\"20 g de pastilhas de choque de cloro por 5 kg\" \/>\n<meta property=\"og:description\" content=\"Pastilha de cloro de choque 20g - balde de 5 kg. Ideal para o tratamento r\u00e1pido da \u00e1gua da piscina: elimina algas e bact\u00e9rias, a\u00e7\u00e3o potente e imediata.\" \/>\n<meta property=\"og:url\" content=\"https:\/\/www.csj-emballages.com\/pt-pt\/produit\/20g-de-pastilhas-de-cloro-de-choque-por-5-kg\/\" \/>\n<meta property=\"og:site_name\" content=\"CSJ Emballages\" \/>\n<meta property=\"article:publisher\" content=\"https:\/\/www.facebook.com\/csjemballages\" \/>\n<meta property=\"article:modified_time\" content=\"2026-03-12T15:07:16+00:00\" \/>\n<meta property=\"og:image\" content=\"https:\/\/www.csj-emballages.com\/wp-content\/uploads\/2025\/05\/20105.webp\" \/>\n\t<meta property=\"og:image:width\" content=\"800\" \/>\n\t<meta property=\"og:image:height\" content=\"799\" \/>\n\t<meta property=\"og:image:type\" content=\"image\/webp\" \/>\n<meta name=\"twitter:card\" content=\"summary_large_image\" \/>\n<meta name=\"twitter:label1\" content=\"Tempo estimado de leitura\" \/>\n\t<meta name=\"twitter:data1\" content=\"2 minutos\" \/>\n<script type=\"application\/ld+json\" class=\"yoast-schema-graph\">{\"@context\":\"https:\/\/schema.org\",\"@graph\":[{\"@type\":\"WebPage\",\"@id\":\"https:\/\/www.csj-emballages.com\/pt-pt\/produit\/20g-de-pastilhas-de-cloro-de-choque-por-5-kg\/\",\"url\":\"https:\/\/www.csj-emballages.com\/pt-pt\/produit\/20g-de-pastilhas-de-cloro-de-choque-por-5-kg\/\",\"name\":\"Comprimido de choque de cloro 20g por 5 kg\",\"isPartOf\":{\"@id\":\"https:\/\/www.csj-emballages.com\/pt-pt\/#website\"},\"primaryImageOfPage\":{\"@id\":\"https:\/\/www.csj-emballages.com\/pt-pt\/produit\/20g-de-pastilhas-de-cloro-de-choque-por-5-kg\/#primaryimage\"},\"image\":{\"@id\":\"https:\/\/www.csj-emballages.com\/pt-pt\/produit\/20g-de-pastilhas-de-cloro-de-choque-por-5-kg\/#primaryimage\"},\"thumbnailUrl\":\"https:\/\/www.csj-emballages.com\/wp-content\/uploads\/2025\/05\/20105.webp\",\"datePublished\":\"2025-05-16T12:09:58+00:00\",\"dateModified\":\"2026-03-12T15:07:16+00:00\",\"description\":\"Pastilha de cloro de choque 20g - balde de 5 kg. Ideal para o tratamento r\u00e1pido da \u00e1gua da piscina: elimina algas e bact\u00e9rias, a\u00e7\u00e3o potente e imediata.\",\"breadcrumb\":{\"@id\":\"https:\/\/www.csj-emballages.com\/pt-pt\/produit\/20g-de-pastilhas-de-cloro-de-choque-por-5-kg\/#breadcrumb\"},\"inLanguage\":\"pt-PT\",\"potentialAction\":[{\"@type\":\"ReadAction\",\"target\":[\"https:\/\/www.csj-emballages.com\/pt-pt\/produit\/20g-de-pastilhas-de-cloro-de-choque-por-5-kg\/\"]}]},{\"@type\":\"ImageObject\",\"inLanguage\":\"pt-PT\",\"@id\":\"https:\/\/www.csj-emballages.com\/pt-pt\/produit\/20g-de-pastilhas-de-cloro-de-choque-por-5-kg\/#primaryimage\",\"url\":\"https:\/\/www.csj-emballages.com\/wp-content\/uploads\/2025\/05\/20105.webp\",\"contentUrl\":\"https:\/\/www.csj-emballages.com\/wp-content\/uploads\/2025\/05\/20105.webp\",\"width\":800,\"height\":799,\"caption\":\"pastille de chlore\"},{\"@type\":\"BreadcrumbList\",\"@id\":\"https:\/\/www.csj-emballages.com\/pt-pt\/produit\/20g-de-pastilhas-de-cloro-de-choque-por-5-kg\/#breadcrumb\",\"itemListElement\":[{\"@type\":\"ListItem\",\"position\":1,\"name\":\"Acolhimento\",\"item\":\"https:\/\/www.csj-emballages.com\/pt-pt\/universo-das-embalagens-alimentares\/\"},{\"@type\":\"ListItem\",\"position\":2,\"name\":\"Shop\",\"item\":\"https:\/\/www.csj-emballages.com\/shop\/\"},{\"@type\":\"ListItem\",\"position\":3,\"name\":\"20 g de pastilhas de choque de cloro por 5 kg\"}]},{\"@type\":\"WebSite\",\"@id\":\"https:\/\/www.csj-emballages.com\/pt-pt\/#website\",\"url\":\"https:\/\/www.csj-emballages.com\/pt-pt\/\",\"name\":\"CSJ Emballages\",\"description\":\"\",\"publisher\":{\"@id\":\"https:\/\/www.csj-emballages.com\/pt-pt\/#organization\"},\"potentialAction\":[{\"@type\":\"SearchAction\",\"target\":{\"@type\":\"EntryPoint\",\"urlTemplate\":\"https:\/\/www.csj-emballages.com\/pt-pt\/?s={search_term_string}\"},\"query-input\":{\"@type\":\"PropertyValueSpecification\",\"valueRequired\":true,\"valueName\":\"search_term_string\"}}],\"inLanguage\":\"pt-PT\"},{\"@type\":\"Organization\",\"@id\":\"https:\/\/www.csj-emballages.com\/pt-pt\/#Organization\/\",\"name\":\"CSJ Emballages\",\"url\":\"https:\/\/www.csj-emballages.com\/pt-pt\/\",\"logo\":{\"@type\":\"ImageObject\",\"inLanguage\":\"pt-PT\",\"@id\":\"https:\/\/www.csj-emballages.com\/pt-pt\/#\/schema\/logo\/image\/\",\"url\":\"https:\/\/www.csj-emballages.com\/wp-content\/uploads\/2023\/10\/logo_csj.webp\",\"contentUrl\":\"https:\/\/www.csj-emballages.com\/wp-content\/uploads\/2023\/10\/logo_csj.webp\",\"width\":250,\"height\":95,\"caption\":\"CSJ Emballages\"},\"image\":{\"@id\":\"https:\/\/www.csj-emballages.com\/pt-pt\/#\/schema\/logo\/image\/\"},\"sameAs\":[\"https:\/\/www.facebook.com\/csjemballages\"],\"address\":{\"@type\":\"PostalAddress\",\"streetAddress\":\"ZI La Lechere\",\"addressLocality\":\"Patornay\",\"postalCode\":\"39130\",\"addressCountry\":\"FR\"},\"contactPoint\":[{\"@type\":\"ContactPoint\",\"contactType\":\"Service client\",\"telephone\":\"0384254272\",\"email\":\"contact@csj-emballages.com\"}]}]}<\/script>\n<!-- \/ Yoast SEO Premium plugin. -->","yoast_head_json":{"title":"Comprimido de choque de cloro 20g por 5 kg","description":"Pastilha de cloro de choque 20g - balde de 5 kg. Ideal para o tratamento r\u00e1pido da \u00e1gua da piscina: elimina algas e bact\u00e9rias, a\u00e7\u00e3o potente e imediata.","robots":{"index":"index","follow":"follow","max-snippet":"max-snippet:-1","max-image-preview":"max-image-preview:large","max-video-preview":"max-video-preview:-1"},"canonical":"https:\/\/www.csj-emballages.com\/pt-pt\/produit\/20g-de-pastilhas-de-cloro-de-choque-por-5-kg\/","og_locale":"pt_PT","og_type":"article","og_title":"20 g de pastilhas de choque de cloro por 5 kg","og_description":"Pastilha de cloro de choque 20g - balde de 5 kg. Ideal para o tratamento r\u00e1pido da \u00e1gua da piscina: elimina algas e bact\u00e9rias, a\u00e7\u00e3o potente e imediata.","og_url":"https:\/\/www.csj-emballages.com\/pt-pt\/produit\/20g-de-pastilhas-de-cloro-de-choque-por-5-kg\/","og_site_name":"CSJ Emballages","article_publisher":"https:\/\/www.facebook.com\/csjemballages","article_modified_time":"2026-03-12T15:07:16+00:00","og_image":[{"width":800,"height":799,"url":"https:\/\/www.csj-emballages.com\/wp-content\/uploads\/2025\/05\/20105.webp","type":"image\/webp"}],"twitter_card":"summary_large_image","twitter_misc":{"Tempo estimado de leitura":"2 minutos"},"schema":{"@context":"https:\/\/schema.org","@graph":[{"@type":"WebPage","@id":"https:\/\/www.csj-emballages.com\/pt-pt\/produit\/20g-de-pastilhas-de-cloro-de-choque-por-5-kg\/","url":"https:\/\/www.csj-emballages.com\/pt-pt\/produit\/20g-de-pastilhas-de-cloro-de-choque-por-5-kg\/","name":"Comprimido de choque de cloro 20g por 5 kg","isPartOf":{"@id":"https:\/\/www.csj-emballages.com\/pt-pt\/#website"},"primaryImageOfPage":{"@id":"https:\/\/www.csj-emballages.com\/pt-pt\/produit\/20g-de-pastilhas-de-cloro-de-choque-por-5-kg\/#primaryimage"},"image":{"@id":"https:\/\/www.csj-emballages.com\/pt-pt\/produit\/20g-de-pastilhas-de-cloro-de-choque-por-5-kg\/#primaryimage"},"thumbnailUrl":"https:\/\/www.csj-emballages.com\/wp-content\/uploads\/2025\/05\/20105.webp","datePublished":"2025-05-16T12:09:58+00:00","dateModified":"2026-03-12T15:07:16+00:00","description":"Pastilha de cloro de choque 20g - balde de 5 kg. Ideal para o tratamento r\u00e1pido da \u00e1gua da piscina: elimina algas e bact\u00e9rias, a\u00e7\u00e3o potente e imediata.","breadcrumb":{"@id":"https:\/\/www.csj-emballages.com\/pt-pt\/produit\/20g-de-pastilhas-de-cloro-de-choque-por-5-kg\/#breadcrumb"},"inLanguage":"pt-PT","potentialAction":[{"@type":"ReadAction","target":["https:\/\/www.csj-emballages.com\/pt-pt\/produit\/20g-de-pastilhas-de-cloro-de-choque-por-5-kg\/"]}]},{"@type":"ImageObject","inLanguage":"pt-PT","@id":"https:\/\/www.csj-emballages.com\/pt-pt\/produit\/20g-de-pastilhas-de-cloro-de-choque-por-5-kg\/#primaryimage","url":"https:\/\/www.csj-emballages.com\/wp-content\/uploads\/2025\/05\/20105.webp","contentUrl":"https:\/\/www.csj-emballages.com\/wp-content\/uploads\/2025\/05\/20105.webp","width":800,"height":799,"caption":"pastille de chlore"},{"@type":"BreadcrumbList","@id":"https:\/\/www.csj-emballages.com\/pt-pt\/produit\/20g-de-pastilhas-de-cloro-de-choque-por-5-kg\/#breadcrumb","itemListElement":[{"@type":"ListItem","position":1,"name":"Acolhimento","item":"https:\/\/www.csj-emballages.com\/pt-pt\/universo-das-embalagens-alimentares\/"},{"@type":"ListItem","position":2,"name":"Shop","item":"https:\/\/www.csj-emballages.com\/shop\/"},{"@type":"ListItem","position":3,"name":"20 g de pastilhas de choque de cloro por 5 kg"}]},{"@type":"WebSite","@id":"https:\/\/www.csj-emballages.com\/pt-pt\/#website","url":"https:\/\/www.csj-emballages.com\/pt-pt\/","name":"CSJ Emballages","description":"","publisher":{"@id":"https:\/\/www.csj-emballages.com\/pt-pt\/#organization"},"potentialAction":[{"@type":"SearchAction","target":{"@type":"EntryPoint","urlTemplate":"https:\/\/www.csj-emballages.com\/pt-pt\/?s={search_term_string}"},"query-input":{"@type":"PropertyValueSpecification","valueRequired":true,"valueName":"search_term_string"}}],"inLanguage":"pt-PT"},{"@type":"Organization","@id":"https:\/\/www.csj-emballages.com\/pt-pt\/#Organization\/","name":"CSJ Emballages","url":"https:\/\/www.csj-emballages.com\/pt-pt\/","logo":{"@type":"ImageObject","inLanguage":"pt-PT","@id":"https:\/\/www.csj-emballages.com\/pt-pt\/#\/schema\/logo\/image\/","url":"https:\/\/www.csj-emballages.com\/wp-content\/uploads\/2023\/10\/logo_csj.webp","contentUrl":"https:\/\/www.csj-emballages.com\/wp-content\/uploads\/2023\/10\/logo_csj.webp","width":250,"height":95,"caption":"CSJ Emballages"},"image":{"@id":"https:\/\/www.csj-emballages.com\/pt-pt\/#\/schema\/logo\/image\/"},"sameAs":["https:\/\/www.facebook.com\/csjemballages"],"address":{"@type":"PostalAddress","streetAddress":"ZI La Lechere","addressLocality":"Patornay","postalCode":"39130","addressCountry":"FR"},"contactPoint":[{"@type":"ContactPoint","contactType":"Service client","telephone":"0384254272","email":"contact@csj-emballages.com"}]}]}},"df_price":39.74,"df_sale_price":39.74,"df_regular_price":49.68,"df_image_link":"https:\/\/www.csj-emballages.com\/wp-content\/uploads\/2025\/05\/20105-300x300.webp","tiered_pricing_type":"fixed","tiered_pricing_fixed_rules":[],"tiered_pricing_percentage_rules":[],"tiered_pricing_minimum":1,"tiered_pricing_roles_data":[],"_links":{"self":[{"href":"https:\/\/www.csj-emballages.com\/pt-pt\/wp-json\/wp\/v2\/product\/233327","targetHints":{"allow":["GET"]}}],"collection":[{"href":"https:\/\/www.csj-emballages.com\/pt-pt\/wp-json\/wp\/v2\/product"}],"about":[{"href":"https:\/\/www.csj-emballages.com\/pt-pt\/wp-json\/wp\/v2\/types\/product"}],"wp:featuredmedia":[{"embeddable":true,"href":"https:\/\/www.csj-emballages.com\/pt-pt\/wp-json\/wp\/v2\/media\/233324"}],"wp:attachment":[{"href":"https:\/\/www.csj-emballages.com\/pt-pt\/wp-json\/wp\/v2\/media?parent=233327"}],"wp:term":[{"taxonomy":"product_brand","embeddable":true,"href":"https:\/\/www.csj-emballages.com\/pt-pt\/wp-json\/wp\/v2\/product_brand?post=233327"},{"taxonomy":"product_cat","embeddable":true,"href":"https:\/\/www.csj-emballages.com\/pt-pt\/wp-json\/wp\/v2\/product_cat?post=233327"},{"taxonomy":"product_tag","embeddable":true,"href":"https:\/\/www.csj-emballages.com\/pt-pt\/wp-json\/wp\/v2\/product_tag?post=233327"}],"curies":[{"name":"wp","href":"https:\/\/api.w.org\/{rel}","templated":true}]}}