{"id":23330,"date":"2024-03-01T16:49:22","date_gmt":"2024-03-01T15:49:22","guid":{"rendered":"https:\/\/u15jnbdpoq.preview.infomaniak.website\/produit\/50-copos-de-plastico-cristal-descartaveis-para-sobremesas-236-ml\/"},"modified":"2026-04-28T21:00:33","modified_gmt":"2026-04-28T19:00:33","slug":"50-copos-de-plastico-cristal-descartaveis-para-sobremesas-236-ml","status":"publish","type":"product","link":"https:\/\/www.csj-emballages.com\/pt-pt\/produit\/50-copos-de-plastico-cristal-descartaveis-para-sobremesas-236-ml\/","title":{"rendered":"Ta\u00e7a de pl\u00e1stico para sobremesas 236 ml por 50"},"content":{"rendered":"<h2>Copo de sobremesa<\/h2>\n<hr>\n<h3>Descri\u00e7\u00e3o do nosso copo de pl\u00e1stico para sobremesas 236 ml por 50<\/h3>\n<p><!--more--><\/p>\n<p data-start=\"256\" data-end=\"567\">A <strong>ta\u00e7a de sobremesa de pl\u00e1stico de 236 ml<\/strong> \u00e9 ideal para a apresenta\u00e7\u00e3o e servi\u00e7o de <strong>sobremesas individuais, saladas de fruta ou prepara\u00e7\u00f5es doces e salgadas<\/strong>. Concebida para profissionais da restaura\u00e7\u00e3o, catering, pastelaria e pontos de venda para take-away, combina est\u00e9tica e praticidade. <\/p>\n<p data-start=\"569\" data-end=\"965\">Fabricada em <strong>pl\u00e1stico transparente<\/strong> de qualidade alimentar, esta ta\u00e7a real\u00e7a perfeitamente as cores e texturas das prepara\u00e7\u00f5es. A sua <strong>capacidade de 236 ml<\/strong> \u00e9 ideal para servir por\u00e7\u00f5es generosas, mantendo um formato pr\u00e1tico e f\u00e1cil de manusear. \u00c9 perfeita para <strong>frutas frescas, mousses, cremes, tiramisus, sobremesas l\u00e1cteas ou entradas frias<\/strong>.  <\/p>\n<p data-start=\"967\" data-end=\"1291\">Gra\u00e7as \u00e0 sua forma est\u00e1vel e ergon\u00f3mica, garante uma boa estabilidade em mesas, tabuleiros ou vitrinas refrigeradas. Leve e empilh\u00e1vel, facilita o armazenamento e otimiza a organiza\u00e7\u00e3o em armaz\u00e9m. Al\u00e9m disso, esta <strong>ta\u00e7a<\/strong> pode ser combinada com <strong>tampas compat\u00edveis<\/strong> (vendidas separadamente) para utiliza\u00e7\u00e3o em take-away ou entrega.  <\/p>\n<p data-start=\"1293\" data-end=\"1478\">Em resumo, embalada em lotes de <strong>50 unidades<\/strong>, a <strong>ta\u00e7a de sobremesa de 236 ml<\/strong> constitui uma solu\u00e7\u00e3o econ\u00f3mica e fi\u00e1vel para profissionais que procuram uma embalagem simples, est\u00e9tica e eficaz.<\/p>\n<p data-start=\"1293\" data-end=\"1478\">\n<p data-start=\"1293\" data-end=\"1478\"><!--more--><\/p>\n<p data-start=\"1293\" data-end=\"1478\"><strong><span style=\"color: #ff0000;\">*As tampas s\u00e3o vendidas separadamente<\/span><\/strong><\/p>\n<p data-start=\"1293\" data-end=\"1478\">\n<p data-start=\"1293\" data-end=\"1478\"><!--more--><\/p>\n<h4 data-start=\"1293\" data-end=\"1478\">Vantagens :<\/h4>\n<ul>\n<li data-start=\"1516\" data-end=\"1570\"><strong>Capacidade de 236 ml<\/strong> ideal para por\u00e7\u00f5es individuais.<\/li>\n<li data-start=\"1573\" data-end=\"1624\">Pl\u00e1stico transparente apto ao contacto alimentar.<\/li>\n<li data-start=\"1678\" data-end=\"1704\">Forma est\u00e1vel e pr\u00e1tica.<\/li>\n<li data-start=\"1731\" data-end=\"1777\"><strong>Compat\u00edvel com tampas<\/strong> (vendidas separadamente).<\/li>\n<li data-start=\"1780\" data-end=\"1827\">Adaptada a vitrines e take-away.<\/li>\n<li data-start=\"1830\" data-end=\"1870\">Embalagem pr\u00e1tica de <strong>50 ta\u00e7as<\/strong>.<\/li>\n<\/ul>\n<p><!--more--><\/p>\n<h4>Outras informa\u00e7\u00f5es :<\/h4>\n<ul>\n<li><strong>Dimens\u00f5es<\/strong>: 92,6 x 65,4 (\u00d8 x H em mm).<\/li>\n<li><strong>Embalagem<\/strong>: Embalagens de 50<\/li>\n<li><strong>Volume<\/strong>: 236 ml<\/li>\n<li><strong>Material<\/strong>: PET<\/li>\n<\/ul>\n<p>&nbsp;<\/p>\n<p><!--more--><\/p>\n<p>Encontre aqui as coberturas vendidas separadamente que s\u00e3o compat\u00edveis com este produto: <span style=\"color: #d12727;\"><a style=\"color: #d12727;\" href=\"https:\/\/www.csj-emballages.com\/produit\/50-couvercles-plats-coupe-dessert-sd5-sd8-ts5-tp9-tp5\/\">COUVSD8<\/a><\/span> \/ <span style=\"color: #d12727;\"><a style=\"color: #d12727;\" href=\"https:\/\/www.csj-emballages.com\/produit\/50-couvercles-domes-jetables-sd5-sd8-ts5-tp5-tp9\/\">DOM\u00c9STICO<\/a><\/span><\/p>\n<p>&nbsp;<\/p>\n<p><!--more--><\/p>\n<p><a href=\"https:\/\/www.csj-emballages.com\/pt-pt\/categorie-produit\/embalagem-de-alimentos\/talho-e-charcutaria\/copos-jarras-copos\/copos-de-sobremesa\/\">Descobre o resto da nossa gama de ta\u00e7as de sobremesa<\/a><\/p>\n","protected":false},"excerpt":{"rendered":"<p>Copo de sobremesa Descri\u00e7\u00e3o do nosso copo de pl\u00e1stico para sobremesas 236 ml por 50<\/p>\n","protected":false},"featured_media":264432,"template":"","meta":{"_acf_changed":false},"product_brand":[],"product_cat":[1141,1176,1306,1459],"product_tag":[],"class_list":{"0":"post-23330","1":"product","2":"type-product","3":"status-publish","4":"has-post-thumbnail","6":"product_cat-embalagem-de-alimentos","7":"product_cat-talho-e-charcutaria","8":"product_cat-copos-jarras-copos","9":"product_cat-copos-de-sobremesa","11":"first","12":"instock","13":"taxable","14":"shipping-taxable","15":"purchasable","16":"product-type-simple"},"acf":[],"yoast_head":"<!-- This site is optimized with the Yoast SEO Premium plugin v26.6 (Yoast SEO v26.6) - https:\/\/yoast.com\/wordpress\/plugins\/seo\/ -->\n<title>Copo de pl\u00e1stico para sobremesas - 236 ml<\/title>\n<meta name=\"description\" content=\"Ta\u00e7a de pl\u00e1stico para sobremesas, concebida para real\u00e7ar o melhor dos seus pratos. Robusta e pr\u00e1tica, garante uma apresenta\u00e7\u00e3o cuidada e um transporte seguro.\" \/>\n<meta name=\"robots\" content=\"index, follow, max-snippet:-1, max-image-preview:large, max-video-preview:-1\" \/>\n<link rel=\"canonical\" href=\"https:\/\/www.csj-emballages.com\/pt-pt\/produit\/50-copos-de-plastico-cristal-descartaveis-para-sobremesas-236-ml\/\" \/>\n<meta property=\"og:locale\" content=\"pt_PT\" \/>\n<meta property=\"og:type\" content=\"article\" \/>\n<meta property=\"og:title\" content=\"Ta\u00e7a de pl\u00e1stico para sobremesas 236 ml por 50\" \/>\n<meta property=\"og:description\" content=\"Ta\u00e7a de pl\u00e1stico para sobremesas, concebida para real\u00e7ar o melhor dos seus pratos. Robusta e pr\u00e1tica, garante uma apresenta\u00e7\u00e3o cuidada e um transporte seguro.\" \/>\n<meta property=\"og:url\" content=\"https:\/\/www.csj-emballages.com\/pt-pt\/produit\/50-copos-de-plastico-cristal-descartaveis-para-sobremesas-236-ml\/\" \/>\n<meta property=\"og:site_name\" content=\"CSJ Emballages\" \/>\n<meta property=\"article:publisher\" content=\"https:\/\/www.facebook.com\/csjemballages\" \/>\n<meta property=\"article:modified_time\" content=\"2026-04-28T19:00:33+00:00\" \/>\n<meta property=\"og:image\" content=\"https:\/\/www.csj-emballages.com\/wp-content\/uploads\/2024\/03\/SD8-2.webp\" \/>\n\t<meta property=\"og:image:width\" content=\"800\" \/>\n\t<meta property=\"og:image:height\" content=\"800\" \/>\n\t<meta property=\"og:image:type\" content=\"image\/webp\" \/>\n<meta name=\"twitter:card\" content=\"summary_large_image\" \/>\n<meta name=\"twitter:label1\" content=\"Tempo estimado de leitura\" \/>\n\t<meta name=\"twitter:data1\" content=\"2 minutos\" \/>\n<script type=\"application\/ld+json\" class=\"yoast-schema-graph\">{\"@context\":\"https:\/\/schema.org\",\"@graph\":[{\"@type\":\"WebPage\",\"@id\":\"https:\/\/www.csj-emballages.com\/pt-pt\/produit\/50-copos-de-plastico-cristal-descartaveis-para-sobremesas-236-ml\/\",\"url\":\"https:\/\/www.csj-emballages.com\/pt-pt\/produit\/50-copos-de-plastico-cristal-descartaveis-para-sobremesas-236-ml\/\",\"name\":\"Copo de pl\u00e1stico para sobremesas - 236 ml\",\"isPartOf\":{\"@id\":\"https:\/\/www.csj-emballages.com\/pt-pt\/#website\"},\"primaryImageOfPage\":{\"@id\":\"https:\/\/www.csj-emballages.com\/pt-pt\/produit\/50-copos-de-plastico-cristal-descartaveis-para-sobremesas-236-ml\/#primaryimage\"},\"image\":{\"@id\":\"https:\/\/www.csj-emballages.com\/pt-pt\/produit\/50-copos-de-plastico-cristal-descartaveis-para-sobremesas-236-ml\/#primaryimage\"},\"thumbnailUrl\":\"https:\/\/www.csj-emballages.com\/wp-content\/uploads\/2024\/03\/SD8-2.webp\",\"datePublished\":\"2024-03-01T15:49:22+00:00\",\"dateModified\":\"2026-04-28T19:00:33+00:00\",\"description\":\"Ta\u00e7a de pl\u00e1stico para sobremesas, concebida para real\u00e7ar o melhor dos seus pratos. Robusta e pr\u00e1tica, garante uma apresenta\u00e7\u00e3o cuidada e um transporte seguro.\",\"breadcrumb\":{\"@id\":\"https:\/\/www.csj-emballages.com\/pt-pt\/produit\/50-copos-de-plastico-cristal-descartaveis-para-sobremesas-236-ml\/#breadcrumb\"},\"inLanguage\":\"pt-PT\",\"potentialAction\":[{\"@type\":\"ReadAction\",\"target\":[\"https:\/\/www.csj-emballages.com\/pt-pt\/produit\/50-copos-de-plastico-cristal-descartaveis-para-sobremesas-236-ml\/\"]}]},{\"@type\":\"ImageObject\",\"inLanguage\":\"pt-PT\",\"@id\":\"https:\/\/www.csj-emballages.com\/pt-pt\/produit\/50-copos-de-plastico-cristal-descartaveis-para-sobremesas-236-ml\/#primaryimage\",\"url\":\"https:\/\/www.csj-emballages.com\/wp-content\/uploads\/2024\/03\/SD8-2.webp\",\"contentUrl\":\"https:\/\/www.csj-emballages.com\/wp-content\/uploads\/2024\/03\/SD8-2.webp\",\"width\":800,\"height\":800,\"caption\":\"Coupe \u00e0 dessert\"},{\"@type\":\"BreadcrumbList\",\"@id\":\"https:\/\/www.csj-emballages.com\/pt-pt\/produit\/50-copos-de-plastico-cristal-descartaveis-para-sobremesas-236-ml\/#breadcrumb\",\"itemListElement\":[{\"@type\":\"ListItem\",\"position\":1,\"name\":\"Acolhimento\",\"item\":\"https:\/\/www.csj-emballages.com\/pt-pt\/universo-das-embalagens-alimentares\/\"},{\"@type\":\"ListItem\",\"position\":2,\"name\":\"Shop\",\"item\":\"https:\/\/www.csj-emballages.com\/shop\/\"},{\"@type\":\"ListItem\",\"position\":3,\"name\":\"Ta\u00e7a de pl\u00e1stico para sobremesas 236 ml por 50\"}]},{\"@type\":\"WebSite\",\"@id\":\"https:\/\/www.csj-emballages.com\/pt-pt\/#website\",\"url\":\"https:\/\/www.csj-emballages.com\/pt-pt\/\",\"name\":\"CSJ Emballages\",\"description\":\"\",\"publisher\":{\"@id\":\"https:\/\/www.csj-emballages.com\/pt-pt\/#organization\"},\"potentialAction\":[{\"@type\":\"SearchAction\",\"target\":{\"@type\":\"EntryPoint\",\"urlTemplate\":\"https:\/\/www.csj-emballages.com\/pt-pt\/?s={search_term_string}\"},\"query-input\":{\"@type\":\"PropertyValueSpecification\",\"valueRequired\":true,\"valueName\":\"search_term_string\"}}],\"inLanguage\":\"pt-PT\"},{\"@type\":\"Organization\",\"@id\":\"https:\/\/www.csj-emballages.com\/pt-pt\/#Organization\/\",\"name\":\"CSJ Emballages\",\"url\":\"https:\/\/www.csj-emballages.com\/pt-pt\/\",\"logo\":{\"@type\":\"ImageObject\",\"inLanguage\":\"pt-PT\",\"@id\":\"https:\/\/www.csj-emballages.com\/pt-pt\/#\/schema\/logo\/image\/\",\"url\":\"https:\/\/www.csj-emballages.com\/wp-content\/uploads\/2023\/10\/logo_csj.webp\",\"contentUrl\":\"https:\/\/www.csj-emballages.com\/wp-content\/uploads\/2023\/10\/logo_csj.webp\",\"width\":250,\"height\":95,\"caption\":\"CSJ Emballages\"},\"image\":{\"@id\":\"https:\/\/www.csj-emballages.com\/pt-pt\/#\/schema\/logo\/image\/\"},\"sameAs\":[\"https:\/\/www.facebook.com\/csjemballages\"],\"address\":{\"@type\":\"PostalAddress\",\"streetAddress\":\"ZI La Lechere\",\"addressLocality\":\"Patornay\",\"postalCode\":\"39130\",\"addressCountry\":\"FR\"},\"contactPoint\":[{\"@type\":\"ContactPoint\",\"contactType\":\"Service client\",\"telephone\":\"0384254272\",\"email\":\"contact@csj-emballages.com\"}]}]}<\/script>\n<!-- \/ Yoast SEO Premium plugin. -->","yoast_head_json":{"title":"Copo de pl\u00e1stico para sobremesas - 236 ml","description":"Ta\u00e7a de pl\u00e1stico para sobremesas, concebida para real\u00e7ar o melhor dos seus pratos. Robusta e pr\u00e1tica, garante uma apresenta\u00e7\u00e3o cuidada e um transporte seguro.","robots":{"index":"index","follow":"follow","max-snippet":"max-snippet:-1","max-image-preview":"max-image-preview:large","max-video-preview":"max-video-preview:-1"},"canonical":"https:\/\/www.csj-emballages.com\/pt-pt\/produit\/50-copos-de-plastico-cristal-descartaveis-para-sobremesas-236-ml\/","og_locale":"pt_PT","og_type":"article","og_title":"Ta\u00e7a de pl\u00e1stico para sobremesas 236 ml por 50","og_description":"Ta\u00e7a de pl\u00e1stico para sobremesas, concebida para real\u00e7ar o melhor dos seus pratos. Robusta e pr\u00e1tica, garante uma apresenta\u00e7\u00e3o cuidada e um transporte seguro.","og_url":"https:\/\/www.csj-emballages.com\/pt-pt\/produit\/50-copos-de-plastico-cristal-descartaveis-para-sobremesas-236-ml\/","og_site_name":"CSJ Emballages","article_publisher":"https:\/\/www.facebook.com\/csjemballages","article_modified_time":"2026-04-28T19:00:33+00:00","og_image":[{"width":800,"height":800,"url":"https:\/\/www.csj-emballages.com\/wp-content\/uploads\/2024\/03\/SD8-2.webp","type":"image\/webp"}],"twitter_card":"summary_large_image","twitter_misc":{"Tempo estimado de leitura":"2 minutos"},"schema":{"@context":"https:\/\/schema.org","@graph":[{"@type":"WebPage","@id":"https:\/\/www.csj-emballages.com\/pt-pt\/produit\/50-copos-de-plastico-cristal-descartaveis-para-sobremesas-236-ml\/","url":"https:\/\/www.csj-emballages.com\/pt-pt\/produit\/50-copos-de-plastico-cristal-descartaveis-para-sobremesas-236-ml\/","name":"Copo de pl\u00e1stico para sobremesas - 236 ml","isPartOf":{"@id":"https:\/\/www.csj-emballages.com\/pt-pt\/#website"},"primaryImageOfPage":{"@id":"https:\/\/www.csj-emballages.com\/pt-pt\/produit\/50-copos-de-plastico-cristal-descartaveis-para-sobremesas-236-ml\/#primaryimage"},"image":{"@id":"https:\/\/www.csj-emballages.com\/pt-pt\/produit\/50-copos-de-plastico-cristal-descartaveis-para-sobremesas-236-ml\/#primaryimage"},"thumbnailUrl":"https:\/\/www.csj-emballages.com\/wp-content\/uploads\/2024\/03\/SD8-2.webp","datePublished":"2024-03-01T15:49:22+00:00","dateModified":"2026-04-28T19:00:33+00:00","description":"Ta\u00e7a de pl\u00e1stico para sobremesas, concebida para real\u00e7ar o melhor dos seus pratos. Robusta e pr\u00e1tica, garante uma apresenta\u00e7\u00e3o cuidada e um transporte seguro.","breadcrumb":{"@id":"https:\/\/www.csj-emballages.com\/pt-pt\/produit\/50-copos-de-plastico-cristal-descartaveis-para-sobremesas-236-ml\/#breadcrumb"},"inLanguage":"pt-PT","potentialAction":[{"@type":"ReadAction","target":["https:\/\/www.csj-emballages.com\/pt-pt\/produit\/50-copos-de-plastico-cristal-descartaveis-para-sobremesas-236-ml\/"]}]},{"@type":"ImageObject","inLanguage":"pt-PT","@id":"https:\/\/www.csj-emballages.com\/pt-pt\/produit\/50-copos-de-plastico-cristal-descartaveis-para-sobremesas-236-ml\/#primaryimage","url":"https:\/\/www.csj-emballages.com\/wp-content\/uploads\/2024\/03\/SD8-2.webp","contentUrl":"https:\/\/www.csj-emballages.com\/wp-content\/uploads\/2024\/03\/SD8-2.webp","width":800,"height":800,"caption":"Coupe \u00e0 dessert"},{"@type":"BreadcrumbList","@id":"https:\/\/www.csj-emballages.com\/pt-pt\/produit\/50-copos-de-plastico-cristal-descartaveis-para-sobremesas-236-ml\/#breadcrumb","itemListElement":[{"@type":"ListItem","position":1,"name":"Acolhimento","item":"https:\/\/www.csj-emballages.com\/pt-pt\/universo-das-embalagens-alimentares\/"},{"@type":"ListItem","position":2,"name":"Shop","item":"https:\/\/www.csj-emballages.com\/shop\/"},{"@type":"ListItem","position":3,"name":"Ta\u00e7a de pl\u00e1stico para sobremesas 236 ml por 50"}]},{"@type":"WebSite","@id":"https:\/\/www.csj-emballages.com\/pt-pt\/#website","url":"https:\/\/www.csj-emballages.com\/pt-pt\/","name":"CSJ Emballages","description":"","publisher":{"@id":"https:\/\/www.csj-emballages.com\/pt-pt\/#organization"},"potentialAction":[{"@type":"SearchAction","target":{"@type":"EntryPoint","urlTemplate":"https:\/\/www.csj-emballages.com\/pt-pt\/?s={search_term_string}"},"query-input":{"@type":"PropertyValueSpecification","valueRequired":true,"valueName":"search_term_string"}}],"inLanguage":"pt-PT"},{"@type":"Organization","@id":"https:\/\/www.csj-emballages.com\/pt-pt\/#Organization\/","name":"CSJ Emballages","url":"https:\/\/www.csj-emballages.com\/pt-pt\/","logo":{"@type":"ImageObject","inLanguage":"pt-PT","@id":"https:\/\/www.csj-emballages.com\/pt-pt\/#\/schema\/logo\/image\/","url":"https:\/\/www.csj-emballages.com\/wp-content\/uploads\/2023\/10\/logo_csj.webp","contentUrl":"https:\/\/www.csj-emballages.com\/wp-content\/uploads\/2023\/10\/logo_csj.webp","width":250,"height":95,"caption":"CSJ Emballages"},"image":{"@id":"https:\/\/www.csj-emballages.com\/pt-pt\/#\/schema\/logo\/image\/"},"sameAs":["https:\/\/www.facebook.com\/csjemballages"],"address":{"@type":"PostalAddress","streetAddress":"ZI La Lechere","addressLocality":"Patornay","postalCode":"39130","addressCountry":"FR"},"contactPoint":[{"@type":"ContactPoint","contactType":"Service client","telephone":"0384254272","email":"contact@csj-emballages.com"}]}]}},"df_price":3.97,"df_sale_price":"","df_regular_price":3.97,"df_image_link":"https:\/\/www.csj-emballages.com\/wp-content\/uploads\/2024\/03\/SD8-2-300x300.webp","tiered_pricing_type":"fixed","tiered_pricing_fixed_rules":[],"tiered_pricing_percentage_rules":[],"tiered_pricing_minimum":1,"tiered_pricing_roles_data":[],"_links":{"self":[{"href":"https:\/\/www.csj-emballages.com\/pt-pt\/wp-json\/wp\/v2\/product\/23330","targetHints":{"allow":["GET"]}}],"collection":[{"href":"https:\/\/www.csj-emballages.com\/pt-pt\/wp-json\/wp\/v2\/product"}],"about":[{"href":"https:\/\/www.csj-emballages.com\/pt-pt\/wp-json\/wp\/v2\/types\/product"}],"wp:featuredmedia":[{"embeddable":true,"href":"https:\/\/www.csj-emballages.com\/pt-pt\/wp-json\/wp\/v2\/media\/264432"}],"wp:attachment":[{"href":"https:\/\/www.csj-emballages.com\/pt-pt\/wp-json\/wp\/v2\/media?parent=23330"}],"wp:term":[{"taxonomy":"product_brand","embeddable":true,"href":"https:\/\/www.csj-emballages.com\/pt-pt\/wp-json\/wp\/v2\/product_brand?post=23330"},{"taxonomy":"product_cat","embeddable":true,"href":"https:\/\/www.csj-emballages.com\/pt-pt\/wp-json\/wp\/v2\/product_cat?post=23330"},{"taxonomy":"product_tag","embeddable":true,"href":"https:\/\/www.csj-emballages.com\/pt-pt\/wp-json\/wp\/v2\/product_tag?post=23330"}],"curies":[{"name":"wp","href":"https:\/\/api.w.org\/{rel}","templated":true}]}}