{"id":23313,"date":"2024-03-01T16:49:24","date_gmt":"2024-03-01T15:49:24","guid":{"rendered":"https:\/\/u15jnbdpoq.preview.infomaniak.website\/produit\/1000-sacos-de-plastico-para-postigos-de-10-microns-30-x-35-cm\/"},"modified":"2026-04-01T17:49:54","modified_gmt":"2026-04-01T15:49:54","slug":"1000-sacos-de-plastico-para-postigos-de-10-microns-30-x-35-cm","status":"publish","type":"product","link":"https:\/\/www.csj-emballages.com\/pt-pt\/produit\/1000-sacos-de-plastico-para-postigos-de-10-microns-30-x-35-cm\/","title":{"rendered":"Saco de recolha em bloco 10 microns 30 x 35 cm por 1000"},"content":{"rendered":"<div style=\"font-family: Roboto, sans-serif;\">\n<div style=\"font-family: Roboto, sans-serif;\">\n<div style=\"font-family: Roboto, sans-serif;\">\n<div style=\"font-family: Roboto, sans-serif;\">\n<div style=\"font-family: Roboto, sans-serif;\">\n<div style=\"font-family: Roboto, sans-serif;\">\n<div style=\"font-family: Roboto, sans-serif;\">\n<div style=\"font-family: Roboto, sans-serif;\">\n<div style=\"font-family: Roboto, sans-serif;\">\n<div style=\"font-family: Roboto, sans-serif;\">\n<div style=\"font-family: Roboto, sans-serif;\">\n<h2 class=\"p1\">Saco de recolha<\/h2>\n<hr>\n<h3>Descri\u00e7\u00e3o do nosso saco de recolha em bloco 10 microns 30 x 35 cm por 1000<\/h3>\n<p><!--more--><\/p>\n<p data-start=\"244\" data-end=\"614\">O <strong>saco de recolha em bloco 10 microns 30 x 35 cm<\/strong> foi especialmente concebido para o acondicionamento, o transporte e o armazenamento de amostras leves. De facto, pr\u00e1tico e econ\u00f3mico, responde perfeitamente \u00e0s necessidades dos profissionais dos setores <strong>alimentar, industrial ou agr\u00edcola<\/strong>. <\/p>\n<p data-start=\"616\" data-end=\"936\">Fabricado em <strong>pl\u00e1stico fino de 10 microns<\/strong>, este saco oferece uma boa flexibilidade, assegurando simultaneamente uma prote\u00e7\u00e3o suficiente para as amostras n\u00e3o fr\u00e1geis. Gra\u00e7as ao seu formato de <strong>30 x 35 cm,<\/strong> \u00e9 ideal para conter produtos secos, p\u00f3s, pequenas pe\u00e7as ou mat\u00e9rias-primas destinadas a controlos, an\u00e1lises ou triagens. <\/p>\n<p data-start=\"938\" data-end=\"1340\">Al\u00e9m disso, o acondicionamento em <strong>sacos<\/strong> <strong data-start=\"965\" data-end=\"976\">agrupados<\/strong> facilita bastante a utiliza\u00e7\u00e3o di\u00e1ria: os sacos permanecem bem alinhados, prontos para serem destacados rapidamente, o que permite uma poupan\u00e7a de tempo apreci\u00e1vel durante as opera\u00e7\u00f5es repetitivas. Esta apresenta\u00e7\u00e3o \u00e9 particularmente adequada para ambientes onde a rapidez e a efici\u00eancia s\u00e3o essenciais.<\/p>\n<p data-start=\"1342\" data-end=\"1663\">Al\u00e9m disso, este <strong>sac liasse<\/strong> \u00e9 f\u00e1cil de armazenar e de transportar. A sua transpar\u00eancia permite uma identifica\u00e7\u00e3o r\u00e1pida do conte\u00fado, reduzindo os riscos de erro e melhorando a organiza\u00e7\u00e3o. Dispon\u00edvel em lote de <strong>1 000 unidades<\/strong>, constitui uma solu\u00e7\u00e3o econ\u00f3mica para uma utiliza\u00e7\u00e3o regular e intensiva.  <\/p>\n<p data-start=\"1665\" data-end=\"1912\">Em resumo, o <strong>saco de recolha em bloco 10 microns 30 x 35 cm<\/strong> imp\u00f5e-se como um indispens\u00e1vel para todos os profissionais que procuram uma solu\u00e7\u00e3o pr\u00e1tica para a recolha e o acondicionamento de amostras.<\/p>\n<p data-start=\"1665\" data-end=\"1912\">\n<p><!--more--><\/p>\n<h4>Vantagens :<\/h4>\n<ul>\n<li data-start=\"1950\" data-end=\"2000\">Formato <strong>30 x 35 cm<\/strong> adequado para amostras leves.<\/li>\n<li data-start=\"2003\" data-end=\"2048\"><strong>Espessura 10 microns<\/strong>: este saco \u00e9 particularmente flex\u00edvel.<\/li>\n<li data-start=\"2051\" data-end=\"2101\">Apresenta\u00e7\u00e3o <strong>liass\u00e9e<\/strong> para uma utiliza\u00e7\u00e3o r\u00e1pida.<\/li>\n<li data-start=\"2104\" data-end=\"2159\">Transparente para uma identifica\u00e7\u00e3o f\u00e1cil do conte\u00fado.<\/li>\n<\/ul>\n<p>&nbsp;<\/p>\n<p><!--more--><\/p>\n<p><strong>Outras informa\u00e7\u00f5es :  <\/strong><\/p>\n<ul>\n<li><strong>Dimens\u00f5es<\/strong>: 30 x 35 cm<\/li>\n<li><strong>Material<\/strong>: PEAD<\/li>\n<li><strong>Embalagem<\/strong>: Pacote de 1000<\/li>\n<li><strong>Resist\u00eancia<\/strong>: 10 microns<\/li>\n<\/ul>\n<p>&nbsp;<\/p>\n<p><!--more--><\/p>\n<p>Dispon\u00edvel em diferentes tamanhos: <span style=\"color: #d62727;\"><a style=\"color: #d62727;\" href=\"https:\/\/www.csj-emballages.com\/produit\/1000-sacs-liasses-plastiques-10-microns-17-x-22-cm\/\">17&#215;22 cm<\/a> <\/span>\/ <span style=\"color: #d62727;\"><a style=\"color: #d62727;\" href=\"https:\/\/www.csj-emballages.com\/produit\/1000-sacs-liasses-plastiques-9-microns-23-x-31-cm\/\">23&#215;31 cm<\/a><\/span> \/ <span style=\"color: #d62727;\"><a style=\"color: #d62727;\" href=\"https:\/\/u15jnbdpoq.preview.infomaniak.website\/produit\/1000-sacs-liasses-plastiques-9-microns-35-x-50-cm\/\">35&#215;50 cm<\/a><\/span><\/p>\n<p>&nbsp;<\/p>\n<p><!--more--><\/p>\n<p><a href=\"https:\/\/u15jnbdpoq.preview.infomaniak.website\/categorie-produit\/emballages\/boucherie-traiteur-primeur\/sacs-et-sachets\/sacs-liasses-fond-de-caisse\/\">V\u00ea o resto da nossa gama de sacos de tecido<\/a><\/p>\n<\/div>\n<\/div>\n<\/div>\n<\/div>\n<\/div>\n<\/div>\n<\/div>\n<\/div>\n<\/div>\n<\/div>\n<\/div>\n","protected":false},"excerpt":{"rendered":"<p>Saco de recolha Descri\u00e7\u00e3o do nosso saco de recolha em bloco 10 microns 30 x 35 cm por 1000<\/p>\n","protected":false},"featured_media":263470,"template":"","meta":{"_acf_changed":false},"product_brand":[],"product_cat":[1176,2633,1482],"product_tag":[],"class_list":{"0":"post-23313","1":"product","2":"type-product","3":"status-publish","4":"has-post-thumbnail","6":"product_cat-talho-e-charcutaria","7":"product_cat-sacos-de-pacotes-caixa-flutuante","8":"product_cat-loja-e-armazem","10":"first","11":"instock","12":"taxable","13":"shipping-taxable","14":"purchasable","15":"product-type-simple"},"acf":[],"yoast_head":"<!-- This site is optimized with the Yoast SEO Premium plugin v26.6 (Yoast SEO v26.6) - https:\/\/yoast.com\/wordpress\/plugins\/seo\/ -->\n<title>Saco de Recolha em Bloco 10 Microns - 30 x 35 cm<\/title>\n<meta name=\"description\" content=\"Descubra o nosso saco de recolha agrupado de congela\u00e7\u00e3o e conserva\u00e7\u00e3o em pl\u00e1stico! DIM: 300 x 350 mm! Embalado em pacotes de 1000.\" \/>\n<meta name=\"robots\" content=\"index, follow, max-snippet:-1, max-image-preview:large, max-video-preview:-1\" \/>\n<link rel=\"canonical\" href=\"https:\/\/www.csj-emballages.com\/pt-pt\/produit\/1000-sacos-de-plastico-para-postigos-de-10-microns-30-x-35-cm\/\" \/>\n<meta property=\"og:locale\" content=\"pt_PT\" \/>\n<meta property=\"og:type\" content=\"article\" \/>\n<meta property=\"og:title\" content=\"Saco de recolha em bloco 10 microns 30 x 35 cm por 1000\" \/>\n<meta property=\"og:description\" content=\"Descubra o nosso saco de recolha agrupado de congela\u00e7\u00e3o e conserva\u00e7\u00e3o em pl\u00e1stico! DIM: 300 x 350 mm! Embalado em pacotes de 1000.\" \/>\n<meta property=\"og:url\" content=\"https:\/\/www.csj-emballages.com\/pt-pt\/produit\/1000-sacos-de-plastico-para-postigos-de-10-microns-30-x-35-cm\/\" \/>\n<meta property=\"og:site_name\" content=\"CSJ Emballages\" \/>\n<meta property=\"article:publisher\" content=\"https:\/\/www.facebook.com\/csjemballages\" \/>\n<meta property=\"article:modified_time\" content=\"2026-04-01T15:49:54+00:00\" \/>\n<meta property=\"og:image\" content=\"https:\/\/www.csj-emballages.com\/wp-content\/uploads\/2024\/03\/SCONG.webp\" \/>\n\t<meta property=\"og:image:width\" content=\"800\" \/>\n\t<meta property=\"og:image:height\" content=\"800\" \/>\n\t<meta property=\"og:image:type\" content=\"image\/webp\" \/>\n<meta name=\"twitter:card\" content=\"summary_large_image\" \/>\n<meta name=\"twitter:label1\" content=\"Tempo estimado de leitura\" \/>\n\t<meta name=\"twitter:data1\" content=\"2 minutos\" \/>\n<script type=\"application\/ld+json\" class=\"yoast-schema-graph\">{\"@context\":\"https:\/\/schema.org\",\"@graph\":[{\"@type\":\"WebPage\",\"@id\":\"https:\/\/www.csj-emballages.com\/pt-pt\/produit\/1000-sacos-de-plastico-para-postigos-de-10-microns-30-x-35-cm\/\",\"url\":\"https:\/\/www.csj-emballages.com\/pt-pt\/produit\/1000-sacos-de-plastico-para-postigos-de-10-microns-30-x-35-cm\/\",\"name\":\"Saco de Recolha em Bloco 10 Microns - 30 x 35 cm\",\"isPartOf\":{\"@id\":\"https:\/\/www.csj-emballages.com\/pt-pt\/#website\"},\"primaryImageOfPage\":{\"@id\":\"https:\/\/www.csj-emballages.com\/pt-pt\/produit\/1000-sacos-de-plastico-para-postigos-de-10-microns-30-x-35-cm\/#primaryimage\"},\"image\":{\"@id\":\"https:\/\/www.csj-emballages.com\/pt-pt\/produit\/1000-sacos-de-plastico-para-postigos-de-10-microns-30-x-35-cm\/#primaryimage\"},\"thumbnailUrl\":\"https:\/\/www.csj-emballages.com\/wp-content\/uploads\/2024\/03\/SCONG.webp\",\"datePublished\":\"2024-03-01T15:49:24+00:00\",\"dateModified\":\"2026-04-01T15:49:54+00:00\",\"description\":\"Descubra o nosso saco de recolha agrupado de congela\u00e7\u00e3o e conserva\u00e7\u00e3o em pl\u00e1stico! DIM: 300 x 350 mm! Embalado em pacotes de 1000.\",\"breadcrumb\":{\"@id\":\"https:\/\/www.csj-emballages.com\/pt-pt\/produit\/1000-sacos-de-plastico-para-postigos-de-10-microns-30-x-35-cm\/#breadcrumb\"},\"inLanguage\":\"pt-PT\",\"potentialAction\":[{\"@type\":\"ReadAction\",\"target\":[\"https:\/\/www.csj-emballages.com\/pt-pt\/produit\/1000-sacos-de-plastico-para-postigos-de-10-microns-30-x-35-cm\/\"]}]},{\"@type\":\"ImageObject\",\"inLanguage\":\"pt-PT\",\"@id\":\"https:\/\/www.csj-emballages.com\/pt-pt\/produit\/1000-sacos-de-plastico-para-postigos-de-10-microns-30-x-35-cm\/#primaryimage\",\"url\":\"https:\/\/www.csj-emballages.com\/wp-content\/uploads\/2024\/03\/SCONG.webp\",\"contentUrl\":\"https:\/\/www.csj-emballages.com\/wp-content\/uploads\/2024\/03\/SCONG.webp\",\"width\":800,\"height\":800,\"caption\":\"Sac de pr\u00e9l\u00e8vement\"},{\"@type\":\"BreadcrumbList\",\"@id\":\"https:\/\/www.csj-emballages.com\/pt-pt\/produit\/1000-sacos-de-plastico-para-postigos-de-10-microns-30-x-35-cm\/#breadcrumb\",\"itemListElement\":[{\"@type\":\"ListItem\",\"position\":1,\"name\":\"Acolhimento\",\"item\":\"https:\/\/www.csj-emballages.com\/pt-pt\/universo-das-embalagens-alimentares\/\"},{\"@type\":\"ListItem\",\"position\":2,\"name\":\"Shop\",\"item\":\"https:\/\/www.csj-emballages.com\/shop\/\"},{\"@type\":\"ListItem\",\"position\":3,\"name\":\"Saco de recolha em bloco 10 microns 30 x 35 cm por 1000\"}]},{\"@type\":\"WebSite\",\"@id\":\"https:\/\/www.csj-emballages.com\/pt-pt\/#website\",\"url\":\"https:\/\/www.csj-emballages.com\/pt-pt\/\",\"name\":\"CSJ Emballages\",\"description\":\"\",\"publisher\":{\"@id\":\"https:\/\/www.csj-emballages.com\/pt-pt\/#organization\"},\"potentialAction\":[{\"@type\":\"SearchAction\",\"target\":{\"@type\":\"EntryPoint\",\"urlTemplate\":\"https:\/\/www.csj-emballages.com\/pt-pt\/?s={search_term_string}\"},\"query-input\":{\"@type\":\"PropertyValueSpecification\",\"valueRequired\":true,\"valueName\":\"search_term_string\"}}],\"inLanguage\":\"pt-PT\"},{\"@type\":\"Organization\",\"@id\":\"https:\/\/www.csj-emballages.com\/pt-pt\/#Organization\/\",\"name\":\"CSJ Emballages\",\"url\":\"https:\/\/www.csj-emballages.com\/pt-pt\/\",\"logo\":{\"@type\":\"ImageObject\",\"inLanguage\":\"pt-PT\",\"@id\":\"https:\/\/www.csj-emballages.com\/pt-pt\/#\/schema\/logo\/image\/\",\"url\":\"https:\/\/www.csj-emballages.com\/wp-content\/uploads\/2023\/10\/logo_csj.webp\",\"contentUrl\":\"https:\/\/www.csj-emballages.com\/wp-content\/uploads\/2023\/10\/logo_csj.webp\",\"width\":250,\"height\":95,\"caption\":\"CSJ Emballages\"},\"image\":{\"@id\":\"https:\/\/www.csj-emballages.com\/pt-pt\/#\/schema\/logo\/image\/\"},\"sameAs\":[\"https:\/\/www.facebook.com\/csjemballages\"],\"address\":{\"@type\":\"PostalAddress\",\"streetAddress\":\"ZI La Lechere\",\"addressLocality\":\"Patornay\",\"postalCode\":\"39130\",\"addressCountry\":\"FR\"},\"contactPoint\":[{\"@type\":\"ContactPoint\",\"contactType\":\"Service client\",\"telephone\":\"0384254272\",\"email\":\"contact@csj-emballages.com\"}]}]}<\/script>\n<!-- \/ Yoast SEO Premium plugin. -->","yoast_head_json":{"title":"Saco de Recolha em Bloco 10 Microns - 30 x 35 cm","description":"Descubra o nosso saco de recolha agrupado de congela\u00e7\u00e3o e conserva\u00e7\u00e3o em pl\u00e1stico! DIM: 300 x 350 mm! Embalado em pacotes de 1000.","robots":{"index":"index","follow":"follow","max-snippet":"max-snippet:-1","max-image-preview":"max-image-preview:large","max-video-preview":"max-video-preview:-1"},"canonical":"https:\/\/www.csj-emballages.com\/pt-pt\/produit\/1000-sacos-de-plastico-para-postigos-de-10-microns-30-x-35-cm\/","og_locale":"pt_PT","og_type":"article","og_title":"Saco de recolha em bloco 10 microns 30 x 35 cm por 1000","og_description":"Descubra o nosso saco de recolha agrupado de congela\u00e7\u00e3o e conserva\u00e7\u00e3o em pl\u00e1stico! DIM: 300 x 350 mm! Embalado em pacotes de 1000.","og_url":"https:\/\/www.csj-emballages.com\/pt-pt\/produit\/1000-sacos-de-plastico-para-postigos-de-10-microns-30-x-35-cm\/","og_site_name":"CSJ Emballages","article_publisher":"https:\/\/www.facebook.com\/csjemballages","article_modified_time":"2026-04-01T15:49:54+00:00","og_image":[{"width":800,"height":800,"url":"https:\/\/www.csj-emballages.com\/wp-content\/uploads\/2024\/03\/SCONG.webp","type":"image\/webp"}],"twitter_card":"summary_large_image","twitter_misc":{"Tempo estimado de leitura":"2 minutos"},"schema":{"@context":"https:\/\/schema.org","@graph":[{"@type":"WebPage","@id":"https:\/\/www.csj-emballages.com\/pt-pt\/produit\/1000-sacos-de-plastico-para-postigos-de-10-microns-30-x-35-cm\/","url":"https:\/\/www.csj-emballages.com\/pt-pt\/produit\/1000-sacos-de-plastico-para-postigos-de-10-microns-30-x-35-cm\/","name":"Saco de Recolha em Bloco 10 Microns - 30 x 35 cm","isPartOf":{"@id":"https:\/\/www.csj-emballages.com\/pt-pt\/#website"},"primaryImageOfPage":{"@id":"https:\/\/www.csj-emballages.com\/pt-pt\/produit\/1000-sacos-de-plastico-para-postigos-de-10-microns-30-x-35-cm\/#primaryimage"},"image":{"@id":"https:\/\/www.csj-emballages.com\/pt-pt\/produit\/1000-sacos-de-plastico-para-postigos-de-10-microns-30-x-35-cm\/#primaryimage"},"thumbnailUrl":"https:\/\/www.csj-emballages.com\/wp-content\/uploads\/2024\/03\/SCONG.webp","datePublished":"2024-03-01T15:49:24+00:00","dateModified":"2026-04-01T15:49:54+00:00","description":"Descubra o nosso saco de recolha agrupado de congela\u00e7\u00e3o e conserva\u00e7\u00e3o em pl\u00e1stico! DIM: 300 x 350 mm! Embalado em pacotes de 1000.","breadcrumb":{"@id":"https:\/\/www.csj-emballages.com\/pt-pt\/produit\/1000-sacos-de-plastico-para-postigos-de-10-microns-30-x-35-cm\/#breadcrumb"},"inLanguage":"pt-PT","potentialAction":[{"@type":"ReadAction","target":["https:\/\/www.csj-emballages.com\/pt-pt\/produit\/1000-sacos-de-plastico-para-postigos-de-10-microns-30-x-35-cm\/"]}]},{"@type":"ImageObject","inLanguage":"pt-PT","@id":"https:\/\/www.csj-emballages.com\/pt-pt\/produit\/1000-sacos-de-plastico-para-postigos-de-10-microns-30-x-35-cm\/#primaryimage","url":"https:\/\/www.csj-emballages.com\/wp-content\/uploads\/2024\/03\/SCONG.webp","contentUrl":"https:\/\/www.csj-emballages.com\/wp-content\/uploads\/2024\/03\/SCONG.webp","width":800,"height":800,"caption":"Sac de pr\u00e9l\u00e8vement"},{"@type":"BreadcrumbList","@id":"https:\/\/www.csj-emballages.com\/pt-pt\/produit\/1000-sacos-de-plastico-para-postigos-de-10-microns-30-x-35-cm\/#breadcrumb","itemListElement":[{"@type":"ListItem","position":1,"name":"Acolhimento","item":"https:\/\/www.csj-emballages.com\/pt-pt\/universo-das-embalagens-alimentares\/"},{"@type":"ListItem","position":2,"name":"Shop","item":"https:\/\/www.csj-emballages.com\/shop\/"},{"@type":"ListItem","position":3,"name":"Saco de recolha em bloco 10 microns 30 x 35 cm por 1000"}]},{"@type":"WebSite","@id":"https:\/\/www.csj-emballages.com\/pt-pt\/#website","url":"https:\/\/www.csj-emballages.com\/pt-pt\/","name":"CSJ Emballages","description":"","publisher":{"@id":"https:\/\/www.csj-emballages.com\/pt-pt\/#organization"},"potentialAction":[{"@type":"SearchAction","target":{"@type":"EntryPoint","urlTemplate":"https:\/\/www.csj-emballages.com\/pt-pt\/?s={search_term_string}"},"query-input":{"@type":"PropertyValueSpecification","valueRequired":true,"valueName":"search_term_string"}}],"inLanguage":"pt-PT"},{"@type":"Organization","@id":"https:\/\/www.csj-emballages.com\/pt-pt\/#Organization\/","name":"CSJ Emballages","url":"https:\/\/www.csj-emballages.com\/pt-pt\/","logo":{"@type":"ImageObject","inLanguage":"pt-PT","@id":"https:\/\/www.csj-emballages.com\/pt-pt\/#\/schema\/logo\/image\/","url":"https:\/\/www.csj-emballages.com\/wp-content\/uploads\/2023\/10\/logo_csj.webp","contentUrl":"https:\/\/www.csj-emballages.com\/wp-content\/uploads\/2023\/10\/logo_csj.webp","width":250,"height":95,"caption":"CSJ Emballages"},"image":{"@id":"https:\/\/www.csj-emballages.com\/pt-pt\/#\/schema\/logo\/image\/"},"sameAs":["https:\/\/www.facebook.com\/csjemballages"],"address":{"@type":"PostalAddress","streetAddress":"ZI La Lechere","addressLocality":"Patornay","postalCode":"39130","addressCountry":"FR"},"contactPoint":[{"@type":"ContactPoint","contactType":"Service client","telephone":"0384254272","email":"contact@csj-emballages.com"}]}]}},"df_price":10.42,"df_sale_price":"","df_regular_price":10.42,"df_image_link":"https:\/\/www.csj-emballages.com\/wp-content\/uploads\/2024\/03\/SCONG-300x300.webp","tiered_pricing_type":"fixed","tiered_pricing_fixed_rules":[],"tiered_pricing_percentage_rules":[],"tiered_pricing_minimum":1,"tiered_pricing_roles_data":[],"_links":{"self":[{"href":"https:\/\/www.csj-emballages.com\/pt-pt\/wp-json\/wp\/v2\/product\/23313","targetHints":{"allow":["GET"]}}],"collection":[{"href":"https:\/\/www.csj-emballages.com\/pt-pt\/wp-json\/wp\/v2\/product"}],"about":[{"href":"https:\/\/www.csj-emballages.com\/pt-pt\/wp-json\/wp\/v2\/types\/product"}],"wp:featuredmedia":[{"embeddable":true,"href":"https:\/\/www.csj-emballages.com\/pt-pt\/wp-json\/wp\/v2\/media\/263470"}],"wp:attachment":[{"href":"https:\/\/www.csj-emballages.com\/pt-pt\/wp-json\/wp\/v2\/media?parent=23313"}],"wp:term":[{"taxonomy":"product_brand","embeddable":true,"href":"https:\/\/www.csj-emballages.com\/pt-pt\/wp-json\/wp\/v2\/product_brand?post=23313"},{"taxonomy":"product_cat","embeddable":true,"href":"https:\/\/www.csj-emballages.com\/pt-pt\/wp-json\/wp\/v2\/product_cat?post=23313"},{"taxonomy":"product_tag","embeddable":true,"href":"https:\/\/www.csj-emballages.com\/pt-pt\/wp-json\/wp\/v2\/product_tag?post=23313"}],"curies":[{"name":"wp","href":"https:\/\/api.w.org\/{rel}","templated":true}]}}