{"id":233096,"date":"2025-04-30T08:25:03","date_gmt":"2025-04-30T06:25:03","guid":{"rendered":"https:\/\/www.csj-emballages.com\/produit\/spray-de-ambiente-750ml\/"},"modified":"2026-04-17T02:10:22","modified_gmt":"2026-04-17T00:10:22","slug":"spray-de-ambiente-750ml","status":"publish","type":"product","link":"https:\/\/www.csj-emballages.com\/pt-pt\/produit\/spray-de-ambiente-750ml\/","title":{"rendered":"Ambientador com fragr\u00e2ncia ambiente 750ml"},"content":{"rendered":"<h2 class=\"p1\">Spray ambientador<\/h2>\n<hr>\n<h3>Descri\u00e7\u00e3o do nosso spray ambientador 750ml<\/h3>\n<p><!--more--><\/p>\n<p class=\"\" data-start=\"286\" data-end=\"670\">D\u00ea aos seus espa\u00e7os uma verdadeira assinatura olfactiva com este <strong data-start=\"349\" data-end=\"383\">spray ambientador de 750 ml<\/strong>, concebido para quem deseja criar um ambiente acolhedor, elegante ou simplesmente agrad\u00e1vel. Quer se trate de um <strong data-start=\"509\" data-end=\"589\">restaurante, de um escrit\u00f3rio, de uma sala de espera, de uma loja ou mesmo em casa<\/strong>, este <strong>spray<\/strong> d\u00e1 vida instantaneamente ao seu interior com um simples aperto. Formulado para se dispersar r\u00e1pida e uniformemente, neutraliza os odores desagrad\u00e1veis, depositando uma fragr\u00e2ncia refinada e duradoura. N\u00e3o se limita a disfar\u00e7ar os odores, mas <g id=\"gid_3\">transforma a atmosfera de<\/g> uma divis\u00e3o numa quest\u00e3o de segundos. A sua generosa capacidade <strong>de 750 ml<\/strong> torna-o ideal tanto para uso profissional como dom\u00e9stico.    <\/p>\n<p class=\"\" data-start=\"1030\" data-end=\"1333\">Simples de utilizar, basta pulverizar algumas vezes para cima na divis\u00e3o para sentir os efeitos imediatamente. N\u00e3o h\u00e1 necessidade de um aerossol pressurizado: a pulveriza\u00e7\u00e3o \u00e9 manual e controlada, o que significa que pode gerir melhor a dosagem e utiliz\u00e1-la de uma forma mais ecol\u00f3gica. <\/p>\n<p class=\"\" data-start=\"1335\" data-end=\"1595\">Este <strong data-start=\"349\" data-end=\"383\">spray ambientador<\/strong> vai agradar aos seus clientes, funcion\u00e1rios e convidados. Uma vez que o sentido do olfato \u00e9 frequentemente o primeiro a ser invocado, \u00e9 essencial cuidar da identidade olfactiva do seu ambiente. <\/p>\n<p data-start=\"1335\" data-end=\"1595\">\n<p class=\"\" data-start=\"1302\" data-end=\"1517\"><!--more--><\/p>\n<p><strong>As suas vantagens:<\/strong><\/p>\n<ul>\n<li>Capacidade generosa (750 ml) para uma utiliza\u00e7\u00e3o duradoura.<\/li>\n<li>Neutraliza eficazmente os odores desagrad\u00e1veis.<\/li>\n<li>Liberta\u00e7\u00e3o imediata e uniforme da fragr\u00e2ncia.<\/li>\n<li>Ideal para profissionais e clientes particulares.<\/li>\n<li>Pulveriza\u00e7\u00e3o manual: sem propulsor, mais amigo do ambiente.<\/li>\n<\/ul>\n<p>&nbsp;<\/p>\n<p><!--more--><\/p>\n<p><strong>Outras informa\u00e7\u00f5es :  <\/strong><\/p>\n<ul>\n<li><strong>Embalagem<\/strong>: Por unidade<\/li>\n<li><strong>Volume <\/strong>: 750 ml<\/li>\n<li>pH NA<\/li>\n<\/ul>\n<p>&nbsp;<\/p>\n<p><!--more--><\/p>\n<p>Descubra tamb\u00e9m o nosso aerossol ambientador com aroma a lim\u00e3o: <span style=\"color: #d12727\"><a style=\"color: #d12727\" href=\"https:\/\/www.csj-emballages.com\/es\/produit\/ambientador-fragancia-limon-aerosol-750-ml\/\">2249750<\/a><\/span><\/p>\n<p>&nbsp;<\/p>\n<p><!--more--><\/p>\n<p><a href=\"https:\/\/www.csj-emballages.com\/pt-pt\/categorie-produit\/higiene-e-manutencao\/produtos-de-limpeza\/sanitario\/\">Ver o resto da nossa gama de produtos de limpeza sanit\u00e1ria<\/a><\/p>\n","protected":false},"excerpt":{"rendered":"<p>Spray ambientador Descri\u00e7\u00e3o do nosso spray ambientador 750ml<\/p>\n","protected":false},"featured_media":233092,"template":"","meta":{"_acf_changed":false},"product_brand":[],"product_cat":[1141,1222,1223,9726,1348,1286],"product_tag":[],"class_list":{"0":"post-233096","1":"product","2":"type-product","3":"status-publish","4":"has-post-thumbnail","6":"product_cat-embalagem-de-alimentos","7":"product_cat-higiene-e-manutencao","8":"product_cat-produtos-de-limpeza","9":"product_cat-ambientadores-perfumes-pt-pt-3","10":"product_cat-cozinha","11":"product_cat-sanitario","13":"first","14":"instock","15":"taxable","16":"shipping-taxable","17":"purchasable","18":"product-type-simple"},"acf":[],"yoast_head":"<!-- This site is optimized with the Yoast SEO Premium plugin v26.6 (Yoast SEO v26.6) - https:\/\/yoast.com\/wordpress\/plugins\/seo\/ -->\n<title>Ambientador em spray 750ml<\/title>\n<meta name=\"description\" content=\"Spray ambientador de 750 ml: Proporciona uma fragr\u00e2ncia de longa dura\u00e7\u00e3o e neutraliza os odores desagrad\u00e1veis.\" \/>\n<meta name=\"robots\" content=\"index, follow, max-snippet:-1, max-image-preview:large, max-video-preview:-1\" \/>\n<link rel=\"canonical\" href=\"https:\/\/www.csj-emballages.com\/pt-pt\/produit\/spray-de-ambiente-750ml\/\" \/>\n<meta property=\"og:locale\" content=\"pt_PT\" \/>\n<meta property=\"og:type\" content=\"article\" \/>\n<meta property=\"og:title\" content=\"Ambientador com fragr\u00e2ncia ambiente 750ml\" \/>\n<meta property=\"og:description\" content=\"Spray ambientador de 750 ml: Proporciona uma fragr\u00e2ncia de longa dura\u00e7\u00e3o e neutraliza os odores desagrad\u00e1veis.\" \/>\n<meta property=\"og:url\" content=\"https:\/\/www.csj-emballages.com\/pt-pt\/produit\/spray-de-ambiente-750ml\/\" \/>\n<meta property=\"og:site_name\" content=\"CSJ Emballages\" \/>\n<meta property=\"article:publisher\" content=\"https:\/\/www.facebook.com\/csjemballages\" \/>\n<meta property=\"article:modified_time\" content=\"2026-04-17T00:10:22+00:00\" \/>\n<meta property=\"og:image\" content=\"https:\/\/www.csj-emballages.com\/wp-content\/uploads\/2025\/04\/spray-parfum-ambiance.webp\" \/>\n\t<meta property=\"og:image:width\" content=\"800\" \/>\n\t<meta property=\"og:image:height\" content=\"800\" \/>\n\t<meta property=\"og:image:type\" content=\"image\/webp\" \/>\n<meta name=\"twitter:card\" content=\"summary_large_image\" \/>\n<meta name=\"twitter:label1\" content=\"Tempo estimado de leitura\" \/>\n\t<meta name=\"twitter:data1\" content=\"1 minuto\" \/>\n<script type=\"application\/ld+json\" class=\"yoast-schema-graph\">{\"@context\":\"https:\/\/schema.org\",\"@graph\":[{\"@type\":\"WebPage\",\"@id\":\"https:\/\/www.csj-emballages.com\/pt-pt\/produit\/spray-de-ambiente-750ml\/\",\"url\":\"https:\/\/www.csj-emballages.com\/pt-pt\/produit\/spray-de-ambiente-750ml\/\",\"name\":\"Ambientador em spray 750ml\",\"isPartOf\":{\"@id\":\"https:\/\/www.csj-emballages.com\/pt-pt\/#website\"},\"primaryImageOfPage\":{\"@id\":\"https:\/\/www.csj-emballages.com\/pt-pt\/produit\/spray-de-ambiente-750ml\/#primaryimage\"},\"image\":{\"@id\":\"https:\/\/www.csj-emballages.com\/pt-pt\/produit\/spray-de-ambiente-750ml\/#primaryimage\"},\"thumbnailUrl\":\"https:\/\/www.csj-emballages.com\/wp-content\/uploads\/2025\/04\/spray-parfum-ambiance.webp\",\"datePublished\":\"2025-04-30T06:25:03+00:00\",\"dateModified\":\"2026-04-17T00:10:22+00:00\",\"description\":\"Spray ambientador de 750 ml: Proporciona uma fragr\u00e2ncia de longa dura\u00e7\u00e3o e neutraliza os odores desagrad\u00e1veis.\",\"breadcrumb\":{\"@id\":\"https:\/\/www.csj-emballages.com\/pt-pt\/produit\/spray-de-ambiente-750ml\/#breadcrumb\"},\"inLanguage\":\"pt-PT\",\"potentialAction\":[{\"@type\":\"ReadAction\",\"target\":[\"https:\/\/www.csj-emballages.com\/pt-pt\/produit\/spray-de-ambiente-750ml\/\"]}]},{\"@type\":\"ImageObject\",\"inLanguage\":\"pt-PT\",\"@id\":\"https:\/\/www.csj-emballages.com\/pt-pt\/produit\/spray-de-ambiente-750ml\/#primaryimage\",\"url\":\"https:\/\/www.csj-emballages.com\/wp-content\/uploads\/2025\/04\/spray-parfum-ambiance.webp\",\"contentUrl\":\"https:\/\/www.csj-emballages.com\/wp-content\/uploads\/2025\/04\/spray-parfum-ambiance.webp\",\"width\":800,\"height\":800,\"caption\":\"spray d\u00e9sodorisant\"},{\"@type\":\"BreadcrumbList\",\"@id\":\"https:\/\/www.csj-emballages.com\/pt-pt\/produit\/spray-de-ambiente-750ml\/#breadcrumb\",\"itemListElement\":[{\"@type\":\"ListItem\",\"position\":1,\"name\":\"Acolhimento\",\"item\":\"https:\/\/www.csj-emballages.com\/pt-pt\/universo-das-embalagens-alimentares\/\"},{\"@type\":\"ListItem\",\"position\":2,\"name\":\"Shop\",\"item\":\"https:\/\/www.csj-emballages.com\/shop\/\"},{\"@type\":\"ListItem\",\"position\":3,\"name\":\"Ambientador com fragr\u00e2ncia ambiente 750ml\"}]},{\"@type\":\"WebSite\",\"@id\":\"https:\/\/www.csj-emballages.com\/pt-pt\/#website\",\"url\":\"https:\/\/www.csj-emballages.com\/pt-pt\/\",\"name\":\"CSJ Emballages\",\"description\":\"\",\"publisher\":{\"@id\":\"https:\/\/www.csj-emballages.com\/pt-pt\/#organization\"},\"potentialAction\":[{\"@type\":\"SearchAction\",\"target\":{\"@type\":\"EntryPoint\",\"urlTemplate\":\"https:\/\/www.csj-emballages.com\/pt-pt\/?s={search_term_string}\"},\"query-input\":{\"@type\":\"PropertyValueSpecification\",\"valueRequired\":true,\"valueName\":\"search_term_string\"}}],\"inLanguage\":\"pt-PT\"},{\"@type\":\"Organization\",\"@id\":\"https:\/\/www.csj-emballages.com\/pt-pt\/#Organization\/\",\"name\":\"CSJ Emballages\",\"url\":\"https:\/\/www.csj-emballages.com\/pt-pt\/\",\"logo\":{\"@type\":\"ImageObject\",\"inLanguage\":\"pt-PT\",\"@id\":\"https:\/\/www.csj-emballages.com\/pt-pt\/#\/schema\/logo\/image\/\",\"url\":\"https:\/\/www.csj-emballages.com\/wp-content\/uploads\/2023\/10\/logo_csj.webp\",\"contentUrl\":\"https:\/\/www.csj-emballages.com\/wp-content\/uploads\/2023\/10\/logo_csj.webp\",\"width\":250,\"height\":95,\"caption\":\"CSJ Emballages\"},\"image\":{\"@id\":\"https:\/\/www.csj-emballages.com\/pt-pt\/#\/schema\/logo\/image\/\"},\"sameAs\":[\"https:\/\/www.facebook.com\/csjemballages\"],\"address\":{\"@type\":\"PostalAddress\",\"streetAddress\":\"ZI La Lechere\",\"addressLocality\":\"Patornay\",\"postalCode\":\"39130\",\"addressCountry\":\"FR\"},\"contactPoint\":[{\"@type\":\"ContactPoint\",\"contactType\":\"Service client\",\"telephone\":\"0384254272\",\"email\":\"contact@csj-emballages.com\"}]}]}<\/script>\n<!-- \/ Yoast SEO Premium plugin. -->","yoast_head_json":{"title":"Ambientador em spray 750ml","description":"Spray ambientador de 750 ml: Proporciona uma fragr\u00e2ncia de longa dura\u00e7\u00e3o e neutraliza os odores desagrad\u00e1veis.","robots":{"index":"index","follow":"follow","max-snippet":"max-snippet:-1","max-image-preview":"max-image-preview:large","max-video-preview":"max-video-preview:-1"},"canonical":"https:\/\/www.csj-emballages.com\/pt-pt\/produit\/spray-de-ambiente-750ml\/","og_locale":"pt_PT","og_type":"article","og_title":"Ambientador com fragr\u00e2ncia ambiente 750ml","og_description":"Spray ambientador de 750 ml: Proporciona uma fragr\u00e2ncia de longa dura\u00e7\u00e3o e neutraliza os odores desagrad\u00e1veis.","og_url":"https:\/\/www.csj-emballages.com\/pt-pt\/produit\/spray-de-ambiente-750ml\/","og_site_name":"CSJ Emballages","article_publisher":"https:\/\/www.facebook.com\/csjemballages","article_modified_time":"2026-04-17T00:10:22+00:00","og_image":[{"width":800,"height":800,"url":"https:\/\/www.csj-emballages.com\/wp-content\/uploads\/2025\/04\/spray-parfum-ambiance.webp","type":"image\/webp"}],"twitter_card":"summary_large_image","twitter_misc":{"Tempo estimado de leitura":"1 minuto"},"schema":{"@context":"https:\/\/schema.org","@graph":[{"@type":"WebPage","@id":"https:\/\/www.csj-emballages.com\/pt-pt\/produit\/spray-de-ambiente-750ml\/","url":"https:\/\/www.csj-emballages.com\/pt-pt\/produit\/spray-de-ambiente-750ml\/","name":"Ambientador em spray 750ml","isPartOf":{"@id":"https:\/\/www.csj-emballages.com\/pt-pt\/#website"},"primaryImageOfPage":{"@id":"https:\/\/www.csj-emballages.com\/pt-pt\/produit\/spray-de-ambiente-750ml\/#primaryimage"},"image":{"@id":"https:\/\/www.csj-emballages.com\/pt-pt\/produit\/spray-de-ambiente-750ml\/#primaryimage"},"thumbnailUrl":"https:\/\/www.csj-emballages.com\/wp-content\/uploads\/2025\/04\/spray-parfum-ambiance.webp","datePublished":"2025-04-30T06:25:03+00:00","dateModified":"2026-04-17T00:10:22+00:00","description":"Spray ambientador de 750 ml: Proporciona uma fragr\u00e2ncia de longa dura\u00e7\u00e3o e neutraliza os odores desagrad\u00e1veis.","breadcrumb":{"@id":"https:\/\/www.csj-emballages.com\/pt-pt\/produit\/spray-de-ambiente-750ml\/#breadcrumb"},"inLanguage":"pt-PT","potentialAction":[{"@type":"ReadAction","target":["https:\/\/www.csj-emballages.com\/pt-pt\/produit\/spray-de-ambiente-750ml\/"]}]},{"@type":"ImageObject","inLanguage":"pt-PT","@id":"https:\/\/www.csj-emballages.com\/pt-pt\/produit\/spray-de-ambiente-750ml\/#primaryimage","url":"https:\/\/www.csj-emballages.com\/wp-content\/uploads\/2025\/04\/spray-parfum-ambiance.webp","contentUrl":"https:\/\/www.csj-emballages.com\/wp-content\/uploads\/2025\/04\/spray-parfum-ambiance.webp","width":800,"height":800,"caption":"spray d\u00e9sodorisant"},{"@type":"BreadcrumbList","@id":"https:\/\/www.csj-emballages.com\/pt-pt\/produit\/spray-de-ambiente-750ml\/#breadcrumb","itemListElement":[{"@type":"ListItem","position":1,"name":"Acolhimento","item":"https:\/\/www.csj-emballages.com\/pt-pt\/universo-das-embalagens-alimentares\/"},{"@type":"ListItem","position":2,"name":"Shop","item":"https:\/\/www.csj-emballages.com\/shop\/"},{"@type":"ListItem","position":3,"name":"Ambientador com fragr\u00e2ncia ambiente 750ml"}]},{"@type":"WebSite","@id":"https:\/\/www.csj-emballages.com\/pt-pt\/#website","url":"https:\/\/www.csj-emballages.com\/pt-pt\/","name":"CSJ Emballages","description":"","publisher":{"@id":"https:\/\/www.csj-emballages.com\/pt-pt\/#organization"},"potentialAction":[{"@type":"SearchAction","target":{"@type":"EntryPoint","urlTemplate":"https:\/\/www.csj-emballages.com\/pt-pt\/?s={search_term_string}"},"query-input":{"@type":"PropertyValueSpecification","valueRequired":true,"valueName":"search_term_string"}}],"inLanguage":"pt-PT"},{"@type":"Organization","@id":"https:\/\/www.csj-emballages.com\/pt-pt\/#Organization\/","name":"CSJ Emballages","url":"https:\/\/www.csj-emballages.com\/pt-pt\/","logo":{"@type":"ImageObject","inLanguage":"pt-PT","@id":"https:\/\/www.csj-emballages.com\/pt-pt\/#\/schema\/logo\/image\/","url":"https:\/\/www.csj-emballages.com\/wp-content\/uploads\/2023\/10\/logo_csj.webp","contentUrl":"https:\/\/www.csj-emballages.com\/wp-content\/uploads\/2023\/10\/logo_csj.webp","width":250,"height":95,"caption":"CSJ Emballages"},"image":{"@id":"https:\/\/www.csj-emballages.com\/pt-pt\/#\/schema\/logo\/image\/"},"sameAs":["https:\/\/www.facebook.com\/csjemballages"],"address":{"@type":"PostalAddress","streetAddress":"ZI La Lechere","addressLocality":"Patornay","postalCode":"39130","addressCountry":"FR"},"contactPoint":[{"@type":"ContactPoint","contactType":"Service client","telephone":"0384254272","email":"contact@csj-emballages.com"}]}]}},"df_price":3.18,"df_sale_price":"","df_regular_price":3.18,"df_image_link":"https:\/\/www.csj-emballages.com\/wp-content\/uploads\/2025\/04\/spray-parfum-ambiance-300x300.webp","tiered_pricing_type":"fixed","tiered_pricing_fixed_rules":[],"tiered_pricing_percentage_rules":[],"tiered_pricing_minimum":1,"tiered_pricing_roles_data":[],"_links":{"self":[{"href":"https:\/\/www.csj-emballages.com\/pt-pt\/wp-json\/wp\/v2\/product\/233096","targetHints":{"allow":["GET"]}}],"collection":[{"href":"https:\/\/www.csj-emballages.com\/pt-pt\/wp-json\/wp\/v2\/product"}],"about":[{"href":"https:\/\/www.csj-emballages.com\/pt-pt\/wp-json\/wp\/v2\/types\/product"}],"wp:featuredmedia":[{"embeddable":true,"href":"https:\/\/www.csj-emballages.com\/pt-pt\/wp-json\/wp\/v2\/media\/233092"}],"wp:attachment":[{"href":"https:\/\/www.csj-emballages.com\/pt-pt\/wp-json\/wp\/v2\/media?parent=233096"}],"wp:term":[{"taxonomy":"product_brand","embeddable":true,"href":"https:\/\/www.csj-emballages.com\/pt-pt\/wp-json\/wp\/v2\/product_brand?post=233096"},{"taxonomy":"product_cat","embeddable":true,"href":"https:\/\/www.csj-emballages.com\/pt-pt\/wp-json\/wp\/v2\/product_cat?post=233096"},{"taxonomy":"product_tag","embeddable":true,"href":"https:\/\/www.csj-emballages.com\/pt-pt\/wp-json\/wp\/v2\/product_tag?post=233096"}],"curies":[{"name":"wp","href":"https:\/\/api.w.org\/{rel}","templated":true}]}}