{"id":233081,"date":"2025-05-14T11:38:31","date_gmt":"2025-05-14T09:38:31","guid":{"rendered":"https:\/\/www.csj-emballages.com\/produit\/caixa-de-catering-retangular-de-cartao-branco-60-x-40-x-6-cm-embalagem-de-25\/"},"modified":"2026-04-27T02:10:55","modified_gmt":"2026-04-27T00:10:55","slug":"caixa-de-catering-retangular-de-cartao-branco-60-x-40-x-6-cm-embalagem-de-25","status":"publish","type":"product","link":"https:\/\/www.csj-emballages.com\/pt-pt\/produit\/caixa-de-catering-retangular-de-cartao-branco-60-x-40-x-6-cm-embalagem-de-25\/","title":{"rendered":"Caixa de catering retangular de cart\u00e3o branco 60 x 40 x 6 cm, embalagem de 25"},"content":{"rendered":"<h2>Caixa de catering<\/h2>\n<hr>\n<h3>Descri\u00e7\u00e3o da nossa caixa de catering retangular branca 60 x 40 x 6 cm, embalagem de 25<\/h3>\n<p><!--more--><\/p>\n<p class=\"\" data-start=\"238\" data-end=\"614\">Quer seja um pasteleiro profissional, um padeiro, um fornecedor de catering ou um organizador de eventos, esta <strong data-start=\"331\" data-end=\"369\">caixa de catering em cart\u00e3o branco<\/strong> \u00e9 exatamente o que precisa. Com as suas dimens\u00f5es generosas de <strong data-start=\"425\" data-end=\"443\">60 x 40 x 6 cm<\/strong>, \u00e9 ideal para transportar ou apresentar objectos grandes, como bolos de anivers\u00e1rio, entremets, toros, tartes ou pastelaria variada. <\/p>\n<p class=\"\" data-start=\"616\" data-end=\"971\">Fabricado em <strong>cart\u00e3o<\/strong> r\u00edgido de qualidade alimentar, garante que os seus pratos se mant\u00eam no lugar durante o transporte. O seu acabamento <strong>branco<\/strong>, s\u00f3brio mas elegante, permite-lhe mostrar as suas cria\u00e7\u00f5es sem desviar a aten\u00e7\u00e3o. Pode tamb\u00e9m personaliz\u00e1-lo com um autocolante com o seu log\u00f3tipo para refor\u00e7ar a sua imagem de marca.  <\/p>\n<p class=\"\" data-start=\"973\" data-end=\"1250\">A sua montagem \u00e9 r\u00e1pida e f\u00e1cil, o que permite poupar tempo no laborat\u00f3rio ou na cozinha. Esta <strong>caixa de charcutaria<\/strong> \u00e9 fornecida em embalagens de <strong>25<\/strong> unidades, o que a torna uma escolha econ\u00f3mica para os profissionais que necessitam de grandes quantidades sem comprometer a qualidade. <\/p>\n<p class=\"\" data-start=\"1252\" data-end=\"1524\">O seu formato plano<strong>(6 cm de altura<\/strong>) tamb\u00e9m \u00e9 pr\u00e1tico para sobremesas finas ou produtos que n\u00e3o ocupam muito espa\u00e7o, evitando que se desloquem ou sejam esmagados durante a entrega.<br data-start=\"1429\" data-end=\"1432\">Em suma, \u00e9 a solu\u00e7\u00e3o ideal para entregar a sua pastelaria com eleg\u00e2ncia, higiene e seguran\u00e7a.<\/p>\n<p class=\"\" data-start=\"1302\" data-end=\"1517\"><!--more--><\/p>\n<p><strong>As suas vantagens:<\/strong><\/p>\n<ul>\n<li>Formato grande ideal para artigos de pastelaria grandes.<\/li>\n<li>Cart\u00e3o r\u00edgido: excelente suporte durante o transporte.<\/li>\n<li>Acabamento elegante em branco, f\u00e1cil de personalizar.<\/li>\n<li>Montagem r\u00e1pida e pr\u00e1tica.<\/li>\n<li>Esta caixa de catering \u00e9 vendida em embalagens de 25 unidades para utiliza\u00e7\u00e3o profissional.<\/li>\n<\/ul>\n<p>&nbsp;<\/p>\n<p><!--more--><\/p>\n<p><strong>Outras informa\u00e7\u00f5es :  <\/strong><\/p>\n<ul>\n<li><strong>Embalagem<\/strong>: Pacote de 25<\/li>\n<li><strong>Dimens\u00f5es<\/strong>: 60 x 40 x 6 cm<\/li>\n<li><strong>Material<\/strong>: Cart\u00e3o<\/li>\n<li><strong>Cor<\/strong>: Branco<\/li>\n<\/ul>\n<p>&nbsp;<\/p>\n<p><!--more--><\/p>\n<p>Encontre aqui a placa dourada compat\u00edvel com esta caixa de catering : <span style=\"color: #d12727;\"><a style=\"color: #d12727;\" href=\"https:\/\/www.csj-emballages.com\/produit\/25-plaques-or-40-x-60-cm\/\">PLAQOR6040<\/a><\/span><\/p>\n<p>&nbsp;<\/p>\n<p><!--more--><\/p>\n<p><a href=\"https:\/\/www.csj-emballages.com\/pt-pt\/categorie-produit\/embalagem-de-alimentos\/talho-e-charcutaria\/tabuleiros-latas-e-frascos\/caixas-de-catering-almocos\/\">V\u00ea o resto da nossa gama de caixas de catering<\/a><\/p>\n","protected":false},"excerpt":{"rendered":"<p>Caixa de catering Descri\u00e7\u00e3o da nossa caixa de catering retangular branca 60 x 40 x 6 cm, embalagem de 25<\/p>\n","protected":false},"featured_media":233042,"template":"","meta":{"_acf_changed":false},"product_brand":[],"product_cat":[1141,1176,2289,1174,1177,3916,1258,3107],"product_tag":[],"class_list":{"0":"post-233081","1":"product","2":"type-product","3":"status-publish","4":"has-post-thumbnail","6":"product_cat-embalagem-de-alimentos","7":"product_cat-talho-e-charcutaria","8":"product_cat-tabuleiros-latas-e-frascos","9":"product_cat-caixas-de-catering-almocos","10":"product_cat-padaria-e-pastelaria","11":"product_cat-caixas-e-estojos","12":"product_cat-caixas-de-pastelaria","13":"product_cat-latas-de-sobremesa","15":"first","16":"instock","17":"taxable","18":"shipping-taxable","19":"purchasable","20":"product-type-simple"},"acf":[],"yoast_head":"<!-- This site is optimized with the Yoast SEO Premium plugin v26.6 (Yoast SEO v26.6) - https:\/\/yoast.com\/wordpress\/plugins\/seo\/ -->\n<title>Caixa de cart\u00e3o retangular branca para catering 60 x 40 x 6 cm x 25<\/title>\n<meta name=\"description\" content=\"Caixa de catering de cart\u00e3o r\u00edgido branco 60x40x6 cm, embalagem de 25, ideal para transportar bolos, tartes e sobremesas com toda a seguran\u00e7a.\" \/>\n<meta name=\"robots\" content=\"index, follow, max-snippet:-1, max-image-preview:large, max-video-preview:-1\" \/>\n<link rel=\"canonical\" href=\"https:\/\/www.csj-emballages.com\/pt-pt\/produit\/caixa-de-catering-retangular-de-cartao-branco-60-x-40-x-6-cm-embalagem-de-25\/\" \/>\n<meta property=\"og:locale\" content=\"pt_PT\" \/>\n<meta property=\"og:type\" content=\"article\" \/>\n<meta property=\"og:title\" content=\"Caixa de catering retangular de cart\u00e3o branco 60 x 40 x 6 cm, embalagem de 25\" \/>\n<meta property=\"og:description\" content=\"Caixa de catering de cart\u00e3o r\u00edgido branco 60x40x6 cm, embalagem de 25, ideal para transportar bolos, tartes e sobremesas com toda a seguran\u00e7a.\" \/>\n<meta property=\"og:url\" content=\"https:\/\/www.csj-emballages.com\/pt-pt\/produit\/caixa-de-catering-retangular-de-cartao-branco-60-x-40-x-6-cm-embalagem-de-25\/\" \/>\n<meta property=\"og:site_name\" content=\"CSJ Emballages\" \/>\n<meta property=\"article:publisher\" content=\"https:\/\/www.facebook.com\/csjemballages\" \/>\n<meta property=\"article:modified_time\" content=\"2026-04-27T00:10:55+00:00\" \/>\n<meta property=\"og:image\" content=\"https:\/\/www.csj-emballages.com\/wp-content\/uploads\/2025\/03\/Boite-traiteur.webp\" \/>\n\t<meta property=\"og:image:width\" content=\"800\" \/>\n\t<meta property=\"og:image:height\" content=\"800\" \/>\n\t<meta property=\"og:image:type\" content=\"image\/webp\" \/>\n<meta name=\"twitter:card\" content=\"summary_large_image\" \/>\n<meta name=\"twitter:label1\" content=\"Tempo estimado de leitura\" \/>\n\t<meta name=\"twitter:data1\" content=\"2 minutos\" \/>\n<script type=\"application\/ld+json\" class=\"yoast-schema-graph\">{\"@context\":\"https:\/\/schema.org\",\"@graph\":[{\"@type\":\"WebPage\",\"@id\":\"https:\/\/www.csj-emballages.com\/pt-pt\/produit\/caixa-de-catering-retangular-de-cartao-branco-60-x-40-x-6-cm-embalagem-de-25\/\",\"url\":\"https:\/\/www.csj-emballages.com\/pt-pt\/produit\/caixa-de-catering-retangular-de-cartao-branco-60-x-40-x-6-cm-embalagem-de-25\/\",\"name\":\"Caixa de cart\u00e3o retangular branca para catering 60 x 40 x 6 cm x 25\",\"isPartOf\":{\"@id\":\"https:\/\/www.csj-emballages.com\/pt-pt\/#website\"},\"primaryImageOfPage\":{\"@id\":\"https:\/\/www.csj-emballages.com\/pt-pt\/produit\/caixa-de-catering-retangular-de-cartao-branco-60-x-40-x-6-cm-embalagem-de-25\/#primaryimage\"},\"image\":{\"@id\":\"https:\/\/www.csj-emballages.com\/pt-pt\/produit\/caixa-de-catering-retangular-de-cartao-branco-60-x-40-x-6-cm-embalagem-de-25\/#primaryimage\"},\"thumbnailUrl\":\"https:\/\/www.csj-emballages.com\/wp-content\/uploads\/2025\/03\/Boite-traiteur.webp\",\"datePublished\":\"2025-05-14T09:38:31+00:00\",\"dateModified\":\"2026-04-27T00:10:55+00:00\",\"description\":\"Caixa de catering de cart\u00e3o r\u00edgido branco 60x40x6 cm, embalagem de 25, ideal para transportar bolos, tartes e sobremesas com toda a seguran\u00e7a.\",\"breadcrumb\":{\"@id\":\"https:\/\/www.csj-emballages.com\/pt-pt\/produit\/caixa-de-catering-retangular-de-cartao-branco-60-x-40-x-6-cm-embalagem-de-25\/#breadcrumb\"},\"inLanguage\":\"pt-PT\",\"potentialAction\":[{\"@type\":\"ReadAction\",\"target\":[\"https:\/\/www.csj-emballages.com\/pt-pt\/produit\/caixa-de-catering-retangular-de-cartao-branco-60-x-40-x-6-cm-embalagem-de-25\/\"]}]},{\"@type\":\"ImageObject\",\"inLanguage\":\"pt-PT\",\"@id\":\"https:\/\/www.csj-emballages.com\/pt-pt\/produit\/caixa-de-catering-retangular-de-cartao-branco-60-x-40-x-6-cm-embalagem-de-25\/#primaryimage\",\"url\":\"https:\/\/www.csj-emballages.com\/wp-content\/uploads\/2025\/03\/Boite-traiteur.webp\",\"contentUrl\":\"https:\/\/www.csj-emballages.com\/wp-content\/uploads\/2025\/03\/Boite-traiteur.webp\",\"width\":800,\"height\":800,\"caption\":\"boite traiteur\"},{\"@type\":\"BreadcrumbList\",\"@id\":\"https:\/\/www.csj-emballages.com\/pt-pt\/produit\/caixa-de-catering-retangular-de-cartao-branco-60-x-40-x-6-cm-embalagem-de-25\/#breadcrumb\",\"itemListElement\":[{\"@type\":\"ListItem\",\"position\":1,\"name\":\"Acolhimento\",\"item\":\"https:\/\/www.csj-emballages.com\/pt-pt\/universo-das-embalagens-alimentares\/\"},{\"@type\":\"ListItem\",\"position\":2,\"name\":\"Shop\",\"item\":\"https:\/\/www.csj-emballages.com\/shop\/\"},{\"@type\":\"ListItem\",\"position\":3,\"name\":\"Caixa de catering retangular de cart\u00e3o branco 60 x 40 x 6 cm, embalagem de 25\"}]},{\"@type\":\"WebSite\",\"@id\":\"https:\/\/www.csj-emballages.com\/pt-pt\/#website\",\"url\":\"https:\/\/www.csj-emballages.com\/pt-pt\/\",\"name\":\"CSJ Emballages\",\"description\":\"\",\"publisher\":{\"@id\":\"https:\/\/www.csj-emballages.com\/pt-pt\/#organization\"},\"potentialAction\":[{\"@type\":\"SearchAction\",\"target\":{\"@type\":\"EntryPoint\",\"urlTemplate\":\"https:\/\/www.csj-emballages.com\/pt-pt\/?s={search_term_string}\"},\"query-input\":{\"@type\":\"PropertyValueSpecification\",\"valueRequired\":true,\"valueName\":\"search_term_string\"}}],\"inLanguage\":\"pt-PT\"},{\"@type\":\"Organization\",\"@id\":\"https:\/\/www.csj-emballages.com\/pt-pt\/#Organization\/\",\"name\":\"CSJ Emballages\",\"url\":\"https:\/\/www.csj-emballages.com\/pt-pt\/\",\"logo\":{\"@type\":\"ImageObject\",\"inLanguage\":\"pt-PT\",\"@id\":\"https:\/\/www.csj-emballages.com\/pt-pt\/#\/schema\/logo\/image\/\",\"url\":\"https:\/\/www.csj-emballages.com\/wp-content\/uploads\/2023\/10\/logo_csj.webp\",\"contentUrl\":\"https:\/\/www.csj-emballages.com\/wp-content\/uploads\/2023\/10\/logo_csj.webp\",\"width\":250,\"height\":95,\"caption\":\"CSJ Emballages\"},\"image\":{\"@id\":\"https:\/\/www.csj-emballages.com\/pt-pt\/#\/schema\/logo\/image\/\"},\"sameAs\":[\"https:\/\/www.facebook.com\/csjemballages\"],\"address\":{\"@type\":\"PostalAddress\",\"streetAddress\":\"ZI La Lechere\",\"addressLocality\":\"Patornay\",\"postalCode\":\"39130\",\"addressCountry\":\"FR\"},\"contactPoint\":[{\"@type\":\"ContactPoint\",\"contactType\":\"Service client\",\"telephone\":\"0384254272\",\"email\":\"contact@csj-emballages.com\"}]}]}<\/script>\n<!-- \/ Yoast SEO Premium plugin. -->","yoast_head_json":{"title":"Caixa de cart\u00e3o retangular branca para catering 60 x 40 x 6 cm x 25","description":"Caixa de catering de cart\u00e3o r\u00edgido branco 60x40x6 cm, embalagem de 25, ideal para transportar bolos, tartes e sobremesas com toda a seguran\u00e7a.","robots":{"index":"index","follow":"follow","max-snippet":"max-snippet:-1","max-image-preview":"max-image-preview:large","max-video-preview":"max-video-preview:-1"},"canonical":"https:\/\/www.csj-emballages.com\/pt-pt\/produit\/caixa-de-catering-retangular-de-cartao-branco-60-x-40-x-6-cm-embalagem-de-25\/","og_locale":"pt_PT","og_type":"article","og_title":"Caixa de catering retangular de cart\u00e3o branco 60 x 40 x 6 cm, embalagem de 25","og_description":"Caixa de catering de cart\u00e3o r\u00edgido branco 60x40x6 cm, embalagem de 25, ideal para transportar bolos, tartes e sobremesas com toda a seguran\u00e7a.","og_url":"https:\/\/www.csj-emballages.com\/pt-pt\/produit\/caixa-de-catering-retangular-de-cartao-branco-60-x-40-x-6-cm-embalagem-de-25\/","og_site_name":"CSJ Emballages","article_publisher":"https:\/\/www.facebook.com\/csjemballages","article_modified_time":"2026-04-27T00:10:55+00:00","og_image":[{"width":800,"height":800,"url":"https:\/\/www.csj-emballages.com\/wp-content\/uploads\/2025\/03\/Boite-traiteur.webp","type":"image\/webp"}],"twitter_card":"summary_large_image","twitter_misc":{"Tempo estimado de leitura":"2 minutos"},"schema":{"@context":"https:\/\/schema.org","@graph":[{"@type":"WebPage","@id":"https:\/\/www.csj-emballages.com\/pt-pt\/produit\/caixa-de-catering-retangular-de-cartao-branco-60-x-40-x-6-cm-embalagem-de-25\/","url":"https:\/\/www.csj-emballages.com\/pt-pt\/produit\/caixa-de-catering-retangular-de-cartao-branco-60-x-40-x-6-cm-embalagem-de-25\/","name":"Caixa de cart\u00e3o retangular branca para catering 60 x 40 x 6 cm x 25","isPartOf":{"@id":"https:\/\/www.csj-emballages.com\/pt-pt\/#website"},"primaryImageOfPage":{"@id":"https:\/\/www.csj-emballages.com\/pt-pt\/produit\/caixa-de-catering-retangular-de-cartao-branco-60-x-40-x-6-cm-embalagem-de-25\/#primaryimage"},"image":{"@id":"https:\/\/www.csj-emballages.com\/pt-pt\/produit\/caixa-de-catering-retangular-de-cartao-branco-60-x-40-x-6-cm-embalagem-de-25\/#primaryimage"},"thumbnailUrl":"https:\/\/www.csj-emballages.com\/wp-content\/uploads\/2025\/03\/Boite-traiteur.webp","datePublished":"2025-05-14T09:38:31+00:00","dateModified":"2026-04-27T00:10:55+00:00","description":"Caixa de catering de cart\u00e3o r\u00edgido branco 60x40x6 cm, embalagem de 25, ideal para transportar bolos, tartes e sobremesas com toda a seguran\u00e7a.","breadcrumb":{"@id":"https:\/\/www.csj-emballages.com\/pt-pt\/produit\/caixa-de-catering-retangular-de-cartao-branco-60-x-40-x-6-cm-embalagem-de-25\/#breadcrumb"},"inLanguage":"pt-PT","potentialAction":[{"@type":"ReadAction","target":["https:\/\/www.csj-emballages.com\/pt-pt\/produit\/caixa-de-catering-retangular-de-cartao-branco-60-x-40-x-6-cm-embalagem-de-25\/"]}]},{"@type":"ImageObject","inLanguage":"pt-PT","@id":"https:\/\/www.csj-emballages.com\/pt-pt\/produit\/caixa-de-catering-retangular-de-cartao-branco-60-x-40-x-6-cm-embalagem-de-25\/#primaryimage","url":"https:\/\/www.csj-emballages.com\/wp-content\/uploads\/2025\/03\/Boite-traiteur.webp","contentUrl":"https:\/\/www.csj-emballages.com\/wp-content\/uploads\/2025\/03\/Boite-traiteur.webp","width":800,"height":800,"caption":"boite traiteur"},{"@type":"BreadcrumbList","@id":"https:\/\/www.csj-emballages.com\/pt-pt\/produit\/caixa-de-catering-retangular-de-cartao-branco-60-x-40-x-6-cm-embalagem-de-25\/#breadcrumb","itemListElement":[{"@type":"ListItem","position":1,"name":"Acolhimento","item":"https:\/\/www.csj-emballages.com\/pt-pt\/universo-das-embalagens-alimentares\/"},{"@type":"ListItem","position":2,"name":"Shop","item":"https:\/\/www.csj-emballages.com\/shop\/"},{"@type":"ListItem","position":3,"name":"Caixa de catering retangular de cart\u00e3o branco 60 x 40 x 6 cm, embalagem de 25"}]},{"@type":"WebSite","@id":"https:\/\/www.csj-emballages.com\/pt-pt\/#website","url":"https:\/\/www.csj-emballages.com\/pt-pt\/","name":"CSJ Emballages","description":"","publisher":{"@id":"https:\/\/www.csj-emballages.com\/pt-pt\/#organization"},"potentialAction":[{"@type":"SearchAction","target":{"@type":"EntryPoint","urlTemplate":"https:\/\/www.csj-emballages.com\/pt-pt\/?s={search_term_string}"},"query-input":{"@type":"PropertyValueSpecification","valueRequired":true,"valueName":"search_term_string"}}],"inLanguage":"pt-PT"},{"@type":"Organization","@id":"https:\/\/www.csj-emballages.com\/pt-pt\/#Organization\/","name":"CSJ Emballages","url":"https:\/\/www.csj-emballages.com\/pt-pt\/","logo":{"@type":"ImageObject","inLanguage":"pt-PT","@id":"https:\/\/www.csj-emballages.com\/pt-pt\/#\/schema\/logo\/image\/","url":"https:\/\/www.csj-emballages.com\/wp-content\/uploads\/2023\/10\/logo_csj.webp","contentUrl":"https:\/\/www.csj-emballages.com\/wp-content\/uploads\/2023\/10\/logo_csj.webp","width":250,"height":95,"caption":"CSJ Emballages"},"image":{"@id":"https:\/\/www.csj-emballages.com\/pt-pt\/#\/schema\/logo\/image\/"},"sameAs":["https:\/\/www.facebook.com\/csjemballages"],"address":{"@type":"PostalAddress","streetAddress":"ZI La Lechere","addressLocality":"Patornay","postalCode":"39130","addressCountry":"FR"},"contactPoint":[{"@type":"ContactPoint","contactType":"Service client","telephone":"0384254272","email":"contact@csj-emballages.com"}]}]}},"df_price":28.18,"df_sale_price":"","df_regular_price":28.18,"df_image_link":"https:\/\/www.csj-emballages.com\/wp-content\/uploads\/2025\/03\/Boite-traiteur-300x300.webp","tiered_pricing_type":"fixed","tiered_pricing_fixed_rules":[],"tiered_pricing_percentage_rules":[],"tiered_pricing_minimum":1,"tiered_pricing_roles_data":[],"_links":{"self":[{"href":"https:\/\/www.csj-emballages.com\/pt-pt\/wp-json\/wp\/v2\/product\/233081","targetHints":{"allow":["GET"]}}],"collection":[{"href":"https:\/\/www.csj-emballages.com\/pt-pt\/wp-json\/wp\/v2\/product"}],"about":[{"href":"https:\/\/www.csj-emballages.com\/pt-pt\/wp-json\/wp\/v2\/types\/product"}],"wp:featuredmedia":[{"embeddable":true,"href":"https:\/\/www.csj-emballages.com\/pt-pt\/wp-json\/wp\/v2\/media\/233042"}],"wp:attachment":[{"href":"https:\/\/www.csj-emballages.com\/pt-pt\/wp-json\/wp\/v2\/media?parent=233081"}],"wp:term":[{"taxonomy":"product_brand","embeddable":true,"href":"https:\/\/www.csj-emballages.com\/pt-pt\/wp-json\/wp\/v2\/product_brand?post=233081"},{"taxonomy":"product_cat","embeddable":true,"href":"https:\/\/www.csj-emballages.com\/pt-pt\/wp-json\/wp\/v2\/product_cat?post=233081"},{"taxonomy":"product_tag","embeddable":true,"href":"https:\/\/www.csj-emballages.com\/pt-pt\/wp-json\/wp\/v2\/product_tag?post=233081"}],"curies":[{"name":"wp","href":"https:\/\/api.w.org\/{rel}","templated":true}]}}