{"id":23300,"date":"2024-03-01T16:49:26","date_gmt":"2024-03-01T15:49:26","guid":{"rendered":"https:\/\/u15jnbdpoq.preview.infomaniak.website\/produit\/100-em-sapatos-azuis-capas-para-sapatos\/"},"modified":"2026-04-23T02:15:52","modified_gmt":"2026-04-23T00:15:52","slug":"100-em-sapatos-azuis-capas-para-sapatos","status":"publish","type":"product","link":"https:\/\/www.csj-emballages.com\/pt-pt\/produit\/100-em-sapatos-azuis-capas-para-sapatos\/","title":{"rendered":"Sobret\u00e9nis azuis CPE de polietileno por 100"},"content":{"rendered":"<h2>Sobret\u00e9nis azuis<\/h2>\n<hr>\n<h3>Descubra os nossos sobret\u00e9nis azuis CPE de polietileno por 100<\/h3>\n<p><!--more--><\/p>\n<p data-start=\"205\" data-end=\"586\">Estes <strong data-start=\"209\" data-end=\"253\">sobret\u00e9nis azuis em CPE de polietileno<\/strong> s\u00e3o a solu\u00e7\u00e3o simples e eficaz para proteger os pisos e limitar as contamina\u00e7\u00f5es. Colocam-se rapidamente e criam uma barreira imediata entre os sapatos e o ambiente, o que permite manter os espa\u00e7os limpos sem esfor\u00e7o. Desde os primeiros passos, garantem uma prote\u00e7\u00e3o fi\u00e1vel, mantendo-se leves.  <\/p>\n<p data-start=\"588\" data-end=\"961\">Fabricados em <strong data-start=\"602\" data-end=\"622\">polietileno CPE<\/strong>, oferecem uma boa resist\u00eancia \u00e0 humidade e \u00e0 sujidade do quotidiano. O seu <strong>material flex\u00edvel adapta-se ao sapato<\/strong> sem o comprimir, o que torna o uso confort\u00e1vel, mesmo durante desloca\u00e7\u00f5es frequentes. Gra\u00e7as \u00e0 sua <strong data-start=\"845\" data-end=\"861\">cor azul<\/strong>, s\u00e3o facilmente identific\u00e1veis, uma mais-valia nas zonas onde a higiene deve ser controlada.  <\/p>\n<p data-start=\"963\" data-end=\"1350\">Al\u00e9m disso, a sua fixa\u00e7\u00e3o \u00e9 assegurada por um <strong>el\u00e1stico discreto<\/strong>, mas eficaz, que impede que o sobret\u00e9nis escorregue durante a marcha. S\u00e3o perfeitos para ambientes <strong>m\u00e9dicos, laborat\u00f3rios, ind\u00fastrias, visitas a locais<\/strong> <strong>sens\u00edveis<\/strong> ou ainda para os <strong>setores agroalimentares<\/strong>. A sua utiliza\u00e7\u00e3o \u00e9 intuitiva, o que permite poupar tempo \u00e0 entrada das zonas protegidas.  <\/p>\n<p data-start=\"1352\" data-end=\"1644\">Vendidos <strong data-start=\"1360\" data-end=\"1378\">em lote de 100<\/strong>, estes <strong>sobret\u00e9nis<\/strong> satisfazem as necessidades dos profissionais, bem como as utiliza\u00e7\u00f5es pontuais. Armazenam-se facilmente e est\u00e3o sempre prontos a usar. \u00c9 uma solu\u00e7\u00e3o pr\u00e1tica para garantir condi\u00e7\u00f5es de higiene constantes sem multiplicar as restri\u00e7\u00f5es.  <\/p>\n<p data-start=\"1646\" data-end=\"1786\">Em resumo, estes <strong>sobret\u00e9nis azuis<\/strong> combinam simplicidade, efic\u00e1cia e conforto, para uma prote\u00e7\u00e3o discreta, mas indispens\u00e1vel no quotidiano.<\/p>\n<p data-start=\"1518\" data-end=\"1743\"><!--more--><\/p>\n<h4 data-start=\"1518\" data-end=\"1743\">Vantagens :<\/h4>\n<ul>\n<li data-start=\"1771\" data-end=\"1817\"><strong>Material de polietileno<\/strong> leve e resistente.<\/li>\n<li data-start=\"1820\" data-end=\"1843\">R\u00e1pido de instalar.<\/li>\n<li data-start=\"1846\" data-end=\"1877\">Boa fixa\u00e7\u00e3o no cal\u00e7ado.<\/li>\n<li data-start=\"1880\" data-end=\"1920\">Adaptados a diversos ambientes.<\/li>\n<li data-start=\"1923\" data-end=\"1973\">Cor azul, aspeto limpo e profissional.<\/li>\n<li data-start=\"1976\" data-end=\"2005\">Lote econ\u00f3mico de <strong>100 unidades<\/strong>.<\/li>\n<\/ul>\n<p>&nbsp;<\/p>\n<p><!--more--><\/p>\n<h4>Outras informa\u00e7\u00f5es :<\/h4>\n<ul>\n<li><strong>Embalagem<\/strong>: Pacote de 100<\/li>\n<li><strong>Dimens\u00f5es<\/strong>: 17 x 41 cm<\/li>\n<li><strong>Espessura<\/strong>: 25 \u00b5<\/li>\n<li><strong>Cor<\/strong>: azul<\/li>\n<li><strong>Material<\/strong>: Polietileno<\/li>\n<\/ul>\n<p>&nbsp;<\/p>\n<p><!--more--><\/p>\n<p>Estes sobret\u00e9nis azuis tamb\u00e9m est\u00e3o dispon\u00edveis em branco: <span style=\"color: #d12727;\"><a style=\"color: #d12727;\" href=\"https:\/\/www.csj-emballages.com\/produit\/100-sur-chaussures-couvre-chaussures-blanches\/?_gl=1*wv2dl5*_up*MQ..*_ga*MTQ1MjkxNTU4MC4xNzY5Njk2NDAy*_ga_YNVJLRSSZT*czE3Njk2OTY0MDEkbzEkZzAkdDE3Njk2OTY0MDEkajYwJGwwJGgxMDM5NDc5NjA0\">SCHAUBL<\/a><\/span><\/p>\n<p>&nbsp;<\/p>\n<p><!--more--><\/p>\n<p><a href=\"https:\/\/www.csj-emballages.com\/categorie-produit\/hygiene-et-entretiens\/equipements-individuels\/surchaussures\/?_gl=1*joil33*_up*MQ..*_ga*NTY5Mzc2OTM0LjE3Njk2OTYyNzA.*_ga_YNVJLRSSZT*czE3Njk2OTYyNzAkbzEkZzAkdDE3Njk2OTYyNzAkajYwJGwwJGgxMjg2MzU5Nzk2\">Consulte o resto da nossa gama de cobre-sapatos<\/a><\/p>\n","protected":false},"excerpt":{"rendered":"<p>Sobret\u00e9nis azuis Descubra os nossos sobret\u00e9nis azuis CPE de polietileno por 100<\/p>\n","protected":false},"featured_media":262807,"template":"","meta":{"_acf_changed":false},"product_brand":[],"product_cat":[1222,2326,3437],"product_tag":[],"class_list":{"0":"post-23300","1":"product","2":"type-product","3":"status-publish","4":"has-post-thumbnail","6":"product_cat-higiene-e-manutencao","7":"product_cat-equipamento-individual","8":"product_cat-calcado-de-protecao","10":"first","11":"instock","12":"taxable","13":"shipping-taxable","14":"purchasable","15":"product-type-simple"},"acf":[],"yoast_head":"<!-- This site is optimized with the Yoast SEO Premium plugin v26.6 (Yoast SEO v26.6) - https:\/\/yoast.com\/wordpress\/plugins\/seo\/ -->\n<title>Sobret\u00e9nis Azuis CPE de Polietileno por 100<\/title>\n<meta name=\"description\" content=\"Sobret\u00e9nis azuis CPE de polietileno vendidos por 100. Prote\u00e7\u00e3o eficaz dos pisos, coloca\u00e7\u00e3o r\u00e1pida e adequados para ambientes exigentes.\" \/>\n<meta name=\"robots\" content=\"index, follow, max-snippet:-1, max-image-preview:large, max-video-preview:-1\" \/>\n<link rel=\"canonical\" href=\"https:\/\/www.csj-emballages.com\/pt-pt\/produit\/100-em-sapatos-azuis-capas-para-sapatos\/\" \/>\n<meta property=\"og:locale\" content=\"pt_PT\" \/>\n<meta property=\"og:type\" content=\"article\" \/>\n<meta property=\"og:title\" content=\"Sobret\u00e9nis azuis CPE de polietileno por 100\" \/>\n<meta property=\"og:description\" content=\"Sobret\u00e9nis azuis CPE de polietileno vendidos por 100. Prote\u00e7\u00e3o eficaz dos pisos, coloca\u00e7\u00e3o r\u00e1pida e adequados para ambientes exigentes.\" \/>\n<meta property=\"og:url\" content=\"https:\/\/www.csj-emballages.com\/pt-pt\/produit\/100-em-sapatos-azuis-capas-para-sapatos\/\" \/>\n<meta property=\"og:site_name\" content=\"CSJ Emballages\" \/>\n<meta property=\"article:publisher\" content=\"https:\/\/www.facebook.com\/csjemballages\" \/>\n<meta property=\"article:modified_time\" content=\"2026-04-23T00:15:52+00:00\" \/>\n<meta property=\"og:image\" content=\"https:\/\/www.csj-emballages.com\/wp-content\/uploads\/2024\/03\/Surchaussure-bleu.webp\" \/>\n\t<meta property=\"og:image:width\" content=\"800\" \/>\n\t<meta property=\"og:image:height\" content=\"800\" \/>\n\t<meta property=\"og:image:type\" content=\"image\/webp\" \/>\n<meta name=\"twitter:card\" content=\"summary_large_image\" \/>\n<meta name=\"twitter:label1\" content=\"Tempo estimado de leitura\" \/>\n\t<meta name=\"twitter:data1\" content=\"2 minutos\" \/>\n<script type=\"application\/ld+json\" class=\"yoast-schema-graph\">{\"@context\":\"https:\/\/schema.org\",\"@graph\":[{\"@type\":\"WebPage\",\"@id\":\"https:\/\/www.csj-emballages.com\/pt-pt\/produit\/100-em-sapatos-azuis-capas-para-sapatos\/\",\"url\":\"https:\/\/www.csj-emballages.com\/pt-pt\/produit\/100-em-sapatos-azuis-capas-para-sapatos\/\",\"name\":\"Sobret\u00e9nis Azuis CPE de Polietileno por 100\",\"isPartOf\":{\"@id\":\"https:\/\/www.csj-emballages.com\/pt-pt\/#website\"},\"primaryImageOfPage\":{\"@id\":\"https:\/\/www.csj-emballages.com\/pt-pt\/produit\/100-em-sapatos-azuis-capas-para-sapatos\/#primaryimage\"},\"image\":{\"@id\":\"https:\/\/www.csj-emballages.com\/pt-pt\/produit\/100-em-sapatos-azuis-capas-para-sapatos\/#primaryimage\"},\"thumbnailUrl\":\"https:\/\/www.csj-emballages.com\/wp-content\/uploads\/2024\/03\/Surchaussure-bleu.webp\",\"datePublished\":\"2024-03-01T15:49:26+00:00\",\"dateModified\":\"2026-04-23T00:15:52+00:00\",\"description\":\"Sobret\u00e9nis azuis CPE de polietileno vendidos por 100. Prote\u00e7\u00e3o eficaz dos pisos, coloca\u00e7\u00e3o r\u00e1pida e adequados para ambientes exigentes.\",\"breadcrumb\":{\"@id\":\"https:\/\/www.csj-emballages.com\/pt-pt\/produit\/100-em-sapatos-azuis-capas-para-sapatos\/#breadcrumb\"},\"inLanguage\":\"pt-PT\",\"potentialAction\":[{\"@type\":\"ReadAction\",\"target\":[\"https:\/\/www.csj-emballages.com\/pt-pt\/produit\/100-em-sapatos-azuis-capas-para-sapatos\/\"]}]},{\"@type\":\"ImageObject\",\"inLanguage\":\"pt-PT\",\"@id\":\"https:\/\/www.csj-emballages.com\/pt-pt\/produit\/100-em-sapatos-azuis-capas-para-sapatos\/#primaryimage\",\"url\":\"https:\/\/www.csj-emballages.com\/wp-content\/uploads\/2024\/03\/Surchaussure-bleu.webp\",\"contentUrl\":\"https:\/\/www.csj-emballages.com\/wp-content\/uploads\/2024\/03\/Surchaussure-bleu.webp\",\"width\":800,\"height\":800,\"caption\":\"Surchaussure bleu\"},{\"@type\":\"BreadcrumbList\",\"@id\":\"https:\/\/www.csj-emballages.com\/pt-pt\/produit\/100-em-sapatos-azuis-capas-para-sapatos\/#breadcrumb\",\"itemListElement\":[{\"@type\":\"ListItem\",\"position\":1,\"name\":\"Acolhimento\",\"item\":\"https:\/\/www.csj-emballages.com\/pt-pt\/universo-das-embalagens-alimentares\/\"},{\"@type\":\"ListItem\",\"position\":2,\"name\":\"Shop\",\"item\":\"https:\/\/www.csj-emballages.com\/shop\/\"},{\"@type\":\"ListItem\",\"position\":3,\"name\":\"Sobret\u00e9nis azuis CPE de polietileno por 100\"}]},{\"@type\":\"WebSite\",\"@id\":\"https:\/\/www.csj-emballages.com\/pt-pt\/#website\",\"url\":\"https:\/\/www.csj-emballages.com\/pt-pt\/\",\"name\":\"CSJ Emballages\",\"description\":\"\",\"publisher\":{\"@id\":\"https:\/\/www.csj-emballages.com\/pt-pt\/#organization\"},\"potentialAction\":[{\"@type\":\"SearchAction\",\"target\":{\"@type\":\"EntryPoint\",\"urlTemplate\":\"https:\/\/www.csj-emballages.com\/pt-pt\/?s={search_term_string}\"},\"query-input\":{\"@type\":\"PropertyValueSpecification\",\"valueRequired\":true,\"valueName\":\"search_term_string\"}}],\"inLanguage\":\"pt-PT\"},{\"@type\":\"Organization\",\"@id\":\"https:\/\/www.csj-emballages.com\/pt-pt\/#Organization\/\",\"name\":\"CSJ Emballages\",\"url\":\"https:\/\/www.csj-emballages.com\/pt-pt\/\",\"logo\":{\"@type\":\"ImageObject\",\"inLanguage\":\"pt-PT\",\"@id\":\"https:\/\/www.csj-emballages.com\/pt-pt\/#\/schema\/logo\/image\/\",\"url\":\"https:\/\/www.csj-emballages.com\/wp-content\/uploads\/2023\/10\/logo_csj.webp\",\"contentUrl\":\"https:\/\/www.csj-emballages.com\/wp-content\/uploads\/2023\/10\/logo_csj.webp\",\"width\":250,\"height\":95,\"caption\":\"CSJ Emballages\"},\"image\":{\"@id\":\"https:\/\/www.csj-emballages.com\/pt-pt\/#\/schema\/logo\/image\/\"},\"sameAs\":[\"https:\/\/www.facebook.com\/csjemballages\"],\"address\":{\"@type\":\"PostalAddress\",\"streetAddress\":\"ZI La Lechere\",\"addressLocality\":\"Patornay\",\"postalCode\":\"39130\",\"addressCountry\":\"FR\"},\"contactPoint\":[{\"@type\":\"ContactPoint\",\"contactType\":\"Service client\",\"telephone\":\"0384254272\",\"email\":\"contact@csj-emballages.com\"}]}]}<\/script>\n<!-- \/ Yoast SEO Premium plugin. -->","yoast_head_json":{"title":"Sobret\u00e9nis Azuis CPE de Polietileno por 100","description":"Sobret\u00e9nis azuis CPE de polietileno vendidos por 100. Prote\u00e7\u00e3o eficaz dos pisos, coloca\u00e7\u00e3o r\u00e1pida e adequados para ambientes exigentes.","robots":{"index":"index","follow":"follow","max-snippet":"max-snippet:-1","max-image-preview":"max-image-preview:large","max-video-preview":"max-video-preview:-1"},"canonical":"https:\/\/www.csj-emballages.com\/pt-pt\/produit\/100-em-sapatos-azuis-capas-para-sapatos\/","og_locale":"pt_PT","og_type":"article","og_title":"Sobret\u00e9nis azuis CPE de polietileno por 100","og_description":"Sobret\u00e9nis azuis CPE de polietileno vendidos por 100. Prote\u00e7\u00e3o eficaz dos pisos, coloca\u00e7\u00e3o r\u00e1pida e adequados para ambientes exigentes.","og_url":"https:\/\/www.csj-emballages.com\/pt-pt\/produit\/100-em-sapatos-azuis-capas-para-sapatos\/","og_site_name":"CSJ Emballages","article_publisher":"https:\/\/www.facebook.com\/csjemballages","article_modified_time":"2026-04-23T00:15:52+00:00","og_image":[{"width":800,"height":800,"url":"https:\/\/www.csj-emballages.com\/wp-content\/uploads\/2024\/03\/Surchaussure-bleu.webp","type":"image\/webp"}],"twitter_card":"summary_large_image","twitter_misc":{"Tempo estimado de leitura":"2 minutos"},"schema":{"@context":"https:\/\/schema.org","@graph":[{"@type":"WebPage","@id":"https:\/\/www.csj-emballages.com\/pt-pt\/produit\/100-em-sapatos-azuis-capas-para-sapatos\/","url":"https:\/\/www.csj-emballages.com\/pt-pt\/produit\/100-em-sapatos-azuis-capas-para-sapatos\/","name":"Sobret\u00e9nis Azuis CPE de Polietileno por 100","isPartOf":{"@id":"https:\/\/www.csj-emballages.com\/pt-pt\/#website"},"primaryImageOfPage":{"@id":"https:\/\/www.csj-emballages.com\/pt-pt\/produit\/100-em-sapatos-azuis-capas-para-sapatos\/#primaryimage"},"image":{"@id":"https:\/\/www.csj-emballages.com\/pt-pt\/produit\/100-em-sapatos-azuis-capas-para-sapatos\/#primaryimage"},"thumbnailUrl":"https:\/\/www.csj-emballages.com\/wp-content\/uploads\/2024\/03\/Surchaussure-bleu.webp","datePublished":"2024-03-01T15:49:26+00:00","dateModified":"2026-04-23T00:15:52+00:00","description":"Sobret\u00e9nis azuis CPE de polietileno vendidos por 100. Prote\u00e7\u00e3o eficaz dos pisos, coloca\u00e7\u00e3o r\u00e1pida e adequados para ambientes exigentes.","breadcrumb":{"@id":"https:\/\/www.csj-emballages.com\/pt-pt\/produit\/100-em-sapatos-azuis-capas-para-sapatos\/#breadcrumb"},"inLanguage":"pt-PT","potentialAction":[{"@type":"ReadAction","target":["https:\/\/www.csj-emballages.com\/pt-pt\/produit\/100-em-sapatos-azuis-capas-para-sapatos\/"]}]},{"@type":"ImageObject","inLanguage":"pt-PT","@id":"https:\/\/www.csj-emballages.com\/pt-pt\/produit\/100-em-sapatos-azuis-capas-para-sapatos\/#primaryimage","url":"https:\/\/www.csj-emballages.com\/wp-content\/uploads\/2024\/03\/Surchaussure-bleu.webp","contentUrl":"https:\/\/www.csj-emballages.com\/wp-content\/uploads\/2024\/03\/Surchaussure-bleu.webp","width":800,"height":800,"caption":"Surchaussure bleu"},{"@type":"BreadcrumbList","@id":"https:\/\/www.csj-emballages.com\/pt-pt\/produit\/100-em-sapatos-azuis-capas-para-sapatos\/#breadcrumb","itemListElement":[{"@type":"ListItem","position":1,"name":"Acolhimento","item":"https:\/\/www.csj-emballages.com\/pt-pt\/universo-das-embalagens-alimentares\/"},{"@type":"ListItem","position":2,"name":"Shop","item":"https:\/\/www.csj-emballages.com\/shop\/"},{"@type":"ListItem","position":3,"name":"Sobret\u00e9nis azuis CPE de polietileno por 100"}]},{"@type":"WebSite","@id":"https:\/\/www.csj-emballages.com\/pt-pt\/#website","url":"https:\/\/www.csj-emballages.com\/pt-pt\/","name":"CSJ Emballages","description":"","publisher":{"@id":"https:\/\/www.csj-emballages.com\/pt-pt\/#organization"},"potentialAction":[{"@type":"SearchAction","target":{"@type":"EntryPoint","urlTemplate":"https:\/\/www.csj-emballages.com\/pt-pt\/?s={search_term_string}"},"query-input":{"@type":"PropertyValueSpecification","valueRequired":true,"valueName":"search_term_string"}}],"inLanguage":"pt-PT"},{"@type":"Organization","@id":"https:\/\/www.csj-emballages.com\/pt-pt\/#Organization\/","name":"CSJ Emballages","url":"https:\/\/www.csj-emballages.com\/pt-pt\/","logo":{"@type":"ImageObject","inLanguage":"pt-PT","@id":"https:\/\/www.csj-emballages.com\/pt-pt\/#\/schema\/logo\/image\/","url":"https:\/\/www.csj-emballages.com\/wp-content\/uploads\/2023\/10\/logo_csj.webp","contentUrl":"https:\/\/www.csj-emballages.com\/wp-content\/uploads\/2023\/10\/logo_csj.webp","width":250,"height":95,"caption":"CSJ Emballages"},"image":{"@id":"https:\/\/www.csj-emballages.com\/pt-pt\/#\/schema\/logo\/image\/"},"sameAs":["https:\/\/www.facebook.com\/csjemballages"],"address":{"@type":"PostalAddress","streetAddress":"ZI La Lechere","addressLocality":"Patornay","postalCode":"39130","addressCountry":"FR"},"contactPoint":[{"@type":"ContactPoint","contactType":"Service client","telephone":"0384254272","email":"contact@csj-emballages.com"}]}]}},"df_price":2.53,"df_sale_price":"","df_regular_price":2.53,"df_image_link":"https:\/\/www.csj-emballages.com\/wp-content\/uploads\/2024\/03\/Surchaussure-bleu-300x300.webp","tiered_pricing_type":"fixed","tiered_pricing_fixed_rules":[],"tiered_pricing_percentage_rules":[],"tiered_pricing_minimum":1,"tiered_pricing_roles_data":[],"_links":{"self":[{"href":"https:\/\/www.csj-emballages.com\/pt-pt\/wp-json\/wp\/v2\/product\/23300","targetHints":{"allow":["GET"]}}],"collection":[{"href":"https:\/\/www.csj-emballages.com\/pt-pt\/wp-json\/wp\/v2\/product"}],"about":[{"href":"https:\/\/www.csj-emballages.com\/pt-pt\/wp-json\/wp\/v2\/types\/product"}],"wp:featuredmedia":[{"embeddable":true,"href":"https:\/\/www.csj-emballages.com\/pt-pt\/wp-json\/wp\/v2\/media\/262807"}],"wp:attachment":[{"href":"https:\/\/www.csj-emballages.com\/pt-pt\/wp-json\/wp\/v2\/media?parent=23300"}],"wp:term":[{"taxonomy":"product_brand","embeddable":true,"href":"https:\/\/www.csj-emballages.com\/pt-pt\/wp-json\/wp\/v2\/product_brand?post=23300"},{"taxonomy":"product_cat","embeddable":true,"href":"https:\/\/www.csj-emballages.com\/pt-pt\/wp-json\/wp\/v2\/product_cat?post=23300"},{"taxonomy":"product_tag","embeddable":true,"href":"https:\/\/www.csj-emballages.com\/pt-pt\/wp-json\/wp\/v2\/product_tag?post=23300"}],"curies":[{"name":"wp","href":"https:\/\/api.w.org\/{rel}","templated":true}]}}